{"id":25368,"date":"2023-05-15T08:06:27","date_gmt":"2023-05-15T08:06:27","guid":{"rendered":"https:\/\/rollingringdrives.com\/?post_type=product&#038;p=25368"},"modified":"2024-07-24T01:26:36","modified_gmt":"2024-07-24T01:26:36","slug":"rolling-ring-drive-for-22mm-diameter-shaft-model-gp3-22-gp22","status":"publish","type":"product","link":"https:\/\/rollingringdrives.com\/de\/produkt\/rollringantrieb-fur-22mm-durchmesser-welle-modell-gp3-22-gp22\/","title":{"rendered":"Rollringantriebe f\u00fcr Wellen mit 22 mm Durchmesser, Modell GP3-22\/GP22"},"content":{"rendered":"<h2 id=\"traverse20unit20model20rg3-22-2mcrfpx22_2\" class=\"xsj_heading_hash xsj_heading xsj_heading_h2\" data-source-line=\"2\" data-source-line-display=\"true\"><span class=\"xsj_heading_content\">Traverse-Einheit <span style=\"text-decoration: underline;\">Modell GP3-22\/GP22<\/span><\/span><\/h2>\n<p class=\"xsj_paragraph xsj_paragraph_level_0\" data-source-line=\"4\" data-source-line-display=\"true\">Der <strong>Rollringantrieb<\/strong> ist ein hocheffizienter und vielseitiger linearer oder rotierender Bewegungsmechanismus, der f\u00fcr a geeignet ist <strong>22mm Schaft<\/strong>. Seine drei Rollringe sorgen f\u00fcr eine gleichm\u00e4\u00dfige und pr\u00e4zise Bewegung mit einer maximalen Steigung von 16 mm f\u00fcr eine Wellenumdrehung. Dieser Antrieb ist leicht, wiegt nur 2 kg und erzeugt nur 0,3 kg Cm Antriebsdrehmoment, was ihn zu einer idealen L\u00f6sung f\u00fcr verschiedene Anwendungen macht.<\/p>\n<p data-source-line=\"4\" data-source-line-display=\"true\"><div id=\"footable_parent_25373\"\n         class=\"footable_parent ninja_table_wrapper loading_ninja_table wp_table_data_press_parent semantic_ui\">\n                <table data-ninja_table_instance=\"ninja_table_instance_0\" data-footable_id=\"25373\" data-filter-delay=\"1000\" aria-label=\"33 Monate XLSX22 Version (2).csv\"            id=\"footable_25373\"\n           data-unique_identifier=\"ninja_table_unique_id_1994063553_25373\"\n           class=\"foo-table ninja_footable foo_table_25373 ninja_table_unique_id_1994063553_25373 ui table  nt_type_legacy_table selectable striped vertical_centered  footable-paging-right ninja_table_search_disabled ninja_table_pro\">\n                <colgroup>\n                            <col class=\"ninja_column_0\">\n                            <col class=\"ninja_column_1\">\n                    <\/colgroup>\n        <thead>\n<tr class=\"footable-header\">\n                                        <th scope=\"col\"  class=\"ninja_column_0 ninja_clmn_nm_specification\">Spezifikation<\/th><th scope=\"col\"  class=\"ninja_column_1 ninja_clmn_nm_value\">Wert<\/th><\/tr>\n<\/thead>\n<tbody>\n\n        <tr data-row_id=\"15\" class=\"ninja_table_row_0 nt_row_id_15\">\n            <td>Anzahl der Rollringe<\/td><td>3<\/td>        <\/tr>\n            <tr data-row_id=\"16\" class=\"ninja_table_row_1 nt_row_id_16\">\n            <td>Maximaler Seitenschub<\/td><td>16 kg \/ 160 N<\/td>        <\/tr>\n            <tr data-row_id=\"17\" class=\"ninja_table_row_2 nt_row_id_17\">\n            <td>Maximale Tonh\u00f6he<\/td><td>16 mm<\/td>        <\/tr>\n            <tr data-row_id=\"18\" class=\"ninja_table_row_3 nt_row_id_18\">\n            <td>Maximale Wellengeschwindigkeit<\/td><td>1500 U\/min<\/td>        <\/tr>\n            <tr data-row_id=\"19\" class=\"ninja_table_row_4 nt_row_id_19\">\n            <td>Maximale lineare Geschwindigkeit<\/td><td>27 Meter\/Minute<\/td>        <\/tr>\n            <tr data-row_id=\"20\" class=\"ninja_table_row_5 nt_row_id_20\">\n            <td>Gewicht<\/td><td>2 KG<\/td>        <\/tr>\n            <tr data-row_id=\"21\" class=\"ninja_table_row_6 nt_row_id_21\">\n            <td>Antriebsdrehmoment<\/td><td>0,3 kg cm<\/td>        <\/tr>\n    <\/tbody><!--ninja_tobody_rendering_done-->\n    <\/table>\n    \n    \n    \n<\/div>\n<\/p>\n<div class=\"xiaoshujiang_element xsj_anchor\"><a class=\"blank_anchor_name\" name=\"applications_3\"><\/a><a id=\"applications_3\" class=\"blank_anchor_id\"><\/a><a class=\"blank_anchor_name\" name=\"applications\"><\/a><a id=\"applications\" class=\"blank_anchor_id\"><\/a><\/div>\n<h2 id=\"applications_3\" class=\"xsj_heading_hash xsj_heading xsj_heading_h2\" data-source-line=\"6\" data-source-line-display=\"true\"><span class=\"xsj_heading_content\">Anwendungen:<\/span><\/h2>\n<p class=\"xsj_paragraph xsj_paragraph_level_0\" data-source-line=\"8\" data-source-line-display=\"true\">Die Rollringantriebe f\u00fcr eine Welle mit 22 mm Durchmesser eignen sich f\u00fcr eine Vielzahl von Anwendungen, darunter:<\/p>\n<ol>\n<li class=\"xsj_paragraph xsj_paragraph_level_0\" data-source-line=\"8\" data-source-line-display=\"true\">Automatisierungsger\u00e4te.<\/li>\n<li class=\"xsj_paragraph xsj_paragraph_level_0\" data-source-line=\"8\" data-source-line-display=\"true\">Verpackungsmaschine.<\/li>\n<li class=\"xsj_paragraph xsj_paragraph_level_0\" data-source-line=\"8\" data-source-line-display=\"true\">Halbleiterfertigung.<\/li>\n<li class=\"xsj_paragraph xsj_paragraph_level_0\" data-source-line=\"8\" data-source-line-display=\"true\">Medizinische Ausr\u00fcstung.<\/li>\n<li class=\"xsj_paragraph xsj_paragraph_level_0\" data-source-line=\"8\" data-source-line-display=\"true\">Robotik.<\/li>\n<li class=\"xsj_paragraph xsj_paragraph_level_0\" data-source-line=\"8\" data-source-line-display=\"true\">Optische Ausr\u00fcstung.<\/li>\n<li class=\"xsj_paragraph xsj_paragraph_level_0\" data-source-line=\"8\" data-source-line-display=\"true\">Druckmaschinen.<\/li>\n<li class=\"xsj_paragraph xsj_paragraph_level_0\" data-source-line=\"8\" data-source-line-display=\"true\">Laborausr\u00fcstung.<\/li>\n<\/ol>\n<div class=\"xiaoshujiang_element xsj_anchor\"><a class=\"blank_anchor_name\" name=\"faqs_4\"><\/a><a id=\"faqs_4\" class=\"blank_anchor_id\"><\/a><a class=\"blank_anchor_name\" name=\"faqs\"><\/a><a id=\"faqs\" class=\"blank_anchor_id\"><\/a><\/div>\n<h2 id=\"faqs_4\" class=\"xsj_heading_hash xsj_heading xsj_heading_h2\" data-source-line=\"18\" data-source-line-display=\"true\"><span class=\"xsj_heading_content\">FAQs:<\/span><\/h2>\n<p class=\"xsj_paragraph xsj_paragraph_level_0\" data-source-line=\"20\" data-source-line-display=\"true\"><strong class=\"markdown_strong_asterisk\">1. Wie gro\u00df ist der maximale Seitenschub f\u00fcr die Rollringantriebe bei einer Welle mit 22 mm Durchmesser?<\/strong><br \/>\nDer maximale Seitenschub betr\u00e4gt 16 kg\/160 N.<\/p>\n<p class=\"xsj_paragraph xsj_paragraph_level_0\" data-source-line=\"23\" data-source-line-display=\"true\"><strong class=\"markdown_strong_asterisk\">2. Wie gro\u00df ist die maximale Steigung des Rolling Ring Drive?<\/strong><br \/>\nDie maximale Steigung betr\u00e4gt 16 mm f\u00fcr eine Umdrehung der Welle.<\/p>\n<p class=\"xsj_paragraph xsj_paragraph_level_0\" data-source-line=\"26\" data-source-line-display=\"true\"><strong class=\"markdown_strong_asterisk\">3. Wie hoch ist die maximale Wellengeschwindigkeit f\u00fcr den Rollringantrieb?<\/strong><br \/>\nDie maximale Wellengeschwindigkeit betr\u00e4gt 1500 U\/min.<\/p>\n<p class=\"xsj_paragraph xsj_paragraph_level_0\" data-source-line=\"29\" data-source-line-display=\"true\"><strong class=\"markdown_strong_asterisk\">4. Wie hoch ist die maximale Lineargeschwindigkeit f\u00fcr den Rollringantrieb?<\/strong><br \/>\nDie maximale lineare Geschwindigkeit betr\u00e4gt 27 Meter\/Minute.<\/p>\n<p class=\"xsj_paragraph xsj_paragraph_level_0\" data-source-line=\"32\" data-source-line-display=\"true\"><strong class=\"markdown_strong_asterisk\">5. Wie schwer ist der Rollringantrieb?<\/strong><br \/>\nDer Rolling Ring Drive wiegt nur 2 kg.<\/p>","protected":false},"excerpt":{"rendered":"<h2 id=\"features_3\" class=\"xsj_heading_hash xsj_heading xsj_heading_h2\" data-source-line=\"6\" data-source-line-display=\"true\"><span class=\"xsj_heading_content\">Merkmale:<\/span><\/h2>\n<ol>\n<li class=\"xsj_paragraph xsj_paragraph_level_0\" data-source-line=\"8\" data-source-line-display=\"true\">Drei Rollringe f\u00fcr sanfte und pr\u00e4zise Bewegung.<\/li>\n<li class=\"xsj_paragraph xsj_paragraph_level_0\" data-source-line=\"8\" data-source-line-display=\"true\">Passend f\u00fcr eine Welle mit 22 mm Durchmesser.<\/li>\n<li class=\"xsj_paragraph xsj_paragraph_level_0\" data-source-line=\"8\" data-source-line-display=\"true\">Maximaler Seitenschub von 16 kg\/160 N.<\/li>\n<li class=\"xsj_paragraph xsj_paragraph_level_0\" data-source-line=\"8\" data-source-line-display=\"true\">Die maximale Steigung betr\u00e4gt 16 mm f\u00fcr eine Umdrehung der Welle.<\/li>\n<li class=\"xsj_paragraph xsj_paragraph_level_0\" data-source-line=\"8\" data-source-line-display=\"true\">Maximale Wellengeschwindigkeit von 1500 U\/min.<\/li>\n<li class=\"xsj_paragraph xsj_paragraph_level_0\" data-source-line=\"8\" data-source-line-display=\"true\">Die maximale lineare Geschwindigkeit betr\u00e4gt 27 Meter\/Minute.<\/li>\n<li class=\"xsj_paragraph xsj_paragraph_level_0\" data-source-line=\"8\" data-source-line-display=\"true\">Leichtes und kompaktes Design.<\/li>\n<li class=\"xsj_paragraph xsj_paragraph_level_0\" data-source-line=\"8\" data-source-line-display=\"true\">Erzeugt nur 0,3 kg cm Antriebsdrehmoment.<\/li>\n<\/ol>","protected":false},"featured_media":31597,"template":"","meta":{"site-sidebar-layout":"default","site-content-layout":"default","ast-global-header-display":"","ast-banner-title-visibility":"","ast-main-header-display":"","ast-hfb-above-header-display":"","ast-hfb-below-header-display":"","ast-hfb-mobile-header-display":"","site-post-title":"","ast-breadcrumbs-content":"","ast-featured-img":"","footer-sml-layout":"","theme-transparent-header-meta":"default","adv-header-id-meta":"","stick-header-meta":"","header-above-stick-meta":"","header-main-stick-meta":"","header-below-stick-meta":""},"product_brand":[],"product_cat":[34,35],"product_tag":[],"class_list":{"0":"post-25368","1":"product","2":"type-product","3":"status-publish","4":"has-post-thumbnail","6":"product_cat-rolling-ring-drive","7":"product_cat-a-type","8":"desktop-align-left","9":"tablet-align-left","10":"mobile-align-left","12":"first","13":"instock","14":"shipping-taxable","15":"product-type-simple"},"yoast_head":"<!-- This site is optimized with the Yoast SEO Premium plugin v20.12 (Yoast SEO v26.0) - https:\/\/yoast.com\/wordpress\/plugins\/seo\/ -->\n<title>Rolling Ring Drives for 22mm Diameter Shaft Model GP3-22\/GP22 - QiPang<\/title>\n<meta name=\"description\" content=\"Get smooth and accurate linear or rotary motion with our Rolling Ring Drives for a 22mm Diameter Shaft. Lightweight, efficient &amp; versatile. Order now!\" \/>\n<meta name=\"robots\" content=\"index, follow, max-snippet:-1, max-image-preview:large, max-video-preview:-1\" \/>\n<link rel=\"canonical\" href=\"https:\/\/rollingringdrives.com\/de\/produkt\/rollringantrieb-fur-22mm-durchmesser-welle-modell-gp3-22-gp22\/\" \/>\n<meta property=\"og:locale\" content=\"de_DE\" \/>\n<meta property=\"og:type\" content=\"article\" \/>\n<meta property=\"og:title\" content=\"Rolling Ring Drives for 22mm Diameter Shaft Model GP3-22\/GP22\" \/>\n<meta property=\"og:description\" content=\"Get smooth and accurate linear or rotary motion with our Rolling Ring Drives for a 22mm Diameter Shaft. Lightweight, efficient &amp; versatile. Order now!\" \/>\n<meta property=\"og:url\" content=\"https:\/\/rollingringdrives.com\/de\/produkt\/rollringantrieb-fur-22mm-durchmesser-welle-modell-gp3-22-gp22\/\" \/>\n<meta property=\"og:site_name\" content=\"QiPang\" \/>\n<meta property=\"article:modified_time\" content=\"2024-07-24T01:26:36+00:00\" \/>\n<meta property=\"og:image\" content=\"https:\/\/rollingringdrives.com\/wp-content\/uploads\/2023\/05\/3.QPX22A-2.png\" \/>\n\t<meta property=\"og:image:width\" content=\"800\" \/>\n\t<meta property=\"og:image:height\" content=\"800\" \/>\n\t<meta property=\"og:image:type\" content=\"image\/png\" \/>\n<meta name=\"twitter:card\" content=\"summary_large_image\" \/>\n<meta name=\"twitter:label1\" content=\"Gesch\u00e4tzte Lesezeit\" \/>\n\t<meta name=\"twitter:data1\" content=\"2\u00a0Minuten\" \/>\n<script type=\"application\/ld+json\" class=\"yoast-schema-graph\">{\"@context\":\"https:\/\/schema.org\",\"@graph\":[{\"@type\":\"WebPage\",\"@id\":\"https:\/\/rollingringdrives.com\/product\/rolling-ring-drive-for-22mm-diameter-shaft-model-gp3-22-gp22\/\",\"url\":\"https:\/\/rollingringdrives.com\/product\/rolling-ring-drive-for-22mm-diameter-shaft-model-gp3-22-gp22\/\",\"name\":\"Rolling Ring Drives for 22mm Diameter Shaft Model GP3-22\/GP22 - QiPang\",\"isPartOf\":{\"@id\":\"https:\/\/rollingringdrives.com\/#website\"},\"primaryImageOfPage\":{\"@id\":\"https:\/\/rollingringdrives.com\/product\/rolling-ring-drive-for-22mm-diameter-shaft-model-gp3-22-gp22\/#primaryimage\"},\"image\":{\"@id\":\"https:\/\/rollingringdrives.com\/product\/rolling-ring-drive-for-22mm-diameter-shaft-model-gp3-22-gp22\/#primaryimage\"},\"thumbnailUrl\":\"https:\/\/rollingringdrives.com\/wp-content\/uploads\/2023\/05\/3.QPX22A-2.png\",\"datePublished\":\"2023-05-15T08:06:27+00:00\",\"dateModified\":\"2024-07-24T01:26:36+00:00\",\"description\":\"Get smooth and accurate linear or rotary motion with our Rolling Ring Drives for a 22mm Diameter Shaft. Lightweight, efficient & versatile. Order now!\",\"breadcrumb\":{\"@id\":\"https:\/\/rollingringdrives.com\/product\/rolling-ring-drive-for-22mm-diameter-shaft-model-gp3-22-gp22\/#breadcrumb\"},\"inLanguage\":\"de\",\"potentialAction\":[{\"@type\":\"ReadAction\",\"target\":[\"https:\/\/rollingringdrives.com\/product\/rolling-ring-drive-for-22mm-diameter-shaft-model-gp3-22-gp22\/\"]}]},{\"@type\":\"ImageObject\",\"inLanguage\":\"de\",\"@id\":\"https:\/\/rollingringdrives.com\/product\/rolling-ring-drive-for-22mm-diameter-shaft-model-gp3-22-gp22\/#primaryimage\",\"url\":\"https:\/\/rollingringdrives.com\/wp-content\/uploads\/2023\/05\/3.QPX22A-2.png\",\"contentUrl\":\"https:\/\/rollingringdrives.com\/wp-content\/uploads\/2023\/05\/3.QPX22A-2.png\",\"width\":800,\"height\":800},{\"@type\":\"BreadcrumbList\",\"@id\":\"https:\/\/rollingringdrives.com\/product\/rolling-ring-drive-for-22mm-diameter-shaft-model-gp3-22-gp22\/#breadcrumb\",\"itemListElement\":[{\"@type\":\"ListItem\",\"position\":1,\"name\":\"Home\",\"item\":\"https:\/\/rollingringdrives.com\/\"},{\"@type\":\"ListItem\",\"position\":2,\"name\":\"Machines\",\"item\":\"https:\/\/rollingringdrives.com\/machines\/\"},{\"@type\":\"ListItem\",\"position\":3,\"name\":\"Rolling Ring Drives for 22mm Diameter Shaft Model GP3-22\/GP22\"}]},{\"@type\":\"WebSite\",\"@id\":\"https:\/\/rollingringdrives.com\/#website\",\"url\":\"https:\/\/rollingringdrives.com\/\",\"name\":\"QiPang\",\"description\":\"QiPang Blog\",\"publisher\":{\"@id\":\"https:\/\/rollingringdrives.com\/#organization\"},\"potentialAction\":[{\"@type\":\"SearchAction\",\"target\":{\"@type\":\"EntryPoint\",\"urlTemplate\":\"https:\/\/rollingringdrives.com\/?s={search_term_string}\"},\"query-input\":{\"@type\":\"PropertyValueSpecification\",\"valueRequired\":true,\"valueName\":\"search_term_string\"}}],\"inLanguage\":\"de\"},{\"@type\":\"Organization\",\"@id\":\"https:\/\/rollingringdrives.com\/#organization\",\"name\":\"QiPang\",\"url\":\"https:\/\/rollingringdrives.com\/\",\"logo\":{\"@type\":\"ImageObject\",\"inLanguage\":\"de\",\"@id\":\"https:\/\/rollingringdrives.com\/#\/schema\/logo\/image\/\",\"url\":\"https:\/\/rollingringdrives.com\/wp-content\/uploads\/2023\/05\/cropped-\u672a\u547d\u540d\u7684\u8bbe\u8ba1.png\",\"contentUrl\":\"https:\/\/rollingringdrives.com\/wp-content\/uploads\/2023\/05\/cropped-\u672a\u547d\u540d\u7684\u8bbe\u8ba1.png\",\"width\":300,\"height\":191,\"caption\":\"QiPang\"},\"image\":{\"@id\":\"https:\/\/rollingringdrives.com\/#\/schema\/logo\/image\/\"}}]}<\/script>\n<!-- \/ Yoast SEO Premium plugin. -->","yoast_head_json":{"title":"Rollringantriebe f\u00fcr Wellen mit 22 mm Durchmesser, Modell GP3-22\/GP22 \u2013 QiPang","description":"Erzielen Sie sanfte und pr\u00e4zise lineare oder rotierende Bewegungen mit unseren Rollringantrieben f\u00fcr eine Welle mit 22 mm Durchmesser. Leicht, effizient und vielseitig. Jetzt bestellen!","robots":{"index":"index","follow":"follow","max-snippet":"max-snippet:-1","max-image-preview":"max-image-preview:large","max-video-preview":"max-video-preview:-1"},"canonical":"https:\/\/rollingringdrives.com\/de\/produkt\/rollringantrieb-fur-22mm-durchmesser-welle-modell-gp3-22-gp22\/","og_locale":"de_DE","og_type":"article","og_title":"Rolling Ring Drives for 22mm Diameter Shaft Model GP3-22\/GP22","og_description":"Get smooth and accurate linear or rotary motion with our Rolling Ring Drives for a 22mm Diameter Shaft. Lightweight, efficient & versatile. Order now!","og_url":"https:\/\/rollingringdrives.com\/de\/produkt\/rollringantrieb-fur-22mm-durchmesser-welle-modell-gp3-22-gp22\/","og_site_name":"QiPang","article_modified_time":"2024-07-24T01:26:36+00:00","og_image":[{"width":800,"height":800,"url":"https:\/\/rollingringdrives.com\/wp-content\/uploads\/2023\/05\/3.QPX22A-2.png","type":"image\/png"}],"twitter_card":"summary_large_image","twitter_misc":{"Gesch\u00e4tzte Lesezeit":"2\u00a0Minuten"},"schema":{"@context":"https:\/\/schema.org","@graph":[{"@type":"WebPage","@id":"https:\/\/rollingringdrives.com\/product\/rolling-ring-drive-for-22mm-diameter-shaft-model-gp3-22-gp22\/","url":"https:\/\/rollingringdrives.com\/product\/rolling-ring-drive-for-22mm-diameter-shaft-model-gp3-22-gp22\/","name":"Rollringantriebe f\u00fcr Wellen mit 22 mm Durchmesser, Modell GP3-22\/GP22 \u2013 QiPang","isPartOf":{"@id":"https:\/\/rollingringdrives.com\/#website"},"primaryImageOfPage":{"@id":"https:\/\/rollingringdrives.com\/product\/rolling-ring-drive-for-22mm-diameter-shaft-model-gp3-22-gp22\/#primaryimage"},"image":{"@id":"https:\/\/rollingringdrives.com\/product\/rolling-ring-drive-for-22mm-diameter-shaft-model-gp3-22-gp22\/#primaryimage"},"thumbnailUrl":"https:\/\/rollingringdrives.com\/wp-content\/uploads\/2023\/05\/3.QPX22A-2.png","datePublished":"2023-05-15T08:06:27+00:00","dateModified":"2024-07-24T01:26:36+00:00","description":"Erzielen Sie sanfte und pr\u00e4zise lineare oder rotierende Bewegungen mit unseren Rollringantrieben f\u00fcr eine Welle mit 22 mm Durchmesser. Leicht, effizient und vielseitig. Jetzt bestellen!","breadcrumb":{"@id":"https:\/\/rollingringdrives.com\/product\/rolling-ring-drive-for-22mm-diameter-shaft-model-gp3-22-gp22\/#breadcrumb"},"inLanguage":"de","potentialAction":[{"@type":"ReadAction","target":["https:\/\/rollingringdrives.com\/product\/rolling-ring-drive-for-22mm-diameter-shaft-model-gp3-22-gp22\/"]}]},{"@type":"ImageObject","inLanguage":"de","@id":"https:\/\/rollingringdrives.com\/product\/rolling-ring-drive-for-22mm-diameter-shaft-model-gp3-22-gp22\/#primaryimage","url":"https:\/\/rollingringdrives.com\/wp-content\/uploads\/2023\/05\/3.QPX22A-2.png","contentUrl":"https:\/\/rollingringdrives.com\/wp-content\/uploads\/2023\/05\/3.QPX22A-2.png","width":800,"height":800},{"@type":"BreadcrumbList","@id":"https:\/\/rollingringdrives.com\/product\/rolling-ring-drive-for-22mm-diameter-shaft-model-gp3-22-gp22\/#breadcrumb","itemListElement":[{"@type":"ListItem","position":1,"name":"Home","item":"https:\/\/rollingringdrives.com\/"},{"@type":"ListItem","position":2,"name":"Machines","item":"https:\/\/rollingringdrives.com\/machines\/"},{"@type":"ListItem","position":3,"name":"Rolling Ring Drives for 22mm Diameter Shaft Model GP3-22\/GP22"}]},{"@type":"WebSite","@id":"https:\/\/rollingringdrives.com\/#website","url":"https:\/\/rollingringdrives.com\/","name":"QiPang","description":"QiPang-Blog","publisher":{"@id":"https:\/\/rollingringdrives.com\/#organization"},"potentialAction":[{"@type":"SearchAction","target":{"@type":"EntryPoint","urlTemplate":"https:\/\/rollingringdrives.com\/?s={search_term_string}"},"query-input":{"@type":"PropertyValueSpecification","valueRequired":true,"valueName":"search_term_string"}}],"inLanguage":"de"},{"@type":"Organization","@id":"https:\/\/rollingringdrives.com\/#organization","name":"QiPang","url":"https:\/\/rollingringdrives.com\/","logo":{"@type":"ImageObject","inLanguage":"de","@id":"https:\/\/rollingringdrives.com\/#\/schema\/logo\/image\/","url":"https:\/\/rollingringdrives.com\/wp-content\/uploads\/2023\/05\/cropped-\u672a\u547d\u540d\u7684\u8bbe\u8ba1.png","contentUrl":"https:\/\/rollingringdrives.com\/wp-content\/uploads\/2023\/05\/cropped-\u672a\u547d\u540d\u7684\u8bbe\u8ba1.png","width":300,"height":191,"caption":"QiPang"},"image":{"@id":"https:\/\/rollingringdrives.com\/#\/schema\/logo\/image\/"}}]}},"_links":{"self":[{"href":"https:\/\/rollingringdrives.com\/de\/wp-json\/wp\/v2\/product\/25368","targetHints":{"allow":["GET"]}}],"collection":[{"href":"https:\/\/rollingringdrives.com\/de\/wp-json\/wp\/v2\/product"}],"about":[{"href":"https:\/\/rollingringdrives.com\/de\/wp-json\/wp\/v2\/types\/product"}],"version-history":[{"count":0,"href":"https:\/\/rollingringdrives.com\/de\/wp-json\/wp\/v2\/product\/25368\/revisions"}],"wp:featuredmedia":[{"embeddable":true,"href":"https:\/\/rollingringdrives.com\/de\/wp-json\/wp\/v2\/media\/31597"}],"wp:attachment":[{"href":"https:\/\/rollingringdrives.com\/de\/wp-json\/wp\/v2\/media?parent=25368"}],"wp:term":[{"taxonomy":"product_brand","embeddable":true,"href":"https:\/\/rollingringdrives.com\/de\/wp-json\/wp\/v2\/product_brand?post=25368"},{"taxonomy":"product_cat","embeddable":true,"href":"https:\/\/rollingringdrives.com\/de\/wp-json\/wp\/v2\/product_cat?post=25368"},{"taxonomy":"product_tag","embeddable":true,"href":"https:\/\/rollingringdrives.com\/de\/wp-json\/wp\/v2\/product_tag?post=25368"}],"curies":[{"name":"wp","href":"https:\/\/api.w.org\/{rel}","templated":true}]}}