{"id":25413,"date":"2023-05-15T09:24:11","date_gmt":"2023-05-15T09:24:11","guid":{"rendered":"https:\/\/rollingringdrives.com\/?post_type=product&#038;p=25413"},"modified":"2024-07-24T03:47:20","modified_gmt":"2024-07-24T03:47:20","slug":"rolling-ring-drive-for-40mm-diameter-shaft-model-gp3-40-gp40","status":"publish","type":"product","link":"https:\/\/rollingringdrives.com\/de\/produkt\/rollringantrieb-fur-wellenmodell-mit-40-mm-durchmesser-modell-gp3-40-gp40\/","title":{"rendered":"Rollringantrieb f\u00fcr Welle mit 40 mm Durchmesser, Modell GP3-40\/GP40"},"content":{"rendered":"<h2 id=\"traverse20unit20model20rg3-40-2mcrfpx40_2\" class=\"xsj_heading_hash xsj_heading xsj_heading_h2\" data-source-line=\"2\" data-source-line-display=\"true\"><span class=\"xsj_heading_content\">Traverse-Einheit <span style=\"text-decoration: underline;\">Modell GP3-40\/GP40<\/span><\/span><\/h2>\n<p class=\"xsj_paragraph xsj_paragraph_level_0\" data-source-line=\"4\" data-source-line-display=\"true\">Der <strong>Traverseneinheit Modell GP3-40\/GP40<\/strong>\u00a0ist ein Hochleistungs-Rollringantrieb f\u00fcr a <strong>Schaft mit 40 mm Durchmesser<\/strong>. Mit drei Rollringen und einem maximalen Seitenschub von 42 kg erm\u00f6glicht diese Einheit eine sanfte lineare Bewegung f\u00fcr eine Wellenumdrehung bei Einstellung zehn auf dem Zifferblatt. Die maximale Wellengeschwindigkeit von 750 U\/min und die maximale Lineargeschwindigkeit von 23,25 Metern pro Minute machen dieses Produkt zu einer effizienten Wahl f\u00fcr verschiedene Anwendungen.<\/p>\n<p data-source-line=\"4\" data-source-line-display=\"true\"><div id=\"footable_parent_25415\"\n         class=\"footable_parent ninja_table_wrapper loading_ninja_table wp_table_data_press_parent semantic_ui\">\n                <table data-ninja_table_instance=\"ninja_table_instance_0\" data-footable_id=\"25415\" data-filter-delay=\"1000\" aria-label=\"66 Monate XLSX22 Version (2).csv\"            id=\"footable_25415\"\n           data-unique_identifier=\"ninja_table_unique_id_2145089364_25415\"\n           class=\"foo-table ninja_footable foo_table_25415 ninja_table_unique_id_2145089364_25415 ui table  nt_type_legacy_table selectable striped vertical_centered  footable-paging-right ninja_table_search_disabled ninja_table_pro\">\n                <colgroup>\n                            <col class=\"ninja_column_0\">\n                            <col class=\"ninja_column_1\">\n                    <\/colgroup>\n        <thead>\n<tr class=\"footable-header\">\n                                        <th scope=\"col\"  class=\"ninja_column_0 ninja_clmn_nm_specification\">Spezifikation<\/th><th scope=\"col\"  class=\"ninja_column_1 ninja_clmn_nm_value\">Wert<\/th><\/tr>\n<\/thead>\n<tbody>\n\n        <tr data-row_id=\"36\" class=\"ninja_table_row_0 nt_row_id_36\">\n            <td>Anzahl der Rollringe<\/td><td>3<\/td>        <\/tr>\n            <tr data-row_id=\"37\" class=\"ninja_table_row_1 nt_row_id_37\">\n            <td>Maximaler Seitenschub<\/td><td>42 kg<\/td>        <\/tr>\n            <tr data-row_id=\"38\" class=\"ninja_table_row_2 nt_row_id_38\">\n            <td>Maximale Tonh\u00f6he<\/td><td>31 mm<\/td>        <\/tr>\n            <tr data-row_id=\"39\" class=\"ninja_table_row_3 nt_row_id_39\">\n            <td>Maximale Wellengeschwindigkeit<\/td><td>750 U\/min<\/td>        <\/tr>\n            <tr data-row_id=\"40\" class=\"ninja_table_row_4 nt_row_id_40\">\n            <td>Maximale lineare Geschwindigkeit<\/td><td>23,25 Meter\/Minute<\/td>        <\/tr>\n            <tr data-row_id=\"41\" class=\"ninja_table_row_5 nt_row_id_41\">\n            <td>Gewicht<\/td><td>5,5 KG<\/td>        <\/tr>\n            <tr data-row_id=\"42\" class=\"ninja_table_row_6 nt_row_id_42\">\n            <td>Antriebsdrehmoment<\/td><td>3,5 kg cm<\/td>        <\/tr>\n    <\/tbody><!--ninja_tobody_rendering_done-->\n    <\/table>\n    \n    \n    \n<\/div>\n<\/p>\n<figure id=\"attachment_27223\" aria-describedby=\"caption-attachment-27223\" style=\"width: 1024px\" class=\"wp-caption alignnone\"><img fetchpriority=\"high\" decoding=\"async\" class=\"wp-image-27223 size-large\" src=\"https:\/\/rollingringdrives.com\/wp-content\/uploads\/2023\/05\/50\u88c5\u914d\u5916\u5f62\u5c3a\u5bf8\u56fe_00-1024x724.png\" alt=\"Ma\u00dfzeichnung der Traverseneinheit Modell GP3-50\/GP50\" width=\"1024\" height=\"724\" srcset=\"https:\/\/rollingringdrives.com\/wp-content\/uploads\/2023\/05\/50\u88c5\u914d\u5916\u5f62\u5c3a\u5bf8\u56fe_00-1024x724.png 1024w, https:\/\/rollingringdrives.com\/wp-content\/uploads\/2023\/05\/50\u88c5\u914d\u5916\u5f62\u5c3a\u5bf8\u56fe_00-300x212.png 300w, https:\/\/rollingringdrives.com\/wp-content\/uploads\/2023\/05\/50\u88c5\u914d\u5916\u5f62\u5c3a\u5bf8\u56fe_00-768x543.png 768w, https:\/\/rollingringdrives.com\/wp-content\/uploads\/2023\/05\/50\u88c5\u914d\u5916\u5f62\u5c3a\u5bf8\u56fe_00-1536x1086.png 1536w, https:\/\/rollingringdrives.com\/wp-content\/uploads\/2023\/05\/50\u88c5\u914d\u5916\u5f62\u5c3a\u5bf8\u56fe_00-2048x1448.png 2048w, https:\/\/rollingringdrives.com\/wp-content\/uploads\/2023\/05\/50\u88c5\u914d\u5916\u5f62\u5c3a\u5bf8\u56fe_00-600x424.png 600w\" sizes=\"(max-width: 1024px) 100vw, 1024px\" \/><figcaption id=\"caption-attachment-27223\" class=\"wp-caption-text\">Ma\u00dfzeichnung der Traverseneinheit Modell GP3-50\/GP50<\/figcaption><\/figure>\n<p data-source-line=\"4\" data-source-line-display=\"true\"><a href=\"https:\/\/rollingringdrives.com\/wp-content\/uploads\/2023\/05\/Instruction-manual.pdf\" target=\"_blank\" rel=\"noopener\">Handbuch herunterladen\u2193<\/a><\/p>\n<div class=\"xiaoshujiang_element xsj_anchor\"><a class=\"blank_anchor_name\" name=\"applications_3\"><\/a><a id=\"applications_3\" class=\"blank_anchor_id\"><\/a><a class=\"blank_anchor_name\" name=\"applications\"><\/a><a id=\"applications\" class=\"blank_anchor_id\"><\/a><\/div>\n<h2 id=\"applications_3\" class=\"xsj_heading_hash xsj_heading xsj_heading_h2\" data-source-line=\"6\" data-source-line-display=\"true\"><span class=\"xsj_heading_content\">Anwendungen:<\/span><\/h2>\n<p class=\"xsj_paragraph xsj_paragraph_level_0\" data-source-line=\"8\" data-source-line-display=\"true\">Dieser Rollringantrieb mit Traverseneinheit ist ideal f\u00fcr verschiedene Anwendungen wie Indexieren, Schneiden, Etikettieren, Wickeln und Positionieren. Es kann auch in anderen komplexen Fertigungssystemen eingesetzt werden, die effiziente, leistungsstarke lineare oder rotierende Bewegungen erfordern. Dieses Produkt kann in medizinischen Ger\u00e4ten, der Lebensmittelverarbeitung, Verpackung und Automatisierung eingesetzt werden.<\/p>\n<div class=\"xiaoshujiang_element xsj_anchor\"><a class=\"blank_anchor_name\" name=\"faqs_4\"><\/a><a id=\"faqs_4\" class=\"blank_anchor_id\"><\/a><a class=\"blank_anchor_name\" name=\"faqs\"><\/a><a id=\"faqs\" class=\"blank_anchor_id\"><\/a><\/div>\n<h2 id=\"faqs_4\" class=\"xsj_heading_hash xsj_heading xsj_heading_h2\" data-source-line=\"10\" data-source-line-display=\"true\"><span class=\"xsj_heading_content\">FAQs:<\/span><\/h2>\n<p class=\"xsj_paragraph xsj_paragraph_level_0\" data-source-line=\"12\" data-source-line-display=\"true\"><strong class=\"markdown_strong_asterisk\">1. Wie funktioniert der Rollringantrieb?<\/strong><br \/>\nAntwort: Der Rolling Ring Drive nutzt drei abgewinkelte Rollringe, um Druck auf die glatte Welle auszu\u00fcben. Dadurch entsteht eine lineare Bewegung, die einen reibungslosen und effizienten Betrieb erm\u00f6glicht.<\/p>\n<p class=\"xsj_paragraph xsj_paragraph_level_0\" data-source-line=\"15\" data-source-line-display=\"true\"><strong class=\"markdown_strong_asterisk\">2. Wie hoch ist die H\u00f6chstgeschwindigkeit des Ger\u00e4ts?<\/strong><br \/>\nAntwort: Die maximale Wellengeschwindigkeit betr\u00e4gt 750 U\/min und die maximale lineare Geschwindigkeit betr\u00e4gt 23,25 Meter pro Minute.<\/p>\n<p class=\"xsj_paragraph xsj_paragraph_level_0\" data-source-line=\"18\" data-source-line-display=\"true\"><strong class=\"markdown_strong_asterisk\">3. Wie schwer ist dieses Produkt?<\/strong><br \/>\nAntwort: Dieses Ger\u00e4t wiegt 5,5 kg und ist daher leicht und einfach zu integrieren.<\/p>\n<p class=\"xsj_paragraph xsj_paragraph_level_0\" data-source-line=\"21\" data-source-line-display=\"true\"><strong class=\"markdown_strong_asterisk\">4. Kann dieser Antrieb f\u00fcr verschiedene Wellengr\u00f6\u00dfen angepasst werden?<\/strong><br \/>\nAntwort: Der Rollringantrieb der Traverseneinheit Modell GP3-40\/GP40 kann f\u00fcr verschiedene Wellengr\u00f6\u00dfen angepasst werden.<\/p>\n<p class=\"xsj_paragraph xsj_paragraph_level_0\" data-source-line=\"24\" data-source-line-display=\"true\"><strong class=\"markdown_strong_asterisk\">5. Wie gro\u00df ist der maximale Seitenschub dieses Produkts?<\/strong><br \/>\nAntwort: Der maximale Seitenschub dieser Einheit betr\u00e4gt 42 kg, was einen reibungslosen Betrieb und eine effiziente lineare Bewegung gew\u00e4hrleistet.<\/p>","protected":false},"excerpt":{"rendered":"<h2 id=\"features_3\" class=\"xsj_heading_hash xsj_heading xsj_heading_h2\" data-source-line=\"6\" data-source-line-display=\"true\"><span class=\"xsj_heading_content\">Merkmale:<\/span><\/h2>\n<ol>\n<li class=\"xsj_paragraph xsj_paragraph_level_0\" data-source-line=\"8\" data-source-line-display=\"true\">Drei Rollringe f\u00fcr verbesserte Leistung.<\/li>\n<li class=\"xsj_paragraph xsj_paragraph_level_0\" data-source-line=\"10\" data-source-line-display=\"true\">Maximaler Seitenschub von 42 kg f\u00fcr reibungslosen Betrieb.<\/li>\n<li class=\"xsj_paragraph xsj_paragraph_level_0\" data-source-line=\"12\" data-source-line-display=\"true\">Maximale Steigung von 31 mm f\u00fcr lineare Bewegung.<\/li>\n<li class=\"xsj_paragraph xsj_paragraph_level_0\" data-source-line=\"14\" data-source-line-display=\"true\">Maximale Wellengeschwindigkeit von 750 U\/min f\u00fcr schnelleren Betrieb.<\/li>\n<li class=\"xsj_paragraph xsj_paragraph_level_0\" data-source-line=\"16\" data-source-line-display=\"true\">Maximale lineare Geschwindigkeit von 23,25 Metern\/Minute f\u00fcr Effizienz.<\/li>\n<li class=\"xsj_paragraph xsj_paragraph_level_0\" data-source-line=\"18\" data-source-line-display=\"true\">Leichtes und dennoch robustes Design f\u00fcr einfache Integration.<\/li>\n<li class=\"xsj_paragraph xsj_paragraph_level_0\" data-source-line=\"20\" data-source-line-display=\"true\">Antriebsdrehmoment von 3,5 kg cm f\u00fcr kraftvolle Leistung.<\/li>\n<\/ol>","protected":false},"featured_media":31600,"template":"","meta":{"site-sidebar-layout":"default","site-content-layout":"default","ast-global-header-display":"","ast-banner-title-visibility":"","ast-main-header-display":"","ast-hfb-above-header-display":"","ast-hfb-below-header-display":"","ast-hfb-mobile-header-display":"","site-post-title":"","ast-breadcrumbs-content":"","ast-featured-img":"","footer-sml-layout":"","theme-transparent-header-meta":"default","adv-header-id-meta":"","stick-header-meta":"","header-above-stick-meta":"","header-main-stick-meta":"","header-below-stick-meta":""},"product_brand":[],"product_cat":[34,35],"product_tag":[],"class_list":{"0":"post-25413","1":"product","2":"type-product","3":"status-publish","4":"has-post-thumbnail","6":"product_cat-rolling-ring-drive","7":"product_cat-a-type","8":"desktop-align-left","9":"tablet-align-left","10":"mobile-align-left","12":"first","13":"instock","14":"shipping-taxable","15":"product-type-simple"},"yoast_head":"<!-- This site is optimized with the Yoast SEO Premium plugin v20.12 (Yoast SEO v26.0) - https:\/\/yoast.com\/wordpress\/plugins\/seo\/ -->\n<title>Rolling Ring Drive for 40mm Diameter Shaft Model GP3-40\/GP40 - QiPang<\/title>\n<meta name=\"description\" content=\"Experience smooth and efficient linear movement with our Traverse Unit Model GP3-40\/GP40 Rolling Ring Drive for a 40mm Diameter Shaft. Order now!\" \/>\n<meta name=\"robots\" content=\"index, follow, max-snippet:-1, max-image-preview:large, max-video-preview:-1\" \/>\n<link rel=\"canonical\" href=\"https:\/\/rollingringdrives.com\/de\/produkt\/rollringantrieb-fur-wellenmodell-mit-40-mm-durchmesser-modell-gp3-40-gp40\/\" \/>\n<meta property=\"og:locale\" content=\"de_DE\" \/>\n<meta property=\"og:type\" content=\"article\" \/>\n<meta property=\"og:title\" content=\"Rolling Ring Drive for 40mm Diameter Shaft Model GP3-40\/GP40\" \/>\n<meta property=\"og:description\" content=\"Experience smooth and efficient linear movement with our Traverse Unit Model GP3-40\/GP40 Rolling Ring Drive for a 40mm Diameter Shaft. Order now!\" \/>\n<meta property=\"og:url\" content=\"https:\/\/rollingringdrives.com\/de\/produkt\/rollringantrieb-fur-wellenmodell-mit-40-mm-durchmesser-modell-gp3-40-gp40\/\" \/>\n<meta property=\"og:site_name\" content=\"QiPang\" \/>\n<meta property=\"article:modified_time\" content=\"2024-07-24T03:47:20+00:00\" \/>\n<meta property=\"og:image\" content=\"https:\/\/rollingringdrives.com\/wp-content\/uploads\/2023\/05\/QP40A\u94c1-3.jpg\" \/>\n\t<meta property=\"og:image:width\" content=\"800\" \/>\n\t<meta property=\"og:image:height\" content=\"800\" \/>\n\t<meta property=\"og:image:type\" content=\"image\/jpeg\" \/>\n<meta name=\"twitter:card\" content=\"summary_large_image\" \/>\n<meta name=\"twitter:label1\" content=\"Gesch\u00e4tzte Lesezeit\" \/>\n\t<meta name=\"twitter:data1\" content=\"2\u00a0Minuten\" \/>\n<script type=\"application\/ld+json\" class=\"yoast-schema-graph\">{\"@context\":\"https:\/\/schema.org\",\"@graph\":[{\"@type\":\"WebPage\",\"@id\":\"https:\/\/rollingringdrives.com\/product\/rolling-ring-drive-for-40mm-diameter-shaft-model-gp3-40-gp40\/\",\"url\":\"https:\/\/rollingringdrives.com\/product\/rolling-ring-drive-for-40mm-diameter-shaft-model-gp3-40-gp40\/\",\"name\":\"Rolling Ring Drive for 40mm Diameter Shaft Model GP3-40\/GP40 - QiPang\",\"isPartOf\":{\"@id\":\"https:\/\/rollingringdrives.com\/#website\"},\"primaryImageOfPage\":{\"@id\":\"https:\/\/rollingringdrives.com\/product\/rolling-ring-drive-for-40mm-diameter-shaft-model-gp3-40-gp40\/#primaryimage\"},\"image\":{\"@id\":\"https:\/\/rollingringdrives.com\/product\/rolling-ring-drive-for-40mm-diameter-shaft-model-gp3-40-gp40\/#primaryimage\"},\"thumbnailUrl\":\"https:\/\/rollingringdrives.com\/wp-content\/uploads\/2023\/05\/QP40A\u94c1-3.jpg\",\"datePublished\":\"2023-05-15T09:24:11+00:00\",\"dateModified\":\"2024-07-24T03:47:20+00:00\",\"description\":\"Experience smooth and efficient linear movement with our Traverse Unit Model GP3-40\/GP40 Rolling Ring Drive for a 40mm Diameter Shaft. Order now!\",\"breadcrumb\":{\"@id\":\"https:\/\/rollingringdrives.com\/product\/rolling-ring-drive-for-40mm-diameter-shaft-model-gp3-40-gp40\/#breadcrumb\"},\"inLanguage\":\"de\",\"potentialAction\":[{\"@type\":\"ReadAction\",\"target\":[\"https:\/\/rollingringdrives.com\/product\/rolling-ring-drive-for-40mm-diameter-shaft-model-gp3-40-gp40\/\"]}]},{\"@type\":\"ImageObject\",\"inLanguage\":\"de\",\"@id\":\"https:\/\/rollingringdrives.com\/product\/rolling-ring-drive-for-40mm-diameter-shaft-model-gp3-40-gp40\/#primaryimage\",\"url\":\"https:\/\/rollingringdrives.com\/wp-content\/uploads\/2023\/05\/QP40A\u94c1-3.jpg\",\"contentUrl\":\"https:\/\/rollingringdrives.com\/wp-content\/uploads\/2023\/05\/QP40A\u94c1-3.jpg\",\"width\":800,\"height\":800},{\"@type\":\"BreadcrumbList\",\"@id\":\"https:\/\/rollingringdrives.com\/product\/rolling-ring-drive-for-40mm-diameter-shaft-model-gp3-40-gp40\/#breadcrumb\",\"itemListElement\":[{\"@type\":\"ListItem\",\"position\":1,\"name\":\"Home\",\"item\":\"https:\/\/rollingringdrives.com\/\"},{\"@type\":\"ListItem\",\"position\":2,\"name\":\"Machines\",\"item\":\"https:\/\/rollingringdrives.com\/machines\/\"},{\"@type\":\"ListItem\",\"position\":3,\"name\":\"Rolling Ring Drive for 40mm Diameter Shaft Model GP3-40\/GP40\"}]},{\"@type\":\"WebSite\",\"@id\":\"https:\/\/rollingringdrives.com\/#website\",\"url\":\"https:\/\/rollingringdrives.com\/\",\"name\":\"QiPang\",\"description\":\"QiPang Blog\",\"publisher\":{\"@id\":\"https:\/\/rollingringdrives.com\/#organization\"},\"potentialAction\":[{\"@type\":\"SearchAction\",\"target\":{\"@type\":\"EntryPoint\",\"urlTemplate\":\"https:\/\/rollingringdrives.com\/?s={search_term_string}\"},\"query-input\":{\"@type\":\"PropertyValueSpecification\",\"valueRequired\":true,\"valueName\":\"search_term_string\"}}],\"inLanguage\":\"de\"},{\"@type\":\"Organization\",\"@id\":\"https:\/\/rollingringdrives.com\/#organization\",\"name\":\"QiPang\",\"url\":\"https:\/\/rollingringdrives.com\/\",\"logo\":{\"@type\":\"ImageObject\",\"inLanguage\":\"de\",\"@id\":\"https:\/\/rollingringdrives.com\/#\/schema\/logo\/image\/\",\"url\":\"https:\/\/rollingringdrives.com\/wp-content\/uploads\/2023\/05\/cropped-\u672a\u547d\u540d\u7684\u8bbe\u8ba1.png\",\"contentUrl\":\"https:\/\/rollingringdrives.com\/wp-content\/uploads\/2023\/05\/cropped-\u672a\u547d\u540d\u7684\u8bbe\u8ba1.png\",\"width\":300,\"height\":191,\"caption\":\"QiPang\"},\"image\":{\"@id\":\"https:\/\/rollingringdrives.com\/#\/schema\/logo\/image\/\"}}]}<\/script>\n<!-- \/ Yoast SEO Premium plugin. -->","yoast_head_json":{"title":"Rollringantrieb f\u00fcr Welle mit 40 mm Durchmesser, Modell GP3-40\/GP40 \u2013 QiPang","description":"Erleben Sie eine reibungslose und effiziente lineare Bewegung mit unserem Rollringantrieb Modell GP3-40\/GP40 der Traverseneinheit f\u00fcr eine Welle mit 40 mm Durchmesser. Jetzt bestellen!","robots":{"index":"index","follow":"follow","max-snippet":"max-snippet:-1","max-image-preview":"max-image-preview:large","max-video-preview":"max-video-preview:-1"},"canonical":"https:\/\/rollingringdrives.com\/de\/produkt\/rollringantrieb-fur-wellenmodell-mit-40-mm-durchmesser-modell-gp3-40-gp40\/","og_locale":"de_DE","og_type":"article","og_title":"Rolling Ring Drive for 40mm Diameter Shaft Model GP3-40\/GP40","og_description":"Experience smooth and efficient linear movement with our Traverse Unit Model GP3-40\/GP40 Rolling Ring Drive for a 40mm Diameter Shaft. Order now!","og_url":"https:\/\/rollingringdrives.com\/de\/produkt\/rollringantrieb-fur-wellenmodell-mit-40-mm-durchmesser-modell-gp3-40-gp40\/","og_site_name":"QiPang","article_modified_time":"2024-07-24T03:47:20+00:00","og_image":[{"width":800,"height":800,"url":"https:\/\/rollingringdrives.com\/wp-content\/uploads\/2023\/05\/QP40A\u94c1-3.jpg","type":"image\/jpeg"}],"twitter_card":"summary_large_image","twitter_misc":{"Gesch\u00e4tzte Lesezeit":"2\u00a0Minuten"},"schema":{"@context":"https:\/\/schema.org","@graph":[{"@type":"WebPage","@id":"https:\/\/rollingringdrives.com\/product\/rolling-ring-drive-for-40mm-diameter-shaft-model-gp3-40-gp40\/","url":"https:\/\/rollingringdrives.com\/product\/rolling-ring-drive-for-40mm-diameter-shaft-model-gp3-40-gp40\/","name":"Rollringantrieb f\u00fcr Welle mit 40 mm Durchmesser, Modell GP3-40\/GP40 \u2013 QiPang","isPartOf":{"@id":"https:\/\/rollingringdrives.com\/#website"},"primaryImageOfPage":{"@id":"https:\/\/rollingringdrives.com\/product\/rolling-ring-drive-for-40mm-diameter-shaft-model-gp3-40-gp40\/#primaryimage"},"image":{"@id":"https:\/\/rollingringdrives.com\/product\/rolling-ring-drive-for-40mm-diameter-shaft-model-gp3-40-gp40\/#primaryimage"},"thumbnailUrl":"https:\/\/rollingringdrives.com\/wp-content\/uploads\/2023\/05\/QP40A\u94c1-3.jpg","datePublished":"2023-05-15T09:24:11+00:00","dateModified":"2024-07-24T03:47:20+00:00","description":"Erleben Sie eine reibungslose und effiziente lineare Bewegung mit unserem Rollringantrieb Modell GP3-40\/GP40 der Traverseneinheit f\u00fcr eine Welle mit 40 mm Durchmesser. Jetzt bestellen!","breadcrumb":{"@id":"https:\/\/rollingringdrives.com\/product\/rolling-ring-drive-for-40mm-diameter-shaft-model-gp3-40-gp40\/#breadcrumb"},"inLanguage":"de","potentialAction":[{"@type":"ReadAction","target":["https:\/\/rollingringdrives.com\/product\/rolling-ring-drive-for-40mm-diameter-shaft-model-gp3-40-gp40\/"]}]},{"@type":"ImageObject","inLanguage":"de","@id":"https:\/\/rollingringdrives.com\/product\/rolling-ring-drive-for-40mm-diameter-shaft-model-gp3-40-gp40\/#primaryimage","url":"https:\/\/rollingringdrives.com\/wp-content\/uploads\/2023\/05\/QP40A\u94c1-3.jpg","contentUrl":"https:\/\/rollingringdrives.com\/wp-content\/uploads\/2023\/05\/QP40A\u94c1-3.jpg","width":800,"height":800},{"@type":"BreadcrumbList","@id":"https:\/\/rollingringdrives.com\/product\/rolling-ring-drive-for-40mm-diameter-shaft-model-gp3-40-gp40\/#breadcrumb","itemListElement":[{"@type":"ListItem","position":1,"name":"Home","item":"https:\/\/rollingringdrives.com\/"},{"@type":"ListItem","position":2,"name":"Machines","item":"https:\/\/rollingringdrives.com\/machines\/"},{"@type":"ListItem","position":3,"name":"Rolling Ring Drive for 40mm Diameter Shaft Model GP3-40\/GP40"}]},{"@type":"WebSite","@id":"https:\/\/rollingringdrives.com\/#website","url":"https:\/\/rollingringdrives.com\/","name":"QiPang","description":"QiPang-Blog","publisher":{"@id":"https:\/\/rollingringdrives.com\/#organization"},"potentialAction":[{"@type":"SearchAction","target":{"@type":"EntryPoint","urlTemplate":"https:\/\/rollingringdrives.com\/?s={search_term_string}"},"query-input":{"@type":"PropertyValueSpecification","valueRequired":true,"valueName":"search_term_string"}}],"inLanguage":"de"},{"@type":"Organization","@id":"https:\/\/rollingringdrives.com\/#organization","name":"QiPang","url":"https:\/\/rollingringdrives.com\/","logo":{"@type":"ImageObject","inLanguage":"de","@id":"https:\/\/rollingringdrives.com\/#\/schema\/logo\/image\/","url":"https:\/\/rollingringdrives.com\/wp-content\/uploads\/2023\/05\/cropped-\u672a\u547d\u540d\u7684\u8bbe\u8ba1.png","contentUrl":"https:\/\/rollingringdrives.com\/wp-content\/uploads\/2023\/05\/cropped-\u672a\u547d\u540d\u7684\u8bbe\u8ba1.png","width":300,"height":191,"caption":"QiPang"},"image":{"@id":"https:\/\/rollingringdrives.com\/#\/schema\/logo\/image\/"}}]}},"_links":{"self":[{"href":"https:\/\/rollingringdrives.com\/de\/wp-json\/wp\/v2\/product\/25413","targetHints":{"allow":["GET"]}}],"collection":[{"href":"https:\/\/rollingringdrives.com\/de\/wp-json\/wp\/v2\/product"}],"about":[{"href":"https:\/\/rollingringdrives.com\/de\/wp-json\/wp\/v2\/types\/product"}],"version-history":[{"count":0,"href":"https:\/\/rollingringdrives.com\/de\/wp-json\/wp\/v2\/product\/25413\/revisions"}],"wp:featuredmedia":[{"embeddable":true,"href":"https:\/\/rollingringdrives.com\/de\/wp-json\/wp\/v2\/media\/31600"}],"wp:attachment":[{"href":"https:\/\/rollingringdrives.com\/de\/wp-json\/wp\/v2\/media?parent=25413"}],"wp:term":[{"taxonomy":"product_brand","embeddable":true,"href":"https:\/\/rollingringdrives.com\/de\/wp-json\/wp\/v2\/product_brand?post=25413"},{"taxonomy":"product_cat","embeddable":true,"href":"https:\/\/rollingringdrives.com\/de\/wp-json\/wp\/v2\/product_cat?post=25413"},{"taxonomy":"product_tag","embeddable":true,"href":"https:\/\/rollingringdrives.com\/de\/wp-json\/wp\/v2\/product_tag?post=25413"}],"curies":[{"name":"wp","href":"https:\/\/api.w.org\/{rel}","templated":true}]}}