{"id":25476,"date":"2023-05-16T03:13:24","date_gmt":"2023-05-16T03:13:24","guid":{"rendered":"https:\/\/rollingringdrives.com\/?post_type=product&#038;p=25476"},"modified":"2023-06-27T04:25:28","modified_gmt":"2023-06-27T04:25:28","slug":"rolling-ring-drive-for-20mm-diameter-shaft-model-gp20","status":"publish","type":"product","link":"https:\/\/rollingringdrives.com\/de\/produkt\/rollringantrieb-fur-20mm-durchmesser-welle-modell-gp20\/","title":{"rendered":"Rollringantrieb f\u00fcr Welle mit 20 mm Durchmesser, Modell GP20, F\u00fchrungsrad"},"content":{"rendered":"<div class=\"xiaoshujiang_element xsj_anchor\"><\/div>\n<h2 id=\"traverse20unit20model20rg4-20-2mcrfgp20_2\" class=\"xsj_heading_hash xsj_heading xsj_heading_h2\" data-source-line=\"2\" data-source-line-display=\"true\"><span class=\"xsj_heading_content\">Traverse-Einheit <span style=\"text-decoration: underline;\"><strong>Modell GP3-20\/GP20<\/strong><\/span><\/span><\/h2>\n<p class=\"xsj_paragraph xsj_paragraph_level_0\" data-source-line=\"4\" data-source-line-display=\"true\">Der\u00a0<strong class=\"markdown_strong_asterisk\">Traverseneinheit Modell GP3-20\/GP20 Rollringantrieb<\/strong>, mit\u00a0<strong class=\"markdown_strong_asterisk\">4 Rollringe<\/strong>\u00a0f\u00fcr \u00fcberragende Leistung und Haltbarkeit. Es ist speziell f\u00fcr a konzipiert\u00a0<strong class=\"markdown_strong_asterisk\">Schaft mit 20 mm Durchmesser<\/strong> und verf\u00fcgt \u00fcber einen maximalen Seitenschub von 32 kg oder 320 N. Dieser Antrieb verf\u00fcgt au\u00dferdem \u00fcber eine maximale Steigung von 16 mm und erzeugt eine lineare Bewegung f\u00fcr eine Wellenumdrehung bei Einstellung zehn auf dem Zifferblatt. Dar\u00fcber hinaus ist der Rollringantrieb f\u00fcr eine Welle mit 20 mm Durchmesser in der Lage, eine maximale Wellengeschwindigkeit von 1500 U\/min und eine maximale lineare Geschwindigkeit von 27 Metern\/Minute zu erreichen, was ihn zu einer effizienten und zuverl\u00e4ssigen Wahl f\u00fcr verschiedene Anwendungen macht. Es ist leicht, wiegt nur 3 kg und wird von einem Drehmoment von 0,6 kg cm angetrieben.<\/p>\n<p data-source-line=\"4\" data-source-line-display=\"true\"><div id=\"footable_parent_25478\"\n         class=\"footable_parent ninja_table_wrapper loading_ninja_table wp_table_data_press_parent semantic_ui\">\n                <table data-ninja_table_instance=\"ninja_table_instance_0\" data-footable_id=\"25478\" data-filter-delay=\"1000\" aria-label=\"2. X3sLSX-Datei (2).csv\"            id=\"footable_25478\"\n           data-unique_identifier=\"ninja_table_unique_id_45733259_25478\"\n           class=\"foo-table ninja_footable foo_table_25478 ninja_table_unique_id_45733259_25478 ui table  nt_type_legacy_table selectable striped vertical_centered  footable-paging-right ninja_table_search_disabled ninja_table_pro\">\n                <colgroup>\n                            <col class=\"ninja_column_0\">\n                            <col class=\"ninja_column_1\">\n                    <\/colgroup>\n        <thead>\n<tr class=\"footable-header\">\n                                        <th scope=\"col\"  class=\"ninja_column_0 ninja_clmn_nm_specification\">Spezifikation<\/th><th scope=\"col\"  class=\"ninja_column_1 ninja_clmn_nm_value\">Wert<\/th><\/tr>\n<\/thead>\n<tbody>\n\n        <tr data-row_id=\"63\" class=\"ninja_table_row_0 nt_row_id_63\">\n            <td>Anzahl der Rollringe<\/td><td>4<\/td>        <\/tr>\n            <tr data-row_id=\"64\" class=\"ninja_table_row_1 nt_row_id_64\">\n            <td>Maximaler Seitenschub<\/td><td>32 kg \/ 320 N<\/td>        <\/tr>\n            <tr data-row_id=\"65\" class=\"ninja_table_row_2 nt_row_id_65\">\n            <td>Maximale Tonh\u00f6he<\/td><td>16 mm<\/td>        <\/tr>\n            <tr data-row_id=\"66\" class=\"ninja_table_row_3 nt_row_id_66\">\n            <td>Maximale Wellengeschwindigkeit<\/td><td>1500 U\/min<\/td>        <\/tr>\n            <tr data-row_id=\"67\" class=\"ninja_table_row_4 nt_row_id_67\">\n            <td>Maximale lineare Geschwindigkeit<\/td><td>27 Meter\/Minute<\/td>        <\/tr>\n            <tr data-row_id=\"68\" class=\"ninja_table_row_5 nt_row_id_68\">\n            <td>Gewicht<\/td><td>3 kg<\/td>        <\/tr>\n            <tr data-row_id=\"69\" class=\"ninja_table_row_6 nt_row_id_69\">\n            <td>Antriebsdrehmoment<\/td><td>0,6 kg cm<\/td>        <\/tr>\n    <\/tbody><!--ninja_tobody_rendering_done-->\n    <\/table>\n    \n    \n    \n<\/div>\n<\/p>\n<div class=\"xiaoshujiang_element xsj_anchor\"><a class=\"blank_anchor_name\" name=\"applications_3\"><\/a><a id=\"applications_3\" class=\"blank_anchor_id\"><\/a><a class=\"blank_anchor_name\" name=\"applications\"><\/a><a id=\"applications\" class=\"blank_anchor_id\"><\/a><\/div>\n<h2 id=\"applications_3\" class=\"xsj_heading_hash xsj_heading xsj_heading_h2\" data-source-line=\"6\" data-source-line-display=\"true\"><span class=\"xsj_heading_content\">Anwendungen:<\/span><\/h2>\n<p class=\"xsj_paragraph xsj_paragraph_level_0\" data-source-line=\"8\" data-source-line-display=\"true\">Der <strong class=\"markdown_strong_asterisk\">GP3-20<\/strong>Der Rollringantrieb \/GP20 kann in einer Vielzahl von Anwendungen eingesetzt werden, darunter:<\/p>\n<ol>\n<li class=\"xsj_paragraph xsj_paragraph_level_0\" data-source-line=\"8\" data-source-line-display=\"true\">Aufwickeln.<\/li>\n<li class=\"xsj_paragraph xsj_paragraph_level_0\" data-source-line=\"11\" data-source-line-display=\"true\">Wicklung.<\/li>\n<li class=\"xsj_paragraph xsj_paragraph_level_0\" data-source-line=\"13\" data-source-line-display=\"true\">Spulen.<\/li>\n<li class=\"xsj_paragraph xsj_paragraph_level_0\" data-source-line=\"15\" data-source-line-display=\"true\">Verzinken.<\/li>\n<li class=\"xsj_paragraph xsj_paragraph_level_0\" data-source-line=\"17\" data-source-line-display=\"true\">Galvanisieren.<\/li>\n<li class=\"xsj_paragraph xsj_paragraph_level_0\" data-source-line=\"19\" data-source-line-display=\"true\">Malen.<\/li>\n<\/ol>\n<div class=\"xiaoshujiang_element xsj_anchor\"><a class=\"blank_anchor_name\" name=\"faqs_4\"><\/a><a id=\"faqs_4\" class=\"blank_anchor_id\"><\/a><a class=\"blank_anchor_name\" name=\"faqs\"><\/a><a id=\"faqs\" class=\"blank_anchor_id\"><\/a><\/div>\n<h2 id=\"faqs_4\" class=\"xsj_heading_hash xsj_heading xsj_heading_h2\" data-source-line=\"22\" data-source-line-display=\"true\"><span class=\"xsj_heading_content\">FAQs:<\/span><\/h2>\n<p class=\"xsj_paragraph xsj_paragraph_level_0\" data-source-line=\"24\" data-source-line-display=\"true\"><strong class=\"markdown_strong_asterisk\">1. Wie gro\u00df ist der maximale Seitenschub des Rollringantriebs f\u00fcr eine Welle mit 20 mm Durchmesser?<\/strong><br \/>\nDer maximale Seitenschub des <strong class=\"markdown_strong_asterisk\">GP3-20<\/strong>\/GP20 Rollringantrieb betr\u00e4gt 32 kg oder 320 N.<\/p>\n<p class=\"xsj_paragraph xsj_paragraph_level_0\" data-source-line=\"27\" data-source-line-display=\"true\"><strong class=\"markdown_strong_asterisk\">2. Wie gro\u00df ist die maximale Steigung des Antriebs?<\/strong><br \/>\nDie maximale Steigung des Antriebs betr\u00e4gt 16 mm, wodurch bei Einstellung 10 eine lineare Bewegung f\u00fcr eine Wellenumdrehung erzeugt wird.<\/p>\n<p class=\"xsj_paragraph xsj_paragraph_level_0\" data-source-line=\"30\" data-source-line-display=\"true\"><strong class=\"markdown_strong_asterisk\">3. Wie hoch ist die maximale Wellendrehzahl des Antriebs?<\/strong><br \/>\nDer <strong class=\"markdown_strong_asterisk\">GP3-20<\/strong>Der Rollringantrieb \/GP20 hat eine maximale Wellengeschwindigkeit von 1500 U\/min.<\/p>\n<p class=\"xsj_paragraph xsj_paragraph_level_0\" data-source-line=\"33\" data-source-line-display=\"true\"><strong class=\"markdown_strong_asterisk\">4. Wie schwer ist der Rollringantrieb RG4-20-2MCRF\/GP20 f\u00fcr Wellen mit 20 mm Durchmesser?<\/strong><br \/>\nDer <strong class=\"markdown_strong_asterisk\">GP3-20<\/strong>Der Rollringantrieb \/GP20 ist leicht und wiegt nur 3 kg.<\/p>","protected":false},"excerpt":{"rendered":"<h2 id=\"key20features_3\" class=\"xsj_heading_hash xsj_heading xsj_heading_h2\" data-source-line=\"6\" data-source-line-display=\"true\"><span class=\"xsj_heading_content\">Hauptmerkmale:<\/span><\/h2>\n<ol>\n<li class=\"xsj_paragraph xsj_paragraph_level_0\" data-source-line=\"8\" data-source-line-display=\"true\"><strong>4 Rollringe<\/strong> f\u00fcr \u00fcberragende Leistung und Haltbarkeit.<\/li>\n<li class=\"xsj_paragraph xsj_paragraph_level_0\" data-source-line=\"10\" data-source-line-display=\"true\">Sie sind speziell f\u00fcr Wellen mit 20 mm Durchmesser konzipiert.<\/li>\n<li class=\"xsj_paragraph xsj_paragraph_level_0\" data-source-line=\"12\" data-source-line-display=\"true\">Maximaler Seitenschub von 32 kg oder 320 N.<\/li>\n<li class=\"xsj_paragraph xsj_paragraph_level_0\" data-source-line=\"14\" data-source-line-display=\"true\">Die maximale Steigung von 16 mm erzeugt bei Einstellung 10 eine lineare Bewegung f\u00fcr eine Wellenumdrehung.<\/li>\n<li class=\"xsj_paragraph xsj_paragraph_level_0\" data-source-line=\"16\" data-source-line-display=\"true\">Maximale Wellengeschwindigkeit von 1500 U\/min.<\/li>\n<li class=\"xsj_paragraph xsj_paragraph_level_0\" data-source-line=\"18\" data-source-line-display=\"true\">Maximale lineare Geschwindigkeit von 27 Metern\/Minute.<\/li>\n<li class=\"xsj_paragraph xsj_paragraph_level_0\" data-source-line=\"20\" data-source-line-display=\"true\">Leicht, nur 3 kg.<\/li>\n<li class=\"xsj_paragraph xsj_paragraph_level_0\" data-source-line=\"22\" data-source-line-display=\"true\">Ein Drehmoment von 0,6 kg cm treibt ihn an.<\/li>\n<\/ol>","protected":false},"featured_media":27645,"template":"","meta":{"site-sidebar-layout":"default","site-content-layout":"default","ast-global-header-display":"","ast-banner-title-visibility":"","ast-main-header-display":"","ast-hfb-above-header-display":"","ast-hfb-below-header-display":"","ast-hfb-mobile-header-display":"","site-post-title":"","ast-breadcrumbs-content":"","ast-featured-img":"","footer-sml-layout":"","theme-transparent-header-meta":"default","adv-header-id-meta":"","stick-header-meta":"","header-above-stick-meta":"","header-main-stick-meta":"","header-below-stick-meta":""},"product_brand":[],"product_cat":[34,60],"product_tag":[],"class_list":{"0":"post-25476","1":"product","2":"type-product","3":"status-publish","4":"has-post-thumbnail","6":"product_cat-rolling-ring-drive","7":"product_cat-b-type-with-guide-wheel","8":"desktop-align-left","9":"tablet-align-left","10":"mobile-align-left","12":"first","13":"instock","14":"shipping-taxable","15":"product-type-simple"},"yoast_head":"<!-- This site is optimized with the Yoast SEO Premium plugin v20.12 (Yoast SEO v26.0) - https:\/\/yoast.com\/wordpress\/plugins\/seo\/ -->\n<title>Rolling Ring Drive for 20mm Diameter Shaft Model GP20 guide wheel - QiPang<\/title>\n<meta name=\"description\" content=\"Upgrade your machinery with our 4 Rolling Ring Drive for 20mm Diameter Shaft. Experience up to 320N thrust and max speed of 1500 RPM. Order now!\" \/>\n<meta name=\"robots\" content=\"index, follow, max-snippet:-1, max-image-preview:large, max-video-preview:-1\" \/>\n<link rel=\"canonical\" href=\"https:\/\/rollingringdrives.com\/de\/produkt\/rollringantrieb-fur-20mm-durchmesser-welle-modell-gp20\/\" \/>\n<meta property=\"og:locale\" content=\"de_DE\" \/>\n<meta property=\"og:type\" content=\"article\" \/>\n<meta property=\"og:title\" content=\"Rolling Ring Drive for 20mm Diameter Shaft Model GP20 guide wheel\" \/>\n<meta property=\"og:description\" content=\"Upgrade your machinery with our 4 Rolling Ring Drive for 20mm Diameter Shaft. Experience up to 320N thrust and max speed of 1500 RPM. Order now!\" \/>\n<meta property=\"og:url\" content=\"https:\/\/rollingringdrives.com\/de\/produkt\/rollringantrieb-fur-20mm-durchmesser-welle-modell-gp20\/\" \/>\n<meta property=\"og:site_name\" content=\"QiPang\" \/>\n<meta property=\"article:modified_time\" content=\"2023-06-27T04:25:28+00:00\" \/>\n<meta property=\"og:image\" content=\"https:\/\/rollingringdrives.com\/wp-content\/uploads\/2023\/05\/e1684568134101.jpg\" \/>\n\t<meta property=\"og:image:width\" content=\"600\" \/>\n\t<meta property=\"og:image:height\" content=\"525\" \/>\n\t<meta property=\"og:image:type\" content=\"image\/jpeg\" \/>\n<meta name=\"twitter:card\" content=\"summary_large_image\" \/>\n<meta name=\"twitter:label1\" content=\"Gesch\u00e4tzte Lesezeit\" \/>\n\t<meta name=\"twitter:data1\" content=\"2\u00a0Minuten\" \/>\n<script type=\"application\/ld+json\" class=\"yoast-schema-graph\">{\"@context\":\"https:\/\/schema.org\",\"@graph\":[{\"@type\":\"WebPage\",\"@id\":\"https:\/\/rollingringdrives.com\/product\/rolling-ring-drive-for-20mm-diameter-shaft-model-gp20\/\",\"url\":\"https:\/\/rollingringdrives.com\/product\/rolling-ring-drive-for-20mm-diameter-shaft-model-gp20\/\",\"name\":\"Rolling Ring Drive for 20mm Diameter Shaft Model GP20 guide wheel - QiPang\",\"isPartOf\":{\"@id\":\"https:\/\/rollingringdrives.com\/#website\"},\"primaryImageOfPage\":{\"@id\":\"https:\/\/rollingringdrives.com\/product\/rolling-ring-drive-for-20mm-diameter-shaft-model-gp20\/#primaryimage\"},\"image\":{\"@id\":\"https:\/\/rollingringdrives.com\/product\/rolling-ring-drive-for-20mm-diameter-shaft-model-gp20\/#primaryimage\"},\"thumbnailUrl\":\"https:\/\/rollingringdrives.com\/wp-content\/uploads\/2023\/05\/e1684568134101.jpg\",\"datePublished\":\"2023-05-16T03:13:24+00:00\",\"dateModified\":\"2023-06-27T04:25:28+00:00\",\"description\":\"Upgrade your machinery with our 4 Rolling Ring Drive for 20mm Diameter Shaft. Experience up to 320N thrust and max speed of 1500 RPM. Order now!\",\"breadcrumb\":{\"@id\":\"https:\/\/rollingringdrives.com\/product\/rolling-ring-drive-for-20mm-diameter-shaft-model-gp20\/#breadcrumb\"},\"inLanguage\":\"de\",\"potentialAction\":[{\"@type\":\"ReadAction\",\"target\":[\"https:\/\/rollingringdrives.com\/product\/rolling-ring-drive-for-20mm-diameter-shaft-model-gp20\/\"]}]},{\"@type\":\"ImageObject\",\"inLanguage\":\"de\",\"@id\":\"https:\/\/rollingringdrives.com\/product\/rolling-ring-drive-for-20mm-diameter-shaft-model-gp20\/#primaryimage\",\"url\":\"https:\/\/rollingringdrives.com\/wp-content\/uploads\/2023\/05\/e1684568134101.jpg\",\"contentUrl\":\"https:\/\/rollingringdrives.com\/wp-content\/uploads\/2023\/05\/e1684568134101.jpg\",\"width\":600,\"height\":525,\"caption\":\"Rolling Ring Drive for 20mm Diameter Shaft Model GP20 guide wheel\"},{\"@type\":\"BreadcrumbList\",\"@id\":\"https:\/\/rollingringdrives.com\/product\/rolling-ring-drive-for-20mm-diameter-shaft-model-gp20\/#breadcrumb\",\"itemListElement\":[{\"@type\":\"ListItem\",\"position\":1,\"name\":\"Home\",\"item\":\"https:\/\/rollingringdrives.com\/\"},{\"@type\":\"ListItem\",\"position\":2,\"name\":\"Machines\",\"item\":\"https:\/\/rollingringdrives.com\/machines\/\"},{\"@type\":\"ListItem\",\"position\":3,\"name\":\"Rolling Ring Drive for 20mm Diameter Shaft Model GP20 guide wheel\"}]},{\"@type\":\"WebSite\",\"@id\":\"https:\/\/rollingringdrives.com\/#website\",\"url\":\"https:\/\/rollingringdrives.com\/\",\"name\":\"QiPang\",\"description\":\"QiPang Blog\",\"publisher\":{\"@id\":\"https:\/\/rollingringdrives.com\/#organization\"},\"potentialAction\":[{\"@type\":\"SearchAction\",\"target\":{\"@type\":\"EntryPoint\",\"urlTemplate\":\"https:\/\/rollingringdrives.com\/?s={search_term_string}\"},\"query-input\":{\"@type\":\"PropertyValueSpecification\",\"valueRequired\":true,\"valueName\":\"search_term_string\"}}],\"inLanguage\":\"de\"},{\"@type\":\"Organization\",\"@id\":\"https:\/\/rollingringdrives.com\/#organization\",\"name\":\"QiPang\",\"url\":\"https:\/\/rollingringdrives.com\/\",\"logo\":{\"@type\":\"ImageObject\",\"inLanguage\":\"de\",\"@id\":\"https:\/\/rollingringdrives.com\/#\/schema\/logo\/image\/\",\"url\":\"https:\/\/rollingringdrives.com\/wp-content\/uploads\/2023\/05\/cropped-\u672a\u547d\u540d\u7684\u8bbe\u8ba1.png\",\"contentUrl\":\"https:\/\/rollingringdrives.com\/wp-content\/uploads\/2023\/05\/cropped-\u672a\u547d\u540d\u7684\u8bbe\u8ba1.png\",\"width\":300,\"height\":191,\"caption\":\"QiPang\"},\"image\":{\"@id\":\"https:\/\/rollingringdrives.com\/#\/schema\/logo\/image\/\"}}]}<\/script>\n<!-- \/ Yoast SEO Premium plugin. -->","yoast_head_json":{"title":"Rollringantrieb f\u00fcr Welle mit 20 mm Durchmesser, Modell GP20, F\u00fchrungsrad \u2013 QiPang","description":"R\u00fcsten Sie Ihre Maschinen mit unserem 4-Rollring-Antrieb f\u00fcr Wellen mit 20 mm Durchmesser auf. Erleben Sie einen Schub von bis zu 320 N und eine H\u00f6chstgeschwindigkeit von 1500 U\/min. Jetzt bestellen!","robots":{"index":"index","follow":"follow","max-snippet":"max-snippet:-1","max-image-preview":"max-image-preview:large","max-video-preview":"max-video-preview:-1"},"canonical":"https:\/\/rollingringdrives.com\/de\/produkt\/rollringantrieb-fur-20mm-durchmesser-welle-modell-gp20\/","og_locale":"de_DE","og_type":"article","og_title":"Rolling Ring Drive for 20mm Diameter Shaft Model GP20 guide wheel","og_description":"Upgrade your machinery with our 4 Rolling Ring Drive for 20mm Diameter Shaft. Experience up to 320N thrust and max speed of 1500 RPM. Order now!","og_url":"https:\/\/rollingringdrives.com\/de\/produkt\/rollringantrieb-fur-20mm-durchmesser-welle-modell-gp20\/","og_site_name":"QiPang","article_modified_time":"2023-06-27T04:25:28+00:00","og_image":[{"width":600,"height":525,"url":"https:\/\/rollingringdrives.com\/wp-content\/uploads\/2023\/05\/e1684568134101.jpg","type":"image\/jpeg"}],"twitter_card":"summary_large_image","twitter_misc":{"Gesch\u00e4tzte Lesezeit":"2\u00a0Minuten"},"schema":{"@context":"https:\/\/schema.org","@graph":[{"@type":"WebPage","@id":"https:\/\/rollingringdrives.com\/product\/rolling-ring-drive-for-20mm-diameter-shaft-model-gp20\/","url":"https:\/\/rollingringdrives.com\/product\/rolling-ring-drive-for-20mm-diameter-shaft-model-gp20\/","name":"Rollringantrieb f\u00fcr Welle mit 20 mm Durchmesser, Modell GP20, F\u00fchrungsrad \u2013 QiPang","isPartOf":{"@id":"https:\/\/rollingringdrives.com\/#website"},"primaryImageOfPage":{"@id":"https:\/\/rollingringdrives.com\/product\/rolling-ring-drive-for-20mm-diameter-shaft-model-gp20\/#primaryimage"},"image":{"@id":"https:\/\/rollingringdrives.com\/product\/rolling-ring-drive-for-20mm-diameter-shaft-model-gp20\/#primaryimage"},"thumbnailUrl":"https:\/\/rollingringdrives.com\/wp-content\/uploads\/2023\/05\/e1684568134101.jpg","datePublished":"2023-05-16T03:13:24+00:00","dateModified":"2023-06-27T04:25:28+00:00","description":"R\u00fcsten Sie Ihre Maschinen mit unserem 4-Rollring-Antrieb f\u00fcr Wellen mit 20 mm Durchmesser auf. Erleben Sie einen Schub von bis zu 320 N und eine H\u00f6chstgeschwindigkeit von 1500 U\/min. Jetzt bestellen!","breadcrumb":{"@id":"https:\/\/rollingringdrives.com\/product\/rolling-ring-drive-for-20mm-diameter-shaft-model-gp20\/#breadcrumb"},"inLanguage":"de","potentialAction":[{"@type":"ReadAction","target":["https:\/\/rollingringdrives.com\/product\/rolling-ring-drive-for-20mm-diameter-shaft-model-gp20\/"]}]},{"@type":"ImageObject","inLanguage":"de","@id":"https:\/\/rollingringdrives.com\/product\/rolling-ring-drive-for-20mm-diameter-shaft-model-gp20\/#primaryimage","url":"https:\/\/rollingringdrives.com\/wp-content\/uploads\/2023\/05\/e1684568134101.jpg","contentUrl":"https:\/\/rollingringdrives.com\/wp-content\/uploads\/2023\/05\/e1684568134101.jpg","width":600,"height":525,"caption":"Rolling Ring Drive for 20mm Diameter Shaft Model GP20 guide wheel"},{"@type":"BreadcrumbList","@id":"https:\/\/rollingringdrives.com\/product\/rolling-ring-drive-for-20mm-diameter-shaft-model-gp20\/#breadcrumb","itemListElement":[{"@type":"ListItem","position":1,"name":"Home","item":"https:\/\/rollingringdrives.com\/"},{"@type":"ListItem","position":2,"name":"Machines","item":"https:\/\/rollingringdrives.com\/machines\/"},{"@type":"ListItem","position":3,"name":"Rolling Ring Drive for 20mm Diameter Shaft Model GP20 guide wheel"}]},{"@type":"WebSite","@id":"https:\/\/rollingringdrives.com\/#website","url":"https:\/\/rollingringdrives.com\/","name":"QiPang","description":"QiPang-Blog","publisher":{"@id":"https:\/\/rollingringdrives.com\/#organization"},"potentialAction":[{"@type":"SearchAction","target":{"@type":"EntryPoint","urlTemplate":"https:\/\/rollingringdrives.com\/?s={search_term_string}"},"query-input":{"@type":"PropertyValueSpecification","valueRequired":true,"valueName":"search_term_string"}}],"inLanguage":"de"},{"@type":"Organization","@id":"https:\/\/rollingringdrives.com\/#organization","name":"QiPang","url":"https:\/\/rollingringdrives.com\/","logo":{"@type":"ImageObject","inLanguage":"de","@id":"https:\/\/rollingringdrives.com\/#\/schema\/logo\/image\/","url":"https:\/\/rollingringdrives.com\/wp-content\/uploads\/2023\/05\/cropped-\u672a\u547d\u540d\u7684\u8bbe\u8ba1.png","contentUrl":"https:\/\/rollingringdrives.com\/wp-content\/uploads\/2023\/05\/cropped-\u672a\u547d\u540d\u7684\u8bbe\u8ba1.png","width":300,"height":191,"caption":"QiPang"},"image":{"@id":"https:\/\/rollingringdrives.com\/#\/schema\/logo\/image\/"}}]}},"_links":{"self":[{"href":"https:\/\/rollingringdrives.com\/de\/wp-json\/wp\/v2\/product\/25476","targetHints":{"allow":["GET"]}}],"collection":[{"href":"https:\/\/rollingringdrives.com\/de\/wp-json\/wp\/v2\/product"}],"about":[{"href":"https:\/\/rollingringdrives.com\/de\/wp-json\/wp\/v2\/types\/product"}],"version-history":[{"count":0,"href":"https:\/\/rollingringdrives.com\/de\/wp-json\/wp\/v2\/product\/25476\/revisions"}],"wp:featuredmedia":[{"embeddable":true,"href":"https:\/\/rollingringdrives.com\/de\/wp-json\/wp\/v2\/media\/27645"}],"wp:attachment":[{"href":"https:\/\/rollingringdrives.com\/de\/wp-json\/wp\/v2\/media?parent=25476"}],"wp:term":[{"taxonomy":"product_brand","embeddable":true,"href":"https:\/\/rollingringdrives.com\/de\/wp-json\/wp\/v2\/product_brand?post=25476"},{"taxonomy":"product_cat","embeddable":true,"href":"https:\/\/rollingringdrives.com\/de\/wp-json\/wp\/v2\/product_cat?post=25476"},{"taxonomy":"product_tag","embeddable":true,"href":"https:\/\/rollingringdrives.com\/de\/wp-json\/wp\/v2\/product_tag?post=25476"}],"curies":[{"name":"wp","href":"https:\/\/api.w.org\/{rel}","templated":true}]}}