{"id":25512,"date":"2023-05-16T06:39:22","date_gmt":"2023-05-16T06:39:22","guid":{"rendered":"https:\/\/rollingringdrives.com\/?post_type=product&#038;p=25512"},"modified":"2025-07-07T05:55:10","modified_gmt":"2025-07-07T05:55:10","slug":"rolling-ring-drive-for-50mm-diameter-shaft-model-gp50","status":"publish","type":"product","link":"https:\/\/rollingringdrives.com\/de\/produkt\/rollringantrieb-fur-50mm-durchmesser-welle-modell-gp50\/","title":{"rendered":"Rollringantrieb f\u00fcr Welle mit 50 mm Durchmesser, Modell GP4-50 4JPX50"},"content":{"rendered":"<div class=\"xiaoshujiang_element xsj_anchor\"><\/div>\n<h2 id=\"traverse20unit20model20rg4-50-2mcrfgp50_2\" class=\"xsj_heading_hash xsj_heading xsj_heading_h2\" data-source-line=\"2\" data-source-line-display=\"true\"><span class=\"xsj_heading_content\">Traverse-Einheit <span style=\"text-decoration: underline;\">Modell GP4-50\/4JPX50<\/span><\/span><\/h2>\n<p class=\"xsj_paragraph xsj_paragraph_level_0\" data-source-line=\"4\" data-source-line-display=\"true\">Der <strong>Traverseneinheit Modell GP4-50\/4JPX50<\/strong> ist ein Rollringantrieb f\u00fcr a <strong>Schaft mit 50 mm Durchmesser<\/strong>. Es hat <strong>4 Rollringe<\/strong> und ist mit Pr\u00e4zisionstechnik und langlebiger Konstruktion gebaut, was es zu einer idealen L\u00f6sung f\u00fcr jedes automatisierte System macht, das zuverl\u00e4ssige lineare Bewegung erfordert. Sein anspruchsvolles Design ist auf hohe Effizienz und Genauigkeit optimiert und liefert bei jeder Wellendrehung pr\u00e4zise Ergebnisse. Mit einem maximalen Seitenschub von 136 kg, einer maximalen Steigung von 40 mm und einer maximalen Wellengeschwindigkeit von 500 U\/min bietet dieser Rollringantrieb eine Reihe leistungsstarker Funktionen. Dar\u00fcber hinaus ist es mit einem Gewicht von nur 18 kg und einer kompakten Bauweise eine platzsparende L\u00f6sung f\u00fcr die Integration verschiedener Ger\u00e4te- und Maschinensysteme.<\/p>\n<h2 data-source-line=\"4\" data-source-line-display=\"true\">Parameter:<\/h2>\n<p data-source-line=\"4\" data-source-line-display=\"true\"><div id=\"footable_parent_25514\"\n         class=\"footable_parent ninja_table_wrapper loading_ninja_table wp_table_data_press_parent semantic_ui\">\n                <table data-ninja_table_instance=\"ninja_table_instance_0\" data-footable_id=\"25514\" data-filter-delay=\"1000\" aria-label=\"5. X3sLSX-Datei (2).csv\"            id=\"footable_25514\"\n           data-unique_identifier=\"ninja_table_unique_id_796314868_25514\"\n           class=\"foo-table ninja_footable foo_table_25514 ninja_table_unique_id_796314868_25514 ui table  nt_type_legacy_table selectable striped vertical_centered  footable-paging-right ninja_table_search_disabled ninja_table_pro\">\n                <colgroup>\n                            <col class=\"ninja_column_0\">\n                            <col class=\"ninja_column_1\">\n                    <\/colgroup>\n        <thead>\n<tr class=\"footable-header\">\n                                        <th scope=\"col\"  class=\"ninja_column_0 ninja_clmn_nm_parameter\">Parameter<\/th><th scope=\"col\"  class=\"ninja_column_1 ninja_clmn_nm_value\">Wert<\/th><\/tr>\n<\/thead>\n<tbody>\n\n        <tr data-row_id=\"84\" class=\"ninja_table_row_0 nt_row_id_84\">\n            <td>Anzahl der Rollringe<\/td><td>4<\/td>        <\/tr>\n            <tr data-row_id=\"85\" class=\"ninja_table_row_1 nt_row_id_85\">\n            <td>Maximaler Seitenschub<\/td><td>136 kg<\/td>        <\/tr>\n            <tr data-row_id=\"86\" class=\"ninja_table_row_2 nt_row_id_86\">\n            <td>Maximale Tonh\u00f6he<\/td><td>40mm<\/td>        <\/tr>\n            <tr data-row_id=\"87\" class=\"ninja_table_row_3 nt_row_id_87\">\n            <td>Maximale Wellengeschwindigkeit<\/td><td>500 U\/min<\/td>        <\/tr>\n            <tr data-row_id=\"88\" class=\"ninja_table_row_4 nt_row_id_88\">\n            <td>Maximale lineare Geschwindigkeit<\/td><td>18 Meter\/Minute<\/td>        <\/tr>\n            <tr data-row_id=\"89\" class=\"ninja_table_row_5 nt_row_id_89\">\n            <td>Gewicht<\/td><td>18 kg<\/td>        <\/tr>\n            <tr data-row_id=\"90\" class=\"ninja_table_row_6 nt_row_id_90\">\n            <td>Antriebsdrehmoment<\/td><td>13 kg cm<\/td>        <\/tr>\n    <\/tbody><!--ninja_tobody_rendering_done-->\n    <\/table>\n    \n    \n    \n<\/div>\n<\/p>\n<div class=\"xiaoshujiang_element xsj_anchor\"><a class=\"blank_anchor_name\" name=\"applications_3\"><\/a><a id=\"applications_3\" class=\"blank_anchor_id\"><\/a><a class=\"blank_anchor_name\" name=\"applications\"><\/a><a id=\"applications\" class=\"blank_anchor_id\"><\/a><\/div>\n<h2 id=\"applications_3\" class=\"xsj_heading_hash xsj_heading xsj_heading_h2\" data-source-line=\"6\" data-source-line-display=\"true\"><span class=\"xsj_heading_content\">Anwendungen:<\/span><\/h2>\n<p class=\"xsj_paragraph xsj_paragraph_level_0\" data-source-line=\"8\" data-source-line-display=\"true\">Der Rollringantrieb ist f\u00fcr verschiedene Anwendungen in automatisierten Systemen konzipiert, darunter:<\/p>\n<ol class=\"markdown_ol\" data-source-line=\"10\">\n<li data-source-line=\"10\">Industrielle Automatisierung.<\/li>\n<li data-source-line=\"11\">Fabrikautomation.<\/li>\n<li data-source-line=\"12\">Pr\u00e4zise lineare Bewegungssysteme.<\/li>\n<li data-source-line=\"13\">Robotik.<\/li>\n<li data-source-line=\"14\">Materialtransportsysteme.<\/li>\n<li data-source-line=\"15\">Verpackungsmaschine.<\/li>\n<li data-source-line=\"16\">Druck- und Etikettiermaschinen.<\/li>\n<li data-source-line=\"17\">Pharmazeutische und medizinische Ger\u00e4te.<\/li>\n<li data-source-line=\"18\">F\u00f6rderb\u00e4nder und andere Schwerlastanwendungen.<\/li>\n<\/ol>\n<div class=\"xiaoshujiang_element xsj_anchor\"><a class=\"blank_anchor_name\" name=\"faqs_4\"><\/a><a id=\"faqs_4\" class=\"blank_anchor_id\"><\/a><a class=\"blank_anchor_name\" name=\"faqs\"><\/a><a id=\"faqs\" class=\"blank_anchor_id\"><\/a><\/div>\n<h2 id=\"faqs_4\" class=\"xsj_heading_hash xsj_heading xsj_heading_h2\" data-source-line=\"20\" data-source-line-display=\"true\"><span class=\"xsj_heading_content\">FAQs:<\/span><\/h2>\n<p class=\"xsj_paragraph xsj_paragraph_level_0\" data-source-line=\"22\" data-source-line-display=\"true\"><strong class=\"markdown_strong_asterisk\">1. Was ist ein Rollringantrieb?<\/strong><br \/>\nEin Rollringantrieb ist ein mechanisches Ger\u00e4t, das eine Drehbewegung in eine lineare Bewegung umwandelt. Es besteht aus einer durchgehenden Welle, die mit einer Reihe von Rollringen ausgestattet ist, die mit einer Gewindewelle verbunden sind.<\/p>\n<p class=\"xsj_paragraph xsj_paragraph_level_0\" data-source-line=\"25\" data-source-line-display=\"true\"><strong class=\"markdown_strong_asterisk\">2. Wie gro\u00df ist der maximale Seitenschub des <strong>GP4-50\/4JPX50<\/strong> Rollringantrieb?<\/strong><br \/>\nDer maximale Seitenschub des <strong>GP4-50\/4JPX50<\/strong> Der Rollringantrieb wiegt 136 kg und stellt so sicher, dass er die Kraft effizient auf andere Komponenten in Ihrem automatisierten System \u00fcbertragen kann.<\/p>\n<p class=\"xsj_paragraph xsj_paragraph_level_0\" data-source-line=\"28\" data-source-line-display=\"true\"><strong class=\"markdown_strong_asterisk\">3. Was ist die maximale Tonh\u00f6he des <strong>GP4-50\/4JPX50<\/strong> Rollringantrieb?<\/strong><br \/>\nDie maximale Tonh\u00f6he des <strong>GP4-50\/4JPX50<\/strong> Der Rollringantrieb ist 40 mm gro\u00df, was bedeutet, dass er sich linear um 40 mm f\u00fcr eine Wellenumdrehung bei Einstellung zehn auf dem Zifferblatt bewegt.<\/p>\n<p class=\"xsj_paragraph xsj_paragraph_level_0\" data-source-line=\"31\" data-source-line-display=\"true\"><strong class=\"markdown_strong_asterisk\">4. Was ist die maximale lineare Geschwindigkeit des <strong>GP4-50\/4JPX50<\/strong> Rollringantrieb?<\/strong><br \/>\nDie maximale lineare Geschwindigkeit des Rollringantriebs RG4-50-2MCRF\/GP50 betr\u00e4gt 18 Meter\/Minute und eignet sich somit perfekt f\u00fcr Anwendungen, die eine schnelle und zuverl\u00e4ssige lineare Bewegung erfordern.<\/p>\n<p class=\"xsj_paragraph xsj_paragraph_level_0\" data-source-line=\"34\" data-source-line-display=\"true\"><strong class=\"markdown_strong_asterisk\">5. Wie schwer ist das? <strong>GP4-50\/4JPX50<\/strong> Rollringantrieb?<\/strong><br \/>\nDer Rollringantrieb RG4-50-2MCRF\/GP50 wiegt nur 18 kg und l\u00e4sst sich daher problemlos in verschiedene automatisierte Systeme integrieren, ohne dass zus\u00e4tzliches Gewicht oder Volumen entsteht.<\/p>","protected":false},"excerpt":{"rendered":"<h2 id=\"features_3\" class=\"xsj_heading_hash xsj_heading xsj_heading_h2\" data-source-line=\"6\" data-source-line-display=\"true\"><span class=\"xsj_heading_content\">Merkmale:<\/span><\/h2>\n<ol class=\"markdown_ol\" data-source-line=\"8\">\n<li data-source-line=\"8\">Vier Rollringkonfigurationen.<\/li>\n<li data-source-line=\"9\">Maximaler Seitenschub von 136 kg.<\/li>\n<li data-source-line=\"10\">Die maximale Steigung betr\u00e4gt 40 mm.<\/li>\n<li data-source-line=\"11\">Maximale Wellengeschwindigkeit von 500 U\/min.<\/li>\n<li data-source-line=\"12\">Maximale lineare Geschwindigkeit von 18 Metern\/Minute.<\/li>\n<li data-source-line=\"13\">Kompaktes Design: nur 18 kg.<\/li>\n<li data-source-line=\"14\">Zuverl\u00e4ssige und effiziente Leistung.<\/li>\n<li data-source-line=\"15\">Robuste Konstruktion und dauerhafte Zuverl\u00e4ssigkeit.<\/li>\n<li data-source-line=\"16\">Einfache Installation und Wartung.<\/li>\n<\/ol>","protected":false},"featured_media":25884,"template":"","meta":{"site-sidebar-layout":"default","site-content-layout":"default","ast-global-header-display":"","ast-banner-title-visibility":"","ast-main-header-display":"","ast-hfb-above-header-display":"","ast-hfb-below-header-display":"","ast-hfb-mobile-header-display":"","site-post-title":"","ast-breadcrumbs-content":"","ast-featured-img":"","footer-sml-layout":"","theme-transparent-header-meta":"default","adv-header-id-meta":"","stick-header-meta":"","header-above-stick-meta":"","header-main-stick-meta":"","header-below-stick-meta":""},"product_brand":[],"product_cat":[34,38],"product_tag":[],"class_list":{"0":"post-25512","1":"product","2":"type-product","3":"status-publish","4":"has-post-thumbnail","6":"product_cat-rolling-ring-drive","7":"product_cat-gp4-type","8":"desktop-align-left","9":"tablet-align-left","10":"mobile-align-left","12":"first","13":"instock","14":"shipping-taxable","15":"product-type-simple"},"yoast_head":"<!-- This site is optimized with the Yoast SEO Premium plugin v20.12 (Yoast SEO v26.0) - https:\/\/yoast.com\/wordpress\/plugins\/seo\/ -->\n<title>Rolling Ring Drive for 50mm Diameter Shaft Model GP4-50 4JPX50 - QiPang<\/title>\n<meta name=\"description\" content=\"Elevate your machinery with our 4 Rolling Ring Drive for 50mm Diameter Shaft. Achieve a maximum linear speed of 18 m\/min and drive torque of 13 Kg Cm.\" \/>\n<meta name=\"robots\" content=\"index, follow, max-snippet:-1, max-image-preview:large, max-video-preview:-1\" \/>\n<link rel=\"canonical\" href=\"https:\/\/rollingringdrives.com\/de\/produkt\/rollringantrieb-fur-50mm-durchmesser-welle-modell-gp50\/\" \/>\n<meta property=\"og:locale\" content=\"de_DE\" \/>\n<meta property=\"og:type\" content=\"article\" \/>\n<meta property=\"og:title\" content=\"Rolling Ring Drive for 50mm Diameter Shaft Model GP4-50 4JPX50\" \/>\n<meta property=\"og:description\" content=\"Elevate your machinery with our 4 Rolling Ring Drive for 50mm Diameter Shaft. Achieve a maximum linear speed of 18 m\/min and drive torque of 13 Kg Cm.\" \/>\n<meta property=\"og:url\" content=\"https:\/\/rollingringdrives.com\/de\/produkt\/rollringantrieb-fur-50mm-durchmesser-welle-modell-gp50\/\" \/>\n<meta property=\"og:site_name\" content=\"QiPang\" \/>\n<meta property=\"article:modified_time\" content=\"2025-07-07T05:55:10+00:00\" \/>\n<meta property=\"og:image\" content=\"https:\/\/rollingringdrives.com\/wp-content\/uploads\/2023\/05\/\u65b0\u566850\u6392\u7ebf\u56684\u73af\u7684-3.jpg\" \/>\n\t<meta property=\"og:image:width\" content=\"1440\" \/>\n\t<meta property=\"og:image:height\" content=\"1080\" \/>\n\t<meta property=\"og:image:type\" content=\"image\/jpeg\" \/>\n<meta name=\"twitter:card\" content=\"summary_large_image\" \/>\n<meta name=\"twitter:label1\" content=\"Gesch\u00e4tzte Lesezeit\" \/>\n\t<meta name=\"twitter:data1\" content=\"2\u00a0Minuten\" \/>\n<script type=\"application\/ld+json\" class=\"yoast-schema-graph\">{\"@context\":\"https:\/\/schema.org\",\"@graph\":[{\"@type\":\"WebPage\",\"@id\":\"https:\/\/rollingringdrives.com\/product\/rolling-ring-drive-for-50mm-diameter-shaft-model-gp50\/\",\"url\":\"https:\/\/rollingringdrives.com\/product\/rolling-ring-drive-for-50mm-diameter-shaft-model-gp50\/\",\"name\":\"Rolling Ring Drive for 50mm Diameter Shaft Model GP4-50 4JPX50 - QiPang\",\"isPartOf\":{\"@id\":\"https:\/\/rollingringdrives.com\/#website\"},\"primaryImageOfPage\":{\"@id\":\"https:\/\/rollingringdrives.com\/product\/rolling-ring-drive-for-50mm-diameter-shaft-model-gp50\/#primaryimage\"},\"image\":{\"@id\":\"https:\/\/rollingringdrives.com\/product\/rolling-ring-drive-for-50mm-diameter-shaft-model-gp50\/#primaryimage\"},\"thumbnailUrl\":\"https:\/\/rollingringdrives.com\/wp-content\/uploads\/2023\/05\/\u65b0\u566850\u6392\u7ebf\u56684\u73af\u7684-3.jpg\",\"datePublished\":\"2023-05-16T06:39:22+00:00\",\"dateModified\":\"2025-07-07T05:55:10+00:00\",\"description\":\"Elevate your machinery with our 4 Rolling Ring Drive for 50mm Diameter Shaft. Achieve a maximum linear speed of 18 m\/min and drive torque of 13 Kg Cm.\",\"breadcrumb\":{\"@id\":\"https:\/\/rollingringdrives.com\/product\/rolling-ring-drive-for-50mm-diameter-shaft-model-gp50\/#breadcrumb\"},\"inLanguage\":\"de\",\"potentialAction\":[{\"@type\":\"ReadAction\",\"target\":[\"https:\/\/rollingringdrives.com\/product\/rolling-ring-drive-for-50mm-diameter-shaft-model-gp50\/\"]}]},{\"@type\":\"ImageObject\",\"inLanguage\":\"de\",\"@id\":\"https:\/\/rollingringdrives.com\/product\/rolling-ring-drive-for-50mm-diameter-shaft-model-gp50\/#primaryimage\",\"url\":\"https:\/\/rollingringdrives.com\/wp-content\/uploads\/2023\/05\/\u65b0\u566850\u6392\u7ebf\u56684\u73af\u7684-3.jpg\",\"contentUrl\":\"https:\/\/rollingringdrives.com\/wp-content\/uploads\/2023\/05\/\u65b0\u566850\u6392\u7ebf\u56684\u73af\u7684-3.jpg\",\"width\":1440,\"height\":1080,\"caption\":\"Rolling Ring Drive for 50mm Diameter Shaft Model GP4-50 4JPX50\"},{\"@type\":\"BreadcrumbList\",\"@id\":\"https:\/\/rollingringdrives.com\/product\/rolling-ring-drive-for-50mm-diameter-shaft-model-gp50\/#breadcrumb\",\"itemListElement\":[{\"@type\":\"ListItem\",\"position\":1,\"name\":\"Home\",\"item\":\"https:\/\/rollingringdrives.com\/\"},{\"@type\":\"ListItem\",\"position\":2,\"name\":\"Machines\",\"item\":\"https:\/\/rollingringdrives.com\/machines\/\"},{\"@type\":\"ListItem\",\"position\":3,\"name\":\"Rolling Ring Drive for 50mm Diameter Shaft Model GP4-50 4JPX50\"}]},{\"@type\":\"WebSite\",\"@id\":\"https:\/\/rollingringdrives.com\/#website\",\"url\":\"https:\/\/rollingringdrives.com\/\",\"name\":\"QiPang\",\"description\":\"QiPang Blog\",\"publisher\":{\"@id\":\"https:\/\/rollingringdrives.com\/#organization\"},\"potentialAction\":[{\"@type\":\"SearchAction\",\"target\":{\"@type\":\"EntryPoint\",\"urlTemplate\":\"https:\/\/rollingringdrives.com\/?s={search_term_string}\"},\"query-input\":{\"@type\":\"PropertyValueSpecification\",\"valueRequired\":true,\"valueName\":\"search_term_string\"}}],\"inLanguage\":\"de\"},{\"@type\":\"Organization\",\"@id\":\"https:\/\/rollingringdrives.com\/#organization\",\"name\":\"QiPang\",\"url\":\"https:\/\/rollingringdrives.com\/\",\"logo\":{\"@type\":\"ImageObject\",\"inLanguage\":\"de\",\"@id\":\"https:\/\/rollingringdrives.com\/#\/schema\/logo\/image\/\",\"url\":\"https:\/\/rollingringdrives.com\/wp-content\/uploads\/2023\/05\/cropped-\u672a\u547d\u540d\u7684\u8bbe\u8ba1.png\",\"contentUrl\":\"https:\/\/rollingringdrives.com\/wp-content\/uploads\/2023\/05\/cropped-\u672a\u547d\u540d\u7684\u8bbe\u8ba1.png\",\"width\":300,\"height\":191,\"caption\":\"QiPang\"},\"image\":{\"@id\":\"https:\/\/rollingringdrives.com\/#\/schema\/logo\/image\/\"}}]}<\/script>\n<!-- \/ Yoast SEO Premium plugin. -->","yoast_head_json":{"title":"Rollringantrieb f\u00fcr Welle mit 50 mm Durchmesser, Modell GP4-50 4JPX50 \u2013 QiPang","description":"Erweitern Sie Ihre Maschinen mit unserem 4-Rollring-Antrieb f\u00fcr Wellen mit 50 mm Durchmesser. Erreichen Sie eine maximale Lineargeschwindigkeit von 18 m\/min und ein Antriebsdrehmoment von 13 kg cm.","robots":{"index":"index","follow":"follow","max-snippet":"max-snippet:-1","max-image-preview":"max-image-preview:large","max-video-preview":"max-video-preview:-1"},"canonical":"https:\/\/rollingringdrives.com\/de\/produkt\/rollringantrieb-fur-50mm-durchmesser-welle-modell-gp50\/","og_locale":"de_DE","og_type":"article","og_title":"Rolling Ring Drive for 50mm Diameter Shaft Model GP4-50 4JPX50","og_description":"Elevate your machinery with our 4 Rolling Ring Drive for 50mm Diameter Shaft. Achieve a maximum linear speed of 18 m\/min and drive torque of 13 Kg Cm.","og_url":"https:\/\/rollingringdrives.com\/de\/produkt\/rollringantrieb-fur-50mm-durchmesser-welle-modell-gp50\/","og_site_name":"QiPang","article_modified_time":"2025-07-07T05:55:10+00:00","og_image":[{"width":1440,"height":1080,"url":"https:\/\/rollingringdrives.com\/wp-content\/uploads\/2023\/05\/\u65b0\u566850\u6392\u7ebf\u56684\u73af\u7684-3.jpg","type":"image\/jpeg"}],"twitter_card":"summary_large_image","twitter_misc":{"Gesch\u00e4tzte Lesezeit":"2\u00a0Minuten"},"schema":{"@context":"https:\/\/schema.org","@graph":[{"@type":"WebPage","@id":"https:\/\/rollingringdrives.com\/product\/rolling-ring-drive-for-50mm-diameter-shaft-model-gp50\/","url":"https:\/\/rollingringdrives.com\/product\/rolling-ring-drive-for-50mm-diameter-shaft-model-gp50\/","name":"Rollringantrieb f\u00fcr Welle mit 50 mm Durchmesser, Modell GP4-50 4JPX50 \u2013 QiPang","isPartOf":{"@id":"https:\/\/rollingringdrives.com\/#website"},"primaryImageOfPage":{"@id":"https:\/\/rollingringdrives.com\/product\/rolling-ring-drive-for-50mm-diameter-shaft-model-gp50\/#primaryimage"},"image":{"@id":"https:\/\/rollingringdrives.com\/product\/rolling-ring-drive-for-50mm-diameter-shaft-model-gp50\/#primaryimage"},"thumbnailUrl":"https:\/\/rollingringdrives.com\/wp-content\/uploads\/2023\/05\/\u65b0\u566850\u6392\u7ebf\u56684\u73af\u7684-3.jpg","datePublished":"2023-05-16T06:39:22+00:00","dateModified":"2025-07-07T05:55:10+00:00","description":"Erweitern Sie Ihre Maschinen mit unserem 4-Rollring-Antrieb f\u00fcr Wellen mit 50 mm Durchmesser. Erreichen Sie eine maximale Lineargeschwindigkeit von 18 m\/min und ein Antriebsdrehmoment von 13 kg cm.","breadcrumb":{"@id":"https:\/\/rollingringdrives.com\/product\/rolling-ring-drive-for-50mm-diameter-shaft-model-gp50\/#breadcrumb"},"inLanguage":"de","potentialAction":[{"@type":"ReadAction","target":["https:\/\/rollingringdrives.com\/product\/rolling-ring-drive-for-50mm-diameter-shaft-model-gp50\/"]}]},{"@type":"ImageObject","inLanguage":"de","@id":"https:\/\/rollingringdrives.com\/product\/rolling-ring-drive-for-50mm-diameter-shaft-model-gp50\/#primaryimage","url":"https:\/\/rollingringdrives.com\/wp-content\/uploads\/2023\/05\/\u65b0\u566850\u6392\u7ebf\u56684\u73af\u7684-3.jpg","contentUrl":"https:\/\/rollingringdrives.com\/wp-content\/uploads\/2023\/05\/\u65b0\u566850\u6392\u7ebf\u56684\u73af\u7684-3.jpg","width":1440,"height":1080,"caption":"Rolling Ring Drive for 50mm Diameter Shaft Model GP4-50 4JPX50"},{"@type":"BreadcrumbList","@id":"https:\/\/rollingringdrives.com\/product\/rolling-ring-drive-for-50mm-diameter-shaft-model-gp50\/#breadcrumb","itemListElement":[{"@type":"ListItem","position":1,"name":"Home","item":"https:\/\/rollingringdrives.com\/"},{"@type":"ListItem","position":2,"name":"Machines","item":"https:\/\/rollingringdrives.com\/machines\/"},{"@type":"ListItem","position":3,"name":"Rolling Ring Drive for 50mm Diameter Shaft Model GP4-50 4JPX50"}]},{"@type":"WebSite","@id":"https:\/\/rollingringdrives.com\/#website","url":"https:\/\/rollingringdrives.com\/","name":"QiPang","description":"QiPang-Blog","publisher":{"@id":"https:\/\/rollingringdrives.com\/#organization"},"potentialAction":[{"@type":"SearchAction","target":{"@type":"EntryPoint","urlTemplate":"https:\/\/rollingringdrives.com\/?s={search_term_string}"},"query-input":{"@type":"PropertyValueSpecification","valueRequired":true,"valueName":"search_term_string"}}],"inLanguage":"de"},{"@type":"Organization","@id":"https:\/\/rollingringdrives.com\/#organization","name":"QiPang","url":"https:\/\/rollingringdrives.com\/","logo":{"@type":"ImageObject","inLanguage":"de","@id":"https:\/\/rollingringdrives.com\/#\/schema\/logo\/image\/","url":"https:\/\/rollingringdrives.com\/wp-content\/uploads\/2023\/05\/cropped-\u672a\u547d\u540d\u7684\u8bbe\u8ba1.png","contentUrl":"https:\/\/rollingringdrives.com\/wp-content\/uploads\/2023\/05\/cropped-\u672a\u547d\u540d\u7684\u8bbe\u8ba1.png","width":300,"height":191,"caption":"QiPang"},"image":{"@id":"https:\/\/rollingringdrives.com\/#\/schema\/logo\/image\/"}}]}},"_links":{"self":[{"href":"https:\/\/rollingringdrives.com\/de\/wp-json\/wp\/v2\/product\/25512","targetHints":{"allow":["GET"]}}],"collection":[{"href":"https:\/\/rollingringdrives.com\/de\/wp-json\/wp\/v2\/product"}],"about":[{"href":"https:\/\/rollingringdrives.com\/de\/wp-json\/wp\/v2\/types\/product"}],"version-history":[{"count":0,"href":"https:\/\/rollingringdrives.com\/de\/wp-json\/wp\/v2\/product\/25512\/revisions"}],"wp:featuredmedia":[{"embeddable":true,"href":"https:\/\/rollingringdrives.com\/de\/wp-json\/wp\/v2\/media\/25884"}],"wp:attachment":[{"href":"https:\/\/rollingringdrives.com\/de\/wp-json\/wp\/v2\/media?parent=25512"}],"wp:term":[{"taxonomy":"product_brand","embeddable":true,"href":"https:\/\/rollingringdrives.com\/de\/wp-json\/wp\/v2\/product_brand?post=25512"},{"taxonomy":"product_cat","embeddable":true,"href":"https:\/\/rollingringdrives.com\/de\/wp-json\/wp\/v2\/product_cat?post=25512"},{"taxonomy":"product_tag","embeddable":true,"href":"https:\/\/rollingringdrives.com\/de\/wp-json\/wp\/v2\/product_tag?post=25512"}],"curies":[{"name":"wp","href":"https:\/\/api.w.org\/{rel}","templated":true}]}}