{"id":25519,"date":"2023-05-16T06:56:26","date_gmt":"2023-05-16T06:56:26","guid":{"rendered":"https:\/\/rollingringdrives.com\/?post_type=product&#038;p=25519"},"modified":"2025-07-07T05:54:16","modified_gmt":"2025-07-07T05:54:16","slug":"rolling-ring-drive-for-60mm-diameter-shaft-model-gp60","status":"publish","type":"product","link":"https:\/\/rollingringdrives.com\/de\/produkt\/rollringantrieb-fur-60-mm-wellendurchmesser-modell-gp60\/","title":{"rendered":"Rollringantrieb f\u00fcr Welle mit 60 mm Durchmesser, Modell GP4-60 4JPX60"},"content":{"rendered":"<div class=\"xiaoshujiang_element xsj_anchor\"><\/div>\n<h2 id=\"traverse20unit20model20rg4-60-2mcrfgp60_2\" class=\"xsj_heading_hash xsj_heading xsj_heading_h2\" data-source-line=\"2\" data-source-line-display=\"true\"><span class=\"xsj_heading_content\">Traverse-Einheit <span style=\"text-decoration: underline;\">Modell GP4-60\/4JPX60<\/span><\/span><\/h2>\n<p class=\"xsj_paragraph xsj_paragraph_level_0\" data-source-line=\"4\" data-source-line-display=\"true\">Der\u00a0<strong class=\"markdown_strong_asterisk\">Traverseneinheit Modell GP4-60\/4JPX60<\/strong>\u00a0ist eine Hochleistungsmaschine\u00a0<strong class=\"markdown_strong_asterisk\">Rollringantrieb<\/strong>\u00a0konzipiert f\u00fcr a\u00a0<strong class=\"markdown_strong_asterisk\">Schaft mit 60 mm Durchmesser<\/strong>. Dieses Ger\u00e4t hat <strong class=\"markdown_strong_asterisk\">4 Rollringe<\/strong>, was eine reibungslose lineare und rotierende Bewegung erm\u00f6glicht. Mit einem maximalen Seitenschub von 200 Ka und einer maximalen Steigung von 46 mm sorgt dieser Rollringantrieb f\u00fcr eine pr\u00e4zise und effiziente Bewegungssteuerung. Er verf\u00fcgt \u00fcber eine volle Wellengeschwindigkeit von 350 U\/min und eine maximale lineare Geschwindigkeit von 17,5 Metern\/Minute, was ihn zur idealen Wahl f\u00fcr Hochgeschwindigkeitsanwendungen macht. Dieses Ger\u00e4t wiegt 55 kg und hat ein Antriebsdrehmoment von 16 kg cm.<\/p>\n<p data-source-line=\"4\" data-source-line-display=\"true\"><div id=\"footable_parent_25521\"\n         class=\"footable_parent ninja_table_wrapper loading_ninja_table wp_table_data_press_parent semantic_ui\">\n                <table data-ninja_table_instance=\"ninja_table_instance_0\" data-footable_id=\"25521\" data-filter-delay=\"1000\" aria-label=\"6. X3sLSX-Datei (2).csv\"            id=\"footable_25521\"\n           data-unique_identifier=\"ninja_table_unique_id_140219502_25521\"\n           class=\"foo-table ninja_footable foo_table_25521 ninja_table_unique_id_140219502_25521 ui table  nt_type_legacy_table selectable striped vertical_centered  footable-paging-right ninja_table_search_disabled ninja_table_pro\">\n                <colgroup>\n                            <col class=\"ninja_column_0\">\n                            <col class=\"ninja_column_1\">\n                    <\/colgroup>\n        <thead>\n<tr class=\"footable-header\">\n                                        <th scope=\"col\"  class=\"ninja_column_0 ninja_clmn_nm_parameter\">Parameter<\/th><th scope=\"col\"  class=\"ninja_column_1 ninja_clmn_nm_value\">Wert<\/th><\/tr>\n<\/thead>\n<tbody>\n\n        <tr data-row_id=\"91\" class=\"ninja_table_row_0 nt_row_id_91\">\n            <td>Anzahl der Rollringe<\/td><td>4<\/td>        <\/tr>\n            <tr data-row_id=\"92\" class=\"ninja_table_row_1 nt_row_id_92\">\n            <td>Maximaler Seitenschub<\/td><td>200 Ka<\/td>        <\/tr>\n            <tr data-row_id=\"93\" class=\"ninja_table_row_2 nt_row_id_93\">\n            <td>Maximale Tonh\u00f6he<\/td><td>46 mm<\/td>        <\/tr>\n            <tr data-row_id=\"94\" class=\"ninja_table_row_3 nt_row_id_94\">\n            <td>Maximale Wellengeschwindigkeit<\/td><td>350 U\/min<\/td>        <\/tr>\n            <tr data-row_id=\"95\" class=\"ninja_table_row_4 nt_row_id_95\">\n            <td>Maximale lineare Geschwindigkeit<\/td><td>17,5 Meter\/Minute<\/td>        <\/tr>\n            <tr data-row_id=\"96\" class=\"ninja_table_row_5 nt_row_id_96\">\n            <td>Gewicht<\/td><td>55 kg<\/td>        <\/tr>\n            <tr data-row_id=\"97\" class=\"ninja_table_row_6 nt_row_id_97\">\n            <td>Antriebsdrehmoment<\/td><td>16 kg cm<\/td>        <\/tr>\n    <\/tbody><!--ninja_tobody_rendering_done-->\n    <\/table>\n    \n    \n    \n<\/div>\n<a class=\"blank_anchor_name\" style=\"font-size: 16px;\" name=\"applications_3\"><\/a><a id=\"applications_3\" class=\"blank_anchor_id\" style=\"font-size: 16px;\"><\/a><a class=\"blank_anchor_name\" style=\"font-size: 16px;\" name=\"applications\"><\/a><a id=\"applications\" class=\"blank_anchor_id\" style=\"font-size: 16px;\"><\/a><\/p>\n<div class=\"xiaoshujiang_element xsj_anchor\"><\/div>\n<h2 id=\"applications_3\" class=\"xsj_heading_hash xsj_heading xsj_heading_h2\" data-source-line=\"6\" data-source-line-display=\"true\"><span class=\"xsj_heading_content\">Anwendungen:<\/span><\/h2>\n<ol class=\"markdown_ol\" data-source-line=\"8\">\n<li data-source-line=\"8\">Pr\u00e4zisionsbearbeitung.<\/li>\n<li data-source-line=\"9\">Laserschneiden und Gravieren.<\/li>\n<li data-source-line=\"10\">Materialhandhabung.<\/li>\n<li data-source-line=\"11\">Robotik.<\/li>\n<li data-source-line=\"12\">Automatisierte Fertigungsprozesse.<\/li>\n<\/ol>\n<div class=\"xiaoshujiang_element xsj_anchor\"><a class=\"blank_anchor_name\" name=\"faqs_4\"><\/a><a id=\"faqs_4\" class=\"blank_anchor_id\"><\/a><a class=\"blank_anchor_name\" name=\"faqs\"><\/a><a id=\"faqs\" class=\"blank_anchor_id\"><\/a><\/div>\n<h2 id=\"rolling20ring20drive20for2060mm20diameter20shaft_1\" class=\"xsj_heading_hash xsj_heading xsj_heading_h2\" data-source-line=\"0\" data-source-line-display=\"true\"><span class=\"xsj_heading_content\">Rollringantrieb f\u00fcr Welle mit 60 mm Durchmesser\u00a0<\/span><span class=\"xsj_heading_content\">FAQs:<\/span><\/h2>\n<p class=\"xsj_paragraph xsj_paragraph_level_0\" data-source-line=\"17\" data-source-line-display=\"true\"><strong class=\"markdown_strong_asterisk\">1. Was ist ein Rollringantrieb?<\/strong><br \/>\nEin Rollringantrieb ist eine Bewegungssteuerungskomponente, die zur Umwandlung einer Drehbewegung in eine lineare Bewegung verwendet wird.<\/p>\n<p class=\"xsj_paragraph xsj_paragraph_level_0\" data-source-line=\"20\" data-source-line-display=\"true\"><strong class=\"markdown_strong_asterisk\">2. Wie viele Rollringe hat das Traverse Unit Model RG4-60-2MCRF\/GP60?<\/strong><br \/>\nDas Traverse-Unit-Modell <strong class=\"markdown_strong_asterisk\">GP4-60\/4JPX60<\/strong> ist mit vier Rollringen ausgestattet.<\/p>\n<p class=\"xsj_paragraph xsj_paragraph_level_0\" data-source-line=\"23\" data-source-line-display=\"true\"><strong class=\"markdown_strong_asterisk\">3. Wie gro\u00df ist die maximale Steigung des Traverseneinheitsmodells RG4-60-2MCRF\/GP60?<\/strong><br \/>\nDas Traverse-Unit-Modell <strong class=\"markdown_strong_asterisk\">GP4-60\/4JPX60<\/strong> hat eine maximale Steigung von 46 mm.<\/p>\n<p class=\"xsj_paragraph xsj_paragraph_level_0\" data-source-line=\"26\" data-source-line-display=\"true\"><strong class=\"markdown_strong_asterisk\">4. Wie hoch ist die maximale Lineargeschwindigkeit des Traverseneinheitsmodells RG4-60-2MCRF\/GP60?<\/strong><br \/>\nDas Traverse-Unit-Modell <strong class=\"markdown_strong_asterisk\">GP4-60\/4JPX60<\/strong> hat eine maximale lineare Geschwindigkeit von 17,5 Metern\/Minute.<\/p>\n<p class=\"xsj_paragraph xsj_paragraph_level_0\" data-source-line=\"29\" data-source-line-display=\"true\"><strong class=\"markdown_strong_asterisk\">5. Wie schwer ist die Traverse-Einheit Modell RG4-60-2MCRF\/GP60?<\/strong><br \/>\nDas Traverse-Unit-Modell <strong class=\"markdown_strong_asterisk\">GP4-60\/4JPX60<\/strong> wiegt nur 22 kg und ist daher leicht und einfach zu handhaben.<\/p>","protected":false},"excerpt":{"rendered":"<h2 id=\"features_3\" class=\"xsj_heading_hash xsj_heading xsj_heading_h2\" data-source-line=\"6\" data-source-line-display=\"true\"><span class=\"xsj_heading_content\">Merkmale:<\/span><\/h2>\n<ol>\n<li class=\"xsj_paragraph xsj_paragraph_level_0\" data-source-line=\"8\" data-source-line-display=\"true\">Ausgestattet mit vier Rollringen f\u00fcr sanfte lineare und rotierende Bewegungen.<\/li>\n<li class=\"xsj_paragraph xsj_paragraph_level_0\" data-source-line=\"10\" data-source-line-display=\"true\">Ein maximaler Seitenschub von 200 Ka und eine maximale Steigung von 46 mm sorgen f\u00fcr eine pr\u00e4zise und effiziente Bewegungssteuerung.<\/li>\n<li class=\"xsj_paragraph xsj_paragraph_level_0\" data-source-line=\"12\" data-source-line-display=\"true\">Maximale Wellengeschwindigkeit von 350 U\/min und maximale lineare Geschwindigkeit von 17,5 Metern\/Minute f\u00fcr Hochgeschwindigkeitsanwendungen.<\/li>\n<li class=\"xsj_paragraph xsj_paragraph_level_0\" data-source-line=\"14\" data-source-line-display=\"true\">Leichtes und kompaktes Design zur einfachen Integration in bestehende Systeme.<\/li>\n<li class=\"xsj_paragraph xsj_paragraph_level_0\" data-source-line=\"16\" data-source-line-display=\"true\">Robuste Konstruktion f\u00fcr dauerhafte Leistung und Haltbarkeit.<\/li>\n<\/ol>","protected":false},"featured_media":27652,"template":"","meta":{"site-sidebar-layout":"default","site-content-layout":"default","ast-global-header-display":"","ast-banner-title-visibility":"","ast-main-header-display":"","ast-hfb-above-header-display":"","ast-hfb-below-header-display":"","ast-hfb-mobile-header-display":"","site-post-title":"","ast-breadcrumbs-content":"","ast-featured-img":"","footer-sml-layout":"","theme-transparent-header-meta":"default","adv-header-id-meta":"","stick-header-meta":"","header-above-stick-meta":"","header-main-stick-meta":"","header-below-stick-meta":""},"product_brand":[],"product_cat":[34,38],"product_tag":[],"class_list":{"0":"post-25519","1":"product","2":"type-product","3":"status-publish","4":"has-post-thumbnail","6":"product_cat-rolling-ring-drive","7":"product_cat-gp4-type","8":"desktop-align-left","9":"tablet-align-left","10":"mobile-align-left","12":"first","13":"instock","14":"shipping-taxable","15":"product-type-simple"},"yoast_head":"<!-- This site is optimized with the Yoast SEO Premium plugin v20.12 (Yoast SEO v26.0) - https:\/\/yoast.com\/wordpress\/plugins\/seo\/ -->\n<title>Rolling Ring Drive for 60mm Diameter Shaft Model GP4-60 4JPX60 - QiPang<\/title>\n<meta name=\"description\" content=\"Upgrade your equipment with our 4 Rolling Ring Drive for 60mm Diameter Shaft. Get a max linear speed of 17.5 m\/min and drive torque of 16 Kg Cm.\" \/>\n<meta name=\"robots\" content=\"index, follow, max-snippet:-1, max-image-preview:large, max-video-preview:-1\" \/>\n<link rel=\"canonical\" href=\"https:\/\/rollingringdrives.com\/de\/produkt\/rollringantrieb-fur-60-mm-wellendurchmesser-modell-gp60\/\" \/>\n<meta property=\"og:locale\" content=\"de_DE\" \/>\n<meta property=\"og:type\" content=\"article\" \/>\n<meta property=\"og:title\" content=\"Rolling Ring Drive for 60mm Diameter Shaft Model GP4-60 4JPX60\" \/>\n<meta property=\"og:description\" content=\"Upgrade your equipment with our 4 Rolling Ring Drive for 60mm Diameter Shaft. Get a max linear speed of 17.5 m\/min and drive torque of 16 Kg Cm.\" \/>\n<meta property=\"og:url\" content=\"https:\/\/rollingringdrives.com\/de\/produkt\/rollringantrieb-fur-60-mm-wellendurchmesser-modell-gp60\/\" \/>\n<meta property=\"og:site_name\" content=\"QiPang\" \/>\n<meta property=\"article:modified_time\" content=\"2025-07-07T05:54:16+00:00\" \/>\n<meta property=\"og:image\" content=\"https:\/\/rollingringdrives.com\/wp-content\/uploads\/2023\/05\/\u65b0\u566850\u6392\u7ebf\u56684\u73af\u7684-3-1.jpg\" \/>\n\t<meta property=\"og:image:width\" content=\"1440\" \/>\n\t<meta property=\"og:image:height\" content=\"1080\" \/>\n\t<meta property=\"og:image:type\" content=\"image\/jpeg\" \/>\n<meta name=\"twitter:card\" content=\"summary_large_image\" \/>\n<meta name=\"twitter:label1\" content=\"Gesch\u00e4tzte Lesezeit\" \/>\n\t<meta name=\"twitter:data1\" content=\"2\u00a0Minuten\" \/>\n<script type=\"application\/ld+json\" class=\"yoast-schema-graph\">{\"@context\":\"https:\/\/schema.org\",\"@graph\":[{\"@type\":\"WebPage\",\"@id\":\"https:\/\/rollingringdrives.com\/product\/rolling-ring-drive-for-60mm-diameter-shaft-model-gp60\/\",\"url\":\"https:\/\/rollingringdrives.com\/product\/rolling-ring-drive-for-60mm-diameter-shaft-model-gp60\/\",\"name\":\"Rolling Ring Drive for 60mm Diameter Shaft Model GP4-60 4JPX60 - QiPang\",\"isPartOf\":{\"@id\":\"https:\/\/rollingringdrives.com\/#website\"},\"primaryImageOfPage\":{\"@id\":\"https:\/\/rollingringdrives.com\/product\/rolling-ring-drive-for-60mm-diameter-shaft-model-gp60\/#primaryimage\"},\"image\":{\"@id\":\"https:\/\/rollingringdrives.com\/product\/rolling-ring-drive-for-60mm-diameter-shaft-model-gp60\/#primaryimage\"},\"thumbnailUrl\":\"https:\/\/rollingringdrives.com\/wp-content\/uploads\/2023\/05\/\u65b0\u566850\u6392\u7ebf\u56684\u73af\u7684-3-1.jpg\",\"datePublished\":\"2023-05-16T06:56:26+00:00\",\"dateModified\":\"2025-07-07T05:54:16+00:00\",\"description\":\"Upgrade your equipment with our 4 Rolling Ring Drive for 60mm Diameter Shaft. Get a max linear speed of 17.5 m\/min and drive torque of 16 Kg Cm.\",\"breadcrumb\":{\"@id\":\"https:\/\/rollingringdrives.com\/product\/rolling-ring-drive-for-60mm-diameter-shaft-model-gp60\/#breadcrumb\"},\"inLanguage\":\"de\",\"potentialAction\":[{\"@type\":\"ReadAction\",\"target\":[\"https:\/\/rollingringdrives.com\/product\/rolling-ring-drive-for-60mm-diameter-shaft-model-gp60\/\"]}]},{\"@type\":\"ImageObject\",\"inLanguage\":\"de\",\"@id\":\"https:\/\/rollingringdrives.com\/product\/rolling-ring-drive-for-60mm-diameter-shaft-model-gp60\/#primaryimage\",\"url\":\"https:\/\/rollingringdrives.com\/wp-content\/uploads\/2023\/05\/\u65b0\u566850\u6392\u7ebf\u56684\u73af\u7684-3-1.jpg\",\"contentUrl\":\"https:\/\/rollingringdrives.com\/wp-content\/uploads\/2023\/05\/\u65b0\u566850\u6392\u7ebf\u56684\u73af\u7684-3-1.jpg\",\"width\":1440,\"height\":1080,\"caption\":\"Rolling Ring Drive for 60mm Diameter Shaft Model GP4-60 4JPX60\"},{\"@type\":\"BreadcrumbList\",\"@id\":\"https:\/\/rollingringdrives.com\/product\/rolling-ring-drive-for-60mm-diameter-shaft-model-gp60\/#breadcrumb\",\"itemListElement\":[{\"@type\":\"ListItem\",\"position\":1,\"name\":\"Home\",\"item\":\"https:\/\/rollingringdrives.com\/\"},{\"@type\":\"ListItem\",\"position\":2,\"name\":\"Machines\",\"item\":\"https:\/\/rollingringdrives.com\/machines\/\"},{\"@type\":\"ListItem\",\"position\":3,\"name\":\"Rolling Ring Drive for 60mm Diameter Shaft Model GP4-60 4JPX60\"}]},{\"@type\":\"WebSite\",\"@id\":\"https:\/\/rollingringdrives.com\/#website\",\"url\":\"https:\/\/rollingringdrives.com\/\",\"name\":\"QiPang\",\"description\":\"QiPang Blog\",\"publisher\":{\"@id\":\"https:\/\/rollingringdrives.com\/#organization\"},\"potentialAction\":[{\"@type\":\"SearchAction\",\"target\":{\"@type\":\"EntryPoint\",\"urlTemplate\":\"https:\/\/rollingringdrives.com\/?s={search_term_string}\"},\"query-input\":{\"@type\":\"PropertyValueSpecification\",\"valueRequired\":true,\"valueName\":\"search_term_string\"}}],\"inLanguage\":\"de\"},{\"@type\":\"Organization\",\"@id\":\"https:\/\/rollingringdrives.com\/#organization\",\"name\":\"QiPang\",\"url\":\"https:\/\/rollingringdrives.com\/\",\"logo\":{\"@type\":\"ImageObject\",\"inLanguage\":\"de\",\"@id\":\"https:\/\/rollingringdrives.com\/#\/schema\/logo\/image\/\",\"url\":\"https:\/\/rollingringdrives.com\/wp-content\/uploads\/2023\/05\/cropped-\u672a\u547d\u540d\u7684\u8bbe\u8ba1.png\",\"contentUrl\":\"https:\/\/rollingringdrives.com\/wp-content\/uploads\/2023\/05\/cropped-\u672a\u547d\u540d\u7684\u8bbe\u8ba1.png\",\"width\":300,\"height\":191,\"caption\":\"QiPang\"},\"image\":{\"@id\":\"https:\/\/rollingringdrives.com\/#\/schema\/logo\/image\/\"}}]}<\/script>\n<!-- \/ Yoast SEO Premium plugin. -->","yoast_head_json":{"title":"Rollringantrieb f\u00fcr Welle mit 60 mm Durchmesser, Modell GP4-60 4JPX60 \u2013 QiPang","description":"R\u00fcsten Sie Ihre Ausr\u00fcstung mit unserem 4-Rollring-Antrieb f\u00fcr Wellen mit 60 mm Durchmesser auf. Erreichen Sie eine maximale Lineargeschwindigkeit von 17,5 m\/min und ein Antriebsdrehmoment von 16 kg cm.","robots":{"index":"index","follow":"follow","max-snippet":"max-snippet:-1","max-image-preview":"max-image-preview:large","max-video-preview":"max-video-preview:-1"},"canonical":"https:\/\/rollingringdrives.com\/de\/produkt\/rollringantrieb-fur-60-mm-wellendurchmesser-modell-gp60\/","og_locale":"de_DE","og_type":"article","og_title":"Rolling Ring Drive for 60mm Diameter Shaft Model GP4-60 4JPX60","og_description":"Upgrade your equipment with our 4 Rolling Ring Drive for 60mm Diameter Shaft. Get a max linear speed of 17.5 m\/min and drive torque of 16 Kg Cm.","og_url":"https:\/\/rollingringdrives.com\/de\/produkt\/rollringantrieb-fur-60-mm-wellendurchmesser-modell-gp60\/","og_site_name":"QiPang","article_modified_time":"2025-07-07T05:54:16+00:00","og_image":[{"width":1440,"height":1080,"url":"https:\/\/rollingringdrives.com\/wp-content\/uploads\/2023\/05\/\u65b0\u566850\u6392\u7ebf\u56684\u73af\u7684-3-1.jpg","type":"image\/jpeg"}],"twitter_card":"summary_large_image","twitter_misc":{"Gesch\u00e4tzte Lesezeit":"2\u00a0Minuten"},"schema":{"@context":"https:\/\/schema.org","@graph":[{"@type":"WebPage","@id":"https:\/\/rollingringdrives.com\/product\/rolling-ring-drive-for-60mm-diameter-shaft-model-gp60\/","url":"https:\/\/rollingringdrives.com\/product\/rolling-ring-drive-for-60mm-diameter-shaft-model-gp60\/","name":"Rollringantrieb f\u00fcr Welle mit 60 mm Durchmesser, Modell GP4-60 4JPX60 \u2013 QiPang","isPartOf":{"@id":"https:\/\/rollingringdrives.com\/#website"},"primaryImageOfPage":{"@id":"https:\/\/rollingringdrives.com\/product\/rolling-ring-drive-for-60mm-diameter-shaft-model-gp60\/#primaryimage"},"image":{"@id":"https:\/\/rollingringdrives.com\/product\/rolling-ring-drive-for-60mm-diameter-shaft-model-gp60\/#primaryimage"},"thumbnailUrl":"https:\/\/rollingringdrives.com\/wp-content\/uploads\/2023\/05\/\u65b0\u566850\u6392\u7ebf\u56684\u73af\u7684-3-1.jpg","datePublished":"2023-05-16T06:56:26+00:00","dateModified":"2025-07-07T05:54:16+00:00","description":"R\u00fcsten Sie Ihre Ausr\u00fcstung mit unserem 4-Rollring-Antrieb f\u00fcr Wellen mit 60 mm Durchmesser auf. Erreichen Sie eine maximale Lineargeschwindigkeit von 17,5 m\/min und ein Antriebsdrehmoment von 16 kg cm.","breadcrumb":{"@id":"https:\/\/rollingringdrives.com\/product\/rolling-ring-drive-for-60mm-diameter-shaft-model-gp60\/#breadcrumb"},"inLanguage":"de","potentialAction":[{"@type":"ReadAction","target":["https:\/\/rollingringdrives.com\/product\/rolling-ring-drive-for-60mm-diameter-shaft-model-gp60\/"]}]},{"@type":"ImageObject","inLanguage":"de","@id":"https:\/\/rollingringdrives.com\/product\/rolling-ring-drive-for-60mm-diameter-shaft-model-gp60\/#primaryimage","url":"https:\/\/rollingringdrives.com\/wp-content\/uploads\/2023\/05\/\u65b0\u566850\u6392\u7ebf\u56684\u73af\u7684-3-1.jpg","contentUrl":"https:\/\/rollingringdrives.com\/wp-content\/uploads\/2023\/05\/\u65b0\u566850\u6392\u7ebf\u56684\u73af\u7684-3-1.jpg","width":1440,"height":1080,"caption":"Rolling Ring Drive for 60mm Diameter Shaft Model GP4-60 4JPX60"},{"@type":"BreadcrumbList","@id":"https:\/\/rollingringdrives.com\/product\/rolling-ring-drive-for-60mm-diameter-shaft-model-gp60\/#breadcrumb","itemListElement":[{"@type":"ListItem","position":1,"name":"Home","item":"https:\/\/rollingringdrives.com\/"},{"@type":"ListItem","position":2,"name":"Machines","item":"https:\/\/rollingringdrives.com\/machines\/"},{"@type":"ListItem","position":3,"name":"Rolling Ring Drive for 60mm Diameter Shaft Model GP4-60 4JPX60"}]},{"@type":"WebSite","@id":"https:\/\/rollingringdrives.com\/#website","url":"https:\/\/rollingringdrives.com\/","name":"QiPang","description":"QiPang-Blog","publisher":{"@id":"https:\/\/rollingringdrives.com\/#organization"},"potentialAction":[{"@type":"SearchAction","target":{"@type":"EntryPoint","urlTemplate":"https:\/\/rollingringdrives.com\/?s={search_term_string}"},"query-input":{"@type":"PropertyValueSpecification","valueRequired":true,"valueName":"search_term_string"}}],"inLanguage":"de"},{"@type":"Organization","@id":"https:\/\/rollingringdrives.com\/#organization","name":"QiPang","url":"https:\/\/rollingringdrives.com\/","logo":{"@type":"ImageObject","inLanguage":"de","@id":"https:\/\/rollingringdrives.com\/#\/schema\/logo\/image\/","url":"https:\/\/rollingringdrives.com\/wp-content\/uploads\/2023\/05\/cropped-\u672a\u547d\u540d\u7684\u8bbe\u8ba1.png","contentUrl":"https:\/\/rollingringdrives.com\/wp-content\/uploads\/2023\/05\/cropped-\u672a\u547d\u540d\u7684\u8bbe\u8ba1.png","width":300,"height":191,"caption":"QiPang"},"image":{"@id":"https:\/\/rollingringdrives.com\/#\/schema\/logo\/image\/"}}]}},"_links":{"self":[{"href":"https:\/\/rollingringdrives.com\/de\/wp-json\/wp\/v2\/product\/25519","targetHints":{"allow":["GET"]}}],"collection":[{"href":"https:\/\/rollingringdrives.com\/de\/wp-json\/wp\/v2\/product"}],"about":[{"href":"https:\/\/rollingringdrives.com\/de\/wp-json\/wp\/v2\/types\/product"}],"version-history":[{"count":0,"href":"https:\/\/rollingringdrives.com\/de\/wp-json\/wp\/v2\/product\/25519\/revisions"}],"wp:featuredmedia":[{"embeddable":true,"href":"https:\/\/rollingringdrives.com\/de\/wp-json\/wp\/v2\/media\/27652"}],"wp:attachment":[{"href":"https:\/\/rollingringdrives.com\/de\/wp-json\/wp\/v2\/media?parent=25519"}],"wp:term":[{"taxonomy":"product_brand","embeddable":true,"href":"https:\/\/rollingringdrives.com\/de\/wp-json\/wp\/v2\/product_brand?post=25519"},{"taxonomy":"product_cat","embeddable":true,"href":"https:\/\/rollingringdrives.com\/de\/wp-json\/wp\/v2\/product_cat?post=25519"},{"taxonomy":"product_tag","embeddable":true,"href":"https:\/\/rollingringdrives.com\/de\/wp-json\/wp\/v2\/product_tag?post=25519"}],"curies":[{"name":"wp","href":"https:\/\/api.w.org\/{rel}","templated":true}]}}