{"id":25525,"date":"2023-05-16T08:45:59","date_gmt":"2023-05-16T08:45:59","guid":{"rendered":"https:\/\/rollingringdrives.com\/?post_type=product&#038;p=25525"},"modified":"2023-05-31T02:46:06","modified_gmt":"2023-05-31T02:46:06","slug":"rolling-ring-drive-similar-to-uhing-rg3-15-2mcrf-for-15mm-diameter-shaft","status":"publish","type":"product","link":"https:\/\/rollingringdrives.com\/de\/produkt\/rollringantrieb-ahnlich-uhing-rg3-15-2mcrf-fur-15mm-durchmesser-welle\/","title":{"rendered":"Rollringantrieb \u00e4hnlich RG3-15-2MCRF f\u00fcr Wellen mit 15 mm Durchmesser"},"content":{"rendered":"<div class=\"xiaoshujiang_element xsj_anchor\"><\/div>\n<h2 id=\"traverse20units20model20rg3-15-2mcrfpx15_2\" class=\"xsj_heading_hash xsj_heading xsj_heading_h2\" data-source-line=\"2\" data-source-line-display=\"true\"><span class=\"xsj_heading_content\">Traverse-Einheiten <span style=\"text-decoration: underline;\"><strong>Modell RG3-15-2MCRF\/PX15<\/strong><\/span><\/span><\/h2>\n<p class=\"xsj_paragraph xsj_paragraph_level_0\" data-source-line=\"4\" data-source-line-display=\"true\">Der <strong>Rollringantrieb RG3-15-2MCRF\/PX15<\/strong> ist ein vielseitiges und zuverl\u00e4ssiges Antriebssystem, das nutzt <strong>\u00c4hnlich wie Uhing-Traverseneinheiten<\/strong> f\u00fcr \u00fcberlegene Leistung. Mit <strong>3 Rollringe<\/strong>Mit diesem Antriebssystem kann ein maximaler Seitenschub von bis zu 9 kg oder 90 N erreicht werden. Au\u00dferdem verf\u00fcgt es \u00fcber eine maximale Steigung von 10 mm, was eine lineare Bewegung mit einer Wellendrehung bei Einstellung zehn auf dem Zifferblatt erm\u00f6glicht. Bei 2000 U\/min kann dieses Antriebssystem eine maximale Wellengeschwindigkeit mit einer maximalen linearen Geschwindigkeit von 19 Metern pro Minute erreichen. Dieses Modell ist f\u00fcr a konzipiert <strong>Schaft mit 15 mm Durchmesser<\/strong> und wiegt nur 0,9 kg, wodurch es sich perfekt f\u00fcr verschiedene Anwendungen eignet.<\/p>\n<p data-source-line=\"4\" data-source-line-display=\"true\"><div id=\"footable_parent_25531\"\n         class=\"footable_parent ninja_table_wrapper loading_ninja_table wp_table_data_press_parent semantic_ui\">\n                <table data-ninja_table_instance=\"ninja_table_instance_0\" data-footable_id=\"25531\" data-filter-delay=\"1000\" aria-label=\"7. X3sLSX-Datei (2).csv\"            id=\"footable_25531\"\n           data-unique_identifier=\"ninja_table_unique_id_1986028476_25531\"\n           class=\"foo-table ninja_footable foo_table_25531 ninja_table_unique_id_1986028476_25531 ui table  nt_type_legacy_table selectable striped vertical_centered  footable-paging-right ninja_table_search_disabled ninja_table_pro\">\n                <colgroup>\n                            <col class=\"ninja_column_0\">\n                            <col class=\"ninja_column_1\">\n                    <\/colgroup>\n        <thead>\n<tr class=\"footable-header\">\n                                        <th scope=\"col\"  class=\"ninja_column_0 ninja_clmn_nm_parameter\">Parameter<\/th><th scope=\"col\"  class=\"ninja_column_1 ninja_clmn_nm_value\">Wert<\/th><\/tr>\n<\/thead>\n<tbody>\n\n        <tr data-row_id=\"98\" class=\"ninja_table_row_0 nt_row_id_98\">\n            <td>Anzahl der Rollringe<\/td><td>3<\/td>        <\/tr>\n            <tr data-row_id=\"99\" class=\"ninja_table_row_1 nt_row_id_99\">\n            <td>Maximaler Seitenschub<\/td><td>9 kg \/ 90 N<\/td>        <\/tr>\n            <tr data-row_id=\"100\" class=\"ninja_table_row_2 nt_row_id_100\">\n            <td>Maximale Tonh\u00f6he<\/td><td>10 mm (Lineare Bewegung f\u00fcr eine Umdrehung der Welle bei Einstellung 10 auf dem Zifferblatt)<\/td>        <\/tr>\n            <tr data-row_id=\"101\" class=\"ninja_table_row_3 nt_row_id_101\">\n            <td>Maximale Wellengeschwindigkeit<\/td><td>2000 U\/min<\/td>        <\/tr>\n            <tr data-row_id=\"102\" class=\"ninja_table_row_4 nt_row_id_102\">\n            <td>Maximale lineare Geschwindigkeit<\/td><td>19 Meter\/Minute<\/td>        <\/tr>\n            <tr data-row_id=\"103\" class=\"ninja_table_row_5 nt_row_id_103\">\n            <td>Gewicht<\/td><td>0,9 KG<\/td>        <\/tr>\n            <tr data-row_id=\"104\" class=\"ninja_table_row_6 nt_row_id_104\">\n            <td>Antriebsdrehmoment<\/td><td>0,3 kg cm<\/td>        <\/tr>\n    <\/tbody><!--ninja_tobody_rendering_done-->\n    <\/table>\n    \n    \n    \n<\/div>\n<\/p>\n<figure id=\"attachment_27213\" aria-describedby=\"caption-attachment-27213\" style=\"width: 1024px\" class=\"wp-caption alignnone\"><img fetchpriority=\"high\" decoding=\"async\" class=\"wp-image-27213 size-large\" src=\"https:\/\/rollingringdrives.com\/wp-content\/uploads\/2023\/05\/\u5fb7\u56fd15\u5916\u5f62\u5c3a\u5bf8_00-1024x724.png\" alt=\"Deutschland RG3-15-2MCRF Ma\u00dfzeichnung\" width=\"1024\" height=\"724\" srcset=\"https:\/\/rollingringdrives.com\/wp-content\/uploads\/2023\/05\/\u5fb7\u56fd15\u5916\u5f62\u5c3a\u5bf8_00-1024x724.png 1024w, https:\/\/rollingringdrives.com\/wp-content\/uploads\/2023\/05\/\u5fb7\u56fd15\u5916\u5f62\u5c3a\u5bf8_00-300x212.png 300w, https:\/\/rollingringdrives.com\/wp-content\/uploads\/2023\/05\/\u5fb7\u56fd15\u5916\u5f62\u5c3a\u5bf8_00-768x543.png 768w, https:\/\/rollingringdrives.com\/wp-content\/uploads\/2023\/05\/\u5fb7\u56fd15\u5916\u5f62\u5c3a\u5bf8_00-1536x1086.png 1536w, https:\/\/rollingringdrives.com\/wp-content\/uploads\/2023\/05\/\u5fb7\u56fd15\u5916\u5f62\u5c3a\u5bf8_00-2048x1448.png 2048w, https:\/\/rollingringdrives.com\/wp-content\/uploads\/2023\/05\/\u5fb7\u56fd15\u5916\u5f62\u5c3a\u5bf8_00-600x424.png 600w\" sizes=\"(max-width: 1024px) 100vw, 1024px\" \/><figcaption id=\"caption-attachment-27213\" class=\"wp-caption-text\">Deutschland RG3-15-2MCRF Ma\u00dfzeichnung<\/figcaption><\/figure>\n<div class=\"xiaoshujiang_element xsj_anchor\"><a href=\"https:\/\/rollingringdrives.com\/wp-content\/uploads\/2023\/05\/Instruction-manual.pdf\" target=\"_blank\" rel=\"noopener\">Handbuch herunterladen\u2193<\/a><a class=\"blank_anchor_name\" name=\"applications_3\"><\/a><a id=\"applications_3\" class=\"blank_anchor_id\"><\/a><a class=\"blank_anchor_name\" name=\"applications\"><\/a><a id=\"applications\" class=\"blank_anchor_id\"><\/a><\/div>\n<div><\/div>\n<h2 id=\"applications_3\" class=\"xsj_heading_hash xsj_heading xsj_heading_h2\" data-source-line=\"6\" data-source-line-display=\"true\"><span class=\"xsj_heading_content\">Anwendungen:<\/span><\/h2>\n<p class=\"xsj_paragraph xsj_paragraph_level_0\" data-source-line=\"8\" data-source-line-display=\"true\">Der Rollringantrieb RG3-15-2MCRF\/PX15 eignet sich perfekt f\u00fcr eine Reihe von Anwendungen, darunter:<\/p>\n<ol>\n<li class=\"xsj_paragraph xsj_paragraph_level_0\" data-source-line=\"10\" data-source-line-display=\"true\">Auf- und Abwickelanwendungen.<\/li>\n<li class=\"xsj_paragraph xsj_paragraph_level_0\" data-source-line=\"12\" data-source-line-display=\"true\">F\u00f6rdersysteme.<\/li>\n<li class=\"xsj_paragraph xsj_paragraph_level_0\" data-source-line=\"14\" data-source-line-display=\"true\">Materialtransportsysteme.<\/li>\n<li class=\"xsj_paragraph xsj_paragraph_level_0\" data-source-line=\"16\" data-source-line-display=\"true\">Spul- und Wickelmaschinen.<\/li>\n<li class=\"xsj_paragraph xsj_paragraph_level_0\" data-source-line=\"18\" data-source-line-display=\"true\">Film- und Folienverarbeitungsmaschinen.<\/li>\n<li class=\"xsj_paragraph xsj_paragraph_level_0\" data-source-line=\"20\" data-source-line-display=\"true\">Verpackungsmaschine.<\/li>\n<li class=\"xsj_paragraph xsj_paragraph_level_0\" data-source-line=\"22\" data-source-line-display=\"true\">Druck- und Etikettiermaschinen.<\/li>\n<li class=\"xsj_paragraph xsj_paragraph_level_0\" data-source-line=\"24\" data-source-line-display=\"true\">Textilmaschinen.<\/li>\n<\/ol>\n<h2 class=\"xsj_heading_hash xsj_heading xsj_heading_h2\" data-source-line=\"27\" data-source-line-display=\"true\"><span class=\"xsj_heading_content\">FAQs f\u00fcr <\/span><span class=\"xsj_heading_content\">Uhing RG3-15-2mcrf<\/span><span class=\"xsj_heading_content\">:<\/span><\/h2>\n<p class=\"xsj_paragraph xsj_paragraph_level_0\" data-source-line=\"29\" data-source-line-display=\"true\"><strong class=\"markdown_strong_asterisk\">1. Wie gro\u00df ist der maximale Seitenschub des Uhing RG3-15-2mcrf Rolling Ring Drive?<\/strong><br \/>\nDer maximale Seitenschub betr\u00e4gt bis zu 9 kg oder 90 N.<\/p>\n<p class=\"xsj_paragraph xsj_paragraph_level_0\" data-source-line=\"32\" data-source-line-display=\"true\"><strong class=\"markdown_strong_asterisk\">2. Wie gro\u00df ist die maximale Steigung des Rollringantriebs RG3-15-2MCRF\/PX15?<\/strong><br \/>\nDie maximale Steigung betr\u00e4gt 10 mm und erm\u00f6glicht eine lineare Bewegung mit einer Umdrehung der Welle bei Einstellung zehn auf dem Zifferblatt.<\/p>\n<p class=\"xsj_paragraph xsj_paragraph_level_0\" data-source-line=\"35\" data-source-line-display=\"true\"><strong class=\"markdown_strong_asterisk\">3. Wie hoch ist die maximale Wellengeschwindigkeit des Rollringantriebs RG3-15-2MCRF\/PX15?<\/strong><br \/>\nDie maximale Wellengeschwindigkeit betr\u00e4gt 2000 U\/min.<\/p>\n<p class=\"xsj_paragraph xsj_paragraph_level_0\" data-source-line=\"38\" data-source-line-display=\"true\"><strong class=\"markdown_strong_asterisk\">4. Wie hoch ist die maximale Lineargeschwindigkeit des Rollringantriebs RG3-15-2MCRF\/PX15?<\/strong><br \/>\nDie maximale Lineargeschwindigkeit betr\u00e4gt 19 Meter pro Minute.<\/p>\n<p class=\"xsj_paragraph xsj_paragraph_level_0\" data-source-line=\"41\" data-source-line-display=\"true\"><strong class=\"markdown_strong_asterisk\">5. F\u00fcr welche Anwendungen ist der Rollringantrieb RG3-15-2MCRF\/PX15 geeignet?<\/strong><br \/>\nDer Rollringantrieb RG3-15-2MCRF\/PX15 eignet sich f\u00fcr eine Reihe von Anwendungen, darunter Auf- und Abwickeln, F\u00f6rdersysteme, Materialhandhabung, Spulen und Aufwickeln, Film- und Folienverarbeitung, Verpackung, Druck und Etikettierung sowie Textilmaschinen.<\/p>","protected":false},"excerpt":{"rendered":"<h2 id=\"features_3\" class=\"xsj_heading_hash xsj_heading xsj_heading_h2\" data-source-line=\"6\" data-source-line-display=\"true\"><span class=\"xsj_heading_content\">Merkmale:<\/span><\/h2>\n<ol>\n<li class=\"xsj_paragraph xsj_paragraph_level_0\" data-source-line=\"8\" data-source-line-display=\"true\">Verwendet Uhing-Traverse-Einheiten f\u00fcr \u00fcberlegene Leistung.<\/li>\n<li class=\"xsj_paragraph xsj_paragraph_level_0\" data-source-line=\"10\" data-source-line-display=\"true\">Drei Rollringe f\u00fcr maximalen Seitenschub von bis zu 9 kg oder 90 N.<\/li>\n<li class=\"xsj_paragraph xsj_paragraph_level_0\" data-source-line=\"12\" data-source-line-display=\"true\">Die maximale Steigung betr\u00e4gt 10 mm f\u00fcr eine lineare Bewegung mit einer Wellendrehung bei Einstellung zehn auf dem Zifferblatt.<\/li>\n<li class=\"xsj_paragraph xsj_paragraph_level_0\" data-source-line=\"14\" data-source-line-display=\"true\">Maximale Wellengeschwindigkeit von 2000 U\/min.<\/li>\n<li class=\"xsj_paragraph xsj_paragraph_level_0\" data-source-line=\"16\" data-source-line-display=\"true\">Maximale lineare Geschwindigkeit von 19 Metern pro Minute.<\/li>\n<li class=\"xsj_paragraph xsj_paragraph_level_0\" data-source-line=\"18\" data-source-line-display=\"true\">Speziell f\u00fcr einen Schaft mit 15 mm Durchmesser entwickelt.<\/li>\n<li class=\"xsj_paragraph xsj_paragraph_level_0\" data-source-line=\"20\" data-source-line-display=\"true\">Leichtes Design mit einem Gewicht von nur 0,9 kg.<\/li>\n<\/ol>","protected":false},"featured_media":26130,"template":"","meta":{"site-sidebar-layout":"default","site-content-layout":"default","ast-global-header-display":"","ast-banner-title-visibility":"","ast-main-header-display":"","ast-hfb-above-header-display":"","ast-hfb-below-header-display":"","ast-hfb-mobile-header-display":"","site-post-title":"","ast-breadcrumbs-content":"","ast-featured-img":"","footer-sml-layout":"","theme-transparent-header-meta":"default","adv-header-id-meta":"","stick-header-meta":"","header-above-stick-meta":"","header-main-stick-meta":"","header-below-stick-meta":""},"product_brand":[],"product_cat":[34,45],"product_tag":[],"class_list":{"0":"post-25525","1":"product","2":"type-product","3":"status-publish","4":"has-post-thumbnail","6":"product_cat-rolling-ring-drive","7":"product_cat-similar-to-uhing-rolling-ring-drive","8":"desktop-align-left","9":"tablet-align-left","10":"mobile-align-left","12":"first","13":"instock","14":"shipping-taxable","15":"product-type-simple"},"yoast_head":"<!-- This site is optimized with the Yoast SEO Premium plugin v20.12 (Yoast SEO v26.0) - https:\/\/yoast.com\/wordpress\/plugins\/seo\/ -->\n<title>Rolling Ring Drive Similar To RG3-15-2MCRF for 15mm Diameter Shaft - QiPang<\/title>\n<meta name=\"description\" content=\"Looking for a high-performance rolling ring? Check out our product similar to Uhing RG3-15-2mcrf. Contact us for more information!\" \/>\n<meta name=\"robots\" content=\"index, follow, max-snippet:-1, max-image-preview:large, max-video-preview:-1\" \/>\n<link rel=\"canonical\" href=\"https:\/\/rollingringdrives.com\/de\/produkt\/rollringantrieb-ahnlich-uhing-rg3-15-2mcrf-fur-15mm-durchmesser-welle\/\" \/>\n<meta property=\"og:locale\" content=\"de_DE\" \/>\n<meta property=\"og:type\" content=\"article\" \/>\n<meta property=\"og:title\" content=\"Rolling Ring Drive Similar To RG3-15-2MCRF for 15mm Diameter Shaft\" \/>\n<meta property=\"og:description\" content=\"Looking for a high-performance rolling ring? Check out our product similar to Uhing RG3-15-2mcrf. Contact us for more information!\" \/>\n<meta property=\"og:url\" content=\"https:\/\/rollingringdrives.com\/de\/produkt\/rollringantrieb-ahnlich-uhing-rg3-15-2mcrf-fur-15mm-durchmesser-welle\/\" \/>\n<meta property=\"og:site_name\" content=\"QiPang\" \/>\n<meta property=\"article:modified_time\" content=\"2023-05-31T02:46:06+00:00\" \/>\n<meta property=\"og:image\" content=\"https:\/\/rollingringdrives.com\/wp-content\/uploads\/2023\/05\/\u672a\u547d\u540d\u7684\u8bbe\u8ba1-2.png\" \/>\n\t<meta property=\"og:image:width\" content=\"500\" \/>\n\t<meta property=\"og:image:height\" content=\"500\" \/>\n\t<meta property=\"og:image:type\" content=\"image\/png\" \/>\n<meta name=\"twitter:card\" content=\"summary_large_image\" \/>\n<meta name=\"twitter:label1\" content=\"Gesch\u00e4tzte Lesezeit\" \/>\n\t<meta name=\"twitter:data1\" content=\"2\u00a0Minuten\" \/>\n<script type=\"application\/ld+json\" class=\"yoast-schema-graph\">{\"@context\":\"https:\/\/schema.org\",\"@graph\":[{\"@type\":\"WebPage\",\"@id\":\"https:\/\/rollingringdrives.com\/product\/rolling-ring-drive-similar-to-uhing-rg3-15-2mcrf-for-15mm-diameter-shaft\/\",\"url\":\"https:\/\/rollingringdrives.com\/product\/rolling-ring-drive-similar-to-uhing-rg3-15-2mcrf-for-15mm-diameter-shaft\/\",\"name\":\"Rolling Ring Drive Similar To RG3-15-2MCRF for 15mm Diameter Shaft - QiPang\",\"isPartOf\":{\"@id\":\"https:\/\/rollingringdrives.com\/#website\"},\"primaryImageOfPage\":{\"@id\":\"https:\/\/rollingringdrives.com\/product\/rolling-ring-drive-similar-to-uhing-rg3-15-2mcrf-for-15mm-diameter-shaft\/#primaryimage\"},\"image\":{\"@id\":\"https:\/\/rollingringdrives.com\/product\/rolling-ring-drive-similar-to-uhing-rg3-15-2mcrf-for-15mm-diameter-shaft\/#primaryimage\"},\"thumbnailUrl\":\"https:\/\/rollingringdrives.com\/wp-content\/uploads\/2023\/05\/\u672a\u547d\u540d\u7684\u8bbe\u8ba1-2.png\",\"datePublished\":\"2023-05-16T08:45:59+00:00\",\"dateModified\":\"2023-05-31T02:46:06+00:00\",\"description\":\"Looking for a high-performance rolling ring? Check out our product similar to Uhing RG3-15-2mcrf. Contact us for more information!\",\"breadcrumb\":{\"@id\":\"https:\/\/rollingringdrives.com\/product\/rolling-ring-drive-similar-to-uhing-rg3-15-2mcrf-for-15mm-diameter-shaft\/#breadcrumb\"},\"inLanguage\":\"de\",\"potentialAction\":[{\"@type\":\"ReadAction\",\"target\":[\"https:\/\/rollingringdrives.com\/product\/rolling-ring-drive-similar-to-uhing-rg3-15-2mcrf-for-15mm-diameter-shaft\/\"]}]},{\"@type\":\"ImageObject\",\"inLanguage\":\"de\",\"@id\":\"https:\/\/rollingringdrives.com\/product\/rolling-ring-drive-similar-to-uhing-rg3-15-2mcrf-for-15mm-diameter-shaft\/#primaryimage\",\"url\":\"https:\/\/rollingringdrives.com\/wp-content\/uploads\/2023\/05\/\u672a\u547d\u540d\u7684\u8bbe\u8ba1-2.png\",\"contentUrl\":\"https:\/\/rollingringdrives.com\/wp-content\/uploads\/2023\/05\/\u672a\u547d\u540d\u7684\u8bbe\u8ba1-2.png\",\"width\":500,\"height\":500,\"caption\":\"Rolling Ring Drive Similar To RG3-15-2MCRF for 15mm Diameter Shaft\"},{\"@type\":\"BreadcrumbList\",\"@id\":\"https:\/\/rollingringdrives.com\/product\/rolling-ring-drive-similar-to-uhing-rg3-15-2mcrf-for-15mm-diameter-shaft\/#breadcrumb\",\"itemListElement\":[{\"@type\":\"ListItem\",\"position\":1,\"name\":\"Home\",\"item\":\"https:\/\/rollingringdrives.com\/\"},{\"@type\":\"ListItem\",\"position\":2,\"name\":\"Machines\",\"item\":\"https:\/\/rollingringdrives.com\/machines\/\"},{\"@type\":\"ListItem\",\"position\":3,\"name\":\"Rolling Ring Drive Similar To RG3-15-2MCRF for 15mm Diameter Shaft\"}]},{\"@type\":\"WebSite\",\"@id\":\"https:\/\/rollingringdrives.com\/#website\",\"url\":\"https:\/\/rollingringdrives.com\/\",\"name\":\"QiPang\",\"description\":\"QiPang Blog\",\"publisher\":{\"@id\":\"https:\/\/rollingringdrives.com\/#organization\"},\"potentialAction\":[{\"@type\":\"SearchAction\",\"target\":{\"@type\":\"EntryPoint\",\"urlTemplate\":\"https:\/\/rollingringdrives.com\/?s={search_term_string}\"},\"query-input\":{\"@type\":\"PropertyValueSpecification\",\"valueRequired\":true,\"valueName\":\"search_term_string\"}}],\"inLanguage\":\"de\"},{\"@type\":\"Organization\",\"@id\":\"https:\/\/rollingringdrives.com\/#organization\",\"name\":\"QiPang\",\"url\":\"https:\/\/rollingringdrives.com\/\",\"logo\":{\"@type\":\"ImageObject\",\"inLanguage\":\"de\",\"@id\":\"https:\/\/rollingringdrives.com\/#\/schema\/logo\/image\/\",\"url\":\"https:\/\/rollingringdrives.com\/wp-content\/uploads\/2023\/05\/cropped-\u672a\u547d\u540d\u7684\u8bbe\u8ba1.png\",\"contentUrl\":\"https:\/\/rollingringdrives.com\/wp-content\/uploads\/2023\/05\/cropped-\u672a\u547d\u540d\u7684\u8bbe\u8ba1.png\",\"width\":300,\"height\":191,\"caption\":\"QiPang\"},\"image\":{\"@id\":\"https:\/\/rollingringdrives.com\/#\/schema\/logo\/image\/\"}}]}<\/script>\n<!-- \/ Yoast SEO Premium plugin. -->","yoast_head_json":{"title":"Rollringantrieb \u00e4hnlich RG3-15-2MCRF f\u00fcr Welle mit 15 mm Durchmesser \u2013 QiPang","description":"Suchen Sie einen leistungsstarken Rollring? Schauen Sie sich unser Produkt an, das dem Uhing RG3-15-2mcrf \u00e4hnelt. Kontaktieren Sie uns f\u00fcr weitere Informationen!","robots":{"index":"index","follow":"follow","max-snippet":"max-snippet:-1","max-image-preview":"max-image-preview:large","max-video-preview":"max-video-preview:-1"},"canonical":"https:\/\/rollingringdrives.com\/de\/produkt\/rollringantrieb-ahnlich-uhing-rg3-15-2mcrf-fur-15mm-durchmesser-welle\/","og_locale":"de_DE","og_type":"article","og_title":"Rolling Ring Drive Similar To RG3-15-2MCRF for 15mm Diameter Shaft","og_description":"Looking for a high-performance rolling ring? Check out our product similar to Uhing RG3-15-2mcrf. Contact us for more information!","og_url":"https:\/\/rollingringdrives.com\/de\/produkt\/rollringantrieb-ahnlich-uhing-rg3-15-2mcrf-fur-15mm-durchmesser-welle\/","og_site_name":"QiPang","article_modified_time":"2023-05-31T02:46:06+00:00","og_image":[{"width":500,"height":500,"url":"https:\/\/rollingringdrives.com\/wp-content\/uploads\/2023\/05\/\u672a\u547d\u540d\u7684\u8bbe\u8ba1-2.png","type":"image\/png"}],"twitter_card":"summary_large_image","twitter_misc":{"Gesch\u00e4tzte Lesezeit":"2\u00a0Minuten"},"schema":{"@context":"https:\/\/schema.org","@graph":[{"@type":"WebPage","@id":"https:\/\/rollingringdrives.com\/product\/rolling-ring-drive-similar-to-uhing-rg3-15-2mcrf-for-15mm-diameter-shaft\/","url":"https:\/\/rollingringdrives.com\/product\/rolling-ring-drive-similar-to-uhing-rg3-15-2mcrf-for-15mm-diameter-shaft\/","name":"Rollringantrieb \u00e4hnlich RG3-15-2MCRF f\u00fcr Welle mit 15 mm Durchmesser \u2013 QiPang","isPartOf":{"@id":"https:\/\/rollingringdrives.com\/#website"},"primaryImageOfPage":{"@id":"https:\/\/rollingringdrives.com\/product\/rolling-ring-drive-similar-to-uhing-rg3-15-2mcrf-for-15mm-diameter-shaft\/#primaryimage"},"image":{"@id":"https:\/\/rollingringdrives.com\/product\/rolling-ring-drive-similar-to-uhing-rg3-15-2mcrf-for-15mm-diameter-shaft\/#primaryimage"},"thumbnailUrl":"https:\/\/rollingringdrives.com\/wp-content\/uploads\/2023\/05\/\u672a\u547d\u540d\u7684\u8bbe\u8ba1-2.png","datePublished":"2023-05-16T08:45:59+00:00","dateModified":"2023-05-31T02:46:06+00:00","description":"Suchen Sie einen leistungsstarken Rollring? Schauen Sie sich unser Produkt an, das dem Uhing RG3-15-2mcrf \u00e4hnelt. Kontaktieren Sie uns f\u00fcr weitere Informationen!","breadcrumb":{"@id":"https:\/\/rollingringdrives.com\/product\/rolling-ring-drive-similar-to-uhing-rg3-15-2mcrf-for-15mm-diameter-shaft\/#breadcrumb"},"inLanguage":"de","potentialAction":[{"@type":"ReadAction","target":["https:\/\/rollingringdrives.com\/product\/rolling-ring-drive-similar-to-uhing-rg3-15-2mcrf-for-15mm-diameter-shaft\/"]}]},{"@type":"ImageObject","inLanguage":"de","@id":"https:\/\/rollingringdrives.com\/product\/rolling-ring-drive-similar-to-uhing-rg3-15-2mcrf-for-15mm-diameter-shaft\/#primaryimage","url":"https:\/\/rollingringdrives.com\/wp-content\/uploads\/2023\/05\/\u672a\u547d\u540d\u7684\u8bbe\u8ba1-2.png","contentUrl":"https:\/\/rollingringdrives.com\/wp-content\/uploads\/2023\/05\/\u672a\u547d\u540d\u7684\u8bbe\u8ba1-2.png","width":500,"height":500,"caption":"Rolling Ring Drive Similar To RG3-15-2MCRF for 15mm Diameter Shaft"},{"@type":"BreadcrumbList","@id":"https:\/\/rollingringdrives.com\/product\/rolling-ring-drive-similar-to-uhing-rg3-15-2mcrf-for-15mm-diameter-shaft\/#breadcrumb","itemListElement":[{"@type":"ListItem","position":1,"name":"Home","item":"https:\/\/rollingringdrives.com\/"},{"@type":"ListItem","position":2,"name":"Machines","item":"https:\/\/rollingringdrives.com\/machines\/"},{"@type":"ListItem","position":3,"name":"Rolling Ring Drive Similar To RG3-15-2MCRF for 15mm Diameter Shaft"}]},{"@type":"WebSite","@id":"https:\/\/rollingringdrives.com\/#website","url":"https:\/\/rollingringdrives.com\/","name":"QiPang","description":"QiPang-Blog","publisher":{"@id":"https:\/\/rollingringdrives.com\/#organization"},"potentialAction":[{"@type":"SearchAction","target":{"@type":"EntryPoint","urlTemplate":"https:\/\/rollingringdrives.com\/?s={search_term_string}"},"query-input":{"@type":"PropertyValueSpecification","valueRequired":true,"valueName":"search_term_string"}}],"inLanguage":"de"},{"@type":"Organization","@id":"https:\/\/rollingringdrives.com\/#organization","name":"QiPang","url":"https:\/\/rollingringdrives.com\/","logo":{"@type":"ImageObject","inLanguage":"de","@id":"https:\/\/rollingringdrives.com\/#\/schema\/logo\/image\/","url":"https:\/\/rollingringdrives.com\/wp-content\/uploads\/2023\/05\/cropped-\u672a\u547d\u540d\u7684\u8bbe\u8ba1.png","contentUrl":"https:\/\/rollingringdrives.com\/wp-content\/uploads\/2023\/05\/cropped-\u672a\u547d\u540d\u7684\u8bbe\u8ba1.png","width":300,"height":191,"caption":"QiPang"},"image":{"@id":"https:\/\/rollingringdrives.com\/#\/schema\/logo\/image\/"}}]}},"_links":{"self":[{"href":"https:\/\/rollingringdrives.com\/de\/wp-json\/wp\/v2\/product\/25525","targetHints":{"allow":["GET"]}}],"collection":[{"href":"https:\/\/rollingringdrives.com\/de\/wp-json\/wp\/v2\/product"}],"about":[{"href":"https:\/\/rollingringdrives.com\/de\/wp-json\/wp\/v2\/types\/product"}],"version-history":[{"count":0,"href":"https:\/\/rollingringdrives.com\/de\/wp-json\/wp\/v2\/product\/25525\/revisions"}],"wp:featuredmedia":[{"embeddable":true,"href":"https:\/\/rollingringdrives.com\/de\/wp-json\/wp\/v2\/media\/26130"}],"wp:attachment":[{"href":"https:\/\/rollingringdrives.com\/de\/wp-json\/wp\/v2\/media?parent=25525"}],"wp:term":[{"taxonomy":"product_brand","embeddable":true,"href":"https:\/\/rollingringdrives.com\/de\/wp-json\/wp\/v2\/product_brand?post=25525"},{"taxonomy":"product_cat","embeddable":true,"href":"https:\/\/rollingringdrives.com\/de\/wp-json\/wp\/v2\/product_cat?post=25525"},{"taxonomy":"product_tag","embeddable":true,"href":"https:\/\/rollingringdrives.com\/de\/wp-json\/wp\/v2\/product_tag?post=25525"}],"curies":[{"name":"wp","href":"https:\/\/api.w.org\/{rel}","templated":true}]}}