{"id":25537,"date":"2023-05-16T08:58:14","date_gmt":"2023-05-16T08:58:14","guid":{"rendered":"https:\/\/rollingringdrives.com\/?post_type=product&#038;p=25537"},"modified":"2023-05-31T02:44:00","modified_gmt":"2023-05-31T02:44:00","slug":"rolling-ring-drive-similar-to-uhing-rg3-20-2mcrf-for-20mm-diameter-shaft","status":"publish","type":"product","link":"https:\/\/rollingringdrives.com\/de\/produkt\/rollringantrieb-ahnlich-uhing-rg3-20-2mcrf-fur-20mm-durchmesser-welle\/","title":{"rendered":"Rollringantrieb \u00e4hnlich RG3-20-2MCRF f\u00fcr Welle mit 20 mm Durchmesser"},"content":{"rendered":"<h2 id=\"traverse20units20model20rg3-20-2mcrfpx20_3\" class=\"xsj_heading_hash xsj_heading xsj_heading_h2\" data-source-line=\"6\" data-source-line-display=\"true\"><span class=\"xsj_heading_content\">Traverse-Einheiten <span style=\"text-decoration: underline;\">Modell RG3-20-2MCRF\/PX20<\/span><\/span><\/h2>\n<p class=\"xsj_paragraph xsj_paragraph_level_0\" data-source-line=\"4\" data-source-line-display=\"true\">Der <strong>RG3-20-2MCRF\/PX20<\/strong> ist ein Rollringantrieb <strong>\u00e4hnlich den Uhing Traverse Units<\/strong>, explizit f\u00fcr a konzipiert <strong>Schaft mit 20 mm Durchmesser<\/strong>. Mit <strong>3 Rollringe<\/strong>Dieser Antrieb bietet eine pr\u00e4zise Steuerung und Bewegung gegen\u00fcber linearer Bewegung und eignet sich daher f\u00fcr verschiedene Industrie- und Fertigungsanwendungen. Mit einem Gewicht von 1,8 kg liefert dieser Antrieb bis zu 16 kg maximalen Seitenschub und kann eine lineare Geschwindigkeit von bis zu 27 Metern pro Minute erreichen. Das Antriebsdrehmoment von 0,3 kg\u00b7cm gew\u00e4hrleistet eine reibungslose und pr\u00e4zise Bewegung, w\u00e4hrend die maximale Wellengeschwindigkeit von 1500 U\/min f\u00fcr optimale Leistung in verschiedenen Arbeitsumgebungen sorgt.<\/p>\n<p data-source-line=\"4\" data-source-line-display=\"true\"><div id=\"footable_parent_25546\"\n         class=\"footable_parent ninja_table_wrapper loading_ninja_table wp_table_data_press_parent semantic_ui\">\n                <table data-ninja_table_instance=\"ninja_table_instance_0\" data-footable_id=\"25546\" data-filter-delay=\"1000\" aria-label=\"8. X3sLSX-Datei (2).csv\"            id=\"footable_25546\"\n           data-unique_identifier=\"ninja_table_unique_id_674378737_25546\"\n           class=\"foo-table ninja_footable foo_table_25546 ninja_table_unique_id_674378737_25546 ui table  nt_type_legacy_table selectable striped vertical_centered  footable-paging-right ninja_table_search_disabled ninja_table_pro\">\n                <colgroup>\n                            <col class=\"ninja_column_0\">\n                            <col class=\"ninja_column_1\">\n                    <\/colgroup>\n        <thead>\n<tr class=\"footable-header\">\n                                        <th scope=\"col\"  class=\"ninja_column_0 ninja_clmn_nm_parameter\">Parameter<\/th><th scope=\"col\"  class=\"ninja_column_1 ninja_clmn_nm_value\">Wert<\/th><\/tr>\n<\/thead>\n<tbody>\n\n        <tr data-row_id=\"105\" class=\"ninja_table_row_0 nt_row_id_105\">\n            <td>Anzahl der Rollringe<\/td><td>3<\/td>        <\/tr>\n            <tr data-row_id=\"106\" class=\"ninja_table_row_1 nt_row_id_106\">\n            <td>Maximaler Seitenschub<\/td><td>16 kg 160 N<\/td>        <\/tr>\n            <tr data-row_id=\"107\" class=\"ninja_table_row_2 nt_row_id_107\">\n            <td>Maximale Tonh\u00f6he<\/td><td>16 mm<\/td>        <\/tr>\n            <tr data-row_id=\"108\" class=\"ninja_table_row_3 nt_row_id_108\">\n            <td>Maximale Wellengeschwindigkeit<\/td><td>1500 U\/min<\/td>        <\/tr>\n            <tr data-row_id=\"109\" class=\"ninja_table_row_4 nt_row_id_109\">\n            <td>Maximale lineare Geschwindigkeit<\/td><td>27 Meter\/Minute<\/td>        <\/tr>\n            <tr data-row_id=\"110\" class=\"ninja_table_row_5 nt_row_id_110\">\n            <td>Gewicht<\/td><td>1,8 kg<\/td>        <\/tr>\n            <tr data-row_id=\"111\" class=\"ninja_table_row_6 nt_row_id_111\">\n            <td>Antriebsdrehmoment<\/td><td>0,3 kg cm<\/td>        <\/tr>\n    <\/tbody><!--ninja_tobody_rendering_done-->\n    <\/table>\n    \n    \n    \n<\/div>\n<\/p>\n<figure id=\"attachment_27214\" aria-describedby=\"caption-attachment-27214\" style=\"width: 1024px\" class=\"wp-caption alignnone\"><img fetchpriority=\"high\" decoding=\"async\" class=\"wp-image-27214 size-large\" src=\"https:\/\/rollingringdrives.com\/wp-content\/uploads\/2023\/05\/\u5fb7\u56fd20_00-1024x724.png\" alt=\"Deutschland RG3-20-2MCRF Ma\u00dfzeichnung\" width=\"1024\" height=\"724\" srcset=\"https:\/\/rollingringdrives.com\/wp-content\/uploads\/2023\/05\/\u5fb7\u56fd20_00-1024x724.png 1024w, https:\/\/rollingringdrives.com\/wp-content\/uploads\/2023\/05\/\u5fb7\u56fd20_00-300x212.png 300w, https:\/\/rollingringdrives.com\/wp-content\/uploads\/2023\/05\/\u5fb7\u56fd20_00-768x543.png 768w, https:\/\/rollingringdrives.com\/wp-content\/uploads\/2023\/05\/\u5fb7\u56fd20_00-1536x1086.png 1536w, https:\/\/rollingringdrives.com\/wp-content\/uploads\/2023\/05\/\u5fb7\u56fd20_00-2048x1449.png 2048w, https:\/\/rollingringdrives.com\/wp-content\/uploads\/2023\/05\/\u5fb7\u56fd20_00-600x424.png 600w\" sizes=\"(max-width: 1024px) 100vw, 1024px\" \/><figcaption id=\"caption-attachment-27214\" class=\"wp-caption-text\">Deutschland RG3-20-2MCRF Ma\u00dfzeichnung<\/figcaption><\/figure>\n<p data-source-line=\"4\" data-source-line-display=\"true\"><a href=\"https:\/\/rollingringdrives.com\/wp-content\/uploads\/2023\/05\/Instruction-manual.pdf\" target=\"_blank\" rel=\"noopener\">Handbuch herunterladen\u2193<\/a><\/p>\n<div class=\"xiaoshujiang_element xsj_anchor\"><a class=\"blank_anchor_name\" name=\"applications_3\"><\/a><a id=\"applications_3\" class=\"blank_anchor_id\"><\/a><a class=\"blank_anchor_name\" name=\"applications\"><\/a><a id=\"applications\" class=\"blank_anchor_id\"><\/a><\/div>\n<h2 id=\"applications_3\" class=\"xsj_heading_hash xsj_heading xsj_heading_h2\" data-source-line=\"7\" data-source-line-display=\"true\"><span class=\"xsj_heading_content\">Anwendungen:<\/span><\/h2>\n<p class=\"xsj_paragraph xsj_paragraph_level_0\" data-source-line=\"9\" data-source-line-display=\"true\">Der Rollringantrieb RG3-20-2MCRF\/PX20 eignet sich f\u00fcr eine Vielzahl von Industrie- und Fertigungsumgebungen, darunter:<\/p>\n<ol>\n<li class=\"xsj_paragraph xsj_paragraph_level_0\" data-source-line=\"11\" data-source-line-display=\"true\">Pr\u00e4zise Auf- und Abwickelanwendungen.<\/li>\n<li class=\"xsj_paragraph xsj_paragraph_level_0\" data-source-line=\"13\" data-source-line-display=\"true\">Auf- und Abwickeln von Kabeln und Dr\u00e4hten.<\/li>\n<li class=\"xsj_paragraph xsj_paragraph_level_0\" data-source-line=\"15\" data-source-line-display=\"true\">Herstellung und Verpackung optischer Fasern.<\/li>\n<li class=\"xsj_paragraph xsj_paragraph_level_0\" data-source-line=\"17\" data-source-line-display=\"true\">Verpackungs- und Druckindustrie.<\/li>\n<li class=\"xsj_paragraph xsj_paragraph_level_0\" data-source-line=\"19\" data-source-line-display=\"true\">Textilmaschinen.<\/li>\n<li class=\"xsj_paragraph xsj_paragraph_level_0\" data-source-line=\"21\" data-source-line-display=\"true\">Industrielle Automatisierungsanwendungen.<\/li>\n<\/ol>\n<div class=\"xiaoshujiang_element xsj_anchor\"><a class=\"blank_anchor_name\" name=\"faqs_4\"><\/a><a id=\"faqs_4\" class=\"blank_anchor_id\"><\/a><a class=\"blank_anchor_name\" name=\"faqs\"><\/a><a id=\"faqs\" class=\"blank_anchor_id\"><\/a><\/div>\n<h2 id=\"faqs_4\" class=\"xsj_heading_hash xsj_heading xsj_heading_h2\" data-source-line=\"24\" data-source-line-display=\"true\"><span class=\"xsj_heading_content\">RG3-20-2mcrf-FAQs:<\/span><\/h2>\n<p class=\"xsj_paragraph xsj_paragraph_level_0\" data-source-line=\"26\" data-source-line-display=\"true\"><strong class=\"markdown_strong_asterisk\">1. Was ist ein Rollringgetriebe?<\/strong><br \/>\nEin Rollringantrieb ist ein mechanisches Ger\u00e4t, das durch drei ineinandergreifende Ringe eine Drehbewegung in eine lineare Bewegung umwandelt. Es bietet eine pr\u00e4zise und effiziente Steuerung der linearen Bewegung.<\/p>\n<p class=\"xsj_paragraph xsj_paragraph_level_0\" data-source-line=\"29\" data-source-line-display=\"true\"><strong class=\"markdown_strong_asterisk\">2. Wie gro\u00df ist der maximale Seitenschub des Uhing RG3-20-2MCRF\/PX20?<\/strong><br \/>\nDer maximale Seitenschub des RG3-20-2MCRF\/PX20 betr\u00e4gt 16 kg und sorgt f\u00fcr eine stabile und pr\u00e4zise Bewegung.<\/p>\n<p class=\"xsj_paragraph xsj_paragraph_level_0\" data-source-line=\"32\" data-source-line-display=\"true\"><strong class=\"markdown_strong_asterisk\">3. Welche maximale Tonh\u00f6he kann der RG3-20-2MCRF\/PX20 erreichen?<\/strong><br \/>\nDer RG3-20-2MCRF\/PX20 kann mit der Einstellung zehn auf dem Zifferblatt eine maximale Steigung von 16 mm erreichen.<\/p>\n<p class=\"xsj_paragraph xsj_paragraph_level_0\" data-source-line=\"35\" data-source-line-display=\"true\"><strong class=\"markdown_strong_asterisk\">4. Wie hoch ist die maximale Lineargeschwindigkeit des RG3-20-2MCRF\/PX20?<\/strong><br \/>\nDer RG3-20-2MCRF\/PX20 kann eine maximale lineare Geschwindigkeit von 27 Metern pro Minute erreichen und sorgt so f\u00fcr eine effiziente und effektive Leistung.<\/p>\n<p class=\"xsj_paragraph xsj_paragraph_level_0\" data-source-line=\"38\" data-source-line-display=\"true\"><strong class=\"markdown_strong_asterisk\">5. Wie schwer ist der RG3-20-2MCRF\/PX20?<\/strong><br \/>\nDer RG3-20-2MCRF\/PX20 wiegt nur 1,8 kg und ist damit ein leichtes und leicht transportierbares Ger\u00e4t f\u00fcr den Einsatz in verschiedenen Industrie- und Fertigungsanwendungen.<\/p>","protected":false},"excerpt":{"rendered":"<h2 id=\"traverse20units20model20rg3-20-2mcrfpx20_3\" class=\"xsj_heading_hash xsj_heading xsj_heading_h2\" data-source-line=\"6\" data-source-line-display=\"true\">Merkmale:<\/h2>\n<ol>\n<li class=\"xsj_paragraph xsj_paragraph_level_0\" data-source-line=\"8\" data-source-line-display=\"true\">Pr\u00e4zise und effiziente Steuerung linearer Bewegungen.<\/li>\n<li class=\"xsj_paragraph xsj_paragraph_level_0\" data-source-line=\"10\" data-source-line-display=\"true\">Drei Rollringe f\u00fcr verbesserte Stabilit\u00e4t und Genauigkeit.<\/li>\n<li class=\"xsj_paragraph xsj_paragraph_level_0\" data-source-line=\"12\" data-source-line-display=\"true\">Kompaktes und leichtes Design mit einem Gewicht von nur 1,8 kg.<\/li>\n<li class=\"xsj_paragraph xsj_paragraph_level_0\" data-source-line=\"14\" data-source-line-display=\"true\">Maximaler Seitenschub von 16 kg und lineare Geschwindigkeit von 27 Metern pro Minute.<\/li>\n<li class=\"xsj_paragraph xsj_paragraph_level_0\" data-source-line=\"16\" data-source-line-display=\"true\">Antriebsdrehmoment von 0,3 kg cm f\u00fcr sanfte und pr\u00e4zise Bewegung.<\/li>\n<li class=\"xsj_paragraph xsj_paragraph_level_0\" data-source-line=\"18\" data-source-line-display=\"true\">Mit der Einstellung zehn auf dem Zifferblatt kann eine maximale Steigung von 16 mm erreicht werden.<\/li>\n<li class=\"xsj_paragraph xsj_paragraph_level_0\" data-source-line=\"20\" data-source-line-display=\"true\">Es ist mit einem Schaft mit 20 mm Durchmesser ausgestattet und somit mit verschiedenen Ger\u00e4ten kompatibel.<\/li>\n<\/ol>","protected":false},"featured_media":25902,"template":"","meta":{"site-sidebar-layout":"default","site-content-layout":"default","ast-global-header-display":"","ast-banner-title-visibility":"","ast-main-header-display":"","ast-hfb-above-header-display":"","ast-hfb-below-header-display":"","ast-hfb-mobile-header-display":"","site-post-title":"","ast-breadcrumbs-content":"","ast-featured-img":"","footer-sml-layout":"","theme-transparent-header-meta":"default","adv-header-id-meta":"","stick-header-meta":"","header-above-stick-meta":"","header-main-stick-meta":"","header-below-stick-meta":""},"product_brand":[],"product_cat":[34,45],"product_tag":[],"class_list":{"0":"post-25537","1":"product","2":"type-product","3":"status-publish","4":"has-post-thumbnail","6":"product_cat-rolling-ring-drive","7":"product_cat-similar-to-uhing-rolling-ring-drive","8":"desktop-align-left","9":"tablet-align-left","10":"mobile-align-left","12":"first","13":"instock","14":"shipping-taxable","15":"product-type-simple"},"yoast_head":"<!-- This site is optimized with the Yoast SEO Premium plugin v20.12 (Yoast SEO v26.0) - https:\/\/yoast.com\/wordpress\/plugins\/seo\/ -->\n<title>Rolling Ring Drive Similar To RG3-20-2MCRF for 20mm Diameter Shaft - QiPang<\/title>\n<meta name=\"description\" content=\"Upgrade your machinery with the Uhing RG3-20-2mcrf rolling ring! Get a max linear speed of 27 m\/min and 16 Kg side thrust. Contact us for more information.\" \/>\n<meta name=\"robots\" content=\"index, follow, max-snippet:-1, max-image-preview:large, max-video-preview:-1\" \/>\n<link rel=\"canonical\" href=\"https:\/\/rollingringdrives.com\/de\/produkt\/rollringantrieb-ahnlich-uhing-rg3-20-2mcrf-fur-20mm-durchmesser-welle\/\" \/>\n<meta property=\"og:locale\" content=\"de_DE\" \/>\n<meta property=\"og:type\" content=\"article\" \/>\n<meta property=\"og:title\" content=\"Rolling Ring Drive Similar To RG3-20-2MCRF for 20mm Diameter Shaft\" \/>\n<meta property=\"og:description\" content=\"Upgrade your machinery with the Uhing RG3-20-2mcrf rolling ring! Get a max linear speed of 27 m\/min and 16 Kg side thrust. Contact us for more information.\" \/>\n<meta property=\"og:url\" content=\"https:\/\/rollingringdrives.com\/de\/produkt\/rollringantrieb-ahnlich-uhing-rg3-20-2mcrf-fur-20mm-durchmesser-welle\/\" \/>\n<meta property=\"og:site_name\" content=\"QiPang\" \/>\n<meta property=\"article:modified_time\" content=\"2023-05-31T02:44:00+00:00\" \/>\n<meta property=\"og:image\" content=\"https:\/\/rollingringdrives.com\/wp-content\/uploads\/2023\/05\/\u5fae\u4fe1\u56fe\u7247_202205231820561-2.jpg\" \/>\n\t<meta property=\"og:image:width\" content=\"1072\" \/>\n\t<meta property=\"og:image:height\" content=\"1072\" \/>\n\t<meta property=\"og:image:type\" content=\"image\/jpeg\" \/>\n<meta name=\"twitter:card\" content=\"summary_large_image\" \/>\n<meta name=\"twitter:label1\" content=\"Gesch\u00e4tzte Lesezeit\" \/>\n\t<meta name=\"twitter:data1\" content=\"2\u00a0Minuten\" \/>\n<script type=\"application\/ld+json\" class=\"yoast-schema-graph\">{\"@context\":\"https:\/\/schema.org\",\"@graph\":[{\"@type\":\"WebPage\",\"@id\":\"https:\/\/rollingringdrives.com\/product\/rolling-ring-drive-similar-to-uhing-rg3-20-2mcrf-for-20mm-diameter-shaft\/\",\"url\":\"https:\/\/rollingringdrives.com\/product\/rolling-ring-drive-similar-to-uhing-rg3-20-2mcrf-for-20mm-diameter-shaft\/\",\"name\":\"Rolling Ring Drive Similar To RG3-20-2MCRF for 20mm Diameter Shaft - QiPang\",\"isPartOf\":{\"@id\":\"https:\/\/rollingringdrives.com\/#website\"},\"primaryImageOfPage\":{\"@id\":\"https:\/\/rollingringdrives.com\/product\/rolling-ring-drive-similar-to-uhing-rg3-20-2mcrf-for-20mm-diameter-shaft\/#primaryimage\"},\"image\":{\"@id\":\"https:\/\/rollingringdrives.com\/product\/rolling-ring-drive-similar-to-uhing-rg3-20-2mcrf-for-20mm-diameter-shaft\/#primaryimage\"},\"thumbnailUrl\":\"https:\/\/rollingringdrives.com\/wp-content\/uploads\/2023\/05\/\u5fae\u4fe1\u56fe\u7247_202205231820561-2.jpg\",\"datePublished\":\"2023-05-16T08:58:14+00:00\",\"dateModified\":\"2023-05-31T02:44:00+00:00\",\"description\":\"Upgrade your machinery with the Uhing RG3-20-2mcrf rolling ring! Get a max linear speed of 27 m\/min and 16 Kg side thrust. Contact us for more information.\",\"breadcrumb\":{\"@id\":\"https:\/\/rollingringdrives.com\/product\/rolling-ring-drive-similar-to-uhing-rg3-20-2mcrf-for-20mm-diameter-shaft\/#breadcrumb\"},\"inLanguage\":\"de\",\"potentialAction\":[{\"@type\":\"ReadAction\",\"target\":[\"https:\/\/rollingringdrives.com\/product\/rolling-ring-drive-similar-to-uhing-rg3-20-2mcrf-for-20mm-diameter-shaft\/\"]}]},{\"@type\":\"ImageObject\",\"inLanguage\":\"de\",\"@id\":\"https:\/\/rollingringdrives.com\/product\/rolling-ring-drive-similar-to-uhing-rg3-20-2mcrf-for-20mm-diameter-shaft\/#primaryimage\",\"url\":\"https:\/\/rollingringdrives.com\/wp-content\/uploads\/2023\/05\/\u5fae\u4fe1\u56fe\u7247_202205231820561-2.jpg\",\"contentUrl\":\"https:\/\/rollingringdrives.com\/wp-content\/uploads\/2023\/05\/\u5fae\u4fe1\u56fe\u7247_202205231820561-2.jpg\",\"width\":1072,\"height\":1072,\"caption\":\"Rolling Ring Drive Similar To Uhing RG3-30-2mcrf for 30mm Diameter Shaft\"},{\"@type\":\"BreadcrumbList\",\"@id\":\"https:\/\/rollingringdrives.com\/product\/rolling-ring-drive-similar-to-uhing-rg3-20-2mcrf-for-20mm-diameter-shaft\/#breadcrumb\",\"itemListElement\":[{\"@type\":\"ListItem\",\"position\":1,\"name\":\"Home\",\"item\":\"https:\/\/rollingringdrives.com\/\"},{\"@type\":\"ListItem\",\"position\":2,\"name\":\"Machines\",\"item\":\"https:\/\/rollingringdrives.com\/machines\/\"},{\"@type\":\"ListItem\",\"position\":3,\"name\":\"Rolling Ring Drive Similar To RG3-20-2MCRF for 20mm Diameter Shaft\"}]},{\"@type\":\"WebSite\",\"@id\":\"https:\/\/rollingringdrives.com\/#website\",\"url\":\"https:\/\/rollingringdrives.com\/\",\"name\":\"QiPang\",\"description\":\"QiPang Blog\",\"publisher\":{\"@id\":\"https:\/\/rollingringdrives.com\/#organization\"},\"potentialAction\":[{\"@type\":\"SearchAction\",\"target\":{\"@type\":\"EntryPoint\",\"urlTemplate\":\"https:\/\/rollingringdrives.com\/?s={search_term_string}\"},\"query-input\":{\"@type\":\"PropertyValueSpecification\",\"valueRequired\":true,\"valueName\":\"search_term_string\"}}],\"inLanguage\":\"de\"},{\"@type\":\"Organization\",\"@id\":\"https:\/\/rollingringdrives.com\/#organization\",\"name\":\"QiPang\",\"url\":\"https:\/\/rollingringdrives.com\/\",\"logo\":{\"@type\":\"ImageObject\",\"inLanguage\":\"de\",\"@id\":\"https:\/\/rollingringdrives.com\/#\/schema\/logo\/image\/\",\"url\":\"https:\/\/rollingringdrives.com\/wp-content\/uploads\/2023\/05\/cropped-\u672a\u547d\u540d\u7684\u8bbe\u8ba1.png\",\"contentUrl\":\"https:\/\/rollingringdrives.com\/wp-content\/uploads\/2023\/05\/cropped-\u672a\u547d\u540d\u7684\u8bbe\u8ba1.png\",\"width\":300,\"height\":191,\"caption\":\"QiPang\"},\"image\":{\"@id\":\"https:\/\/rollingringdrives.com\/#\/schema\/logo\/image\/\"}}]}<\/script>\n<!-- \/ Yoast SEO Premium plugin. -->","yoast_head_json":{"title":"Rollringantrieb \u00e4hnlich RG3-20-2MCRF f\u00fcr Welle mit 20 mm Durchmesser \u2013 QiPang","description":"R\u00fcsten Sie Ihre Maschinen mit dem Uhing RG3-20-2mcrf Rollring auf! Erreichen Sie eine maximale lineare Geschwindigkeit von 27 m\/min und 16 kg Seitenschub. Kontaktieren Sie uns f\u00fcr weitere Informationen.","robots":{"index":"index","follow":"follow","max-snippet":"max-snippet:-1","max-image-preview":"max-image-preview:large","max-video-preview":"max-video-preview:-1"},"canonical":"https:\/\/rollingringdrives.com\/de\/produkt\/rollringantrieb-ahnlich-uhing-rg3-20-2mcrf-fur-20mm-durchmesser-welle\/","og_locale":"de_DE","og_type":"article","og_title":"Rolling Ring Drive Similar To RG3-20-2MCRF for 20mm Diameter Shaft","og_description":"Upgrade your machinery with the Uhing RG3-20-2mcrf rolling ring! Get a max linear speed of 27 m\/min and 16 Kg side thrust. Contact us for more information.","og_url":"https:\/\/rollingringdrives.com\/de\/produkt\/rollringantrieb-ahnlich-uhing-rg3-20-2mcrf-fur-20mm-durchmesser-welle\/","og_site_name":"QiPang","article_modified_time":"2023-05-31T02:44:00+00:00","og_image":[{"width":1072,"height":1072,"url":"https:\/\/rollingringdrives.com\/wp-content\/uploads\/2023\/05\/\u5fae\u4fe1\u56fe\u7247_202205231820561-2.jpg","type":"image\/jpeg"}],"twitter_card":"summary_large_image","twitter_misc":{"Gesch\u00e4tzte Lesezeit":"2\u00a0Minuten"},"schema":{"@context":"https:\/\/schema.org","@graph":[{"@type":"WebPage","@id":"https:\/\/rollingringdrives.com\/product\/rolling-ring-drive-similar-to-uhing-rg3-20-2mcrf-for-20mm-diameter-shaft\/","url":"https:\/\/rollingringdrives.com\/product\/rolling-ring-drive-similar-to-uhing-rg3-20-2mcrf-for-20mm-diameter-shaft\/","name":"Rollringantrieb \u00e4hnlich RG3-20-2MCRF f\u00fcr Welle mit 20 mm Durchmesser \u2013 QiPang","isPartOf":{"@id":"https:\/\/rollingringdrives.com\/#website"},"primaryImageOfPage":{"@id":"https:\/\/rollingringdrives.com\/product\/rolling-ring-drive-similar-to-uhing-rg3-20-2mcrf-for-20mm-diameter-shaft\/#primaryimage"},"image":{"@id":"https:\/\/rollingringdrives.com\/product\/rolling-ring-drive-similar-to-uhing-rg3-20-2mcrf-for-20mm-diameter-shaft\/#primaryimage"},"thumbnailUrl":"https:\/\/rollingringdrives.com\/wp-content\/uploads\/2023\/05\/\u5fae\u4fe1\u56fe\u7247_202205231820561-2.jpg","datePublished":"2023-05-16T08:58:14+00:00","dateModified":"2023-05-31T02:44:00+00:00","description":"R\u00fcsten Sie Ihre Maschinen mit dem Uhing RG3-20-2mcrf Rollring auf! Erreichen Sie eine maximale lineare Geschwindigkeit von 27 m\/min und 16 kg Seitenschub. Kontaktieren Sie uns f\u00fcr weitere Informationen.","breadcrumb":{"@id":"https:\/\/rollingringdrives.com\/product\/rolling-ring-drive-similar-to-uhing-rg3-20-2mcrf-for-20mm-diameter-shaft\/#breadcrumb"},"inLanguage":"de","potentialAction":[{"@type":"ReadAction","target":["https:\/\/rollingringdrives.com\/product\/rolling-ring-drive-similar-to-uhing-rg3-20-2mcrf-for-20mm-diameter-shaft\/"]}]},{"@type":"ImageObject","inLanguage":"de","@id":"https:\/\/rollingringdrives.com\/product\/rolling-ring-drive-similar-to-uhing-rg3-20-2mcrf-for-20mm-diameter-shaft\/#primaryimage","url":"https:\/\/rollingringdrives.com\/wp-content\/uploads\/2023\/05\/\u5fae\u4fe1\u56fe\u7247_202205231820561-2.jpg","contentUrl":"https:\/\/rollingringdrives.com\/wp-content\/uploads\/2023\/05\/\u5fae\u4fe1\u56fe\u7247_202205231820561-2.jpg","width":1072,"height":1072,"caption":"Rolling Ring Drive Similar To Uhing RG3-30-2mcrf for 30mm Diameter Shaft"},{"@type":"BreadcrumbList","@id":"https:\/\/rollingringdrives.com\/product\/rolling-ring-drive-similar-to-uhing-rg3-20-2mcrf-for-20mm-diameter-shaft\/#breadcrumb","itemListElement":[{"@type":"ListItem","position":1,"name":"Home","item":"https:\/\/rollingringdrives.com\/"},{"@type":"ListItem","position":2,"name":"Machines","item":"https:\/\/rollingringdrives.com\/machines\/"},{"@type":"ListItem","position":3,"name":"Rolling Ring Drive Similar To RG3-20-2MCRF for 20mm Diameter Shaft"}]},{"@type":"WebSite","@id":"https:\/\/rollingringdrives.com\/#website","url":"https:\/\/rollingringdrives.com\/","name":"QiPang","description":"QiPang-Blog","publisher":{"@id":"https:\/\/rollingringdrives.com\/#organization"},"potentialAction":[{"@type":"SearchAction","target":{"@type":"EntryPoint","urlTemplate":"https:\/\/rollingringdrives.com\/?s={search_term_string}"},"query-input":{"@type":"PropertyValueSpecification","valueRequired":true,"valueName":"search_term_string"}}],"inLanguage":"de"},{"@type":"Organization","@id":"https:\/\/rollingringdrives.com\/#organization","name":"QiPang","url":"https:\/\/rollingringdrives.com\/","logo":{"@type":"ImageObject","inLanguage":"de","@id":"https:\/\/rollingringdrives.com\/#\/schema\/logo\/image\/","url":"https:\/\/rollingringdrives.com\/wp-content\/uploads\/2023\/05\/cropped-\u672a\u547d\u540d\u7684\u8bbe\u8ba1.png","contentUrl":"https:\/\/rollingringdrives.com\/wp-content\/uploads\/2023\/05\/cropped-\u672a\u547d\u540d\u7684\u8bbe\u8ba1.png","width":300,"height":191,"caption":"QiPang"},"image":{"@id":"https:\/\/rollingringdrives.com\/#\/schema\/logo\/image\/"}}]}},"_links":{"self":[{"href":"https:\/\/rollingringdrives.com\/de\/wp-json\/wp\/v2\/product\/25537","targetHints":{"allow":["GET"]}}],"collection":[{"href":"https:\/\/rollingringdrives.com\/de\/wp-json\/wp\/v2\/product"}],"about":[{"href":"https:\/\/rollingringdrives.com\/de\/wp-json\/wp\/v2\/types\/product"}],"version-history":[{"count":0,"href":"https:\/\/rollingringdrives.com\/de\/wp-json\/wp\/v2\/product\/25537\/revisions"}],"wp:featuredmedia":[{"embeddable":true,"href":"https:\/\/rollingringdrives.com\/de\/wp-json\/wp\/v2\/media\/25902"}],"wp:attachment":[{"href":"https:\/\/rollingringdrives.com\/de\/wp-json\/wp\/v2\/media?parent=25537"}],"wp:term":[{"taxonomy":"product_brand","embeddable":true,"href":"https:\/\/rollingringdrives.com\/de\/wp-json\/wp\/v2\/product_brand?post=25537"},{"taxonomy":"product_cat","embeddable":true,"href":"https:\/\/rollingringdrives.com\/de\/wp-json\/wp\/v2\/product_cat?post=25537"},{"taxonomy":"product_tag","embeddable":true,"href":"https:\/\/rollingringdrives.com\/de\/wp-json\/wp\/v2\/product_tag?post=25537"}],"curies":[{"name":"wp","href":"https:\/\/api.w.org\/{rel}","templated":true}]}}