{"id":25560,"date":"2023-05-16T09:29:44","date_gmt":"2023-05-16T09:29:44","guid":{"rendered":"https:\/\/rollingringdrives.com\/?post_type=product&#038;p=25560"},"modified":"2023-05-16T10:27:31","modified_gmt":"2023-05-16T10:27:31","slug":"rolling-ring-drive-similar-to-uhing-rg3-40-2mcrf-for-40mm-diameter-shaft","status":"publish","type":"product","link":"https:\/\/rollingringdrives.com\/de\/produkt\/rollringantrieb-ahnlich-uhing-rg3-40-2mcrf-fur-40mm-durchmesser-welle\/","title":{"rendered":"Rollringantrieb \u00e4hnlich Uhing RG3-40-2mcrf f\u00fcr Welle mit 40 mm Durchmesser"},"content":{"rendered":"<h2 data-source-line=\"4\" data-source-line-display=\"true\">Traverse-Einheiten <span style=\"text-decoration: underline;\">Modell RG3-40-2MCRF\/PX40<\/span><\/h2>\n<p class=\"xsj_paragraph xsj_paragraph_level_0\" data-source-line=\"4\" data-source-line-display=\"true\">Der\u00a0<strong class=\"markdown_strong_asterisk\">Der Rollringantrieb \u00e4hnelt dem Uhing RG3-40-2MCRF<\/strong>, ein hocheffizienter und langlebiger Antriebsmechanismus, der speziell f\u00fcr entwickelt wurde\u00a0<strong class=\"markdown_strong_asterisk\">Wellen mit 40 mm Durchmesser<\/strong>. Mit\u00a0<strong class=\"markdown_strong_asterisk\">drei Rollringe<\/strong>Dieser Antriebsmechanismus sorgt f\u00fcr eine pr\u00e4zise lineare Bewegung mit einer maximalen Steigung von 31 mm bei Einstellung zehn auf dem Zifferblatt. Das Modell RG3-40-2MCRF\/PX40 bietet einen maximalen Seitenschub von bis zu 42 kg, w\u00e4hrend sein Gewicht von 5,5 kg eine einfache Installation und Handhabung gew\u00e4hrleistet. Der Antrieb verf\u00fcgt \u00fcber eine maximale Lineargeschwindigkeit von 23,25 Metern pro Minute und eine Wellengeschwindigkeit von 750 U\/min und sorgt so f\u00fcr optimale Geschwindigkeit und Pr\u00e4zision. Das Produkt ist Teil der Uhing Traverse Units-Kollektion, die f\u00fcr ihre \u00fcberlegene Qualit\u00e4t und St\u00e4rke bekannt ist.<\/p>\n<p data-source-line=\"4\" data-source-line-display=\"true\"><div id=\"footable_parent_25562\"\n         class=\"footable_parent ninja_table_wrapper loading_ninja_table wp_table_data_press_parent semantic_ui\">\n                <table data-ninja_table_instance=\"ninja_table_instance_0\" data-footable_id=\"25562\" data-filter-delay=\"1000\" aria-label=\"10. X3sLSX-Datei (2).csv\"            id=\"footable_25562\"\n           data-unique_identifier=\"ninja_table_unique_id_1633718185_25562\"\n           class=\"foo-table ninja_footable foo_table_25562 ninja_table_unique_id_1633718185_25562 ui table  nt_type_legacy_table selectable striped vertical_centered  footable-paging-right ninja_table_search_disabled ninja_table_pro\">\n                <colgroup>\n                            <col class=\"ninja_column_0\">\n                            <col class=\"ninja_column_1\">\n                    <\/colgroup>\n        <thead>\n<tr class=\"footable-header\">\n                                        <th scope=\"col\"  class=\"ninja_column_0 ninja_clmn_nm_parameter\">Parameter<\/th><th scope=\"col\"  class=\"ninja_column_1 ninja_clmn_nm_value\">Wert<\/th><\/tr>\n<\/thead>\n<tbody>\n\n        <tr data-row_id=\"119\" class=\"ninja_table_row_0 nt_row_id_119\">\n            <td>Anzahl der Rollringe<\/td><td>3<\/td>        <\/tr>\n            <tr data-row_id=\"120\" class=\"ninja_table_row_1 nt_row_id_120\">\n            <td>Maximaler Seitenschub<\/td><td>42 kg<\/td>        <\/tr>\n            <tr data-row_id=\"121\" class=\"ninja_table_row_2 nt_row_id_121\">\n            <td>Maximale Tonh\u00f6he<\/td><td>31 mm<\/td>        <\/tr>\n            <tr data-row_id=\"122\" class=\"ninja_table_row_3 nt_row_id_122\">\n            <td>Maximale Wellengeschwindigkeit<\/td><td>750 U\/min<\/td>        <\/tr>\n            <tr data-row_id=\"123\" class=\"ninja_table_row_4 nt_row_id_123\">\n            <td>Maximale lineare Geschwindigkeit<\/td><td>23,25 Meter\/Minute<\/td>        <\/tr>\n            <tr data-row_id=\"124\" class=\"ninja_table_row_5 nt_row_id_124\">\n            <td>Gewicht<\/td><td>5,5 kg<\/td>        <\/tr>\n            <tr data-row_id=\"125\" class=\"ninja_table_row_6 nt_row_id_125\">\n            <td>Antriebsdrehmoment<\/td><td>3,5 kg cm<\/td>        <\/tr>\n    <\/tbody><!--ninja_tobody_rendering_done-->\n    <\/table>\n    \n    \n    \n<\/div>\n<\/p>\n<div class=\"xiaoshujiang_element xsj_anchor\"><a class=\"blank_anchor_name\" name=\"applications_3\"><\/a><a id=\"applications_3\" class=\"blank_anchor_id\"><\/a><a class=\"blank_anchor_name\" name=\"applications\"><\/a><a id=\"applications\" class=\"blank_anchor_id\"><\/a><\/div>\n<h2 id=\"applications_3\" class=\"xsj_heading_hash xsj_heading xsj_heading_h2\" data-source-line=\"6\" data-source-line-display=\"true\"><span class=\"xsj_heading_content\">Anwendungen:<\/span><\/h2>\n<p class=\"xsj_paragraph xsj_paragraph_level_0\" data-source-line=\"8\" data-source-line-display=\"true\">Der Rollringantrieb, \u00e4hnlich dem Uhing RG3-40-2MCRF\/PX40, ist vielseitig und findet Anwendung in verschiedenen Branchen, wie zum Beispiel:<\/p>\n<ol class=\"markdown_ol\" data-source-line=\"10\">\n<li data-source-line=\"10\">Drahtherstellung.<\/li>\n<li data-source-line=\"11\">Textilherstellung.<\/li>\n<li data-source-line=\"12\">Druckerpresse.<\/li>\n<li data-source-line=\"13\">Automatisierung und Robotik.<\/li>\n<li data-source-line=\"14\">Verpackungsmaschine.<\/li>\n<li data-source-line=\"15\">Materialhandhabung.<\/li>\n<li data-source-line=\"16\">Lebensmittelverarbeitung.<\/li>\n<li data-source-line=\"17\">Medizinische Ausr\u00fcstung.<\/li>\n<\/ol>\n<div class=\"xiaoshujiang_element xsj_anchor\"><a class=\"blank_anchor_name\" name=\"faqs_4\"><\/a><a id=\"faqs_4\" class=\"blank_anchor_id\"><\/a><a class=\"blank_anchor_name\" name=\"faqs\"><\/a><a id=\"faqs\" class=\"blank_anchor_id\"><\/a><\/div>\n<h2 id=\"faqs_4\" class=\"xsj_heading_hash xsj_heading xsj_heading_h2\" data-source-line=\"19\" data-source-line-display=\"true\"><span class=\"xsj_heading_content\">Uhing RG3-40-2mcrf FAQs:<\/span><\/h2>\n<p class=\"xsj_paragraph xsj_paragraph_level_0\" data-source-line=\"21\" data-source-line-display=\"true\"><strong class=\"markdown_strong_asterisk\">1. Kann ich den Rollringantrieb f\u00fcr Wellen unterschiedlicher Gr\u00f6\u00dfe verwenden?<\/strong><br \/>\nAntwort: Das Modell RG3-40-2MCRF\/PX40 ist speziell f\u00fcr Wellen mit 40 mm Durchmesser konzipiert. Passende Modelle f\u00fcr unterschiedliche Schaftgr\u00f6\u00dfen finden Sie in unserem Produktkatalog.<\/p>\n<p class=\"xsj_paragraph xsj_paragraph_level_0\" data-source-line=\"24\" data-source-line-display=\"true\"><strong class=\"markdown_strong_asterisk\">2. Ist der Rollringantrieb f\u00fcr schwere Maschinen geeignet?<\/strong><br \/>\nAntwort: Der Antriebsmechanismus kann einen maximalen Seitenschub von bis zu 42 kg bew\u00e4ltigen und ist somit f\u00fcr schwere Maschinen geeignet.<\/p>\n<p class=\"xsj_paragraph xsj_paragraph_level_0\" data-source-line=\"27\" data-source-line-display=\"true\"><strong class=\"markdown_strong_asterisk\">3. Wie installiere ich den Rolling Ring Drive?<\/strong><br \/>\nAntwort: Das Produkt ist leicht und einfach zu installieren. Detaillierte Anweisungen finden Sie im Installationshandbuch.<\/p>\n<p class=\"xsj_paragraph xsj_paragraph_level_0\" data-source-line=\"30\" data-source-line-display=\"true\"><strong class=\"markdown_strong_asterisk\">4. Wie lange ist die Garantiezeit f\u00fcr den Rollringantrieb?<\/strong><br \/>\nAntwort: Wir bieten eine Garantiezeit von 12 Monaten ab Kaufdatum.<\/p>\n<p class=\"xsj_paragraph xsj_paragraph_level_0\" data-source-line=\"33\" data-source-line-display=\"true\"><strong class=\"markdown_strong_asterisk\">5. Ist der Rollringantrieb mit anderen Uhing-Traverseneinheiten kompatibel?<\/strong><br \/>\nAntwort: Der Antriebsmechanismus ist mit anderen Uhing-Traverseneinheiten kompatibel und erm\u00f6glicht so eine einfache Integration in gr\u00f6\u00dfere Systeme.<\/p>","protected":false},"excerpt":{"rendered":"<h2 data-source-line=\"6\" data-source-line-display=\"true\">Merkmale:<\/h2>\n<ol>\n<li class=\"xsj_paragraph xsj_paragraph_level_0\" data-source-line=\"8\" data-source-line-display=\"true\"><strong>3 Rollringe<\/strong> f\u00fcr pr\u00e4zise lineare Bewegungen.<\/li>\n<li class=\"xsj_paragraph xsj_paragraph_level_0\" data-source-line=\"10\" data-source-line-display=\"true\">Die maximale Steigung betr\u00e4gt 31 mm bei Einstellung zehn auf dem Zifferblatt.<\/li>\n<li class=\"xsj_paragraph xsj_paragraph_level_0\" data-source-line=\"12\" data-source-line-display=\"true\">Maximaler Seitenschub von bis zu 42 kg.<\/li>\n<li class=\"xsj_paragraph xsj_paragraph_level_0\" data-source-line=\"14\" data-source-line-display=\"true\">Maximale lineare Geschwindigkeit von 23,25 Metern pro Minute.<\/li>\n<li class=\"xsj_paragraph xsj_paragraph_level_0\" data-source-line=\"16\" data-source-line-display=\"true\">Wellengeschwindigkeit von 750 U\/min.<\/li>\n<li class=\"xsj_paragraph xsj_paragraph_level_0\" data-source-line=\"18\" data-source-line-display=\"true\">Teil der Uhing Traverse Units-Sammlung.<\/li>\n<li class=\"xsj_paragraph xsj_paragraph_level_0\" data-source-line=\"20\" data-source-line-display=\"true\">Leicht und einfach zu installieren.<\/li>\n<\/ol>","protected":false},"featured_media":25563,"template":"","meta":{"site-sidebar-layout":"default","site-content-layout":"default","ast-global-header-display":"","ast-banner-title-visibility":"","ast-main-header-display":"","ast-hfb-above-header-display":"","ast-hfb-below-header-display":"","ast-hfb-mobile-header-display":"","site-post-title":"","ast-breadcrumbs-content":"","ast-featured-img":"","footer-sml-layout":"","theme-transparent-header-meta":"default","adv-header-id-meta":"","stick-header-meta":"","header-above-stick-meta":"","header-main-stick-meta":"","header-below-stick-meta":""},"product_brand":[],"product_cat":[34,45],"product_tag":[],"class_list":{"0":"post-25560","1":"product","2":"type-product","3":"status-publish","4":"has-post-thumbnail","6":"product_cat-rolling-ring-drive","7":"product_cat-similar-to-uhing-rolling-ring-drive","8":"desktop-align-left","9":"tablet-align-left","10":"mobile-align-left","12":"first","13":"instock","14":"shipping-taxable","15":"product-type-simple"},"yoast_head":"<!-- This site is optimized with the Yoast SEO Premium plugin v20.12 (Yoast SEO v26.0) - https:\/\/yoast.com\/wordpress\/plugins\/seo\/ -->\n<title>Rolling Ring Drive Similar To Uhing RG3-40-2mcrf for 40mm Diameter Shaft - QiPang<\/title>\n<meta name=\"description\" content=\"Upgrade your machinery with Uhing RG3-40-2mcrf rolling ring! Get a max linear speed of 23.25 m\/min and 42 Kg side thrust. Contact us to learn more.\" \/>\n<meta name=\"robots\" content=\"index, follow, max-snippet:-1, max-image-preview:large, max-video-preview:-1\" \/>\n<link rel=\"canonical\" href=\"https:\/\/rollingringdrives.com\/de\/produkt\/rollringantrieb-ahnlich-uhing-rg3-40-2mcrf-fur-40mm-durchmesser-welle\/\" \/>\n<meta property=\"og:locale\" content=\"de_DE\" \/>\n<meta property=\"og:type\" content=\"article\" \/>\n<meta property=\"og:title\" content=\"Rolling Ring Drive Similar To Uhing RG3-40-2mcrf for 40mm Diameter Shaft\" \/>\n<meta property=\"og:description\" content=\"Upgrade your machinery with Uhing RG3-40-2mcrf rolling ring! Get a max linear speed of 23.25 m\/min and 42 Kg side thrust. Contact us to learn more.\" \/>\n<meta property=\"og:url\" content=\"https:\/\/rollingringdrives.com\/de\/produkt\/rollringantrieb-ahnlich-uhing-rg3-40-2mcrf-fur-40mm-durchmesser-welle\/\" \/>\n<meta property=\"og:site_name\" content=\"QiPang\" \/>\n<meta property=\"article:modified_time\" content=\"2023-05-16T10:27:31+00:00\" \/>\n<meta property=\"og:image\" content=\"https:\/\/rollingringdrives.com\/wp-content\/uploads\/2023\/05\/1-8.jpg\" \/>\n\t<meta property=\"og:image:width\" content=\"600\" \/>\n\t<meta property=\"og:image:height\" content=\"600\" \/>\n\t<meta property=\"og:image:type\" content=\"image\/jpeg\" \/>\n<meta name=\"twitter:card\" content=\"summary_large_image\" \/>\n<meta name=\"twitter:label1\" content=\"Gesch\u00e4tzte Lesezeit\" \/>\n\t<meta name=\"twitter:data1\" content=\"2\u00a0Minuten\" \/>\n<script type=\"application\/ld+json\" class=\"yoast-schema-graph\">{\"@context\":\"https:\/\/schema.org\",\"@graph\":[{\"@type\":\"WebPage\",\"@id\":\"https:\/\/rollingringdrives.com\/product\/rolling-ring-drive-similar-to-uhing-rg3-40-2mcrf-for-40mm-diameter-shaft\/\",\"url\":\"https:\/\/rollingringdrives.com\/product\/rolling-ring-drive-similar-to-uhing-rg3-40-2mcrf-for-40mm-diameter-shaft\/\",\"name\":\"Rolling Ring Drive Similar To Uhing RG3-40-2mcrf for 40mm Diameter Shaft - QiPang\",\"isPartOf\":{\"@id\":\"https:\/\/rollingringdrives.com\/#website\"},\"primaryImageOfPage\":{\"@id\":\"https:\/\/rollingringdrives.com\/product\/rolling-ring-drive-similar-to-uhing-rg3-40-2mcrf-for-40mm-diameter-shaft\/#primaryimage\"},\"image\":{\"@id\":\"https:\/\/rollingringdrives.com\/product\/rolling-ring-drive-similar-to-uhing-rg3-40-2mcrf-for-40mm-diameter-shaft\/#primaryimage\"},\"thumbnailUrl\":\"https:\/\/rollingringdrives.com\/wp-content\/uploads\/2023\/05\/1-8.jpg\",\"datePublished\":\"2023-05-16T09:29:44+00:00\",\"dateModified\":\"2023-05-16T10:27:31+00:00\",\"description\":\"Upgrade your machinery with Uhing RG3-40-2mcrf rolling ring! Get a max linear speed of 23.25 m\/min and 42 Kg side thrust. Contact us to learn more.\",\"breadcrumb\":{\"@id\":\"https:\/\/rollingringdrives.com\/product\/rolling-ring-drive-similar-to-uhing-rg3-40-2mcrf-for-40mm-diameter-shaft\/#breadcrumb\"},\"inLanguage\":\"de\",\"potentialAction\":[{\"@type\":\"ReadAction\",\"target\":[\"https:\/\/rollingringdrives.com\/product\/rolling-ring-drive-similar-to-uhing-rg3-40-2mcrf-for-40mm-diameter-shaft\/\"]}]},{\"@type\":\"ImageObject\",\"inLanguage\":\"de\",\"@id\":\"https:\/\/rollingringdrives.com\/product\/rolling-ring-drive-similar-to-uhing-rg3-40-2mcrf-for-40mm-diameter-shaft\/#primaryimage\",\"url\":\"https:\/\/rollingringdrives.com\/wp-content\/uploads\/2023\/05\/1-8.jpg\",\"contentUrl\":\"https:\/\/rollingringdrives.com\/wp-content\/uploads\/2023\/05\/1-8.jpg\",\"width\":600,\"height\":600,\"caption\":\"Rolling Ring Drive Similar To Uhing RG3-40-2mcrf for 40mm Diameter Shaft\"},{\"@type\":\"BreadcrumbList\",\"@id\":\"https:\/\/rollingringdrives.com\/product\/rolling-ring-drive-similar-to-uhing-rg3-40-2mcrf-for-40mm-diameter-shaft\/#breadcrumb\",\"itemListElement\":[{\"@type\":\"ListItem\",\"position\":1,\"name\":\"Home\",\"item\":\"https:\/\/rollingringdrives.com\/\"},{\"@type\":\"ListItem\",\"position\":2,\"name\":\"Machines\",\"item\":\"https:\/\/rollingringdrives.com\/machines\/\"},{\"@type\":\"ListItem\",\"position\":3,\"name\":\"Rolling Ring Drive Similar To Uhing RG3-40-2mcrf for 40mm Diameter Shaft\"}]},{\"@type\":\"WebSite\",\"@id\":\"https:\/\/rollingringdrives.com\/#website\",\"url\":\"https:\/\/rollingringdrives.com\/\",\"name\":\"QiPang\",\"description\":\"QiPang Blog\",\"publisher\":{\"@id\":\"https:\/\/rollingringdrives.com\/#organization\"},\"potentialAction\":[{\"@type\":\"SearchAction\",\"target\":{\"@type\":\"EntryPoint\",\"urlTemplate\":\"https:\/\/rollingringdrives.com\/?s={search_term_string}\"},\"query-input\":{\"@type\":\"PropertyValueSpecification\",\"valueRequired\":true,\"valueName\":\"search_term_string\"}}],\"inLanguage\":\"de\"},{\"@type\":\"Organization\",\"@id\":\"https:\/\/rollingringdrives.com\/#organization\",\"name\":\"QiPang\",\"url\":\"https:\/\/rollingringdrives.com\/\",\"logo\":{\"@type\":\"ImageObject\",\"inLanguage\":\"de\",\"@id\":\"https:\/\/rollingringdrives.com\/#\/schema\/logo\/image\/\",\"url\":\"https:\/\/rollingringdrives.com\/wp-content\/uploads\/2023\/05\/cropped-\u672a\u547d\u540d\u7684\u8bbe\u8ba1.png\",\"contentUrl\":\"https:\/\/rollingringdrives.com\/wp-content\/uploads\/2023\/05\/cropped-\u672a\u547d\u540d\u7684\u8bbe\u8ba1.png\",\"width\":300,\"height\":191,\"caption\":\"QiPang\"},\"image\":{\"@id\":\"https:\/\/rollingringdrives.com\/#\/schema\/logo\/image\/\"}}]}<\/script>\n<!-- \/ Yoast SEO Premium plugin. -->","yoast_head_json":{"title":"Rollringantrieb \u00e4hnlich Uhing RG3-40-2mcrf f\u00fcr Welle mit 40 mm Durchmesser \u2013 QiPang","description":"R\u00fcsten Sie Ihre Maschinen mit dem Uhing RG3-40-2mcrf Rollring auf! Erreichen Sie eine maximale lineare Geschwindigkeit von 23,25 m\/min und 42 kg Seitenschub. Kontaktieren Sie uns, um mehr zu erfahren.","robots":{"index":"index","follow":"follow","max-snippet":"max-snippet:-1","max-image-preview":"max-image-preview:large","max-video-preview":"max-video-preview:-1"},"canonical":"https:\/\/rollingringdrives.com\/de\/produkt\/rollringantrieb-ahnlich-uhing-rg3-40-2mcrf-fur-40mm-durchmesser-welle\/","og_locale":"de_DE","og_type":"article","og_title":"Rolling Ring Drive Similar To Uhing RG3-40-2mcrf for 40mm Diameter Shaft","og_description":"Upgrade your machinery with Uhing RG3-40-2mcrf rolling ring! Get a max linear speed of 23.25 m\/min and 42 Kg side thrust. Contact us to learn more.","og_url":"https:\/\/rollingringdrives.com\/de\/produkt\/rollringantrieb-ahnlich-uhing-rg3-40-2mcrf-fur-40mm-durchmesser-welle\/","og_site_name":"QiPang","article_modified_time":"2023-05-16T10:27:31+00:00","og_image":[{"width":600,"height":600,"url":"https:\/\/rollingringdrives.com\/wp-content\/uploads\/2023\/05\/1-8.jpg","type":"image\/jpeg"}],"twitter_card":"summary_large_image","twitter_misc":{"Gesch\u00e4tzte Lesezeit":"2\u00a0Minuten"},"schema":{"@context":"https:\/\/schema.org","@graph":[{"@type":"WebPage","@id":"https:\/\/rollingringdrives.com\/product\/rolling-ring-drive-similar-to-uhing-rg3-40-2mcrf-for-40mm-diameter-shaft\/","url":"https:\/\/rollingringdrives.com\/product\/rolling-ring-drive-similar-to-uhing-rg3-40-2mcrf-for-40mm-diameter-shaft\/","name":"Rollringantrieb \u00e4hnlich Uhing RG3-40-2mcrf f\u00fcr Welle mit 40 mm Durchmesser \u2013 QiPang","isPartOf":{"@id":"https:\/\/rollingringdrives.com\/#website"},"primaryImageOfPage":{"@id":"https:\/\/rollingringdrives.com\/product\/rolling-ring-drive-similar-to-uhing-rg3-40-2mcrf-for-40mm-diameter-shaft\/#primaryimage"},"image":{"@id":"https:\/\/rollingringdrives.com\/product\/rolling-ring-drive-similar-to-uhing-rg3-40-2mcrf-for-40mm-diameter-shaft\/#primaryimage"},"thumbnailUrl":"https:\/\/rollingringdrives.com\/wp-content\/uploads\/2023\/05\/1-8.jpg","datePublished":"2023-05-16T09:29:44+00:00","dateModified":"2023-05-16T10:27:31+00:00","description":"R\u00fcsten Sie Ihre Maschinen mit dem Uhing RG3-40-2mcrf Rollring auf! Erreichen Sie eine maximale lineare Geschwindigkeit von 23,25 m\/min und 42 kg Seitenschub. Kontaktieren Sie uns, um mehr zu erfahren.","breadcrumb":{"@id":"https:\/\/rollingringdrives.com\/product\/rolling-ring-drive-similar-to-uhing-rg3-40-2mcrf-for-40mm-diameter-shaft\/#breadcrumb"},"inLanguage":"de","potentialAction":[{"@type":"ReadAction","target":["https:\/\/rollingringdrives.com\/product\/rolling-ring-drive-similar-to-uhing-rg3-40-2mcrf-for-40mm-diameter-shaft\/"]}]},{"@type":"ImageObject","inLanguage":"de","@id":"https:\/\/rollingringdrives.com\/product\/rolling-ring-drive-similar-to-uhing-rg3-40-2mcrf-for-40mm-diameter-shaft\/#primaryimage","url":"https:\/\/rollingringdrives.com\/wp-content\/uploads\/2023\/05\/1-8.jpg","contentUrl":"https:\/\/rollingringdrives.com\/wp-content\/uploads\/2023\/05\/1-8.jpg","width":600,"height":600,"caption":"Rolling Ring Drive Similar To Uhing RG3-40-2mcrf for 40mm Diameter Shaft"},{"@type":"BreadcrumbList","@id":"https:\/\/rollingringdrives.com\/product\/rolling-ring-drive-similar-to-uhing-rg3-40-2mcrf-for-40mm-diameter-shaft\/#breadcrumb","itemListElement":[{"@type":"ListItem","position":1,"name":"Home","item":"https:\/\/rollingringdrives.com\/"},{"@type":"ListItem","position":2,"name":"Machines","item":"https:\/\/rollingringdrives.com\/machines\/"},{"@type":"ListItem","position":3,"name":"Rolling Ring Drive Similar To Uhing RG3-40-2mcrf for 40mm Diameter Shaft"}]},{"@type":"WebSite","@id":"https:\/\/rollingringdrives.com\/#website","url":"https:\/\/rollingringdrives.com\/","name":"QiPang","description":"QiPang-Blog","publisher":{"@id":"https:\/\/rollingringdrives.com\/#organization"},"potentialAction":[{"@type":"SearchAction","target":{"@type":"EntryPoint","urlTemplate":"https:\/\/rollingringdrives.com\/?s={search_term_string}"},"query-input":{"@type":"PropertyValueSpecification","valueRequired":true,"valueName":"search_term_string"}}],"inLanguage":"de"},{"@type":"Organization","@id":"https:\/\/rollingringdrives.com\/#organization","name":"QiPang","url":"https:\/\/rollingringdrives.com\/","logo":{"@type":"ImageObject","inLanguage":"de","@id":"https:\/\/rollingringdrives.com\/#\/schema\/logo\/image\/","url":"https:\/\/rollingringdrives.com\/wp-content\/uploads\/2023\/05\/cropped-\u672a\u547d\u540d\u7684\u8bbe\u8ba1.png","contentUrl":"https:\/\/rollingringdrives.com\/wp-content\/uploads\/2023\/05\/cropped-\u672a\u547d\u540d\u7684\u8bbe\u8ba1.png","width":300,"height":191,"caption":"QiPang"},"image":{"@id":"https:\/\/rollingringdrives.com\/#\/schema\/logo\/image\/"}}]}},"_links":{"self":[{"href":"https:\/\/rollingringdrives.com\/de\/wp-json\/wp\/v2\/product\/25560","targetHints":{"allow":["GET"]}}],"collection":[{"href":"https:\/\/rollingringdrives.com\/de\/wp-json\/wp\/v2\/product"}],"about":[{"href":"https:\/\/rollingringdrives.com\/de\/wp-json\/wp\/v2\/types\/product"}],"version-history":[{"count":0,"href":"https:\/\/rollingringdrives.com\/de\/wp-json\/wp\/v2\/product\/25560\/revisions"}],"wp:featuredmedia":[{"embeddable":true,"href":"https:\/\/rollingringdrives.com\/de\/wp-json\/wp\/v2\/media\/25563"}],"wp:attachment":[{"href":"https:\/\/rollingringdrives.com\/de\/wp-json\/wp\/v2\/media?parent=25560"}],"wp:term":[{"taxonomy":"product_brand","embeddable":true,"href":"https:\/\/rollingringdrives.com\/de\/wp-json\/wp\/v2\/product_brand?post=25560"},{"taxonomy":"product_cat","embeddable":true,"href":"https:\/\/rollingringdrives.com\/de\/wp-json\/wp\/v2\/product_cat?post=25560"},{"taxonomy":"product_tag","embeddable":true,"href":"https:\/\/rollingringdrives.com\/de\/wp-json\/wp\/v2\/product_tag?post=25560"}],"curies":[{"name":"wp","href":"https:\/\/api.w.org\/{rel}","templated":true}]}}