{"id":25790,"date":"2023-05-19T08:11:09","date_gmt":"2023-05-19T08:11:09","guid":{"rendered":"https:\/\/rollingringdrives.com\/?post_type=product&#038;p=25790"},"modified":"2025-07-07T07:32:04","modified_gmt":"2025-07-07T07:32:04","slug":"double-springs-tension-gun-with-pay-off-range-0-6-3-0mm","status":"publish","type":"product","link":"https:\/\/rollingringdrives.com\/de\/produkt\/doppelfeder-spannpistole-mit-abwickelbereich-0-6-3-0-mm\/","title":{"rendered":"Doppelfeder-Spannpistole mit Ablaufbereich 0,6\u20133,0 mm"},"content":{"rendered":"<p class=\"xsj_paragraph xsj_paragraph_level_0\" data-source-line=\"2\" data-source-line-display=\"true\">Die Doppelfeder-Spannpistole mit einem Auszahlungsbereich von 0,6\u20133,0 mm wird durch Kaltblechpr\u00e4gen geformt und die Oberfl\u00e4che ist mit dekorativem Chrom plattiert. Es wird auch als Hartchrom bezeichnet. Dieses hochwertige Produkt bietet eine schnelle Spannungseinstellung und ist \u00e4u\u00dferst stabil f\u00fcr die Kabel- und Drahtproduktion.<\/p>\n<p data-source-line=\"2\" data-source-line-display=\"true\"><div id=\"footable_parent_25786\"\n         class=\"footable_parent ninja_table_wrapper loading_ninja_table wp_table_data_press_parent semantic_ui\">\n                <table data-ninja_table_instance=\"ninja_table_instance_0\" data-footable_id=\"25786\" data-filter-delay=\"1000\" aria-label=\"\u5f39\u7c27\u5f20\u529b\u67aa (2).csv\"            id=\"footable_25786\"\n           data-unique_identifier=\"ninja_table_unique_id_1284310383_25786\"\n           class=\"foo-table ninja_footable foo_table_25786 ninja_table_unique_id_1284310383_25786 ui table  nt_type_legacy_table selectable striped vertical_centered  footable-paging-right ninja_table_search_disabled ninja_table_pro\">\n                <colgroup>\n                            <col class=\"ninja_column_0\">\n                            <col class=\"ninja_column_1\">\n                            <col class=\"ninja_column_2\">\n                            <col class=\"ninja_column_3\">\n                    <\/colgroup>\n        <thead>\n<tr class=\"footable-header\">\n                                                                        <th scope=\"col\"  class=\"ninja_column_0 ninja_clmn_nm_payoffdiscplate\">Auszahlungsscheibe\/-platte<\/th><th scope=\"col\"  class=\"ninja_column_1 ninja_clmn_nm_wirediameterrange\">Drahtdurchmesserbereich<\/th><th scope=\"col\"  class=\"ninja_column_2 ninja_clmn_nm_springtype\">Federtyp<\/th><th scope=\"col\"  class=\"ninja_column_3 ninja_clmn_nm_discplatesize\">Scheiben-\/Plattengr\u00f6\u00dfe<\/th><\/tr>\n<\/thead>\n<tbody>\n\n        <tr data-row_id=\"223\" class=\"ninja_table_row_0 nt_row_id_223\">\n            <td>3-5-Zoll-Scheibe<\/td><td>0.03-0.15<\/td><td>1.3,1.6,1.8<\/td><td>-<\/td>        <\/tr>\n            <tr data-row_id=\"224\" class=\"ninja_table_row_1 nt_row_id_224\">\n            <td>5-8-10 Zoll Scheibe<\/td><td>0.10-0.30<\/td><td>2.5-2.8<\/td><td>5-8-10 Zoll<\/td>        <\/tr>\n            <tr data-row_id=\"225\" class=\"ninja_table_row_2 nt_row_id_225\">\n            <td>300\u2013630 mm Platte<\/td><td>0.2-0.40<\/td><td>3.5<\/td><td>Doppelfeder<\/td>        <\/tr>\n            <tr data-row_id=\"226\" class=\"ninja_table_row_3 nt_row_id_226\">\n            <td>300\u2013630 mm Platte<\/td><td>0.2-0.80<\/td><td>3.5<\/td><td>Dreifeder<\/td>        <\/tr>\n    <\/tbody><!--ninja_tobody_rendering_done-->\n    <\/table>\n    \n    \n    \n<\/div>\n<\/p>\n<h2 id=\"features_1\" class=\"xsj_heading_hash xsj_heading xsj_heading_h2\" data-source-line=\"4\" data-source-line-display=\"true\"><span class=\"xsj_heading_content\">Eigenschaften der Doppelfeder-Spannpistolen:<\/span><\/h2>\n<p class=\"xsj_paragraph xsj_paragraph_level_0\" data-source-line=\"6\" data-source-line-display=\"true\">Die Double Springs Tension Gun verf\u00fcgt \u00fcber zwei Federn, die daf\u00fcr sorgen, dass die Spannung w\u00e4hrend des gesamten Kabel- oder Drahtproduktionsprozesses konstant bleibt. Aufgrund seines Abwickelbereichs eignet es sich f\u00fcr verschiedene Drahtdurchmesser von 0,6 mm bis 3,0 mm.<\/p>\n<div class=\"xiaoshujiang_element xsj_anchor\"><a class=\"blank_anchor_name\" name=\"guide20wheels_2\"><\/a><a id=\"guide20wheels_2\" class=\"blank_anchor_id\"><\/a><a class=\"blank_anchor_name\" name=\"guide-wheels\"><\/a><a id=\"guide-wheels\" class=\"blank_anchor_id\"><\/a><\/div>\n<h2 id=\"guide20wheels_2\" class=\"xsj_heading_hash xsj_heading xsj_heading_h2\" data-source-line=\"8\" data-source-line-display=\"true\"><span class=\"xsj_heading_content\">F\u00fchrungsr\u00e4der:<\/span><\/h2>\n<p class=\"xsj_paragraph xsj_paragraph_level_0\" data-source-line=\"10\" data-source-line-display=\"true\">Dieses Produkt kann mit einem kombinierten F\u00fchrungsrad aus Edelstahl 1006-B08, einem kombinierten F\u00fchrungsrad aus Kunststoff 1006-B08, einem kombinierten F\u00fchrungsrad aus Kunststoff 1007-B08 und einem kombinierten F\u00fchrungsrad aus Kunststoff 1009-B08 ausgestattet werden. Die F\u00fchrungsradgr\u00f6\u00dfe reicht von 60 mm bis 80 mm und hat ein Innenloch von 8 mm.<\/p>\n<p class=\"xsj_paragraph xsj_paragraph_level_0\" data-source-line=\"12\" data-source-line-display=\"true\">Die Spannpistole ist f\u00fcr die Aufrechterhaltung einer gleichm\u00e4\u00dfigen Spannung w\u00e4hrend der Kabel- und Drahtproduktion unerl\u00e4sslich. Seine hochwertige Konstruktion inklusive Doppelfedern sorgt f\u00fcr Stabilit\u00e4t und durch die Auswahl an Abwickelgr\u00f6\u00dfen ist er ideal f\u00fcr unterschiedliche Drahtdurchmesser. Die verschiedenen verf\u00fcgbaren F\u00fchrungsr\u00e4der sorgen f\u00fcr zus\u00e4tzliche Unterst\u00fctzung und Flexibilit\u00e4t bei der Drahtproduktionsausr\u00fcstung.<\/p>","protected":false},"excerpt":{"rendered":"<p>Der <strong>Pistole mit doppelter Federspannung<\/strong> ist f\u00fcr Draht- und Kabelproduktionsanlagen von entscheidender Bedeutung. Es wird in verschiedenen Abwickelger\u00e4ten verwendet, beispielsweise in Verseilmaschinen (B\u00e4ummaschinen), Abwickelgestellen f\u00fcr Extruder und Abwickelgestellen f\u00fcr Flechtmaschinen. Dieses Produkt ist in verschiedenen Abwickelgr\u00f6\u00dfen erh\u00e4ltlich, die f\u00fcr unterschiedliche Kabel- und Drahtdurchmesser geeignet sind.<\/p>","protected":false},"featured_media":25793,"template":"","meta":{"site-sidebar-layout":"default","site-content-layout":"default","ast-global-header-display":"","ast-banner-title-visibility":"","ast-main-header-display":"","ast-hfb-above-header-display":"","ast-hfb-below-header-display":"","ast-hfb-mobile-header-display":"","site-post-title":"","ast-breadcrumbs-content":"","ast-featured-img":"","footer-sml-layout":"","theme-transparent-header-meta":"default","adv-header-id-meta":"","stick-header-meta":"","header-above-stick-meta":"","header-main-stick-meta":"","header-below-stick-meta":""},"product_brand":[],"product_cat":[48,49],"product_tag":[],"class_list":{"0":"post-25790","1":"product","2":"type-product","3":"status-publish","4":"has-post-thumbnail","6":"product_cat-wire-payoff-machine","7":"product_cat-accessories-wire-payoff-machinery","8":"desktop-align-left","9":"tablet-align-left","10":"mobile-align-left","12":"first","13":"instock","14":"shipping-taxable","15":"product-type-simple"},"yoast_head":"<!-- This site is optimized with the Yoast SEO Premium plugin v20.12 (Yoast SEO v26.0) - https:\/\/yoast.com\/wordpress\/plugins\/seo\/ -->\n<title>Double Springs Tension Gun With Pay-off Range 0.6-3.0mm - QiPang<\/title>\n<meta name=\"description\" content=\"Upgrade your cable and wire production with the Double Springs Tension Gun. Boasting a Pay-off Range of 0.6-3.0mm, it is made with cold plate stamping and plated with decorative chrome, ensuring durability and stability.\" \/>\n<meta name=\"robots\" content=\"index, follow, max-snippet:-1, max-image-preview:large, max-video-preview:-1\" \/>\n<link rel=\"canonical\" href=\"https:\/\/rollingringdrives.com\/de\/produkt\/doppelfeder-spannpistole-mit-abwickelbereich-0-6-3-0-mm\/\" \/>\n<meta property=\"og:locale\" content=\"de_DE\" \/>\n<meta property=\"og:type\" content=\"article\" \/>\n<meta property=\"og:title\" content=\"Double Springs Tension Gun With Pay-off Range 0.6-3.0mm\" \/>\n<meta property=\"og:description\" content=\"Upgrade your cable and wire production with the Double Springs Tension Gun. Boasting a Pay-off Range of 0.6-3.0mm, it is made with cold plate stamping and plated with decorative chrome, ensuring durability and stability.\" \/>\n<meta property=\"og:url\" content=\"https:\/\/rollingringdrives.com\/de\/produkt\/doppelfeder-spannpistole-mit-abwickelbereich-0-6-3-0-mm\/\" \/>\n<meta property=\"og:site_name\" content=\"QiPang\" \/>\n<meta property=\"article:modified_time\" content=\"2025-07-07T07:32:04+00:00\" \/>\n<meta property=\"og:image\" content=\"https:\/\/rollingringdrives.com\/wp-content\/uploads\/2023\/05\/\u4e3b\u56fe-2-1.jpg\" \/>\n\t<meta property=\"og:image:width\" content=\"600\" \/>\n\t<meta property=\"og:image:height\" content=\"600\" \/>\n\t<meta property=\"og:image:type\" content=\"image\/jpeg\" \/>\n<meta name=\"twitter:card\" content=\"summary_large_image\" \/>\n<meta name=\"twitter:label1\" content=\"Gesch\u00e4tzte Lesezeit\" \/>\n\t<meta name=\"twitter:data1\" content=\"1\u00a0Minute\" \/>\n<script type=\"application\/ld+json\" class=\"yoast-schema-graph\">{\"@context\":\"https:\/\/schema.org\",\"@graph\":[{\"@type\":\"WebPage\",\"@id\":\"https:\/\/rollingringdrives.com\/product\/double-springs-tension-gun-with-pay-off-range-0-6-3-0mm\/\",\"url\":\"https:\/\/rollingringdrives.com\/product\/double-springs-tension-gun-with-pay-off-range-0-6-3-0mm\/\",\"name\":\"Double Springs Tension Gun With Pay-off Range 0.6-3.0mm - QiPang\",\"isPartOf\":{\"@id\":\"https:\/\/rollingringdrives.com\/#website\"},\"primaryImageOfPage\":{\"@id\":\"https:\/\/rollingringdrives.com\/product\/double-springs-tension-gun-with-pay-off-range-0-6-3-0mm\/#primaryimage\"},\"image\":{\"@id\":\"https:\/\/rollingringdrives.com\/product\/double-springs-tension-gun-with-pay-off-range-0-6-3-0mm\/#primaryimage\"},\"thumbnailUrl\":\"https:\/\/rollingringdrives.com\/wp-content\/uploads\/2023\/05\/\u4e3b\u56fe-2-1.jpg\",\"datePublished\":\"2023-05-19T08:11:09+00:00\",\"dateModified\":\"2025-07-07T07:32:04+00:00\",\"description\":\"Upgrade your cable and wire production with the Double Springs Tension Gun. Boasting a Pay-off Range of 0.6-3.0mm, it is made with cold plate stamping and plated with decorative chrome, ensuring durability and stability.\",\"breadcrumb\":{\"@id\":\"https:\/\/rollingringdrives.com\/product\/double-springs-tension-gun-with-pay-off-range-0-6-3-0mm\/#breadcrumb\"},\"inLanguage\":\"de\",\"potentialAction\":[{\"@type\":\"ReadAction\",\"target\":[\"https:\/\/rollingringdrives.com\/product\/double-springs-tension-gun-with-pay-off-range-0-6-3-0mm\/\"]}]},{\"@type\":\"ImageObject\",\"inLanguage\":\"de\",\"@id\":\"https:\/\/rollingringdrives.com\/product\/double-springs-tension-gun-with-pay-off-range-0-6-3-0mm\/#primaryimage\",\"url\":\"https:\/\/rollingringdrives.com\/wp-content\/uploads\/2023\/05\/\u4e3b\u56fe-2-1.jpg\",\"contentUrl\":\"https:\/\/rollingringdrives.com\/wp-content\/uploads\/2023\/05\/\u4e3b\u56fe-2-1.jpg\",\"width\":600,\"height\":600,\"caption\":\"Double Springs Tension Gun With Pay-off Range 0.6-3.0mm\"},{\"@type\":\"BreadcrumbList\",\"@id\":\"https:\/\/rollingringdrives.com\/product\/double-springs-tension-gun-with-pay-off-range-0-6-3-0mm\/#breadcrumb\",\"itemListElement\":[{\"@type\":\"ListItem\",\"position\":1,\"name\":\"Home\",\"item\":\"https:\/\/rollingringdrives.com\/\"},{\"@type\":\"ListItem\",\"position\":2,\"name\":\"Machines\",\"item\":\"https:\/\/rollingringdrives.com\/machines\/\"},{\"@type\":\"ListItem\",\"position\":3,\"name\":\"Double Springs Tension Gun With Pay-off Range 0.6-3.0mm\"}]},{\"@type\":\"WebSite\",\"@id\":\"https:\/\/rollingringdrives.com\/#website\",\"url\":\"https:\/\/rollingringdrives.com\/\",\"name\":\"QiPang\",\"description\":\"QiPang Blog\",\"publisher\":{\"@id\":\"https:\/\/rollingringdrives.com\/#organization\"},\"potentialAction\":[{\"@type\":\"SearchAction\",\"target\":{\"@type\":\"EntryPoint\",\"urlTemplate\":\"https:\/\/rollingringdrives.com\/?s={search_term_string}\"},\"query-input\":{\"@type\":\"PropertyValueSpecification\",\"valueRequired\":true,\"valueName\":\"search_term_string\"}}],\"inLanguage\":\"de\"},{\"@type\":\"Organization\",\"@id\":\"https:\/\/rollingringdrives.com\/#organization\",\"name\":\"QiPang\",\"url\":\"https:\/\/rollingringdrives.com\/\",\"logo\":{\"@type\":\"ImageObject\",\"inLanguage\":\"de\",\"@id\":\"https:\/\/rollingringdrives.com\/#\/schema\/logo\/image\/\",\"url\":\"https:\/\/rollingringdrives.com\/wp-content\/uploads\/2023\/05\/cropped-\u672a\u547d\u540d\u7684\u8bbe\u8ba1.png\",\"contentUrl\":\"https:\/\/rollingringdrives.com\/wp-content\/uploads\/2023\/05\/cropped-\u672a\u547d\u540d\u7684\u8bbe\u8ba1.png\",\"width\":300,\"height\":191,\"caption\":\"QiPang\"},\"image\":{\"@id\":\"https:\/\/rollingringdrives.com\/#\/schema\/logo\/image\/\"}}]}<\/script>\n<!-- \/ Yoast SEO Premium plugin. -->","yoast_head_json":{"title":"Doppelfeder-Spannpistole mit Ablaufbereich 0,6\u20133,0 mm \u2013 QiPang","description":"Verbessern Sie Ihre Kabel- und Drahtproduktion mit der Double Springs Tension Gun. Es verf\u00fcgt \u00fcber einen Auszahlungsbereich von 0,6 bis 3,0 mm, wird durch Kaltplattenpr\u00e4gung hergestellt und mit dekorativem Chrom \u00fcberzogen, um Haltbarkeit und Stabilit\u00e4t zu gew\u00e4hrleisten.","robots":{"index":"index","follow":"follow","max-snippet":"max-snippet:-1","max-image-preview":"max-image-preview:large","max-video-preview":"max-video-preview:-1"},"canonical":"https:\/\/rollingringdrives.com\/de\/produkt\/doppelfeder-spannpistole-mit-abwickelbereich-0-6-3-0-mm\/","og_locale":"de_DE","og_type":"article","og_title":"Double Springs Tension Gun With Pay-off Range 0.6-3.0mm","og_description":"Upgrade your cable and wire production with the Double Springs Tension Gun. Boasting a Pay-off Range of 0.6-3.0mm, it is made with cold plate stamping and plated with decorative chrome, ensuring durability and stability.","og_url":"https:\/\/rollingringdrives.com\/de\/produkt\/doppelfeder-spannpistole-mit-abwickelbereich-0-6-3-0-mm\/","og_site_name":"QiPang","article_modified_time":"2025-07-07T07:32:04+00:00","og_image":[{"width":600,"height":600,"url":"https:\/\/rollingringdrives.com\/wp-content\/uploads\/2023\/05\/\u4e3b\u56fe-2-1.jpg","type":"image\/jpeg"}],"twitter_card":"summary_large_image","twitter_misc":{"Gesch\u00e4tzte Lesezeit":"1\u00a0Minute"},"schema":{"@context":"https:\/\/schema.org","@graph":[{"@type":"WebPage","@id":"https:\/\/rollingringdrives.com\/product\/double-springs-tension-gun-with-pay-off-range-0-6-3-0mm\/","url":"https:\/\/rollingringdrives.com\/product\/double-springs-tension-gun-with-pay-off-range-0-6-3-0mm\/","name":"Doppelfeder-Spannpistole mit Ablaufbereich 0,6\u20133,0 mm \u2013 QiPang","isPartOf":{"@id":"https:\/\/rollingringdrives.com\/#website"},"primaryImageOfPage":{"@id":"https:\/\/rollingringdrives.com\/product\/double-springs-tension-gun-with-pay-off-range-0-6-3-0mm\/#primaryimage"},"image":{"@id":"https:\/\/rollingringdrives.com\/product\/double-springs-tension-gun-with-pay-off-range-0-6-3-0mm\/#primaryimage"},"thumbnailUrl":"https:\/\/rollingringdrives.com\/wp-content\/uploads\/2023\/05\/\u4e3b\u56fe-2-1.jpg","datePublished":"2023-05-19T08:11:09+00:00","dateModified":"2025-07-07T07:32:04+00:00","description":"Verbessern Sie Ihre Kabel- und Drahtproduktion mit der Double Springs Tension Gun. Es verf\u00fcgt \u00fcber einen Auszahlungsbereich von 0,6 bis 3,0 mm, wird durch Kaltplattenpr\u00e4gung hergestellt und mit dekorativem Chrom \u00fcberzogen, um Haltbarkeit und Stabilit\u00e4t zu gew\u00e4hrleisten.","breadcrumb":{"@id":"https:\/\/rollingringdrives.com\/product\/double-springs-tension-gun-with-pay-off-range-0-6-3-0mm\/#breadcrumb"},"inLanguage":"de","potentialAction":[{"@type":"ReadAction","target":["https:\/\/rollingringdrives.com\/product\/double-springs-tension-gun-with-pay-off-range-0-6-3-0mm\/"]}]},{"@type":"ImageObject","inLanguage":"de","@id":"https:\/\/rollingringdrives.com\/product\/double-springs-tension-gun-with-pay-off-range-0-6-3-0mm\/#primaryimage","url":"https:\/\/rollingringdrives.com\/wp-content\/uploads\/2023\/05\/\u4e3b\u56fe-2-1.jpg","contentUrl":"https:\/\/rollingringdrives.com\/wp-content\/uploads\/2023\/05\/\u4e3b\u56fe-2-1.jpg","width":600,"height":600,"caption":"Double Springs Tension Gun With Pay-off Range 0.6-3.0mm"},{"@type":"BreadcrumbList","@id":"https:\/\/rollingringdrives.com\/product\/double-springs-tension-gun-with-pay-off-range-0-6-3-0mm\/#breadcrumb","itemListElement":[{"@type":"ListItem","position":1,"name":"Home","item":"https:\/\/rollingringdrives.com\/"},{"@type":"ListItem","position":2,"name":"Machines","item":"https:\/\/rollingringdrives.com\/machines\/"},{"@type":"ListItem","position":3,"name":"Double Springs Tension Gun With Pay-off Range 0.6-3.0mm"}]},{"@type":"WebSite","@id":"https:\/\/rollingringdrives.com\/#website","url":"https:\/\/rollingringdrives.com\/","name":"QiPang","description":"QiPang-Blog","publisher":{"@id":"https:\/\/rollingringdrives.com\/#organization"},"potentialAction":[{"@type":"SearchAction","target":{"@type":"EntryPoint","urlTemplate":"https:\/\/rollingringdrives.com\/?s={search_term_string}"},"query-input":{"@type":"PropertyValueSpecification","valueRequired":true,"valueName":"search_term_string"}}],"inLanguage":"de"},{"@type":"Organization","@id":"https:\/\/rollingringdrives.com\/#organization","name":"QiPang","url":"https:\/\/rollingringdrives.com\/","logo":{"@type":"ImageObject","inLanguage":"de","@id":"https:\/\/rollingringdrives.com\/#\/schema\/logo\/image\/","url":"https:\/\/rollingringdrives.com\/wp-content\/uploads\/2023\/05\/cropped-\u672a\u547d\u540d\u7684\u8bbe\u8ba1.png","contentUrl":"https:\/\/rollingringdrives.com\/wp-content\/uploads\/2023\/05\/cropped-\u672a\u547d\u540d\u7684\u8bbe\u8ba1.png","width":300,"height":191,"caption":"QiPang"},"image":{"@id":"https:\/\/rollingringdrives.com\/#\/schema\/logo\/image\/"}}]}},"_links":{"self":[{"href":"https:\/\/rollingringdrives.com\/de\/wp-json\/wp\/v2\/product\/25790","targetHints":{"allow":["GET"]}}],"collection":[{"href":"https:\/\/rollingringdrives.com\/de\/wp-json\/wp\/v2\/product"}],"about":[{"href":"https:\/\/rollingringdrives.com\/de\/wp-json\/wp\/v2\/types\/product"}],"version-history":[{"count":0,"href":"https:\/\/rollingringdrives.com\/de\/wp-json\/wp\/v2\/product\/25790\/revisions"}],"wp:featuredmedia":[{"embeddable":true,"href":"https:\/\/rollingringdrives.com\/de\/wp-json\/wp\/v2\/media\/25793"}],"wp:attachment":[{"href":"https:\/\/rollingringdrives.com\/de\/wp-json\/wp\/v2\/media?parent=25790"}],"wp:term":[{"taxonomy":"product_brand","embeddable":true,"href":"https:\/\/rollingringdrives.com\/de\/wp-json\/wp\/v2\/product_brand?post=25790"},{"taxonomy":"product_cat","embeddable":true,"href":"https:\/\/rollingringdrives.com\/de\/wp-json\/wp\/v2\/product_cat?post=25790"},{"taxonomy":"product_tag","embeddable":true,"href":"https:\/\/rollingringdrives.com\/de\/wp-json\/wp\/v2\/product_tag?post=25790"}],"curies":[{"name":"wp","href":"https:\/\/api.w.org\/{rel}","templated":true}]}}