{"id":26229,"date":"2023-05-23T02:16:30","date_gmt":"2023-05-23T02:16:30","guid":{"rendered":"https:\/\/rollingringdrives.com\/?post_type=product&#038;p=26229"},"modified":"2025-07-22T06:58:22","modified_gmt":"2025-07-22T06:58:22","slug":"qp630-1250-end-shaft-type-cable-take-up-frame","status":"publish","type":"product","link":"https:\/\/rollingringdrives.com\/de\/produkt\/qp630-1250-end-shaft-type-cable-take-up-frame\/","title":{"rendered":"QP2000Kabelaufwickelrahmen mit Endwelle"},"content":{"rendered":"<p class=\"xsj_paragraph xsj_paragraph_level_0\" data-source-line=\"0\" data-source-line-display=\"true\">Der\u00a0<strong class=\"markdown_strong_asterisk\">QP2000 Kabelaufwickelrahmen mit Endwelle<\/strong> ist eine Hochleistungsmaschine, die Kabel mit einem Durchmesserbereich von \u03a63 bis \u03a680 mm verwendet.<\/p>\n<p class=\"xsj_paragraph xsj_paragraph_level_0\" data-source-line=\"0\" data-source-line-display=\"true\">Es ist mit Rollen von PN1250 bis PN2000 kompatibel und hat eine maximale Hubkapazit\u00e4t von 8 t.<\/p>\n<p class=\"xsj_paragraph xsj_paragraph_level_0\" data-source-line=\"0\" data-source-line-display=\"true\">Diese Auf- und Abwickelvorrichtungen in S\u00e4ulenform werden haupts\u00e4chlich zum Auf- und Abwickeln von Dr\u00e4hten und Kabeln oder zum Auf- und Abwickeln von Stahlseilen und Litzen verwendet.<\/p>\n<p data-source-line=\"0\" data-source-line-display=\"true\"><div id=\"footable_parent_32404\"\n         class=\"footable_parent ninja_table_wrapper loading_ninja_table wp_table_data_press_parent semantic_ui\">\n                <table data-ninja_table_instance=\"ninja_table_instance_0\" data-footable_id=\"32404\" data-filter-delay=\"1000\" aria-label=\"\u5b89\u5e86\u8c22\u603b\u7aef\u8f74\u6536\u6392\u53c2\u6570.csv\"            id=\"footable_32404\"\n           data-unique_identifier=\"ninja_table_unique_id_1121347029_32404\"\n           class=\"foo-table ninja_footable foo_table_32404 ninja_table_unique_id_1121347029_32404 ui table  nt_type_legacy_table selectable striped vertical_centered  footable-paging-right ninja_table_pro\">\n                <colgroup>\n                            <col class=\"ninja_column_0\">\n                            <col class=\"ninja_column_1\">\n                            <col class=\"ninja_column_2\">\n                            <col class=\"ninja_column_3\">\n                            <col class=\"ninja_column_4\">\n                            <col class=\"ninja_column_5\">\n                    <\/colgroup>\n        <thead>\n<tr class=\"footable-header\">\n                                                                                                        <th scope=\"col\"  class=\"ninja_column_0 ninja_clmn_nm_model\">Modell<\/th><th scope=\"col\"  class=\"ninja_column_1 ninja_clmn_nm_qp125\">QP1250<\/th><th scope=\"col\"  class=\"ninja_column_2 ninja_clmn_nm_qp16\">QP1600<\/th><th scope=\"col\"  class=\"ninja_column_3 ninja_clmn_nm_qp2\">QP2000<\/th><th scope=\"col\"  class=\"ninja_column_4 ninja_clmn_nm_qp25\">QP2500<\/th><th scope=\"col\"  class=\"ninja_column_5 ninja_clmn_nm_qp315\">QP3150<\/th><\/tr>\n<\/thead>\n<tbody>\n\n        <tr data-row_id=\"1784\" class=\"ninja_table_row_0 nt_row_id_1784\">\n            <td><\/td><td><\/td><td><\/td><td><\/td><td><\/td><td><\/td>        <\/tr>\n            <tr data-row_id=\"1785\" class=\"ninja_table_row_1 nt_row_id_1785\">\n            <td>Geeigneter Materialdurchmesser<\/td><td>3-60 MM<\/td><td>3-60 mm<\/td><td>3-80 mm<\/td><td>3-100 mm<\/td><td>3-100 mm<\/td>        <\/tr>\n            <tr data-row_id=\"1786\" class=\"ninja_table_row_2 nt_row_id_1786\">\n            <td><\/td><td><\/td><td><\/td><td><\/td><td><\/td><td><\/td>        <\/tr>\n            <tr data-row_id=\"1787\" class=\"ninja_table_row_3 nt_row_id_1787\">\n            <td>Spannmotor:<\/td><td>0,55 kW Wechselstrommotor + Zykloidengetriebe (2 S\u00e4tze)<\/td><td>0,55 kW \/ 960 U\/min Wechselstrommotor (2 S\u00e4tze) + Zykloidengetriebe<\/td><td>0,75 kW \/ 960 U\/min Wechselstrommotor (2 S\u00e4tze) + Zykloidengetriebe<\/td><td>0,75 kW \/ 960 U\/min Wechselstrommotor (2 S\u00e4tze) + Zykloidengetriebe<\/td><td>BWY10-23-1,1KW<\/td>        <\/tr>\n            <tr data-row_id=\"1788\" class=\"ninja_table_row_4 nt_row_id_1788\">\n            <td>Rollenhebemotor<\/td><td>0,75-kW-Wechselstrommotor + Zykloidengetriebe (2 S\u00e4tze)<\/td><td>0,75-kW-Wechselstrommotor + Zykloidengetriebe (2 S\u00e4tze)<\/td><td>1,5-kW-Wechselstrommotor + Zykloidengetriebe (2 S\u00e4tze)<\/td><td>1,5-kW-Wechselstrommotor + Zykloidengetriebe (2 S\u00e4tze)<\/td><td>BLY10-29-2,2KW<\/td>        <\/tr>\n            <tr data-row_id=\"1789\" class=\"ninja_table_row_5 nt_row_id_1789\">\n            <td><\/td><td><\/td><td><\/td><td><\/td><td><\/td><td><\/td>        <\/tr>\n            <tr data-row_id=\"1790\" class=\"ninja_table_row_6 nt_row_id_1790\">\n            <td>Hauptmotor f\u00fcr Aufwickelmaschine<\/td><td>JLJ160-40-4 Drehmomentmotor oder Motor mit variabler Frequenz.<\/td><td>JLJ160-60-6 Drehmomentmotor (5,5 kW AC-Motor mit variabler Frequenz)<\/td><td>JLJ160-80-6 Drehmomentmotor (7,5 kW AC-Motor mit variabler Frequenz)<\/td><td>YLJ160L-60N.m-4 (7,5 kW AC-Motor mit variabler Frequenz)<\/td><td>YLJ160L-100N.m-6<\/td>        <\/tr>\n            <tr data-row_id=\"1791\" class=\"ninja_table_row_7 nt_row_id_1791\">\n            <td>Stromversorgung<\/td><td>380 V, 3-phasig, 50 Hz Oder anpassen<\/td><td>380 V, 3-phasig, 50 Hz Oder anpassen<\/td><td>380 V, 3-phasig, 50 Hz Oder anpassen<\/td><td>380 V, 3-phasig, 50 Hz Oder anpassen<\/td><td>380 V, 3-phasig, 50 Hz Oder anpassen<\/td>        <\/tr>\n            <tr data-row_id=\"1792\" class=\"ninja_table_row_8 nt_row_id_1792\">\n            <td>Ger\u00e4tefarbe<\/td><td>RAL5015 blau<\/td><td>RAL5015 blau<\/td><td>RAL5015 blau<\/td><td>RAL5015 blau<\/td><td>RAL5015 blau<\/td>        <\/tr>\n    <\/tbody><!--ninja_tobody_rendering_done-->\n    <\/table>\n    \n    \n    \n<\/div>\n<\/p>\n<div class=\"ast-oembed-container\" style=\"height: 100%;\"><iframe title=\"QP2000 Kabelaufwickelrahmen mit Endwelle\" width=\"500\" height=\"281\" src=\"https:\/\/www.youtube.com\/embed\/sHMNjztEHLQ?feature=oembed\" frameborder=\"0\" allow=\"accelerometer; autoplay; clipboard-write; encrypted-media; gyroscope; picture-in-picture; web-share\" referrerpolicy=\"strict-origin-when-cross-origin\" allowfullscreen><\/iframe><\/div>\n<p data-source-line=\"0\" data-source-line-display=\"true\"><!--more--><\/p>\n<h2 id=\"faqs_1\" class=\"xsj_heading_hash xsj_heading xsj_heading_h2\" data-source-line=\"2\" data-source-line-display=\"true\"><span class=\"xsj_heading_content\">Merkmale:<\/span><\/h2>\n<p class=\"xsj_paragraph xsj_paragraph_level_0\" data-source-line=\"4\" data-source-line-display=\"true\"><strong>Geschwindigkeits- oder Spannungsregelung:<\/strong> Unsere Maschine mit Endwelle bietet die Wahl zwischen Geschwindigkeitsregelung und Spannungsregelung<br \/>\nModi, um spezifischen Anforderungen gerecht zu werden.<\/p>\n<p class=\"xsj_paragraph xsj_paragraph_level_0\" data-source-line=\"7\" data-source-line-display=\"true\"><strong>Kompatibilit\u00e4t mit unterschiedlichen Drahtdurchmessern<\/strong>: Die Abwickel- und Aufwickelmaschinen k\u00f6nnen Dr\u00e4hte verschiedener<br \/>\nDurchmesser und bietet so Vielseitigkeit f\u00fcr verschiedene Kabeltypen.<\/p>\n<p class=\"xsj_paragraph xsj_paragraph_level_0\" data-source-line=\"10\" data-source-line-display=\"true\"><strong>Automatischer und manueller Richtungswechsel<\/strong>: Die Abwickel- und Aufwickelmaschinen unterst\u00fctzen den automatischen und manuellen Richtungswechsel.<\/p>\n<p class=\"xsj_paragraph xsj_paragraph_level_0\" data-source-line=\"13\" data-source-line-display=\"true\"><strong>Einstellbare Klemmkraft:<\/strong> Die Klemmkraft zur Befestigung der Kabeltrommel l\u00e4sst sich einfach einstellen, um den richtigen Halt und Stabilit\u00e4t zu gew\u00e4hrleisten.<\/p>\n<p class=\"xsj_paragraph xsj_paragraph_level_0\" data-source-line=\"16\" data-source-line-display=\"true\"><strong>Benutzerfreundliche Steuerung:<\/strong> Die Abwickel- und Aufwickelmaschinen sind mit elektrischen Schaltschr\u00e4nken, Bedienfeldern und Hauptbedienfeldern mit Einzel- oder gemeinsamen Bedienkn\u00f6pfen zur einfachen Bedienung ausgestattet.<\/p>\n<p data-source-line=\"16\" data-source-line-display=\"true\">","protected":false},"excerpt":{"rendered":"<h2 id=\"features_1\" class=\"xsj_heading_hash xsj_heading xsj_heading_h2\" data-source-line=\"3\" data-source-line-display=\"true\"><span class=\"xsj_heading_content\">Merkmale:<\/span><\/h2>\n<ol class=\"markdown_ol\" data-source-line=\"5\">\n<li data-source-line=\"5\">Hochleistungsmaschine mit einer maximalen Hubkapazit\u00e4t von 8T.<\/li>\n<li data-source-line=\"6\">Kompatibel mit Rollen von PN1250 bis PN2000<\/li>\n<li data-source-line=\"7\">Passend f\u00fcr Kabeldurchmesser von \u03a63\u2013\u03a680 mm (max.).<\/li>\n<li data-source-line=\"8\">Hauptmotor f\u00fcr Kabelaufwickelmaschine: JLJ160-80-6 Drehmomentmotor (7,5 kW AC-Motor mit variabler Frequenz)<\/li>\n<li data-source-line=\"9\">Hubkraft: 1,5 kW Wechselstrommotor + Zykloiden-Windradgetriebe (2 S\u00e4tze)<br \/>\nKlemm- und \u00d6ffnungsmotor: 0,75 kW \/ 960 U\/min Wechselstrommotor (2 S\u00e4tze) + Zykloiden-Windradgetriebe<br \/>\nDrahtanordnungsmotor: 0,75 kW\/1500 U\/min (Wechselstrommotor) + Zykloiden-Windradgetriebe Schraubendrahtanordnung<\/li>\n<li data-source-line=\"10\">Geeignet f\u00fcr Spulenbreiten von 950 mm bis 1500 mm.<\/li>\n<li data-source-line=\"11\">Maximale Aufwickelgeschwindigkeit von 60 m\/min.<\/li>\n<li data-source-line=\"12\">Einfach zu bedienen und zu warten.<\/li>\n<\/ol>","protected":false},"featured_media":32410,"template":"","meta":{"site-sidebar-layout":"default","site-content-layout":"default","ast-global-header-display":"","ast-banner-title-visibility":"","ast-main-header-display":"","ast-hfb-above-header-display":"","ast-hfb-below-header-display":"","ast-hfb-mobile-header-display":"","site-post-title":"","ast-breadcrumbs-content":"","ast-featured-img":"","footer-sml-layout":"","theme-transparent-header-meta":"default","adv-header-id-meta":"","stick-header-meta":"","header-above-stick-meta":"","header-main-stick-meta":"","header-below-stick-meta":""},"product_brand":[],"product_cat":[51,128],"product_tag":[],"class_list":{"0":"post-26229","1":"product","2":"type-product","3":"status-publish","4":"has-post-thumbnail","6":"product_cat-wire-take-up-machine","7":"product_cat-end-shaft-type-take-up-machine","8":"desktop-align-left","9":"tablet-align-left","10":"mobile-align-left","12":"first","13":"instock","14":"shipping-taxable","15":"product-type-simple"},"yoast_head":"<!-- This site is optimized with the Yoast SEO Premium plugin v20.12 (Yoast SEO v26.0) - https:\/\/yoast.com\/wordpress\/plugins\/seo\/ -->\n<title>QP2000End Shaft Type Cable Take-Up Frame - QiPang<\/title>\n<meta name=\"description\" content=\"Looking to take your cable management to the next level? Check out our high-performance QP630-1250 end shaft type Cable Take-Up Frame.\" \/>\n<meta name=\"robots\" content=\"index, follow, max-snippet:-1, max-image-preview:large, max-video-preview:-1\" \/>\n<link rel=\"canonical\" href=\"https:\/\/rollingringdrives.com\/de\/produkt\/qp630-1250-end-shaft-type-cable-take-up-frame\/\" \/>\n<meta property=\"og:locale\" content=\"de_DE\" \/>\n<meta property=\"og:type\" content=\"article\" \/>\n<meta property=\"og:title\" content=\"QP2000End Shaft Type Cable Take-Up Frame\" \/>\n<meta property=\"og:description\" content=\"Looking to take your cable management to the next level? Check out our high-performance QP630-1250 end shaft type Cable Take-Up Frame.\" \/>\n<meta property=\"og:url\" content=\"https:\/\/rollingringdrives.com\/de\/produkt\/qp630-1250-end-shaft-type-cable-take-up-frame\/\" \/>\n<meta property=\"og:site_name\" content=\"QiPang\" \/>\n<meta property=\"article:modified_time\" content=\"2025-07-22T06:58:22+00:00\" \/>\n<meta property=\"og:image\" content=\"https:\/\/rollingringdrives.com\/wp-content\/uploads\/2023\/05\/11\u753b\u677f-1.jpg\" \/>\n\t<meta property=\"og:image:width\" content=\"800\" \/>\n\t<meta property=\"og:image:height\" content=\"800\" \/>\n\t<meta property=\"og:image:type\" content=\"image\/jpeg\" \/>\n<meta name=\"twitter:card\" content=\"summary_large_image\" \/>\n<meta name=\"twitter:label1\" content=\"Gesch\u00e4tzte Lesezeit\" \/>\n\t<meta name=\"twitter:data1\" content=\"1\u00a0Minute\" \/>\n<script type=\"application\/ld+json\" class=\"yoast-schema-graph\">{\"@context\":\"https:\/\/schema.org\",\"@graph\":[{\"@type\":\"WebPage\",\"@id\":\"https:\/\/rollingringdrives.com\/product\/qp630-1250-end-shaft-type-cable-take-up-frame\/\",\"url\":\"https:\/\/rollingringdrives.com\/product\/qp630-1250-end-shaft-type-cable-take-up-frame\/\",\"name\":\"QP2000End Shaft Type Cable Take-Up Frame - QiPang\",\"isPartOf\":{\"@id\":\"https:\/\/rollingringdrives.com\/#website\"},\"primaryImageOfPage\":{\"@id\":\"https:\/\/rollingringdrives.com\/product\/qp630-1250-end-shaft-type-cable-take-up-frame\/#primaryimage\"},\"image\":{\"@id\":\"https:\/\/rollingringdrives.com\/product\/qp630-1250-end-shaft-type-cable-take-up-frame\/#primaryimage\"},\"thumbnailUrl\":\"https:\/\/rollingringdrives.com\/wp-content\/uploads\/2023\/05\/11\u753b\u677f-1.jpg\",\"datePublished\":\"2023-05-23T02:16:30+00:00\",\"dateModified\":\"2025-07-22T06:58:22+00:00\",\"description\":\"Looking to take your cable management to the next level? Check out our high-performance QP630-1250 end shaft type Cable Take-Up Frame.\",\"breadcrumb\":{\"@id\":\"https:\/\/rollingringdrives.com\/product\/qp630-1250-end-shaft-type-cable-take-up-frame\/#breadcrumb\"},\"inLanguage\":\"de\",\"potentialAction\":[{\"@type\":\"ReadAction\",\"target\":[\"https:\/\/rollingringdrives.com\/product\/qp630-1250-end-shaft-type-cable-take-up-frame\/\"]}]},{\"@type\":\"ImageObject\",\"inLanguage\":\"de\",\"@id\":\"https:\/\/rollingringdrives.com\/product\/qp630-1250-end-shaft-type-cable-take-up-frame\/#primaryimage\",\"url\":\"https:\/\/rollingringdrives.com\/wp-content\/uploads\/2023\/05\/11\u753b\u677f-1.jpg\",\"contentUrl\":\"https:\/\/rollingringdrives.com\/wp-content\/uploads\/2023\/05\/11\u753b\u677f-1.jpg\",\"width\":800,\"height\":800,\"caption\":\"Take up machine\"},{\"@type\":\"BreadcrumbList\",\"@id\":\"https:\/\/rollingringdrives.com\/product\/qp630-1250-end-shaft-type-cable-take-up-frame\/#breadcrumb\",\"itemListElement\":[{\"@type\":\"ListItem\",\"position\":1,\"name\":\"Home\",\"item\":\"https:\/\/rollingringdrives.com\/\"},{\"@type\":\"ListItem\",\"position\":2,\"name\":\"Machines\",\"item\":\"https:\/\/rollingringdrives.com\/machines\/\"},{\"@type\":\"ListItem\",\"position\":3,\"name\":\"QP2000End Shaft Type Cable Take-Up Frame\"}]},{\"@type\":\"WebSite\",\"@id\":\"https:\/\/rollingringdrives.com\/#website\",\"url\":\"https:\/\/rollingringdrives.com\/\",\"name\":\"QiPang\",\"description\":\"QiPang Blog\",\"publisher\":{\"@id\":\"https:\/\/rollingringdrives.com\/#organization\"},\"potentialAction\":[{\"@type\":\"SearchAction\",\"target\":{\"@type\":\"EntryPoint\",\"urlTemplate\":\"https:\/\/rollingringdrives.com\/?s={search_term_string}\"},\"query-input\":{\"@type\":\"PropertyValueSpecification\",\"valueRequired\":true,\"valueName\":\"search_term_string\"}}],\"inLanguage\":\"de\"},{\"@type\":\"Organization\",\"@id\":\"https:\/\/rollingringdrives.com\/#organization\",\"name\":\"QiPang\",\"url\":\"https:\/\/rollingringdrives.com\/\",\"logo\":{\"@type\":\"ImageObject\",\"inLanguage\":\"de\",\"@id\":\"https:\/\/rollingringdrives.com\/#\/schema\/logo\/image\/\",\"url\":\"https:\/\/rollingringdrives.com\/wp-content\/uploads\/2023\/05\/cropped-\u672a\u547d\u540d\u7684\u8bbe\u8ba1.png\",\"contentUrl\":\"https:\/\/rollingringdrives.com\/wp-content\/uploads\/2023\/05\/cropped-\u672a\u547d\u540d\u7684\u8bbe\u8ba1.png\",\"width\":300,\"height\":191,\"caption\":\"QiPang\"},\"image\":{\"@id\":\"https:\/\/rollingringdrives.com\/#\/schema\/logo\/image\/\"}}]}<\/script>\n<!-- \/ Yoast SEO Premium plugin. -->","yoast_head_json":{"title":"QP2000 Kabelaufwickelrahmen mit Endwelle - QiPang","description":"M\u00f6chten Sie Ihr Kabelmanagement auf die n\u00e4chste Stufe heben? Schauen Sie sich unseren leistungsstarken Kabelaufnahmerahmen QP630-1250 mit Endwelle an.","robots":{"index":"index","follow":"follow","max-snippet":"max-snippet:-1","max-image-preview":"max-image-preview:large","max-video-preview":"max-video-preview:-1"},"canonical":"https:\/\/rollingringdrives.com\/de\/produkt\/qp630-1250-end-shaft-type-cable-take-up-frame\/","og_locale":"de_DE","og_type":"article","og_title":"QP2000End Shaft Type Cable Take-Up Frame","og_description":"Looking to take your cable management to the next level? Check out our high-performance QP630-1250 end shaft type Cable Take-Up Frame.","og_url":"https:\/\/rollingringdrives.com\/de\/produkt\/qp630-1250-end-shaft-type-cable-take-up-frame\/","og_site_name":"QiPang","article_modified_time":"2025-07-22T06:58:22+00:00","og_image":[{"width":800,"height":800,"url":"https:\/\/rollingringdrives.com\/wp-content\/uploads\/2023\/05\/11\u753b\u677f-1.jpg","type":"image\/jpeg"}],"twitter_card":"summary_large_image","twitter_misc":{"Gesch\u00e4tzte Lesezeit":"1\u00a0Minute"},"schema":{"@context":"https:\/\/schema.org","@graph":[{"@type":"WebPage","@id":"https:\/\/rollingringdrives.com\/product\/qp630-1250-end-shaft-type-cable-take-up-frame\/","url":"https:\/\/rollingringdrives.com\/product\/qp630-1250-end-shaft-type-cable-take-up-frame\/","name":"QP2000 Kabelaufwickelrahmen mit Endwelle - QiPang","isPartOf":{"@id":"https:\/\/rollingringdrives.com\/#website"},"primaryImageOfPage":{"@id":"https:\/\/rollingringdrives.com\/product\/qp630-1250-end-shaft-type-cable-take-up-frame\/#primaryimage"},"image":{"@id":"https:\/\/rollingringdrives.com\/product\/qp630-1250-end-shaft-type-cable-take-up-frame\/#primaryimage"},"thumbnailUrl":"https:\/\/rollingringdrives.com\/wp-content\/uploads\/2023\/05\/11\u753b\u677f-1.jpg","datePublished":"2023-05-23T02:16:30+00:00","dateModified":"2025-07-22T06:58:22+00:00","description":"M\u00f6chten Sie Ihr Kabelmanagement auf die n\u00e4chste Stufe heben? Schauen Sie sich unseren leistungsstarken Kabelaufnahmerahmen QP630-1250 mit Endwelle an.","breadcrumb":{"@id":"https:\/\/rollingringdrives.com\/product\/qp630-1250-end-shaft-type-cable-take-up-frame\/#breadcrumb"},"inLanguage":"de","potentialAction":[{"@type":"ReadAction","target":["https:\/\/rollingringdrives.com\/product\/qp630-1250-end-shaft-type-cable-take-up-frame\/"]}]},{"@type":"ImageObject","inLanguage":"de","@id":"https:\/\/rollingringdrives.com\/product\/qp630-1250-end-shaft-type-cable-take-up-frame\/#primaryimage","url":"https:\/\/rollingringdrives.com\/wp-content\/uploads\/2023\/05\/11\u753b\u677f-1.jpg","contentUrl":"https:\/\/rollingringdrives.com\/wp-content\/uploads\/2023\/05\/11\u753b\u677f-1.jpg","width":800,"height":800,"caption":"Take up machine"},{"@type":"BreadcrumbList","@id":"https:\/\/rollingringdrives.com\/product\/qp630-1250-end-shaft-type-cable-take-up-frame\/#breadcrumb","itemListElement":[{"@type":"ListItem","position":1,"name":"Home","item":"https:\/\/rollingringdrives.com\/"},{"@type":"ListItem","position":2,"name":"Machines","item":"https:\/\/rollingringdrives.com\/machines\/"},{"@type":"ListItem","position":3,"name":"QP2000End Shaft Type Cable Take-Up Frame"}]},{"@type":"WebSite","@id":"https:\/\/rollingringdrives.com\/#website","url":"https:\/\/rollingringdrives.com\/","name":"QiPang","description":"QiPang-Blog","publisher":{"@id":"https:\/\/rollingringdrives.com\/#organization"},"potentialAction":[{"@type":"SearchAction","target":{"@type":"EntryPoint","urlTemplate":"https:\/\/rollingringdrives.com\/?s={search_term_string}"},"query-input":{"@type":"PropertyValueSpecification","valueRequired":true,"valueName":"search_term_string"}}],"inLanguage":"de"},{"@type":"Organization","@id":"https:\/\/rollingringdrives.com\/#organization","name":"QiPang","url":"https:\/\/rollingringdrives.com\/","logo":{"@type":"ImageObject","inLanguage":"de","@id":"https:\/\/rollingringdrives.com\/#\/schema\/logo\/image\/","url":"https:\/\/rollingringdrives.com\/wp-content\/uploads\/2023\/05\/cropped-\u672a\u547d\u540d\u7684\u8bbe\u8ba1.png","contentUrl":"https:\/\/rollingringdrives.com\/wp-content\/uploads\/2023\/05\/cropped-\u672a\u547d\u540d\u7684\u8bbe\u8ba1.png","width":300,"height":191,"caption":"QiPang"},"image":{"@id":"https:\/\/rollingringdrives.com\/#\/schema\/logo\/image\/"}}]}},"_links":{"self":[{"href":"https:\/\/rollingringdrives.com\/de\/wp-json\/wp\/v2\/product\/26229","targetHints":{"allow":["GET"]}}],"collection":[{"href":"https:\/\/rollingringdrives.com\/de\/wp-json\/wp\/v2\/product"}],"about":[{"href":"https:\/\/rollingringdrives.com\/de\/wp-json\/wp\/v2\/types\/product"}],"version-history":[{"count":0,"href":"https:\/\/rollingringdrives.com\/de\/wp-json\/wp\/v2\/product\/26229\/revisions"}],"wp:featuredmedia":[{"embeddable":true,"href":"https:\/\/rollingringdrives.com\/de\/wp-json\/wp\/v2\/media\/32410"}],"wp:attachment":[{"href":"https:\/\/rollingringdrives.com\/de\/wp-json\/wp\/v2\/media?parent=26229"}],"wp:term":[{"taxonomy":"product_brand","embeddable":true,"href":"https:\/\/rollingringdrives.com\/de\/wp-json\/wp\/v2\/product_brand?post=26229"},{"taxonomy":"product_cat","embeddable":true,"href":"https:\/\/rollingringdrives.com\/de\/wp-json\/wp\/v2\/product_cat?post=26229"},{"taxonomy":"product_tag","embeddable":true,"href":"https:\/\/rollingringdrives.com\/de\/wp-json\/wp\/v2\/product_tag?post=26229"}],"curies":[{"name":"wp","href":"https:\/\/api.w.org\/{rel}","templated":true}]}}