{"id":26246,"date":"2023-05-23T02:30:17","date_gmt":"2023-05-23T02:30:17","guid":{"rendered":"https:\/\/rollingringdrives.com\/?post_type=product&#038;p=26246"},"modified":"2025-07-22T03:39:39","modified_gmt":"2025-07-22T03:39:39","slug":"qp800-1600-end-shaft-type-wire-take-up-machine","status":"publish","type":"product","link":"https:\/\/rollingringdrives.com\/de\/produkt\/qp800-1600-endwellen-drahtaufwickelmaschine\/","title":{"rendered":"QP800-1600 Drahtaufwickelmaschine mit Endwelle"},"content":{"rendered":"<p class=\"xsj_paragraph xsj_paragraph_level_0\" data-source-line=\"0\" data-source-line-display=\"true\">Der\u00a0<strong class=\"markdown_strong_asterisk\">QP800-1600 Ende, Wellentyp-Drahtaufnahmemaschine,<\/strong> ist die ideale L\u00f6sung f\u00fcr die effiziente Aufnahme von Kabeln. Diese Maschine ist f\u00fcr Rollen von PN800 bis PN1600 ausgelegt und hat einen Rollendurchmesserbereich von \u03a6800 bis \u03a61600 mm. Das Ger\u00e4t kann problemlos eine Vielzahl von Kabeldurchmessern verarbeiten, die von \u03a63 bis \u03a660 mm reichen. Die Maschine verf\u00fcgt \u00fcber alle notwendigen Funktionen wie Klemmmotor, Hubkraft, Seilzugmotor und Torquemotor, um einen effizienten Betrieb zu gew\u00e4hrleisten.<\/p>\n<p data-source-line=\"0\" data-source-line-display=\"true\"><div id=\"footable_parent_32404\"\n         class=\"footable_parent ninja_table_wrapper loading_ninja_table wp_table_data_press_parent semantic_ui\">\n                <table data-ninja_table_instance=\"ninja_table_instance_0\" data-footable_id=\"32404\" data-filter-delay=\"1000\" aria-label=\"\u5b89\u5e86\u8c22\u603b\u7aef\u8f74\u6536\u6392\u53c2\u6570.csv\"            id=\"footable_32404\"\n           data-unique_identifier=\"ninja_table_unique_id_2105318222_32404\"\n           class=\"foo-table ninja_footable foo_table_32404 ninja_table_unique_id_2105318222_32404 ui table  nt_type_legacy_table selectable striped vertical_centered  footable-paging-right ninja_table_pro\">\n                <colgroup>\n                            <col class=\"ninja_column_0\">\n                            <col class=\"ninja_column_1\">\n                            <col class=\"ninja_column_2\">\n                            <col class=\"ninja_column_3\">\n                            <col class=\"ninja_column_4\">\n                            <col class=\"ninja_column_5\">\n                    <\/colgroup>\n        <thead>\n<tr class=\"footable-header\">\n                                                                                                        <th scope=\"col\"  class=\"ninja_column_0 ninja_clmn_nm_model\">Modell<\/th><th scope=\"col\"  class=\"ninja_column_1 ninja_clmn_nm_qp125\">QP1250<\/th><th scope=\"col\"  class=\"ninja_column_2 ninja_clmn_nm_qp16\">QP1600<\/th><th scope=\"col\"  class=\"ninja_column_3 ninja_clmn_nm_qp2\">QP2000<\/th><th scope=\"col\"  class=\"ninja_column_4 ninja_clmn_nm_qp25\">QP2500<\/th><th scope=\"col\"  class=\"ninja_column_5 ninja_clmn_nm_qp315\">QP3150<\/th><\/tr>\n<\/thead>\n<tbody>\n\n        <tr data-row_id=\"1784\" class=\"ninja_table_row_0 nt_row_id_1784\">\n            <td><\/td><td><\/td><td><\/td><td><\/td><td><\/td><td><\/td>        <\/tr>\n            <tr data-row_id=\"1785\" class=\"ninja_table_row_1 nt_row_id_1785\">\n            <td>Geeigneter Materialdurchmesser<\/td><td>3-60 MM<\/td><td>3-60 mm<\/td><td>3-80 mm<\/td><td>3-100 mm<\/td><td>3-100 mm<\/td>        <\/tr>\n            <tr data-row_id=\"1786\" class=\"ninja_table_row_2 nt_row_id_1786\">\n            <td><\/td><td><\/td><td><\/td><td><\/td><td><\/td><td><\/td>        <\/tr>\n            <tr data-row_id=\"1787\" class=\"ninja_table_row_3 nt_row_id_1787\">\n            <td>Spannmotor:<\/td><td>0,55 kW Wechselstrommotor + Zykloidengetriebe (2 S\u00e4tze)<\/td><td>0,55 kW \/ 960 U\/min Wechselstrommotor (2 S\u00e4tze) + Zykloidengetriebe<\/td><td>0,75 kW \/ 960 U\/min Wechselstrommotor (2 S\u00e4tze) + Zykloidengetriebe<\/td><td>0,75 kW \/ 960 U\/min Wechselstrommotor (2 S\u00e4tze) + Zykloidengetriebe<\/td><td>BWY10-23-1,1KW<\/td>        <\/tr>\n            <tr data-row_id=\"1788\" class=\"ninja_table_row_4 nt_row_id_1788\">\n            <td>Rollenhebemotor<\/td><td>0,75-kW-Wechselstrommotor + Zykloidengetriebe (2 S\u00e4tze)<\/td><td>0,75-kW-Wechselstrommotor + Zykloidengetriebe (2 S\u00e4tze)<\/td><td>1,5-kW-Wechselstrommotor + Zykloidengetriebe (2 S\u00e4tze)<\/td><td>1,5-kW-Wechselstrommotor + Zykloidengetriebe (2 S\u00e4tze)<\/td><td>BLY10-29-2,2KW<\/td>        <\/tr>\n            <tr data-row_id=\"1789\" class=\"ninja_table_row_5 nt_row_id_1789\">\n            <td><\/td><td><\/td><td><\/td><td><\/td><td><\/td><td><\/td>        <\/tr>\n            <tr data-row_id=\"1790\" class=\"ninja_table_row_6 nt_row_id_1790\">\n            <td>Hauptmotor f\u00fcr Aufwickelmaschine<\/td><td>JLJ160-40-4 Drehmomentmotor oder Motor mit variabler Frequenz.<\/td><td>JLJ160-60-6 Drehmomentmotor (5,5 kW AC-Motor mit variabler Frequenz)<\/td><td>JLJ160-80-6 Drehmomentmotor (7,5 kW AC-Motor mit variabler Frequenz)<\/td><td>YLJ160L-60N.m-4 (7,5 kW AC-Motor mit variabler Frequenz)<\/td><td>YLJ160L-100N.m-6<\/td>        <\/tr>\n            <tr data-row_id=\"1791\" class=\"ninja_table_row_7 nt_row_id_1791\">\n            <td>Stromversorgung<\/td><td>380 V, 3-phasig, 50 Hz Oder anpassen<\/td><td>380 V, 3-phasig, 50 Hz Oder anpassen<\/td><td>380 V, 3-phasig, 50 Hz Oder anpassen<\/td><td>380 V, 3-phasig, 50 Hz Oder anpassen<\/td><td>380 V, 3-phasig, 50 Hz Oder anpassen<\/td>        <\/tr>\n            <tr data-row_id=\"1792\" class=\"ninja_table_row_8 nt_row_id_1792\">\n            <td>Ger\u00e4tefarbe<\/td><td>RAL5015 blau<\/td><td>RAL5015 blau<\/td><td>RAL5015 blau<\/td><td>RAL5015 blau<\/td><td>RAL5015 blau<\/td>        <\/tr>\n    <\/tbody><!--ninja_tobody_rendering_done-->\n    <\/table>\n    \n    \n    \n<\/div>\n<\/p>\n<div class=\"ast-oembed-container\" style=\"height: 100%;\"><iframe title=\"QP800-1600 Drahtaufwickelmaschine mit Endwelle\" width=\"500\" height=\"281\" src=\"https:\/\/www.youtube.com\/embed\/aEMxhtHwVY8?feature=oembed\" frameborder=\"0\" allow=\"accelerometer; autoplay; clipboard-write; encrypted-media; gyroscope; picture-in-picture; web-share\" referrerpolicy=\"strict-origin-when-cross-origin\" allowfullscreen><\/iframe><\/div>\n<div class=\"xiaoshujiang_element xsj_anchor\"><a class=\"blank_anchor_name\" name=\"features_1\"><\/a><a id=\"features_1\" class=\"blank_anchor_id\"><\/a><a class=\"blank_anchor_name\" name=\"features\"><\/a><a id=\"features\" class=\"blank_anchor_id\"><\/a><\/div>\n<h2 id=\"features_1\" class=\"xsj_heading_hash xsj_heading xsj_heading_h2\" data-source-line=\"2\" data-source-line-display=\"true\"><span class=\"xsj_heading_content\">Merkmale:<\/span><\/h2>\n<ol class=\"markdown_ol\" data-source-line=\"4\">\n<li data-source-line=\"4\">\n<p class=\"xsj_paragraph xsj_paragraph_level_2\">Einfache Installation: Die Enddrahtaufnahmemaschine QP800-1600 mit Schaft ist dank der Installationsoptionen f\u00fcr das Fundament und die Expansionsschraube einfach zu installieren.<\/p>\n<\/li>\n<li data-source-line=\"6\">\n<p class=\"xsj_paragraph xsj_paragraph_level_2\">Gro\u00dfer Kabeldurchmesserbereich: Die Maschine verf\u00fcgt \u00fcber eine beeindruckende Kapazit\u00e4t zur Verarbeitung einer Vielzahl von Kabeldurchmessern und ist somit eine vielseitige L\u00f6sung.<\/p>\n<\/li>\n<li data-source-line=\"8\">\n<p class=\"xsj_paragraph xsj_paragraph_level_2\">Langlebiges Design: Die Maschine ist so robust konstruiert, dass sie Rollen mit einem Gewicht von bis zu 6 Tonnen verarbeiten kann.<\/p>\n<\/li>\n<li data-source-line=\"10\">\n<p class=\"xsj_paragraph xsj_paragraph_level_2\">Effizienter Betrieb: Die Maschine ist mit einem Zentralmotor f\u00fcr die Aufnahme, einem Klemmmotor, Hubkraft und einem Kabelmotor ausgestattet, was einen effizienten Betrieb gew\u00e4hrleistet.<\/p>\n<\/li>\n<li data-source-line=\"12\">\n<p class=\"xsj_paragraph xsj_paragraph_level_2\">Hohe Pr\u00e4zision: Mit einer maximalen Aufnahmegeschwindigkeit von 120 m\/min garantiert die Maschine eine pr\u00e4zise und genaue Aufnahme von Kabeln.<\/p>\n<\/li>\n<\/ol>\n<div class=\"xiaoshujiang_element xsj_anchor\"><a class=\"blank_anchor_name\" name=\"faqs_2\"><\/a><a id=\"faqs_2\" class=\"blank_anchor_id\"><\/a><a class=\"blank_anchor_name\" name=\"faqs\"><\/a><a id=\"faqs\" class=\"blank_anchor_id\"><\/a><\/div>\n<h2 id=\"faqs_2\" class=\"xsj_heading_hash xsj_heading xsj_heading_h2\" data-source-line=\"14\" data-source-line-display=\"true\"><span class=\"xsj_heading_content\">FAQs:<\/span><\/h2>\n<p class=\"xsj_paragraph xsj_paragraph_level_0\" data-source-line=\"16\" data-source-line-display=\"true\"><strong class=\"markdown_strong_asterisk\">1. Welchen maximalen Spulendurchmesser kann die Drahtaufwickelmaschine QP800-1600 mit Endwelle aufnehmen?<\/strong><br \/>\nDie Maschine kann Rollen mit einem Durchmesser von bis zu 1600 mm aufnehmen.<\/p>\n<p class=\"xsj_paragraph xsj_paragraph_level_0\" data-source-line=\"19\" data-source-line-display=\"true\"><strong class=\"markdown_strong_asterisk\">2. Welchen maximalen Kabeldurchmesser kann die Maschine verarbeiten?<\/strong><br \/>\nDie Maschine kann Kabel mit einem Durchmesser von bis zu \u03a660 mm verarbeiten.<\/p>\n<p class=\"xsj_paragraph xsj_paragraph_level_0\" data-source-line=\"22\" data-source-line-display=\"true\"><strong class=\"markdown_strong_asterisk\">3. Wie hoch ist die maximale Aufnahmegeschwindigkeit der Maschine?<\/strong><br \/>\nDie Maschine hat eine maximale Aufnahmegeschwindigkeit von 120 m\/min.<\/p>\n<p class=\"xsj_paragraph xsj_paragraph_level_0\" data-source-line=\"25\" data-source-line-display=\"true\"><strong class=\"markdown_strong_asterisk\">4. Wie wird die Maschine installiert?<\/strong><br \/>\nAbh\u00e4ngig von den Bodenverh\u00e4ltnissen kann die Maschine auf zwei Arten installiert werden: als Fundamenttyp oder als Standardtyp.<\/p>\n<p class=\"xsj_paragraph xsj_paragraph_level_0\" data-source-line=\"28\" data-source-line-display=\"true\"><strong class=\"markdown_strong_asterisk\">5. Wie hoch ist die maximale Belastbarkeit der Maschine?<\/strong><br \/>\nDie Maschine hat eine maximale Tragf\u00e4higkeit von 6T.<\/p>","protected":false},"excerpt":{"rendered":"<h2 id=\"features_1\" class=\"xsj_heading_hash xsj_heading xsj_heading_h2\" data-source-line=\"2\" data-source-line-display=\"true\"><span class=\"xsj_heading_content\">Merkmale:<\/span><\/h2>\n<ol class=\"markdown_ol\" data-source-line=\"4\">\n<li data-source-line=\"4\">Einfache Installation.<\/li>\n<li data-source-line=\"5\">Gro\u00dfer Kabeldurchmesserbereich.<\/li>\n<li data-source-line=\"6\">Langlebiges Design.<\/li>\n<li data-source-line=\"7\">Effizienter Betrieb.<\/li>\n<li data-source-line=\"8\">Hohe Pr\u00e4zision.<\/li>\n<\/ol>","protected":false},"featured_media":26249,"template":"","meta":{"site-sidebar-layout":"default","site-content-layout":"default","ast-global-header-display":"","ast-banner-title-visibility":"","ast-main-header-display":"","ast-hfb-above-header-display":"","ast-hfb-below-header-display":"","ast-hfb-mobile-header-display":"","site-post-title":"","ast-breadcrumbs-content":"","ast-featured-img":"","footer-sml-layout":"","theme-transparent-header-meta":"default","adv-header-id-meta":"","stick-header-meta":"","header-above-stick-meta":"","header-main-stick-meta":"","header-below-stick-meta":""},"product_brand":[],"product_cat":[51,128],"product_tag":[],"class_list":{"0":"post-26246","1":"product","2":"type-product","3":"status-publish","4":"has-post-thumbnail","6":"product_cat-wire-take-up-machine","7":"product_cat-end-shaft-type-take-up-machine","8":"desktop-align-left","9":"tablet-align-left","10":"mobile-align-left","12":"first","13":"instock","14":"shipping-taxable","15":"product-type-simple"},"yoast_head":"<!-- This site is optimized with the Yoast SEO Premium plugin v20.12 (Yoast SEO v26.0) - https:\/\/yoast.com\/wordpress\/plugins\/seo\/ -->\n<title>QP800-1600 End Shaft Type Wire Take-Up Machine - QiPang<\/title>\n<meta name=\"description\" content=\"Maximize your cable take-up efficiency with our QP800-1600 End Shaft Type Wire Take-Up Machine. Designed for PN800 to PN1600 reels with a diameter range of \u03a6800 to \u03a61600mm\" \/>\n<meta name=\"robots\" content=\"index, follow, max-snippet:-1, max-image-preview:large, max-video-preview:-1\" \/>\n<link rel=\"canonical\" href=\"https:\/\/rollingringdrives.com\/de\/produkt\/qp800-1600-endwellen-drahtaufwickelmaschine\/\" \/>\n<meta property=\"og:locale\" content=\"de_DE\" \/>\n<meta property=\"og:type\" content=\"article\" \/>\n<meta property=\"og:title\" content=\"QP800-1600 End Shaft Type Wire Take-Up Machine\" \/>\n<meta property=\"og:description\" content=\"Maximize your cable take-up efficiency with our QP800-1600 End Shaft Type Wire Take-Up Machine. Designed for PN800 to PN1600 reels with a diameter range of \u03a6800 to \u03a61600mm\" \/>\n<meta property=\"og:url\" content=\"https:\/\/rollingringdrives.com\/de\/produkt\/qp800-1600-endwellen-drahtaufwickelmaschine\/\" \/>\n<meta property=\"og:site_name\" content=\"QiPang\" \/>\n<meta property=\"article:modified_time\" content=\"2025-07-22T03:39:39+00:00\" \/>\n<meta property=\"og:image\" content=\"https:\/\/rollingringdrives.com\/wp-content\/uploads\/2023\/05\/2-19.jpg\" \/>\n\t<meta property=\"og:image:width\" content=\"600\" \/>\n\t<meta property=\"og:image:height\" content=\"600\" \/>\n\t<meta property=\"og:image:type\" content=\"image\/jpeg\" \/>\n<meta name=\"twitter:card\" content=\"summary_large_image\" \/>\n<meta name=\"twitter:label1\" content=\"Gesch\u00e4tzte Lesezeit\" \/>\n\t<meta name=\"twitter:data1\" content=\"2\u00a0Minuten\" \/>\n<script type=\"application\/ld+json\" class=\"yoast-schema-graph\">{\"@context\":\"https:\/\/schema.org\",\"@graph\":[{\"@type\":\"WebPage\",\"@id\":\"https:\/\/rollingringdrives.com\/product\/qp800-1600-end-shaft-type-wire-take-up-machine\/\",\"url\":\"https:\/\/rollingringdrives.com\/product\/qp800-1600-end-shaft-type-wire-take-up-machine\/\",\"name\":\"QP800-1600 End Shaft Type Wire Take-Up Machine - QiPang\",\"isPartOf\":{\"@id\":\"https:\/\/rollingringdrives.com\/#website\"},\"primaryImageOfPage\":{\"@id\":\"https:\/\/rollingringdrives.com\/product\/qp800-1600-end-shaft-type-wire-take-up-machine\/#primaryimage\"},\"image\":{\"@id\":\"https:\/\/rollingringdrives.com\/product\/qp800-1600-end-shaft-type-wire-take-up-machine\/#primaryimage\"},\"thumbnailUrl\":\"https:\/\/rollingringdrives.com\/wp-content\/uploads\/2023\/05\/2-19.jpg\",\"datePublished\":\"2023-05-23T02:30:17+00:00\",\"dateModified\":\"2025-07-22T03:39:39+00:00\",\"description\":\"Maximize your cable take-up efficiency with our QP800-1600 End Shaft Type Wire Take-Up Machine. Designed for PN800 to PN1600 reels with a diameter range of \u03a6800 to \u03a61600mm\",\"breadcrumb\":{\"@id\":\"https:\/\/rollingringdrives.com\/product\/qp800-1600-end-shaft-type-wire-take-up-machine\/#breadcrumb\"},\"inLanguage\":\"de\",\"potentialAction\":[{\"@type\":\"ReadAction\",\"target\":[\"https:\/\/rollingringdrives.com\/product\/qp800-1600-end-shaft-type-wire-take-up-machine\/\"]}]},{\"@type\":\"ImageObject\",\"inLanguage\":\"de\",\"@id\":\"https:\/\/rollingringdrives.com\/product\/qp800-1600-end-shaft-type-wire-take-up-machine\/#primaryimage\",\"url\":\"https:\/\/rollingringdrives.com\/wp-content\/uploads\/2023\/05\/2-19.jpg\",\"contentUrl\":\"https:\/\/rollingringdrives.com\/wp-content\/uploads\/2023\/05\/2-19.jpg\",\"width\":600,\"height\":600,\"caption\":\"QP800-1600 End Shaft Type Wire Take-Up Machine\"},{\"@type\":\"BreadcrumbList\",\"@id\":\"https:\/\/rollingringdrives.com\/product\/qp800-1600-end-shaft-type-wire-take-up-machine\/#breadcrumb\",\"itemListElement\":[{\"@type\":\"ListItem\",\"position\":1,\"name\":\"Home\",\"item\":\"https:\/\/rollingringdrives.com\/\"},{\"@type\":\"ListItem\",\"position\":2,\"name\":\"Machines\",\"item\":\"https:\/\/rollingringdrives.com\/machines\/\"},{\"@type\":\"ListItem\",\"position\":3,\"name\":\"QP800-1600 End Shaft Type Wire Take-Up Machine\"}]},{\"@type\":\"WebSite\",\"@id\":\"https:\/\/rollingringdrives.com\/#website\",\"url\":\"https:\/\/rollingringdrives.com\/\",\"name\":\"QiPang\",\"description\":\"QiPang Blog\",\"publisher\":{\"@id\":\"https:\/\/rollingringdrives.com\/#organization\"},\"potentialAction\":[{\"@type\":\"SearchAction\",\"target\":{\"@type\":\"EntryPoint\",\"urlTemplate\":\"https:\/\/rollingringdrives.com\/?s={search_term_string}\"},\"query-input\":{\"@type\":\"PropertyValueSpecification\",\"valueRequired\":true,\"valueName\":\"search_term_string\"}}],\"inLanguage\":\"de\"},{\"@type\":\"Organization\",\"@id\":\"https:\/\/rollingringdrives.com\/#organization\",\"name\":\"QiPang\",\"url\":\"https:\/\/rollingringdrives.com\/\",\"logo\":{\"@type\":\"ImageObject\",\"inLanguage\":\"de\",\"@id\":\"https:\/\/rollingringdrives.com\/#\/schema\/logo\/image\/\",\"url\":\"https:\/\/rollingringdrives.com\/wp-content\/uploads\/2023\/05\/cropped-\u672a\u547d\u540d\u7684\u8bbe\u8ba1.png\",\"contentUrl\":\"https:\/\/rollingringdrives.com\/wp-content\/uploads\/2023\/05\/cropped-\u672a\u547d\u540d\u7684\u8bbe\u8ba1.png\",\"width\":300,\"height\":191,\"caption\":\"QiPang\"},\"image\":{\"@id\":\"https:\/\/rollingringdrives.com\/#\/schema\/logo\/image\/\"}}]}<\/script>\n<!-- \/ Yoast SEO Premium plugin. -->","yoast_head_json":{"title":"QP800-1600 Drahtaufwickelmaschine mit Endwelle \u2013 QiPang","description":"Maximieren Sie die Effizienz Ihrer Kabelaufnahme mit unserer Drahtaufnahmemaschine QP800-1600 mit Endwelle. Entwickelt f\u00fcr Rollen PN800 bis PN1600 mit einem Durchmesserbereich von \u03a6800 bis \u03a61600 mm","robots":{"index":"index","follow":"follow","max-snippet":"max-snippet:-1","max-image-preview":"max-image-preview:large","max-video-preview":"max-video-preview:-1"},"canonical":"https:\/\/rollingringdrives.com\/de\/produkt\/qp800-1600-endwellen-drahtaufwickelmaschine\/","og_locale":"de_DE","og_type":"article","og_title":"QP800-1600 End Shaft Type Wire Take-Up Machine","og_description":"Maximize your cable take-up efficiency with our QP800-1600 End Shaft Type Wire Take-Up Machine. Designed for PN800 to PN1600 reels with a diameter range of \u03a6800 to \u03a61600mm","og_url":"https:\/\/rollingringdrives.com\/de\/produkt\/qp800-1600-endwellen-drahtaufwickelmaschine\/","og_site_name":"QiPang","article_modified_time":"2025-07-22T03:39:39+00:00","og_image":[{"width":600,"height":600,"url":"https:\/\/rollingringdrives.com\/wp-content\/uploads\/2023\/05\/2-19.jpg","type":"image\/jpeg"}],"twitter_card":"summary_large_image","twitter_misc":{"Gesch\u00e4tzte Lesezeit":"2\u00a0Minuten"},"schema":{"@context":"https:\/\/schema.org","@graph":[{"@type":"WebPage","@id":"https:\/\/rollingringdrives.com\/product\/qp800-1600-end-shaft-type-wire-take-up-machine\/","url":"https:\/\/rollingringdrives.com\/product\/qp800-1600-end-shaft-type-wire-take-up-machine\/","name":"QP800-1600 Drahtaufwickelmaschine mit Endwelle \u2013 QiPang","isPartOf":{"@id":"https:\/\/rollingringdrives.com\/#website"},"primaryImageOfPage":{"@id":"https:\/\/rollingringdrives.com\/product\/qp800-1600-end-shaft-type-wire-take-up-machine\/#primaryimage"},"image":{"@id":"https:\/\/rollingringdrives.com\/product\/qp800-1600-end-shaft-type-wire-take-up-machine\/#primaryimage"},"thumbnailUrl":"https:\/\/rollingringdrives.com\/wp-content\/uploads\/2023\/05\/2-19.jpg","datePublished":"2023-05-23T02:30:17+00:00","dateModified":"2025-07-22T03:39:39+00:00","description":"Maximieren Sie die Effizienz Ihrer Kabelaufnahme mit unserer Drahtaufnahmemaschine QP800-1600 mit Endwelle. Entwickelt f\u00fcr Rollen PN800 bis PN1600 mit einem Durchmesserbereich von \u03a6800 bis \u03a61600 mm","breadcrumb":{"@id":"https:\/\/rollingringdrives.com\/product\/qp800-1600-end-shaft-type-wire-take-up-machine\/#breadcrumb"},"inLanguage":"de","potentialAction":[{"@type":"ReadAction","target":["https:\/\/rollingringdrives.com\/product\/qp800-1600-end-shaft-type-wire-take-up-machine\/"]}]},{"@type":"ImageObject","inLanguage":"de","@id":"https:\/\/rollingringdrives.com\/product\/qp800-1600-end-shaft-type-wire-take-up-machine\/#primaryimage","url":"https:\/\/rollingringdrives.com\/wp-content\/uploads\/2023\/05\/2-19.jpg","contentUrl":"https:\/\/rollingringdrives.com\/wp-content\/uploads\/2023\/05\/2-19.jpg","width":600,"height":600,"caption":"QP800-1600 End Shaft Type Wire Take-Up Machine"},{"@type":"BreadcrumbList","@id":"https:\/\/rollingringdrives.com\/product\/qp800-1600-end-shaft-type-wire-take-up-machine\/#breadcrumb","itemListElement":[{"@type":"ListItem","position":1,"name":"Home","item":"https:\/\/rollingringdrives.com\/"},{"@type":"ListItem","position":2,"name":"Machines","item":"https:\/\/rollingringdrives.com\/machines\/"},{"@type":"ListItem","position":3,"name":"QP800-1600 End Shaft Type Wire Take-Up Machine"}]},{"@type":"WebSite","@id":"https:\/\/rollingringdrives.com\/#website","url":"https:\/\/rollingringdrives.com\/","name":"QiPang","description":"QiPang-Blog","publisher":{"@id":"https:\/\/rollingringdrives.com\/#organization"},"potentialAction":[{"@type":"SearchAction","target":{"@type":"EntryPoint","urlTemplate":"https:\/\/rollingringdrives.com\/?s={search_term_string}"},"query-input":{"@type":"PropertyValueSpecification","valueRequired":true,"valueName":"search_term_string"}}],"inLanguage":"de"},{"@type":"Organization","@id":"https:\/\/rollingringdrives.com\/#organization","name":"QiPang","url":"https:\/\/rollingringdrives.com\/","logo":{"@type":"ImageObject","inLanguage":"de","@id":"https:\/\/rollingringdrives.com\/#\/schema\/logo\/image\/","url":"https:\/\/rollingringdrives.com\/wp-content\/uploads\/2023\/05\/cropped-\u672a\u547d\u540d\u7684\u8bbe\u8ba1.png","contentUrl":"https:\/\/rollingringdrives.com\/wp-content\/uploads\/2023\/05\/cropped-\u672a\u547d\u540d\u7684\u8bbe\u8ba1.png","width":300,"height":191,"caption":"QiPang"},"image":{"@id":"https:\/\/rollingringdrives.com\/#\/schema\/logo\/image\/"}}]}},"_links":{"self":[{"href":"https:\/\/rollingringdrives.com\/de\/wp-json\/wp\/v2\/product\/26246","targetHints":{"allow":["GET"]}}],"collection":[{"href":"https:\/\/rollingringdrives.com\/de\/wp-json\/wp\/v2\/product"}],"about":[{"href":"https:\/\/rollingringdrives.com\/de\/wp-json\/wp\/v2\/types\/product"}],"version-history":[{"count":0,"href":"https:\/\/rollingringdrives.com\/de\/wp-json\/wp\/v2\/product\/26246\/revisions"}],"wp:featuredmedia":[{"embeddable":true,"href":"https:\/\/rollingringdrives.com\/de\/wp-json\/wp\/v2\/media\/26249"}],"wp:attachment":[{"href":"https:\/\/rollingringdrives.com\/de\/wp-json\/wp\/v2\/media?parent=26246"}],"wp:term":[{"taxonomy":"product_brand","embeddable":true,"href":"https:\/\/rollingringdrives.com\/de\/wp-json\/wp\/v2\/product_brand?post=26246"},{"taxonomy":"product_cat","embeddable":true,"href":"https:\/\/rollingringdrives.com\/de\/wp-json\/wp\/v2\/product_cat?post=26246"},{"taxonomy":"product_tag","embeddable":true,"href":"https:\/\/rollingringdrives.com\/de\/wp-json\/wp\/v2\/product_tag?post=26246"}],"curies":[{"name":"wp","href":"https:\/\/api.w.org\/{rel}","templated":true}]}}