{"id":26267,"date":"2023-05-23T05:56:39","date_gmt":"2023-05-23T05:56:39","guid":{"rendered":"https:\/\/rollingringdrives.com\/?post_type=product&#038;p=26267"},"modified":"2025-07-07T07:42:11","modified_gmt":"2025-07-07T07:42:11","slug":"400-simple-wire-pay-off-racks","status":"publish","type":"product","link":"https:\/\/rollingringdrives.com\/de\/produkt\/400-einfach-draht-abzahlgestelle\/","title":{"rendered":"400 einfache Drahtauszahlungsregale"},"content":{"rendered":"<p class=\"xsj_paragraph xsj_paragraph_level_0\" data-source-line=\"0\" data-source-line-display=\"true\">Der\u00a0<strong class=\"markdown_strong_asterisk\">400 Einfaches Drahtabwickelgestell<\/strong> ist eine robuste und vielseitige Ablaufhaspel, die individuell an Ihre spezifischen Anforderungen angepasst werden kann. Dieses Produkt wurde f\u00fcr Drahtdurchmesser von 0,1\u20135 mm Metalldraht bis hin zu 1\u201320 mm Riemen entwickelt und ist somit ideal f\u00fcr verschiedene Anwendungen. Es ist auch mit mehreren Litzendrahttypen kompatibel, einschlie\u00dflich BVR-, emailliertem und blankem Kupferdraht. Das 400 Simple Wire Pay-Off Rack ist auf Langlebigkeit und Stabilit\u00e4t ausgelegt und verf\u00fcgt \u00fcber vier Befestigungsschrauben\u00f6sen, die ein zus\u00e4tzliches Ma\u00df an Halt und Zuverl\u00e4ssigkeit bieten.<\/p>\n<p data-source-line=\"0\" data-source-line-display=\"true\"><div id=\"footable_parent_26269\"\n         class=\"footable_parent ninja_table_wrapper loading_ninja_table wp_table_data_press_parent semantic_ui\">\n                <table data-ninja_table_instance=\"ninja_table_instance_0\" data-footable_id=\"26269\" data-filter-delay=\"1000\" aria-label=\"5. XL2dSX-Datei (2).csv\"            id=\"footable_26269\"\n           data-unique_identifier=\"ninja_table_unique_id_1311299732_26269\"\n           class=\"foo-table ninja_footable foo_table_26269 ninja_table_unique_id_1311299732_26269 ui table  nt_type_legacy_table selectable striped vertical_centered  footable-paging-right ninja_table_search_disabled ninja_table_pro\">\n                <colgroup>\n                            <col class=\"ninja_column_0\">\n                            <col class=\"ninja_column_1\">\n                    <\/colgroup>\n        <thead>\n<tr class=\"footable-header\">\n                                        <th scope=\"col\"  class=\"ninja_column_0 ninja_clmn_nm_technicalparameter\">Technische Parameter<\/th><th scope=\"col\"  class=\"ninja_column_1 ninja_clmn_nm_value\">Wert<\/th><\/tr>\n<\/thead>\n<tbody>\n\n        <tr data-row_id=\"298\" class=\"ninja_table_row_0 nt_row_id_298\">\n            <td>Auszahlungsrolle<\/td><td>200\u2013400 mm (anpassbar)<\/td>        <\/tr>\n            <tr data-row_id=\"299\" class=\"ninja_table_row_1 nt_row_id_299\">\n            <td>Drahtdurchmesserbereich<\/td><td>0,1\u20135 mm (Metalldraht)<br>1\u201320 mm (G\u00fcrtel)<\/td>        <\/tr>\n            <tr data-row_id=\"300\" class=\"ninja_table_row_2 nt_row_id_300\">\n            <td>Litzentyp<\/td><td>BVR-Draht, Lackdraht, blanker Kupferdraht<\/td>        <\/tr>\n            <tr data-row_id=\"301\" class=\"ninja_table_row_3 nt_row_id_301\">\n            <td>Stabilit\u00e4t<\/td><td>Gut<\/td>        <\/tr>\n            <tr data-row_id=\"302\" class=\"ninja_table_row_4 nt_row_id_302\">\n            <td>Befestigungsschrauben\u00f6sen<\/td><td>4<\/td>        <\/tr>\n    <\/tbody><!--ninja_tobody_rendering_done-->\n    <\/table>\n    \n    \n    \n<\/div>\n<\/p>\n<div class=\"xiaoshujiang_element xsj_anchor\"><a class=\"blank_anchor_name\" name=\"applications_1\"><\/a><a id=\"applications_1\" class=\"blank_anchor_id\"><\/a><a class=\"blank_anchor_name\" name=\"applications\"><\/a><a id=\"applications\" class=\"blank_anchor_id\"><\/a><\/div>\n<h2 id=\"applications_1\" class=\"xsj_heading_hash xsj_heading xsj_heading_h2\" data-source-line=\"2\" data-source-line-display=\"true\"><span class=\"xsj_heading_content\">Anwendungen:<\/span><\/h2>\n<p class=\"xsj_paragraph xsj_paragraph_level_0\" data-source-line=\"4\" data-source-line-display=\"true\">Das 400 Simple Wire Pay-Off Rack ist ideal f\u00fcr verschiedene Branchen, in denen Draht- und Kabelproduktionsprozesse erforderlich sind. Einige der Anwendungen umfassen:<\/p>\n<ol class=\"markdown_ol\" data-source-line=\"6\">\n<li data-source-line=\"6\">Elektro- und Elektronikindustrie<\/li>\n<li data-source-line=\"7\">Telekommunikationsbranche<\/li>\n<li data-source-line=\"8\">Automobilindustrie<\/li>\n<li data-source-line=\"9\">Luft- und Raumfahrtindustrie<\/li>\n<li data-source-line=\"10\">Baugewerbe<\/li>\n<\/ol>\n<div class=\"xiaoshujiang_element xsj_anchor\"><a class=\"blank_anchor_name\" name=\"faqs_2\"><\/a><a id=\"faqs_2\" class=\"blank_anchor_id\"><\/a><a class=\"blank_anchor_name\" name=\"faqs\"><\/a><a id=\"faqs\" class=\"blank_anchor_id\"><\/a><\/div>\n<h2 id=\"faqs_2\" class=\"xsj_heading_hash xsj_heading xsj_heading_h2\" data-source-line=\"12\" data-source-line-display=\"true\"><span class=\"xsj_heading_content\">H\u00e4ufig gestellte Fragen zu Draht-Ablaufregalen:<\/span><\/h2>\n<p class=\"xsj_paragraph xsj_paragraph_level_0\" data-source-line=\"14\" data-source-line-display=\"true\"><strong class=\"markdown_strong_asterisk\">1. Wie hoch ist die maximale Tragf\u00e4higkeit des 400 Simple Wire Pay-Off?<\/strong><br \/>\nAntwort: Die maximale Tragf\u00e4higkeit dieser Ablaufrolle betr\u00e4gt 400 mm.<\/p>\n<p class=\"xsj_paragraph xsj_paragraph_level_0\" data-source-line=\"17\" data-source-line-display=\"true\"><strong class=\"markdown_strong_asterisk\">2. K\u00f6nnen die 400 Simple Wire Pay-Off Racks an meine speziellen Anforderungen an den Drahtdurchmesser angepasst werden?<\/strong><br \/>\nAntwort: Dieses Produkt kann an Ihre speziellen Anforderungen an den Drahtdurchmesser angepasst werden.<\/p>\n<p class=\"xsj_paragraph xsj_paragraph_level_0\" data-source-line=\"20\" data-source-line-display=\"true\"><strong class=\"markdown_strong_asterisk\">3. Sind die 400 Simple Wire Pay-Off Racks mit allen Litzendrahttypen kompatibel?<\/strong><br \/>\nAntwort: Diese Abwickelspule ist mit verschiedenen Litzendrahttypen kompatibel, einschlie\u00dflich BVR-Draht, Lackdraht und blankem Kupferdraht.<\/p>\n<p class=\"xsj_paragraph xsj_paragraph_level_0\" data-source-line=\"23\" data-source-line-display=\"true\"><strong class=\"markdown_strong_asterisk\">4. Verf\u00fcgen die 400 Simple Wire Pay-Off Racks \u00fcber zus\u00e4tzliche Unterst\u00fctzungsfunktionen?<\/strong><br \/>\nAntwort: Dieses Produkt verf\u00fcgt \u00fcber vier Befestigungsschrauben\u00f6sen, die zus\u00e4tzlichen Halt und Stabilit\u00e4t bieten.<\/p>\n<p class=\"xsj_paragraph xsj_paragraph_level_0\" data-source-line=\"26\" data-source-line-display=\"true\"><strong class=\"markdown_strong_asterisk\">5. F\u00fcr welche Branchen oder Anwendungen sind die 400 Simple Wire Pay-Off Racks ideal?<\/strong><br \/>\nAntwort: Das 400 Simple Wire Pay-Off Rack eignet sich f\u00fcr verschiedene Industrie- und Haushaltsanwendungen und ist somit eine vielseitige und zuverl\u00e4ssige Wahl f\u00fcr die Kabelhandhabung.<\/p>","protected":false},"excerpt":{"rendered":"<h2 id=\"features_1\" class=\"xsj_heading_hash xsj_heading xsj_heading_h2\" data-source-line=\"2\" data-source-line-display=\"true\"><span class=\"xsj_heading_content\">Merkmale:<\/span><\/h2>\n<ol class=\"markdown_ol\" data-source-line=\"4\">\n<li data-source-line=\"4\">Vielseitige Ablaufspule, anpassbar an Ihre spezifischen Anforderungen.<\/li>\n<li data-source-line=\"5\">Geeignet f\u00fcr Drahtdurchmesser von 0,1\u20135 mm Metalldraht bis hin zu 1\u201320 mm Riemen.<\/li>\n<li data-source-line=\"6\">Kompatibel mit verschiedenen Litzendrahttypen, einschlie\u00dflich BVR-Draht, Lackdraht und blankem Kupferdraht.<\/li>\n<li data-source-line=\"7\">Robuste, langlebige Konstruktion mit vier Befestigungsschrauben\u00f6sen f\u00fcr zus\u00e4tzliche Stabilit\u00e4t.<\/li>\n<li data-source-line=\"8\">Ideal f\u00fcr eine Vielzahl von Anwendungen, einschlie\u00dflich Industrie- und Haushaltsgebrauch.<\/li>\n<\/ol>","protected":false},"featured_media":26272,"template":"","meta":{"site-sidebar-layout":"default","site-content-layout":"default","ast-global-header-display":"","ast-banner-title-visibility":"","ast-main-header-display":"","ast-hfb-above-header-display":"","ast-hfb-below-header-display":"","ast-hfb-mobile-header-display":"","site-post-title":"","ast-breadcrumbs-content":"","ast-featured-img":"","footer-sml-layout":"","theme-transparent-header-meta":"default","adv-header-id-meta":"","stick-header-meta":"","header-above-stick-meta":"","header-main-stick-meta":"","header-below-stick-meta":""},"product_brand":[],"product_cat":[48,131],"product_tag":[],"class_list":{"0":"post-26267","1":"product","2":"type-product","3":"status-publish","4":"has-post-thumbnail","6":"product_cat-wire-payoff-machine","7":"product_cat-tension-pay-off-rack","8":"desktop-align-left","9":"tablet-align-left","10":"mobile-align-left","12":"first","13":"instock","14":"shipping-taxable","15":"product-type-simple"},"yoast_head":"<!-- This site is optimized with the Yoast SEO Premium plugin v20.12 (Yoast SEO v26.0) - https:\/\/yoast.com\/wordpress\/plugins\/seo\/ -->\n<title>400 Simple Wire Pay-Off Racks - QiPang<\/title>\n<meta name=\"description\" content=\"Looking for a sturdy and versatile pay-off reel? Check out our 400 Wire Pay-Off Racks! Designed to fit your specific requirements, accommodating wire diameters from 0.1-5mm to 1-20mm belt. Order now!\" \/>\n<meta name=\"robots\" content=\"index, follow, max-snippet:-1, max-image-preview:large, max-video-preview:-1\" \/>\n<link rel=\"canonical\" href=\"https:\/\/rollingringdrives.com\/de\/produkt\/400-einfach-draht-abzahlgestelle\/\" \/>\n<meta property=\"og:locale\" content=\"de_DE\" \/>\n<meta property=\"og:type\" content=\"article\" \/>\n<meta property=\"og:title\" content=\"400 Simple Wire Pay-Off Racks\" \/>\n<meta property=\"og:description\" content=\"Looking for a sturdy and versatile pay-off reel? Check out our 400 Wire Pay-Off Racks! Designed to fit your specific requirements, accommodating wire diameters from 0.1-5mm to 1-20mm belt. Order now!\" \/>\n<meta property=\"og:url\" content=\"https:\/\/rollingringdrives.com\/de\/produkt\/400-einfach-draht-abzahlgestelle\/\" \/>\n<meta property=\"og:site_name\" content=\"QiPang\" \/>\n<meta property=\"article:modified_time\" content=\"2025-07-07T07:42:11+00:00\" \/>\n<meta property=\"og:image\" content=\"https:\/\/rollingringdrives.com\/wp-content\/uploads\/2023\/05\/3-16.jpg\" \/>\n\t<meta property=\"og:image:width\" content=\"600\" \/>\n\t<meta property=\"og:image:height\" content=\"600\" \/>\n\t<meta property=\"og:image:type\" content=\"image\/jpeg\" \/>\n<meta name=\"twitter:card\" content=\"summary_large_image\" \/>\n<meta name=\"twitter:label1\" content=\"Gesch\u00e4tzte Lesezeit\" \/>\n\t<meta name=\"twitter:data1\" content=\"2\u00a0Minuten\" \/>\n<script type=\"application\/ld+json\" class=\"yoast-schema-graph\">{\"@context\":\"https:\/\/schema.org\",\"@graph\":[{\"@type\":\"WebPage\",\"@id\":\"https:\/\/rollingringdrives.com\/product\/400-simple-wire-pay-off-racks\/\",\"url\":\"https:\/\/rollingringdrives.com\/product\/400-simple-wire-pay-off-racks\/\",\"name\":\"400 Simple Wire Pay-Off Racks - QiPang\",\"isPartOf\":{\"@id\":\"https:\/\/rollingringdrives.com\/#website\"},\"primaryImageOfPage\":{\"@id\":\"https:\/\/rollingringdrives.com\/product\/400-simple-wire-pay-off-racks\/#primaryimage\"},\"image\":{\"@id\":\"https:\/\/rollingringdrives.com\/product\/400-simple-wire-pay-off-racks\/#primaryimage\"},\"thumbnailUrl\":\"https:\/\/rollingringdrives.com\/wp-content\/uploads\/2023\/05\/3-16.jpg\",\"datePublished\":\"2023-05-23T05:56:39+00:00\",\"dateModified\":\"2025-07-07T07:42:11+00:00\",\"description\":\"Looking for a sturdy and versatile pay-off reel? Check out our 400 Wire Pay-Off Racks! Designed to fit your specific requirements, accommodating wire diameters from 0.1-5mm to 1-20mm belt. Order now!\",\"breadcrumb\":{\"@id\":\"https:\/\/rollingringdrives.com\/product\/400-simple-wire-pay-off-racks\/#breadcrumb\"},\"inLanguage\":\"de\",\"potentialAction\":[{\"@type\":\"ReadAction\",\"target\":[\"https:\/\/rollingringdrives.com\/product\/400-simple-wire-pay-off-racks\/\"]}]},{\"@type\":\"ImageObject\",\"inLanguage\":\"de\",\"@id\":\"https:\/\/rollingringdrives.com\/product\/400-simple-wire-pay-off-racks\/#primaryimage\",\"url\":\"https:\/\/rollingringdrives.com\/wp-content\/uploads\/2023\/05\/3-16.jpg\",\"contentUrl\":\"https:\/\/rollingringdrives.com\/wp-content\/uploads\/2023\/05\/3-16.jpg\",\"width\":600,\"height\":600,\"caption\":\"400 Simple Wire Pay-Off Racks\"},{\"@type\":\"BreadcrumbList\",\"@id\":\"https:\/\/rollingringdrives.com\/product\/400-simple-wire-pay-off-racks\/#breadcrumb\",\"itemListElement\":[{\"@type\":\"ListItem\",\"position\":1,\"name\":\"Home\",\"item\":\"https:\/\/rollingringdrives.com\/\"},{\"@type\":\"ListItem\",\"position\":2,\"name\":\"Machines\",\"item\":\"https:\/\/rollingringdrives.com\/machines\/\"},{\"@type\":\"ListItem\",\"position\":3,\"name\":\"400 Simple Wire Pay-Off Racks\"}]},{\"@type\":\"WebSite\",\"@id\":\"https:\/\/rollingringdrives.com\/#website\",\"url\":\"https:\/\/rollingringdrives.com\/\",\"name\":\"QiPang\",\"description\":\"QiPang Blog\",\"publisher\":{\"@id\":\"https:\/\/rollingringdrives.com\/#organization\"},\"potentialAction\":[{\"@type\":\"SearchAction\",\"target\":{\"@type\":\"EntryPoint\",\"urlTemplate\":\"https:\/\/rollingringdrives.com\/?s={search_term_string}\"},\"query-input\":{\"@type\":\"PropertyValueSpecification\",\"valueRequired\":true,\"valueName\":\"search_term_string\"}}],\"inLanguage\":\"de\"},{\"@type\":\"Organization\",\"@id\":\"https:\/\/rollingringdrives.com\/#organization\",\"name\":\"QiPang\",\"url\":\"https:\/\/rollingringdrives.com\/\",\"logo\":{\"@type\":\"ImageObject\",\"inLanguage\":\"de\",\"@id\":\"https:\/\/rollingringdrives.com\/#\/schema\/logo\/image\/\",\"url\":\"https:\/\/rollingringdrives.com\/wp-content\/uploads\/2023\/05\/cropped-\u672a\u547d\u540d\u7684\u8bbe\u8ba1.png\",\"contentUrl\":\"https:\/\/rollingringdrives.com\/wp-content\/uploads\/2023\/05\/cropped-\u672a\u547d\u540d\u7684\u8bbe\u8ba1.png\",\"width\":300,\"height\":191,\"caption\":\"QiPang\"},\"image\":{\"@id\":\"https:\/\/rollingringdrives.com\/#\/schema\/logo\/image\/\"}}]}<\/script>\n<!-- \/ Yoast SEO Premium plugin. -->","yoast_head_json":{"title":"400 einfache Drahtauszahlungsregale \u2013 QiPang","description":"Suchen Sie eine robuste und vielseitige Ablaufrolle? Schauen Sie sich unsere 400-Draht-Ablaufregale an! Konzipiert f\u00fcr Ihre spezifischen Anforderungen und f\u00fcr Drahtdurchmesser von 0,1\u20135 mm bis 1\u201320 mm. Jetzt bestellen!","robots":{"index":"index","follow":"follow","max-snippet":"max-snippet:-1","max-image-preview":"max-image-preview:large","max-video-preview":"max-video-preview:-1"},"canonical":"https:\/\/rollingringdrives.com\/de\/produkt\/400-einfach-draht-abzahlgestelle\/","og_locale":"de_DE","og_type":"article","og_title":"400 Simple Wire Pay-Off Racks","og_description":"Looking for a sturdy and versatile pay-off reel? Check out our 400 Wire Pay-Off Racks! Designed to fit your specific requirements, accommodating wire diameters from 0.1-5mm to 1-20mm belt. Order now!","og_url":"https:\/\/rollingringdrives.com\/de\/produkt\/400-einfach-draht-abzahlgestelle\/","og_site_name":"QiPang","article_modified_time":"2025-07-07T07:42:11+00:00","og_image":[{"width":600,"height":600,"url":"https:\/\/rollingringdrives.com\/wp-content\/uploads\/2023\/05\/3-16.jpg","type":"image\/jpeg"}],"twitter_card":"summary_large_image","twitter_misc":{"Gesch\u00e4tzte Lesezeit":"2\u00a0Minuten"},"schema":{"@context":"https:\/\/schema.org","@graph":[{"@type":"WebPage","@id":"https:\/\/rollingringdrives.com\/product\/400-simple-wire-pay-off-racks\/","url":"https:\/\/rollingringdrives.com\/product\/400-simple-wire-pay-off-racks\/","name":"400 einfache Drahtauszahlungsregale \u2013 QiPang","isPartOf":{"@id":"https:\/\/rollingringdrives.com\/#website"},"primaryImageOfPage":{"@id":"https:\/\/rollingringdrives.com\/product\/400-simple-wire-pay-off-racks\/#primaryimage"},"image":{"@id":"https:\/\/rollingringdrives.com\/product\/400-simple-wire-pay-off-racks\/#primaryimage"},"thumbnailUrl":"https:\/\/rollingringdrives.com\/wp-content\/uploads\/2023\/05\/3-16.jpg","datePublished":"2023-05-23T05:56:39+00:00","dateModified":"2025-07-07T07:42:11+00:00","description":"Suchen Sie eine robuste und vielseitige Ablaufrolle? Schauen Sie sich unsere 400-Draht-Ablaufregale an! Konzipiert f\u00fcr Ihre spezifischen Anforderungen und f\u00fcr Drahtdurchmesser von 0,1\u20135 mm bis 1\u201320 mm. Jetzt bestellen!","breadcrumb":{"@id":"https:\/\/rollingringdrives.com\/product\/400-simple-wire-pay-off-racks\/#breadcrumb"},"inLanguage":"de","potentialAction":[{"@type":"ReadAction","target":["https:\/\/rollingringdrives.com\/product\/400-simple-wire-pay-off-racks\/"]}]},{"@type":"ImageObject","inLanguage":"de","@id":"https:\/\/rollingringdrives.com\/product\/400-simple-wire-pay-off-racks\/#primaryimage","url":"https:\/\/rollingringdrives.com\/wp-content\/uploads\/2023\/05\/3-16.jpg","contentUrl":"https:\/\/rollingringdrives.com\/wp-content\/uploads\/2023\/05\/3-16.jpg","width":600,"height":600,"caption":"400 Simple Wire Pay-Off Racks"},{"@type":"BreadcrumbList","@id":"https:\/\/rollingringdrives.com\/product\/400-simple-wire-pay-off-racks\/#breadcrumb","itemListElement":[{"@type":"ListItem","position":1,"name":"Home","item":"https:\/\/rollingringdrives.com\/"},{"@type":"ListItem","position":2,"name":"Machines","item":"https:\/\/rollingringdrives.com\/machines\/"},{"@type":"ListItem","position":3,"name":"400 Simple Wire Pay-Off Racks"}]},{"@type":"WebSite","@id":"https:\/\/rollingringdrives.com\/#website","url":"https:\/\/rollingringdrives.com\/","name":"QiPang","description":"QiPang-Blog","publisher":{"@id":"https:\/\/rollingringdrives.com\/#organization"},"potentialAction":[{"@type":"SearchAction","target":{"@type":"EntryPoint","urlTemplate":"https:\/\/rollingringdrives.com\/?s={search_term_string}"},"query-input":{"@type":"PropertyValueSpecification","valueRequired":true,"valueName":"search_term_string"}}],"inLanguage":"de"},{"@type":"Organization","@id":"https:\/\/rollingringdrives.com\/#organization","name":"QiPang","url":"https:\/\/rollingringdrives.com\/","logo":{"@type":"ImageObject","inLanguage":"de","@id":"https:\/\/rollingringdrives.com\/#\/schema\/logo\/image\/","url":"https:\/\/rollingringdrives.com\/wp-content\/uploads\/2023\/05\/cropped-\u672a\u547d\u540d\u7684\u8bbe\u8ba1.png","contentUrl":"https:\/\/rollingringdrives.com\/wp-content\/uploads\/2023\/05\/cropped-\u672a\u547d\u540d\u7684\u8bbe\u8ba1.png","width":300,"height":191,"caption":"QiPang"},"image":{"@id":"https:\/\/rollingringdrives.com\/#\/schema\/logo\/image\/"}}]}},"_links":{"self":[{"href":"https:\/\/rollingringdrives.com\/de\/wp-json\/wp\/v2\/product\/26267","targetHints":{"allow":["GET"]}}],"collection":[{"href":"https:\/\/rollingringdrives.com\/de\/wp-json\/wp\/v2\/product"}],"about":[{"href":"https:\/\/rollingringdrives.com\/de\/wp-json\/wp\/v2\/types\/product"}],"version-history":[{"count":0,"href":"https:\/\/rollingringdrives.com\/de\/wp-json\/wp\/v2\/product\/26267\/revisions"}],"wp:featuredmedia":[{"embeddable":true,"href":"https:\/\/rollingringdrives.com\/de\/wp-json\/wp\/v2\/media\/26272"}],"wp:attachment":[{"href":"https:\/\/rollingringdrives.com\/de\/wp-json\/wp\/v2\/media?parent=26267"}],"wp:term":[{"taxonomy":"product_brand","embeddable":true,"href":"https:\/\/rollingringdrives.com\/de\/wp-json\/wp\/v2\/product_brand?post=26267"},{"taxonomy":"product_cat","embeddable":true,"href":"https:\/\/rollingringdrives.com\/de\/wp-json\/wp\/v2\/product_cat?post=26267"},{"taxonomy":"product_tag","embeddable":true,"href":"https:\/\/rollingringdrives.com\/de\/wp-json\/wp\/v2\/product_tag?post=26267"}],"curies":[{"name":"wp","href":"https:\/\/api.w.org\/{rel}","templated":true}]}}