{"id":26309,"date":"2023-05-24T01:11:47","date_gmt":"2023-05-24T01:11:47","guid":{"rendered":"https:\/\/rollingringdrives.com\/?post_type=product&#038;p=26309"},"modified":"2025-07-07T07:40:52","modified_gmt":"2025-07-07T07:40:52","slug":"630mm-shaftless-magnetic-powder-wire-payoff-stand","status":"publish","type":"product","link":"https:\/\/rollingringdrives.com\/de\/produkt\/630-mm-wellenloser-magnetpulverdraht-abwickelstander\/","title":{"rendered":"\u03a6630 mm wellenloser magnetischer Pulverdraht-Abwickelst\u00e4nder"},"content":{"rendered":"<p class=\"xsj_paragraph xsj_paragraph_level_0\" data-source-line=\"0\" data-source-line-display=\"true\">Der\u00a0<strong class=\"markdown_strong_asterisk\">\u03a6630 mm wellenloses Magnetpulver, Drahtabwickelst\u00e4nder,<\/strong> ist eine Spitzenausr\u00fcstung, die speziell f\u00fcr die Anforderungen der Draht- und Kabelherstellung entwickelt wurde. Dieses Ger\u00e4t nutzt die magnetische Pulverkontrolltechnologie und erm\u00f6glicht eine pr\u00e4zise und stabile Spannungskontrolle w\u00e4hrend des Abwickelns. Er verf\u00fcgt \u00fcber eine maximale Tragkraft von 500 kg und sein Spannmodus ist eine handspannende Zylinderspannung f\u00fcr sicheren Halt. Dar\u00fcber hinaus verf\u00fcgt es \u00fcber ein wellenloses, freitragendes Design, das ein einfaches und schnelles Laden und Entladen des Drahtes erm\u00f6glicht.<\/p>\n<p data-source-line=\"0\" data-source-line-display=\"true\"><div id=\"footable_parent_26311\"\n         class=\"footable_parent ninja_table_wrapper loading_ninja_table wp_table_data_press_parent semantic_ui\">\n                <table data-ninja_table_instance=\"ninja_table_instance_0\" data-footable_id=\"26311\" data-filter-delay=\"1000\" aria-label=\"9. XL2dSX-Datei (2).csv\"            id=\"footable_26311\"\n           data-unique_identifier=\"ninja_table_unique_id_610799349_26311\"\n           class=\"foo-table ninja_footable foo_table_26311 ninja_table_unique_id_610799349_26311 ui table  nt_type_legacy_table selectable striped vertical_centered  footable-paging-right ninja_table_search_disabled ninja_table_pro\">\n                <colgroup>\n                            <col class=\"ninja_column_0\">\n                            <col class=\"ninja_column_1\">\n                    <\/colgroup>\n        <thead>\n<tr class=\"footable-header\">\n                                        <th scope=\"col\"  class=\"ninja_column_0 ninja_clmn_nm_parameter\">Parameter<\/th><th scope=\"col\"  class=\"ninja_column_1 ninja_clmn_nm_value\">Wert<\/th><\/tr>\n<\/thead>\n<tbody>\n\n        <tr data-row_id=\"337\" class=\"ninja_table_row_0 nt_row_id_337\">\n            <td>Anwendbarer Ablaufrollendurchmesser<\/td><td>400\u2013630 mm<\/td>        <\/tr>\n            <tr data-row_id=\"338\" class=\"ninja_table_row_1 nt_row_id_338\">\n            <td>Spannungskontrolle<\/td><td>Magnetpulverkontrolle (5kg Magnetpulver)<\/td>        <\/tr>\n            <tr data-row_id=\"339\" class=\"ninja_table_row_2 nt_row_id_339\">\n            <td>Hebeplattenmethode<\/td><td>Motoranhebung<\/td>        <\/tr>\n            <tr data-row_id=\"340\" class=\"ninja_table_row_3 nt_row_id_340\">\n            <td>Chuck-Modus<\/td><td>Handspannzylinderspannung<\/td>        <\/tr>\n            <tr data-row_id=\"341\" class=\"ninja_table_row_4 nt_row_id_341\">\n            <td>Auszahlungsart<\/td><td>Wellenloser freitragender Typ<\/td>        <\/tr>\n            <tr data-row_id=\"342\" class=\"ninja_table_row_5 nt_row_id_342\">\n            <td>Hubmotor<\/td><td>1,5 kW mit RV-Reduzierer<\/td>        <\/tr>\n            <tr data-row_id=\"343\" class=\"ninja_table_row_6 nt_row_id_343\">\n            <td>Befestigungsmethode<\/td><td>Befestigung mit Dehnschrauben<\/td>        <\/tr>\n            <tr data-row_id=\"344\" class=\"ninja_table_row_7 nt_row_id_344\">\n            <td>Bremse<\/td><td>10 kg Magnetpulverbremse<\/td>        <\/tr>\n            <tr data-row_id=\"345\" class=\"ninja_table_row_8 nt_row_id_345\">\n            <td>Maximale Tragf\u00e4higkeit<\/td><td>500 kg<\/td>        <\/tr>\n    <\/tbody><!--ninja_tobody_rendering_done-->\n    <\/table>\n    \n    \n    \n<\/div>\n<\/p>\n<div class=\"xiaoshujiang_element xsj_anchor\"><a class=\"blank_anchor_name\" name=\"applications_1\"><\/a><a id=\"applications_1\" class=\"blank_anchor_id\"><\/a><a class=\"blank_anchor_name\" name=\"applications\"><\/a><a id=\"applications\" class=\"blank_anchor_id\"><\/a><\/div>\n<h2 id=\"applications_1\" class=\"xsj_heading_hash xsj_heading xsj_heading_h2\" data-source-line=\"2\" data-source-line-display=\"true\"><span class=\"xsj_heading_content\">Anwendungen:<\/span><\/h2>\n<p class=\"xsj_paragraph xsj_paragraph_level_0\" data-source-line=\"4\" data-source-line-display=\"true\">Der wellenlose Magnetpulver-Drahtabwickelst\u00e4nder \u03a6630 ist vielseitig f\u00fcr die Herstellung und Verarbeitung von Dr\u00e4hten und Kabeln geeignet. Es eignet sich perfekt f\u00fcr eine Vielzahl von Anwendungen, darunter:<\/p>\n<ol class=\"markdown_ol\" data-source-line=\"6\">\n<li data-source-line=\"6\">Kabelextrusion.<\/li>\n<li data-source-line=\"7\">Drahtziehen.<\/li>\n<li data-source-line=\"8\">Verdrillen und Verseilen von Dr\u00e4hten.<\/li>\n<li data-source-line=\"9\">Kabelkonfektion.<\/li>\n<li data-source-line=\"10\">Herstellung elektronischer Komponenten.<\/li>\n<li data-source-line=\"11\">Produktion von Kfz-Kabelb\u00e4umen.<\/li>\n<li data-source-line=\"12\">Elektrische Energie\u00fcbertragung und -verteilung.<\/li>\n<\/ol>\n<div class=\"xiaoshujiang_element xsj_anchor\"><a class=\"blank_anchor_name\" name=\"faqs_2\"><\/a><a id=\"faqs_2\" class=\"blank_anchor_id\"><\/a><a class=\"blank_anchor_name\" name=\"faqs\"><\/a><a id=\"faqs\" class=\"blank_anchor_id\"><\/a><\/div>\n<h2 id=\"faqs_2\" class=\"xsj_heading_hash xsj_heading xsj_heading_h2\" data-source-line=\"14\" data-source-line-display=\"true\"><span class=\"xsj_heading_content\">FAQs:<\/span><\/h2>\n<div class=\"xiaoshujiang_element xsj_anchor\"><a class=\"blank_anchor_name\" name=\"120what20is20magnetic20powder20control20and20how20does20it20work_3\"><\/a><a id=\"120what20is20magnetic20powder20control20and20how20does20it20work_3\" class=\"blank_anchor_id\"><\/a><a class=\"blank_anchor_name\" name=\"1-what-is-magnetic-powder-control-and-how-does-it-work\"><\/a><a id=\"1-what-is-magnetic-powder-control-and-how-does-it-work\" class=\"blank_anchor_id\"><\/a><\/div>\n<h4 id=\"120what20is20magnetic20powder20control20and20how20does20it20work_3\" class=\"xsj_heading_hash xsj_heading xsj_heading_h4\" data-source-line=\"16\" data-source-line-display=\"true\"><span class=\"xsj_heading_content\">1. Was ist Magnetpulverkontrolle und wie funktioniert sie?<\/span><\/h4>\n<p class=\"xsj_paragraph xsj_paragraph_level_0\" data-source-line=\"18\" data-source-line-display=\"true\">A: Magnetpulverkontrolle ist eine Technologie, die Magnetpulver nutzt, um w\u00e4hrend des Abwickelvorgangs Spannung auf den Draht auszu\u00fcben. Es funktioniert durch die Anpassung des Magnetfelds, um die Reibung zwischen magnetischen Pulverpartikeln zu kontrollieren und so den Druck auf den Draht zu regulieren.<\/p>\n<div class=\"xiaoshujiang_element xsj_anchor\"><a class=\"blank_anchor_name\" name=\"220what20is20the20maximum20load20capacity20of20the20cea663020shaftless20magnetic20powder20wire20payoff20stand_4\"><\/a><a id=\"220what20is20the20maximum20load20capacity20of20the20cea663020shaftless20magnetic20powder20wire20payoff20stand_4\" class=\"blank_anchor_id\"><\/a><a class=\"blank_anchor_name\" name=\"2-what-is-the-maximum-load-capacity-of-the-\u03c6630-shaftless-magnetic-powder-wire-payoff-stand\"><\/a><a id=\"2-what-is-the-maximum-load-capacity-of-the-\u03c6630-shaftless-magnetic-powder-wire-payoff-stand\" class=\"blank_anchor_id\"><\/a><\/div>\n<h4 id=\"220what20is20the20maximum20load20capacity20of20the20cea663020shaftless20magnetic20powder20wire20payoff20stand_4\" class=\"xsj_heading_hash xsj_heading xsj_heading_h4\" data-source-line=\"20\" data-source-line-display=\"true\"><span class=\"xsj_heading_content\">2. Wie hoch ist die maximale Tragf\u00e4higkeit des wellenlosen Magnetpulverdraht-Abwickelst\u00e4nders \u03a6630?<\/span><\/h4>\n<p class=\"xsj_paragraph xsj_paragraph_level_0\" data-source-line=\"22\" data-source-line-display=\"true\">A: Die maximale Tragf\u00e4higkeit betr\u00e4gt 500 kg.<\/p>\n<div class=\"xiaoshujiang_element xsj_anchor\"><a class=\"blank_anchor_name\" name=\"320what20is20the20chuck20mode20of20the20cea663020shaftless20magnetic20powder20wire20payoff20stand_5\"><\/a><a id=\"320what20is20the20chuck20mode20of20the20cea663020shaftless20magnetic20powder20wire20payoff20stand_5\" class=\"blank_anchor_id\"><\/a><a class=\"blank_anchor_name\" name=\"3-what-is-the-chuck-mode-of-the-\u03c6630-shaftless-magnetic-powder-wire-payoff-stand\"><\/a><a id=\"3-what-is-the-chuck-mode-of-the-\u03c6630-shaftless-magnetic-powder-wire-payoff-stand\" class=\"blank_anchor_id\"><\/a><\/div>\n<h4 id=\"320what20is20the20chuck20mode20of20the20cea663020shaftless20magnetic20powder20wire20payoff20stand_5\" class=\"xsj_heading_hash xsj_heading xsj_heading_h4\" data-source-line=\"24\" data-source-line-display=\"true\"><span class=\"xsj_heading_content\">3. Was ist der Spannmodus des schaftlosen magnetischen Pulverdraht-Abwickelst\u00e4nders \u03a6630?<\/span><\/h4>\n<p class=\"xsj_paragraph xsj_paragraph_level_0\" data-source-line=\"26\" data-source-line-display=\"true\">A: Beim Spannmodus handelt es sich um eine handspannende Zylinderspannung f\u00fcr einen sicheren Halt.<\/p>\n<div class=\"xiaoshujiang_element xsj_anchor\"><a class=\"blank_anchor_name\" name=\"420what20is20the20lifting20plate20method20of20the20cea663020shaftless20magnetic20powder20wire20payoff20stand_6\"><\/a><a id=\"420what20is20the20lifting20plate20method20of20the20cea663020shaftless20magnetic20powder20wire20payoff20stand_6\" class=\"blank_anchor_id\"><\/a><a class=\"blank_anchor_name\" name=\"4-what-is-the-lifting-plate-method-of-the-\u03c6630-shaftless-magnetic-powder-wire-payoff-stand\"><\/a><a id=\"4-what-is-the-lifting-plate-method-of-the-\u03c6630-shaftless-magnetic-powder-wire-payoff-stand\" class=\"blank_anchor_id\"><\/a><\/div>\n<h4 id=\"420what20is20the20lifting20plate20method20of20the20cea663020shaftless20magnetic20powder20wire20payoff20stand_6\" class=\"xsj_heading_hash xsj_heading xsj_heading_h4\" data-source-line=\"28\" data-source-line-display=\"true\"><span class=\"xsj_heading_content\">4. Was ist die Hebeplattenmethode des wellenlosen Magnetpulverdraht-Abwickelst\u00e4nders \u03a6630?<\/span><\/h4>\n<p class=\"xsj_paragraph xsj_paragraph_level_0\" data-source-line=\"30\" data-source-line-display=\"true\">A: Bei der Hebeplattenmethode handelt es sich um einen motorischen Hebemechanismus, der eine einstellbare H\u00f6he und Neigung erm\u00f6glicht.<\/p>\n<div class=\"xiaoshujiang_element xsj_anchor\"><a class=\"blank_anchor_name\" name=\"520what20is20the20brake20system20of20the20cea663020shaftless20magnetic20powder20wire20payoff20stand_7\"><\/a><a id=\"520what20is20the20brake20system20of20the20cea663020shaftless20magnetic20powder20wire20payoff20stand_7\" class=\"blank_anchor_id\"><\/a><a class=\"blank_anchor_name\" name=\"5-what-is-the-brake-system-of-the-\u03c6630-shaftless-magnetic-powder-wire-payoff-stand\"><\/a><a id=\"5-what-is-the-brake-system-of-the-\u03c6630-shaftless-magnetic-powder-wire-payoff-stand\" class=\"blank_anchor_id\"><\/a><\/div>\n<h4 id=\"520what20is20the20brake20system20of20the20cea663020shaftless20magnetic20powder20wire20payoff20stand_7\" class=\"xsj_heading_hash xsj_heading xsj_heading_h4\" data-source-line=\"32\" data-source-line-display=\"true\"><span class=\"xsj_heading_content\">5. Was ist das Bremssystem des schaftlosen Magnetpulverdraht-Abwickelst\u00e4nders \u03a6630?<\/span><\/h4>\n<p class=\"xsj_paragraph xsj_paragraph_level_0\" data-source-line=\"34\" data-source-line-display=\"true\">A: Das 10-kg-Magnetpulverbremssystem gew\u00e4hrleistet eine stabile und pr\u00e4zise Drahtbremsung w\u00e4hrend der Auszahlung.<\/p>","protected":false},"excerpt":{"rendered":"<h2 id=\"features_1\" class=\"xsj_heading_hash xsj_heading xsj_heading_h2\" data-source-line=\"2\" data-source-line-display=\"true\"><span class=\"xsj_heading_content\">Merkmale:<\/span><\/h2>\n<ol class=\"markdown_ol\" data-source-line=\"4\">\n<li data-source-line=\"4\">Magnetische Pulverkontrolltechnologie f\u00fcr pr\u00e4zise und stabile Spannungskontrolle.<\/li>\n<li data-source-line=\"5\">Maximale Tragf\u00e4higkeit von 500 kg.<\/li>\n<li data-source-line=\"6\">Handspannende Zylinderklemmung f\u00fcr sicheren Halt.<\/li>\n<li data-source-line=\"7\">Wellenloses, freitragendes Design f\u00fcr einfaches und schnelles Laden und Entladen des Drahtes.<\/li>\n<li data-source-line=\"8\">Methode der Motorhebeplatte.<\/li>\n<li data-source-line=\"9\">Dehnschraubenbefestigung f\u00fcr Stabilit\u00e4t und Haltbarkeit.<\/li>\n<li data-source-line=\"10\">10 kg Magnetpulverbremse f\u00fcr Bremssystem.<\/li>\n<li data-source-line=\"11\">Einstellbare Hubh\u00f6he und Neigung.<\/li>\n<\/ol>","protected":false},"featured_media":26313,"template":"","meta":{"site-sidebar-layout":"default","site-content-layout":"default","ast-global-header-display":"","ast-banner-title-visibility":"","ast-main-header-display":"","ast-hfb-above-header-display":"","ast-hfb-below-header-display":"","ast-hfb-mobile-header-display":"","site-post-title":"","ast-breadcrumbs-content":"","ast-featured-img":"","footer-sml-layout":"","theme-transparent-header-meta":"default","adv-header-id-meta":"","stick-header-meta":"","header-above-stick-meta":"","header-main-stick-meta":"","header-below-stick-meta":""},"product_brand":[],"product_cat":[48,132],"product_tag":[],"class_list":{"0":"post-26309","1":"product","2":"type-product","3":"status-publish","4":"has-post-thumbnail","6":"product_cat-wire-payoff-machine","7":"product_cat-shaftless-passive-pay-off-machine","8":"desktop-align-left","9":"tablet-align-left","10":"mobile-align-left","12":"first","13":"instock","14":"shipping-taxable","15":"product-type-simple"},"yoast_head":"<!-- This site is optimized with the Yoast SEO Premium plugin v20.12 (Yoast SEO v26.0) - https:\/\/yoast.com\/wordpress\/plugins\/seo\/ -->\n<title>\u03a6630mm Shaftless Magnetic Powder Wire Payoff Stand - QiPang<\/title>\n<meta name=\"description\" content=\"Achieve precise wire payoff control with the \u03a6630mm Shaftless Magnetic Powder Wire Payoff Stand. Boost your cable manufacturing processes today!\" \/>\n<meta name=\"robots\" content=\"index, follow, max-snippet:-1, max-image-preview:large, max-video-preview:-1\" \/>\n<link rel=\"canonical\" href=\"https:\/\/rollingringdrives.com\/de\/produkt\/630-mm-wellenloser-magnetpulverdraht-abwickelstander\/\" \/>\n<meta property=\"og:locale\" content=\"de_DE\" \/>\n<meta property=\"og:type\" content=\"article\" \/>\n<meta property=\"og:title\" content=\"\u03a6630mm Shaftless Magnetic Powder Wire Payoff Stand\" \/>\n<meta property=\"og:description\" content=\"Achieve precise wire payoff control with the \u03a6630mm Shaftless Magnetic Powder Wire Payoff Stand. Boost your cable manufacturing processes today!\" \/>\n<meta property=\"og:url\" content=\"https:\/\/rollingringdrives.com\/de\/produkt\/630-mm-wellenloser-magnetpulverdraht-abwickelstander\/\" \/>\n<meta property=\"og:site_name\" content=\"QiPang\" \/>\n<meta property=\"article:modified_time\" content=\"2025-07-07T07:40:52+00:00\" \/>\n<meta property=\"og:image\" content=\"https:\/\/rollingringdrives.com\/wp-content\/uploads\/2023\/05\/2-26.jpg\" \/>\n\t<meta property=\"og:image:width\" content=\"600\" \/>\n\t<meta property=\"og:image:height\" content=\"600\" \/>\n\t<meta property=\"og:image:type\" content=\"image\/jpeg\" \/>\n<meta name=\"twitter:card\" content=\"summary_large_image\" \/>\n<meta name=\"twitter:label1\" content=\"Gesch\u00e4tzte Lesezeit\" \/>\n\t<meta name=\"twitter:data1\" content=\"2\u00a0Minuten\" \/>\n<script type=\"application\/ld+json\" class=\"yoast-schema-graph\">{\"@context\":\"https:\/\/schema.org\",\"@graph\":[{\"@type\":\"WebPage\",\"@id\":\"https:\/\/rollingringdrives.com\/product\/630mm-shaftless-magnetic-powder-wire-payoff-stand\/\",\"url\":\"https:\/\/rollingringdrives.com\/product\/630mm-shaftless-magnetic-powder-wire-payoff-stand\/\",\"name\":\"\u03a6630mm Shaftless Magnetic Powder Wire Payoff Stand - QiPang\",\"isPartOf\":{\"@id\":\"https:\/\/rollingringdrives.com\/#website\"},\"primaryImageOfPage\":{\"@id\":\"https:\/\/rollingringdrives.com\/product\/630mm-shaftless-magnetic-powder-wire-payoff-stand\/#primaryimage\"},\"image\":{\"@id\":\"https:\/\/rollingringdrives.com\/product\/630mm-shaftless-magnetic-powder-wire-payoff-stand\/#primaryimage\"},\"thumbnailUrl\":\"https:\/\/rollingringdrives.com\/wp-content\/uploads\/2023\/05\/2-26.jpg\",\"datePublished\":\"2023-05-24T01:11:47+00:00\",\"dateModified\":\"2025-07-07T07:40:52+00:00\",\"description\":\"Achieve precise wire payoff control with the \u03a6630mm Shaftless Magnetic Powder Wire Payoff Stand. Boost your cable manufacturing processes today!\",\"breadcrumb\":{\"@id\":\"https:\/\/rollingringdrives.com\/product\/630mm-shaftless-magnetic-powder-wire-payoff-stand\/#breadcrumb\"},\"inLanguage\":\"de\",\"potentialAction\":[{\"@type\":\"ReadAction\",\"target\":[\"https:\/\/rollingringdrives.com\/product\/630mm-shaftless-magnetic-powder-wire-payoff-stand\/\"]}]},{\"@type\":\"ImageObject\",\"inLanguage\":\"de\",\"@id\":\"https:\/\/rollingringdrives.com\/product\/630mm-shaftless-magnetic-powder-wire-payoff-stand\/#primaryimage\",\"url\":\"https:\/\/rollingringdrives.com\/wp-content\/uploads\/2023\/05\/2-26.jpg\",\"contentUrl\":\"https:\/\/rollingringdrives.com\/wp-content\/uploads\/2023\/05\/2-26.jpg\",\"width\":600,\"height\":600,\"caption\":\"\u03a6630 Shaftless Magnetic Powder Wire Payoff Stand\"},{\"@type\":\"BreadcrumbList\",\"@id\":\"https:\/\/rollingringdrives.com\/product\/630mm-shaftless-magnetic-powder-wire-payoff-stand\/#breadcrumb\",\"itemListElement\":[{\"@type\":\"ListItem\",\"position\":1,\"name\":\"Home\",\"item\":\"https:\/\/rollingringdrives.com\/\"},{\"@type\":\"ListItem\",\"position\":2,\"name\":\"Machines\",\"item\":\"https:\/\/rollingringdrives.com\/machines\/\"},{\"@type\":\"ListItem\",\"position\":3,\"name\":\"\u03a6630mm Shaftless Magnetic Powder Wire Payoff Stand\"}]},{\"@type\":\"WebSite\",\"@id\":\"https:\/\/rollingringdrives.com\/#website\",\"url\":\"https:\/\/rollingringdrives.com\/\",\"name\":\"QiPang\",\"description\":\"QiPang Blog\",\"publisher\":{\"@id\":\"https:\/\/rollingringdrives.com\/#organization\"},\"potentialAction\":[{\"@type\":\"SearchAction\",\"target\":{\"@type\":\"EntryPoint\",\"urlTemplate\":\"https:\/\/rollingringdrives.com\/?s={search_term_string}\"},\"query-input\":{\"@type\":\"PropertyValueSpecification\",\"valueRequired\":true,\"valueName\":\"search_term_string\"}}],\"inLanguage\":\"de\"},{\"@type\":\"Organization\",\"@id\":\"https:\/\/rollingringdrives.com\/#organization\",\"name\":\"QiPang\",\"url\":\"https:\/\/rollingringdrives.com\/\",\"logo\":{\"@type\":\"ImageObject\",\"inLanguage\":\"de\",\"@id\":\"https:\/\/rollingringdrives.com\/#\/schema\/logo\/image\/\",\"url\":\"https:\/\/rollingringdrives.com\/wp-content\/uploads\/2023\/05\/cropped-\u672a\u547d\u540d\u7684\u8bbe\u8ba1.png\",\"contentUrl\":\"https:\/\/rollingringdrives.com\/wp-content\/uploads\/2023\/05\/cropped-\u672a\u547d\u540d\u7684\u8bbe\u8ba1.png\",\"width\":300,\"height\":191,\"caption\":\"QiPang\"},\"image\":{\"@id\":\"https:\/\/rollingringdrives.com\/#\/schema\/logo\/image\/\"}}]}<\/script>\n<!-- \/ Yoast SEO Premium plugin. -->","yoast_head_json":{"title":"\u03a6630 mm wellenloser magnetischer Pulverdraht-Abwickelst\u00e4nder \u2013 QiPang","description":"Erzielen Sie eine pr\u00e4zise Steuerung der Drahtabwicklung mit dem wellenlosen Magnetpulver-Drahtabwickelst\u00e4nder mit einem Durchmesser von \u03a6630 mm. Steigern Sie noch heute Ihre Kabelfertigungsprozesse!","robots":{"index":"index","follow":"follow","max-snippet":"max-snippet:-1","max-image-preview":"max-image-preview:large","max-video-preview":"max-video-preview:-1"},"canonical":"https:\/\/rollingringdrives.com\/de\/produkt\/630-mm-wellenloser-magnetpulverdraht-abwickelstander\/","og_locale":"de_DE","og_type":"article","og_title":"\u03a6630mm Shaftless Magnetic Powder Wire Payoff Stand","og_description":"Achieve precise wire payoff control with the \u03a6630mm Shaftless Magnetic Powder Wire Payoff Stand. Boost your cable manufacturing processes today!","og_url":"https:\/\/rollingringdrives.com\/de\/produkt\/630-mm-wellenloser-magnetpulverdraht-abwickelstander\/","og_site_name":"QiPang","article_modified_time":"2025-07-07T07:40:52+00:00","og_image":[{"width":600,"height":600,"url":"https:\/\/rollingringdrives.com\/wp-content\/uploads\/2023\/05\/2-26.jpg","type":"image\/jpeg"}],"twitter_card":"summary_large_image","twitter_misc":{"Gesch\u00e4tzte Lesezeit":"2\u00a0Minuten"},"schema":{"@context":"https:\/\/schema.org","@graph":[{"@type":"WebPage","@id":"https:\/\/rollingringdrives.com\/product\/630mm-shaftless-magnetic-powder-wire-payoff-stand\/","url":"https:\/\/rollingringdrives.com\/product\/630mm-shaftless-magnetic-powder-wire-payoff-stand\/","name":"\u03a6630 mm wellenloser magnetischer Pulverdraht-Abwickelst\u00e4nder \u2013 QiPang","isPartOf":{"@id":"https:\/\/rollingringdrives.com\/#website"},"primaryImageOfPage":{"@id":"https:\/\/rollingringdrives.com\/product\/630mm-shaftless-magnetic-powder-wire-payoff-stand\/#primaryimage"},"image":{"@id":"https:\/\/rollingringdrives.com\/product\/630mm-shaftless-magnetic-powder-wire-payoff-stand\/#primaryimage"},"thumbnailUrl":"https:\/\/rollingringdrives.com\/wp-content\/uploads\/2023\/05\/2-26.jpg","datePublished":"2023-05-24T01:11:47+00:00","dateModified":"2025-07-07T07:40:52+00:00","description":"Erzielen Sie eine pr\u00e4zise Steuerung der Drahtabwicklung mit dem wellenlosen Magnetpulver-Drahtabwickelst\u00e4nder mit einem Durchmesser von \u03a6630 mm. Steigern Sie noch heute Ihre Kabelfertigungsprozesse!","breadcrumb":{"@id":"https:\/\/rollingringdrives.com\/product\/630mm-shaftless-magnetic-powder-wire-payoff-stand\/#breadcrumb"},"inLanguage":"de","potentialAction":[{"@type":"ReadAction","target":["https:\/\/rollingringdrives.com\/product\/630mm-shaftless-magnetic-powder-wire-payoff-stand\/"]}]},{"@type":"ImageObject","inLanguage":"de","@id":"https:\/\/rollingringdrives.com\/product\/630mm-shaftless-magnetic-powder-wire-payoff-stand\/#primaryimage","url":"https:\/\/rollingringdrives.com\/wp-content\/uploads\/2023\/05\/2-26.jpg","contentUrl":"https:\/\/rollingringdrives.com\/wp-content\/uploads\/2023\/05\/2-26.jpg","width":600,"height":600,"caption":"\u03a6630 Shaftless Magnetic Powder Wire Payoff Stand"},{"@type":"BreadcrumbList","@id":"https:\/\/rollingringdrives.com\/product\/630mm-shaftless-magnetic-powder-wire-payoff-stand\/#breadcrumb","itemListElement":[{"@type":"ListItem","position":1,"name":"Home","item":"https:\/\/rollingringdrives.com\/"},{"@type":"ListItem","position":2,"name":"Machines","item":"https:\/\/rollingringdrives.com\/machines\/"},{"@type":"ListItem","position":3,"name":"\u03a6630mm Shaftless Magnetic Powder Wire Payoff Stand"}]},{"@type":"WebSite","@id":"https:\/\/rollingringdrives.com\/#website","url":"https:\/\/rollingringdrives.com\/","name":"QiPang","description":"QiPang-Blog","publisher":{"@id":"https:\/\/rollingringdrives.com\/#organization"},"potentialAction":[{"@type":"SearchAction","target":{"@type":"EntryPoint","urlTemplate":"https:\/\/rollingringdrives.com\/?s={search_term_string}"},"query-input":{"@type":"PropertyValueSpecification","valueRequired":true,"valueName":"search_term_string"}}],"inLanguage":"de"},{"@type":"Organization","@id":"https:\/\/rollingringdrives.com\/#organization","name":"QiPang","url":"https:\/\/rollingringdrives.com\/","logo":{"@type":"ImageObject","inLanguage":"de","@id":"https:\/\/rollingringdrives.com\/#\/schema\/logo\/image\/","url":"https:\/\/rollingringdrives.com\/wp-content\/uploads\/2023\/05\/cropped-\u672a\u547d\u540d\u7684\u8bbe\u8ba1.png","contentUrl":"https:\/\/rollingringdrives.com\/wp-content\/uploads\/2023\/05\/cropped-\u672a\u547d\u540d\u7684\u8bbe\u8ba1.png","width":300,"height":191,"caption":"QiPang"},"image":{"@id":"https:\/\/rollingringdrives.com\/#\/schema\/logo\/image\/"}}]}},"_links":{"self":[{"href":"https:\/\/rollingringdrives.com\/de\/wp-json\/wp\/v2\/product\/26309","targetHints":{"allow":["GET"]}}],"collection":[{"href":"https:\/\/rollingringdrives.com\/de\/wp-json\/wp\/v2\/product"}],"about":[{"href":"https:\/\/rollingringdrives.com\/de\/wp-json\/wp\/v2\/types\/product"}],"version-history":[{"count":0,"href":"https:\/\/rollingringdrives.com\/de\/wp-json\/wp\/v2\/product\/26309\/revisions"}],"wp:featuredmedia":[{"embeddable":true,"href":"https:\/\/rollingringdrives.com\/de\/wp-json\/wp\/v2\/media\/26313"}],"wp:attachment":[{"href":"https:\/\/rollingringdrives.com\/de\/wp-json\/wp\/v2\/media?parent=26309"}],"wp:term":[{"taxonomy":"product_brand","embeddable":true,"href":"https:\/\/rollingringdrives.com\/de\/wp-json\/wp\/v2\/product_brand?post=26309"},{"taxonomy":"product_cat","embeddable":true,"href":"https:\/\/rollingringdrives.com\/de\/wp-json\/wp\/v2\/product_cat?post=26309"},{"taxonomy":"product_tag","embeddable":true,"href":"https:\/\/rollingringdrives.com\/de\/wp-json\/wp\/v2\/product_tag?post=26309"}],"curies":[{"name":"wp","href":"https:\/\/api.w.org\/{rel}","templated":true}]}}