{"id":26318,"date":"2023-05-24T01:21:06","date_gmt":"2023-05-24T01:21:06","guid":{"rendered":"https:\/\/rollingringdrives.com\/?post_type=product&#038;p=26318"},"modified":"2025-07-07T07:40:38","modified_gmt":"2025-07-07T07:40:38","slug":"630-800mm-magnetic-powder-pay-off-machine","status":"publish","type":"product","link":"https:\/\/rollingringdrives.com\/de\/produkt\/630-800mm-magnetpulver-abwickelmaschine\/","title":{"rendered":"630-800 mm Magnetpulver-Auftragsmaschine"},"content":{"rendered":"<p class=\"xsj_paragraph xsj_paragraph_level_0\" data-source-line=\"0\" data-source-line-display=\"true\">Der\u00a0<strong class=\"markdown_strong_asterisk\">\u03a6630-\u03a6800mm Magnetpulver-Auszahlungsmaschine<\/strong> ist eine hochwertige Auf- und Abwickelmaschine, die sich perfekt f\u00fcr industrielle Anwendungen eignet. Diese Maschine ist so konzipiert, dass sie mit Spulen mit einem Durchmesser von \u03a6630 mm bis \u03a6800 mm und einer Drahtrollenbreite von 475 mm bis 375 mm kompatibel ist. Es verf\u00fcgt au\u00dferdem \u00fcber einen Innenlochdurchmesser von entweder 56 mm oder 80 mm und bietet so Flexibilit\u00e4t f\u00fcr verschiedene Materialien. Die Maschine verf\u00fcgt \u00fcber ein Magnetpulver-Kontrollsystem, das eine stabile Spannungskontrolle von bis zu 10 kg Magnetpulver gew\u00e4hrleistet.<\/p>\n<p data-source-line=\"0\" data-source-line-display=\"true\"><div id=\"footable_parent_26321\"\n         class=\"footable_parent ninja_table_wrapper loading_ninja_table wp_table_data_press_parent semantic_ui\">\n                <table data-ninja_table_instance=\"ninja_table_instance_0\" data-footable_id=\"26321\" data-filter-delay=\"1000\" aria-label=\"1\u65b0\u5efa2 XL2dSX \u5de5\u4f5c\u8868 (2).csv\"            id=\"footable_26321\"\n           data-unique_identifier=\"ninja_table_unique_id_150260990_26321\"\n           class=\"foo-table ninja_footable foo_table_26321 ninja_table_unique_id_150260990_26321 ui table  nt_type_legacy_table selectable striped vertical_centered  footable-paging-right ninja_table_search_disabled ninja_table_pro\">\n                <colgroup>\n                            <col class=\"ninja_column_0\">\n                            <col class=\"ninja_column_1\">\n                    <\/colgroup>\n        <thead>\n<tr class=\"footable-header\">\n                                        <th scope=\"col\"  class=\"ninja_column_0 ninja_clmn_nm_parameter\">Parameter<\/th><th scope=\"col\"  class=\"ninja_column_1 ninja_clmn_nm_value\">Wert<\/th><\/tr>\n<\/thead>\n<tbody>\n\n        <tr data-row_id=\"355\" class=\"ninja_table_row_0 nt_row_id_355\">\n            <td>Anwendbarer Rollendurchmesser<\/td><td>\u03a6800-\u03a6630mm<\/td>        <\/tr>\n            <tr data-row_id=\"356\" class=\"ninja_table_row_1 nt_row_id_356\">\n            <td>Breite der Drahtrolle<\/td><td>475\u2013375 mm<\/td>        <\/tr>\n            <tr data-row_id=\"357\" class=\"ninja_table_row_2 nt_row_id_357\">\n            <td>Innenlochdurchmesser<\/td><td>56mm oder 80mm<\/td>        <\/tr>\n            <tr data-row_id=\"358\" class=\"ninja_table_row_3 nt_row_id_358\">\n            <td>Spannungskontrolle<\/td><td>Magnetpulverkontrolle (10 kg Magnetpulver)<\/td>        <\/tr>\n            <tr data-row_id=\"359\" class=\"ninja_table_row_4 nt_row_id_359\">\n            <td>Vortriebswellenmodus<\/td><td>Pneumatischer Vortrieb oder manueller Vortrieb<\/td>        <\/tr>\n            <tr data-row_id=\"360\" class=\"ninja_table_row_5 nt_row_id_360\">\n            <td>Auszahlungsgeschwindigkeit<\/td><td>MAX200 m\/min<\/td>        <\/tr>\n            <tr data-row_id=\"361\" class=\"ninja_table_row_6 nt_row_id_361\">\n            <td>Anheben der Haspel<\/td><td>Elektrisches Heben (0,75 kW)<\/td>        <\/tr>\n            <tr data-row_id=\"362\" class=\"ninja_table_row_7 nt_row_id_362\">\n            <td>Bremse<\/td><td>10 kg Magnetpulverbremse<\/td>        <\/tr>\n            <tr data-row_id=\"363\" class=\"ninja_table_row_8 nt_row_id_363\">\n            <td>Maximale Ladekapazit\u00e4t<\/td><td>500 kg<\/td>        <\/tr>\n    <\/tbody><!--ninja_tobody_rendering_done-->\n    <\/table>\n    \n    \n    \n<\/div>\n<\/p>\n<p data-source-line=\"0\" data-source-line-display=\"true\">\u03a6630 wellenloser Magnetpulver-Abwickelst\u00e4nder<br \/>\n1, geeignet f\u00fcr Drahtrollendurchmesser: 400\u2013630 mm<br \/>\n2. Spannungskontrolle: Magnetpulverkontrolle (5 kg Magnetpulver)<br \/>\n3. Hebescheibenmodus: Motorheben<br \/>\n4. Spannscheibe: Handspannzylinderklemmung<br \/>\n5. Auszahlungstyp: wellenloser Auslegertyp<br \/>\n6. Hubmotor: 0,75 kW mit RV-Reduzierer<br \/>\n7. Befestigungsmethode: Mit Dehnschrauben befestigt<br \/>\n8. Maximales Eigengewicht: 500 kg<\/p>\n<p data-source-line=\"0\" data-source-line-display=\"true\">\n<p data-source-line=\"0\" data-source-line-display=\"true\">\u03a6800 wellenloser Magnetpulver-Abwickelst\u00e4nder<br \/>\n1, geeignet f\u00fcr Drahtrollendurchmesser: 630\u2013800 mm<br \/>\n2. Spannungskontrolle: Magnetpulverkontrolle (10 kg Magnetpulver)<br \/>\n3. Hebescheibenmodus: Motorheben<br \/>\n4. Spannscheibe: Handspannzylinderklemmung<br \/>\n5. Auszahlungstyp: wellenloser Auslegertyp<br \/>\n6. Hubmotor: 0,75 kW mit RV-Reduzierer<br \/>\n7. Befestigungsmethode: Mit Dehnschrauben befestigt<br \/>\n8. Maximales Eigengewicht: 800 kg<\/p>\n<p data-source-line=\"0\" data-source-line-display=\"true\">\n<div class=\"xiaoshujiang_element xsj_anchor\"><a class=\"blank_anchor_name\" name=\"applications_1\"><\/a><a id=\"applications_1\" class=\"blank_anchor_id\"><\/a><a class=\"blank_anchor_name\" name=\"applications\"><\/a><a id=\"applications\" class=\"blank_anchor_id\"><\/a><\/div>\n<h2 id=\"applications_1\" class=\"xsj_heading_hash xsj_heading xsj_heading_h2\" data-source-line=\"3\" data-source-line-display=\"true\"><span class=\"xsj_heading_content\">Anwendungen:<\/span><\/h2>\n<p class=\"xsj_paragraph xsj_paragraph_level_0\" data-source-line=\"5\" data-source-line-display=\"true\">Die Magnetpulver-Abwickelmaschine mit einem Durchmesser von 630\u2013800 mm wird h\u00e4ufig in der Fertigung eingesetzt, insbesondere beim Auf- und Abwickeln von Materialien wie Dr\u00e4hten, Kabeln, Seilen, B\u00e4ndern und anderen Materialien, die eine stabile Spannungskontrolle erfordern.<\/p>\n<div class=\"xiaoshujiang_element xsj_anchor\"><a class=\"blank_anchor_name\" name=\"faqs_2\"><\/a><a id=\"faqs_2\" class=\"blank_anchor_id\"><\/a><a class=\"blank_anchor_name\" name=\"faqs\"><\/a><a id=\"faqs\" class=\"blank_anchor_id\"><\/a><\/div>\n<h2 id=\"faqs_2\" class=\"xsj_heading_hash xsj_heading xsj_heading_h2\" data-source-line=\"7\" data-source-line-display=\"true\"><span class=\"xsj_heading_content\">FAQs:<\/span><\/h2>\n<div class=\"xiaoshujiang_element xsj_anchor\"><a class=\"blank_anchor_name\" name=\"q120what20is20the20maximum20reel20diameter20that20the20cea6630-cea6800mm20magnetic20powder20pay-off20machine20can20handle_3\"><\/a><a id=\"q120what20is20the20maximum20reel20diameter20that20the20cea6630-cea6800mm20magnetic20powder20pay-off20machine20can20handle_3\" class=\"blank_anchor_id\"><\/a><a class=\"blank_anchor_name\" name=\"q1-what-is-the-maximum-reel-diameter-that-the-\u03c6630-\u03c6800mm-magnetic-powder-pay-off-machine-can-handle\"><\/a><a id=\"q1-what-is-the-maximum-reel-diameter-that-the-\u03c6630-\u03c6800mm-magnetic-powder-pay-off-machine-can-handle\" class=\"blank_anchor_id\"><\/a><\/div>\n<h4 id=\"q120what20is20the20maximum20reel20diameter20that20the20cea6630-cea6800mm20magnetic20powder20pay-off20machine20can20handle_3\" class=\"xsj_heading_hash xsj_heading xsj_heading_h4\" data-source-line=\"9\" data-source-line-display=\"true\"><span class=\"xsj_heading_content\">Q1. Welchen maximalen Rollendurchmesser kann die Magnetpulver-Abwickelmaschine mit einem Durchmesser von \u03a6630\u2013\u03a6800 mm verarbeiten?<\/span><\/h4>\n<p class=\"xsj_paragraph xsj_paragraph_level_0\" data-source-line=\"11\" data-source-line-display=\"true\">A: Diese Maschine kann Rollen mit einem Durchmesser von \u03a6630 mm bis \u03a6800 mm verarbeiten.<\/p>\n<div class=\"xiaoshujiang_element xsj_anchor\"><a class=\"blank_anchor_name\" name=\"q220what20is20the20inner20hole20diameter20of20the20reels_4\"><\/a><a id=\"q220what20is20the20inner20hole20diameter20of20the20reels_4\" class=\"blank_anchor_id\"><\/a><a class=\"blank_anchor_name\" name=\"q2-what-is-the-inner-hole-diameter-of-the-reels\"><\/a><a id=\"q2-what-is-the-inner-hole-diameter-of-the-reels\" class=\"blank_anchor_id\"><\/a><\/div>\n<h4 id=\"q220what20is20the20inner20hole20diameter20of20the20reels_4\" class=\"xsj_heading_hash xsj_heading xsj_heading_h4\" data-source-line=\"13\" data-source-line-display=\"true\"><span class=\"xsj_heading_content\">Q2. Wie gro\u00df ist der Innenlochdurchmesser der Rollen?<\/span><\/h4>\n<p class=\"xsj_paragraph xsj_paragraph_level_0\" data-source-line=\"15\" data-source-line-display=\"true\">A: Der Innenlochdurchmesser der Rollen kann 56 mm oder 80 mm betragen.<\/p>\n<div class=\"xiaoshujiang_element xsj_anchor\"><a class=\"blank_anchor_name\" name=\"q320what20is20the20maximum20loading20capacity20of20the20machine_5\"><\/a><a id=\"q320what20is20the20maximum20loading20capacity20of20the20machine_5\" class=\"blank_anchor_id\"><\/a><a class=\"blank_anchor_name\" name=\"q3-what-is-the-maximum-loading-capacity-of-the-machine\"><\/a><a id=\"q3-what-is-the-maximum-loading-capacity-of-the-machine\" class=\"blank_anchor_id\"><\/a><\/div>\n<h4 id=\"q320what20is20the20maximum20loading20capacity20of20the20machine_5\" class=\"xsj_heading_hash xsj_heading xsj_heading_h4\" data-source-line=\"17\" data-source-line-display=\"true\"><span class=\"xsj_heading_content\">Q3. Wie hoch ist die maximale Ladekapazit\u00e4t der Maschine?<\/span><\/h4>\n<p class=\"xsj_paragraph xsj_paragraph_level_0\" data-source-line=\"19\" data-source-line-display=\"true\">A: Die maximale Tragf\u00e4higkeit dieser Maschine betr\u00e4gt 500 kg.<\/p>\n<div class=\"xiaoshujiang_element xsj_anchor\"><a class=\"blank_anchor_name\" name=\"q420does20this20machine20have20a20tension20control20system_6\"><\/a><a id=\"q420does20this20machine20have20a20tension20control20system_6\" class=\"blank_anchor_id\"><\/a><a class=\"blank_anchor_name\" name=\"q4-does-this-machine-have-a-tension-control-system\"><\/a><a id=\"q4-does-this-machine-have-a-tension-control-system\" class=\"blank_anchor_id\"><\/a><\/div>\n<h4 id=\"q420does20this20machine20have20a20tension20control20system_6\" class=\"xsj_heading_hash xsj_heading xsj_heading_h4\" data-source-line=\"21\" data-source-line-display=\"true\"><span class=\"xsj_heading_content\">Q4. Verf\u00fcgt diese Maschine \u00fcber ein Spannungskontrollsystem?<\/span><\/h4>\n<p class=\"xsj_paragraph xsj_paragraph_level_0\" data-source-line=\"23\" data-source-line-display=\"true\">A: Diese Maschine verf\u00fcgt \u00fcber ein Magnetpulver-Kontrollsystem, das eine stabile Spannungskontrolle f\u00fcr bis zu 10 kg Magnetpulver bietet.<\/p>\n<div class=\"xiaoshujiang_element xsj_anchor\"><a class=\"blank_anchor_name\" name=\"q520is20the20machine20equipped20with20a20braking20system_7\"><\/a><a id=\"q520is20the20machine20equipped20with20a20braking20system_7\" class=\"blank_anchor_id\"><\/a><a class=\"blank_anchor_name\" name=\"q5-is-the-machine-equipped-with-a-braking-system\"><\/a><a id=\"q5-is-the-machine-equipped-with-a-braking-system\" class=\"blank_anchor_id\"><\/a><\/div>\n<h4 id=\"q520is20the20machine20equipped20with20a20braking20system_7\" class=\"xsj_heading_hash xsj_heading xsj_heading_h4\" data-source-line=\"25\" data-source-line-display=\"true\"><span class=\"xsj_heading_content\">F5. Ist die Maschine mit einem Bremssystem ausgestattet?<\/span><\/h4>\n<p class=\"xsj_paragraph xsj_paragraph_level_0\" data-source-line=\"27\" data-source-line-display=\"true\">A: Die Maschine ist mit einer 10-kg-Magnetpulverbremse f\u00fcr effizientes Bremsen ausgestattet.<\/p>","protected":false},"excerpt":{"rendered":"<h2 id=\"features_1\" class=\"xsj_heading_hash xsj_heading xsj_heading_h2\" data-source-line=\"3\" data-source-line-display=\"true\"><span class=\"xsj_heading_content\">Merkmale:<\/span><\/h2>\n<ol class=\"markdown_ol\" data-source-line=\"5\">\n<li data-source-line=\"5\">Die Maschine bietet eine stabile Spannungskontrolle mit einem magnetischen Pulverkontrollsystem.<\/li>\n<li data-source-line=\"6\">Es kann Spulen mit einem Durchmesser von \u03a6630 mm bis \u03a6800 mm und einer Drahtrollenbreite von 475 mm bis 375 mm verarbeiten.<\/li>\n<li data-source-line=\"7\">Der Innenlochdurchmesser kann entweder 56 mm oder 80 mm betragen.<\/li>\n<li data-source-line=\"8\">Es kann mit einer maximalen Geschwindigkeit von 200 m\/min betrieben werden.<\/li>\n<li data-source-line=\"9\">Die Maschine verf\u00fcgt \u00fcber ein pneumatisches oder manuelles Hebesystem, elektrisches Heben und eine 10-kg-Magnetpulverbremse.<\/li>\n<li data-source-line=\"10\">Die maximale Tragf\u00e4higkeit dieser Maschine betr\u00e4gt 500 kg, was sie f\u00fcr Anwendungen mit hohem Volumen effizient macht.<\/li>\n<\/ol>","protected":false},"featured_media":26325,"template":"","meta":{"site-sidebar-layout":"default","site-content-layout":"default","ast-global-header-display":"","ast-banner-title-visibility":"","ast-main-header-display":"","ast-hfb-above-header-display":"","ast-hfb-below-header-display":"","ast-hfb-mobile-header-display":"","site-post-title":"","ast-breadcrumbs-content":"","ast-featured-img":"","footer-sml-layout":"","theme-transparent-header-meta":"default","adv-header-id-meta":"","stick-header-meta":"","header-above-stick-meta":"","header-main-stick-meta":"","header-below-stick-meta":""},"product_brand":[],"product_cat":[48,132],"product_tag":[],"class_list":{"0":"post-26318","1":"product","2":"type-product","3":"status-publish","4":"has-post-thumbnail","6":"product_cat-wire-payoff-machine","7":"product_cat-shaftless-passive-pay-off-machine","8":"desktop-align-left","9":"tablet-align-left","10":"mobile-align-left","12":"first","13":"instock","14":"shipping-taxable","15":"product-type-simple"},"yoast_head":"<!-- This site is optimized with the Yoast SEO Premium plugin v20.12 (Yoast SEO v26.0) - https:\/\/yoast.com\/wordpress\/plugins\/seo\/ -->\n<title>630-800mm Magnetic Powder Pay-Off Machine - QiPang<\/title>\n<meta name=\"description\" content=\"Maximize your industrial production with the \u03a6630-\u03a6800mm Magnetic Powder Pay-Off Machine. Get complete compatibility and smooth wire handling today!\" \/>\n<meta name=\"robots\" content=\"index, follow, max-snippet:-1, max-image-preview:large, max-video-preview:-1\" \/>\n<link rel=\"canonical\" href=\"https:\/\/rollingringdrives.com\/de\/produkt\/630-800mm-magnetpulver-abwickelmaschine\/\" \/>\n<meta property=\"og:locale\" content=\"de_DE\" \/>\n<meta property=\"og:type\" content=\"article\" \/>\n<meta property=\"og:title\" content=\"630-800mm Magnetic Powder Pay-Off Machine\" \/>\n<meta property=\"og:description\" content=\"Maximize your industrial production with the \u03a6630-\u03a6800mm Magnetic Powder Pay-Off Machine. Get complete compatibility and smooth wire handling today!\" \/>\n<meta property=\"og:url\" content=\"https:\/\/rollingringdrives.com\/de\/produkt\/630-800mm-magnetpulver-abwickelmaschine\/\" \/>\n<meta property=\"og:site_name\" content=\"QiPang\" \/>\n<meta property=\"article:modified_time\" content=\"2025-07-07T07:40:38+00:00\" \/>\n<meta property=\"og:image\" content=\"https:\/\/rollingringdrives.com\/wp-content\/uploads\/2023\/05\/4-20.jpg\" \/>\n\t<meta property=\"og:image:width\" content=\"600\" \/>\n\t<meta property=\"og:image:height\" content=\"600\" \/>\n\t<meta property=\"og:image:type\" content=\"image\/jpeg\" \/>\n<meta name=\"twitter:card\" content=\"summary_large_image\" \/>\n<meta name=\"twitter:label1\" content=\"Gesch\u00e4tzte Lesezeit\" \/>\n\t<meta name=\"twitter:data1\" content=\"2\u00a0Minuten\" \/>\n<script type=\"application\/ld+json\" class=\"yoast-schema-graph\">{\"@context\":\"https:\/\/schema.org\",\"@graph\":[{\"@type\":\"WebPage\",\"@id\":\"https:\/\/rollingringdrives.com\/product\/630-800mm-magnetic-powder-pay-off-machine\/\",\"url\":\"https:\/\/rollingringdrives.com\/product\/630-800mm-magnetic-powder-pay-off-machine\/\",\"name\":\"630-800mm Magnetic Powder Pay-Off Machine - QiPang\",\"isPartOf\":{\"@id\":\"https:\/\/rollingringdrives.com\/#website\"},\"primaryImageOfPage\":{\"@id\":\"https:\/\/rollingringdrives.com\/product\/630-800mm-magnetic-powder-pay-off-machine\/#primaryimage\"},\"image\":{\"@id\":\"https:\/\/rollingringdrives.com\/product\/630-800mm-magnetic-powder-pay-off-machine\/#primaryimage\"},\"thumbnailUrl\":\"https:\/\/rollingringdrives.com\/wp-content\/uploads\/2023\/05\/4-20.jpg\",\"datePublished\":\"2023-05-24T01:21:06+00:00\",\"dateModified\":\"2025-07-07T07:40:38+00:00\",\"description\":\"Maximize your industrial production with the \u03a6630-\u03a6800mm Magnetic Powder Pay-Off Machine. Get complete compatibility and smooth wire handling today!\",\"breadcrumb\":{\"@id\":\"https:\/\/rollingringdrives.com\/product\/630-800mm-magnetic-powder-pay-off-machine\/#breadcrumb\"},\"inLanguage\":\"de\",\"potentialAction\":[{\"@type\":\"ReadAction\",\"target\":[\"https:\/\/rollingringdrives.com\/product\/630-800mm-magnetic-powder-pay-off-machine\/\"]}]},{\"@type\":\"ImageObject\",\"inLanguage\":\"de\",\"@id\":\"https:\/\/rollingringdrives.com\/product\/630-800mm-magnetic-powder-pay-off-machine\/#primaryimage\",\"url\":\"https:\/\/rollingringdrives.com\/wp-content\/uploads\/2023\/05\/4-20.jpg\",\"contentUrl\":\"https:\/\/rollingringdrives.com\/wp-content\/uploads\/2023\/05\/4-20.jpg\",\"width\":600,\"height\":600,\"caption\":\"\u03a6630-\u03a6800mm Magnetic Powder Pay-Off Machine\"},{\"@type\":\"BreadcrumbList\",\"@id\":\"https:\/\/rollingringdrives.com\/product\/630-800mm-magnetic-powder-pay-off-machine\/#breadcrumb\",\"itemListElement\":[{\"@type\":\"ListItem\",\"position\":1,\"name\":\"Home\",\"item\":\"https:\/\/rollingringdrives.com\/\"},{\"@type\":\"ListItem\",\"position\":2,\"name\":\"Machines\",\"item\":\"https:\/\/rollingringdrives.com\/machines\/\"},{\"@type\":\"ListItem\",\"position\":3,\"name\":\"630-800mm Magnetic Powder Pay-Off Machine\"}]},{\"@type\":\"WebSite\",\"@id\":\"https:\/\/rollingringdrives.com\/#website\",\"url\":\"https:\/\/rollingringdrives.com\/\",\"name\":\"QiPang\",\"description\":\"QiPang Blog\",\"publisher\":{\"@id\":\"https:\/\/rollingringdrives.com\/#organization\"},\"potentialAction\":[{\"@type\":\"SearchAction\",\"target\":{\"@type\":\"EntryPoint\",\"urlTemplate\":\"https:\/\/rollingringdrives.com\/?s={search_term_string}\"},\"query-input\":{\"@type\":\"PropertyValueSpecification\",\"valueRequired\":true,\"valueName\":\"search_term_string\"}}],\"inLanguage\":\"de\"},{\"@type\":\"Organization\",\"@id\":\"https:\/\/rollingringdrives.com\/#organization\",\"name\":\"QiPang\",\"url\":\"https:\/\/rollingringdrives.com\/\",\"logo\":{\"@type\":\"ImageObject\",\"inLanguage\":\"de\",\"@id\":\"https:\/\/rollingringdrives.com\/#\/schema\/logo\/image\/\",\"url\":\"https:\/\/rollingringdrives.com\/wp-content\/uploads\/2023\/05\/cropped-\u672a\u547d\u540d\u7684\u8bbe\u8ba1.png\",\"contentUrl\":\"https:\/\/rollingringdrives.com\/wp-content\/uploads\/2023\/05\/cropped-\u672a\u547d\u540d\u7684\u8bbe\u8ba1.png\",\"width\":300,\"height\":191,\"caption\":\"QiPang\"},\"image\":{\"@id\":\"https:\/\/rollingringdrives.com\/#\/schema\/logo\/image\/\"}}]}<\/script>\n<!-- \/ Yoast SEO Premium plugin. -->","yoast_head_json":{"title":"630\u2013800 mm Magnetpulver-Auftragsmaschine \u2013 QiPang","description":"Maximieren Sie Ihre industrielle Produktion mit der Magnetpulver-Auftragsmaschine mit einem Durchmesser von 630\u2013800 mm. Erhalten Sie noch heute vollst\u00e4ndige Kompatibilit\u00e4t und reibungslose Kabelhandhabung!","robots":{"index":"index","follow":"follow","max-snippet":"max-snippet:-1","max-image-preview":"max-image-preview:large","max-video-preview":"max-video-preview:-1"},"canonical":"https:\/\/rollingringdrives.com\/de\/produkt\/630-800mm-magnetpulver-abwickelmaschine\/","og_locale":"de_DE","og_type":"article","og_title":"630-800mm Magnetic Powder Pay-Off Machine","og_description":"Maximize your industrial production with the \u03a6630-\u03a6800mm Magnetic Powder Pay-Off Machine. Get complete compatibility and smooth wire handling today!","og_url":"https:\/\/rollingringdrives.com\/de\/produkt\/630-800mm-magnetpulver-abwickelmaschine\/","og_site_name":"QiPang","article_modified_time":"2025-07-07T07:40:38+00:00","og_image":[{"width":600,"height":600,"url":"https:\/\/rollingringdrives.com\/wp-content\/uploads\/2023\/05\/4-20.jpg","type":"image\/jpeg"}],"twitter_card":"summary_large_image","twitter_misc":{"Gesch\u00e4tzte Lesezeit":"2\u00a0Minuten"},"schema":{"@context":"https:\/\/schema.org","@graph":[{"@type":"WebPage","@id":"https:\/\/rollingringdrives.com\/product\/630-800mm-magnetic-powder-pay-off-machine\/","url":"https:\/\/rollingringdrives.com\/product\/630-800mm-magnetic-powder-pay-off-machine\/","name":"630\u2013800 mm Magnetpulver-Auftragsmaschine \u2013 QiPang","isPartOf":{"@id":"https:\/\/rollingringdrives.com\/#website"},"primaryImageOfPage":{"@id":"https:\/\/rollingringdrives.com\/product\/630-800mm-magnetic-powder-pay-off-machine\/#primaryimage"},"image":{"@id":"https:\/\/rollingringdrives.com\/product\/630-800mm-magnetic-powder-pay-off-machine\/#primaryimage"},"thumbnailUrl":"https:\/\/rollingringdrives.com\/wp-content\/uploads\/2023\/05\/4-20.jpg","datePublished":"2023-05-24T01:21:06+00:00","dateModified":"2025-07-07T07:40:38+00:00","description":"Maximieren Sie Ihre industrielle Produktion mit der Magnetpulver-Auftragsmaschine mit einem Durchmesser von 630\u2013800 mm. Erhalten Sie noch heute vollst\u00e4ndige Kompatibilit\u00e4t und reibungslose Kabelhandhabung!","breadcrumb":{"@id":"https:\/\/rollingringdrives.com\/product\/630-800mm-magnetic-powder-pay-off-machine\/#breadcrumb"},"inLanguage":"de","potentialAction":[{"@type":"ReadAction","target":["https:\/\/rollingringdrives.com\/product\/630-800mm-magnetic-powder-pay-off-machine\/"]}]},{"@type":"ImageObject","inLanguage":"de","@id":"https:\/\/rollingringdrives.com\/product\/630-800mm-magnetic-powder-pay-off-machine\/#primaryimage","url":"https:\/\/rollingringdrives.com\/wp-content\/uploads\/2023\/05\/4-20.jpg","contentUrl":"https:\/\/rollingringdrives.com\/wp-content\/uploads\/2023\/05\/4-20.jpg","width":600,"height":600,"caption":"\u03a6630-\u03a6800mm Magnetic Powder Pay-Off Machine"},{"@type":"BreadcrumbList","@id":"https:\/\/rollingringdrives.com\/product\/630-800mm-magnetic-powder-pay-off-machine\/#breadcrumb","itemListElement":[{"@type":"ListItem","position":1,"name":"Home","item":"https:\/\/rollingringdrives.com\/"},{"@type":"ListItem","position":2,"name":"Machines","item":"https:\/\/rollingringdrives.com\/machines\/"},{"@type":"ListItem","position":3,"name":"630-800mm Magnetic Powder Pay-Off Machine"}]},{"@type":"WebSite","@id":"https:\/\/rollingringdrives.com\/#website","url":"https:\/\/rollingringdrives.com\/","name":"QiPang","description":"QiPang-Blog","publisher":{"@id":"https:\/\/rollingringdrives.com\/#organization"},"potentialAction":[{"@type":"SearchAction","target":{"@type":"EntryPoint","urlTemplate":"https:\/\/rollingringdrives.com\/?s={search_term_string}"},"query-input":{"@type":"PropertyValueSpecification","valueRequired":true,"valueName":"search_term_string"}}],"inLanguage":"de"},{"@type":"Organization","@id":"https:\/\/rollingringdrives.com\/#organization","name":"QiPang","url":"https:\/\/rollingringdrives.com\/","logo":{"@type":"ImageObject","inLanguage":"de","@id":"https:\/\/rollingringdrives.com\/#\/schema\/logo\/image\/","url":"https:\/\/rollingringdrives.com\/wp-content\/uploads\/2023\/05\/cropped-\u672a\u547d\u540d\u7684\u8bbe\u8ba1.png","contentUrl":"https:\/\/rollingringdrives.com\/wp-content\/uploads\/2023\/05\/cropped-\u672a\u547d\u540d\u7684\u8bbe\u8ba1.png","width":300,"height":191,"caption":"QiPang"},"image":{"@id":"https:\/\/rollingringdrives.com\/#\/schema\/logo\/image\/"}}]}},"_links":{"self":[{"href":"https:\/\/rollingringdrives.com\/de\/wp-json\/wp\/v2\/product\/26318","targetHints":{"allow":["GET"]}}],"collection":[{"href":"https:\/\/rollingringdrives.com\/de\/wp-json\/wp\/v2\/product"}],"about":[{"href":"https:\/\/rollingringdrives.com\/de\/wp-json\/wp\/v2\/types\/product"}],"version-history":[{"count":0,"href":"https:\/\/rollingringdrives.com\/de\/wp-json\/wp\/v2\/product\/26318\/revisions"}],"wp:featuredmedia":[{"embeddable":true,"href":"https:\/\/rollingringdrives.com\/de\/wp-json\/wp\/v2\/media\/26325"}],"wp:attachment":[{"href":"https:\/\/rollingringdrives.com\/de\/wp-json\/wp\/v2\/media?parent=26318"}],"wp:term":[{"taxonomy":"product_brand","embeddable":true,"href":"https:\/\/rollingringdrives.com\/de\/wp-json\/wp\/v2\/product_brand?post=26318"},{"taxonomy":"product_cat","embeddable":true,"href":"https:\/\/rollingringdrives.com\/de\/wp-json\/wp\/v2\/product_cat?post=26318"},{"taxonomy":"product_tag","embeddable":true,"href":"https:\/\/rollingringdrives.com\/de\/wp-json\/wp\/v2\/product_tag?post=26318"}],"curies":[{"name":"wp","href":"https:\/\/api.w.org\/{rel}","templated":true}]}}