{"id":26358,"date":"2023-05-24T02:56:45","date_gmt":"2023-05-24T02:56:45","guid":{"rendered":"https:\/\/rollingringdrives.com\/?post_type=product&#038;p=26358"},"modified":"2025-07-07T07:39:25","modified_gmt":"2025-07-07T07:39:25","slug":"qp1250-2000-end-shaft-type-payoff-machine","status":"publish","type":"product","link":"https:\/\/rollingringdrives.com\/de\/produkt\/qp1250-2000-end-shaft-type-payoff-machine\/","title":{"rendered":"QP1250-2000 Abwickelmaschine mit Endwelle"},"content":{"rendered":"<p class=\"xsj_paragraph xsj_paragraph_level_0\" data-source-line=\"0\" data-source-line-display=\"true\">Der\u00a0<strong class=\"markdown_strong_asterisk\">QP1250-2000 Abwickelmaschine mit Endwelle<\/strong> ist ein Abwickelgestell mit passiver Spannung, das f\u00fcr die effektive Handhabung von PN1250-PN2000-Rollen entwickelt wurde. Diese Maschine ist mit einem Hubmotor und einem Clip-Entlademotor ausgestattet, die mit einem 1,5-kW- bzw. 1,1-kW-Wechselstrommotor betrieben werden und dabei helfen, eine gleichm\u00e4\u00dfige und einstellbare Spannung aufrechtzuerhalten. Mit einer Tragf\u00e4higkeit von 8 Tonnen bietet der QP1250-2000 eine perfekte L\u00f6sung f\u00fcr die Handhabung schwerer Rollen mit Kabeln, Dr\u00e4hten und anderen Materialien.<\/p>\n<p data-source-line=\"0\" data-source-line-display=\"true\"><div id=\"footable_parent_26360\"\n         class=\"footable_parent ninja_table_wrapper loading_ninja_table wp_table_data_press_parent semantic_ui\">\n                <table data-ninja_table_instance=\"ninja_table_instance_0\" data-footable_id=\"26360\" data-filter-delay=\"1000\" aria-label=\"5\u65b0\u5efa2 XL2dSX \u5de5\u4f5c\u8868 (2).csv\"            id=\"footable_26360\"\n           data-unique_identifier=\"ninja_table_unique_id_513879288_26360\"\n           class=\"foo-table ninja_footable foo_table_26360 ninja_table_unique_id_513879288_26360 ui table  nt_type_legacy_table selectable striped vertical_centered  footable-paging-right ninja_table_search_disabled ninja_table_pro\">\n                <colgroup>\n                            <col class=\"ninja_column_0\">\n                            <col class=\"ninja_column_1\">\n                    <\/colgroup>\n        <thead>\n<tr class=\"footable-header\">\n                                        <th scope=\"col\"  class=\"ninja_column_0 ninja_clmn_nm_parameter\">Parameter<\/th><th scope=\"col\"  class=\"ninja_column_1 ninja_clmn_nm_value\">Wert<\/th><\/tr>\n<\/thead>\n<tbody>\n\n        <tr data-row_id=\"392\" class=\"ninja_table_row_0 nt_row_id_392\">\n            <td>Formular f\u00fcr das Auszahlungsregal<\/td><td>Passive Spannung<\/td>        <\/tr>\n            <tr data-row_id=\"393\" class=\"ninja_table_row_1 nt_row_id_393\">\n            <td>Anwendbare Rollen<\/td><td>PN1250 \u2013 PN2000 (GB4004-84, DIN46391, 46395)<\/td>        <\/tr>\n            <tr data-row_id=\"394\" class=\"ninja_table_row_2 nt_row_id_394\">\n            <td>Spulendurchmesserbereich<\/td><td>\u03a61250\uff5e\u03a62000mm<\/td>        <\/tr>\n            <tr data-row_id=\"395\" class=\"ninja_table_row_3 nt_row_id_395\">\n            <td>Anwendbare Spulenbreite<\/td><td>750\u20131500 mm<\/td>        <\/tr>\n            <tr data-row_id=\"396\" class=\"ninja_table_row_4 nt_row_id_396\">\n            <td>Anwendbarer Kabeldurchmesser<\/td><td>\u03a63--\u03a680mm (Max)<\/td>        <\/tr>\n            <tr data-row_id=\"397\" class=\"ninja_table_row_5 nt_row_id_397\">\n            <td>Hubmotor<\/td><td>1,5-kW-Wechselstrommotor + Zykloidengetriebe (2 S\u00e4tze)<\/td>        <\/tr>\n            <tr data-row_id=\"398\" class=\"ninja_table_row_6 nt_row_id_398\">\n            <td>Clip-Entlademotor<\/td><td>1,1-kW-Wechselstrommotor + Zykloiden-Windrad-Untersetzungsgetriebe (2 S\u00e4tze)<\/td>        <\/tr>\n            <tr data-row_id=\"399\" class=\"ninja_table_row_7 nt_row_id_399\">\n            <td>Pay-off-Spannung<\/td><td>Mechanische Reibungssattelspannung oder magnetische Pulverbremse zur Steuerung der Spannung; Die Spannung ist einstellbar.<\/td>        <\/tr>\n            <tr data-row_id=\"400\" class=\"ninja_table_row_8 nt_row_id_400\">\n            <td>Tragf\u00e4higkeit<\/td><td>8T (maximal)<\/td>        <\/tr>\n    <\/tbody><!--ninja_tobody_rendering_done-->\n    <\/table>\n    \n    \n    \n<\/div>\n<\/p>\n<div class=\"xiaoshujiang_element xsj_anchor\"><a class=\"blank_anchor_name\" name=\"applications_1\"><\/a><a id=\"applications_1\" class=\"blank_anchor_id\"><\/a><a class=\"blank_anchor_name\" name=\"applications\"><\/a><a id=\"applications\" class=\"blank_anchor_id\"><\/a><\/div>\n<h2 id=\"applications_1\" class=\"xsj_heading_hash xsj_heading xsj_heading_h2\" data-source-line=\"2\" data-source-line-display=\"true\"><span class=\"xsj_heading_content\">Anwendungen:<\/span><\/h2>\n<p class=\"xsj_paragraph xsj_paragraph_level_0\" data-source-line=\"4\" data-source-line-display=\"true\">Die Endwellen-Abwickelmaschine QP1250-2000 ist ideal f\u00fcr verschiedene Anwendungen, einschlie\u00dflich Draht- und Kabelherstellung, Energie\u00fcbertragung, Telekommunikation und Bauwesen. Es ist f\u00fcr Rollen mit Durchmessern von 1250 mm bis 2000 mm ausgelegt und kann Spulenbreiten von 750 mm bis 1500 mm verarbeiten. Dies macht es vielseitig f\u00fcr alle Ihre Anforderungen an die Kabel- und Leitungshandhabung.<\/p>\n<div class=\"xiaoshujiang_element xsj_anchor\"><a class=\"blank_anchor_name\" name=\"faqs_2\"><\/a><a id=\"faqs_2\" class=\"blank_anchor_id\"><\/a><a class=\"blank_anchor_name\" name=\"faqs\"><\/a><a id=\"faqs\" class=\"blank_anchor_id\"><\/a><\/div>\n<h2 id=\"faqs_2\" class=\"xsj_heading_hash xsj_heading xsj_heading_h2\" data-source-line=\"6\" data-source-line-display=\"true\"><span class=\"xsj_heading_content\">FAQs:<\/span><\/h2>\n<div class=\"xiaoshujiang_element xsj_anchor\"><a class=\"blank_anchor_name\" name=\"120what20is20the20maximum20load20capacity20of20qp1250-200020end20shaft20type20payoff20machine_3\"><\/a><a id=\"120what20is20the20maximum20load20capacity20of20qp1250-200020end20shaft20type20payoff20machine_3\" class=\"blank_anchor_id\"><\/a><a class=\"blank_anchor_name\" name=\"1-what-is-the-maximum-load-capacity-of-qp1250-2000-end-shaft-type-payoff-machine\"><\/a><a id=\"1-what-is-the-maximum-load-capacity-of-qp1250-2000-end-shaft-type-payoff-machine\" class=\"blank_anchor_id\"><\/a><\/div>\n<h4 id=\"120what20is20the20maximum20load20capacity20of20qp1250-200020end20shaft20type20payoff20machine_3\" class=\"xsj_heading_hash xsj_heading xsj_heading_h4\" data-source-line=\"8\" data-source-line-display=\"true\"><span class=\"xsj_heading_content\">1. Wie hoch ist die maximale Belastbarkeit der Payoff-Maschine QP1250-2000?<\/span><\/h4>\n<p class=\"xsj_paragraph xsj_paragraph_level_0\" data-source-line=\"10\" data-source-line-display=\"true\">Die Endwellen-Abwickelmaschine QP1250-2000 hat eine maximale Tragf\u00e4higkeit von 8 Tonnen.<\/p>\n<div class=\"xiaoshujiang_element xsj_anchor\"><a class=\"blank_anchor_name\" name=\"220what20is20the20applicable20reel20diameter20range20for20this20machine_4\"><\/a><a id=\"220what20is20the20applicable20reel20diameter20range20for20this20machine_4\" class=\"blank_anchor_id\"><\/a><a class=\"blank_anchor_name\" name=\"2-what-is-the-applicable-reel-diameter-range-for-this-machine\"><\/a><a id=\"2-what-is-the-applicable-reel-diameter-range-for-this-machine\" class=\"blank_anchor_id\"><\/a><\/div>\n<h4 id=\"220what20is20the20applicable20reel20diameter20range20for20this20machine_4\" class=\"xsj_heading_hash xsj_heading xsj_heading_h4\" data-source-line=\"12\" data-source-line-display=\"true\"><span class=\"xsj_heading_content\">2. Welcher Spulendurchmesserbereich gilt f\u00fcr diese Maschine?<\/span><\/h4>\n<p class=\"xsj_paragraph xsj_paragraph_level_0\" data-source-line=\"14\" data-source-line-display=\"true\">Diese Maschine kann Rollendurchmesser von 1250 mm bis 2000 mm verarbeiten.<\/p>\n<div class=\"xiaoshujiang_element xsj_anchor\"><a class=\"blank_anchor_name\" name=\"320what20is20the20applicable20cable20diameter20range20for20this20machine_5\"><\/a><a id=\"320what20is20the20applicable20cable20diameter20range20for20this20machine_5\" class=\"blank_anchor_id\"><\/a><a class=\"blank_anchor_name\" name=\"3-what-is-the-applicable-cable-diameter-range-for-this-machine\"><\/a><a id=\"3-what-is-the-applicable-cable-diameter-range-for-this-machine\" class=\"blank_anchor_id\"><\/a><\/div>\n<h4 id=\"320what20is20the20applicable20cable20diameter20range20for20this20machine_5\" class=\"xsj_heading_hash xsj_heading xsj_heading_h4\" data-source-line=\"16\" data-source-line-display=\"true\"><span class=\"xsj_heading_content\">3. Welcher Kabeldurchmesserbereich gilt f\u00fcr diese Maschine?<\/span><\/h4>\n<p class=\"xsj_paragraph xsj_paragraph_level_0\" data-source-line=\"18\" data-source-line-display=\"true\">Die Maschine QP1250-2000 kann Kabel mit Durchmessern von 3 mm bis 80 mm verarbeiten.<\/p>\n<div class=\"xiaoshujiang_element xsj_anchor\"><a class=\"blank_anchor_name\" name=\"420what20type20of20tension20control20is20available20for20qp1250-200020end20shaft20type20payoff20machine_6\"><\/a><a id=\"420what20type20of20tension20control20is20available20for20qp1250-200020end20shaft20type20payoff20machine_6\" class=\"blank_anchor_id\"><\/a><a class=\"blank_anchor_name\" name=\"4-what-type-of-tension-control-is-available-for-qp1250-2000-end-shaft-type-payoff-machine\"><\/a><a id=\"4-what-type-of-tension-control-is-available-for-qp1250-2000-end-shaft-type-payoff-machine\" class=\"blank_anchor_id\"><\/a><\/div>\n<h4 id=\"420what20type20of20tension20control20is20available20for20qp1250-200020end20shaft20type20payoff20machine_6\" class=\"xsj_heading_hash xsj_heading xsj_heading_h4\" data-source-line=\"20\" data-source-line-display=\"true\"><span class=\"xsj_heading_content\">4. Welche Art der Spannungsregelung ist f\u00fcr die Payoff-Maschine QP1250-2000 verf\u00fcgbar?<\/span><\/h4>\n<p class=\"xsj_paragraph xsj_paragraph_level_0\" data-source-line=\"22\" data-source-line-display=\"true\">Diese Maschine bietet zwei Optionen zur Spannungskontrolle, einschlie\u00dflich mechanischer Reibungssattelspannung und magnetischer Pulverbremse, um einen stabilen und einstellbaren Druck auf Ihre Kabel zu gew\u00e4hrleisten.<\/p>\n<div class=\"xiaoshujiang_element xsj_anchor\"><a class=\"blank_anchor_name\" name=\"520is20the20qp1250-200020end20shaft20type20payoff20machine20suitable20for20different20reel20specifications_7\"><\/a><a id=\"520is20the20qp1250-200020end20shaft20type20payoff20machine20suitable20for20different20reel20specifications_7\" class=\"blank_anchor_id\"><\/a><a class=\"blank_anchor_name\" name=\"5-is-the-qp1250-2000-end-shaft-type-payoff-machine-suitable-for-different-reel-specifications\"><\/a><a id=\"5-is-the-qp1250-2000-end-shaft-type-payoff-machine-suitable-for-different-reel-specifications\" class=\"blank_anchor_id\"><\/a><\/div>\n<h4 id=\"520is20the20qp1250-200020end20shaft20type20payoff20machine20suitable20for20different20reel20specifications_7\" class=\"xsj_heading_hash xsj_heading xsj_heading_h4\" data-source-line=\"24\" data-source-line-display=\"true\"><span class=\"xsj_heading_content\">5. Ist die Abwickelmaschine QP1250-2000 f\u00fcr verschiedene Rollenspezifikationen geeignet?<\/span><\/h4>\n<p class=\"xsj_paragraph xsj_paragraph_level_0\" data-source-line=\"26\" data-source-line-display=\"true\">Ja, diese Maschine verf\u00fcgt \u00fcber eine doppelte Schutzvorrichtung, die die Verwendung verschiedener Spezifikationen von Oberh\u00fclsen f\u00fcr verschiedene Rollengr\u00f6\u00dfen erm\u00f6glicht.<\/p>","protected":false},"excerpt":{"rendered":"<h2 id=\"features_1\" class=\"xsj_heading_hash xsj_heading xsj_heading_h2\" data-source-line=\"2\" data-source-line-display=\"true\"><span class=\"xsj_heading_content\">Merkmale:<\/span><\/h2>\n<ol class=\"markdown_ol\" data-source-line=\"4\">\n<li data-source-line=\"4\">Die Abwickelmaschine QP1250-2000 mit Endwelle verf\u00fcgt \u00fcber einen stabilen Rahmen, eine Geschwindigkeitsmaschine und eine doppelte Schutzvorrichtung f\u00fcr maximale Sicherheit und Effizienz.<\/li>\n<li data-source-line=\"5\">Die Endschaftstruktur wird durch Biegen und Schwei\u00dfen des Rahmens hergestellt, was sie langlebig und zuverl\u00e4ssig macht.<\/li>\n<li data-source-line=\"6\">Die Geschwindigkeitsmaschine treibt die Schraubenmutter an, sodass jeder obere Sitz einzeln oder gleichzeitig angehoben oder abgesenkt werden kann, was flexible L\u00f6sungen f\u00fcr verschiedene Rollengr\u00f6\u00dfen bietet.<\/li>\n<li data-source-line=\"7\">Diese Maschine integriert mechanische und elektrische Ger\u00e4te f\u00fcr maximale Sicherheit im Gebrauch.<\/li>\n<\/ol>","protected":false},"featured_media":26361,"template":"","meta":{"site-sidebar-layout":"default","site-content-layout":"default","ast-global-header-display":"","ast-banner-title-visibility":"","ast-main-header-display":"","ast-hfb-above-header-display":"","ast-hfb-below-header-display":"","ast-hfb-mobile-header-display":"","site-post-title":"","ast-breadcrumbs-content":"","ast-featured-img":"","footer-sml-layout":"","theme-transparent-header-meta":"default","adv-header-id-meta":"","stick-header-meta":"","header-above-stick-meta":"","header-main-stick-meta":"","header-below-stick-meta":""},"product_brand":[],"product_cat":[48,134],"product_tag":[],"class_list":{"0":"post-26358","1":"product","2":"type-product","3":"status-publish","4":"has-post-thumbnail","6":"product_cat-wire-payoff-machine","7":"product_cat-end-shaft-unwinder-machine","8":"desktop-align-left","9":"tablet-align-left","10":"mobile-align-left","12":"first","13":"instock","14":"shipping-taxable","15":"product-type-simple"},"yoast_head":"<!-- This site is optimized with the Yoast SEO Premium plugin v20.12 (Yoast SEO v26.0) - https:\/\/yoast.com\/wordpress\/plugins\/seo\/ -->\n<title>QP1250-2000 End Shaft Type Payoff Machine - QiPang<\/title>\n<meta name=\"description\" content=\"Efficiently handle heavy-duty reels of cables and wires with the QP1250-2000 End Shaft Payoff Machine. Upgrade your wire handling today!\" \/>\n<meta name=\"robots\" content=\"index, follow, max-snippet:-1, max-image-preview:large, max-video-preview:-1\" \/>\n<link rel=\"canonical\" href=\"https:\/\/rollingringdrives.com\/de\/produkt\/qp1250-2000-end-shaft-type-payoff-machine\/\" \/>\n<meta property=\"og:locale\" content=\"de_DE\" \/>\n<meta property=\"og:type\" content=\"article\" \/>\n<meta property=\"og:title\" content=\"QP1250-2000 End Shaft Type Payoff Machine\" \/>\n<meta property=\"og:description\" content=\"Efficiently handle heavy-duty reels of cables and wires with the QP1250-2000 End Shaft Payoff Machine. Upgrade your wire handling today!\" \/>\n<meta property=\"og:url\" content=\"https:\/\/rollingringdrives.com\/de\/produkt\/qp1250-2000-end-shaft-type-payoff-machine\/\" \/>\n<meta property=\"og:site_name\" content=\"QiPang\" \/>\n<meta property=\"article:modified_time\" content=\"2025-07-07T07:39:25+00:00\" \/>\n<meta property=\"og:image\" content=\"https:\/\/rollingringdrives.com\/wp-content\/uploads\/2023\/05\/2-31.jpg\" \/>\n\t<meta property=\"og:image:width\" content=\"600\" \/>\n\t<meta property=\"og:image:height\" content=\"600\" \/>\n\t<meta property=\"og:image:type\" content=\"image\/jpeg\" \/>\n<meta name=\"twitter:card\" content=\"summary_large_image\" \/>\n<meta name=\"twitter:label1\" content=\"Gesch\u00e4tzte Lesezeit\" \/>\n\t<meta name=\"twitter:data1\" content=\"2\u00a0Minuten\" \/>\n<script type=\"application\/ld+json\" class=\"yoast-schema-graph\">{\"@context\":\"https:\/\/schema.org\",\"@graph\":[{\"@type\":\"WebPage\",\"@id\":\"https:\/\/rollingringdrives.com\/product\/qp1250-2000-end-shaft-type-payoff-machine\/\",\"url\":\"https:\/\/rollingringdrives.com\/product\/qp1250-2000-end-shaft-type-payoff-machine\/\",\"name\":\"QP1250-2000 End Shaft Type Payoff Machine - QiPang\",\"isPartOf\":{\"@id\":\"https:\/\/rollingringdrives.com\/#website\"},\"primaryImageOfPage\":{\"@id\":\"https:\/\/rollingringdrives.com\/product\/qp1250-2000-end-shaft-type-payoff-machine\/#primaryimage\"},\"image\":{\"@id\":\"https:\/\/rollingringdrives.com\/product\/qp1250-2000-end-shaft-type-payoff-machine\/#primaryimage\"},\"thumbnailUrl\":\"https:\/\/rollingringdrives.com\/wp-content\/uploads\/2023\/05\/2-31.jpg\",\"datePublished\":\"2023-05-24T02:56:45+00:00\",\"dateModified\":\"2025-07-07T07:39:25+00:00\",\"description\":\"Efficiently handle heavy-duty reels of cables and wires with the QP1250-2000 End Shaft Payoff Machine. Upgrade your wire handling today!\",\"breadcrumb\":{\"@id\":\"https:\/\/rollingringdrives.com\/product\/qp1250-2000-end-shaft-type-payoff-machine\/#breadcrumb\"},\"inLanguage\":\"de\",\"potentialAction\":[{\"@type\":\"ReadAction\",\"target\":[\"https:\/\/rollingringdrives.com\/product\/qp1250-2000-end-shaft-type-payoff-machine\/\"]}]},{\"@type\":\"ImageObject\",\"inLanguage\":\"de\",\"@id\":\"https:\/\/rollingringdrives.com\/product\/qp1250-2000-end-shaft-type-payoff-machine\/#primaryimage\",\"url\":\"https:\/\/rollingringdrives.com\/wp-content\/uploads\/2023\/05\/2-31.jpg\",\"contentUrl\":\"https:\/\/rollingringdrives.com\/wp-content\/uploads\/2023\/05\/2-31.jpg\",\"width\":600,\"height\":600,\"caption\":\"QP1250-2000 End Shaft Type Payoff Machine\"},{\"@type\":\"BreadcrumbList\",\"@id\":\"https:\/\/rollingringdrives.com\/product\/qp1250-2000-end-shaft-type-payoff-machine\/#breadcrumb\",\"itemListElement\":[{\"@type\":\"ListItem\",\"position\":1,\"name\":\"Home\",\"item\":\"https:\/\/rollingringdrives.com\/\"},{\"@type\":\"ListItem\",\"position\":2,\"name\":\"Machines\",\"item\":\"https:\/\/rollingringdrives.com\/machines\/\"},{\"@type\":\"ListItem\",\"position\":3,\"name\":\"QP1250-2000 End Shaft Type Payoff Machine\"}]},{\"@type\":\"WebSite\",\"@id\":\"https:\/\/rollingringdrives.com\/#website\",\"url\":\"https:\/\/rollingringdrives.com\/\",\"name\":\"QiPang\",\"description\":\"QiPang Blog\",\"publisher\":{\"@id\":\"https:\/\/rollingringdrives.com\/#organization\"},\"potentialAction\":[{\"@type\":\"SearchAction\",\"target\":{\"@type\":\"EntryPoint\",\"urlTemplate\":\"https:\/\/rollingringdrives.com\/?s={search_term_string}\"},\"query-input\":{\"@type\":\"PropertyValueSpecification\",\"valueRequired\":true,\"valueName\":\"search_term_string\"}}],\"inLanguage\":\"de\"},{\"@type\":\"Organization\",\"@id\":\"https:\/\/rollingringdrives.com\/#organization\",\"name\":\"QiPang\",\"url\":\"https:\/\/rollingringdrives.com\/\",\"logo\":{\"@type\":\"ImageObject\",\"inLanguage\":\"de\",\"@id\":\"https:\/\/rollingringdrives.com\/#\/schema\/logo\/image\/\",\"url\":\"https:\/\/rollingringdrives.com\/wp-content\/uploads\/2023\/05\/cropped-\u672a\u547d\u540d\u7684\u8bbe\u8ba1.png\",\"contentUrl\":\"https:\/\/rollingringdrives.com\/wp-content\/uploads\/2023\/05\/cropped-\u672a\u547d\u540d\u7684\u8bbe\u8ba1.png\",\"width\":300,\"height\":191,\"caption\":\"QiPang\"},\"image\":{\"@id\":\"https:\/\/rollingringdrives.com\/#\/schema\/logo\/image\/\"}}]}<\/script>\n<!-- \/ Yoast SEO Premium plugin. -->","yoast_head_json":{"title":"QP1250-2000 Abwickelmaschine mit Endwelle \u2013 QiPang","description":"Behandeln Sie schwere Kabel- und Leitungsrollen effizient mit der Endwellen-Abrollmaschine QP1250-2000. R\u00fcsten Sie Ihr Kabelhandling noch heute auf!","robots":{"index":"index","follow":"follow","max-snippet":"max-snippet:-1","max-image-preview":"max-image-preview:large","max-video-preview":"max-video-preview:-1"},"canonical":"https:\/\/rollingringdrives.com\/de\/produkt\/qp1250-2000-end-shaft-type-payoff-machine\/","og_locale":"de_DE","og_type":"article","og_title":"QP1250-2000 End Shaft Type Payoff Machine","og_description":"Efficiently handle heavy-duty reels of cables and wires with the QP1250-2000 End Shaft Payoff Machine. Upgrade your wire handling today!","og_url":"https:\/\/rollingringdrives.com\/de\/produkt\/qp1250-2000-end-shaft-type-payoff-machine\/","og_site_name":"QiPang","article_modified_time":"2025-07-07T07:39:25+00:00","og_image":[{"width":600,"height":600,"url":"https:\/\/rollingringdrives.com\/wp-content\/uploads\/2023\/05\/2-31.jpg","type":"image\/jpeg"}],"twitter_card":"summary_large_image","twitter_misc":{"Gesch\u00e4tzte Lesezeit":"2\u00a0Minuten"},"schema":{"@context":"https:\/\/schema.org","@graph":[{"@type":"WebPage","@id":"https:\/\/rollingringdrives.com\/product\/qp1250-2000-end-shaft-type-payoff-machine\/","url":"https:\/\/rollingringdrives.com\/product\/qp1250-2000-end-shaft-type-payoff-machine\/","name":"QP1250-2000 Abwickelmaschine mit Endwelle \u2013 QiPang","isPartOf":{"@id":"https:\/\/rollingringdrives.com\/#website"},"primaryImageOfPage":{"@id":"https:\/\/rollingringdrives.com\/product\/qp1250-2000-end-shaft-type-payoff-machine\/#primaryimage"},"image":{"@id":"https:\/\/rollingringdrives.com\/product\/qp1250-2000-end-shaft-type-payoff-machine\/#primaryimage"},"thumbnailUrl":"https:\/\/rollingringdrives.com\/wp-content\/uploads\/2023\/05\/2-31.jpg","datePublished":"2023-05-24T02:56:45+00:00","dateModified":"2025-07-07T07:39:25+00:00","description":"Behandeln Sie schwere Kabel- und Leitungsrollen effizient mit der Endwellen-Abrollmaschine QP1250-2000. R\u00fcsten Sie Ihr Kabelhandling noch heute auf!","breadcrumb":{"@id":"https:\/\/rollingringdrives.com\/product\/qp1250-2000-end-shaft-type-payoff-machine\/#breadcrumb"},"inLanguage":"de","potentialAction":[{"@type":"ReadAction","target":["https:\/\/rollingringdrives.com\/product\/qp1250-2000-end-shaft-type-payoff-machine\/"]}]},{"@type":"ImageObject","inLanguage":"de","@id":"https:\/\/rollingringdrives.com\/product\/qp1250-2000-end-shaft-type-payoff-machine\/#primaryimage","url":"https:\/\/rollingringdrives.com\/wp-content\/uploads\/2023\/05\/2-31.jpg","contentUrl":"https:\/\/rollingringdrives.com\/wp-content\/uploads\/2023\/05\/2-31.jpg","width":600,"height":600,"caption":"QP1250-2000 End Shaft Type Payoff Machine"},{"@type":"BreadcrumbList","@id":"https:\/\/rollingringdrives.com\/product\/qp1250-2000-end-shaft-type-payoff-machine\/#breadcrumb","itemListElement":[{"@type":"ListItem","position":1,"name":"Home","item":"https:\/\/rollingringdrives.com\/"},{"@type":"ListItem","position":2,"name":"Machines","item":"https:\/\/rollingringdrives.com\/machines\/"},{"@type":"ListItem","position":3,"name":"QP1250-2000 End Shaft Type Payoff Machine"}]},{"@type":"WebSite","@id":"https:\/\/rollingringdrives.com\/#website","url":"https:\/\/rollingringdrives.com\/","name":"QiPang","description":"QiPang-Blog","publisher":{"@id":"https:\/\/rollingringdrives.com\/#organization"},"potentialAction":[{"@type":"SearchAction","target":{"@type":"EntryPoint","urlTemplate":"https:\/\/rollingringdrives.com\/?s={search_term_string}"},"query-input":{"@type":"PropertyValueSpecification","valueRequired":true,"valueName":"search_term_string"}}],"inLanguage":"de"},{"@type":"Organization","@id":"https:\/\/rollingringdrives.com\/#organization","name":"QiPang","url":"https:\/\/rollingringdrives.com\/","logo":{"@type":"ImageObject","inLanguage":"de","@id":"https:\/\/rollingringdrives.com\/#\/schema\/logo\/image\/","url":"https:\/\/rollingringdrives.com\/wp-content\/uploads\/2023\/05\/cropped-\u672a\u547d\u540d\u7684\u8bbe\u8ba1.png","contentUrl":"https:\/\/rollingringdrives.com\/wp-content\/uploads\/2023\/05\/cropped-\u672a\u547d\u540d\u7684\u8bbe\u8ba1.png","width":300,"height":191,"caption":"QiPang"},"image":{"@id":"https:\/\/rollingringdrives.com\/#\/schema\/logo\/image\/"}}]}},"_links":{"self":[{"href":"https:\/\/rollingringdrives.com\/de\/wp-json\/wp\/v2\/product\/26358","targetHints":{"allow":["GET"]}}],"collection":[{"href":"https:\/\/rollingringdrives.com\/de\/wp-json\/wp\/v2\/product"}],"about":[{"href":"https:\/\/rollingringdrives.com\/de\/wp-json\/wp\/v2\/types\/product"}],"version-history":[{"count":0,"href":"https:\/\/rollingringdrives.com\/de\/wp-json\/wp\/v2\/product\/26358\/revisions"}],"wp:featuredmedia":[{"embeddable":true,"href":"https:\/\/rollingringdrives.com\/de\/wp-json\/wp\/v2\/media\/26361"}],"wp:attachment":[{"href":"https:\/\/rollingringdrives.com\/de\/wp-json\/wp\/v2\/media?parent=26358"}],"wp:term":[{"taxonomy":"product_brand","embeddable":true,"href":"https:\/\/rollingringdrives.com\/de\/wp-json\/wp\/v2\/product_brand?post=26358"},{"taxonomy":"product_cat","embeddable":true,"href":"https:\/\/rollingringdrives.com\/de\/wp-json\/wp\/v2\/product_cat?post=26358"},{"taxonomy":"product_tag","embeddable":true,"href":"https:\/\/rollingringdrives.com\/de\/wp-json\/wp\/v2\/product_tag?post=26358"}],"curies":[{"name":"wp","href":"https:\/\/api.w.org\/{rel}","templated":true}]}}