{"id":26424,"date":"2023-05-24T08:35:49","date_gmt":"2023-05-24T08:35:49","guid":{"rendered":"https:\/\/rollingringdrives.com\/?post_type=product&#038;p=26424"},"modified":"2026-01-17T01:52:38","modified_gmt":"2026-01-17T01:52:38","slug":"500-horizontal-winding-machine-for-coil-diameter-pn200-pn500","status":"publish","type":"product","link":"https:\/\/rollingringdrives.com\/de\/produkt\/500-horizontale-wickelmaschine-fur-spulendurchmesser-pn200-pn500\/","title":{"rendered":"Qp500 Horizontale Drahtspulmaschine mit Traverseneinheit"},"content":{"rendered":"<p class=\"xsj_paragraph xsj_paragraph_level_0\" data-source-line=\"0\" data-source-line-display=\"true\">Der <strong>500 Draht-Spulmaschine<\/strong>\u00a0ist speziell f\u00fcr das Wickeln von Spulen mit einem Durchmesserbereich von entwickelt <strong>PN200-PN500<\/strong>. Mit einem Spulenbreitenbereich von 100\u2013375 mm und einer Spulen\u00f6ffnung von \u03a680 mm bietet diese Maschine Pr\u00e4zision und effizientes Wickeln. Ausgestattet mit einer manuellen\/Zylinderklemmoption f\u00fcr den Oberwellenmodus gew\u00e4hrleistet es ein einfaches und sicheres Spulenklemmen w\u00e4hrend des Wickelns. Die Kabelanordnung dieser Maschine besteht aus einer pr\u00e4zisionspolierten Stange, die einstellbaren Reihenabstand und -breite bietet. Das Ger\u00e4t ist au\u00dferdem mit einem Nanjing Huatiao-Motor mit einer Leistung von 2,2 kW-6 ausgestattet, der ein stabiles und effizientes Wickelerlebnis bietet.<\/p>\n<p data-source-line=\"0\" data-source-line-display=\"true\"><div id=\"footable_parent_26426\"\n         class=\"footable_parent ninja_table_wrapper loading_ninja_table wp_table_data_press_parent semantic_ui\">\n                <table data-ninja_table_instance=\"ninja_table_instance_0\" data-footable_id=\"26426\" data-filter-delay=\"1000\" aria-label=\"4\u65b0\u5efa3 XL2dSX \u5de5\u4f5c\u8868 (2).csv\"            id=\"footable_26426\"\n           data-unique_identifier=\"ninja_table_unique_id_176940257_26426\"\n           class=\"foo-table ninja_footable foo_table_26426 ninja_table_unique_id_176940257_26426 ui table  nt_type_legacy_table selectable striped vertical_centered  footable-paging-right ninja_table_search_disabled ninja_table_pro\">\n                <colgroup>\n                            <col class=\"ninja_column_0\">\n                            <col class=\"ninja_column_1\">\n                    <\/colgroup>\n        <thead>\n<tr class=\"footable-header\">\n                                        <th scope=\"col\"  class=\"ninja_column_0 ninja_clmn_nm_parameter\">Parameter<\/th><th scope=\"col\"  class=\"ninja_column_1 ninja_clmn_nm_value\">Wert<\/th><\/tr>\n<\/thead>\n<tbody>\n\n        <tr data-row_id=\"474\" class=\"ninja_table_row_0 nt_row_id_474\">\n            <td>Anwendbarer Spulendurchmesser<\/td><td>PN200-PN500<\/td>        <\/tr>\n            <tr data-row_id=\"475\" class=\"ninja_table_row_1 nt_row_id_475\">\n            <td>Spulenbreite<\/td><td>100\u2013375 mm<\/td>        <\/tr>\n            <tr data-row_id=\"476\" class=\"ninja_table_row_2 nt_row_id_476\">\n            <td>Spulen\u00f6ffnung<\/td><td>\u03a680mm<\/td>        <\/tr>\n            <tr data-row_id=\"477\" class=\"ninja_table_row_3 nt_row_id_477\">\n            <td>Anwendbare Liniengeschwindigkeit<\/td><td>200-500 U\/min<\/td>        <\/tr>\n            <tr data-row_id=\"478\" class=\"ninja_table_row_4 nt_row_id_478\">\n            <td>Oberwellenmodus<\/td><td>Manuelle Klemmung\/Zylinderklemmung (w\u00e4hlbar)<\/td>        <\/tr>\n            <tr data-row_id=\"479\" class=\"ninja_table_row_5 nt_row_id_479\">\n            <td>Drahtrollenlift<\/td><td>0,75 kW elektrischer Spindelhub (keine Standardkonfiguration)<\/td>        <\/tr>\n            <tr data-row_id=\"480\" class=\"ninja_table_row_6 nt_row_id_480\">\n            <td>Kabelanordnung<\/td><td>\u03a620 pr\u00e4zise polierte Stabkabelanordnung, einstellbarer Reihenabstand und -breite<\/td>        <\/tr>\n            <tr data-row_id=\"481\" class=\"ninja_table_row_7 nt_row_id_481\">\n            <td>Motorleistung<\/td><td>2,2KW-6 Motor + Frequenzumrichter<\/td>        <\/tr>\n            <tr data-row_id=\"482\" class=\"ninja_table_row_8 nt_row_id_482\">\n            <td>Motor<\/td><td>Nanjing Huatiao<\/td>        <\/tr>\n            <tr data-row_id=\"483\" class=\"ninja_table_row_9 nt_row_id_483\">\n            <td>Aufnahmetyp<\/td><td>Fahrgestelltyp (f\u00fcr Stabilit\u00e4t)<\/td>        <\/tr>\n    <\/tbody><!--ninja_tobody_rendering_done-->\n    <\/table>\n    \n    \n    \n<\/div>\n<\/p>\n<div class=\"xiaoshujiang_element xsj_anchor\"><a class=\"blank_anchor_name\" name=\"applications_1\"><\/a><a id=\"applications_1\" class=\"blank_anchor_id\"><\/a><a class=\"blank_anchor_name\" name=\"applications\"><\/a><a id=\"applications\" class=\"blank_anchor_id\"><\/a><\/div>\n<h2 id=\"applications_1\" class=\"xsj_heading_hash xsj_heading xsj_heading_h2\" data-source-line=\"2\" data-source-line-display=\"true\"><span class=\"xsj_heading_content\">Anwendungen:<\/span><\/h2>\n<p class=\"xsj_paragraph xsj_paragraph_level_0\" data-source-line=\"4\" data-source-line-display=\"true\">Die horizontale Wickelmaschine 500 f\u00fcr Spulendurchmesser PN200-PN500 bietet eine Vielzahl von Anwendungen in verschiedenen Branchen. Es wird \u00fcblicherweise zur Herstellung von Transformatoren, Motoren und \u00e4hnlichen Spulen im Durchmesserbereich verwendet. Aufgrund der anpassbaren Kabelanordnung kann eine pr\u00e4zise Wicklung erreicht werden, wodurch es f\u00fcr High-End-Anwendungen geeignet ist.<\/p>\n<div class=\"xiaoshujiang_element xsj_anchor\"><a class=\"blank_anchor_name\" name=\"faqs_2\"><\/a><a id=\"faqs_2\" class=\"blank_anchor_id\"><\/a><a class=\"blank_anchor_name\" name=\"faqs\"><\/a><a id=\"faqs\" class=\"blank_anchor_id\"><\/a><\/div>\n<h2 id=\"faqs_2\" class=\"xsj_heading_hash xsj_heading xsj_heading_h2\" data-source-line=\"6\" data-source-line-display=\"true\"><span class=\"xsj_heading_content\">FAQs:<\/span><\/h2>\n<div class=\"xiaoshujiang_element xsj_anchor\"><a class=\"blank_anchor_name\" name=\"q20what20is20the20maximum20coil20diameter20that20can20be20wound20on20this20machine_3\"><\/a><a id=\"q20what20is20the20maximum20coil20diameter20that20can20be20wound20on20this20machine_3\" class=\"blank_anchor_id\"><\/a><a class=\"blank_anchor_name\" name=\"q-what-is-the-maximum-coil-diameter-that-can-be-wound-on-this-machine\"><\/a><a id=\"q-what-is-the-maximum-coil-diameter-that-can-be-wound-on-this-machine\" class=\"blank_anchor_id\"><\/a><\/div>\n<h4 id=\"q20what20is20the20maximum20coil20diameter20that20can20be20wound20on20this20machine_3\" class=\"xsj_heading_hash xsj_heading xsj_heading_h4\" data-source-line=\"8\" data-source-line-display=\"true\"><span class=\"xsj_heading_content\">F: Wie gro\u00df ist der maximale Spulendurchmesser bei dieser Maschine?<\/span><\/h4>\n<p class=\"xsj_paragraph xsj_paragraph_level_0\" data-source-line=\"10\" data-source-line-display=\"true\">A: Die Horizontalwickelmaschine 500 kann Spulendurchmesser von PN200 bis PN500 aufnehmen.<\/p>\n<div class=\"xiaoshujiang_element xsj_anchor\"><a class=\"blank_anchor_name\" name=\"q20how20fast20is20the20machinee28099s20line20speed_4\"><\/a><a id=\"q20how20fast20is20the20machinee28099s20line20speed_4\" class=\"blank_anchor_id\"><\/a><a class=\"blank_anchor_name\" name=\"q-how-fast-is-the-machines-line-speed\"><\/a><a id=\"q-how-fast-is-the-machines-line-speed\" class=\"blank_anchor_id\"><\/a><\/div>\n<h4 id=\"q20how20fast20is20the20machinee28099s20line20speed_4\" class=\"xsj_heading_hash xsj_heading xsj_heading_h4\" data-source-line=\"12\" data-source-line-display=\"true\"><span class=\"xsj_heading_content\">F: Wie hoch ist die Liniengeschwindigkeit der Maschine?<\/span><\/h4>\n<p class=\"xsj_paragraph xsj_paragraph_level_0\" data-source-line=\"14\" data-source-line-display=\"true\">A: Die Liniengeschwindigkeit der Maschine liegt zwischen 200 und 500 U\/min, was sie \u00e4u\u00dferst effizient macht.<\/p>\n<div class=\"xiaoshujiang_element xsj_anchor\"><a class=\"blank_anchor_name\" name=\"q20does20the20machine20come20with20a20motor_5\"><\/a><a id=\"q20does20the20machine20come20with20a20motor_5\" class=\"blank_anchor_id\"><\/a><a class=\"blank_anchor_name\" name=\"q-does-the-machine-come-with-a-motor\"><\/a><a id=\"q-does-the-machine-come-with-a-motor\" class=\"blank_anchor_id\"><\/a><\/div>\n<h4 id=\"q20does20the20machine20come20with20a20motor_5\" class=\"xsj_heading_hash xsj_heading xsj_heading_h4\" data-source-line=\"16\" data-source-line-display=\"true\"><span class=\"xsj_heading_content\">F: Ist die Maschine mit einem Motor ausgestattet?<\/span><\/h4>\n<p class=\"xsj_paragraph xsj_paragraph_level_0\" data-source-line=\"18\" data-source-line-display=\"true\">A: Ja, die 500 Horizontalwickelmaschine verf\u00fcgt \u00fcber einen Nanjing Huatiao-Motor mit einer Leistung von 2,2 kW-6.<\/p>\n<div class=\"xiaoshujiang_element xsj_anchor\"><a class=\"blank_anchor_name\" name=\"q20what20is20the20cable20arrangement20made20of_6\"><\/a><a id=\"q20what20is20the20cable20arrangement20made20of_6\" class=\"blank_anchor_id\"><\/a><a class=\"blank_anchor_name\" name=\"q-what-is-the-cable-arrangement-made-of\"><\/a><a id=\"q-what-is-the-cable-arrangement-made-of\" class=\"blank_anchor_id\"><\/a><\/div>\n<h4 id=\"q20what20is20the20cable20arrangement20made20of_6\" class=\"xsj_heading_hash xsj_heading xsj_heading_h4\" data-source-line=\"20\" data-source-line-display=\"true\"><span class=\"xsj_heading_content\">F: Woraus besteht die Kabelanordnung?<\/span><\/h4>\n<p class=\"xsj_paragraph xsj_paragraph_level_0\" data-source-line=\"22\" data-source-line-display=\"true\">A: Die Kabelanordnung besteht aus einem pr\u00e4zisionspolierten Stab, der einen einstellbaren Reihenabstand und eine einstellbare Breite bietet.<\/p>\n<div class=\"xiaoshujiang_element xsj_anchor\"><a class=\"blank_anchor_name\" name=\"q20can20the20top20shaft20mode20be20changed_7\"><\/a><a id=\"q20can20the20top20shaft20mode20be20changed_7\" class=\"blank_anchor_id\"><\/a><a class=\"blank_anchor_name\" name=\"q-can-the-top-shaft-mode-be-changed\"><\/a><a id=\"q-can-the-top-shaft-mode-be-changed\" class=\"blank_anchor_id\"><\/a><\/div>\n<h4 id=\"q20can20the20top20shaft20mode20be20changed_7\" class=\"xsj_heading_hash xsj_heading xsj_heading_h4\" data-source-line=\"24\" data-source-line-display=\"true\"><span class=\"xsj_heading_content\">F: Kann der Oberwellenmodus ge\u00e4ndert werden?<\/span><\/h4>\n<p class=\"xsj_paragraph xsj_paragraph_level_0\" data-source-line=\"26\" data-source-line-display=\"true\">A: Ja, der Oberwellenmodus verf\u00fcgt \u00fcber eine manuelle\/Zylinderklemmoption, die je nach Ihren Vorlieben ausgew\u00e4hlt werden kann.<\/p>","protected":false},"excerpt":{"rendered":"<h2 id=\"features_1\" class=\"xsj_heading_hash xsj_heading xsj_heading_h2\" data-source-line=\"2\" data-source-line-display=\"true\"><span class=\"xsj_heading_content\">Merkmale:<\/span><\/h2>\n<ol class=\"markdown_ol\" data-source-line=\"4\">\n<li data-source-line=\"4\">Die Maschine eignet sich zum Wickeln von Spulen im Durchmesserbereich PN200\u2013PN500 und ist somit vielseitig einsetzbar.<\/li>\n<li data-source-line=\"5\">Durch die flexible Kabelanordnung k\u00f6nnen Sie den Reihenabstand und die Breite steuern, um die Wickelergebnisse ganz nach Ihren W\u00fcnschen anzupassen.<\/li>\n<li data-source-line=\"6\">Mit einem Vollschaftmodus mit manueller\/Zylinderklemmung k\u00f6nnen Sie die Sicherheit und Stabilit\u00e4t erh\u00f6hen.<\/li>\n<li data-source-line=\"7\">Die horizontale Wickelmaschine 500 verf\u00fcgt \u00fcber eine schnelle Liniengeschwindigkeit von 200\u2013500 U\/min und ist damit effizient und zeitsparend.<\/li>\n<li data-source-line=\"8\">Die robuste Fahrgestellkonstruktion mit elektrischem Spindelhub sorgt daf\u00fcr, dass die Maschine w\u00e4hrend des gesamten Wickelvorgangs stabil bleibt.<\/li>\n<\/ol>","protected":false},"featured_media":32861,"template":"","meta":{"site-sidebar-layout":"default","site-content-layout":"default","ast-global-header-display":"","ast-banner-title-visibility":"","ast-main-header-display":"","ast-hfb-above-header-display":"","ast-hfb-below-header-display":"","ast-hfb-mobile-header-display":"","site-post-title":"","ast-breadcrumbs-content":"","ast-featured-img":"","footer-sml-layout":"","theme-transparent-header-meta":"default","adv-header-id-meta":"","stick-header-meta":"","header-above-stick-meta":"","header-main-stick-meta":"","header-below-stick-meta":""},"product_brand":[],"product_cat":[51,151],"product_tag":[],"class_list":{"0":"post-26424","1":"product","2":"type-product","3":"status-publish","4":"has-post-thumbnail","6":"product_cat-wire-take-up-machine","7":"product_cat-shaftless-cable-take-up-machine","8":"desktop-align-left","9":"tablet-align-left","10":"mobile-align-left","12":"first","13":"instock","14":"shipping-taxable","15":"product-type-simple"},"yoast_head":"<!-- This site is optimized with the Yoast SEO Premium plugin v20.12 (Yoast SEO v26.0) - https:\/\/yoast.com\/wordpress\/plugins\/seo\/ -->\n<title>Qp500 Horizontal Wire Spooling Machine With Traverse Unit - QiPang<\/title>\n<meta name=\"description\" content=\"Experience precision and efficient winding with the 500 Horizontal Winding Machine. Order now for safe coil clamping and adjustable cable arrangement!\" \/>\n<meta name=\"robots\" content=\"index, follow, max-snippet:-1, max-image-preview:large, max-video-preview:-1\" \/>\n<link rel=\"canonical\" href=\"https:\/\/rollingringdrives.com\/de\/produkt\/500-horizontale-wickelmaschine-fur-spulendurchmesser-pn200-pn500\/\" \/>\n<meta property=\"og:locale\" content=\"de_DE\" \/>\n<meta property=\"og:type\" content=\"article\" \/>\n<meta property=\"og:title\" content=\"Qp500 Horizontal Wire Spooling Machine With Traverse Unit\" \/>\n<meta property=\"og:description\" content=\"Experience precision and efficient winding with the 500 Horizontal Winding Machine. Order now for safe coil clamping and adjustable cable arrangement!\" \/>\n<meta property=\"og:url\" content=\"https:\/\/rollingringdrives.com\/de\/produkt\/500-horizontale-wickelmaschine-fur-spulendurchmesser-pn200-pn500\/\" \/>\n<meta property=\"og:site_name\" content=\"QiPang\" \/>\n<meta property=\"article:modified_time\" content=\"2026-01-17T01:52:38+00:00\" \/>\n<meta name=\"twitter:card\" content=\"summary_large_image\" \/>\n<meta name=\"twitter:label1\" content=\"Gesch\u00e4tzte Lesezeit\" \/>\n\t<meta name=\"twitter:data1\" content=\"2\u00a0Minuten\" \/>\n<script type=\"application\/ld+json\" class=\"yoast-schema-graph\">{\"@context\":\"https:\/\/schema.org\",\"@graph\":[{\"@type\":\"WebPage\",\"@id\":\"https:\/\/rollingringdrives.com\/product\/500-horizontal-winding-machine-for-coil-diameter-pn200-pn500\/\",\"url\":\"https:\/\/rollingringdrives.com\/product\/500-horizontal-winding-machine-for-coil-diameter-pn200-pn500\/\",\"name\":\"Qp500 Horizontal Wire Spooling Machine With Traverse Unit - QiPang\",\"isPartOf\":{\"@id\":\"https:\/\/rollingringdrives.com\/#website\"},\"primaryImageOfPage\":{\"@id\":\"https:\/\/rollingringdrives.com\/product\/500-horizontal-winding-machine-for-coil-diameter-pn200-pn500\/#primaryimage\"},\"image\":{\"@id\":\"https:\/\/rollingringdrives.com\/product\/500-horizontal-winding-machine-for-coil-diameter-pn200-pn500\/#primaryimage\"},\"thumbnailUrl\":\"https:\/\/rollingringdrives.com\/wp-content\/uploads\/2023\/05\/1.avif\",\"datePublished\":\"2023-05-24T08:35:49+00:00\",\"dateModified\":\"2026-01-17T01:52:38+00:00\",\"description\":\"Experience precision and efficient winding with the 500 Horizontal Winding Machine. Order now for safe coil clamping and adjustable cable arrangement!\",\"breadcrumb\":{\"@id\":\"https:\/\/rollingringdrives.com\/product\/500-horizontal-winding-machine-for-coil-diameter-pn200-pn500\/#breadcrumb\"},\"inLanguage\":\"de\",\"potentialAction\":[{\"@type\":\"ReadAction\",\"target\":[\"https:\/\/rollingringdrives.com\/product\/500-horizontal-winding-machine-for-coil-diameter-pn200-pn500\/\"]}]},{\"@type\":\"ImageObject\",\"inLanguage\":\"de\",\"@id\":\"https:\/\/rollingringdrives.com\/product\/500-horizontal-winding-machine-for-coil-diameter-pn200-pn500\/#primaryimage\",\"url\":\"https:\/\/rollingringdrives.com\/wp-content\/uploads\/2023\/05\/1.avif\",\"contentUrl\":\"https:\/\/rollingringdrives.com\/wp-content\/uploads\/2023\/05\/1.avif\",\"width\":1000,\"height\":1000,\"caption\":\"wire spooling machine\"},{\"@type\":\"BreadcrumbList\",\"@id\":\"https:\/\/rollingringdrives.com\/product\/500-horizontal-winding-machine-for-coil-diameter-pn200-pn500\/#breadcrumb\",\"itemListElement\":[{\"@type\":\"ListItem\",\"position\":1,\"name\":\"Home\",\"item\":\"https:\/\/rollingringdrives.com\/\"},{\"@type\":\"ListItem\",\"position\":2,\"name\":\"Machines\",\"item\":\"https:\/\/rollingringdrives.com\/machines\/\"},{\"@type\":\"ListItem\",\"position\":3,\"name\":\"Qp500 Horizontal Wire Spooling Machine With Traverse Unit\"}]},{\"@type\":\"WebSite\",\"@id\":\"https:\/\/rollingringdrives.com\/#website\",\"url\":\"https:\/\/rollingringdrives.com\/\",\"name\":\"QiPang\",\"description\":\"QiPang Blog\",\"publisher\":{\"@id\":\"https:\/\/rollingringdrives.com\/#organization\"},\"potentialAction\":[{\"@type\":\"SearchAction\",\"target\":{\"@type\":\"EntryPoint\",\"urlTemplate\":\"https:\/\/rollingringdrives.com\/?s={search_term_string}\"},\"query-input\":{\"@type\":\"PropertyValueSpecification\",\"valueRequired\":true,\"valueName\":\"search_term_string\"}}],\"inLanguage\":\"de\"},{\"@type\":\"Organization\",\"@id\":\"https:\/\/rollingringdrives.com\/#organization\",\"name\":\"QiPang\",\"url\":\"https:\/\/rollingringdrives.com\/\",\"logo\":{\"@type\":\"ImageObject\",\"inLanguage\":\"de\",\"@id\":\"https:\/\/rollingringdrives.com\/#\/schema\/logo\/image\/\",\"url\":\"https:\/\/rollingringdrives.com\/wp-content\/uploads\/2023\/05\/cropped-\u672a\u547d\u540d\u7684\u8bbe\u8ba1.png\",\"contentUrl\":\"https:\/\/rollingringdrives.com\/wp-content\/uploads\/2023\/05\/cropped-\u672a\u547d\u540d\u7684\u8bbe\u8ba1.png\",\"width\":300,\"height\":191,\"caption\":\"QiPang\"},\"image\":{\"@id\":\"https:\/\/rollingringdrives.com\/#\/schema\/logo\/image\/\"}}]}<\/script>\n<!-- \/ Yoast SEO Premium plugin. -->","yoast_head_json":{"title":"Qp500 Horizontale Drahtspulmaschine mit Traverseneinheit - QiPang","description":"Erleben Sie Pr\u00e4zision und effizientes Wickeln mit der Horizontalwickelmaschine 500. Bestellen Sie jetzt f\u00fcr eine sichere Spulenklemmung und eine anpassbare Kabelanordnung!","robots":{"index":"index","follow":"follow","max-snippet":"max-snippet:-1","max-image-preview":"max-image-preview:large","max-video-preview":"max-video-preview:-1"},"canonical":"https:\/\/rollingringdrives.com\/de\/produkt\/500-horizontale-wickelmaschine-fur-spulendurchmesser-pn200-pn500\/","og_locale":"de_DE","og_type":"article","og_title":"Qp500 Horizontal Wire Spooling Machine With Traverse Unit","og_description":"Experience precision and efficient winding with the 500 Horizontal Winding Machine. Order now for safe coil clamping and adjustable cable arrangement!","og_url":"https:\/\/rollingringdrives.com\/de\/produkt\/500-horizontale-wickelmaschine-fur-spulendurchmesser-pn200-pn500\/","og_site_name":"QiPang","article_modified_time":"2026-01-17T01:52:38+00:00","twitter_card":"summary_large_image","twitter_misc":{"Gesch\u00e4tzte Lesezeit":"2\u00a0Minuten"},"schema":{"@context":"https:\/\/schema.org","@graph":[{"@type":"WebPage","@id":"https:\/\/rollingringdrives.com\/product\/500-horizontal-winding-machine-for-coil-diameter-pn200-pn500\/","url":"https:\/\/rollingringdrives.com\/product\/500-horizontal-winding-machine-for-coil-diameter-pn200-pn500\/","name":"Qp500 Horizontale Drahtspulmaschine mit Traverseneinheit - QiPang","isPartOf":{"@id":"https:\/\/rollingringdrives.com\/#website"},"primaryImageOfPage":{"@id":"https:\/\/rollingringdrives.com\/product\/500-horizontal-winding-machine-for-coil-diameter-pn200-pn500\/#primaryimage"},"image":{"@id":"https:\/\/rollingringdrives.com\/product\/500-horizontal-winding-machine-for-coil-diameter-pn200-pn500\/#primaryimage"},"thumbnailUrl":"https:\/\/rollingringdrives.com\/wp-content\/uploads\/2023\/05\/1.avif","datePublished":"2023-05-24T08:35:49+00:00","dateModified":"2026-01-17T01:52:38+00:00","description":"Erleben Sie Pr\u00e4zision und effizientes Wickeln mit der Horizontalwickelmaschine 500. Bestellen Sie jetzt f\u00fcr eine sichere Spulenklemmung und eine anpassbare Kabelanordnung!","breadcrumb":{"@id":"https:\/\/rollingringdrives.com\/product\/500-horizontal-winding-machine-for-coil-diameter-pn200-pn500\/#breadcrumb"},"inLanguage":"de","potentialAction":[{"@type":"ReadAction","target":["https:\/\/rollingringdrives.com\/product\/500-horizontal-winding-machine-for-coil-diameter-pn200-pn500\/"]}]},{"@type":"ImageObject","inLanguage":"de","@id":"https:\/\/rollingringdrives.com\/product\/500-horizontal-winding-machine-for-coil-diameter-pn200-pn500\/#primaryimage","url":"https:\/\/rollingringdrives.com\/wp-content\/uploads\/2023\/05\/1.avif","contentUrl":"https:\/\/rollingringdrives.com\/wp-content\/uploads\/2023\/05\/1.avif","width":1000,"height":1000,"caption":"wire spooling machine"},{"@type":"BreadcrumbList","@id":"https:\/\/rollingringdrives.com\/product\/500-horizontal-winding-machine-for-coil-diameter-pn200-pn500\/#breadcrumb","itemListElement":[{"@type":"ListItem","position":1,"name":"Home","item":"https:\/\/rollingringdrives.com\/"},{"@type":"ListItem","position":2,"name":"Machines","item":"https:\/\/rollingringdrives.com\/machines\/"},{"@type":"ListItem","position":3,"name":"Qp500 Horizontal Wire Spooling Machine With Traverse Unit"}]},{"@type":"WebSite","@id":"https:\/\/rollingringdrives.com\/#website","url":"https:\/\/rollingringdrives.com\/","name":"QiPang","description":"QiPang-Blog","publisher":{"@id":"https:\/\/rollingringdrives.com\/#organization"},"potentialAction":[{"@type":"SearchAction","target":{"@type":"EntryPoint","urlTemplate":"https:\/\/rollingringdrives.com\/?s={search_term_string}"},"query-input":{"@type":"PropertyValueSpecification","valueRequired":true,"valueName":"search_term_string"}}],"inLanguage":"de"},{"@type":"Organization","@id":"https:\/\/rollingringdrives.com\/#organization","name":"QiPang","url":"https:\/\/rollingringdrives.com\/","logo":{"@type":"ImageObject","inLanguage":"de","@id":"https:\/\/rollingringdrives.com\/#\/schema\/logo\/image\/","url":"https:\/\/rollingringdrives.com\/wp-content\/uploads\/2023\/05\/cropped-\u672a\u547d\u540d\u7684\u8bbe\u8ba1.png","contentUrl":"https:\/\/rollingringdrives.com\/wp-content\/uploads\/2023\/05\/cropped-\u672a\u547d\u540d\u7684\u8bbe\u8ba1.png","width":300,"height":191,"caption":"QiPang"},"image":{"@id":"https:\/\/rollingringdrives.com\/#\/schema\/logo\/image\/"}}]}},"_links":{"self":[{"href":"https:\/\/rollingringdrives.com\/de\/wp-json\/wp\/v2\/product\/26424","targetHints":{"allow":["GET"]}}],"collection":[{"href":"https:\/\/rollingringdrives.com\/de\/wp-json\/wp\/v2\/product"}],"about":[{"href":"https:\/\/rollingringdrives.com\/de\/wp-json\/wp\/v2\/types\/product"}],"version-history":[{"count":0,"href":"https:\/\/rollingringdrives.com\/de\/wp-json\/wp\/v2\/product\/26424\/revisions"}],"wp:featuredmedia":[{"embeddable":true,"href":"https:\/\/rollingringdrives.com\/de\/wp-json\/wp\/v2\/media\/32861"}],"wp:attachment":[{"href":"https:\/\/rollingringdrives.com\/de\/wp-json\/wp\/v2\/media?parent=26424"}],"wp:term":[{"taxonomy":"product_brand","embeddable":true,"href":"https:\/\/rollingringdrives.com\/de\/wp-json\/wp\/v2\/product_brand?post=26424"},{"taxonomy":"product_cat","embeddable":true,"href":"https:\/\/rollingringdrives.com\/de\/wp-json\/wp\/v2\/product_cat?post=26424"},{"taxonomy":"product_tag","embeddable":true,"href":"https:\/\/rollingringdrives.com\/de\/wp-json\/wp\/v2\/product_tag?post=26424"}],"curies":[{"name":"wp","href":"https:\/\/api.w.org\/{rel}","templated":true}]}}