{"id":26586,"date":"2023-05-27T02:17:49","date_gmt":"2023-05-27T02:17:49","guid":{"rendered":"https:\/\/rollingringdrives.com\/?post_type=product&#038;p=26586"},"modified":"2023-05-27T08:10:42","modified_gmt":"2023-05-27T08:10:42","slug":"mechanical-counter-meter-for-winding-machine","status":"publish","type":"product","link":"https:\/\/rollingringdrives.com\/de\/produkt\/mechanischer-zahler-fur-wickelmaschine\/","title":{"rendered":"Mechanischer Z\u00e4hlerz\u00e4hler f\u00fcr Wickelmaschine"},"content":{"rendered":"<p class=\"xsj_paragraph xsj_paragraph_level_0\" data-source-line=\"0\" data-source-line-display=\"true\">Der\u00a0<strong class=\"markdown_strong_asterisk\">Mechanischer Z\u00e4hlerz\u00e4hler f\u00fcr Wickelmaschine<\/strong>\u00a0ist ein pr\u00e4zises Messger\u00e4t zum Z\u00e4hlen und Messen der L\u00e4nge von in einer Maschine gewickelten Dr\u00e4hten oder Kabeln. Es ist mit einem Messrad mit 159,15 mm Durchmesser und einem Schwerkraftkompressionssystem ausgestattet, das genaue und konsistente Ergebnisse f\u00fcr einen Bereich von 1\u201380 mm liefert. Das Ger\u00e4t verf\u00fcgt au\u00dferdem \u00fcber eine mechanische Z\u00e4hleranzeige zur einfachen Aufzeichnung und Nachverfolgung.<\/p>\n<p data-source-line=\"0\" data-source-line-display=\"true\"><div id=\"footable_parent_26588\"\n         class=\"footable_parent ninja_table_wrapper loading_ninja_table wp_table_data_press_parent semantic_ui\">\n                <table data-ninja_table_instance=\"ninja_table_instance_0\" data-footable_id=\"26588\" data-filter-delay=\"1000\" aria-label=\"1\u65b0cx\u5efa XLSX \u5de5\u4f5c\u8868 (2).csv\"            id=\"footable_26588\"\n           data-unique_identifier=\"ninja_table_unique_id_287203224_26588\"\n           class=\"foo-table ninja_footable foo_table_26588 ninja_table_unique_id_287203224_26588 ui table  nt_type_legacy_table selectable striped vertical_centered  footable-paging-right ninja_table_search_disabled ninja_table_pro\">\n                <colgroup>\n                            <col class=\"ninja_column_0\">\n                            <col class=\"ninja_column_1\">\n                    <\/colgroup>\n        <thead>\n<tr class=\"footable-header\">\n                                        <th scope=\"col\"  class=\"ninja_column_0 ninja_clmn_nm_parameters\">Parameter<\/th><th scope=\"col\"  class=\"ninja_column_1 ninja_clmn_nm_values\">Werte<\/th><\/tr>\n<\/thead>\n<tbody>\n\n        <tr data-row_id=\"547\" class=\"ninja_table_row_0 nt_row_id_547\">\n            <td>Methode zur Z\u00e4hlerz\u00e4hlung<\/td><td>Meterz\u00e4hlender Stahlradantrieb<\/td>        <\/tr>\n            <tr data-row_id=\"548\" class=\"ninja_table_row_1 nt_row_id_548\">\n            <td>Parameter des Messrads<\/td><td>159,15 mm Durchmesser<\/td>        <\/tr>\n            <tr data-row_id=\"549\" class=\"ninja_table_row_2 nt_row_id_549\">\n            <td>Synchronradparameter<\/td><td>Ohne<\/td>        <\/tr>\n            <tr data-row_id=\"550\" class=\"ninja_table_row_3 nt_row_id_550\">\n            <td>Meterreichweite<\/td><td>1-80mm<\/td>        <\/tr>\n            <tr data-row_id=\"551\" class=\"ninja_table_row_4 nt_row_id_551\">\n            <td>Toleranzbereich<\/td><td>1\u2030<\/td>        <\/tr>\n            <tr data-row_id=\"552\" class=\"ninja_table_row_5 nt_row_id_552\">\n            <td>Geschwindigkeit messen<\/td><td>200m\/min<\/td>        <\/tr>\n            <tr data-row_id=\"553\" class=\"ninja_table_row_6 nt_row_id_553\">\n            <td>Kompressionsverfahren<\/td><td>Schwerkraftkompression<\/td>        <\/tr>\n            <tr data-row_id=\"554\" class=\"ninja_table_row_7 nt_row_id_554\">\n            <td>Anzeigemethode<\/td><td>Mechanischer Z\u00e4hler<\/td>        <\/tr>\n            <tr data-row_id=\"555\" class=\"ninja_table_row_8 nt_row_id_555\">\n            <td>Mittelh\u00f6he<\/td><td>Kann Parameteranpassungen erm\u00f6glichen (Standard: ein Meter)<\/td>        <\/tr>\n            <tr data-row_id=\"556\" class=\"ninja_table_row_9 nt_row_id_556\">\n            <td>Messmethode<\/td><td>Mechanischer Z\u00e4hler<\/td>        <\/tr>\n            <tr data-row_id=\"557\" class=\"ninja_table_row_10 nt_row_id_557\">\n            <td>Eingehende Richtung<\/td><td>F\u00fchrungsdraht zur Einstellung der vorderen und hinteren Walze ein- und ausfahren<\/td>        <\/tr>\n            <tr data-row_id=\"558\" class=\"ninja_table_row_11 nt_row_id_558\">\n            <td>Gesamterscheinungslineal<\/td><td>500*360*1200mm<\/td>        <\/tr>\n            <tr data-row_id=\"559\" class=\"ninja_table_row_12 nt_row_id_559\">\n            <td>Gewicht<\/td><td>66kg<\/td>        <\/tr>\n    <\/tbody><!--ninja_tobody_rendering_done-->\n    <\/table>\n    \n    \n    \n<\/div>\n<\/p>\n<p data-source-line=\"0\" data-source-line-display=\"true\"><img fetchpriority=\"high\" decoding=\"async\" class=\"alignnone wp-image-26591 size-full\" src=\"https:\/\/rollingringdrives.com\/wp-content\/uploads\/2023\/05\/\u5fae\u4fe1\u56fe\u7247_20211228141849.jpg\" alt=\"Mechanischer Z\u00e4hlerz\u00e4hler f\u00fcr Wickelmaschine\" width=\"1002\" height=\"1002\" srcset=\"https:\/\/rollingringdrives.com\/wp-content\/uploads\/2023\/05\/\u5fae\u4fe1\u56fe\u7247_20211228141849.jpg 1002w, https:\/\/rollingringdrives.com\/wp-content\/uploads\/2023\/05\/\u5fae\u4fe1\u56fe\u7247_20211228141849-300x300.jpg 300w, https:\/\/rollingringdrives.com\/wp-content\/uploads\/2023\/05\/\u5fae\u4fe1\u56fe\u7247_20211228141849-150x150.jpg 150w, https:\/\/rollingringdrives.com\/wp-content\/uploads\/2023\/05\/\u5fae\u4fe1\u56fe\u7247_20211228141849-768x768.jpg 768w, https:\/\/rollingringdrives.com\/wp-content\/uploads\/2023\/05\/\u5fae\u4fe1\u56fe\u7247_20211228141849-600x600.jpg 600w, https:\/\/rollingringdrives.com\/wp-content\/uploads\/2023\/05\/\u5fae\u4fe1\u56fe\u7247_20211228141849-100x100.jpg 100w\" sizes=\"(max-width: 1002px) 100vw, 1002px\" \/><\/p>\n<div class=\"xiaoshujiang_element xsj_anchor\"><a class=\"blank_anchor_name\" name=\"applications_1\"><\/a><a id=\"applications_1\" class=\"blank_anchor_id\"><\/a><a class=\"blank_anchor_name\" name=\"applications\"><\/a><a id=\"applications\" class=\"blank_anchor_id\"><\/a><\/div>\n<h2 id=\"applications_1\" class=\"xsj_heading_hash xsj_heading xsj_heading_h2\" data-source-line=\"2\" data-source-line-display=\"true\"><span class=\"xsj_heading_content\">Anwendungen:<\/span><\/h2>\n<p class=\"xsj_paragraph xsj_paragraph_level_0\" data-source-line=\"4\" data-source-line-display=\"true\">Das mechanische Z\u00e4hlermessger\u00e4t f\u00fcr Wickelmaschinen wird haupts\u00e4chlich in der Kabel- und Drahtherstellungsindustrie eingesetzt, um die genaue Messung der L\u00e4nge von Dr\u00e4hten oder Kabeln zu erm\u00f6glichen, die in einer Maschine gewickelt sind. Es ist auch ideal f\u00fcr den Einsatz in Textilmaschinen, Papierdruckmaschinen und anderen Branchen, in denen eine pr\u00e4zise L\u00e4ngenmessung von entscheidender Bedeutung ist.<\/p>\n<div class=\"xiaoshujiang_element xsj_anchor\"><a class=\"blank_anchor_name\" name=\"measuring20principle_2\"><\/a><a id=\"measuring20principle_2\" class=\"blank_anchor_id\"><\/a><a class=\"blank_anchor_name\" name=\"measuring-principle\"><\/a><a id=\"measuring-principle\" class=\"blank_anchor_id\"><\/a><\/div>\n<h2 id=\"measuring20principle_2\" class=\"xsj_heading_hash xsj_heading xsj_heading_h2\" data-source-line=\"6\" data-source-line-display=\"true\"><span class=\"xsj_heading_content\">Messprinzip:<\/span><\/h2>\n<p class=\"xsj_paragraph xsj_paragraph_level_0\" data-source-line=\"8\" data-source-line-display=\"true\">Der mechanische Z\u00e4hler f\u00fcr Wickelmaschinen verwendet einen meterz\u00e4hlenden Stahlradantrieb und ein Schwerkraftkompressionsverfahren, um die L\u00e4nge von Dr\u00e4hten oder Kabeln zu messen. Das Messrad dreht sich, w\u00e4hrend der Draht oder das Kabel durch das Ger\u00e4t verl\u00e4uft, wodurch die Anzeige des mechanischen Z\u00e4hlers entsprechend erh\u00f6ht wird. Die Schwerkraftkompression stellt sicher, dass das Rad Kontakt mit dem Draht oder Kabel hat und liefert pr\u00e4zise und konsistente Messungen.<\/p>\n<div class=\"xiaoshujiang_element xsj_anchor\"><a class=\"blank_anchor_name\" name=\"520faqs20about20mechanical20counter20meter20for20winding20machine_3\"><\/a><a id=\"520faqs20about20mechanical20counter20meter20for20winding20machine_3\" class=\"blank_anchor_id\"><\/a><a class=\"blank_anchor_name\" name=\"5-faqs-about-mechanical-counter-meter-for-winding-machine\"><\/a><a id=\"5-faqs-about-mechanical-counter-meter-for-winding-machine\" class=\"blank_anchor_id\"><\/a><\/div>\n<h2 id=\"520faqs20about20mechanical20counter20meter20for20winding20machine_3\" class=\"xsj_heading_hash xsj_heading xsj_heading_h2\" data-source-line=\"10\" data-source-line-display=\"true\"><span class=\"xsj_heading_content\">5 FAQs zum mechanischen Z\u00e4hlwerk f\u00fcr Wickelmaschinen:<\/span><\/h2>\n<div class=\"xiaoshujiang_element xsj_anchor\"><a class=\"blank_anchor_name\" name=\"120is20it20possible20to20customize20the20center20height20according20to20our20preference_4\"><\/a><a id=\"120is20it20possible20to20customize20the20center20height20according20to20our20preference_4\" class=\"blank_anchor_id\"><\/a><a class=\"blank_anchor_name\" name=\"1-is-it-possible-to-customize-the-center-height-according-to-our-preference\"><\/a><a id=\"1-is-it-possible-to-customize-the-center-height-according-to-our-preference\" class=\"blank_anchor_id\"><\/a><\/div>\n<h4 id=\"120is20it20possible20to20customize20the20center20height20according20to20our20preference_4\" class=\"xsj_heading_hash xsj_heading xsj_heading_h4\" data-source-line=\"12\" data-source-line-display=\"true\"><span class=\"xsj_heading_content\">1. K\u00f6nnen wir die Mittenh\u00f6he nach unseren W\u00fcnschen anpassen?<\/span><\/h4>\n<p class=\"xsj_paragraph xsj_paragraph_level_0\" data-source-line=\"14\" data-source-line-display=\"true\">Antwort: Ja, die Mittenh\u00f6he ist anpassbar und wir k\u00f6nnen den Parameter entsprechend Ihren Anforderungen anpassen.<\/p>\n<div class=\"xiaoshujiang_element xsj_anchor\"><a class=\"blank_anchor_name\" name=\"220can20i20use20this20device20to20measure20different20types20of20wire20and20cable_5\"><\/a><a id=\"220can20i20use20this20device20to20measure20different20types20of20wire20and20cable_5\" class=\"blank_anchor_id\"><\/a><a class=\"blank_anchor_name\" name=\"2-can-i-use-this-device-to-measure-different-types-of-wire-and-cable\"><\/a><a id=\"2-can-i-use-this-device-to-measure-different-types-of-wire-and-cable\" class=\"blank_anchor_id\"><\/a><\/div>\n<h4 id=\"220can20i20use20this20device20to20measure20different20types20of20wire20and20cable_5\" class=\"xsj_heading_hash xsj_heading xsj_heading_h4\" data-source-line=\"16\" data-source-line-display=\"true\"><span class=\"xsj_heading_content\">2. Kann ich mit diesem Ger\u00e4t verschiedene Arten von Dr\u00e4hten und Kabeln messen?<\/span><\/h4>\n<p class=\"xsj_paragraph xsj_paragraph_level_0\" data-source-line=\"18\" data-source-line-display=\"true\">Antwort: Ja, das mechanische Z\u00e4hlermessger\u00e4t f\u00fcr Wickelmaschinen ist mit einer Reihe von Dr\u00e4hten und Kabeln mit Durchmessern von 1 bis 80 mm kompatibel.<\/p>\n<div class=\"xiaoshujiang_element xsj_anchor\"><a class=\"blank_anchor_name\" name=\"320can20i20use20this20device20to20measure20the20length20of20wire20or20cable20in20different20units_6\"><\/a><a id=\"320can20i20use20this20device20to20measure20the20length20of20wire20or20cable20in20different20units_6\" class=\"blank_anchor_id\"><\/a><a class=\"blank_anchor_name\" name=\"3-can-i-use-this-device-to-measure-the-length-of-wire-or-cable-in-different-units\"><\/a><a id=\"3-can-i-use-this-device-to-measure-the-length-of-wire-or-cable-in-different-units\" class=\"blank_anchor_id\"><\/a><\/div>\n<h4 id=\"320can20i20use20this20device20to20measure20the20length20of20wire20or20cable20in20different20units_6\" class=\"xsj_heading_hash xsj_heading xsj_heading_h4\" data-source-line=\"20\" data-source-line-display=\"true\"><span class=\"xsj_heading_content\">3. Kann ich mit diesem Ger\u00e4t die L\u00e4nge von Dr\u00e4hten oder Kabeln in verschiedenen Einheiten messen?<\/span><\/h4>\n<p class=\"xsj_paragraph xsj_paragraph_level_0\" data-source-line=\"22\" data-source-line-display=\"true\">Antwort: Das Ger\u00e4t misst standardm\u00e4\u00dfig die L\u00e4nge von Dr\u00e4hten oder Kabeln in Metern. Auf Wunsch k\u00f6nnen wir den Z\u00e4hler jedoch so anpassen, dass die Messung in verschiedenen Einheiten angezeigt wird.<\/p>\n<div class=\"xiaoshujiang_element xsj_anchor\"><a class=\"blank_anchor_name\" name=\"420does20this20device20have20a20backup20battery20in20case20of20power20outages_7\"><\/a><a id=\"420does20this20device20have20a20backup20battery20in20case20of20power20outages_7\" class=\"blank_anchor_id\"><\/a><a class=\"blank_anchor_name\" name=\"4-does-this-device-have-a-backup-battery-in-case-of-power-outages\"><\/a><a id=\"4-does-this-device-have-a-backup-battery-in-case-of-power-outages\" class=\"blank_anchor_id\"><\/a><\/div>\n<h4 id=\"420does20this20device20have20a20backup20battery20in20case20of20power20outages_7\" class=\"xsj_heading_hash xsj_heading xsj_heading_h4\" data-source-line=\"24\" data-source-line-display=\"true\"><span class=\"xsj_heading_content\">4. Verf\u00fcgt dieses Ger\u00e4t \u00fcber eine Pufferbatterie f\u00fcr den Fall eines Stromausfalls?<\/span><\/h4>\n<p class=\"xsj_paragraph xsj_paragraph_level_0\" data-source-line=\"26\" data-source-line-display=\"true\">Antwort: Nein, das Ger\u00e4t ist vollst\u00e4ndig mechanisch und ben\u00f6tigt weder Strom noch eine Pufferbatterie.<\/p>\n<div class=\"xiaoshujiang_element xsj_anchor\"><a class=\"blank_anchor_name\" name=\"520how20often20should20i20recalibrate20the20device_8\"><\/a><a id=\"520how20often20should20i20recalibrate20the20device_8\" class=\"blank_anchor_id\"><\/a><a class=\"blank_anchor_name\" name=\"5-how-often-should-i-recalibrate-the-device\"><\/a><a id=\"5-how-often-should-i-recalibrate-the-device\" class=\"blank_anchor_id\"><\/a><\/div>\n<h4 id=\"520how20often20should20i20recalibrate20the20device_8\" class=\"xsj_heading_hash xsj_heading xsj_heading_h4\" data-source-line=\"28\" data-source-line-display=\"true\"><span class=\"xsj_heading_content\">5. Wie oft sollte ich das Ger\u00e4t neu kalibrieren?<\/span><\/h4>\n<p class=\"xsj_paragraph xsj_paragraph_level_0\" data-source-line=\"30\" data-source-line-display=\"true\">Antwort: Bei mechanischen Z\u00e4hlern ist keine Neukalibrierung erforderlich, da sie von Natur aus pr\u00e4zise und genau sind. Allerdings kann eine regelm\u00e4\u00dfige Inspektion und Reinigung des Ger\u00e4ts erforderlich sein, um seine Genauigkeit aufrechtzuerhalten.<\/p>","protected":false},"excerpt":{"rendered":"<h2 id=\"features_1\" class=\"xsj_heading_hash xsj_heading xsj_heading_h2\" data-source-line=\"2\" data-source-line-display=\"true\"><span class=\"xsj_heading_content\">Merkmale:<\/span><\/h2>\n<ol class=\"markdown_ol\" data-source-line=\"4\">\n<li data-source-line=\"4\">Hochpr\u00e4ziser, meterz\u00e4hlender Stahlradantrieb.<\/li>\n<li data-source-line=\"5\">Gro\u00dfer Messbereich von 1\u201380 mm mit einem Toleranzbereich von 1\u2030.<\/li>\n<li data-source-line=\"6\">Schnelle Messgeschwindigkeit von 200 m\/min.<\/li>\n<li data-source-line=\"7\">Die Schwerkraftkompression sorgt f\u00fcr genaue und konsistente Ergebnisse.<\/li>\n<li data-source-line=\"8\">Mechanische Thekenanzeige zur einfachen Nachverfolgung und Aufzeichnung.<\/li>\n<li data-source-line=\"9\">Anpassbare Mittenh\u00f6he entsprechend den Benutzerpr\u00e4ferenzen.<\/li>\n<li data-source-line=\"10\">Einfaches Ein- und Ausfahren des F\u00fchrungskabels f\u00fcr die vordere und hintere Walze.<\/li>\n<\/ol>","protected":false},"featured_media":26678,"template":"","meta":{"site-sidebar-layout":"default","site-content-layout":"default","ast-global-header-display":"","ast-banner-title-visibility":"","ast-main-header-display":"","ast-hfb-above-header-display":"","ast-hfb-below-header-display":"","ast-hfb-mobile-header-display":"","site-post-title":"","ast-breadcrumbs-content":"","ast-featured-img":"","footer-sml-layout":"","theme-transparent-header-meta":"default","adv-header-id-meta":"","stick-header-meta":"","header-above-stick-meta":"","header-main-stick-meta":"","header-below-stick-meta":""},"product_brand":[],"product_cat":[59],"product_tag":[],"class_list":{"0":"post-26586","1":"product","2":"type-product","3":"status-publish","4":"has-post-thumbnail","6":"product_cat-length-measuring-instrument","7":"desktop-align-left","8":"tablet-align-left","9":"mobile-align-left","11":"first","12":"instock","13":"shipping-taxable","14":"product-type-simple"},"yoast_head":"<!-- This site is optimized with the Yoast SEO Premium plugin v20.12 (Yoast SEO v26.0) - https:\/\/yoast.com\/wordpress\/plugins\/seo\/ -->\n<title>Mechanical Counter Meter For Winding Machine - QiPang<\/title>\n<meta name=\"description\" content=\"Get accurate measurements every time with Mechanical Counter Meter For Winding Machine. Perfect for wires or cables wound in a machine.\" \/>\n<meta name=\"robots\" content=\"index, follow, max-snippet:-1, max-image-preview:large, max-video-preview:-1\" \/>\n<link rel=\"canonical\" href=\"https:\/\/rollingringdrives.com\/de\/produkt\/mechanischer-zahler-fur-wickelmaschine\/\" \/>\n<meta property=\"og:locale\" content=\"de_DE\" \/>\n<meta property=\"og:type\" content=\"article\" \/>\n<meta property=\"og:title\" content=\"Mechanical Counter Meter For Winding Machine\" \/>\n<meta property=\"og:description\" content=\"Get accurate measurements every time with Mechanical Counter Meter For Winding Machine. Perfect for wires or cables wound in a machine.\" \/>\n<meta property=\"og:url\" content=\"https:\/\/rollingringdrives.com\/de\/produkt\/mechanischer-zahler-fur-wickelmaschine\/\" \/>\n<meta property=\"og:site_name\" content=\"QiPang\" \/>\n<meta property=\"article:modified_time\" content=\"2023-05-27T08:10:42+00:00\" \/>\n<meta property=\"og:image\" content=\"https:\/\/rollingringdrives.com\/wp-content\/uploads\/2023\/05\/1-44.jpg\" \/>\n\t<meta property=\"og:image:width\" content=\"600\" \/>\n\t<meta property=\"og:image:height\" content=\"600\" \/>\n\t<meta property=\"og:image:type\" content=\"image\/jpeg\" \/>\n<meta name=\"twitter:card\" content=\"summary_large_image\" \/>\n<meta name=\"twitter:label1\" content=\"Gesch\u00e4tzte Lesezeit\" \/>\n\t<meta name=\"twitter:data1\" content=\"2\u00a0Minuten\" \/>\n<script type=\"application\/ld+json\" class=\"yoast-schema-graph\">{\"@context\":\"https:\/\/schema.org\",\"@graph\":[{\"@type\":\"WebPage\",\"@id\":\"https:\/\/rollingringdrives.com\/product\/mechanical-counter-meter-for-winding-machine\/\",\"url\":\"https:\/\/rollingringdrives.com\/product\/mechanical-counter-meter-for-winding-machine\/\",\"name\":\"Mechanical Counter Meter For Winding Machine - QiPang\",\"isPartOf\":{\"@id\":\"https:\/\/rollingringdrives.com\/#website\"},\"primaryImageOfPage\":{\"@id\":\"https:\/\/rollingringdrives.com\/product\/mechanical-counter-meter-for-winding-machine\/#primaryimage\"},\"image\":{\"@id\":\"https:\/\/rollingringdrives.com\/product\/mechanical-counter-meter-for-winding-machine\/#primaryimage\"},\"thumbnailUrl\":\"https:\/\/rollingringdrives.com\/wp-content\/uploads\/2023\/05\/1-44.jpg\",\"datePublished\":\"2023-05-27T02:17:49+00:00\",\"dateModified\":\"2023-05-27T08:10:42+00:00\",\"description\":\"Get accurate measurements every time with Mechanical Counter Meter For Winding Machine. Perfect for wires or cables wound in a machine.\",\"breadcrumb\":{\"@id\":\"https:\/\/rollingringdrives.com\/product\/mechanical-counter-meter-for-winding-machine\/#breadcrumb\"},\"inLanguage\":\"de\",\"potentialAction\":[{\"@type\":\"ReadAction\",\"target\":[\"https:\/\/rollingringdrives.com\/product\/mechanical-counter-meter-for-winding-machine\/\"]}]},{\"@type\":\"ImageObject\",\"inLanguage\":\"de\",\"@id\":\"https:\/\/rollingringdrives.com\/product\/mechanical-counter-meter-for-winding-machine\/#primaryimage\",\"url\":\"https:\/\/rollingringdrives.com\/wp-content\/uploads\/2023\/05\/1-44.jpg\",\"contentUrl\":\"https:\/\/rollingringdrives.com\/wp-content\/uploads\/2023\/05\/1-44.jpg\",\"width\":600,\"height\":600,\"caption\":\"Mechanical Counter Meter For Winding Machine\"},{\"@type\":\"BreadcrumbList\",\"@id\":\"https:\/\/rollingringdrives.com\/product\/mechanical-counter-meter-for-winding-machine\/#breadcrumb\",\"itemListElement\":[{\"@type\":\"ListItem\",\"position\":1,\"name\":\"Home\",\"item\":\"https:\/\/rollingringdrives.com\/\"},{\"@type\":\"ListItem\",\"position\":2,\"name\":\"Machines\",\"item\":\"https:\/\/rollingringdrives.com\/machines\/\"},{\"@type\":\"ListItem\",\"position\":3,\"name\":\"Mechanical Counter Meter For Winding Machine\"}]},{\"@type\":\"WebSite\",\"@id\":\"https:\/\/rollingringdrives.com\/#website\",\"url\":\"https:\/\/rollingringdrives.com\/\",\"name\":\"QiPang\",\"description\":\"QiPang Blog\",\"publisher\":{\"@id\":\"https:\/\/rollingringdrives.com\/#organization\"},\"potentialAction\":[{\"@type\":\"SearchAction\",\"target\":{\"@type\":\"EntryPoint\",\"urlTemplate\":\"https:\/\/rollingringdrives.com\/?s={search_term_string}\"},\"query-input\":{\"@type\":\"PropertyValueSpecification\",\"valueRequired\":true,\"valueName\":\"search_term_string\"}}],\"inLanguage\":\"de\"},{\"@type\":\"Organization\",\"@id\":\"https:\/\/rollingringdrives.com\/#organization\",\"name\":\"QiPang\",\"url\":\"https:\/\/rollingringdrives.com\/\",\"logo\":{\"@type\":\"ImageObject\",\"inLanguage\":\"de\",\"@id\":\"https:\/\/rollingringdrives.com\/#\/schema\/logo\/image\/\",\"url\":\"https:\/\/rollingringdrives.com\/wp-content\/uploads\/2023\/05\/cropped-\u672a\u547d\u540d\u7684\u8bbe\u8ba1.png\",\"contentUrl\":\"https:\/\/rollingringdrives.com\/wp-content\/uploads\/2023\/05\/cropped-\u672a\u547d\u540d\u7684\u8bbe\u8ba1.png\",\"width\":300,\"height\":191,\"caption\":\"QiPang\"},\"image\":{\"@id\":\"https:\/\/rollingringdrives.com\/#\/schema\/logo\/image\/\"}}]}<\/script>\n<!-- \/ Yoast SEO Premium plugin. -->","yoast_head_json":{"title":"Mechanischer Z\u00e4hler f\u00fcr Wickelmaschine - QiPang","description":"Erhalten Sie jedes Mal genaue Messungen mit dem mechanischen Z\u00e4hlermessger\u00e4t f\u00fcr Wickelmaschinen. Perfekt f\u00fcr Dr\u00e4hte oder Kabel, die in einer Maschine gewickelt sind.","robots":{"index":"index","follow":"follow","max-snippet":"max-snippet:-1","max-image-preview":"max-image-preview:large","max-video-preview":"max-video-preview:-1"},"canonical":"https:\/\/rollingringdrives.com\/de\/produkt\/mechanischer-zahler-fur-wickelmaschine\/","og_locale":"de_DE","og_type":"article","og_title":"Mechanical Counter Meter For Winding Machine","og_description":"Get accurate measurements every time with Mechanical Counter Meter For Winding Machine. Perfect for wires or cables wound in a machine.","og_url":"https:\/\/rollingringdrives.com\/de\/produkt\/mechanischer-zahler-fur-wickelmaschine\/","og_site_name":"QiPang","article_modified_time":"2023-05-27T08:10:42+00:00","og_image":[{"width":600,"height":600,"url":"https:\/\/rollingringdrives.com\/wp-content\/uploads\/2023\/05\/1-44.jpg","type":"image\/jpeg"}],"twitter_card":"summary_large_image","twitter_misc":{"Gesch\u00e4tzte Lesezeit":"2\u00a0Minuten"},"schema":{"@context":"https:\/\/schema.org","@graph":[{"@type":"WebPage","@id":"https:\/\/rollingringdrives.com\/product\/mechanical-counter-meter-for-winding-machine\/","url":"https:\/\/rollingringdrives.com\/product\/mechanical-counter-meter-for-winding-machine\/","name":"Mechanischer Z\u00e4hler f\u00fcr Wickelmaschine - QiPang","isPartOf":{"@id":"https:\/\/rollingringdrives.com\/#website"},"primaryImageOfPage":{"@id":"https:\/\/rollingringdrives.com\/product\/mechanical-counter-meter-for-winding-machine\/#primaryimage"},"image":{"@id":"https:\/\/rollingringdrives.com\/product\/mechanical-counter-meter-for-winding-machine\/#primaryimage"},"thumbnailUrl":"https:\/\/rollingringdrives.com\/wp-content\/uploads\/2023\/05\/1-44.jpg","datePublished":"2023-05-27T02:17:49+00:00","dateModified":"2023-05-27T08:10:42+00:00","description":"Erhalten Sie jedes Mal genaue Messungen mit dem mechanischen Z\u00e4hlermessger\u00e4t f\u00fcr Wickelmaschinen. Perfekt f\u00fcr Dr\u00e4hte oder Kabel, die in einer Maschine gewickelt sind.","breadcrumb":{"@id":"https:\/\/rollingringdrives.com\/product\/mechanical-counter-meter-for-winding-machine\/#breadcrumb"},"inLanguage":"de","potentialAction":[{"@type":"ReadAction","target":["https:\/\/rollingringdrives.com\/product\/mechanical-counter-meter-for-winding-machine\/"]}]},{"@type":"ImageObject","inLanguage":"de","@id":"https:\/\/rollingringdrives.com\/product\/mechanical-counter-meter-for-winding-machine\/#primaryimage","url":"https:\/\/rollingringdrives.com\/wp-content\/uploads\/2023\/05\/1-44.jpg","contentUrl":"https:\/\/rollingringdrives.com\/wp-content\/uploads\/2023\/05\/1-44.jpg","width":600,"height":600,"caption":"Mechanical Counter Meter For Winding Machine"},{"@type":"BreadcrumbList","@id":"https:\/\/rollingringdrives.com\/product\/mechanical-counter-meter-for-winding-machine\/#breadcrumb","itemListElement":[{"@type":"ListItem","position":1,"name":"Home","item":"https:\/\/rollingringdrives.com\/"},{"@type":"ListItem","position":2,"name":"Machines","item":"https:\/\/rollingringdrives.com\/machines\/"},{"@type":"ListItem","position":3,"name":"Mechanical Counter Meter For Winding Machine"}]},{"@type":"WebSite","@id":"https:\/\/rollingringdrives.com\/#website","url":"https:\/\/rollingringdrives.com\/","name":"QiPang","description":"QiPang-Blog","publisher":{"@id":"https:\/\/rollingringdrives.com\/#organization"},"potentialAction":[{"@type":"SearchAction","target":{"@type":"EntryPoint","urlTemplate":"https:\/\/rollingringdrives.com\/?s={search_term_string}"},"query-input":{"@type":"PropertyValueSpecification","valueRequired":true,"valueName":"search_term_string"}}],"inLanguage":"de"},{"@type":"Organization","@id":"https:\/\/rollingringdrives.com\/#organization","name":"QiPang","url":"https:\/\/rollingringdrives.com\/","logo":{"@type":"ImageObject","inLanguage":"de","@id":"https:\/\/rollingringdrives.com\/#\/schema\/logo\/image\/","url":"https:\/\/rollingringdrives.com\/wp-content\/uploads\/2023\/05\/cropped-\u672a\u547d\u540d\u7684\u8bbe\u8ba1.png","contentUrl":"https:\/\/rollingringdrives.com\/wp-content\/uploads\/2023\/05\/cropped-\u672a\u547d\u540d\u7684\u8bbe\u8ba1.png","width":300,"height":191,"caption":"QiPang"},"image":{"@id":"https:\/\/rollingringdrives.com\/#\/schema\/logo\/image\/"}}]}},"_links":{"self":[{"href":"https:\/\/rollingringdrives.com\/de\/wp-json\/wp\/v2\/product\/26586","targetHints":{"allow":["GET"]}}],"collection":[{"href":"https:\/\/rollingringdrives.com\/de\/wp-json\/wp\/v2\/product"}],"about":[{"href":"https:\/\/rollingringdrives.com\/de\/wp-json\/wp\/v2\/types\/product"}],"version-history":[{"count":0,"href":"https:\/\/rollingringdrives.com\/de\/wp-json\/wp\/v2\/product\/26586\/revisions"}],"wp:featuredmedia":[{"embeddable":true,"href":"https:\/\/rollingringdrives.com\/de\/wp-json\/wp\/v2\/media\/26678"}],"wp:attachment":[{"href":"https:\/\/rollingringdrives.com\/de\/wp-json\/wp\/v2\/media?parent=26586"}],"wp:term":[{"taxonomy":"product_brand","embeddable":true,"href":"https:\/\/rollingringdrives.com\/de\/wp-json\/wp\/v2\/product_brand?post=26586"},{"taxonomy":"product_cat","embeddable":true,"href":"https:\/\/rollingringdrives.com\/de\/wp-json\/wp\/v2\/product_cat?post=26586"},{"taxonomy":"product_tag","embeddable":true,"href":"https:\/\/rollingringdrives.com\/de\/wp-json\/wp\/v2\/product_tag?post=26586"}],"curies":[{"name":"wp","href":"https:\/\/api.w.org\/{rel}","templated":true}]}}