{"id":26634,"date":"2023-05-27T05:52:09","date_gmt":"2023-05-27T05:52:09","guid":{"rendered":"https:\/\/rollingringdrives.com\/?post_type=product&#038;p=26634"},"modified":"2024-05-10T08:01:19","modified_gmt":"2024-05-10T08:01:19","slug":"power-frequency-cable-spark-test-machine","status":"publish","type":"product","link":"https:\/\/rollingringdrives.com\/de\/produkt\/netz-frequenzkabel-funkenprufmaschine\/","title":{"rendered":"Funkentestmaschine f\u00fcr Netzfrequenzkabel"},"content":{"rendered":"<p class=\"xsj_paragraph xsj_paragraph_level_0\" data-source-line=\"0\" data-source-line-display=\"true\">Der\u00a0<strong class=\"markdown_strong_asterisk\">Funkentestmaschine f\u00fcr Netzfrequenzkabel<\/strong> ist ein spezielles Ger\u00e4t zur Erkennung der Qualit\u00e4t von Dr\u00e4hten und Kabeln. Durch die M\u00f6glichkeit, Dr\u00e4hte mit unterschiedlichen Durchmessern und L\u00e4ngen zu testen, stellt diese Maschine sicher, dass das Produkt den erforderlichen Standards verschiedener nationaler und internationaler Standards entspricht. Seine Erkennungsspannung reicht bis zu 15 kV und erm\u00f6glicht die Erkennung kleinster Defekte oder Fehler in den Kabeladern.<\/p>\n<p data-source-line=\"0\" data-source-line-display=\"true\"><div id=\"footable_parent_26636\"\n         class=\"footable_parent ninja_table_wrapper loading_ninja_table wp_table_data_press_parent semantic_ui\">\n                <table data-ninja_table_instance=\"ninja_table_instance_0\" data-footable_id=\"26636\" data-filter-delay=\"1000\" aria-label=\"6\u65b0cx\u5efa XLSX \u5de5\u4f5c\u8868 (2).csv\"            id=\"footable_26636\"\n           data-unique_identifier=\"ninja_table_unique_id_1343300634_26636\"\n           class=\"foo-table ninja_footable foo_table_26636 ninja_table_unique_id_1343300634_26636 ui table  nt_type_legacy_table selectable striped vertical_centered  footable-paging-right ninja_table_search_disabled ninja_table_pro\">\n                <colgroup>\n                            <col class=\"ninja_column_0\">\n                            <col class=\"ninja_column_1\">\n                    <\/colgroup>\n        <thead>\n<tr class=\"footable-header\">\n                                        <th scope=\"col\"  class=\"ninja_column_0 ninja_clmn_nm_parameters\">Parameter<\/th><th scope=\"col\"  class=\"ninja_column_1 ninja_clmn_nm_values\">Werte<\/th><\/tr>\n<\/thead>\n<tbody>\n\n        <tr data-row_id=\"609\" class=\"ninja_table_row_0 nt_row_id_609\">\n            <td>Erkennungsspannung<\/td><td>0-25KV<\/td>        <\/tr>\n            <tr data-row_id=\"610\" class=\"ninja_table_row_1 nt_row_id_610\">\n            <td>Bodenmittelpunkth\u00f6he ausrichten<\/td><td>850-1050MM (+ 15% einstellbar)<\/td>        <\/tr>\n            <tr data-row_id=\"611\" class=\"ninja_table_row_2 nt_row_id_611\">\n            <td>Elektrodengr\u00f6\u00dfe<\/td><td>\u03c630*120mm Trommel<\/td>        <\/tr>\n            <tr data-row_id=\"612\" class=\"ninja_table_row_3 nt_row_id_612\">\n            <td>Maximale Geschwindigkeit der Betreffzeile<\/td><td>GB5=30-40 m\/min<\/td>        <\/tr>\n            <tr data-row_id=\"613\" class=\"ninja_table_row_4 nt_row_id_613\">\n            <td>Maximale Breite der gepr\u00fcften Bestellung<\/td><td>\u03c6150<\/td>        <\/tr>\n            <tr data-row_id=\"614\" class=\"ninja_table_row_5 nt_row_id_614\">\n            <td>Hochspannungstest-Elektrodenkopf<\/td><td>Kupferb\u00fcrste, Kohleb\u00fcrste, Trommel<\/td>        <\/tr>\n            <tr data-row_id=\"616\" class=\"ninja_table_row_6 nt_row_id_616\">\n            <td>Gewicht<\/td><td>190 kg<\/td>        <\/tr>\n            <tr data-row_id=\"617\" class=\"ninja_table_row_7 nt_row_id_617\">\n            <td>Gr\u00f6\u00dfe<\/td><td>1040*590*1300 mm<\/td>        <\/tr>\n    <\/tbody><!--ninja_tobody_rendering_done-->\n    <\/table>\n    \n    \n    \n<\/div>\n<\/p>\n<div class=\"xiaoshujiang_element xsj_anchor\"><a class=\"blank_anchor_name\" name=\"applications_1\"><\/a><a id=\"applications_1\" class=\"blank_anchor_id\"><\/a><a class=\"blank_anchor_name\" name=\"applications\"><\/a><a id=\"applications\" class=\"blank_anchor_id\"><\/a><\/div>\n<h2 id=\"applications_1\" class=\"xsj_heading_hash xsj_heading xsj_heading_h2\" data-source-line=\"2\" data-source-line-display=\"true\"><span class=\"xsj_heading_content\">Anwendungen:<\/span><\/h2>\n<p class=\"xsj_paragraph xsj_paragraph_level_0\" data-source-line=\"4\" data-source-line-display=\"true\">Die Funkenpr\u00fcfmaschine f\u00fcr Netzfrequenzkabel wird h\u00e4ufig in Elektrotechnik-, Kabel- und Drahtherstellungsunternehmen sowie Energieversorgungsunternehmen eingesetzt. Es hilft, Fehler in Kabeln zu erkennen, die deren Zuverl\u00e4ssigkeit und Leistung beeintr\u00e4chtigen k\u00f6nnen. Mit dieser Maschine k\u00f6nnen Hersteller sicherstellen, dass ihre Produkte den relevanten Normen entsprechen und sicher in der Anwendung sind.<\/p>\n<div class=\"xiaoshujiang_element xsj_anchor\"><a class=\"blank_anchor_name\" name=\"measuring20principle_2\"><\/a><a id=\"measuring20principle_2\" class=\"blank_anchor_id\"><\/a><a class=\"blank_anchor_name\" name=\"measuring-principle\"><\/a><a id=\"measuring-principle\" class=\"blank_anchor_id\"><\/a><\/div>\n<h2 id=\"measuring20principle_2\" class=\"xsj_heading_hash xsj_heading xsj_heading_h2\" data-source-line=\"6\" data-source-line-display=\"true\"><span class=\"xsj_heading_content\">Messprinzip:<\/span><\/h2>\n<p class=\"xsj_paragraph xsj_paragraph_level_0\" data-source-line=\"8\" data-source-line-display=\"true\">Das Messprinzip der Netzfrequenz-Kabelfunkenpr\u00fcfmaschine basiert auf den Prinzipien der Hochspannungspr\u00fcfung. Die Maschine erzeugt einen Hochspannungsstrom, der durch das zu pr\u00fcfende Kabel oder den zu pr\u00fcfenden Draht geleitet wird. Bei Defekten oder Fehlern im Kabel entsteht ein Funke, der vom Ger\u00e4t erkannt und als Ausfall angezeigt wird.<\/p>\n<h3 id=\"implementation20of20relevant20standards_1\" class=\"xsj_heading_hash xsj_heading xsj_heading_h3\" data-source-line=\"0\" data-source-line-display=\"true\"><span class=\"xsj_heading_content\">Umsetzung relevanter Standards:<\/span><\/h3>\n<p class=\"xsj_paragraph xsj_paragraph_level_0\" data-source-line=\"2\" data-source-line-display=\"true\">GB\/3048 9-94 JB\/T4278 10-19JJF1659-1999, VD0281, EN50356 und BS5099.<br \/>\nCCC und andere anwendbare nationale Standards. Die Erkennungsempfindlichkeit betr\u00e4gt \u2264 600UA.<\/p>\n<p class=\"xsj_paragraph xsj_paragraph_level_0\" data-source-line=\"5\" data-source-line-display=\"true\">Es entspricht den relevanten ausl\u00e4ndischen Normen wie UL1581-1990, VDE usw.<\/p>\n<div class=\"xiaoshujiang_element xsj_anchor\"><a class=\"blank_anchor_name\" name=\"faqs_3\"><\/a><a id=\"faqs_3\" class=\"blank_anchor_id\"><\/a><a class=\"blank_anchor_name\" name=\"faqs\"><\/a><a id=\"faqs\" class=\"blank_anchor_id\"><\/a><\/div>\n<h2 id=\"faqs_3\" class=\"xsj_heading_hash xsj_heading xsj_heading_h2\" data-source-line=\"10\" data-source-line-display=\"true\"><span class=\"xsj_heading_content\">FAQs:<\/span><\/h2>\n<div class=\"xiaoshujiang_element xsj_anchor\"><a class=\"blank_anchor_name\" name=\"120what20is20the20voltage20range20of20the20power20frequency20cable20spark20test20machine_4\"><\/a><a id=\"120what20is20the20voltage20range20of20the20power20frequency20cable20spark20test20machine_4\" class=\"blank_anchor_id\"><\/a><a class=\"blank_anchor_name\" name=\"1-what-is-the-voltage-range-of-the-power-frequency-cable-spark-test-machine\"><\/a><a id=\"1-what-is-the-voltage-range-of-the-power-frequency-cable-spark-test-machine\" class=\"blank_anchor_id\"><\/a><\/div>\n<h4 id=\"120what20is20the20voltage20range20of20the20power20frequency20cable20spark20test20machine_4\" class=\"xsj_heading_hash xsj_heading xsj_heading_h4\" data-source-line=\"12\" data-source-line-display=\"true\"><span class=\"xsj_heading_content\">1. Was ist der Spannungsbereich der Netzfrequenzkabel-Funkenpr\u00fcfmaschine?<\/span><\/h4>\n<p class=\"xsj_paragraph xsj_paragraph_level_0\" data-source-line=\"14\" data-source-line-display=\"true\">Die Erkennungsspannung der Maschine reicht bis zu 15 kV.<\/p>\n<div class=\"xiaoshujiang_element xsj_anchor\"><a class=\"blank_anchor_name\" name=\"220what20are20the20applications20of20the20machine_5\"><\/a><a id=\"220what20are20the20applications20of20the20machine_5\" class=\"blank_anchor_id\"><\/a><a class=\"blank_anchor_name\" name=\"2-what-are-the-applications-of-the-machine\"><\/a><a id=\"2-what-are-the-applications-of-the-machine\" class=\"blank_anchor_id\"><\/a><\/div>\n<h4 id=\"220what20are20the20applications20of20the20machine_5\" class=\"xsj_heading_hash xsj_heading xsj_heading_h4\" data-source-line=\"16\" data-source-line-display=\"true\"><span class=\"xsj_heading_content\">2. Welche Einsatzm\u00f6glichkeiten bietet die Maschine?<\/span><\/h4>\n<p class=\"xsj_paragraph xsj_paragraph_level_0\" data-source-line=\"18\" data-source-line-display=\"true\">Die Maschine wird h\u00e4ufig in der Elektrotechnik, der Kabel- und Leitungsherstellung sowie in Energieversorgungsunternehmen eingesetzt.<\/p>\n<div class=\"xiaoshujiang_element xsj_anchor\"><a class=\"blank_anchor_name\" name=\"320how20does20the20machine20detect20faults20in20the20cables_6\"><\/a><a id=\"320how20does20the20machine20detect20faults20in20the20cables_6\" class=\"blank_anchor_id\"><\/a><a class=\"blank_anchor_name\" name=\"3-how-does-the-machine-detect-faults-in-the-cables\"><\/a><a id=\"3-how-does-the-machine-detect-faults-in-the-cables\" class=\"blank_anchor_id\"><\/a><\/div>\n<h4 id=\"320how20does20the20machine20detect20faults20in20the20cables_6\" class=\"xsj_heading_hash xsj_heading xsj_heading_h4\" data-source-line=\"20\" data-source-line-display=\"true\"><span class=\"xsj_heading_content\">3. Wie erkennt die Maschine Fehler in den Kabeln?<\/span><\/h4>\n<p class=\"xsj_paragraph xsj_paragraph_level_0\" data-source-line=\"22\" data-source-line-display=\"true\">Die Maschine erzeugt einen Hochspannungsstrom und bei Fehlern im Kabel entsteht ein Funke, der vom Ger\u00e4t erkannt und als St\u00f6rung gemeldet wird.<\/p>\n<div class=\"xiaoshujiang_element xsj_anchor\"><a class=\"blank_anchor_name\" name=\"420does20the20machine20shut20down20automatically20in20case20of20a20breakdown_7\"><\/a><a id=\"420does20the20machine20shut20down20automatically20in20case20of20a20breakdown_7\" class=\"blank_anchor_id\"><\/a><a class=\"blank_anchor_name\" name=\"4-does-the-machine-shut-down-automatically-in-case-of-a-breakdown\"><\/a><a id=\"4-does-the-machine-shut-down-automatically-in-case-of-a-breakdown\" class=\"blank_anchor_id\"><\/a><\/div>\n<h4 id=\"420does20the20machine20shut20down20automatically20in20case20of20a20breakdown_7\" class=\"xsj_heading_hash xsj_heading xsj_heading_h4\" data-source-line=\"24\" data-source-line-display=\"true\"><span class=\"xsj_heading_content\">4. Schaltet die Maschine im Falle einer Panne automatisch ab?<\/span><\/h4>\n<p class=\"xsj_paragraph xsj_paragraph_level_0\" data-source-line=\"26\" data-source-line-display=\"true\">Ja, die Maschine ist so konzipiert, dass sie sich im Falle einer Panne automatisch abschaltet, um weitere Sch\u00e4den zu verhindern.<\/p>\n<div class=\"xiaoshujiang_element xsj_anchor\"><a class=\"blank_anchor_name\" name=\"520can20the20machine20test20wires20of20different20diameters_8\"><\/a><a id=\"520can20the20machine20test20wires20of20different20diameters_8\" class=\"blank_anchor_id\"><\/a><a class=\"blank_anchor_name\" name=\"5-can-the-machine-test-wires-of-different-diameters\"><\/a><a id=\"5-can-the-machine-test-wires-of-different-diameters\" class=\"blank_anchor_id\"><\/a><\/div>\n<h4 id=\"520can20the20machine20test20wires20of20different20diameters_8\" class=\"xsj_heading_hash xsj_heading xsj_heading_h4\" data-source-line=\"28\" data-source-line-display=\"true\"><span class=\"xsj_heading_content\">5. Kann die Maschine Dr\u00e4hte mit unterschiedlichen Durchmessern testen?<\/span><\/h4>\n<p class=\"xsj_paragraph xsj_paragraph_level_0\" data-source-line=\"30\" data-source-line-display=\"true\">Ja, die Maschine ist flexibel und kann verschiedene Arten von Kabeln und Dr\u00e4hten mit unterschiedlichen Durchmessern testen.<\/p>","protected":false},"excerpt":{"rendered":"<h2 id=\"features_1\" class=\"xsj_heading_hash xsj_heading xsj_heading_h2\" data-source-line=\"2\" data-source-line-display=\"true\"><span class=\"xsj_heading_content\">Merkmale:<\/span><\/h2>\n<ol class=\"markdown_ol\" data-source-line=\"4\">\n<li data-source-line=\"4\">Die Netzfrequenzkabel-Funkenpr\u00fcfmaschine verf\u00fcgt \u00fcber eine einstellbare H\u00f6he des Leitungsbodenzentrums von 850\u20131050 mm.<\/li>\n<li data-source-line=\"5\">Elektrodengr\u00f6\u00dfe: 30 x 120 mm Trommel und eine maximale Geschwindigkeit von 30\u201340 m\/min f\u00fcr die Betreffzeile.<\/li>\n<li data-source-line=\"6\">Maximale Breite 0120, mit einem Hochspannungstest-Elektrodenkopf bestehend aus einer Kupferb\u00fcrste, einer Kohleb\u00fcrste und einer Trommel.<\/li>\n<li data-source-line=\"7\">Flexibel \u2013 kann verschiedene Arten von Kabeln und Dr\u00e4hten mit unterschiedlichen Durchmessern testen.<\/li>\n<\/ol>","protected":false},"featured_media":31379,"template":"","meta":{"site-sidebar-layout":"default","site-content-layout":"default","ast-global-header-display":"","ast-banner-title-visibility":"","ast-main-header-display":"","ast-hfb-above-header-display":"","ast-hfb-below-header-display":"","ast-hfb-mobile-header-display":"","site-post-title":"","ast-breadcrumbs-content":"","ast-featured-img":"","footer-sml-layout":"","theme-transparent-header-meta":"default","adv-header-id-meta":"","stick-header-meta":"","header-above-stick-meta":"","header-main-stick-meta":"","header-below-stick-meta":""},"product_brand":[],"product_cat":[65,57],"product_tag":[],"class_list":{"0":"post-26634","1":"product","2":"type-product","3":"status-publish","4":"has-post-thumbnail","6":"product_cat-wire-and-cable-testing-equipment","7":"product_cat-cable-spark-test","8":"desktop-align-left","9":"tablet-align-left","10":"mobile-align-left","12":"first","13":"instock","14":"shipping-taxable","15":"product-type-simple"},"yoast_head":"<!-- This site is optimized with the Yoast SEO Premium plugin v20.12 (Yoast SEO v26.0) - https:\/\/yoast.com\/wordpress\/plugins\/seo\/ -->\n<title>Power Frequency Cable Spark Test Machine - QiPang<\/title>\n<meta name=\"description\" content=\"Ensure top-quality production with Power Frequency Cable Spark Test - specialized, reliable, and accurate. Upgrade your cable quality control today!\" \/>\n<meta name=\"robots\" content=\"index, follow, max-snippet:-1, max-image-preview:large, max-video-preview:-1\" \/>\n<link rel=\"canonical\" href=\"https:\/\/rollingringdrives.com\/de\/produkt\/netz-frequenzkabel-funkenprufmaschine\/\" \/>\n<meta property=\"og:locale\" content=\"de_DE\" \/>\n<meta property=\"og:type\" content=\"article\" \/>\n<meta property=\"og:title\" content=\"Power Frequency Cable Spark Test Machine\" \/>\n<meta property=\"og:description\" content=\"Ensure top-quality production with Power Frequency Cable Spark Test - specialized, reliable, and accurate. Upgrade your cable quality control today!\" \/>\n<meta property=\"og:url\" content=\"https:\/\/rollingringdrives.com\/de\/produkt\/netz-frequenzkabel-funkenprufmaschine\/\" \/>\n<meta property=\"og:site_name\" content=\"QiPang\" \/>\n<meta property=\"article:modified_time\" content=\"2024-05-10T08:01:19+00:00\" \/>\n<meta property=\"og:image\" content=\"https:\/\/rollingringdrives.com\/wp-content\/uploads\/2024\/05\/Power-Frequency-Cable-Spark-Test-Machine-1.png\" \/>\n\t<meta property=\"og:image:width\" content=\"600\" \/>\n\t<meta property=\"og:image:height\" content=\"600\" \/>\n\t<meta property=\"og:image:type\" content=\"image\/png\" \/>\n<meta name=\"twitter:card\" content=\"summary_large_image\" \/>\n<meta name=\"twitter:label1\" content=\"Gesch\u00e4tzte Lesezeit\" \/>\n\t<meta name=\"twitter:data1\" content=\"2\u00a0Minuten\" \/>\n<script type=\"application\/ld+json\" class=\"yoast-schema-graph\">{\"@context\":\"https:\/\/schema.org\",\"@graph\":[{\"@type\":\"WebPage\",\"@id\":\"https:\/\/rollingringdrives.com\/product\/power-frequency-cable-spark-test-machine\/\",\"url\":\"https:\/\/rollingringdrives.com\/product\/power-frequency-cable-spark-test-machine\/\",\"name\":\"Power Frequency Cable Spark Test Machine - QiPang\",\"isPartOf\":{\"@id\":\"https:\/\/rollingringdrives.com\/#website\"},\"primaryImageOfPage\":{\"@id\":\"https:\/\/rollingringdrives.com\/product\/power-frequency-cable-spark-test-machine\/#primaryimage\"},\"image\":{\"@id\":\"https:\/\/rollingringdrives.com\/product\/power-frequency-cable-spark-test-machine\/#primaryimage\"},\"thumbnailUrl\":\"https:\/\/rollingringdrives.com\/wp-content\/uploads\/2024\/05\/Power-Frequency-Cable-Spark-Test-Machine-1.png\",\"datePublished\":\"2023-05-27T05:52:09+00:00\",\"dateModified\":\"2024-05-10T08:01:19+00:00\",\"description\":\"Ensure top-quality production with Power Frequency Cable Spark Test - specialized, reliable, and accurate. Upgrade your cable quality control today!\",\"breadcrumb\":{\"@id\":\"https:\/\/rollingringdrives.com\/product\/power-frequency-cable-spark-test-machine\/#breadcrumb\"},\"inLanguage\":\"de\",\"potentialAction\":[{\"@type\":\"ReadAction\",\"target\":[\"https:\/\/rollingringdrives.com\/product\/power-frequency-cable-spark-test-machine\/\"]}]},{\"@type\":\"ImageObject\",\"inLanguage\":\"de\",\"@id\":\"https:\/\/rollingringdrives.com\/product\/power-frequency-cable-spark-test-machine\/#primaryimage\",\"url\":\"https:\/\/rollingringdrives.com\/wp-content\/uploads\/2024\/05\/Power-Frequency-Cable-Spark-Test-Machine-1.png\",\"contentUrl\":\"https:\/\/rollingringdrives.com\/wp-content\/uploads\/2024\/05\/Power-Frequency-Cable-Spark-Test-Machine-1.png\",\"width\":600,\"height\":600,\"caption\":\"Cable spark tester\"},{\"@type\":\"BreadcrumbList\",\"@id\":\"https:\/\/rollingringdrives.com\/product\/power-frequency-cable-spark-test-machine\/#breadcrumb\",\"itemListElement\":[{\"@type\":\"ListItem\",\"position\":1,\"name\":\"Home\",\"item\":\"https:\/\/rollingringdrives.com\/\"},{\"@type\":\"ListItem\",\"position\":2,\"name\":\"Machines\",\"item\":\"https:\/\/rollingringdrives.com\/machines\/\"},{\"@type\":\"ListItem\",\"position\":3,\"name\":\"Power Frequency Cable Spark Test Machine\"}]},{\"@type\":\"WebSite\",\"@id\":\"https:\/\/rollingringdrives.com\/#website\",\"url\":\"https:\/\/rollingringdrives.com\/\",\"name\":\"QiPang\",\"description\":\"QiPang Blog\",\"publisher\":{\"@id\":\"https:\/\/rollingringdrives.com\/#organization\"},\"potentialAction\":[{\"@type\":\"SearchAction\",\"target\":{\"@type\":\"EntryPoint\",\"urlTemplate\":\"https:\/\/rollingringdrives.com\/?s={search_term_string}\"},\"query-input\":{\"@type\":\"PropertyValueSpecification\",\"valueRequired\":true,\"valueName\":\"search_term_string\"}}],\"inLanguage\":\"de\"},{\"@type\":\"Organization\",\"@id\":\"https:\/\/rollingringdrives.com\/#organization\",\"name\":\"QiPang\",\"url\":\"https:\/\/rollingringdrives.com\/\",\"logo\":{\"@type\":\"ImageObject\",\"inLanguage\":\"de\",\"@id\":\"https:\/\/rollingringdrives.com\/#\/schema\/logo\/image\/\",\"url\":\"https:\/\/rollingringdrives.com\/wp-content\/uploads\/2023\/05\/cropped-\u672a\u547d\u540d\u7684\u8bbe\u8ba1.png\",\"contentUrl\":\"https:\/\/rollingringdrives.com\/wp-content\/uploads\/2023\/05\/cropped-\u672a\u547d\u540d\u7684\u8bbe\u8ba1.png\",\"width\":300,\"height\":191,\"caption\":\"QiPang\"},\"image\":{\"@id\":\"https:\/\/rollingringdrives.com\/#\/schema\/logo\/image\/\"}}]}<\/script>\n<!-- \/ Yoast SEO Premium plugin. -->","yoast_head_json":{"title":"Funkentestmaschine f\u00fcr Netzfrequenzkabel - QiPang","description":"Stellen Sie mit dem Netzfrequenzkabel-Funkentest eine erstklassige Produktion sicher \u2013 spezialisiert, zuverl\u00e4ssig und genau. R\u00fcsten Sie Ihre Kabelqualit\u00e4tskontrolle noch heute auf!","robots":{"index":"index","follow":"follow","max-snippet":"max-snippet:-1","max-image-preview":"max-image-preview:large","max-video-preview":"max-video-preview:-1"},"canonical":"https:\/\/rollingringdrives.com\/de\/produkt\/netz-frequenzkabel-funkenprufmaschine\/","og_locale":"de_DE","og_type":"article","og_title":"Power Frequency Cable Spark Test Machine","og_description":"Ensure top-quality production with Power Frequency Cable Spark Test - specialized, reliable, and accurate. Upgrade your cable quality control today!","og_url":"https:\/\/rollingringdrives.com\/de\/produkt\/netz-frequenzkabel-funkenprufmaschine\/","og_site_name":"QiPang","article_modified_time":"2024-05-10T08:01:19+00:00","og_image":[{"width":600,"height":600,"url":"https:\/\/rollingringdrives.com\/wp-content\/uploads\/2024\/05\/Power-Frequency-Cable-Spark-Test-Machine-1.png","type":"image\/png"}],"twitter_card":"summary_large_image","twitter_misc":{"Gesch\u00e4tzte Lesezeit":"2\u00a0Minuten"},"schema":{"@context":"https:\/\/schema.org","@graph":[{"@type":"WebPage","@id":"https:\/\/rollingringdrives.com\/product\/power-frequency-cable-spark-test-machine\/","url":"https:\/\/rollingringdrives.com\/product\/power-frequency-cable-spark-test-machine\/","name":"Funkentestmaschine f\u00fcr Netzfrequenzkabel - QiPang","isPartOf":{"@id":"https:\/\/rollingringdrives.com\/#website"},"primaryImageOfPage":{"@id":"https:\/\/rollingringdrives.com\/product\/power-frequency-cable-spark-test-machine\/#primaryimage"},"image":{"@id":"https:\/\/rollingringdrives.com\/product\/power-frequency-cable-spark-test-machine\/#primaryimage"},"thumbnailUrl":"https:\/\/rollingringdrives.com\/wp-content\/uploads\/2024\/05\/Power-Frequency-Cable-Spark-Test-Machine-1.png","datePublished":"2023-05-27T05:52:09+00:00","dateModified":"2024-05-10T08:01:19+00:00","description":"Stellen Sie mit dem Netzfrequenzkabel-Funkentest eine erstklassige Produktion sicher \u2013 spezialisiert, zuverl\u00e4ssig und genau. R\u00fcsten Sie Ihre Kabelqualit\u00e4tskontrolle noch heute auf!","breadcrumb":{"@id":"https:\/\/rollingringdrives.com\/product\/power-frequency-cable-spark-test-machine\/#breadcrumb"},"inLanguage":"de","potentialAction":[{"@type":"ReadAction","target":["https:\/\/rollingringdrives.com\/product\/power-frequency-cable-spark-test-machine\/"]}]},{"@type":"ImageObject","inLanguage":"de","@id":"https:\/\/rollingringdrives.com\/product\/power-frequency-cable-spark-test-machine\/#primaryimage","url":"https:\/\/rollingringdrives.com\/wp-content\/uploads\/2024\/05\/Power-Frequency-Cable-Spark-Test-Machine-1.png","contentUrl":"https:\/\/rollingringdrives.com\/wp-content\/uploads\/2024\/05\/Power-Frequency-Cable-Spark-Test-Machine-1.png","width":600,"height":600,"caption":"Cable spark tester"},{"@type":"BreadcrumbList","@id":"https:\/\/rollingringdrives.com\/product\/power-frequency-cable-spark-test-machine\/#breadcrumb","itemListElement":[{"@type":"ListItem","position":1,"name":"Home","item":"https:\/\/rollingringdrives.com\/"},{"@type":"ListItem","position":2,"name":"Machines","item":"https:\/\/rollingringdrives.com\/machines\/"},{"@type":"ListItem","position":3,"name":"Power Frequency Cable Spark Test Machine"}]},{"@type":"WebSite","@id":"https:\/\/rollingringdrives.com\/#website","url":"https:\/\/rollingringdrives.com\/","name":"QiPang","description":"QiPang-Blog","publisher":{"@id":"https:\/\/rollingringdrives.com\/#organization"},"potentialAction":[{"@type":"SearchAction","target":{"@type":"EntryPoint","urlTemplate":"https:\/\/rollingringdrives.com\/?s={search_term_string}"},"query-input":{"@type":"PropertyValueSpecification","valueRequired":true,"valueName":"search_term_string"}}],"inLanguage":"de"},{"@type":"Organization","@id":"https:\/\/rollingringdrives.com\/#organization","name":"QiPang","url":"https:\/\/rollingringdrives.com\/","logo":{"@type":"ImageObject","inLanguage":"de","@id":"https:\/\/rollingringdrives.com\/#\/schema\/logo\/image\/","url":"https:\/\/rollingringdrives.com\/wp-content\/uploads\/2023\/05\/cropped-\u672a\u547d\u540d\u7684\u8bbe\u8ba1.png","contentUrl":"https:\/\/rollingringdrives.com\/wp-content\/uploads\/2023\/05\/cropped-\u672a\u547d\u540d\u7684\u8bbe\u8ba1.png","width":300,"height":191,"caption":"QiPang"},"image":{"@id":"https:\/\/rollingringdrives.com\/#\/schema\/logo\/image\/"}}]}},"_links":{"self":[{"href":"https:\/\/rollingringdrives.com\/de\/wp-json\/wp\/v2\/product\/26634","targetHints":{"allow":["GET"]}}],"collection":[{"href":"https:\/\/rollingringdrives.com\/de\/wp-json\/wp\/v2\/product"}],"about":[{"href":"https:\/\/rollingringdrives.com\/de\/wp-json\/wp\/v2\/types\/product"}],"version-history":[{"count":0,"href":"https:\/\/rollingringdrives.com\/de\/wp-json\/wp\/v2\/product\/26634\/revisions"}],"wp:featuredmedia":[{"embeddable":true,"href":"https:\/\/rollingringdrives.com\/de\/wp-json\/wp\/v2\/media\/31379"}],"wp:attachment":[{"href":"https:\/\/rollingringdrives.com\/de\/wp-json\/wp\/v2\/media?parent=26634"}],"wp:term":[{"taxonomy":"product_brand","embeddable":true,"href":"https:\/\/rollingringdrives.com\/de\/wp-json\/wp\/v2\/product_brand?post=26634"},{"taxonomy":"product_cat","embeddable":true,"href":"https:\/\/rollingringdrives.com\/de\/wp-json\/wp\/v2\/product_cat?post=26634"},{"taxonomy":"product_tag","embeddable":true,"href":"https:\/\/rollingringdrives.com\/de\/wp-json\/wp\/v2\/product_tag?post=26634"}],"curies":[{"name":"wp","href":"https:\/\/api.w.org\/{rel}","templated":true}]}}