{"id":26789,"date":"2023-05-28T08:00:09","date_gmt":"2023-05-28T08:00:09","guid":{"rendered":"https:\/\/rollingringdrives.com\/?post_type=product&#038;p=26789"},"modified":"2023-05-28T08:00:11","modified_gmt":"2023-05-28T08:00:11","slug":"plastic-storage-wire-accumulator-wheel-model-100","status":"publish","type":"product","link":"https:\/\/rollingringdrives.com\/de\/produkt\/kunststoff-speicherdraht-akkumulatorrad-modell-100\/","title":{"rendered":"Drahtspeicherrad aus Kunststoff, Modell 100"},"content":{"rendered":"<p class=\"xsj_paragraph xsj_paragraph_level_0\" data-source-line=\"0\" data-source-line-display=\"true\">Das Kabelspeicherrad ist ein unverzichtbares Zubeh\u00f6rteil f\u00fcr Ger\u00e4te zur Draht- und Kabelherstellung, das das Einklemmen und Lagern von Dr\u00e4hten erleichtert. Dieses Produkt ist in verschiedenen Materialien erh\u00e4ltlich, darunter Kunststoff und Metall. Der <strong>Kunststoff-Speicherdrahtspeicherrad Modell 100<\/strong> ist ein \u00e4u\u00dferst langlebiges und verschlei\u00dffestes Produkt, das sich ideal f\u00fcr Extrusionsproduktionslinien, Drahtspeichermaschinen und Drahtspeicher eignet.<\/p>\n<p data-source-line=\"0\" data-source-line-display=\"true\"><\/p>\n<div class=\"xiaoshujiang_element xsj_anchor\"><a class=\"blank_anchor_name\" name=\"applications_1\"><\/a><a id=\"applications_1\" class=\"blank_anchor_id\"><\/a><a class=\"blank_anchor_name\" name=\"applications\"><\/a><a id=\"applications\" class=\"blank_anchor_id\"><\/a><\/div>\n<h2 id=\"applications_1\" class=\"xsj_heading_hash xsj_heading xsj_heading_h2\" data-source-line=\"2\" data-source-line-display=\"true\"><span class=\"xsj_heading_content\">Anwendungen:<\/span><\/h2>\n<p class=\"xsj_paragraph xsj_paragraph_level_0\" data-source-line=\"4\" data-source-line-display=\"true\">Das Drahtspeicherrad aus Kunststoff, Modell 100, kann in verschiedenen Ger\u00e4ten zur Draht- und Kabelherstellung eingesetzt werden. Zu den h\u00e4ufigsten Anwendungen geh\u00f6ren:<\/p>\n<ol class=\"markdown_ol\" data-source-line=\"6\">\n<li data-source-line=\"6\">\n<p class=\"xsj_paragraph xsj_paragraph_level_2\">Extrusions-Produktionslinien: Es ist das am besten geeignete Zubeh\u00f6r zur Erleichterung der Handhabung und Lagerung von Dr\u00e4hten in Extrusions-Produktionslinien.<\/p>\n<\/li>\n<li data-source-line=\"8\">\n<p class=\"xsj_paragraph xsj_paragraph_level_2\">Drahtspeichermaschinen: Dieses Produkt kann in Drahtspeichermaschinen und Drahtspeichern verwendet werden, um deren Effizienz zu steigern.<\/p>\n<\/li>\n<li data-source-line=\"10\">\n<p class=\"xsj_paragraph xsj_paragraph_level_2\">Ausr\u00fcstung f\u00fcr die Draht- und Kabelherstellung: Das Kabelspeicherrad ist ein unverzichtbares Zubeh\u00f6r f\u00fcr Ausr\u00fcstung f\u00fcr die Draht- und Kabelherstellung.<\/p>\n<\/li>\n<\/ol>\n<div class=\"xiaoshujiang_element xsj_anchor\"><a class=\"blank_anchor_name\" name=\"characteristics_2\"><\/a><a id=\"characteristics_2\" class=\"blank_anchor_id\"><\/a><a class=\"blank_anchor_name\" name=\"characteristics\"><\/a><a id=\"characteristics\" class=\"blank_anchor_id\"><\/a><\/div>\n<h2 id=\"characteristics_2\" class=\"xsj_heading_hash xsj_heading xsj_heading_h2\" data-source-line=\"12\" data-source-line-display=\"true\"><span class=\"xsj_heading_content\">Eigenschaften:<\/span><\/h2>\n<p class=\"xsj_paragraph xsj_paragraph_level_0\" data-source-line=\"14\" data-source-line-display=\"true\">Das Drahtspeicherrad aus Kunststoff, Modell 100, verf\u00fcgt \u00fcber spezifische Eigenschaften, die es zu einem hervorragenden Zubeh\u00f6r f\u00fcr Ger\u00e4te zur Draht- und Kabelherstellung machen. Zu diesen Merkmalen geh\u00f6ren:<\/p>\n<ol class=\"markdown_ol\" data-source-line=\"16\">\n<li data-source-line=\"16\">\n<p class=\"xsj_paragraph xsj_paragraph_level_2\">Kosteng\u00fcnstig: Das F\u00fchrungsrad aus Kunststoff ist kosteng\u00fcnstig, sodass Ger\u00e4tebesitzer ihre Investitionskosten einsparen k\u00f6nnen.<\/p>\n<\/li>\n<li data-source-line=\"18\">\n<p class=\"xsj_paragraph xsj_paragraph_level_2\">Verschlei\u00dffest: Die Auswahl hochwertiger Kunststoffmaterialien macht das Rad verschlei\u00dffest.<\/p>\n<\/li>\n<li data-source-line=\"20\">\n<p class=\"xsj_paragraph xsj_paragraph_level_2\">Geringes Gewicht: Das geringe Gewicht des Produkts erleichtert die Bewegung und den Transport.<\/p>\n<\/li>\n<li data-source-line=\"22\">\n<p class=\"xsj_paragraph xsj_paragraph_level_2\">Hohe Flexibilit\u00e4t: Das Kabelspeicherrad verf\u00fcgt \u00fcber eine hohe Flexibilit\u00e4t, sodass es den hohen Drehmomentanforderungen standh\u00e4lt.<\/p>\n<\/li>\n<li data-source-line=\"24\">\n<p class=\"xsj_paragraph xsj_paragraph_level_2\">Langlebig: Das Rad bietet aufgrund seiner au\u00dfergew\u00f6hnlichen Festigkeit und Haltbarkeit eine l\u00e4ngere Lebensdauer.<\/p>\n<\/li>\n<\/ol>\n<div class=\"xiaoshujiang_element xsj_anchor\"><a class=\"blank_anchor_name\" name=\"faqs_3\"><\/a><a id=\"faqs_3\" class=\"blank_anchor_id\"><\/a><a class=\"blank_anchor_name\" name=\"faqs\"><\/a><a id=\"faqs\" class=\"blank_anchor_id\"><\/a><\/div>\n<h2 id=\"faqs_3\" class=\"xsj_heading_hash xsj_heading xsj_heading_h2\" data-source-line=\"26\" data-source-line-display=\"true\"><span class=\"xsj_heading_content\">FAQs:<\/span><\/h2>\n<div class=\"xiaoshujiang_element xsj_anchor\"><a class=\"blank_anchor_name\" name=\"120what20is20the20purpose20of20a20cable20accumulator20wheel_4\"><\/a><a id=\"120what20is20the20purpose20of20a20cable20accumulator20wheel_4\" class=\"blank_anchor_id\"><\/a><a class=\"blank_anchor_name\" name=\"1-what-is-the-purpose-of-a-cable-accumulator-wheel\"><\/a><a id=\"1-what-is-the-purpose-of-a-cable-accumulator-wheel\" class=\"blank_anchor_id\"><\/a><\/div>\n<h4 id=\"120what20is20the20purpose20of20a20cable20accumulator20wheel_4\" class=\"xsj_heading_hash xsj_heading xsj_heading_h4\" data-source-line=\"28\" data-source-line-display=\"true\"><span class=\"xsj_heading_content\">1) Wozu dient ein Kabelspeicherrad?<\/span><\/h4>\n<p class=\"xsj_paragraph xsj_paragraph_level_0\" data-source-line=\"30\" data-source-line-display=\"true\">Antwort: Das Kabelsammelrad ist ein wichtiges Zubeh\u00f6rteil f\u00fcr Ger\u00e4te zur Draht- und Kabelherstellung, das das Einklemmen und Lagern von Dr\u00e4hten erleichtert.<\/p>\n<div class=\"xiaoshujiang_element xsj_anchor\"><a class=\"blank_anchor_name\" name=\"220what20materials20are20used20to20manufacture20storage20wire20wheels_5\"><\/a><a id=\"220what20materials20are20used20to20manufacture20storage20wire20wheels_5\" class=\"blank_anchor_id\"><\/a><a class=\"blank_anchor_name\" name=\"2-what-materials-are-used-to-manufacture-storage-wire-wheels\"><\/a><a id=\"2-what-materials-are-used-to-manufacture-storage-wire-wheels\" class=\"blank_anchor_id\"><\/a><\/div>\n<h4 id=\"220what20materials20are20used20to20manufacture20storage20wire20wheels_5\" class=\"xsj_heading_hash xsj_heading xsj_heading_h4\" data-source-line=\"32\" data-source-line-display=\"true\"><span class=\"xsj_heading_content\">2) Aus welchen Materialien werden Lagerspeichenr\u00e4der hergestellt?<\/span><\/h4>\n<p class=\"xsj_paragraph xsj_paragraph_level_0\" data-source-line=\"34\" data-source-line-display=\"true\">Antwort: Lagerspeichenr\u00e4der bestehen haupts\u00e4chlich aus Kunststoff und Metall.<\/p>\n<div class=\"xiaoshujiang_element xsj_anchor\"><a class=\"blank_anchor_name\" name=\"320what20are20the20unique20features20of20the20plastic20storage20wire20accumulator20wheel20model20100_6\"><\/a><a id=\"320what20are20the20unique20features20of20the20plastic20storage20wire20accumulator20wheel20model20100_6\" class=\"blank_anchor_id\"><\/a><a class=\"blank_anchor_name\" name=\"3-what-are-the-unique-features-of-the-plastic-storage-wire-accumulator-wheel-model-100\"><\/a><a id=\"3-what-are-the-unique-features-of-the-plastic-storage-wire-accumulator-wheel-model-100\" class=\"blank_anchor_id\"><\/a><\/div>\n<h4 id=\"320what20are20the20unique20features20of20the20plastic20storage20wire20accumulator20wheel20model20100_6\" class=\"xsj_heading_hash xsj_heading xsj_heading_h4\" data-source-line=\"36\" data-source-line-display=\"true\"><span class=\"xsj_heading_content\">3) Was sind die einzigartigen Merkmale des Drahtspeicherrads aus Kunststoff Modell 100?<\/span><\/h4>\n<p class=\"xsj_paragraph xsj_paragraph_level_0\" data-source-line=\"38\" data-source-line-display=\"true\">Antwort: Zu den einzigartigen Merkmalen des Produkts geh\u00f6ren hochwertiges Kunststoffmaterial, geringes Gewicht, au\u00dfergew\u00f6hnliche Haltbarkeit und ein \u00e4sthetisch ansprechendes Erscheinungsbild.<\/p>\n<div class=\"xiaoshujiang_element xsj_anchor\"><a class=\"blank_anchor_name\" name=\"420can20the20plastic20guiding20wheel20withstand20high-speed20equipment_7\"><\/a><a id=\"420can20the20plastic20guiding20wheel20withstand20high-speed20equipment_7\" class=\"blank_anchor_id\"><\/a><a class=\"blank_anchor_name\" name=\"4-can-the-plastic-guiding-wheel-withstand-high-speed-equipment\"><\/a><a id=\"4-can-the-plastic-guiding-wheel-withstand-high-speed-equipment\" class=\"blank_anchor_id\"><\/a><\/div>\n<h4 id=\"420can20the20plastic20guiding20wheel20withstand20high-speed20equipment_7\" class=\"xsj_heading_hash xsj_heading xsj_heading_h4\" data-source-line=\"40\" data-source-line-display=\"true\"><span class=\"xsj_heading_content\">4) H\u00e4lt das F\u00fchrungsrad aus Kunststoff Hochgeschwindigkeitsger\u00e4ten stand?<\/span><\/h4>\n<p class=\"xsj_paragraph xsj_paragraph_level_0\" data-source-line=\"42\" data-source-line-display=\"true\">Antwort: Ja, das Kunststoff-Speicherdrahtspeicherrad Modell 100 ist f\u00fcr hohe Geschwindigkeiten ausgelegt.<\/p>\n<div class=\"xiaoshujiang_element xsj_anchor\"><a class=\"blank_anchor_name\" name=\"520how20can20i20customize20the20bearing20specifications20for20the20plastic20storage20wire20accumulator20wheel20model20100_8\"><\/a><a id=\"520how20can20i20customize20the20bearing20specifications20for20the20plastic20storage20wire20accumulator20wheel20model20100_8\" class=\"blank_anchor_id\"><\/a><a class=\"blank_anchor_name\" name=\"5-how-can-i-customize-the-bearing-specifications-for-the-plastic-storage-wire-accumulator-wheel-model-100\"><\/a><a id=\"5-how-can-i-customize-the-bearing-specifications-for-the-plastic-storage-wire-accumulator-wheel-model-100\" class=\"blank_anchor_id\"><\/a><\/div>\n<h4 id=\"520how20can20i20customize20the20bearing20specifications20for20the20plastic20storage20wire20accumulator20wheel20model20100_8\" class=\"xsj_heading_hash xsj_heading xsj_heading_h4\" data-source-line=\"44\" data-source-line-display=\"true\"><span class=\"xsj_heading_content\">5) Wie kann ich die Lagerspezifikationen f\u00fcr das Drahtspeicherrad aus Kunststoff, Modell 100, anpassen?<\/span><\/h4>\n<p class=\"xsj_paragraph xsj_paragraph_level_0\" data-source-line=\"46\" data-source-line-display=\"true\">Antwort: Kontaktieren Sie unser Kundendienstteam, um die Lagerspezifikationen an Ihre spezifischen Bed\u00fcrfnisse anzupassen.<\/p>","protected":false},"excerpt":{"rendered":"<h2 id=\"features_1\" class=\"xsj_heading_hash xsj_heading xsj_heading_h2\" data-source-line=\"2\" data-source-line-display=\"true\"><span class=\"xsj_heading_content\">Merkmale:<\/span><\/h2>\n<p class=\"xsj_paragraph xsj_paragraph_level_0\" data-source-line=\"4\" data-source-line-display=\"true\">Das Kunststoff-Drahtspeicherrad Modell 100 verf\u00fcgt \u00fcber viele Eigenschaften, die es zu einem optimalen Zubeh\u00f6r f\u00fcr Draht- und Kabelherstellungsger\u00e4te machen. Zu diesen Funktionen geh\u00f6ren:<\/p>\n<ol class=\"markdown_ol\" data-source-line=\"6\">\n<li data-source-line=\"6\">Hochwertiges Kunststoffmaterial: Das f\u00fcr das Rad verwendete Kunststoffmaterial verf\u00fcgt \u00fcber einzigartige verschlei\u00dffeste Eigenschaften.<\/li>\n<li data-source-line=\"7\">Leichtes Design: Dieses Rad ist leicht und flexibel, sodass es leicht zu tragen ist.<\/li>\n<li data-source-line=\"8\">Au\u00dfergew\u00f6hnliche Haltbarkeit: Das F\u00fchrungsrad aus Kunststoff bietet eine lange Lebensdauer und ist best\u00e4ndig gegen Verformung.<\/li>\n<li data-source-line=\"9\">\u00c4sthetisch ansprechend: Das Kabelspeicherrad hat ein sch\u00f6nes Aussehen und sein Design besch\u00e4digt weder Kabel noch Leitungen.<\/li>\n<li data-source-line=\"10\">Passen Sie andere Rad- oder Lagerspezifikationen an: Dieses Produkt kann durch \u00c4ndern der Lagerspezifikationen an die individuellen Anforderungen bestimmter Ger\u00e4te angepasst werden.<\/li>\n<\/ol>","protected":false},"featured_media":26791,"template":"","meta":{"site-sidebar-layout":"default","site-content-layout":"default","ast-global-header-display":"","ast-banner-title-visibility":"","ast-main-header-display":"","ast-hfb-above-header-display":"","ast-hfb-below-header-display":"","ast-hfb-mobile-header-display":"","site-post-title":"","ast-breadcrumbs-content":"","ast-featured-img":"","footer-sml-layout":"","theme-transparent-header-meta":"default","adv-header-id-meta":"","stick-header-meta":"","header-above-stick-meta":"","header-main-stick-meta":"","header-below-stick-meta":""},"product_brand":[],"product_cat":[61],"product_tag":[],"class_list":{"0":"post-26789","1":"product","2":"type-product","3":"status-publish","4":"has-post-thumbnail","6":"product_cat-cable-accumulator-pulley","7":"desktop-align-left","8":"tablet-align-left","9":"mobile-align-left","11":"first","12":"instock","13":"shipping-taxable","14":"product-type-simple"},"yoast_head":"<!-- This site is optimized with the Yoast SEO Premium plugin v20.12 (Yoast SEO v26.0) - https:\/\/yoast.com\/wordpress\/plugins\/seo\/ -->\n<title>Plastic Storage Wire Accumulator Wheel Model 100 - QiPang<\/title>\n<meta name=\"robots\" content=\"index, follow, max-snippet:-1, max-image-preview:large, max-video-preview:-1\" \/>\n<link rel=\"canonical\" href=\"https:\/\/rollingringdrives.com\/de\/produkt\/kunststoff-speicherdraht-akkumulatorrad-modell-100\/\" \/>\n<meta property=\"og:locale\" content=\"de_DE\" \/>\n<meta property=\"og:type\" content=\"article\" \/>\n<meta property=\"og:title\" content=\"Plastic Storage Wire Accumulator Wheel Model 100\" \/>\n<meta property=\"og:description\" content=\"Features: The plastic storage wire accumulator wheel model 100 has many features that make it an optimal accessory for wire and cable manufacturing equipment. These features include:    High-Quality Plastic Material: The plastic material used for the wheel contains unique wear-resistant properties.  Light-weighted design: This wheel is lightweight and flexible, making it easy to carry.  Exceptional Durability: The plastic guiding wheel provides a long-lasting service life resistant to deformation.  Aesthetically Pleasing: The cable accumulator wheel has a beautiful appearance, and its design does not damage cables or wires.  Customize other wheel or bearing specifications: This product can be customized to meet the unique needs of specific equipment by modifying the bearing specifications.\" \/>\n<meta property=\"og:url\" content=\"https:\/\/rollingringdrives.com\/de\/produkt\/kunststoff-speicherdraht-akkumulatorrad-modell-100\/\" \/>\n<meta property=\"og:site_name\" content=\"QiPang\" \/>\n<meta property=\"article:modified_time\" content=\"2023-05-28T08:00:11+00:00\" \/>\n<meta property=\"og:image\" content=\"https:\/\/rollingringdrives.com\/wp-content\/uploads\/2023\/05\/\u4e3b\u56fe-1-12.jpg\" \/>\n\t<meta property=\"og:image:width\" content=\"600\" \/>\n\t<meta property=\"og:image:height\" content=\"600\" \/>\n\t<meta property=\"og:image:type\" content=\"image\/jpeg\" \/>\n<meta name=\"twitter:card\" content=\"summary_large_image\" \/>\n<meta name=\"twitter:label1\" content=\"Gesch\u00e4tzte Lesezeit\" \/>\n\t<meta name=\"twitter:data1\" content=\"2\u00a0Minuten\" \/>\n<script type=\"application\/ld+json\" class=\"yoast-schema-graph\">{\"@context\":\"https:\/\/schema.org\",\"@graph\":[{\"@type\":\"WebPage\",\"@id\":\"https:\/\/rollingringdrives.com\/product\/plastic-storage-wire-accumulator-wheel-model-100\/\",\"url\":\"https:\/\/rollingringdrives.com\/product\/plastic-storage-wire-accumulator-wheel-model-100\/\",\"name\":\"Plastic Storage Wire Accumulator Wheel Model 100 - QiPang\",\"isPartOf\":{\"@id\":\"https:\/\/rollingringdrives.com\/#website\"},\"primaryImageOfPage\":{\"@id\":\"https:\/\/rollingringdrives.com\/product\/plastic-storage-wire-accumulator-wheel-model-100\/#primaryimage\"},\"image\":{\"@id\":\"https:\/\/rollingringdrives.com\/product\/plastic-storage-wire-accumulator-wheel-model-100\/#primaryimage\"},\"thumbnailUrl\":\"https:\/\/rollingringdrives.com\/wp-content\/uploads\/2023\/05\/\u4e3b\u56fe-1-12.jpg\",\"datePublished\":\"2023-05-28T08:00:09+00:00\",\"dateModified\":\"2023-05-28T08:00:11+00:00\",\"breadcrumb\":{\"@id\":\"https:\/\/rollingringdrives.com\/product\/plastic-storage-wire-accumulator-wheel-model-100\/#breadcrumb\"},\"inLanguage\":\"de\",\"potentialAction\":[{\"@type\":\"ReadAction\",\"target\":[\"https:\/\/rollingringdrives.com\/product\/plastic-storage-wire-accumulator-wheel-model-100\/\"]}]},{\"@type\":\"ImageObject\",\"inLanguage\":\"de\",\"@id\":\"https:\/\/rollingringdrives.com\/product\/plastic-storage-wire-accumulator-wheel-model-100\/#primaryimage\",\"url\":\"https:\/\/rollingringdrives.com\/wp-content\/uploads\/2023\/05\/\u4e3b\u56fe-1-12.jpg\",\"contentUrl\":\"https:\/\/rollingringdrives.com\/wp-content\/uploads\/2023\/05\/\u4e3b\u56fe-1-12.jpg\",\"width\":600,\"height\":600,\"caption\":\"Plastic Storage Wire Accumulator Wheel Model 100\"},{\"@type\":\"BreadcrumbList\",\"@id\":\"https:\/\/rollingringdrives.com\/product\/plastic-storage-wire-accumulator-wheel-model-100\/#breadcrumb\",\"itemListElement\":[{\"@type\":\"ListItem\",\"position\":1,\"name\":\"Home\",\"item\":\"https:\/\/rollingringdrives.com\/\"},{\"@type\":\"ListItem\",\"position\":2,\"name\":\"Machines\",\"item\":\"https:\/\/rollingringdrives.com\/machines\/\"},{\"@type\":\"ListItem\",\"position\":3,\"name\":\"Plastic Storage Wire Accumulator Wheel Model 100\"}]},{\"@type\":\"WebSite\",\"@id\":\"https:\/\/rollingringdrives.com\/#website\",\"url\":\"https:\/\/rollingringdrives.com\/\",\"name\":\"QiPang\",\"description\":\"QiPang Blog\",\"publisher\":{\"@id\":\"https:\/\/rollingringdrives.com\/#organization\"},\"potentialAction\":[{\"@type\":\"SearchAction\",\"target\":{\"@type\":\"EntryPoint\",\"urlTemplate\":\"https:\/\/rollingringdrives.com\/?s={search_term_string}\"},\"query-input\":{\"@type\":\"PropertyValueSpecification\",\"valueRequired\":true,\"valueName\":\"search_term_string\"}}],\"inLanguage\":\"de\"},{\"@type\":\"Organization\",\"@id\":\"https:\/\/rollingringdrives.com\/#organization\",\"name\":\"QiPang\",\"url\":\"https:\/\/rollingringdrives.com\/\",\"logo\":{\"@type\":\"ImageObject\",\"inLanguage\":\"de\",\"@id\":\"https:\/\/rollingringdrives.com\/#\/schema\/logo\/image\/\",\"url\":\"https:\/\/rollingringdrives.com\/wp-content\/uploads\/2023\/05\/cropped-\u672a\u547d\u540d\u7684\u8bbe\u8ba1.png\",\"contentUrl\":\"https:\/\/rollingringdrives.com\/wp-content\/uploads\/2023\/05\/cropped-\u672a\u547d\u540d\u7684\u8bbe\u8ba1.png\",\"width\":300,\"height\":191,\"caption\":\"QiPang\"},\"image\":{\"@id\":\"https:\/\/rollingringdrives.com\/#\/schema\/logo\/image\/\"}}]}<\/script>\n<!-- \/ Yoast SEO Premium plugin. -->","yoast_head_json":{"title":"Kunststoffspeicher-Drahtspeicherrad Modell 100 \u2013 QiPang","robots":{"index":"index","follow":"follow","max-snippet":"max-snippet:-1","max-image-preview":"max-image-preview:large","max-video-preview":"max-video-preview:-1"},"canonical":"https:\/\/rollingringdrives.com\/de\/produkt\/kunststoff-speicherdraht-akkumulatorrad-modell-100\/","og_locale":"de_DE","og_type":"article","og_title":"Plastic Storage Wire Accumulator Wheel Model 100","og_description":"Features: The plastic storage wire accumulator wheel model 100 has many features that make it an optimal accessory for wire and cable manufacturing equipment. These features include:    High-Quality Plastic Material: The plastic material used for the wheel contains unique wear-resistant properties.  Light-weighted design: This wheel is lightweight and flexible, making it easy to carry.  Exceptional Durability: The plastic guiding wheel provides a long-lasting service life resistant to deformation.  Aesthetically Pleasing: The cable accumulator wheel has a beautiful appearance, and its design does not damage cables or wires.  Customize other wheel or bearing specifications: This product can be customized to meet the unique needs of specific equipment by modifying the bearing specifications.","og_url":"https:\/\/rollingringdrives.com\/de\/produkt\/kunststoff-speicherdraht-akkumulatorrad-modell-100\/","og_site_name":"QiPang","article_modified_time":"2023-05-28T08:00:11+00:00","og_image":[{"width":600,"height":600,"url":"https:\/\/rollingringdrives.com\/wp-content\/uploads\/2023\/05\/\u4e3b\u56fe-1-12.jpg","type":"image\/jpeg"}],"twitter_card":"summary_large_image","twitter_misc":{"Gesch\u00e4tzte Lesezeit":"2\u00a0Minuten"},"schema":{"@context":"https:\/\/schema.org","@graph":[{"@type":"WebPage","@id":"https:\/\/rollingringdrives.com\/product\/plastic-storage-wire-accumulator-wheel-model-100\/","url":"https:\/\/rollingringdrives.com\/product\/plastic-storage-wire-accumulator-wheel-model-100\/","name":"Kunststoffspeicher-Drahtspeicherrad Modell 100 \u2013 QiPang","isPartOf":{"@id":"https:\/\/rollingringdrives.com\/#website"},"primaryImageOfPage":{"@id":"https:\/\/rollingringdrives.com\/product\/plastic-storage-wire-accumulator-wheel-model-100\/#primaryimage"},"image":{"@id":"https:\/\/rollingringdrives.com\/product\/plastic-storage-wire-accumulator-wheel-model-100\/#primaryimage"},"thumbnailUrl":"https:\/\/rollingringdrives.com\/wp-content\/uploads\/2023\/05\/\u4e3b\u56fe-1-12.jpg","datePublished":"2023-05-28T08:00:09+00:00","dateModified":"2023-05-28T08:00:11+00:00","breadcrumb":{"@id":"https:\/\/rollingringdrives.com\/product\/plastic-storage-wire-accumulator-wheel-model-100\/#breadcrumb"},"inLanguage":"de","potentialAction":[{"@type":"ReadAction","target":["https:\/\/rollingringdrives.com\/product\/plastic-storage-wire-accumulator-wheel-model-100\/"]}]},{"@type":"ImageObject","inLanguage":"de","@id":"https:\/\/rollingringdrives.com\/product\/plastic-storage-wire-accumulator-wheel-model-100\/#primaryimage","url":"https:\/\/rollingringdrives.com\/wp-content\/uploads\/2023\/05\/\u4e3b\u56fe-1-12.jpg","contentUrl":"https:\/\/rollingringdrives.com\/wp-content\/uploads\/2023\/05\/\u4e3b\u56fe-1-12.jpg","width":600,"height":600,"caption":"Plastic Storage Wire Accumulator Wheel Model 100"},{"@type":"BreadcrumbList","@id":"https:\/\/rollingringdrives.com\/product\/plastic-storage-wire-accumulator-wheel-model-100\/#breadcrumb","itemListElement":[{"@type":"ListItem","position":1,"name":"Home","item":"https:\/\/rollingringdrives.com\/"},{"@type":"ListItem","position":2,"name":"Machines","item":"https:\/\/rollingringdrives.com\/machines\/"},{"@type":"ListItem","position":3,"name":"Plastic Storage Wire Accumulator Wheel Model 100"}]},{"@type":"WebSite","@id":"https:\/\/rollingringdrives.com\/#website","url":"https:\/\/rollingringdrives.com\/","name":"QiPang","description":"QiPang-Blog","publisher":{"@id":"https:\/\/rollingringdrives.com\/#organization"},"potentialAction":[{"@type":"SearchAction","target":{"@type":"EntryPoint","urlTemplate":"https:\/\/rollingringdrives.com\/?s={search_term_string}"},"query-input":{"@type":"PropertyValueSpecification","valueRequired":true,"valueName":"search_term_string"}}],"inLanguage":"de"},{"@type":"Organization","@id":"https:\/\/rollingringdrives.com\/#organization","name":"QiPang","url":"https:\/\/rollingringdrives.com\/","logo":{"@type":"ImageObject","inLanguage":"de","@id":"https:\/\/rollingringdrives.com\/#\/schema\/logo\/image\/","url":"https:\/\/rollingringdrives.com\/wp-content\/uploads\/2023\/05\/cropped-\u672a\u547d\u540d\u7684\u8bbe\u8ba1.png","contentUrl":"https:\/\/rollingringdrives.com\/wp-content\/uploads\/2023\/05\/cropped-\u672a\u547d\u540d\u7684\u8bbe\u8ba1.png","width":300,"height":191,"caption":"QiPang"},"image":{"@id":"https:\/\/rollingringdrives.com\/#\/schema\/logo\/image\/"}}]}},"_links":{"self":[{"href":"https:\/\/rollingringdrives.com\/de\/wp-json\/wp\/v2\/product\/26789","targetHints":{"allow":["GET"]}}],"collection":[{"href":"https:\/\/rollingringdrives.com\/de\/wp-json\/wp\/v2\/product"}],"about":[{"href":"https:\/\/rollingringdrives.com\/de\/wp-json\/wp\/v2\/types\/product"}],"version-history":[{"count":0,"href":"https:\/\/rollingringdrives.com\/de\/wp-json\/wp\/v2\/product\/26789\/revisions"}],"wp:featuredmedia":[{"embeddable":true,"href":"https:\/\/rollingringdrives.com\/de\/wp-json\/wp\/v2\/media\/26791"}],"wp:attachment":[{"href":"https:\/\/rollingringdrives.com\/de\/wp-json\/wp\/v2\/media?parent=26789"}],"wp:term":[{"taxonomy":"product_brand","embeddable":true,"href":"https:\/\/rollingringdrives.com\/de\/wp-json\/wp\/v2\/product_brand?post=26789"},{"taxonomy":"product_cat","embeddable":true,"href":"https:\/\/rollingringdrives.com\/de\/wp-json\/wp\/v2\/product_cat?post=26789"},{"taxonomy":"product_tag","embeddable":true,"href":"https:\/\/rollingringdrives.com\/de\/wp-json\/wp\/v2\/product_tag?post=26789"}],"curies":[{"name":"wp","href":"https:\/\/api.w.org\/{rel}","templated":true}]}}