{"id":26819,"date":"2023-05-28T08:40:48","date_gmt":"2023-05-28T08:40:48","guid":{"rendered":"https:\/\/rollingringdrives.com\/?post_type=product&#038;p=26819"},"modified":"2023-05-28T08:40:50","modified_gmt":"2023-05-28T08:40:50","slug":"plastic-storage-wire-accumulator-wheel-model-217","status":"publish","type":"product","link":"https:\/\/rollingringdrives.com\/de\/produkt\/kunststoff-speicherdraht-akkumulatorrad-modell-217\/","title":{"rendered":"Drahtspeicherrad aus Kunststoff, Modell 217"},"content":{"rendered":"<p class=\"xsj_paragraph xsj_paragraph_level_0\" data-source-line=\"0\" data-source-line-display=\"true\">Das Kabelspeicherrad ist eine Art Speicherdrahtrad, das in Drahtspeichermaschinen, Drahtspeichern und Extrusionsproduktionslinien verwendet wird. Es ist in verschiedenen Materialien wie Kunststoff, Gummi und Metall erh\u00e4ltlich. Der <strong>Modell 217<\/strong> ist die Kunststoffversion dieses Rades mit einem Au\u00dfendurchmesser von 217 mm und einer flachen Nut.<\/p>\n<p data-source-line=\"0\" data-source-line-display=\"true\"><\/p>\n<div class=\"xiaoshujiang_element xsj_anchor\"><a class=\"blank_anchor_name\" name=\"applications_1\"><\/a><a id=\"applications_1\" class=\"blank_anchor_id\"><\/a><a class=\"blank_anchor_name\" name=\"applications\"><\/a><a id=\"applications\" class=\"blank_anchor_id\"><\/a><\/div>\n<h2 id=\"applications_1\" class=\"xsj_heading_hash xsj_heading xsj_heading_h2\" data-source-line=\"2\" data-source-line-display=\"true\"><span class=\"xsj_heading_content\">Anwendungen:<\/span><\/h2>\n<p class=\"xsj_paragraph xsj_paragraph_level_0\" data-source-line=\"4\" data-source-line-display=\"true\">Der Kunststoff-Drahtspeicher Modell 217 mit seinem gro\u00dfen Au\u00dfendurchmesser von 217 mm wird in Drahtspeichermaschinen, Drahtspeichern und Extrusionsproduktionslinien verwendet. Es ist so konzipiert, dass beim L\u00f6sen des Drahtes eine konstante Spannungsrate aufrechterhalten wird.<\/p>\n<div class=\"xiaoshujiang_element xsj_anchor\"><a class=\"blank_anchor_name\" name=\"characteristics_2\"><\/a><a id=\"characteristics_2\" class=\"blank_anchor_id\"><\/a><a class=\"blank_anchor_name\" name=\"characteristics\"><\/a><a id=\"characteristics\" class=\"blank_anchor_id\"><\/a><\/div>\n<h2 id=\"characteristics_2\" class=\"xsj_heading_hash xsj_heading xsj_heading_h2\" data-source-line=\"6\" data-source-line-display=\"true\"><span class=\"xsj_heading_content\">Eigenschaften:<\/span><\/h2>\n<p class=\"xsj_paragraph xsj_paragraph_level_0\" data-source-line=\"8\" data-source-line-display=\"true\">Das 217 Plastic Storage Wire Accumulator Wheel weist die folgenden au\u00dfergew\u00f6hnlichen Eigenschaften auf:<\/p>\n<ol class=\"markdown_ol\" data-source-line=\"10\">\n<li data-source-line=\"10\">Ein hochwertiges, verschlei\u00dffestes Kunststoffmaterial.<\/li>\n<li data-source-line=\"11\">Leicht und flexibel, dadurch einfach zu verwenden und zu bedienen.<\/li>\n<li data-source-line=\"12\">Das schlanke Erscheinungsbild ist kabelfreundlich und f\u00fcr den Hochgeschwindigkeitsbetrieb geeignet.<\/li>\n<li data-source-line=\"13\">Hohe Geschwindigkeit und langlebig ohne Verformung.<\/li>\n<li data-source-line=\"14\">Anpassbare Rad- oder Lagerspezifikationen.<\/li>\n<\/ol>\n<div class=\"xiaoshujiang_element xsj_anchor\"><a class=\"blank_anchor_name\" name=\"faqs_3\"><\/a><a id=\"faqs_3\" class=\"blank_anchor_id\"><\/a><a class=\"blank_anchor_name\" name=\"faqs\"><\/a><a id=\"faqs\" class=\"blank_anchor_id\"><\/a><\/div>\n<h2 id=\"faqs_3\" class=\"xsj_heading_hash xsj_heading xsj_heading_h2\" data-source-line=\"15\" data-source-line-display=\"true\"><span class=\"xsj_heading_content\">H\u00e4ufig gestellte Fragen zum Kunststoffdrahtspeicher Modell 217:<\/span><\/h2>\n<div class=\"xiaoshujiang_element xsj_anchor\"><a class=\"blank_anchor_name\" name=\"120what20is20the20outer20diameter20of20the20plastic20storage20wire20accumulator20wheel20model20217_4\"><\/a><a id=\"120what20is20the20outer20diameter20of20the20plastic20storage20wire20accumulator20wheel20model20217_4\" class=\"blank_anchor_id\"><\/a><a class=\"blank_anchor_name\" name=\"1-what-is-the-outer-diameter-of-the-plastic-storage-wire-accumulator-wheel-model-217\"><\/a><a id=\"1-what-is-the-outer-diameter-of-the-plastic-storage-wire-accumulator-wheel-model-217\" class=\"blank_anchor_id\"><\/a><\/div>\n<h4 id=\"120what20is20the20outer20diameter20of20the20plastic20storage20wire20accumulator20wheel20model20217_4\" class=\"xsj_heading_hash xsj_heading xsj_heading_h4\" data-source-line=\"17\" data-source-line-display=\"true\"><span class=\"xsj_heading_content\">1. Wie gro\u00df ist der Au\u00dfendurchmesser des 217 Plastic Storage Wire Accumulator Wheel?<\/span><\/h4>\n<p class=\"xsj_paragraph xsj_paragraph_level_0\" data-source-line=\"19\" data-source-line-display=\"true\">Antwort: Der Au\u00dfendurchmesser des Kunststoff-Speicherdrahtspeicherrads Modell 217 betr\u00e4gt 217 mm.<\/p>\n<div class=\"xiaoshujiang_element xsj_anchor\"><a class=\"blank_anchor_name\" name=\"220what20is20the20material20used20in20making20the20plastic20storage20wire20accumulator20wheel20model20217_5\"><\/a><a id=\"220what20is20the20material20used20in20making20the20plastic20storage20wire20accumulator20wheel20model20217_5\" class=\"blank_anchor_id\"><\/a><a class=\"blank_anchor_name\" name=\"2-what-is-the-material-used-in-making-the-plastic-storage-wire-accumulator-wheel-model-217\"><\/a><a id=\"2-what-is-the-material-used-in-making-the-plastic-storage-wire-accumulator-wheel-model-217\" class=\"blank_anchor_id\"><\/a><\/div>\n<h4 id=\"220what20is20the20material20used20in20making20the20plastic20storage20wire20accumulator20wheel20model20217_5\" class=\"xsj_heading_hash xsj_heading xsj_heading_h4\" data-source-line=\"21\" data-source-line-display=\"true\"><span class=\"xsj_heading_content\">2. Welches Material wird f\u00fcr das 217 Plastic Storage Wire Wheel verwendet?<\/span><\/h4>\n<p class=\"xsj_paragraph xsj_paragraph_level_0\" data-source-line=\"23\" data-source-line-display=\"true\">Antwort: Es besteht aus hochwertigem, verschlei\u00dffestem Kunststoff.<\/p>\n<div class=\"xiaoshujiang_element xsj_anchor\"><a class=\"blank_anchor_name\" name=\"320what20applications20is20the20plastic20storage20wire20accumulator20wheel20model2021720suitable20for_6\"><\/a><a id=\"320what20applications20is20the20plastic20storage20wire20accumulator20wheel20model2021720suitable20for_6\" class=\"blank_anchor_id\"><\/a><a class=\"blank_anchor_name\" name=\"3-what-applications-is-the-plastic-storage-wire-accumulator-wheel-model-217-suitable-for\"><\/a><a id=\"3-what-applications-is-the-plastic-storage-wire-accumulator-wheel-model-217-suitable-for\" class=\"blank_anchor_id\"><\/a><\/div>\n<h4 id=\"320what20applications20is20the20plastic20storage20wire20accumulator20wheel20model2021720suitable20for_6\" class=\"xsj_heading_hash xsj_heading xsj_heading_h4\" data-source-line=\"25\" data-source-line-display=\"true\"><span class=\"xsj_heading_content\">3. F\u00fcr welche Anwendungen ist das 217 Plastic Storage Wire Wheel geeignet?<\/span><\/h4>\n<p class=\"xsj_paragraph xsj_paragraph_level_0\" data-source-line=\"27\" data-source-line-display=\"true\">Antwort: Es eignet sich f\u00fcr Drahtspeichermaschinen, Akkumulatoren und Extrusionsproduktionslinien.<\/p>\n<div class=\"xiaoshujiang_element xsj_anchor\"><a class=\"blank_anchor_name\" name=\"420is20this20wheel20flexible20and20easy20to20operate_7\"><\/a><a id=\"420is20this20wheel20flexible20and20easy20to20operate_7\" class=\"blank_anchor_id\"><\/a><a class=\"blank_anchor_name\" name=\"4-is-this-wheel-flexible-and-easy-to-operate\"><\/a><a id=\"4-is-this-wheel-flexible-and-easy-to-operate\" class=\"blank_anchor_id\"><\/a><\/div>\n<h4 id=\"420is20this20wheel20flexible20and20easy20to20operate_7\" class=\"xsj_heading_hash xsj_heading xsj_heading_h4\" data-source-line=\"29\" data-source-line-display=\"true\"><span class=\"xsj_heading_content\">4. Ist dieses Rad flexibel und einfach zu bedienen?<\/span><\/h4>\n<p class=\"xsj_paragraph xsj_paragraph_level_0\" data-source-line=\"31\" data-source-line-display=\"true\">Antwort: Ja, es ist leicht, flexibel und einfach zu bedienen.<\/p>\n<div class=\"xiaoshujiang_element xsj_anchor\"><a class=\"blank_anchor_name\" name=\"520can20i20customize20the20wheel20or20bearing20specifications20of20the20plastic20storage20wire20accumulator20wheel20model20217_8\"><\/a><a id=\"520can20i20customize20the20wheel20or20bearing20specifications20of20the20plastic20storage20wire20accumulator20wheel20model20217_8\" class=\"blank_anchor_id\"><\/a><a class=\"blank_anchor_name\" name=\"5-can-i-customize-the-wheel-or-bearing-specifications-of-the-plastic-storage-wire-accumulator-wheel-model-217\"><\/a><a id=\"5-can-i-customize-the-wheel-or-bearing-specifications-of-the-plastic-storage-wire-accumulator-wheel-model-217\" class=\"blank_anchor_id\"><\/a><\/div>\n<h4 id=\"520can20i20customize20the20wheel20or20bearing20specifications20of20the20plastic20storage20wire20accumulator20wheel20model20217_8\" class=\"xsj_heading_hash xsj_heading xsj_heading_h4\" data-source-line=\"33\" data-source-line-display=\"true\"><span class=\"xsj_heading_content\">5. Kann ich die Rad- oder Lagerspezifikationen des 217 Plastic Storage Wire Accumulator Wheel anpassen?<\/span><\/h4>\n<p class=\"xsj_paragraph xsj_paragraph_level_0\" data-source-line=\"35\" data-source-line-display=\"true\">Antwort: Es verf\u00fcgt \u00fcber eine anpassbare Auswahl an Rad- oder Lagerspezifikationen. F\u00fcr weitere Informationen wenden Sie sich bitte an unseren Kundenservice.<\/p>","protected":false},"excerpt":{"rendered":"<h2 id=\"features_1\" class=\"xsj_heading_hash xsj_heading xsj_heading_h2\" data-source-line=\"2\" data-source-line-display=\"true\"><span class=\"xsj_heading_content\">Merkmale:<\/span><\/h2>\n<ol class=\"markdown_ol\" data-source-line=\"4\">\n<li data-source-line=\"4\">Das Kunststoffspeicher-Drahtspeicherrad Modell 217 besteht aus einem hochwertigen Kunststoffmaterial, das verschlei\u00dffest und langlebig ist.<\/li>\n<li data-source-line=\"5\">Es hat ein elegantes Aussehen und besch\u00e4digt den Draht auch bei hohen Geschwindigkeiten nicht.<\/li>\n<li data-source-line=\"6\">Es ist leicht und flexibel und daher einfach zu bedienen.<\/li>\n<li data-source-line=\"7\">Es verf\u00fcgt \u00fcber anpassbare Optionen f\u00fcr Rad- oder Lagerspezifikationen.<\/li>\n<li data-source-line=\"8\">Keine Verformung sorgt f\u00fcr hohe Geschwindigkeit und Langlebigkeit.<\/li>\n<\/ol>","protected":false},"featured_media":26824,"template":"","meta":{"site-sidebar-layout":"default","site-content-layout":"default","ast-global-header-display":"","ast-banner-title-visibility":"","ast-main-header-display":"","ast-hfb-above-header-display":"","ast-hfb-below-header-display":"","ast-hfb-mobile-header-display":"","site-post-title":"","ast-breadcrumbs-content":"","ast-featured-img":"","footer-sml-layout":"","theme-transparent-header-meta":"default","adv-header-id-meta":"","stick-header-meta":"","header-above-stick-meta":"","header-main-stick-meta":"","header-below-stick-meta":""},"product_brand":[],"product_cat":[61],"product_tag":[],"class_list":{"0":"post-26819","1":"product","2":"type-product","3":"status-publish","4":"has-post-thumbnail","6":"product_cat-cable-accumulator-pulley","7":"desktop-align-left","8":"tablet-align-left","9":"mobile-align-left","11":"first","12":"instock","13":"shipping-taxable","14":"product-type-simple"},"yoast_head":"<!-- This site is optimized with the Yoast SEO Premium plugin v20.12 (Yoast SEO v26.0) - https:\/\/yoast.com\/wordpress\/plugins\/seo\/ -->\n<title>Plastic Storage Wire Accumulator Wheel Model 217 - QiPang<\/title>\n<meta name=\"description\" content=\"Upgrade your wire storage today with Plastic Wire Accumulator Model 217 - reliable, durable, and perfect for wire production lines. Order now!\" \/>\n<meta name=\"robots\" content=\"index, follow, max-snippet:-1, max-image-preview:large, max-video-preview:-1\" \/>\n<link rel=\"canonical\" href=\"https:\/\/rollingringdrives.com\/de\/produkt\/kunststoff-speicherdraht-akkumulatorrad-modell-217\/\" \/>\n<meta property=\"og:locale\" content=\"de_DE\" \/>\n<meta property=\"og:type\" content=\"article\" \/>\n<meta property=\"og:title\" content=\"Plastic Storage Wire Accumulator Wheel Model 217\" \/>\n<meta property=\"og:description\" content=\"Upgrade your wire storage today with Plastic Wire Accumulator Model 217 - reliable, durable, and perfect for wire production lines. Order now!\" \/>\n<meta property=\"og:url\" content=\"https:\/\/rollingringdrives.com\/de\/produkt\/kunststoff-speicherdraht-akkumulatorrad-modell-217\/\" \/>\n<meta property=\"og:site_name\" content=\"QiPang\" \/>\n<meta property=\"article:modified_time\" content=\"2023-05-28T08:40:50+00:00\" \/>\n<meta property=\"og:image\" content=\"https:\/\/rollingringdrives.com\/wp-content\/uploads\/2023\/05\/\u4e3b\u56fe-4-15.jpg\" \/>\n\t<meta property=\"og:image:width\" content=\"600\" \/>\n\t<meta property=\"og:image:height\" content=\"600\" \/>\n\t<meta property=\"og:image:type\" content=\"image\/jpeg\" \/>\n<meta name=\"twitter:card\" content=\"summary_large_image\" \/>\n<meta name=\"twitter:label1\" content=\"Gesch\u00e4tzte Lesezeit\" \/>\n\t<meta name=\"twitter:data1\" content=\"2\u00a0Minuten\" \/>\n<script type=\"application\/ld+json\" class=\"yoast-schema-graph\">{\"@context\":\"https:\/\/schema.org\",\"@graph\":[{\"@type\":\"WebPage\",\"@id\":\"https:\/\/rollingringdrives.com\/product\/plastic-storage-wire-accumulator-wheel-model-217\/\",\"url\":\"https:\/\/rollingringdrives.com\/product\/plastic-storage-wire-accumulator-wheel-model-217\/\",\"name\":\"Plastic Storage Wire Accumulator Wheel Model 217 - QiPang\",\"isPartOf\":{\"@id\":\"https:\/\/rollingringdrives.com\/#website\"},\"primaryImageOfPage\":{\"@id\":\"https:\/\/rollingringdrives.com\/product\/plastic-storage-wire-accumulator-wheel-model-217\/#primaryimage\"},\"image\":{\"@id\":\"https:\/\/rollingringdrives.com\/product\/plastic-storage-wire-accumulator-wheel-model-217\/#primaryimage\"},\"thumbnailUrl\":\"https:\/\/rollingringdrives.com\/wp-content\/uploads\/2023\/05\/\u4e3b\u56fe-4-15.jpg\",\"datePublished\":\"2023-05-28T08:40:48+00:00\",\"dateModified\":\"2023-05-28T08:40:50+00:00\",\"description\":\"Upgrade your wire storage today with Plastic Wire Accumulator Model 217 - reliable, durable, and perfect for wire production lines. Order now!\",\"breadcrumb\":{\"@id\":\"https:\/\/rollingringdrives.com\/product\/plastic-storage-wire-accumulator-wheel-model-217\/#breadcrumb\"},\"inLanguage\":\"de\",\"potentialAction\":[{\"@type\":\"ReadAction\",\"target\":[\"https:\/\/rollingringdrives.com\/product\/plastic-storage-wire-accumulator-wheel-model-217\/\"]}]},{\"@type\":\"ImageObject\",\"inLanguage\":\"de\",\"@id\":\"https:\/\/rollingringdrives.com\/product\/plastic-storage-wire-accumulator-wheel-model-217\/#primaryimage\",\"url\":\"https:\/\/rollingringdrives.com\/wp-content\/uploads\/2023\/05\/\u4e3b\u56fe-4-15.jpg\",\"contentUrl\":\"https:\/\/rollingringdrives.com\/wp-content\/uploads\/2023\/05\/\u4e3b\u56fe-4-15.jpg\",\"width\":600,\"height\":600,\"caption\":\"Plastic Storage Wire Accumulator Wheel Model 217\"},{\"@type\":\"BreadcrumbList\",\"@id\":\"https:\/\/rollingringdrives.com\/product\/plastic-storage-wire-accumulator-wheel-model-217\/#breadcrumb\",\"itemListElement\":[{\"@type\":\"ListItem\",\"position\":1,\"name\":\"Home\",\"item\":\"https:\/\/rollingringdrives.com\/\"},{\"@type\":\"ListItem\",\"position\":2,\"name\":\"Machines\",\"item\":\"https:\/\/rollingringdrives.com\/machines\/\"},{\"@type\":\"ListItem\",\"position\":3,\"name\":\"Plastic Storage Wire Accumulator Wheel Model 217\"}]},{\"@type\":\"WebSite\",\"@id\":\"https:\/\/rollingringdrives.com\/#website\",\"url\":\"https:\/\/rollingringdrives.com\/\",\"name\":\"QiPang\",\"description\":\"QiPang Blog\",\"publisher\":{\"@id\":\"https:\/\/rollingringdrives.com\/#organization\"},\"potentialAction\":[{\"@type\":\"SearchAction\",\"target\":{\"@type\":\"EntryPoint\",\"urlTemplate\":\"https:\/\/rollingringdrives.com\/?s={search_term_string}\"},\"query-input\":{\"@type\":\"PropertyValueSpecification\",\"valueRequired\":true,\"valueName\":\"search_term_string\"}}],\"inLanguage\":\"de\"},{\"@type\":\"Organization\",\"@id\":\"https:\/\/rollingringdrives.com\/#organization\",\"name\":\"QiPang\",\"url\":\"https:\/\/rollingringdrives.com\/\",\"logo\":{\"@type\":\"ImageObject\",\"inLanguage\":\"de\",\"@id\":\"https:\/\/rollingringdrives.com\/#\/schema\/logo\/image\/\",\"url\":\"https:\/\/rollingringdrives.com\/wp-content\/uploads\/2023\/05\/cropped-\u672a\u547d\u540d\u7684\u8bbe\u8ba1.png\",\"contentUrl\":\"https:\/\/rollingringdrives.com\/wp-content\/uploads\/2023\/05\/cropped-\u672a\u547d\u540d\u7684\u8bbe\u8ba1.png\",\"width\":300,\"height\":191,\"caption\":\"QiPang\"},\"image\":{\"@id\":\"https:\/\/rollingringdrives.com\/#\/schema\/logo\/image\/\"}}]}<\/script>\n<!-- \/ Yoast SEO Premium plugin. -->","yoast_head_json":{"title":"Drahtspeicherrad aus Kunststoff, Modell 217 \u2013 QiPang","description":"R\u00fcsten Sie Ihre Drahtlagerung noch heute mit dem Kunststoff-Drahtspeicher Modell 217 auf \u2013 zuverl\u00e4ssig, langlebig und perfekt f\u00fcr Drahtproduktionslinien. Jetzt bestellen!","robots":{"index":"index","follow":"follow","max-snippet":"max-snippet:-1","max-image-preview":"max-image-preview:large","max-video-preview":"max-video-preview:-1"},"canonical":"https:\/\/rollingringdrives.com\/de\/produkt\/kunststoff-speicherdraht-akkumulatorrad-modell-217\/","og_locale":"de_DE","og_type":"article","og_title":"Plastic Storage Wire Accumulator Wheel Model 217","og_description":"Upgrade your wire storage today with Plastic Wire Accumulator Model 217 - reliable, durable, and perfect for wire production lines. Order now!","og_url":"https:\/\/rollingringdrives.com\/de\/produkt\/kunststoff-speicherdraht-akkumulatorrad-modell-217\/","og_site_name":"QiPang","article_modified_time":"2023-05-28T08:40:50+00:00","og_image":[{"width":600,"height":600,"url":"https:\/\/rollingringdrives.com\/wp-content\/uploads\/2023\/05\/\u4e3b\u56fe-4-15.jpg","type":"image\/jpeg"}],"twitter_card":"summary_large_image","twitter_misc":{"Gesch\u00e4tzte Lesezeit":"2\u00a0Minuten"},"schema":{"@context":"https:\/\/schema.org","@graph":[{"@type":"WebPage","@id":"https:\/\/rollingringdrives.com\/product\/plastic-storage-wire-accumulator-wheel-model-217\/","url":"https:\/\/rollingringdrives.com\/product\/plastic-storage-wire-accumulator-wheel-model-217\/","name":"Drahtspeicherrad aus Kunststoff, Modell 217 \u2013 QiPang","isPartOf":{"@id":"https:\/\/rollingringdrives.com\/#website"},"primaryImageOfPage":{"@id":"https:\/\/rollingringdrives.com\/product\/plastic-storage-wire-accumulator-wheel-model-217\/#primaryimage"},"image":{"@id":"https:\/\/rollingringdrives.com\/product\/plastic-storage-wire-accumulator-wheel-model-217\/#primaryimage"},"thumbnailUrl":"https:\/\/rollingringdrives.com\/wp-content\/uploads\/2023\/05\/\u4e3b\u56fe-4-15.jpg","datePublished":"2023-05-28T08:40:48+00:00","dateModified":"2023-05-28T08:40:50+00:00","description":"R\u00fcsten Sie Ihre Drahtlagerung noch heute mit dem Kunststoff-Drahtspeicher Modell 217 auf \u2013 zuverl\u00e4ssig, langlebig und perfekt f\u00fcr Drahtproduktionslinien. Jetzt bestellen!","breadcrumb":{"@id":"https:\/\/rollingringdrives.com\/product\/plastic-storage-wire-accumulator-wheel-model-217\/#breadcrumb"},"inLanguage":"de","potentialAction":[{"@type":"ReadAction","target":["https:\/\/rollingringdrives.com\/product\/plastic-storage-wire-accumulator-wheel-model-217\/"]}]},{"@type":"ImageObject","inLanguage":"de","@id":"https:\/\/rollingringdrives.com\/product\/plastic-storage-wire-accumulator-wheel-model-217\/#primaryimage","url":"https:\/\/rollingringdrives.com\/wp-content\/uploads\/2023\/05\/\u4e3b\u56fe-4-15.jpg","contentUrl":"https:\/\/rollingringdrives.com\/wp-content\/uploads\/2023\/05\/\u4e3b\u56fe-4-15.jpg","width":600,"height":600,"caption":"Plastic Storage Wire Accumulator Wheel Model 217"},{"@type":"BreadcrumbList","@id":"https:\/\/rollingringdrives.com\/product\/plastic-storage-wire-accumulator-wheel-model-217\/#breadcrumb","itemListElement":[{"@type":"ListItem","position":1,"name":"Home","item":"https:\/\/rollingringdrives.com\/"},{"@type":"ListItem","position":2,"name":"Machines","item":"https:\/\/rollingringdrives.com\/machines\/"},{"@type":"ListItem","position":3,"name":"Plastic Storage Wire Accumulator Wheel Model 217"}]},{"@type":"WebSite","@id":"https:\/\/rollingringdrives.com\/#website","url":"https:\/\/rollingringdrives.com\/","name":"QiPang","description":"QiPang-Blog","publisher":{"@id":"https:\/\/rollingringdrives.com\/#organization"},"potentialAction":[{"@type":"SearchAction","target":{"@type":"EntryPoint","urlTemplate":"https:\/\/rollingringdrives.com\/?s={search_term_string}"},"query-input":{"@type":"PropertyValueSpecification","valueRequired":true,"valueName":"search_term_string"}}],"inLanguage":"de"},{"@type":"Organization","@id":"https:\/\/rollingringdrives.com\/#organization","name":"QiPang","url":"https:\/\/rollingringdrives.com\/","logo":{"@type":"ImageObject","inLanguage":"de","@id":"https:\/\/rollingringdrives.com\/#\/schema\/logo\/image\/","url":"https:\/\/rollingringdrives.com\/wp-content\/uploads\/2023\/05\/cropped-\u672a\u547d\u540d\u7684\u8bbe\u8ba1.png","contentUrl":"https:\/\/rollingringdrives.com\/wp-content\/uploads\/2023\/05\/cropped-\u672a\u547d\u540d\u7684\u8bbe\u8ba1.png","width":300,"height":191,"caption":"QiPang"},"image":{"@id":"https:\/\/rollingringdrives.com\/#\/schema\/logo\/image\/"}}]}},"_links":{"self":[{"href":"https:\/\/rollingringdrives.com\/de\/wp-json\/wp\/v2\/product\/26819","targetHints":{"allow":["GET"]}}],"collection":[{"href":"https:\/\/rollingringdrives.com\/de\/wp-json\/wp\/v2\/product"}],"about":[{"href":"https:\/\/rollingringdrives.com\/de\/wp-json\/wp\/v2\/types\/product"}],"version-history":[{"count":0,"href":"https:\/\/rollingringdrives.com\/de\/wp-json\/wp\/v2\/product\/26819\/revisions"}],"wp:featuredmedia":[{"embeddable":true,"href":"https:\/\/rollingringdrives.com\/de\/wp-json\/wp\/v2\/media\/26824"}],"wp:attachment":[{"href":"https:\/\/rollingringdrives.com\/de\/wp-json\/wp\/v2\/media?parent=26819"}],"wp:term":[{"taxonomy":"product_brand","embeddable":true,"href":"https:\/\/rollingringdrives.com\/de\/wp-json\/wp\/v2\/product_brand?post=26819"},{"taxonomy":"product_cat","embeddable":true,"href":"https:\/\/rollingringdrives.com\/de\/wp-json\/wp\/v2\/product_cat?post=26819"},{"taxonomy":"product_tag","embeddable":true,"href":"https:\/\/rollingringdrives.com\/de\/wp-json\/wp\/v2\/product_tag?post=26819"}],"curies":[{"name":"wp","href":"https:\/\/api.w.org\/{rel}","templated":true}]}}