{"id":26851,"date":"2023-05-29T01:13:35","date_gmt":"2023-05-29T01:13:35","guid":{"rendered":"https:\/\/rollingringdrives.com\/?post_type=product&#038;p=26851"},"modified":"2023-05-29T01:13:38","modified_gmt":"2023-05-29T01:13:38","slug":"plastic-storage-wire-accumulator-wheel-model-300","status":"publish","type":"product","link":"https:\/\/rollingringdrives.com\/de\/produkt\/kunststoff-speicherdraht-akkumulatorrad-modell-300\/","title":{"rendered":"Drahtspeicherrad aus Kunststoff, Modell 300"},"content":{"rendered":"<p class=\"xsj_paragraph xsj_paragraph_level_0\" data-source-line=\"0\" data-source-line-display=\"true\">Das Kabelspeicherrad ist ein unverzichtbares Zubeh\u00f6r f\u00fcr Draht- und Kabelherstellungsger\u00e4te und wurde speziell f\u00fcr die Lagerung und Speicherung von Drahtspulen entwickelt. Dieses Produkt hat eine <strong class=\"markdown_strong_asterisk\">Modellnummer 300<\/strong>, d.h. der Au\u00dfendurchmesser des Kunststoffrades<strong class=\"markdown_strong_asterisk\">\u00a0ist 270mm<\/strong>. Das Kabelspeicherrad besteht aus\u00a0<strong class=\"markdown_strong_asterisk\">Plastik<\/strong>\u00a0und ist in zwei Arten von Gummir\u00e4dern erh\u00e4ltlich. Es verf\u00fcgt \u00fcber eine\u00a0<strong class=\"markdown_strong_asterisk\">61807 Lager<\/strong>, und ein einzelnes Rad verf\u00fcgt normalerweise \u00fcber zwei Ans\u00e4tze.<\/p>\n<p data-source-line=\"0\" data-source-line-display=\"true\"><\/p>\n<div class=\"xiaoshujiang_element xsj_anchor\"><a class=\"blank_anchor_name\" name=\"applications_1\"><\/a><a id=\"applications_1\" class=\"blank_anchor_id\"><\/a><a class=\"blank_anchor_name\" name=\"applications\"><\/a><a id=\"applications\" class=\"blank_anchor_id\"><\/a><\/div>\n<h2 id=\"applications_1\" class=\"xsj_heading_hash xsj_heading xsj_heading_h2\" data-source-line=\"2\" data-source-line-display=\"true\"><span class=\"xsj_heading_content\">Anwendungen:<\/span><\/h2>\n<p class=\"xsj_paragraph xsj_paragraph_level_0\" data-source-line=\"4\" data-source-line-display=\"true\">Das Kabelspeicherrad wird in verschiedenen Anwendungen in verschiedenen Branchen eingesetzt. Es wird h\u00e4ufig in Drahtspeichermaschinen, Akkumulatoren und Extrusionsproduktionslinien verwendet. Dieses Produkt ist von Vorteil f\u00fcr Draht- und Kabelhersteller, die mit gro\u00dfen Drahtmengen umgehen, die vor der Verarbeitung gelagert und angeh\u00e4uft werden m\u00fcssen.<\/p>\n<div class=\"xiaoshujiang_element xsj_anchor\"><a class=\"blank_anchor_name\" name=\"characteristics20of20different20materials_2\"><\/a><a id=\"characteristics20of20different20materials_2\" class=\"blank_anchor_id\"><\/a><a class=\"blank_anchor_name\" name=\"characteristics-of-different-materials\"><\/a><a id=\"characteristics-of-different-materials\" class=\"blank_anchor_id\"><\/a><\/div>\n<h2 id=\"characteristics20of20different20materials_2\" class=\"xsj_heading_hash xsj_heading xsj_heading_h2\" data-source-line=\"6\" data-source-line-display=\"true\"><span class=\"xsj_heading_content\">Eigenschaften verschiedener Materialien:<\/span><\/h2>\n<p class=\"xsj_paragraph xsj_paragraph_level_0\" data-source-line=\"8\" data-source-line-display=\"true\">Das Cable Accumulator Wheel ist in zwei Arten von Gummir\u00e4dern erh\u00e4ltlich. Das Gummirad verf\u00fcgt \u00fcber eine hervorragende Elastizit\u00e4t und Griffigkeit und eignet sich daher ideal f\u00fcr Ger\u00e4te zur Draht- und Kabelherstellung. Es ist jedoch wichtig zu beachten, dass jedes Material, das bei der Herstellung des Kabelspeicherrads verwendet wird, spezifische Eigenschaften aufweist. Daher ist die Auswahl des geeigneten Materials, das Ihren speziellen Anforderungen entspricht, von entscheidender Bedeutung.<\/p>\n<div class=\"xiaoshujiang_element xsj_anchor\"><a class=\"blank_anchor_name\" name=\"faqs20about20the20plastic20storage20wire20accumulator20wheel20model20300_3\"><\/a><a id=\"faqs20about20the20plastic20storage20wire20accumulator20wheel20model20300_3\" class=\"blank_anchor_id\"><\/a><a class=\"blank_anchor_name\" name=\"faqs-about-the-plastic-storage-wire-accumulator-wheel-model-300\"><\/a><a id=\"faqs-about-the-plastic-storage-wire-accumulator-wheel-model-300\" class=\"blank_anchor_id\"><\/a><\/div>\n<h2 id=\"faqs20about20the20plastic20storage20wire20accumulator20wheel20model20300_3\" class=\"xsj_heading_hash xsj_heading xsj_heading_h2\" data-source-line=\"10\" data-source-line-display=\"true\"><span class=\"xsj_heading_content\">H\u00e4ufig gestellte Fragen zum Kunststoff-Speicherdrahtspeicherrad Modell 300<\/span><\/h2>\n<div class=\"xiaoshujiang_element xsj_anchor\"><a class=\"blank_anchor_name\" name=\"120what20are20the20dimensions20of20the20plastic20storage20wire20accumulator20wheel20model20300_4\"><\/a><a id=\"120what20are20the20dimensions20of20the20plastic20storage20wire20accumulator20wheel20model20300_4\" class=\"blank_anchor_id\"><\/a><a class=\"blank_anchor_name\" name=\"1-what-are-the-dimensions-of-the-plastic-storage-wire-accumulator-wheel-model-300\"><\/a><a id=\"1-what-are-the-dimensions-of-the-plastic-storage-wire-accumulator-wheel-model-300\" class=\"blank_anchor_id\"><\/a><\/div>\n<h4 id=\"120what20are20the20dimensions20of20the20plastic20storage20wire20accumulator20wheel20model20300_4\" class=\"xsj_heading_hash xsj_heading xsj_heading_h4\" data-source-line=\"12\" data-source-line-display=\"true\"><span class=\"xsj_heading_content\">1. Welche Abmessungen hat das 300 Plastic Storage Wire Accumulator Wheel?<\/span><\/h4>\n<p class=\"xsj_paragraph xsj_paragraph_level_0\" data-source-line=\"14\" data-source-line-display=\"true\">Antwort: Der Au\u00dfendurchmesser des Kunststoffrads betr\u00e4gt 270 mm.<\/p>\n<div class=\"xiaoshujiang_element xsj_anchor\"><a class=\"blank_anchor_name\" name=\"220how20many20bearings20does20a20plastic20storage20wire20accumulator20wheel20model2030020have_5\"><\/a><a id=\"220how20many20bearings20does20a20plastic20storage20wire20accumulator20wheel20model2030020have_5\" class=\"blank_anchor_id\"><\/a><a class=\"blank_anchor_name\" name=\"2-how-many-bearings-does-a-plastic-storage-wire-accumulator-wheel-model-300-have\"><\/a><a id=\"2-how-many-bearings-does-a-plastic-storage-wire-accumulator-wheel-model-300-have\" class=\"blank_anchor_id\"><\/a><\/div>\n<h4 id=\"220how20many20bearings20does20a20plastic20storage20wire20accumulator20wheel20model2030020have_5\" class=\"xsj_heading_hash xsj_heading xsj_heading_h4\" data-source-line=\"16\" data-source-line-display=\"true\"><span class=\"xsj_heading_content\">2. Wie viele Lager hat ein Modell 300?<\/span><\/h4>\n<p class=\"xsj_paragraph xsj_paragraph_level_0\" data-source-line=\"18\" data-source-line-display=\"true\">Antwort: Im Allgemeinen verf\u00fcgt ein Kunststoffrad \u00fcber zwei 61807-Lager.<\/p>\n<div class=\"xiaoshujiang_element xsj_anchor\"><a class=\"blank_anchor_name\" name=\"320what20are20the20different20materials20used20in20the20production20of20plastic20storage20wire20accumulator20wheel20model20300_6\"><\/a><a id=\"320what20are20the20different20materials20used20in20the20production20of20plastic20storage20wire20accumulator20wheel20model20300_6\" class=\"blank_anchor_id\"><\/a><a class=\"blank_anchor_name\" name=\"3-what-are-the-different-materials-used-in-the-production-of-plastic-storage-wire-accumulator-wheel-model-300\"><\/a><a id=\"3-what-are-the-different-materials-used-in-the-production-of-plastic-storage-wire-accumulator-wheel-model-300\" class=\"blank_anchor_id\"><\/a><\/div>\n<h4 id=\"320what20are20the20different20materials20used20in20the20production20of20plastic20storage20wire20accumulator20wheel20model20300_6\" class=\"xsj_heading_hash xsj_heading xsj_heading_h4\" data-source-line=\"20\" data-source-line-display=\"true\"><span class=\"xsj_heading_content\">3. Aus welchen Materialien wird das Wire Accumulator Wheel Modell 300 hergestellt?<\/span><\/h4>\n<p class=\"xsj_paragraph xsj_paragraph_level_0\" data-source-line=\"22\" data-source-line-display=\"true\">Antwort: Es besteht aus Kunststoff und ist mit zwei Arten von Gummir\u00e4dern erh\u00e4ltlich.<\/p>\n<div class=\"xiaoshujiang_element xsj_anchor\"><a class=\"blank_anchor_name\" name=\"420what20are20some20of20the20unique20features20of20the20plastic20storage20wire20accumulator20wheel20model20300_7\"><\/a><a id=\"420what20are20some20of20the20unique20features20of20the20plastic20storage20wire20accumulator20wheel20model20300_7\" class=\"blank_anchor_id\"><\/a><a class=\"blank_anchor_name\" name=\"4-what-are-some-of-the-unique-features-of-the-plastic-storage-wire-accumulator-wheel-model-300\"><\/a><a id=\"4-what-are-some-of-the-unique-features-of-the-plastic-storage-wire-accumulator-wheel-model-300\" class=\"blank_anchor_id\"><\/a><\/div>\n<h4 id=\"420what20are20some20of20the20unique20features20of20the20plastic20storage20wire20accumulator20wheel20model20300_7\" class=\"xsj_heading_hash xsj_heading xsj_heading_h4\" data-source-line=\"24\" data-source-line-display=\"true\"><span class=\"xsj_heading_content\">4. Was sind einige der einzigartigen Merkmale des Modells 300?<\/span><\/h4>\n<p class=\"xsj_paragraph xsj_paragraph_level_0\" data-source-line=\"26\" data-source-line-display=\"true\">Antwort: Zu seinen Merkmalen geh\u00f6ren ein hochwertiges Kunststoffmaterial mit hoher Verschlei\u00dffestigkeit, ein sch\u00f6nes Aussehen, das die Schnur nicht besch\u00e4digt, hohe Geschwindigkeit und Haltbarkeit, keine Verformung, hervorragende Flexibilit\u00e4t und geringes Gewicht.<\/p>\n<div class=\"xiaoshujiang_element xsj_anchor\"><a class=\"blank_anchor_name\" name=\"520what20are20the20applications20of20plastic20storage20wire20accumulator20wheel20model20300_8\"><\/a><a id=\"520what20are20the20applications20of20plastic20storage20wire20accumulator20wheel20model20300_8\" class=\"blank_anchor_id\"><\/a><a class=\"blank_anchor_name\" name=\"5-what-are-the-applications-of-plastic-storage-wire-accumulator-wheel-model-300\"><\/a><a id=\"5-what-are-the-applications-of-plastic-storage-wire-accumulator-wheel-model-300\" class=\"blank_anchor_id\"><\/a><\/div>\n<h4 id=\"520what20are20the20applications20of20plastic20storage20wire20accumulator20wheel20model20300_8\" class=\"xsj_heading_hash xsj_heading xsj_heading_h4\" data-source-line=\"28\" data-source-line-display=\"true\"><span class=\"xsj_heading_content\">5. Welche Einsatzm\u00f6glichkeiten bietet das Kunststoff-Lagerrad Modell 300?<\/span><\/h4>\n<p class=\"xsj_paragraph xsj_paragraph_level_0\" data-source-line=\"30\" data-source-line-display=\"true\">Antwort: Dieses Produkt ist von Vorteil f\u00fcr Draht- und Kabelhersteller, die mit gro\u00dfen Drahtmengen umgehen, die vor der Verarbeitung gelagert und angesammelt werden m\u00fcssen. Es wird h\u00e4ufig in Drahtspeichermaschinen, Akkumulatoren und Extrusionsproduktionslinien verwendet.<\/p>","protected":false},"excerpt":{"rendered":"<h2 id=\"features_1\" class=\"xsj_heading_hash xsj_heading xsj_heading_h2\" data-source-line=\"2\" data-source-line-display=\"true\"><span class=\"xsj_heading_content\">Merkmale:<\/span><\/h2>\n<ol class=\"markdown_ol\" data-source-line=\"4\">\n<li data-source-line=\"4\">Hergestellt aus hochwertigem Kunststoffmaterial f\u00fcr maximale Verschlei\u00dffestigkeit<\/li>\n<li data-source-line=\"5\">Verf\u00fcgt \u00fcber ein sch\u00f6nes Aussehen, das die Schnur nicht besch\u00e4digt<\/li>\n<li data-source-line=\"6\">Hohe Geschwindigkeit und dauerhafte Leistung \u2013 keine Verformung oder Besch\u00e4digung<\/li>\n<li data-source-line=\"7\">Hervorragende Flexibilit\u00e4t und leichtes Design<\/li>\n<li data-source-line=\"8\">Einfach zu bedienen, erschwinglich und eine optimale Wahl f\u00fcr Drahtspeichermaschinen, Akkumulatoren und Extrusionsproduktionslinien<\/li>\n<\/ol>","protected":false},"featured_media":26853,"template":"","meta":{"site-sidebar-layout":"default","site-content-layout":"default","ast-global-header-display":"","ast-banner-title-visibility":"","ast-main-header-display":"","ast-hfb-above-header-display":"","ast-hfb-below-header-display":"","ast-hfb-mobile-header-display":"","site-post-title":"","ast-breadcrumbs-content":"","ast-featured-img":"","footer-sml-layout":"","theme-transparent-header-meta":"default","adv-header-id-meta":"","stick-header-meta":"","header-above-stick-meta":"","header-main-stick-meta":"","header-below-stick-meta":""},"product_brand":[],"product_cat":[61],"product_tag":[],"class_list":{"0":"post-26851","1":"product","2":"type-product","3":"status-publish","4":"has-post-thumbnail","6":"product_cat-cable-accumulator-pulley","7":"desktop-align-left","8":"tablet-align-left","9":"mobile-align-left","11":"first","12":"instock","13":"shipping-taxable","14":"product-type-simple"},"yoast_head":"<!-- This site is optimized with the Yoast SEO Premium plugin v20.12 (Yoast SEO v26.0) - https:\/\/yoast.com\/wordpress\/plugins\/seo\/ -->\n<title>Plastic Storage Wire Accumulator Wheel Model 300 - QiPang<\/title>\n<meta name=\"description\" content=\"Improve your wire production with Plastic Wire Accumulator Model 300 - reliable, efficient, and made of high-quality materials. Order now!\" \/>\n<meta name=\"robots\" content=\"index, follow, max-snippet:-1, max-image-preview:large, max-video-preview:-1\" \/>\n<link rel=\"canonical\" href=\"https:\/\/rollingringdrives.com\/de\/produkt\/kunststoff-speicherdraht-akkumulatorrad-modell-300\/\" \/>\n<meta property=\"og:locale\" content=\"de_DE\" \/>\n<meta property=\"og:type\" content=\"article\" \/>\n<meta property=\"og:title\" content=\"Plastic Storage Wire Accumulator Wheel Model 300\" \/>\n<meta property=\"og:description\" content=\"Improve your wire production with Plastic Wire Accumulator Model 300 - reliable, efficient, and made of high-quality materials. Order now!\" \/>\n<meta property=\"og:url\" content=\"https:\/\/rollingringdrives.com\/de\/produkt\/kunststoff-speicherdraht-akkumulatorrad-modell-300\/\" \/>\n<meta property=\"og:site_name\" content=\"QiPang\" \/>\n<meta property=\"article:modified_time\" content=\"2023-05-29T01:13:38+00:00\" \/>\n<meta property=\"og:image\" content=\"https:\/\/rollingringdrives.com\/wp-content\/uploads\/2023\/05\/\u4e3b\u56fe-1-17.jpg\" \/>\n\t<meta property=\"og:image:width\" content=\"600\" \/>\n\t<meta property=\"og:image:height\" content=\"600\" \/>\n\t<meta property=\"og:image:type\" content=\"image\/jpeg\" \/>\n<meta name=\"twitter:card\" content=\"summary_large_image\" \/>\n<meta name=\"twitter:label1\" content=\"Gesch\u00e4tzte Lesezeit\" \/>\n\t<meta name=\"twitter:data1\" content=\"2\u00a0Minuten\" \/>\n<script type=\"application\/ld+json\" class=\"yoast-schema-graph\">{\"@context\":\"https:\/\/schema.org\",\"@graph\":[{\"@type\":\"WebPage\",\"@id\":\"https:\/\/rollingringdrives.com\/product\/plastic-storage-wire-accumulator-wheel-model-300\/\",\"url\":\"https:\/\/rollingringdrives.com\/product\/plastic-storage-wire-accumulator-wheel-model-300\/\",\"name\":\"Plastic Storage Wire Accumulator Wheel Model 300 - QiPang\",\"isPartOf\":{\"@id\":\"https:\/\/rollingringdrives.com\/#website\"},\"primaryImageOfPage\":{\"@id\":\"https:\/\/rollingringdrives.com\/product\/plastic-storage-wire-accumulator-wheel-model-300\/#primaryimage\"},\"image\":{\"@id\":\"https:\/\/rollingringdrives.com\/product\/plastic-storage-wire-accumulator-wheel-model-300\/#primaryimage\"},\"thumbnailUrl\":\"https:\/\/rollingringdrives.com\/wp-content\/uploads\/2023\/05\/\u4e3b\u56fe-1-17.jpg\",\"datePublished\":\"2023-05-29T01:13:35+00:00\",\"dateModified\":\"2023-05-29T01:13:38+00:00\",\"description\":\"Improve your wire production with Plastic Wire Accumulator Model 300 - reliable, efficient, and made of high-quality materials. Order now!\",\"breadcrumb\":{\"@id\":\"https:\/\/rollingringdrives.com\/product\/plastic-storage-wire-accumulator-wheel-model-300\/#breadcrumb\"},\"inLanguage\":\"de\",\"potentialAction\":[{\"@type\":\"ReadAction\",\"target\":[\"https:\/\/rollingringdrives.com\/product\/plastic-storage-wire-accumulator-wheel-model-300\/\"]}]},{\"@type\":\"ImageObject\",\"inLanguage\":\"de\",\"@id\":\"https:\/\/rollingringdrives.com\/product\/plastic-storage-wire-accumulator-wheel-model-300\/#primaryimage\",\"url\":\"https:\/\/rollingringdrives.com\/wp-content\/uploads\/2023\/05\/\u4e3b\u56fe-1-17.jpg\",\"contentUrl\":\"https:\/\/rollingringdrives.com\/wp-content\/uploads\/2023\/05\/\u4e3b\u56fe-1-17.jpg\",\"width\":600,\"height\":600,\"caption\":\"Plastic Storage Wire Accumulator Wheel Model 300\"},{\"@type\":\"BreadcrumbList\",\"@id\":\"https:\/\/rollingringdrives.com\/product\/plastic-storage-wire-accumulator-wheel-model-300\/#breadcrumb\",\"itemListElement\":[{\"@type\":\"ListItem\",\"position\":1,\"name\":\"Home\",\"item\":\"https:\/\/rollingringdrives.com\/\"},{\"@type\":\"ListItem\",\"position\":2,\"name\":\"Machines\",\"item\":\"https:\/\/rollingringdrives.com\/machines\/\"},{\"@type\":\"ListItem\",\"position\":3,\"name\":\"Plastic Storage Wire Accumulator Wheel Model 300\"}]},{\"@type\":\"WebSite\",\"@id\":\"https:\/\/rollingringdrives.com\/#website\",\"url\":\"https:\/\/rollingringdrives.com\/\",\"name\":\"QiPang\",\"description\":\"QiPang Blog\",\"publisher\":{\"@id\":\"https:\/\/rollingringdrives.com\/#organization\"},\"potentialAction\":[{\"@type\":\"SearchAction\",\"target\":{\"@type\":\"EntryPoint\",\"urlTemplate\":\"https:\/\/rollingringdrives.com\/?s={search_term_string}\"},\"query-input\":{\"@type\":\"PropertyValueSpecification\",\"valueRequired\":true,\"valueName\":\"search_term_string\"}}],\"inLanguage\":\"de\"},{\"@type\":\"Organization\",\"@id\":\"https:\/\/rollingringdrives.com\/#organization\",\"name\":\"QiPang\",\"url\":\"https:\/\/rollingringdrives.com\/\",\"logo\":{\"@type\":\"ImageObject\",\"inLanguage\":\"de\",\"@id\":\"https:\/\/rollingringdrives.com\/#\/schema\/logo\/image\/\",\"url\":\"https:\/\/rollingringdrives.com\/wp-content\/uploads\/2023\/05\/cropped-\u672a\u547d\u540d\u7684\u8bbe\u8ba1.png\",\"contentUrl\":\"https:\/\/rollingringdrives.com\/wp-content\/uploads\/2023\/05\/cropped-\u672a\u547d\u540d\u7684\u8bbe\u8ba1.png\",\"width\":300,\"height\":191,\"caption\":\"QiPang\"},\"image\":{\"@id\":\"https:\/\/rollingringdrives.com\/#\/schema\/logo\/image\/\"}}]}<\/script>\n<!-- \/ Yoast SEO Premium plugin. -->","yoast_head_json":{"title":"Kunststoffspeicher-Drahtspeicherrad Modell 300 \u2013 QiPang","description":"Verbessern Sie Ihre Drahtproduktion mit dem Kunststoff-Drahtspeicher Modell 300 \u2013 zuverl\u00e4ssig, effizient und aus hochwertigen Materialien gefertigt. Jetzt bestellen!","robots":{"index":"index","follow":"follow","max-snippet":"max-snippet:-1","max-image-preview":"max-image-preview:large","max-video-preview":"max-video-preview:-1"},"canonical":"https:\/\/rollingringdrives.com\/de\/produkt\/kunststoff-speicherdraht-akkumulatorrad-modell-300\/","og_locale":"de_DE","og_type":"article","og_title":"Plastic Storage Wire Accumulator Wheel Model 300","og_description":"Improve your wire production with Plastic Wire Accumulator Model 300 - reliable, efficient, and made of high-quality materials. Order now!","og_url":"https:\/\/rollingringdrives.com\/de\/produkt\/kunststoff-speicherdraht-akkumulatorrad-modell-300\/","og_site_name":"QiPang","article_modified_time":"2023-05-29T01:13:38+00:00","og_image":[{"width":600,"height":600,"url":"https:\/\/rollingringdrives.com\/wp-content\/uploads\/2023\/05\/\u4e3b\u56fe-1-17.jpg","type":"image\/jpeg"}],"twitter_card":"summary_large_image","twitter_misc":{"Gesch\u00e4tzte Lesezeit":"2\u00a0Minuten"},"schema":{"@context":"https:\/\/schema.org","@graph":[{"@type":"WebPage","@id":"https:\/\/rollingringdrives.com\/product\/plastic-storage-wire-accumulator-wheel-model-300\/","url":"https:\/\/rollingringdrives.com\/product\/plastic-storage-wire-accumulator-wheel-model-300\/","name":"Kunststoffspeicher-Drahtspeicherrad Modell 300 \u2013 QiPang","isPartOf":{"@id":"https:\/\/rollingringdrives.com\/#website"},"primaryImageOfPage":{"@id":"https:\/\/rollingringdrives.com\/product\/plastic-storage-wire-accumulator-wheel-model-300\/#primaryimage"},"image":{"@id":"https:\/\/rollingringdrives.com\/product\/plastic-storage-wire-accumulator-wheel-model-300\/#primaryimage"},"thumbnailUrl":"https:\/\/rollingringdrives.com\/wp-content\/uploads\/2023\/05\/\u4e3b\u56fe-1-17.jpg","datePublished":"2023-05-29T01:13:35+00:00","dateModified":"2023-05-29T01:13:38+00:00","description":"Verbessern Sie Ihre Drahtproduktion mit dem Kunststoff-Drahtspeicher Modell 300 \u2013 zuverl\u00e4ssig, effizient und aus hochwertigen Materialien gefertigt. Jetzt bestellen!","breadcrumb":{"@id":"https:\/\/rollingringdrives.com\/product\/plastic-storage-wire-accumulator-wheel-model-300\/#breadcrumb"},"inLanguage":"de","potentialAction":[{"@type":"ReadAction","target":["https:\/\/rollingringdrives.com\/product\/plastic-storage-wire-accumulator-wheel-model-300\/"]}]},{"@type":"ImageObject","inLanguage":"de","@id":"https:\/\/rollingringdrives.com\/product\/plastic-storage-wire-accumulator-wheel-model-300\/#primaryimage","url":"https:\/\/rollingringdrives.com\/wp-content\/uploads\/2023\/05\/\u4e3b\u56fe-1-17.jpg","contentUrl":"https:\/\/rollingringdrives.com\/wp-content\/uploads\/2023\/05\/\u4e3b\u56fe-1-17.jpg","width":600,"height":600,"caption":"Plastic Storage Wire Accumulator Wheel Model 300"},{"@type":"BreadcrumbList","@id":"https:\/\/rollingringdrives.com\/product\/plastic-storage-wire-accumulator-wheel-model-300\/#breadcrumb","itemListElement":[{"@type":"ListItem","position":1,"name":"Home","item":"https:\/\/rollingringdrives.com\/"},{"@type":"ListItem","position":2,"name":"Machines","item":"https:\/\/rollingringdrives.com\/machines\/"},{"@type":"ListItem","position":3,"name":"Plastic Storage Wire Accumulator Wheel Model 300"}]},{"@type":"WebSite","@id":"https:\/\/rollingringdrives.com\/#website","url":"https:\/\/rollingringdrives.com\/","name":"QiPang","description":"QiPang-Blog","publisher":{"@id":"https:\/\/rollingringdrives.com\/#organization"},"potentialAction":[{"@type":"SearchAction","target":{"@type":"EntryPoint","urlTemplate":"https:\/\/rollingringdrives.com\/?s={search_term_string}"},"query-input":{"@type":"PropertyValueSpecification","valueRequired":true,"valueName":"search_term_string"}}],"inLanguage":"de"},{"@type":"Organization","@id":"https:\/\/rollingringdrives.com\/#organization","name":"QiPang","url":"https:\/\/rollingringdrives.com\/","logo":{"@type":"ImageObject","inLanguage":"de","@id":"https:\/\/rollingringdrives.com\/#\/schema\/logo\/image\/","url":"https:\/\/rollingringdrives.com\/wp-content\/uploads\/2023\/05\/cropped-\u672a\u547d\u540d\u7684\u8bbe\u8ba1.png","contentUrl":"https:\/\/rollingringdrives.com\/wp-content\/uploads\/2023\/05\/cropped-\u672a\u547d\u540d\u7684\u8bbe\u8ba1.png","width":300,"height":191,"caption":"QiPang"},"image":{"@id":"https:\/\/rollingringdrives.com\/#\/schema\/logo\/image\/"}}]}},"_links":{"self":[{"href":"https:\/\/rollingringdrives.com\/de\/wp-json\/wp\/v2\/product\/26851","targetHints":{"allow":["GET"]}}],"collection":[{"href":"https:\/\/rollingringdrives.com\/de\/wp-json\/wp\/v2\/product"}],"about":[{"href":"https:\/\/rollingringdrives.com\/de\/wp-json\/wp\/v2\/types\/product"}],"version-history":[{"count":0,"href":"https:\/\/rollingringdrives.com\/de\/wp-json\/wp\/v2\/product\/26851\/revisions"}],"wp:featuredmedia":[{"embeddable":true,"href":"https:\/\/rollingringdrives.com\/de\/wp-json\/wp\/v2\/media\/26853"}],"wp:attachment":[{"href":"https:\/\/rollingringdrives.com\/de\/wp-json\/wp\/v2\/media?parent=26851"}],"wp:term":[{"taxonomy":"product_brand","embeddable":true,"href":"https:\/\/rollingringdrives.com\/de\/wp-json\/wp\/v2\/product_brand?post=26851"},{"taxonomy":"product_cat","embeddable":true,"href":"https:\/\/rollingringdrives.com\/de\/wp-json\/wp\/v2\/product_cat?post=26851"},{"taxonomy":"product_tag","embeddable":true,"href":"https:\/\/rollingringdrives.com\/de\/wp-json\/wp\/v2\/product_tag?post=26851"}],"curies":[{"name":"wp","href":"https:\/\/api.w.org\/{rel}","templated":true}]}}