{"id":26905,"date":"2023-05-29T06:33:52","date_gmt":"2023-05-29T06:33:52","guid":{"rendered":"https:\/\/rollingringdrives.com\/?post_type=product&#038;p=26905"},"modified":"2023-05-29T06:37:44","modified_gmt":"2023-05-29T06:37:44","slug":"5-wheels-wire-straightening-machine","status":"publish","type":"product","link":"https:\/\/rollingringdrives.com\/de\/produkt\/5-rad-drahtrichtmaschine\/","title":{"rendered":"5-Rad-Drahtrichtmaschine"},"content":{"rendered":"<p class=\"xsj_paragraph xsj_paragraph_level_0\" data-source-line=\"0\" data-source-line-display=\"true\">Der\u00a0<strong class=\"markdown_strong_asterisk\">5-Rad-Drahtrichtmaschine<\/strong> ist eine verchromte Oberfl\u00e4che, ein rostfreies Ger\u00e4t, das den vom Abwickelrahmen gel\u00f6sten Kerndraht korrigieren und begradigen und ihn gleichzeitig mit der Mitte des Maschinenkopfes ausrichten kann. Die Maschine verf\u00fcgt \u00fcber ein gerades Rad mit f\u00fcnf runden und drei gerillten standardm\u00e4\u00dfigen geraden Radrillen. Dar\u00fcber hinaus umfasst die Struktur der Maschine einen Werkzeugkasten, der die Aufbewahrung und Verwendung von Werkzeugen erleichtert.<\/p>\n<figure id=\"attachment_26919\" aria-describedby=\"caption-attachment-26919\" style=\"width: 1000px\" class=\"wp-caption alignnone\"><img fetchpriority=\"high\" decoding=\"async\" class=\"wp-image-26919 size-full\" src=\"https:\/\/rollingringdrives.com\/wp-content\/uploads\/2023\/05\/4fca199ed34cdfe41ead47b7be0b6c61.jpg\" alt=\"5-Rad-Drahtrichtmaschine\" width=\"1000\" height=\"450\" srcset=\"https:\/\/rollingringdrives.com\/wp-content\/uploads\/2023\/05\/4fca199ed34cdfe41ead47b7be0b6c61.jpg 1000w, https:\/\/rollingringdrives.com\/wp-content\/uploads\/2023\/05\/4fca199ed34cdfe41ead47b7be0b6c61-300x135.jpg 300w, https:\/\/rollingringdrives.com\/wp-content\/uploads\/2023\/05\/4fca199ed34cdfe41ead47b7be0b6c61-768x346.jpg 768w, https:\/\/rollingringdrives.com\/wp-content\/uploads\/2023\/05\/4fca199ed34cdfe41ead47b7be0b6c61-600x270.jpg 600w\" sizes=\"(max-width: 1000px) 100vw, 1000px\" \/><figcaption id=\"caption-attachment-26919\" class=\"wp-caption-text\">5-Rad-Drahtrichtmaschine<\/figcaption><\/figure>\n<div class=\"xiaoshujiang_element xsj_anchor\"><a class=\"blank_anchor_name\" name=\"features_1\"><\/a><a id=\"features_1\" class=\"blank_anchor_id\"><\/a><a class=\"blank_anchor_name\" name=\"features\"><\/a><a id=\"features\" class=\"blank_anchor_id\"><\/a><\/div>\n<h2 id=\"features_1\" class=\"xsj_heading_hash xsj_heading xsj_heading_h2\" data-source-line=\"3\" data-source-line-display=\"true\"><span class=\"xsj_heading_content\">Merkmale:<\/span><\/h2>\n<ol class=\"markdown_ol\" data-source-line=\"5\">\n<li data-source-line=\"5\">\n<p class=\"xsj_paragraph xsj_paragraph_level_2\"><strong>Einfache Anpassung und Ausrichtung:<\/strong><br \/>\nDas Richtrad der Maschine l\u00e4sst sich dreidimensional nach oben und unten, links und rechts sowie vorne und hinten verstellen. Diese Funktion ist praktisch f\u00fcr die Drahtausrichtung in der Mitte des Maschinenkopfes.<\/p>\n<\/li>\n<li data-source-line=\"8\">\n<p class=\"xsj_paragraph xsj_paragraph_level_2\"><strong>Mehrzweck-Werkzeugaufbewahrung:<\/strong><br \/>\nDie Maschine wird mit einem Werkzeugkasten geliefert, der in das Ger\u00e4t integriert ist. Der Werkzeugkasten ist so formatiert, dass er die Platzierung und Klassifizierung verschiedener Werkzeuge wie Schraubenschl\u00fcssel, B\u00fcrsten, Scheren, Filtersiebe, Messschieber, Lehren, Formens\u00e4tze und andere Messteile erm\u00f6glicht. Die Organisation der Werkzeuge im Werkzeugkasten verhindert eine falsche Handhabung und falsche Platzierung und spart dem Bediener Zeit bei der Suche nach bestimmten Ger\u00e4ten.<\/p>\n<\/li>\n<li data-source-line=\"11\">\n<p class=\"xsj_paragraph xsj_paragraph_level_2\"><strong>Rostfreies Material:<\/strong><br \/>\nDie Maschine besteht aus einem verchromten Oberfl\u00e4chenmaterial, das sie rostfrei macht. Diese Funktion ist ideal f\u00fcr eine Drahtrichtmaschine, da sie das Risiko von Sch\u00e4den durch Rostbildung eliminiert, die sich negativ auf die Leistung und Langlebigkeit des Ger\u00e4ts auswirken k\u00f6nnten.<\/p>\n<\/li>\n<li data-source-line=\"14\">\n<p class=\"xsj_paragraph xsj_paragraph_level_2\"><strong>H\u00f6henverstellung:<\/strong><br \/>\nDie H\u00f6he der Maschine ist verstellbar und kann auf 1020 mm eingestellt werden. Diese Funktion ist von Vorteil, wenn die Gr\u00f6\u00dfe zu gro\u00df oder zu niedrig ist, und erm\u00f6glicht eine bequeme Arbeitsposition.<\/p>\n<\/li>\n<li data-source-line=\"17\">\n<p class=\"xsj_paragraph xsj_paragraph_level_2\"><strong>Mehrere Richtr\u00e4der:<\/strong><br \/>\nDas Richtrad der Maschine ist mit f\u00fcnf G\u00e4ngen ausgestattet, sodass das Ger\u00e4t schwere Lasten bew\u00e4ltigen kann und pr\u00e4zise Ergebnisse liefert.<\/p>\n<\/li>\n<\/ol>\n<div class=\"xiaoshujiang_element xsj_anchor\"><a class=\"blank_anchor_name\" name=\"applications_2\"><\/a><a id=\"applications_2\" class=\"blank_anchor_id\"><\/a><a class=\"blank_anchor_name\" name=\"applications\"><\/a><a id=\"applications\" class=\"blank_anchor_id\"><\/a><\/div>\n<h2 id=\"applications_2\" class=\"xsj_heading_hash xsj_heading xsj_heading_h2\" data-source-line=\"20\" data-source-line-display=\"true\"><span class=\"xsj_heading_content\">Anwendungen:<\/span><\/h2>\n<p class=\"xsj_paragraph xsj_paragraph_level_0\" data-source-line=\"22\" data-source-line-display=\"true\">Die Drahtrichtmaschine mit 5 R\u00e4dern eignet sich f\u00fcr den Einsatz in verschiedenen Umgebungen. Es wird haupts\u00e4chlich bei der Herstellung von Dr\u00e4hten eingesetzt, wo es auf Pr\u00e4zision ankommt. Branchen wie die Elektro-, Automobil- und Baubranche verlassen sich auf Drahtrichtmaschinen, um sicherzustellen, dass ihre Produkte den erforderlichen Standards entsprechen.<\/p>\n<div class=\"xiaoshujiang_element xsj_anchor\"><a class=\"blank_anchor_name\" name=\"characteristics_3\"><\/a><a id=\"characteristics_3\" class=\"blank_anchor_id\"><\/a><a class=\"blank_anchor_name\" name=\"characteristics\"><\/a><a id=\"characteristics\" class=\"blank_anchor_id\"><\/a><\/div>\n<h2 id=\"characteristics_3\" class=\"xsj_heading_hash xsj_heading xsj_heading_h2\" data-source-line=\"24\" data-source-line-display=\"true\"><span class=\"xsj_heading_content\">Eigenschaften:<\/span><\/h2>\n<p class=\"xsj_paragraph xsj_paragraph_level_0\" data-source-line=\"26\" data-source-line-display=\"true\">Die 5-Rad-Drahtrichtmaschine ist eine vielseitige und effiziente Maschine, die genaue Ergebnisse liefert. Die Konstruktion ist langlebig und rostfrei und gew\u00e4hrleistet eine dauerhafte Leistung. Der Werkzeugkasten der Maschine erleichtert die Aufbewahrung und Verwendung von Werkzeugen und spart Zeit und M\u00fche beim Auffinden und Verwenden von Werkzeugen. Die Maschine ist au\u00dferdem h\u00f6henverstellbar und mit mehreren Richtr\u00e4dern ausgestattet, sodass sie f\u00fcr schwere Aufgaben geeignet ist.<\/p>\n<div class=\"xiaoshujiang_element xsj_anchor\"><a class=\"blank_anchor_name\" name=\"faqs_4\"><\/a><a id=\"faqs_4\" class=\"blank_anchor_id\"><\/a><a class=\"blank_anchor_name\" name=\"faqs\"><\/a><a id=\"faqs\" class=\"blank_anchor_id\"><\/a><\/div>\n<h2 id=\"faqs_4\" class=\"xsj_heading_hash xsj_heading xsj_heading_h2\" data-source-line=\"28\" data-source-line-display=\"true\"><span class=\"xsj_heading_content\">FAQs:<\/span><\/h2>\n<div class=\"xiaoshujiang_element xsj_anchor\"><a class=\"blank_anchor_name\" name=\"120what20is20the20maximum20wire20size20that20this20machine20can20straighten_5\"><\/a><a id=\"120what20is20the20maximum20wire20size20that20this20machine20can20straighten_5\" class=\"blank_anchor_id\"><\/a><a class=\"blank_anchor_name\" name=\"1-what-is-the-maximum-wire-size-that-this-machine-can-straighten\"><\/a><a id=\"1-what-is-the-maximum-wire-size-that-this-machine-can-straighten\" class=\"blank_anchor_id\"><\/a><\/div>\n<h4 id=\"120what20is20the20maximum20wire20size20that20this20machine20can20straighten_5\" class=\"xsj_heading_hash xsj_heading xsj_heading_h4\" data-source-line=\"30\" data-source-line-display=\"true\"><span class=\"xsj_heading_content\">1. Was ist die maximale Drahtgr\u00f6\u00dfe, die diese Maschine richten kann?<\/span><\/h4>\n<p class=\"xsj_paragraph xsj_paragraph_level_0\" data-source-line=\"32\" data-source-line-display=\"true\">Die Drahtrichtmaschine mit 5 R\u00e4dern kann Drahtst\u00e4rken bis zu 10 mm verarbeiten.<\/p>\n<div class=\"xiaoshujiang_element xsj_anchor\"><a class=\"blank_anchor_name\" name=\"220can20the20machines20straightening20wheel20be20replaced_6\"><\/a><a id=\"220can20the20machines20straightening20wheel20be20replaced_6\" class=\"blank_anchor_id\"><\/a><a class=\"blank_anchor_name\" name=\"2-can-the-machines-straightening-wheel-be-replaced\"><\/a><a id=\"2-can-the-machines-straightening-wheel-be-replaced\" class=\"blank_anchor_id\"><\/a><\/div>\n<h4 id=\"220can20the20machines20straightening20wheel20be20replaced_6\" class=\"xsj_heading_hash xsj_heading xsj_heading_h4\" data-source-line=\"34\" data-source-line-display=\"true\"><span class=\"xsj_heading_content\">2. Kann das Richtrad der Maschine ausgetauscht werden?<\/span><\/h4>\n<p class=\"xsj_paragraph xsj_paragraph_level_0\" data-source-line=\"36\" data-source-line-display=\"true\">Ja, das Richtrad kann ausgetauscht werden, und der Vorgang ist einfach.<\/p>\n<div class=\"xiaoshujiang_element xsj_anchor\"><a class=\"blank_anchor_name\" name=\"320how20does20the20machine20alignment20work_7\"><\/a><a id=\"320how20does20the20machine20alignment20work_7\" class=\"blank_anchor_id\"><\/a><a class=\"blank_anchor_name\" name=\"3-how-does-the-machine-alignment-work\"><\/a><a id=\"3-how-does-the-machine-alignment-work\" class=\"blank_anchor_id\"><\/a><\/div>\n<h4 id=\"320how20does20the20machine20alignment20work_7\" class=\"xsj_heading_hash xsj_heading xsj_heading_h4\" data-source-line=\"38\" data-source-line-display=\"true\"><span class=\"xsj_heading_content\">3. Wie funktioniert die Maschinenausrichtung?<\/span><\/h4>\n<p class=\"xsj_paragraph xsj_paragraph_level_0\" data-source-line=\"40\" data-source-line-display=\"true\">Das Richtrad der Maschine l\u00e4sst sich dreidimensional verstellen: nach oben und unten, nach links und rechts sowie nach vorne und hinten. Diese Funktion wird verwendet, um den Draht mit der Mitte des Maschinenkopfes auszurichten.<\/p>\n<div class=\"xiaoshujiang_element xsj_anchor\"><a class=\"blank_anchor_name\" name=\"420is20the20machine20easy20to20maintain_8\"><\/a><a id=\"420is20the20machine20easy20to20maintain_8\" class=\"blank_anchor_id\"><\/a><a class=\"blank_anchor_name\" name=\"4-is-the-machine-easy-to-maintain\"><\/a><a id=\"4-is-the-machine-easy-to-maintain\" class=\"blank_anchor_id\"><\/a><\/div>\n<h4 id=\"420is20the20machine20easy20to20maintain_8\" class=\"xsj_heading_hash xsj_heading xsj_heading_h4\" data-source-line=\"42\" data-source-line-display=\"true\"><span class=\"xsj_heading_content\">4. Ist die Maschine leicht zu warten?<\/span><\/h4>\n<p class=\"xsj_paragraph xsj_paragraph_level_0\" data-source-line=\"44\" data-source-line-display=\"true\">Die Maschine ist leicht zu warten und eine regelm\u00e4\u00dfige Wartung sorgt f\u00fcr eine optimale Maschinenleistung.<\/p>\n<div class=\"xiaoshujiang_element xsj_anchor\"><a class=\"blank_anchor_name\" name=\"520can20the20machine20be20used20for20both20heavy-duty20and20light-duty20tasks_9\"><\/a><a id=\"520can20the20machine20be20used20for20both20heavy-duty20and20light-duty20tasks_9\" class=\"blank_anchor_id\"><\/a><a class=\"blank_anchor_name\" name=\"5-can-the-machine-be-used-for-both-heavy-duty-and-light-duty-tasks\"><\/a><a id=\"5-can-the-machine-be-used-for-both-heavy-duty-and-light-duty-tasks\" class=\"blank_anchor_id\"><\/a><\/div>\n<h4 id=\"520can20the20machine20be20used20for20both20heavy-duty20and20light-duty20tasks_9\" class=\"xsj_heading_hash xsj_heading xsj_heading_h4\" data-source-line=\"46\" data-source-line-display=\"true\"><span class=\"xsj_heading_content\">5. Kann die Maschine sowohl f\u00fcr schwere als auch f\u00fcr leichte Aufgaben eingesetzt werden?<\/span><\/h4>\n<p class=\"xsj_paragraph xsj_paragraph_level_0\" data-source-line=\"48\" data-source-line-display=\"true\">Ja, die Maschine ist mit f\u00fcnf Richtr\u00e4dern f\u00fcr schwere Aufgaben geeignet, w\u00e4hrend die verstellbare H\u00f6he und der Mehrzweck-Werkzeugkasten sie ideal f\u00fcr leichte Arbeiten machen.<\/p>","protected":false},"excerpt":{"rendered":"<h2 id=\"features_1\" class=\"xsj_heading_hash xsj_heading xsj_heading_h2\" data-source-line=\"40\" data-source-line-display=\"true\"><span class=\"xsj_heading_content\">Merkmale:<\/span><\/h2>\n<ol class=\"markdown_ol\" data-source-line=\"41\">\n<li data-source-line=\"41\">Einfache Anpassung und Ausrichtung.<\/li>\n<li data-source-line=\"42\">Mehrzweck-Werkzeugaufbewahrung.<\/li>\n<li data-source-line=\"43\">Rostfreies Material.<\/li>\n<li data-source-line=\"44\">H\u00f6henverstellung.<\/li>\n<li data-source-line=\"45\">Mehrere Richtr\u00e4der.<\/li>\n<\/ol>","protected":false},"featured_media":26914,"template":"","meta":{"site-sidebar-layout":"default","site-content-layout":"default","ast-global-header-display":"","ast-banner-title-visibility":"","ast-main-header-display":"","ast-hfb-above-header-display":"","ast-hfb-below-header-display":"","ast-hfb-mobile-header-display":"","site-post-title":"","ast-breadcrumbs-content":"","ast-featured-img":"","footer-sml-layout":"","theme-transparent-header-meta":"default","adv-header-id-meta":"","stick-header-meta":"","header-above-stick-meta":"","header-main-stick-meta":"","header-below-stick-meta":""},"product_brand":[],"product_cat":[62],"product_tag":[],"class_list":{"0":"post-26905","1":"product","2":"type-product","3":"status-publish","4":"has-post-thumbnail","6":"product_cat-extruder-equipment","7":"desktop-align-left","8":"tablet-align-left","9":"mobile-align-left","11":"first","12":"instock","13":"shipping-taxable","14":"product-type-simple"},"yoast_head":"<!-- This site is optimized with the Yoast SEO Premium plugin v20.12 (Yoast SEO v26.0) - https:\/\/yoast.com\/wordpress\/plugins\/seo\/ -->\n<title>5 Wheels Wire Straightening Machine - QiPang<\/title>\n<meta name=\"description\" content=\"Achieve precise wire straightening with our 5 Wheels Wire Straightening Machine - rust-free, efficient, and easy to use. Order yours today!\" \/>\n<meta name=\"robots\" content=\"index, follow, max-snippet:-1, max-image-preview:large, max-video-preview:-1\" \/>\n<link rel=\"canonical\" href=\"https:\/\/rollingringdrives.com\/de\/produkt\/5-rad-drahtrichtmaschine\/\" \/>\n<meta property=\"og:locale\" content=\"de_DE\" \/>\n<meta property=\"og:type\" content=\"article\" \/>\n<meta property=\"og:title\" content=\"5 Wheels Wire Straightening Machine\" \/>\n<meta property=\"og:description\" content=\"Achieve precise wire straightening with our 5 Wheels Wire Straightening Machine - rust-free, efficient, and easy to use. Order yours today!\" \/>\n<meta property=\"og:url\" content=\"https:\/\/rollingringdrives.com\/de\/produkt\/5-rad-drahtrichtmaschine\/\" \/>\n<meta property=\"og:site_name\" content=\"QiPang\" \/>\n<meta property=\"article:modified_time\" content=\"2023-05-29T06:37:44+00:00\" \/>\n<meta property=\"og:image\" content=\"https:\/\/rollingringdrives.com\/wp-content\/uploads\/2023\/05\/1-2.png\" \/>\n\t<meta property=\"og:image:width\" content=\"600\" \/>\n\t<meta property=\"og:image:height\" content=\"600\" \/>\n\t<meta property=\"og:image:type\" content=\"image\/png\" \/>\n<meta name=\"twitter:card\" content=\"summary_large_image\" \/>\n<meta name=\"twitter:label1\" content=\"Gesch\u00e4tzte Lesezeit\" \/>\n\t<meta name=\"twitter:data1\" content=\"3\u00a0Minuten\" \/>\n<script type=\"application\/ld+json\" class=\"yoast-schema-graph\">{\"@context\":\"https:\/\/schema.org\",\"@graph\":[{\"@type\":\"WebPage\",\"@id\":\"https:\/\/rollingringdrives.com\/product\/5-wheels-wire-straightening-machine\/\",\"url\":\"https:\/\/rollingringdrives.com\/product\/5-wheels-wire-straightening-machine\/\",\"name\":\"5 Wheels Wire Straightening Machine - QiPang\",\"isPartOf\":{\"@id\":\"https:\/\/rollingringdrives.com\/#website\"},\"primaryImageOfPage\":{\"@id\":\"https:\/\/rollingringdrives.com\/product\/5-wheels-wire-straightening-machine\/#primaryimage\"},\"image\":{\"@id\":\"https:\/\/rollingringdrives.com\/product\/5-wheels-wire-straightening-machine\/#primaryimage\"},\"thumbnailUrl\":\"https:\/\/rollingringdrives.com\/wp-content\/uploads\/2023\/05\/1-2.png\",\"datePublished\":\"2023-05-29T06:33:52+00:00\",\"dateModified\":\"2023-05-29T06:37:44+00:00\",\"description\":\"Achieve precise wire straightening with our 5 Wheels Wire Straightening Machine - rust-free, efficient, and easy to use. Order yours today!\",\"breadcrumb\":{\"@id\":\"https:\/\/rollingringdrives.com\/product\/5-wheels-wire-straightening-machine\/#breadcrumb\"},\"inLanguage\":\"de\",\"potentialAction\":[{\"@type\":\"ReadAction\",\"target\":[\"https:\/\/rollingringdrives.com\/product\/5-wheels-wire-straightening-machine\/\"]}]},{\"@type\":\"ImageObject\",\"inLanguage\":\"de\",\"@id\":\"https:\/\/rollingringdrives.com\/product\/5-wheels-wire-straightening-machine\/#primaryimage\",\"url\":\"https:\/\/rollingringdrives.com\/wp-content\/uploads\/2023\/05\/1-2.png\",\"contentUrl\":\"https:\/\/rollingringdrives.com\/wp-content\/uploads\/2023\/05\/1-2.png\",\"width\":600,\"height\":600,\"caption\":\"5 Wheels Wire Straightening Machine\"},{\"@type\":\"BreadcrumbList\",\"@id\":\"https:\/\/rollingringdrives.com\/product\/5-wheels-wire-straightening-machine\/#breadcrumb\",\"itemListElement\":[{\"@type\":\"ListItem\",\"position\":1,\"name\":\"Home\",\"item\":\"https:\/\/rollingringdrives.com\/\"},{\"@type\":\"ListItem\",\"position\":2,\"name\":\"Machines\",\"item\":\"https:\/\/rollingringdrives.com\/machines\/\"},{\"@type\":\"ListItem\",\"position\":3,\"name\":\"5 Wheels Wire Straightening Machine\"}]},{\"@type\":\"WebSite\",\"@id\":\"https:\/\/rollingringdrives.com\/#website\",\"url\":\"https:\/\/rollingringdrives.com\/\",\"name\":\"QiPang\",\"description\":\"QiPang Blog\",\"publisher\":{\"@id\":\"https:\/\/rollingringdrives.com\/#organization\"},\"potentialAction\":[{\"@type\":\"SearchAction\",\"target\":{\"@type\":\"EntryPoint\",\"urlTemplate\":\"https:\/\/rollingringdrives.com\/?s={search_term_string}\"},\"query-input\":{\"@type\":\"PropertyValueSpecification\",\"valueRequired\":true,\"valueName\":\"search_term_string\"}}],\"inLanguage\":\"de\"},{\"@type\":\"Organization\",\"@id\":\"https:\/\/rollingringdrives.com\/#organization\",\"name\":\"QiPang\",\"url\":\"https:\/\/rollingringdrives.com\/\",\"logo\":{\"@type\":\"ImageObject\",\"inLanguage\":\"de\",\"@id\":\"https:\/\/rollingringdrives.com\/#\/schema\/logo\/image\/\",\"url\":\"https:\/\/rollingringdrives.com\/wp-content\/uploads\/2023\/05\/cropped-\u672a\u547d\u540d\u7684\u8bbe\u8ba1.png\",\"contentUrl\":\"https:\/\/rollingringdrives.com\/wp-content\/uploads\/2023\/05\/cropped-\u672a\u547d\u540d\u7684\u8bbe\u8ba1.png\",\"width\":300,\"height\":191,\"caption\":\"QiPang\"},\"image\":{\"@id\":\"https:\/\/rollingringdrives.com\/#\/schema\/logo\/image\/\"}}]}<\/script>\n<!-- \/ Yoast SEO Premium plugin. -->","yoast_head_json":{"title":"5-R\u00e4der-Drahtrichtmaschine - QiPang","description":"Erzielen Sie pr\u00e4zises Richten von Dr\u00e4hten mit unserer Drahtrichtmaschine mit 5 R\u00e4dern \u2013 rostfrei, effizient und einfach zu bedienen. Bestellen Sie noch heute!","robots":{"index":"index","follow":"follow","max-snippet":"max-snippet:-1","max-image-preview":"max-image-preview:large","max-video-preview":"max-video-preview:-1"},"canonical":"https:\/\/rollingringdrives.com\/de\/produkt\/5-rad-drahtrichtmaschine\/","og_locale":"de_DE","og_type":"article","og_title":"5 Wheels Wire Straightening Machine","og_description":"Achieve precise wire straightening with our 5 Wheels Wire Straightening Machine - rust-free, efficient, and easy to use. Order yours today!","og_url":"https:\/\/rollingringdrives.com\/de\/produkt\/5-rad-drahtrichtmaschine\/","og_site_name":"QiPang","article_modified_time":"2023-05-29T06:37:44+00:00","og_image":[{"width":600,"height":600,"url":"https:\/\/rollingringdrives.com\/wp-content\/uploads\/2023\/05\/1-2.png","type":"image\/png"}],"twitter_card":"summary_large_image","twitter_misc":{"Gesch\u00e4tzte Lesezeit":"3\u00a0Minuten"},"schema":{"@context":"https:\/\/schema.org","@graph":[{"@type":"WebPage","@id":"https:\/\/rollingringdrives.com\/product\/5-wheels-wire-straightening-machine\/","url":"https:\/\/rollingringdrives.com\/product\/5-wheels-wire-straightening-machine\/","name":"5-R\u00e4der-Drahtrichtmaschine - QiPang","isPartOf":{"@id":"https:\/\/rollingringdrives.com\/#website"},"primaryImageOfPage":{"@id":"https:\/\/rollingringdrives.com\/product\/5-wheels-wire-straightening-machine\/#primaryimage"},"image":{"@id":"https:\/\/rollingringdrives.com\/product\/5-wheels-wire-straightening-machine\/#primaryimage"},"thumbnailUrl":"https:\/\/rollingringdrives.com\/wp-content\/uploads\/2023\/05\/1-2.png","datePublished":"2023-05-29T06:33:52+00:00","dateModified":"2023-05-29T06:37:44+00:00","description":"Erzielen Sie pr\u00e4zises Richten von Dr\u00e4hten mit unserer Drahtrichtmaschine mit 5 R\u00e4dern \u2013 rostfrei, effizient und einfach zu bedienen. Bestellen Sie noch heute!","breadcrumb":{"@id":"https:\/\/rollingringdrives.com\/product\/5-wheels-wire-straightening-machine\/#breadcrumb"},"inLanguage":"de","potentialAction":[{"@type":"ReadAction","target":["https:\/\/rollingringdrives.com\/product\/5-wheels-wire-straightening-machine\/"]}]},{"@type":"ImageObject","inLanguage":"de","@id":"https:\/\/rollingringdrives.com\/product\/5-wheels-wire-straightening-machine\/#primaryimage","url":"https:\/\/rollingringdrives.com\/wp-content\/uploads\/2023\/05\/1-2.png","contentUrl":"https:\/\/rollingringdrives.com\/wp-content\/uploads\/2023\/05\/1-2.png","width":600,"height":600,"caption":"5 Wheels Wire Straightening Machine"},{"@type":"BreadcrumbList","@id":"https:\/\/rollingringdrives.com\/product\/5-wheels-wire-straightening-machine\/#breadcrumb","itemListElement":[{"@type":"ListItem","position":1,"name":"Home","item":"https:\/\/rollingringdrives.com\/"},{"@type":"ListItem","position":2,"name":"Machines","item":"https:\/\/rollingringdrives.com\/machines\/"},{"@type":"ListItem","position":3,"name":"5 Wheels Wire Straightening Machine"}]},{"@type":"WebSite","@id":"https:\/\/rollingringdrives.com\/#website","url":"https:\/\/rollingringdrives.com\/","name":"QiPang","description":"QiPang-Blog","publisher":{"@id":"https:\/\/rollingringdrives.com\/#organization"},"potentialAction":[{"@type":"SearchAction","target":{"@type":"EntryPoint","urlTemplate":"https:\/\/rollingringdrives.com\/?s={search_term_string}"},"query-input":{"@type":"PropertyValueSpecification","valueRequired":true,"valueName":"search_term_string"}}],"inLanguage":"de"},{"@type":"Organization","@id":"https:\/\/rollingringdrives.com\/#organization","name":"QiPang","url":"https:\/\/rollingringdrives.com\/","logo":{"@type":"ImageObject","inLanguage":"de","@id":"https:\/\/rollingringdrives.com\/#\/schema\/logo\/image\/","url":"https:\/\/rollingringdrives.com\/wp-content\/uploads\/2023\/05\/cropped-\u672a\u547d\u540d\u7684\u8bbe\u8ba1.png","contentUrl":"https:\/\/rollingringdrives.com\/wp-content\/uploads\/2023\/05\/cropped-\u672a\u547d\u540d\u7684\u8bbe\u8ba1.png","width":300,"height":191,"caption":"QiPang"},"image":{"@id":"https:\/\/rollingringdrives.com\/#\/schema\/logo\/image\/"}}]}},"_links":{"self":[{"href":"https:\/\/rollingringdrives.com\/de\/wp-json\/wp\/v2\/product\/26905","targetHints":{"allow":["GET"]}}],"collection":[{"href":"https:\/\/rollingringdrives.com\/de\/wp-json\/wp\/v2\/product"}],"about":[{"href":"https:\/\/rollingringdrives.com\/de\/wp-json\/wp\/v2\/types\/product"}],"version-history":[{"count":0,"href":"https:\/\/rollingringdrives.com\/de\/wp-json\/wp\/v2\/product\/26905\/revisions"}],"wp:featuredmedia":[{"embeddable":true,"href":"https:\/\/rollingringdrives.com\/de\/wp-json\/wp\/v2\/media\/26914"}],"wp:attachment":[{"href":"https:\/\/rollingringdrives.com\/de\/wp-json\/wp\/v2\/media?parent=26905"}],"wp:term":[{"taxonomy":"product_brand","embeddable":true,"href":"https:\/\/rollingringdrives.com\/de\/wp-json\/wp\/v2\/product_brand?post=26905"},{"taxonomy":"product_cat","embeddable":true,"href":"https:\/\/rollingringdrives.com\/de\/wp-json\/wp\/v2\/product_cat?post=26905"},{"taxonomy":"product_tag","embeddable":true,"href":"https:\/\/rollingringdrives.com\/de\/wp-json\/wp\/v2\/product_tag?post=26905"}],"curies":[{"name":"wp","href":"https:\/\/api.w.org\/{rel}","templated":true}]}}