{"id":27322,"date":"2023-06-01T03:06:44","date_gmt":"2023-06-01T03:06:44","guid":{"rendered":"https:\/\/rollingringdrives.com\/?post_type=product&#038;p=27322"},"modified":"2023-06-01T03:06:46","modified_gmt":"2023-06-01T03:06:46","slug":"three-frame-wire-guide","status":"publish","type":"product","link":"https:\/\/rollingringdrives.com\/de\/produkt\/dreirahmen-drahtfuhrung\/","title":{"rendered":"Drahtf\u00fchrung mit drei Rahmen"},"content":{"rendered":"<p class=\"xsj_paragraph xsj_paragraph_level_0\" data-source-line=\"10\" data-source-line-display=\"true\">Der <strong>Drahtf\u00fchrung mit drei Rahmen<\/strong> wird h\u00e4ufig in der Draht- und Kabelindustrie eingesetzt. Dabei handelt es sich um eine Derrick-Drahtf\u00fchrung, die daf\u00fcr konzipiert ist, Materialien durch die verschiedenen bei der Drahtproduktion verwendeten Ger\u00e4te zu f\u00fchren, einen reibungslosen Materialfluss zu gew\u00e4hrleisten und Ablauf- oder Heraussprungprobleme zu verhindern. Es besteht aus drei Rahmen, die den Draht an Ort und Stelle halten, w\u00e4hrend er durch Drahtziehmaschinen, Richtmaschinen und andere \u00e4hnliche Ger\u00e4te gef\u00fchrt wird.<\/p>\n<div class=\"xiaoshujiang_element xsj_anchor\"><a class=\"blank_anchor_name\" name=\"applications_1\"><\/a><a id=\"applications_1\" class=\"blank_anchor_id\"><\/a><a class=\"blank_anchor_name\" name=\"applications\"><\/a><a id=\"applications\" class=\"blank_anchor_id\"><\/a><\/div>\n<h2 id=\"applications_1\" class=\"xsj_heading_hash xsj_heading xsj_heading_h2\" data-source-line=\"12\" data-source-line-display=\"true\"><span class=\"xsj_heading_content\">Anwendungen:<\/span><\/h2>\n<p class=\"xsj_paragraph xsj_paragraph_level_0\" data-source-line=\"14\" data-source-line-display=\"true\">Die Drahtf\u00fchrung mit drei Rahmen wird in verschiedenen Anwendungen in der Draht- und Kabelindustrie eingesetzt. Eine seiner Hauptanwendungen sind Drahtziehmaschinen, die den Durchmesser von Kabeln f\u00fcr verschiedene Anwendungen reduzieren. Die Drahtf\u00fchrung mit drei Rahmen hilft dabei, den Draht durch die Ziehmaschine zu f\u00fchren, um eine gleichm\u00e4\u00dfige und genaue Gr\u00f6\u00dfenreduzierung zu gew\u00e4hrleisten. Es wird auch h\u00e4ufig in Richtmaschinen verwendet, wo es dabei hilft, den Draht durch Rollen und andere Mechanismen zu f\u00fchren, um ihn zu richten.<\/p>\n<p class=\"xsj_paragraph xsj_paragraph_level_0\" data-source-line=\"16\" data-source-line-display=\"true\">Zu den weiteren Einsatzm\u00f6glichkeiten der Dreirahmen-Drahtf\u00fchrung geh\u00f6ren die Herstellung von Kabeln und Seilen, die der F\u00fchrung mehrerer Litzen dienen und ein Verheddern verhindern, sowie die Herstellung von Stahldraht f\u00fcr Bauzwecke, wo sie den reibungslosen Drahtfluss durch Maschinen und Anlagen gew\u00e4hrleistet verhindert Sch\u00e4den am Draht.<\/p>\n<div id=\"footable_parent_27328\"\n         class=\"footable_parent ninja_table_wrapper loading_ninja_table wp_table_data_press_parent semantic_ui\">\n                <table data-ninja_table_instance=\"ninja_table_instance_0\" data-footable_id=\"27328\" data-filter-delay=\"1000\" aria-label=\"1a2SX \u5de5\u4f5c\u8868 (2).csv\"            id=\"footable_27328\"\n           data-unique_identifier=\"ninja_table_unique_id_203728105_27328\"\n           class=\"foo-table ninja_footable foo_table_27328 ninja_table_unique_id_203728105_27328 ui table  nt_type_legacy_table selectable striped vertical_centered  footable-paging-right ninja_table_search_disabled ninja_table_pro\">\n                <colgroup>\n                            <col class=\"ninja_column_0\">\n                            <col class=\"ninja_column_1\">\n                            <col class=\"ninja_column_2\">\n                            <col class=\"ninja_column_3\">\n                            <col class=\"ninja_column_4\">\n                    <\/colgroup>\n        <thead>\n<tr class=\"footable-header\">\n                                                                                        <th scope=\"col\"  class=\"ninja_column_0 ninja_clmn_nm_threeframeseries\">Drei Rahmenserien<\/th><th scope=\"col\"  class=\"ninja_column_1 ninja_clmn_nm_ninja_column_2\"><\/th><th scope=\"col\"  class=\"ninja_column_2 ninja_clmn_nm_ninja_column_3\"><\/th><th scope=\"col\"  class=\"ninja_column_3 ninja_clmn_nm_ninja_column_4\"><\/th><th scope=\"col\"  class=\"ninja_column_4 ninja_clmn_nm_ninja_column_5\"><\/th><\/tr>\n<\/thead>\n<tbody>\n\n        <tr data-row_id=\"769\" class=\"ninja_table_row_0 nt_row_id_769\">\n            <td>Name <\/td><td>Mitte \u00fcber Drahtabstand <\/td><td>Augenabstand verschrauben<\/td><td>Modelle mit Rollringantrieb<\/td><td>Grundgr\u00f6\u00dfe<\/td>        <\/tr>\n            <tr data-row_id=\"770\" class=\"ninja_table_row_1 nt_row_id_770\">\n            <td>QIPANG<\/td><td>QP 40mm \u00d825<\/td><td>70*40<\/td><td>20<\/td><td>100*65<\/td>        <\/tr>\n            <tr data-row_id=\"771\" class=\"ninja_table_row_2 nt_row_id_771\">\n            <td><\/td><td>QP 40mm \u00d825<\/td><td>70*60<\/td><td>30<\/td><td>100*80<\/td>        <\/tr>\n            <tr data-row_id=\"772\" class=\"ninja_table_row_3 nt_row_id_772\">\n            <td><\/td><td>QP 55mm \u00d8 32<\/td><td>72*72<\/td><td>40<\/td><td>125*90<\/td>        <\/tr>\n            <tr data-row_id=\"773\" class=\"ninja_table_row_4 nt_row_id_773\">\n            <td><\/td><td>QP 90mm \u00d8 38<\/td><td>90*104<\/td><td>50<\/td><td>132*161<\/td>        <\/tr>\n            <tr data-row_id=\"774\" class=\"ninja_table_row_5 nt_row_id_774\">\n            <td><\/td><td>QP 95mm \u00d8 38<\/td><td>104*110<\/td><td>60<\/td><td>140*180<\/td>        <\/tr>\n            <tr data-row_id=\"775\" class=\"ninja_table_row_6 nt_row_id_775\">\n            <td><\/td><td>QP 140mm \u00d8 38<\/td><td>104*110<\/td><td>60 plus<\/td><td>140*180<\/td>        <\/tr>\n            <tr data-row_id=\"776\" class=\"ninja_table_row_7 nt_row_id_776\">\n            <td>XD<\/td><td>XD 35mm \u00d8 25<\/td><td>40*42<\/td><td>20<\/td><td>95*65<\/td>        <\/tr>\n            <tr data-row_id=\"777\" class=\"ninja_table_row_8 nt_row_id_777\">\n            <td><\/td><td>XD 35mm \u00d825<\/td><td>60*62<\/td><td>30<\/td><td>95*80<\/td>        <\/tr>\n            <tr data-row_id=\"778\" class=\"ninja_table_row_9 nt_row_id_778\">\n            <td><\/td><td>XD 42mm \u00d8 32<\/td><td>70*80<\/td><td>40<\/td><td>126*106<\/td>        <\/tr>\n            <tr data-row_id=\"779\" class=\"ninja_table_row_10 nt_row_id_779\">\n            <td><\/td><td>XD 54mm \u00d8 38<\/td><td>102*110<\/td><td>50<\/td><td>160*132<\/td>        <\/tr>\n            <tr data-row_id=\"780\" class=\"ninja_table_row_11 nt_row_id_780\">\n            <td><\/td><td>XD 64mm \u00d8 38<\/td><td>110*119<\/td><td>60<\/td><td>180*150<\/td>        <\/tr>\n            <tr data-row_id=\"781\" class=\"ninja_table_row_12 nt_row_id_781\">\n            <td><\/td><td>QPX 36mm \u00d8 25<\/td><td>60*40<\/td><td>20<\/td><td>104*64<\/td>        <\/tr>\n            <tr data-row_id=\"782\" class=\"ninja_table_row_13 nt_row_id_782\">\n            <td><\/td><td>QPX 40mm \u00d8 25<\/td><td>70*64<\/td><td>30<\/td><td>104*80<\/td>        <\/tr>\n            <tr data-row_id=\"783\" class=\"ninja_table_row_14 nt_row_id_783\">\n            <td><\/td><td>Drei Rahmen aus Eisen<\/td><td>60*60<\/td><td>30<\/td><td>102*82<\/td>        <\/tr>\n    <\/tbody><!--ninja_tobody_rendering_done-->\n    <\/table>\n    \n    \n    \n<\/div>","protected":false},"excerpt":{"rendered":"<h2 id=\"features_2\" class=\"xsj_heading_hash xsj_heading xsj_heading_h2\" data-source-line=\"18\" data-source-line-display=\"true\"><span class=\"xsj_heading_content\">Merkmale:<\/span><\/h2>\n<ol class=\"markdown_ol\" data-source-line=\"20\">\n<li data-source-line=\"20\">Die Three-Frame Wire Guide ist langlebig und aus hochwertigen Materialien wie Edelstahl gefertigt.<\/li>\n<li data-source-line=\"21\">Es ist einfach zu installieren und zu verwenden und verf\u00fcgt \u00fcber ein einfaches Design, das es Benutzern erm\u00f6glicht, Kabel schnell und effizient durch Maschinen zu f\u00fchren.<\/li>\n<li data-source-line=\"22\">Aufgrund seiner Vielseitigkeit kann es mit einer Vielzahl von Dr\u00e4hten und Kabeln verwendet werden, wodurch es f\u00fcr verschiedene Anwendungen n\u00fctzlich ist.<\/li>\n<li data-source-line=\"23\">Es ist oft verstellbar und erm\u00f6glicht so eine individuelle Anpassung der Rahmengr\u00f6\u00dfe und -position.<\/li>\n<\/ol>","protected":false},"featured_media":27324,"template":"","meta":{"site-sidebar-layout":"default","site-content-layout":"default","ast-global-header-display":"","ast-banner-title-visibility":"","ast-main-header-display":"","ast-hfb-above-header-display":"","ast-hfb-below-header-display":"","ast-hfb-mobile-header-display":"","site-post-title":"","ast-breadcrumbs-content":"","ast-featured-img":"","footer-sml-layout":"","theme-transparent-header-meta":"default","adv-header-id-meta":"","stick-header-meta":"","header-above-stick-meta":"","header-main-stick-meta":"","header-below-stick-meta":""},"product_brand":[],"product_cat":[78],"product_tag":[],"class_list":{"0":"post-27322","1":"product","2":"type-product","3":"status-publish","4":"has-post-thumbnail","6":"product_cat-wire-guide","7":"desktop-align-left","8":"tablet-align-left","9":"mobile-align-left","11":"first","12":"instock","13":"shipping-taxable","14":"product-type-simple"},"yoast_head":"<!-- This site is optimized with the Yoast SEO Premium plugin v20.12 (Yoast SEO v26.0) - https:\/\/yoast.com\/wordpress\/plugins\/seo\/ -->\n<title>Three-Frame Wire Guide - QiPang<\/title>\n<meta name=\"description\" content=\"Upgrade your wire and cable production process with the Three-Frame Wire Guide! Perfect for smooth material flow and preventing runoff problems.\" \/>\n<meta name=\"robots\" content=\"index, follow, max-snippet:-1, max-image-preview:large, max-video-preview:-1\" \/>\n<link rel=\"canonical\" href=\"https:\/\/rollingringdrives.com\/de\/produkt\/dreirahmen-drahtfuhrung\/\" \/>\n<meta property=\"og:locale\" content=\"de_DE\" \/>\n<meta property=\"og:type\" content=\"article\" \/>\n<meta property=\"og:title\" content=\"Three-Frame Wire Guide\" \/>\n<meta property=\"og:description\" content=\"Upgrade your wire and cable production process with the Three-Frame Wire Guide! Perfect for smooth material flow and preventing runoff problems.\" \/>\n<meta property=\"og:url\" content=\"https:\/\/rollingringdrives.com\/de\/produkt\/dreirahmen-drahtfuhrung\/\" \/>\n<meta property=\"og:site_name\" content=\"QiPang\" \/>\n<meta property=\"article:modified_time\" content=\"2023-06-01T03:06:46+00:00\" \/>\n<meta property=\"og:image\" content=\"https:\/\/rollingringdrives.com\/wp-content\/uploads\/2023\/06\/XD30.jpg\" \/>\n\t<meta property=\"og:image:width\" content=\"600\" \/>\n\t<meta property=\"og:image:height\" content=\"600\" \/>\n\t<meta property=\"og:image:type\" content=\"image\/jpeg\" \/>\n<meta name=\"twitter:card\" content=\"summary_large_image\" \/>\n<meta name=\"twitter:label1\" content=\"Gesch\u00e4tzte Lesezeit\" \/>\n\t<meta name=\"twitter:data1\" content=\"1\u00a0Minute\" \/>\n<script type=\"application\/ld+json\" class=\"yoast-schema-graph\">{\"@context\":\"https:\/\/schema.org\",\"@graph\":[{\"@type\":\"WebPage\",\"@id\":\"https:\/\/rollingringdrives.com\/product\/three-frame-wire-guide\/\",\"url\":\"https:\/\/rollingringdrives.com\/product\/three-frame-wire-guide\/\",\"name\":\"Three-Frame Wire Guide - QiPang\",\"isPartOf\":{\"@id\":\"https:\/\/rollingringdrives.com\/#website\"},\"primaryImageOfPage\":{\"@id\":\"https:\/\/rollingringdrives.com\/product\/three-frame-wire-guide\/#primaryimage\"},\"image\":{\"@id\":\"https:\/\/rollingringdrives.com\/product\/three-frame-wire-guide\/#primaryimage\"},\"thumbnailUrl\":\"https:\/\/rollingringdrives.com\/wp-content\/uploads\/2023\/06\/XD30.jpg\",\"datePublished\":\"2023-06-01T03:06:44+00:00\",\"dateModified\":\"2023-06-01T03:06:46+00:00\",\"description\":\"Upgrade your wire and cable production process with the Three-Frame Wire Guide! Perfect for smooth material flow and preventing runoff problems.\",\"breadcrumb\":{\"@id\":\"https:\/\/rollingringdrives.com\/product\/three-frame-wire-guide\/#breadcrumb\"},\"inLanguage\":\"de\",\"potentialAction\":[{\"@type\":\"ReadAction\",\"target\":[\"https:\/\/rollingringdrives.com\/product\/three-frame-wire-guide\/\"]}]},{\"@type\":\"ImageObject\",\"inLanguage\":\"de\",\"@id\":\"https:\/\/rollingringdrives.com\/product\/three-frame-wire-guide\/#primaryimage\",\"url\":\"https:\/\/rollingringdrives.com\/wp-content\/uploads\/2023\/06\/XD30.jpg\",\"contentUrl\":\"https:\/\/rollingringdrives.com\/wp-content\/uploads\/2023\/06\/XD30.jpg\",\"width\":600,\"height\":600,\"caption\":\"Three-Frame Wire Guide\"},{\"@type\":\"BreadcrumbList\",\"@id\":\"https:\/\/rollingringdrives.com\/product\/three-frame-wire-guide\/#breadcrumb\",\"itemListElement\":[{\"@type\":\"ListItem\",\"position\":1,\"name\":\"Home\",\"item\":\"https:\/\/rollingringdrives.com\/\"},{\"@type\":\"ListItem\",\"position\":2,\"name\":\"Machines\",\"item\":\"https:\/\/rollingringdrives.com\/machines\/\"},{\"@type\":\"ListItem\",\"position\":3,\"name\":\"Three-Frame Wire Guide\"}]},{\"@type\":\"WebSite\",\"@id\":\"https:\/\/rollingringdrives.com\/#website\",\"url\":\"https:\/\/rollingringdrives.com\/\",\"name\":\"QiPang\",\"description\":\"QiPang Blog\",\"publisher\":{\"@id\":\"https:\/\/rollingringdrives.com\/#organization\"},\"potentialAction\":[{\"@type\":\"SearchAction\",\"target\":{\"@type\":\"EntryPoint\",\"urlTemplate\":\"https:\/\/rollingringdrives.com\/?s={search_term_string}\"},\"query-input\":{\"@type\":\"PropertyValueSpecification\",\"valueRequired\":true,\"valueName\":\"search_term_string\"}}],\"inLanguage\":\"de\"},{\"@type\":\"Organization\",\"@id\":\"https:\/\/rollingringdrives.com\/#organization\",\"name\":\"QiPang\",\"url\":\"https:\/\/rollingringdrives.com\/\",\"logo\":{\"@type\":\"ImageObject\",\"inLanguage\":\"de\",\"@id\":\"https:\/\/rollingringdrives.com\/#\/schema\/logo\/image\/\",\"url\":\"https:\/\/rollingringdrives.com\/wp-content\/uploads\/2023\/05\/cropped-\u672a\u547d\u540d\u7684\u8bbe\u8ba1.png\",\"contentUrl\":\"https:\/\/rollingringdrives.com\/wp-content\/uploads\/2023\/05\/cropped-\u672a\u547d\u540d\u7684\u8bbe\u8ba1.png\",\"width\":300,\"height\":191,\"caption\":\"QiPang\"},\"image\":{\"@id\":\"https:\/\/rollingringdrives.com\/#\/schema\/logo\/image\/\"}}]}<\/script>\n<!-- \/ Yoast SEO Premium plugin. -->","yoast_head_json":{"title":"Drahtf\u00fchrung mit drei Rahmen \u2013 QiPang","description":"Verbessern Sie Ihren Draht- und Kabelproduktionsprozess mit der Three-Frame Wire Guide! Perfekt f\u00fcr einen reibungslosen Materialfluss und zur Vermeidung von Ablaufproblemen.","robots":{"index":"index","follow":"follow","max-snippet":"max-snippet:-1","max-image-preview":"max-image-preview:large","max-video-preview":"max-video-preview:-1"},"canonical":"https:\/\/rollingringdrives.com\/de\/produkt\/dreirahmen-drahtfuhrung\/","og_locale":"de_DE","og_type":"article","og_title":"Three-Frame Wire Guide","og_description":"Upgrade your wire and cable production process with the Three-Frame Wire Guide! Perfect for smooth material flow and preventing runoff problems.","og_url":"https:\/\/rollingringdrives.com\/de\/produkt\/dreirahmen-drahtfuhrung\/","og_site_name":"QiPang","article_modified_time":"2023-06-01T03:06:46+00:00","og_image":[{"width":600,"height":600,"url":"https:\/\/rollingringdrives.com\/wp-content\/uploads\/2023\/06\/XD30.jpg","type":"image\/jpeg"}],"twitter_card":"summary_large_image","twitter_misc":{"Gesch\u00e4tzte Lesezeit":"1\u00a0Minute"},"schema":{"@context":"https:\/\/schema.org","@graph":[{"@type":"WebPage","@id":"https:\/\/rollingringdrives.com\/product\/three-frame-wire-guide\/","url":"https:\/\/rollingringdrives.com\/product\/three-frame-wire-guide\/","name":"Drahtf\u00fchrung mit drei Rahmen \u2013 QiPang","isPartOf":{"@id":"https:\/\/rollingringdrives.com\/#website"},"primaryImageOfPage":{"@id":"https:\/\/rollingringdrives.com\/product\/three-frame-wire-guide\/#primaryimage"},"image":{"@id":"https:\/\/rollingringdrives.com\/product\/three-frame-wire-guide\/#primaryimage"},"thumbnailUrl":"https:\/\/rollingringdrives.com\/wp-content\/uploads\/2023\/06\/XD30.jpg","datePublished":"2023-06-01T03:06:44+00:00","dateModified":"2023-06-01T03:06:46+00:00","description":"Verbessern Sie Ihren Draht- und Kabelproduktionsprozess mit der Three-Frame Wire Guide! Perfekt f\u00fcr einen reibungslosen Materialfluss und zur Vermeidung von Ablaufproblemen.","breadcrumb":{"@id":"https:\/\/rollingringdrives.com\/product\/three-frame-wire-guide\/#breadcrumb"},"inLanguage":"de","potentialAction":[{"@type":"ReadAction","target":["https:\/\/rollingringdrives.com\/product\/three-frame-wire-guide\/"]}]},{"@type":"ImageObject","inLanguage":"de","@id":"https:\/\/rollingringdrives.com\/product\/three-frame-wire-guide\/#primaryimage","url":"https:\/\/rollingringdrives.com\/wp-content\/uploads\/2023\/06\/XD30.jpg","contentUrl":"https:\/\/rollingringdrives.com\/wp-content\/uploads\/2023\/06\/XD30.jpg","width":600,"height":600,"caption":"Three-Frame Wire Guide"},{"@type":"BreadcrumbList","@id":"https:\/\/rollingringdrives.com\/product\/three-frame-wire-guide\/#breadcrumb","itemListElement":[{"@type":"ListItem","position":1,"name":"Home","item":"https:\/\/rollingringdrives.com\/"},{"@type":"ListItem","position":2,"name":"Machines","item":"https:\/\/rollingringdrives.com\/machines\/"},{"@type":"ListItem","position":3,"name":"Three-Frame Wire Guide"}]},{"@type":"WebSite","@id":"https:\/\/rollingringdrives.com\/#website","url":"https:\/\/rollingringdrives.com\/","name":"QiPang","description":"QiPang-Blog","publisher":{"@id":"https:\/\/rollingringdrives.com\/#organization"},"potentialAction":[{"@type":"SearchAction","target":{"@type":"EntryPoint","urlTemplate":"https:\/\/rollingringdrives.com\/?s={search_term_string}"},"query-input":{"@type":"PropertyValueSpecification","valueRequired":true,"valueName":"search_term_string"}}],"inLanguage":"de"},{"@type":"Organization","@id":"https:\/\/rollingringdrives.com\/#organization","name":"QiPang","url":"https:\/\/rollingringdrives.com\/","logo":{"@type":"ImageObject","inLanguage":"de","@id":"https:\/\/rollingringdrives.com\/#\/schema\/logo\/image\/","url":"https:\/\/rollingringdrives.com\/wp-content\/uploads\/2023\/05\/cropped-\u672a\u547d\u540d\u7684\u8bbe\u8ba1.png","contentUrl":"https:\/\/rollingringdrives.com\/wp-content\/uploads\/2023\/05\/cropped-\u672a\u547d\u540d\u7684\u8bbe\u8ba1.png","width":300,"height":191,"caption":"QiPang"},"image":{"@id":"https:\/\/rollingringdrives.com\/#\/schema\/logo\/image\/"}}]}},"_links":{"self":[{"href":"https:\/\/rollingringdrives.com\/de\/wp-json\/wp\/v2\/product\/27322","targetHints":{"allow":["GET"]}}],"collection":[{"href":"https:\/\/rollingringdrives.com\/de\/wp-json\/wp\/v2\/product"}],"about":[{"href":"https:\/\/rollingringdrives.com\/de\/wp-json\/wp\/v2\/types\/product"}],"version-history":[{"count":0,"href":"https:\/\/rollingringdrives.com\/de\/wp-json\/wp\/v2\/product\/27322\/revisions"}],"wp:featuredmedia":[{"embeddable":true,"href":"https:\/\/rollingringdrives.com\/de\/wp-json\/wp\/v2\/media\/27324"}],"wp:attachment":[{"href":"https:\/\/rollingringdrives.com\/de\/wp-json\/wp\/v2\/media?parent=27322"}],"wp:term":[{"taxonomy":"product_brand","embeddable":true,"href":"https:\/\/rollingringdrives.com\/de\/wp-json\/wp\/v2\/product_brand?post=27322"},{"taxonomy":"product_cat","embeddable":true,"href":"https:\/\/rollingringdrives.com\/de\/wp-json\/wp\/v2\/product_cat?post=27322"},{"taxonomy":"product_tag","embeddable":true,"href":"https:\/\/rollingringdrives.com\/de\/wp-json\/wp\/v2\/product_tag?post=27322"}],"curies":[{"name":"wp","href":"https:\/\/api.w.org\/{rel}","templated":true}]}}