{"id":27330,"date":"2023-06-01T03:17:48","date_gmt":"2023-06-01T03:17:48","guid":{"rendered":"https:\/\/rollingringdrives.com\/?post_type=product&#038;p=27330"},"modified":"2023-06-01T03:17:50","modified_gmt":"2023-06-01T03:17:50","slug":"tx25-110-guide-rollers-with-four-adjustable-rollers","status":"publish","type":"product","link":"https:\/\/rollingringdrives.com\/de\/produkt\/tx25-110-fuhrungsrollen-mit-vier-verstellbaren-rollen\/","title":{"rendered":"TX25-110 F\u00fchrungsrollen mit vier verstellbaren Rollen"},"content":{"rendered":"<p class=\"xsj_paragraph xsj_paragraph_level_0\" data-source-line=\"9\" data-source-line-display=\"true\">Der <strong>TX25-110 F\u00fchrungsrollen mit vier verstellbaren Rollen<\/strong> ist ein unverzichtbares und vielseitiges Ger\u00e4t, das in verschiedenen industriellen Anwendungen zur F\u00fchrung anderer Materialien eingesetzt wird. Dieses Werkzeug ist speziell mit vier verstellbaren Rollen ausgestattet, die maximale Kontrolle und Pr\u00e4zision beim Lehren von Materialien \u00fcber eine Linie oder durch Maschinen bieten.<\/p>\n<figure id=\"attachment_27335\" aria-describedby=\"caption-attachment-27335\" style=\"width: 768px\" class=\"wp-caption alignnone\"><img fetchpriority=\"high\" decoding=\"async\" class=\"wp-image-27335 size-large\" src=\"https:\/\/rollingringdrives.com\/wp-content\/uploads\/2023\/06\/464970573794713448-768x1024.jpg\" alt=\"TX25-110 F\u00fchrungsrollen mit vier verstellbaren Rollen\" width=\"768\" height=\"1024\" srcset=\"https:\/\/rollingringdrives.com\/wp-content\/uploads\/2023\/06\/464970573794713448-768x1024.jpg 768w, https:\/\/rollingringdrives.com\/wp-content\/uploads\/2023\/06\/464970573794713448-225x300.jpg 225w, https:\/\/rollingringdrives.com\/wp-content\/uploads\/2023\/06\/464970573794713448-600x800.jpg 600w, https:\/\/rollingringdrives.com\/wp-content\/uploads\/2023\/06\/464970573794713448.jpg 1080w\" sizes=\"(max-width: 768px) 100vw, 768px\" \/><figcaption id=\"caption-attachment-27335\" class=\"wp-caption-text\">TX25-110 F\u00fchrungsrollen mit vier verstellbaren Rollen<\/figcaption><\/figure>\n<div class=\"xiaoshujiang_element xsj_anchor\"><a class=\"blank_anchor_name\" name=\"applications_1\"><\/a><a id=\"applications_1\" class=\"blank_anchor_id\"><\/a><a class=\"blank_anchor_name\" name=\"applications\"><\/a><a id=\"applications\" class=\"blank_anchor_id\"><\/a><\/div>\n<h2 id=\"applications_1\" class=\"xsj_heading_hash xsj_heading xsj_heading_h2\" data-source-line=\"11\" data-source-line-display=\"true\"><span style=\"text-decoration: underline;\"><span class=\"xsj_heading_content\">Anwendungen:<\/span><\/span><\/h2>\n<p class=\"xsj_paragraph xsj_paragraph_level_0\" data-source-line=\"13\" data-source-line-display=\"true\">Die F\u00fchrungsrollen TX25-110 mit vier verstellbaren Rollen k\u00f6nnen in verschiedenen Anwendungen eingesetzt werden, wie zum Beispiel:<\/p>\n<ol class=\"markdown_ol\" data-source-line=\"15\">\n<li data-source-line=\"15\">\n<p class=\"xsj_paragraph xsj_paragraph_level_2\">Drahtziehmaschine: Diese Rollen eignen sich perfekt zum F\u00fchren von Dr\u00e4hten durch Drahtziehmaschinen und gew\u00e4hrleisten den reibungslosen Betrieb dieser Maschinen ohne Materialsch\u00e4den.<\/p>\n<\/li>\n<li data-source-line=\"17\">\n<p class=\"xsj_paragraph xsj_paragraph_level_2\">Erstklassige Ausr\u00fcstung: Eine breite Palette an Materialien aus erstklassiger Ausr\u00fcstung verhindert Ablaufen oder problematische Spr\u00fcnge.<\/p>\n<\/li>\n<li data-source-line=\"19\">\n<p class=\"xsj_paragraph xsj_paragraph_level_2\">Richtger\u00e4te: Aufgrund seiner Vielseitigkeit eignet es sich perfekt f\u00fcr Richtger\u00e4te und stellt sicher, dass das Material pr\u00e4zise durch die Maschine gef\u00fchrt wird.<\/p>\n<\/li>\n<\/ol>\n<div id=\"footable_parent_27334\"\n         class=\"footable_parent ninja_table_wrapper loading_ninja_table wp_table_data_press_parent semantic_ui\">\n                <table data-ninja_table_instance=\"ninja_table_instance_0\" data-footable_id=\"27334\" data-filter-delay=\"1000\" aria-label=\"\u4e3a\u4fe1\u56fe\u7247_20230601110950.csv\"            id=\"footable_27334\"\n           data-unique_identifier=\"ninja_table_unique_id_381468740_27334\"\n           class=\"foo-table ninja_footable foo_table_27334 ninja_table_unique_id_381468740_27334 ui table  nt_type_legacy_table selectable striped vertical_centered  footable-paging-right ninja_table_search_disabled ninja_table_pro\">\n                <colgroup>\n                            <col class=\"ninja_column_0\">\n                            <col class=\"ninja_column_1\">\n                            <col class=\"ninja_column_2\">\n                            <col class=\"ninja_column_3\">\n                            <col class=\"ninja_column_4\">\n                            <col class=\"ninja_column_5\">\n                            <col class=\"ninja_column_6\">\n                            <col class=\"ninja_column_7\">\n                            <col class=\"ninja_column_8\">\n                            <col class=\"ninja_column_9\">\n                            <col class=\"ninja_column_10\">\n                            <col class=\"ninja_column_11\">\n                            <col class=\"ninja_column_12\">\n                            <col class=\"ninja_column_13\">\n                            <col class=\"ninja_column_14\">\n                            <col class=\"ninja_column_15\">\n                    <\/colgroup>\n        <thead>\n<tr class=\"footable-header\">\n                                                                                                                                                                                                                                                                        <th scope=\"col\"  class=\"ninja_column_0 ninja_clmn_nm_tx2511guiderollerswithfouradjustablerollers\">Tx25-110 F\u00fchrungsrollen mit vier verstellbaren Rollen<\/th><th scope=\"col\"  class=\"ninja_column_1 ninja_clmn_nm_ninja_column_2\"><\/th><th scope=\"col\"  class=\"ninja_column_2 ninja_clmn_nm_ninja_column_3\"><\/th><th scope=\"col\"  class=\"ninja_column_3 ninja_clmn_nm_ninja_column_4\"><\/th><th scope=\"col\"  class=\"ninja_column_4 ninja_clmn_nm_ninja_column_5\"><\/th><th scope=\"col\"  class=\"ninja_column_5 ninja_clmn_nm_ninja_column_6\"><\/th><th scope=\"col\"  class=\"ninja_column_6 ninja_clmn_nm_ninja_column_7\"><\/th><th scope=\"col\"  class=\"ninja_column_7 ninja_clmn_nm_ninja_column_8\"><\/th><th scope=\"col\"  class=\"ninja_column_8 ninja_clmn_nm_ninja_column_9\"><\/th><th scope=\"col\"  class=\"ninja_column_9 ninja_clmn_nm_ninja_column_10\"><\/th><th scope=\"col\"  class=\"ninja_column_10 ninja_clmn_nm_ninja_column_11\"><\/th><th scope=\"col\"  class=\"ninja_column_11 ninja_clmn_nm_ninja_column_12\"><\/th><th scope=\"col\"  class=\"ninja_column_12 ninja_clmn_nm_ninja_column_13\"><\/th><th scope=\"col\"  class=\"ninja_column_13 ninja_clmn_nm_ninja_column_14\"><\/th><th scope=\"col\"  class=\"ninja_column_14 ninja_clmn_nm_ninja_column_15\"><\/th><th scope=\"col\"  class=\"ninja_column_15 ninja_clmn_nm_ninja_column_16\"><\/th><\/tr>\n<\/thead>\n<tbody>\n\n        <tr data-row_id=\"784\" class=\"ninja_table_row_0 nt_row_id_784\">\n            <td>Parameter\/Modell<\/td><td>\u03c6 Min<\/td><td>\u03c6 max<\/td><td>A<\/td><td>B<\/td><td>C<\/td><td>\u03c6 D<\/td><td>E<\/td><td>F<\/td><td>G<\/td><td>H<\/td><td>\u03c6 K<\/td><td>L<\/td><td>M<\/td><td>N<\/td><td>\u03c6 R<\/td>        <\/tr>\n            <tr data-row_id=\"785\" class=\"ninja_table_row_1 nt_row_id_785\">\n            <td> TX25<\/td><td>1<\/td><td>25<\/td><td>50<\/td><td>35<\/td><td>45<\/td><td>5.5<\/td><td>105<\/td><td>125<\/td><td>110<\/td><td>55<\/td><td>27<\/td><td>35<\/td><td>105<\/td><td>125<\/td><td>40<\/td>        <\/tr>\n            <tr data-row_id=\"786\" class=\"ninja_table_row_2 nt_row_id_786\">\n            <td>TX60<\/td><td>5<\/td><td>60<\/td><td>85<\/td><td>60<\/td><td>80<\/td><td>11<\/td><td>165<\/td><td>195<\/td><td>182<\/td><td>80<\/td><td>41<\/td><td>60<\/td><td>165<\/td><td>195<\/td><td>100<\/td>        <\/tr>\n            <tr data-row_id=\"787\" class=\"ninja_table_row_3 nt_row_id_787\">\n            <td>TX1 10<\/td><td>30<\/td><td>110<\/td><td>100<\/td><td>70<\/td><td>160<\/td><td>11<\/td><td>260<\/td><td>290<\/td><td>220<\/td><td>130<\/td><td>60<\/td><td>120<\/td><td>260<\/td><td>290<\/td><td>100<\/td>        <\/tr>\n    <\/tbody><!--ninja_tobody_rendering_done-->\n    <\/table>\n    \n    \n    \n<\/div>","protected":false},"excerpt":{"rendered":"<h2 id=\"features_1\" class=\"xsj_heading_hash xsj_heading xsj_heading_h2\" data-source-line=\"21\" data-source-line-display=\"true\"><span class=\"xsj_heading_content\">Merkmale:<\/span><\/h2>\n<ol class=\"markdown_ol\" data-source-line=\"22\">\n<li data-source-line=\"22\">\n<p class=\"xsj_paragraph xsj_paragraph_level_2\">Vier einstellbare Rollen: Dieses Ger\u00e4t verf\u00fcgt \u00fcber vier einstellbare Rollen, die maximale Kontrolle und Pr\u00e4zision beim F\u00fchren von Materialien durch die Maschine gew\u00e4hrleisten.<\/p>\n<\/li>\n<li data-source-line=\"24\">\n<p class=\"xsj_paragraph xsj_paragraph_level_2\">Hochwertige Materialien: Das hochwertige Material der Rollen sorgt f\u00fcr Haltbarkeit und Langlebigkeit, da es auf Verschlei\u00df ausgelegt ist.<\/p>\n<\/li>\n<li data-source-line=\"26\">\n<p class=\"xsj_paragraph xsj_paragraph_level_2\">Vielseitigkeit: Es kann in verschiedenen industriellen Anwendungen eingesetzt werden und ist somit ein wertvolles Werkzeug f\u00fcr verschiedene Branchen.<\/p>\n<\/li>\n<li data-source-line=\"28\">\n<p class=\"xsj_paragraph xsj_paragraph_level_2\">Reibungsloser Betrieb: Die Rollen bewegen sich reibungslos und stellen sicher, dass die Materialien pr\u00e4zise und ohne Unterbrechungen durch die Maschine gef\u00fchrt werden.<\/p>\n<\/li>\n<\/ol>","protected":false},"featured_media":27332,"template":"","meta":{"site-sidebar-layout":"default","site-content-layout":"default","ast-global-header-display":"","ast-banner-title-visibility":"","ast-main-header-display":"","ast-hfb-above-header-display":"","ast-hfb-below-header-display":"","ast-hfb-mobile-header-display":"","site-post-title":"","ast-breadcrumbs-content":"","ast-featured-img":"","footer-sml-layout":"","theme-transparent-header-meta":"default","adv-header-id-meta":"","stick-header-meta":"","header-above-stick-meta":"","header-main-stick-meta":"","header-below-stick-meta":""},"product_brand":[],"product_cat":[78],"product_tag":[],"class_list":{"0":"post-27330","1":"product","2":"type-product","3":"status-publish","4":"has-post-thumbnail","6":"product_cat-wire-guide","7":"desktop-align-left","8":"tablet-align-left","9":"mobile-align-left","11":"first","12":"instock","13":"shipping-taxable","14":"product-type-simple"},"yoast_head":"<!-- This site is optimized with the Yoast SEO Premium plugin v20.12 (Yoast SEO v26.0) - https:\/\/yoast.com\/wordpress\/plugins\/seo\/ -->\n<title>TX25-110 Guide Rollers With Four Adjustable Rollers - QiPang<\/title>\n<meta name=\"description\" content=\"Upgrade your industrial material guidance with the TX25-110 Guide Rollers! Perfect for maximum control and precision in guiding materials.\" \/>\n<meta name=\"robots\" content=\"index, follow, max-snippet:-1, max-image-preview:large, max-video-preview:-1\" \/>\n<link rel=\"canonical\" href=\"https:\/\/rollingringdrives.com\/de\/produkt\/tx25-110-fuhrungsrollen-mit-vier-verstellbaren-rollen\/\" \/>\n<meta property=\"og:locale\" content=\"de_DE\" \/>\n<meta property=\"og:type\" content=\"article\" \/>\n<meta property=\"og:title\" content=\"TX25-110 Guide Rollers With Four Adjustable Rollers\" \/>\n<meta property=\"og:description\" content=\"Upgrade your industrial material guidance with the TX25-110 Guide Rollers! Perfect for maximum control and precision in guiding materials.\" \/>\n<meta property=\"og:url\" content=\"https:\/\/rollingringdrives.com\/de\/produkt\/tx25-110-fuhrungsrollen-mit-vier-verstellbaren-rollen\/\" \/>\n<meta property=\"og:site_name\" content=\"QiPang\" \/>\n<meta property=\"article:modified_time\" content=\"2023-06-01T03:17:50+00:00\" \/>\n<meta property=\"og:image\" content=\"https:\/\/rollingringdrives.com\/wp-content\/uploads\/2023\/06\/4-1.jpg\" \/>\n\t<meta property=\"og:image:width\" content=\"600\" \/>\n\t<meta property=\"og:image:height\" content=\"600\" \/>\n\t<meta property=\"og:image:type\" content=\"image\/jpeg\" \/>\n<meta name=\"twitter:card\" content=\"summary_large_image\" \/>\n<meta name=\"twitter:label1\" content=\"Gesch\u00e4tzte Lesezeit\" \/>\n\t<meta name=\"twitter:data1\" content=\"1\u00a0Minute\" \/>\n<script type=\"application\/ld+json\" class=\"yoast-schema-graph\">{\"@context\":\"https:\/\/schema.org\",\"@graph\":[{\"@type\":\"WebPage\",\"@id\":\"https:\/\/rollingringdrives.com\/product\/tx25-110-guide-rollers-with-four-adjustable-rollers\/\",\"url\":\"https:\/\/rollingringdrives.com\/product\/tx25-110-guide-rollers-with-four-adjustable-rollers\/\",\"name\":\"TX25-110 Guide Rollers With Four Adjustable Rollers - QiPang\",\"isPartOf\":{\"@id\":\"https:\/\/rollingringdrives.com\/#website\"},\"primaryImageOfPage\":{\"@id\":\"https:\/\/rollingringdrives.com\/product\/tx25-110-guide-rollers-with-four-adjustable-rollers\/#primaryimage\"},\"image\":{\"@id\":\"https:\/\/rollingringdrives.com\/product\/tx25-110-guide-rollers-with-four-adjustable-rollers\/#primaryimage\"},\"thumbnailUrl\":\"https:\/\/rollingringdrives.com\/wp-content\/uploads\/2023\/06\/4-1.jpg\",\"datePublished\":\"2023-06-01T03:17:48+00:00\",\"dateModified\":\"2023-06-01T03:17:50+00:00\",\"description\":\"Upgrade your industrial material guidance with the TX25-110 Guide Rollers! Perfect for maximum control and precision in guiding materials.\",\"breadcrumb\":{\"@id\":\"https:\/\/rollingringdrives.com\/product\/tx25-110-guide-rollers-with-four-adjustable-rollers\/#breadcrumb\"},\"inLanguage\":\"de\",\"potentialAction\":[{\"@type\":\"ReadAction\",\"target\":[\"https:\/\/rollingringdrives.com\/product\/tx25-110-guide-rollers-with-four-adjustable-rollers\/\"]}]},{\"@type\":\"ImageObject\",\"inLanguage\":\"de\",\"@id\":\"https:\/\/rollingringdrives.com\/product\/tx25-110-guide-rollers-with-four-adjustable-rollers\/#primaryimage\",\"url\":\"https:\/\/rollingringdrives.com\/wp-content\/uploads\/2023\/06\/4-1.jpg\",\"contentUrl\":\"https:\/\/rollingringdrives.com\/wp-content\/uploads\/2023\/06\/4-1.jpg\",\"width\":600,\"height\":600,\"caption\":\"TX25-110 Guide Rollers With Four Adjustable Rollers\"},{\"@type\":\"BreadcrumbList\",\"@id\":\"https:\/\/rollingringdrives.com\/product\/tx25-110-guide-rollers-with-four-adjustable-rollers\/#breadcrumb\",\"itemListElement\":[{\"@type\":\"ListItem\",\"position\":1,\"name\":\"Home\",\"item\":\"https:\/\/rollingringdrives.com\/\"},{\"@type\":\"ListItem\",\"position\":2,\"name\":\"Machines\",\"item\":\"https:\/\/rollingringdrives.com\/machines\/\"},{\"@type\":\"ListItem\",\"position\":3,\"name\":\"TX25-110 Guide Rollers With Four Adjustable Rollers\"}]},{\"@type\":\"WebSite\",\"@id\":\"https:\/\/rollingringdrives.com\/#website\",\"url\":\"https:\/\/rollingringdrives.com\/\",\"name\":\"QiPang\",\"description\":\"QiPang Blog\",\"publisher\":{\"@id\":\"https:\/\/rollingringdrives.com\/#organization\"},\"potentialAction\":[{\"@type\":\"SearchAction\",\"target\":{\"@type\":\"EntryPoint\",\"urlTemplate\":\"https:\/\/rollingringdrives.com\/?s={search_term_string}\"},\"query-input\":{\"@type\":\"PropertyValueSpecification\",\"valueRequired\":true,\"valueName\":\"search_term_string\"}}],\"inLanguage\":\"de\"},{\"@type\":\"Organization\",\"@id\":\"https:\/\/rollingringdrives.com\/#organization\",\"name\":\"QiPang\",\"url\":\"https:\/\/rollingringdrives.com\/\",\"logo\":{\"@type\":\"ImageObject\",\"inLanguage\":\"de\",\"@id\":\"https:\/\/rollingringdrives.com\/#\/schema\/logo\/image\/\",\"url\":\"https:\/\/rollingringdrives.com\/wp-content\/uploads\/2023\/05\/cropped-\u672a\u547d\u540d\u7684\u8bbe\u8ba1.png\",\"contentUrl\":\"https:\/\/rollingringdrives.com\/wp-content\/uploads\/2023\/05\/cropped-\u672a\u547d\u540d\u7684\u8bbe\u8ba1.png\",\"width\":300,\"height\":191,\"caption\":\"QiPang\"},\"image\":{\"@id\":\"https:\/\/rollingringdrives.com\/#\/schema\/logo\/image\/\"}}]}<\/script>\n<!-- \/ Yoast SEO Premium plugin. -->","yoast_head_json":{"title":"TX25-110 F\u00fchrungsrollen mit vier verstellbaren Rollen \u2013 QiPang","description":"Werten Sie Ihre industrielle Materialf\u00fchrung mit den F\u00fchrungsrollen TX25-110 auf! Perfekt f\u00fcr maximale Kontrolle und Pr\u00e4zision bei der Materialf\u00fchrung.","robots":{"index":"index","follow":"follow","max-snippet":"max-snippet:-1","max-image-preview":"max-image-preview:large","max-video-preview":"max-video-preview:-1"},"canonical":"https:\/\/rollingringdrives.com\/de\/produkt\/tx25-110-fuhrungsrollen-mit-vier-verstellbaren-rollen\/","og_locale":"de_DE","og_type":"article","og_title":"TX25-110 Guide Rollers With Four Adjustable Rollers","og_description":"Upgrade your industrial material guidance with the TX25-110 Guide Rollers! Perfect for maximum control and precision in guiding materials.","og_url":"https:\/\/rollingringdrives.com\/de\/produkt\/tx25-110-fuhrungsrollen-mit-vier-verstellbaren-rollen\/","og_site_name":"QiPang","article_modified_time":"2023-06-01T03:17:50+00:00","og_image":[{"width":600,"height":600,"url":"https:\/\/rollingringdrives.com\/wp-content\/uploads\/2023\/06\/4-1.jpg","type":"image\/jpeg"}],"twitter_card":"summary_large_image","twitter_misc":{"Gesch\u00e4tzte Lesezeit":"1\u00a0Minute"},"schema":{"@context":"https:\/\/schema.org","@graph":[{"@type":"WebPage","@id":"https:\/\/rollingringdrives.com\/product\/tx25-110-guide-rollers-with-four-adjustable-rollers\/","url":"https:\/\/rollingringdrives.com\/product\/tx25-110-guide-rollers-with-four-adjustable-rollers\/","name":"TX25-110 F\u00fchrungsrollen mit vier verstellbaren Rollen \u2013 QiPang","isPartOf":{"@id":"https:\/\/rollingringdrives.com\/#website"},"primaryImageOfPage":{"@id":"https:\/\/rollingringdrives.com\/product\/tx25-110-guide-rollers-with-four-adjustable-rollers\/#primaryimage"},"image":{"@id":"https:\/\/rollingringdrives.com\/product\/tx25-110-guide-rollers-with-four-adjustable-rollers\/#primaryimage"},"thumbnailUrl":"https:\/\/rollingringdrives.com\/wp-content\/uploads\/2023\/06\/4-1.jpg","datePublished":"2023-06-01T03:17:48+00:00","dateModified":"2023-06-01T03:17:50+00:00","description":"Werten Sie Ihre industrielle Materialf\u00fchrung mit den F\u00fchrungsrollen TX25-110 auf! Perfekt f\u00fcr maximale Kontrolle und Pr\u00e4zision bei der Materialf\u00fchrung.","breadcrumb":{"@id":"https:\/\/rollingringdrives.com\/product\/tx25-110-guide-rollers-with-four-adjustable-rollers\/#breadcrumb"},"inLanguage":"de","potentialAction":[{"@type":"ReadAction","target":["https:\/\/rollingringdrives.com\/product\/tx25-110-guide-rollers-with-four-adjustable-rollers\/"]}]},{"@type":"ImageObject","inLanguage":"de","@id":"https:\/\/rollingringdrives.com\/product\/tx25-110-guide-rollers-with-four-adjustable-rollers\/#primaryimage","url":"https:\/\/rollingringdrives.com\/wp-content\/uploads\/2023\/06\/4-1.jpg","contentUrl":"https:\/\/rollingringdrives.com\/wp-content\/uploads\/2023\/06\/4-1.jpg","width":600,"height":600,"caption":"TX25-110 Guide Rollers With Four Adjustable Rollers"},{"@type":"BreadcrumbList","@id":"https:\/\/rollingringdrives.com\/product\/tx25-110-guide-rollers-with-four-adjustable-rollers\/#breadcrumb","itemListElement":[{"@type":"ListItem","position":1,"name":"Home","item":"https:\/\/rollingringdrives.com\/"},{"@type":"ListItem","position":2,"name":"Machines","item":"https:\/\/rollingringdrives.com\/machines\/"},{"@type":"ListItem","position":3,"name":"TX25-110 Guide Rollers With Four Adjustable Rollers"}]},{"@type":"WebSite","@id":"https:\/\/rollingringdrives.com\/#website","url":"https:\/\/rollingringdrives.com\/","name":"QiPang","description":"QiPang-Blog","publisher":{"@id":"https:\/\/rollingringdrives.com\/#organization"},"potentialAction":[{"@type":"SearchAction","target":{"@type":"EntryPoint","urlTemplate":"https:\/\/rollingringdrives.com\/?s={search_term_string}"},"query-input":{"@type":"PropertyValueSpecification","valueRequired":true,"valueName":"search_term_string"}}],"inLanguage":"de"},{"@type":"Organization","@id":"https:\/\/rollingringdrives.com\/#organization","name":"QiPang","url":"https:\/\/rollingringdrives.com\/","logo":{"@type":"ImageObject","inLanguage":"de","@id":"https:\/\/rollingringdrives.com\/#\/schema\/logo\/image\/","url":"https:\/\/rollingringdrives.com\/wp-content\/uploads\/2023\/05\/cropped-\u672a\u547d\u540d\u7684\u8bbe\u8ba1.png","contentUrl":"https:\/\/rollingringdrives.com\/wp-content\/uploads\/2023\/05\/cropped-\u672a\u547d\u540d\u7684\u8bbe\u8ba1.png","width":300,"height":191,"caption":"QiPang"},"image":{"@id":"https:\/\/rollingringdrives.com\/#\/schema\/logo\/image\/"}}]}},"_links":{"self":[{"href":"https:\/\/rollingringdrives.com\/de\/wp-json\/wp\/v2\/product\/27330","targetHints":{"allow":["GET"]}}],"collection":[{"href":"https:\/\/rollingringdrives.com\/de\/wp-json\/wp\/v2\/product"}],"about":[{"href":"https:\/\/rollingringdrives.com\/de\/wp-json\/wp\/v2\/types\/product"}],"version-history":[{"count":0,"href":"https:\/\/rollingringdrives.com\/de\/wp-json\/wp\/v2\/product\/27330\/revisions"}],"wp:featuredmedia":[{"embeddable":true,"href":"https:\/\/rollingringdrives.com\/de\/wp-json\/wp\/v2\/media\/27332"}],"wp:attachment":[{"href":"https:\/\/rollingringdrives.com\/de\/wp-json\/wp\/v2\/media?parent=27330"}],"wp:term":[{"taxonomy":"product_brand","embeddable":true,"href":"https:\/\/rollingringdrives.com\/de\/wp-json\/wp\/v2\/product_brand?post=27330"},{"taxonomy":"product_cat","embeddable":true,"href":"https:\/\/rollingringdrives.com\/de\/wp-json\/wp\/v2\/product_cat?post=27330"},{"taxonomy":"product_tag","embeddable":true,"href":"https:\/\/rollingringdrives.com\/de\/wp-json\/wp\/v2\/product_tag?post=27330"}],"curies":[{"name":"wp","href":"https:\/\/api.w.org\/{rel}","templated":true}]}}