{"id":27338,"date":"2023-06-01T03:23:39","date_gmt":"2023-06-01T03:23:39","guid":{"rendered":"https:\/\/rollingringdrives.com\/?post_type=product&#038;p=27338"},"modified":"2023-06-01T03:27:43","modified_gmt":"2023-06-01T03:27:43","slug":"iron-base-wire-guide-rollers","status":"publish","type":"product","link":"https:\/\/rollingringdrives.com\/de\/produkt\/drahtfuhrungsrollen-auf-eisenbasis\/","title":{"rendered":"Drahtf\u00fchrungsrollen auf Eisenbasis"},"content":{"rendered":"<p class=\"xsj_paragraph xsj_paragraph_level_0\" data-source-line=\"9\" data-source-line-display=\"true\"><strong>Drahtf\u00fchrungsrollen auf Eisenbasis<\/strong> sind ein wesentliches Ger\u00e4t, das in der Draht- und Kabelindustrie zur F\u00fchrung von Dr\u00e4hten und Kabeln durch den Produktionsprozess verwendet wird. Diese Rollen bestehen aus Eisen, was sie robust und langlebig macht.<\/p>\n<div class=\"xiaoshujiang_element xsj_anchor\"><a class=\"blank_anchor_name\" name=\"applications_1\"><\/a><a id=\"applications_1\" class=\"blank_anchor_id\"><\/a><a class=\"blank_anchor_name\" name=\"applications\"><\/a><a id=\"applications\" class=\"blank_anchor_id\"><\/a><\/div>\n<h2 id=\"applications_1\" class=\"xsj_heading_hash xsj_heading xsj_heading_h2\" data-source-line=\"11\" data-source-line-display=\"true\"><span class=\"xsj_heading_content\">Anwendungen<\/span><\/h2>\n<p class=\"xsj_paragraph xsj_paragraph_level_0\" data-source-line=\"13\" data-source-line-display=\"true\">Die Einsatzm\u00f6glichkeiten von Drahtf\u00fchrungsrollen auf Eisenbasis sind vielf\u00e4ltig und umfassen die F\u00fchrung von Dr\u00e4hten und Kabeln durch verschiedene Arten von Maschinen, wie z. B. Drahtziehmaschinen, Kabelextruder und Richtger\u00e4te. Dar\u00fcber hinaus sind sie auch hilfreich bei der F\u00fchrung des Drahtes \u00fcber oder unter anderen Materialien oder Ger\u00e4ten, um einen unterbrechungsfreien Drahtfluss zu gew\u00e4hrleisten.<\/p>","protected":false},"excerpt":{"rendered":"<h2 id=\"features_2\" class=\"xsj_heading_hash xsj_heading xsj_heading_h2\" data-source-line=\"15\" data-source-line-display=\"true\"><span class=\"xsj_heading_content\">Merkmale<\/span><\/h2>\n<ol class=\"markdown_ol\" data-source-line=\"17\">\n<li data-source-line=\"14\">Drahtf\u00fchrungsrollen auf Eisenbasis sind \u00e4u\u00dferst langlebig und halten hohen Temperaturen und Dr\u00fccken in rauen Industrieumgebungen stand.<\/li>\n<li data-source-line=\"15\">Die Oberfl\u00e4che ist glatt, sodass der Draht ohne Besch\u00e4digung hindurchgef\u00fchrt werden kann.<\/li>\n<li data-source-line=\"16\">Anpassbares Design, um spezifische Anforderungen wie Durchmesser, Winkel und Anzahl der Nuten zu erf\u00fcllen.<\/li>\n<\/ol>","protected":false},"featured_media":27343,"template":"","meta":{"site-sidebar-layout":"default","site-content-layout":"default","ast-global-header-display":"","ast-banner-title-visibility":"","ast-main-header-display":"","ast-hfb-above-header-display":"","ast-hfb-below-header-display":"","ast-hfb-mobile-header-display":"","site-post-title":"","ast-breadcrumbs-content":"","ast-featured-img":"","footer-sml-layout":"","theme-transparent-header-meta":"default","adv-header-id-meta":"","stick-header-meta":"","header-above-stick-meta":"","header-main-stick-meta":"","header-below-stick-meta":""},"product_brand":[],"product_cat":[78],"product_tag":[],"class_list":{"0":"post-27338","1":"product","2":"type-product","3":"status-publish","4":"has-post-thumbnail","6":"product_cat-wire-guide","7":"desktop-align-left","8":"tablet-align-left","9":"mobile-align-left","11":"first","12":"instock","13":"shipping-taxable","14":"product-type-simple"},"yoast_head":"<!-- This site is optimized with the Yoast SEO Premium plugin v20.12 (Yoast SEO v26.0) - https:\/\/yoast.com\/wordpress\/plugins\/seo\/ -->\n<title>Iron Base Wire Guide Rollers - QiPang<\/title>\n<meta name=\"description\" content=\"Improve your wire and cable production process with Iron Base Wire Guide Rollers! Sturdy, durable and perfect for guiding wire and cable.\" \/>\n<meta name=\"robots\" content=\"index, follow, max-snippet:-1, max-image-preview:large, max-video-preview:-1\" \/>\n<link rel=\"canonical\" href=\"https:\/\/rollingringdrives.com\/de\/produkt\/drahtfuhrungsrollen-auf-eisenbasis\/\" \/>\n<meta property=\"og:locale\" content=\"de_DE\" \/>\n<meta property=\"og:type\" content=\"article\" \/>\n<meta property=\"og:title\" content=\"Iron Base Wire Guide Rollers\" \/>\n<meta property=\"og:description\" content=\"Improve your wire and cable production process with Iron Base Wire Guide Rollers! Sturdy, durable and perfect for guiding wire and cable.\" \/>\n<meta property=\"og:url\" content=\"https:\/\/rollingringdrives.com\/de\/produkt\/drahtfuhrungsrollen-auf-eisenbasis\/\" \/>\n<meta property=\"og:site_name\" content=\"QiPang\" \/>\n<meta property=\"article:modified_time\" content=\"2023-06-01T03:27:43+00:00\" \/>\n<meta property=\"og:image\" content=\"https:\/\/rollingringdrives.com\/wp-content\/uploads\/2023\/06\/XD\u4e95\u67b6\u7eff\u8272-2.png\" \/>\n\t<meta property=\"og:image:width\" content=\"600\" \/>\n\t<meta property=\"og:image:height\" content=\"600\" \/>\n\t<meta property=\"og:image:type\" content=\"image\/png\" \/>\n<meta name=\"twitter:card\" content=\"summary_large_image\" \/>\n<meta name=\"twitter:label1\" content=\"Gesch\u00e4tzte Lesezeit\" \/>\n\t<meta name=\"twitter:data1\" content=\"1\u00a0Minute\" \/>\n<script type=\"application\/ld+json\" class=\"yoast-schema-graph\">{\"@context\":\"https:\/\/schema.org\",\"@graph\":[{\"@type\":\"WebPage\",\"@id\":\"https:\/\/rollingringdrives.com\/product\/iron-base-wire-guide-rollers\/\",\"url\":\"https:\/\/rollingringdrives.com\/product\/iron-base-wire-guide-rollers\/\",\"name\":\"Iron Base Wire Guide Rollers - QiPang\",\"isPartOf\":{\"@id\":\"https:\/\/rollingringdrives.com\/#website\"},\"primaryImageOfPage\":{\"@id\":\"https:\/\/rollingringdrives.com\/product\/iron-base-wire-guide-rollers\/#primaryimage\"},\"image\":{\"@id\":\"https:\/\/rollingringdrives.com\/product\/iron-base-wire-guide-rollers\/#primaryimage\"},\"thumbnailUrl\":\"https:\/\/rollingringdrives.com\/wp-content\/uploads\/2023\/06\/XD\u4e95\u67b6\u7eff\u8272-2.png\",\"datePublished\":\"2023-06-01T03:23:39+00:00\",\"dateModified\":\"2023-06-01T03:27:43+00:00\",\"description\":\"Improve your wire and cable production process with Iron Base Wire Guide Rollers! Sturdy, durable and perfect for guiding wire and cable.\",\"breadcrumb\":{\"@id\":\"https:\/\/rollingringdrives.com\/product\/iron-base-wire-guide-rollers\/#breadcrumb\"},\"inLanguage\":\"de\",\"potentialAction\":[{\"@type\":\"ReadAction\",\"target\":[\"https:\/\/rollingringdrives.com\/product\/iron-base-wire-guide-rollers\/\"]}]},{\"@type\":\"ImageObject\",\"inLanguage\":\"de\",\"@id\":\"https:\/\/rollingringdrives.com\/product\/iron-base-wire-guide-rollers\/#primaryimage\",\"url\":\"https:\/\/rollingringdrives.com\/wp-content\/uploads\/2023\/06\/XD\u4e95\u67b6\u7eff\u8272-2.png\",\"contentUrl\":\"https:\/\/rollingringdrives.com\/wp-content\/uploads\/2023\/06\/XD\u4e95\u67b6\u7eff\u8272-2.png\",\"width\":600,\"height\":600,\"caption\":\"Iron Base Wire Guide Rollers\"},{\"@type\":\"BreadcrumbList\",\"@id\":\"https:\/\/rollingringdrives.com\/product\/iron-base-wire-guide-rollers\/#breadcrumb\",\"itemListElement\":[{\"@type\":\"ListItem\",\"position\":1,\"name\":\"Home\",\"item\":\"https:\/\/rollingringdrives.com\/\"},{\"@type\":\"ListItem\",\"position\":2,\"name\":\"Machines\",\"item\":\"https:\/\/rollingringdrives.com\/machines\/\"},{\"@type\":\"ListItem\",\"position\":3,\"name\":\"Iron Base Wire Guide Rollers\"}]},{\"@type\":\"WebSite\",\"@id\":\"https:\/\/rollingringdrives.com\/#website\",\"url\":\"https:\/\/rollingringdrives.com\/\",\"name\":\"QiPang\",\"description\":\"QiPang Blog\",\"publisher\":{\"@id\":\"https:\/\/rollingringdrives.com\/#organization\"},\"potentialAction\":[{\"@type\":\"SearchAction\",\"target\":{\"@type\":\"EntryPoint\",\"urlTemplate\":\"https:\/\/rollingringdrives.com\/?s={search_term_string}\"},\"query-input\":{\"@type\":\"PropertyValueSpecification\",\"valueRequired\":true,\"valueName\":\"search_term_string\"}}],\"inLanguage\":\"de\"},{\"@type\":\"Organization\",\"@id\":\"https:\/\/rollingringdrives.com\/#organization\",\"name\":\"QiPang\",\"url\":\"https:\/\/rollingringdrives.com\/\",\"logo\":{\"@type\":\"ImageObject\",\"inLanguage\":\"de\",\"@id\":\"https:\/\/rollingringdrives.com\/#\/schema\/logo\/image\/\",\"url\":\"https:\/\/rollingringdrives.com\/wp-content\/uploads\/2023\/05\/cropped-\u672a\u547d\u540d\u7684\u8bbe\u8ba1.png\",\"contentUrl\":\"https:\/\/rollingringdrives.com\/wp-content\/uploads\/2023\/05\/cropped-\u672a\u547d\u540d\u7684\u8bbe\u8ba1.png\",\"width\":300,\"height\":191,\"caption\":\"QiPang\"},\"image\":{\"@id\":\"https:\/\/rollingringdrives.com\/#\/schema\/logo\/image\/\"}}]}<\/script>\n<!-- \/ Yoast SEO Premium plugin. -->","yoast_head_json":{"title":"Drahtf\u00fchrungsrollen auf Eisenbasis \u2013 QiPang","description":"Verbessern Sie Ihren Draht- und Kabelproduktionsprozess mit Drahtf\u00fchrungsrollen auf Eisenbasis! Robust, langlebig und perfekt zum F\u00fchren von Dr\u00e4hten und Kabeln.","robots":{"index":"index","follow":"follow","max-snippet":"max-snippet:-1","max-image-preview":"max-image-preview:large","max-video-preview":"max-video-preview:-1"},"canonical":"https:\/\/rollingringdrives.com\/de\/produkt\/drahtfuhrungsrollen-auf-eisenbasis\/","og_locale":"de_DE","og_type":"article","og_title":"Iron Base Wire Guide Rollers","og_description":"Improve your wire and cable production process with Iron Base Wire Guide Rollers! Sturdy, durable and perfect for guiding wire and cable.","og_url":"https:\/\/rollingringdrives.com\/de\/produkt\/drahtfuhrungsrollen-auf-eisenbasis\/","og_site_name":"QiPang","article_modified_time":"2023-06-01T03:27:43+00:00","og_image":[{"width":600,"height":600,"url":"https:\/\/rollingringdrives.com\/wp-content\/uploads\/2023\/06\/XD\u4e95\u67b6\u7eff\u8272-2.png","type":"image\/png"}],"twitter_card":"summary_large_image","twitter_misc":{"Gesch\u00e4tzte Lesezeit":"1\u00a0Minute"},"schema":{"@context":"https:\/\/schema.org","@graph":[{"@type":"WebPage","@id":"https:\/\/rollingringdrives.com\/product\/iron-base-wire-guide-rollers\/","url":"https:\/\/rollingringdrives.com\/product\/iron-base-wire-guide-rollers\/","name":"Drahtf\u00fchrungsrollen auf Eisenbasis \u2013 QiPang","isPartOf":{"@id":"https:\/\/rollingringdrives.com\/#website"},"primaryImageOfPage":{"@id":"https:\/\/rollingringdrives.com\/product\/iron-base-wire-guide-rollers\/#primaryimage"},"image":{"@id":"https:\/\/rollingringdrives.com\/product\/iron-base-wire-guide-rollers\/#primaryimage"},"thumbnailUrl":"https:\/\/rollingringdrives.com\/wp-content\/uploads\/2023\/06\/XD\u4e95\u67b6\u7eff\u8272-2.png","datePublished":"2023-06-01T03:23:39+00:00","dateModified":"2023-06-01T03:27:43+00:00","description":"Verbessern Sie Ihren Draht- und Kabelproduktionsprozess mit Drahtf\u00fchrungsrollen auf Eisenbasis! Robust, langlebig und perfekt zum F\u00fchren von Dr\u00e4hten und Kabeln.","breadcrumb":{"@id":"https:\/\/rollingringdrives.com\/product\/iron-base-wire-guide-rollers\/#breadcrumb"},"inLanguage":"de","potentialAction":[{"@type":"ReadAction","target":["https:\/\/rollingringdrives.com\/product\/iron-base-wire-guide-rollers\/"]}]},{"@type":"ImageObject","inLanguage":"de","@id":"https:\/\/rollingringdrives.com\/product\/iron-base-wire-guide-rollers\/#primaryimage","url":"https:\/\/rollingringdrives.com\/wp-content\/uploads\/2023\/06\/XD\u4e95\u67b6\u7eff\u8272-2.png","contentUrl":"https:\/\/rollingringdrives.com\/wp-content\/uploads\/2023\/06\/XD\u4e95\u67b6\u7eff\u8272-2.png","width":600,"height":600,"caption":"Iron Base Wire Guide Rollers"},{"@type":"BreadcrumbList","@id":"https:\/\/rollingringdrives.com\/product\/iron-base-wire-guide-rollers\/#breadcrumb","itemListElement":[{"@type":"ListItem","position":1,"name":"Home","item":"https:\/\/rollingringdrives.com\/"},{"@type":"ListItem","position":2,"name":"Machines","item":"https:\/\/rollingringdrives.com\/machines\/"},{"@type":"ListItem","position":3,"name":"Iron Base Wire Guide Rollers"}]},{"@type":"WebSite","@id":"https:\/\/rollingringdrives.com\/#website","url":"https:\/\/rollingringdrives.com\/","name":"QiPang","description":"QiPang-Blog","publisher":{"@id":"https:\/\/rollingringdrives.com\/#organization"},"potentialAction":[{"@type":"SearchAction","target":{"@type":"EntryPoint","urlTemplate":"https:\/\/rollingringdrives.com\/?s={search_term_string}"},"query-input":{"@type":"PropertyValueSpecification","valueRequired":true,"valueName":"search_term_string"}}],"inLanguage":"de"},{"@type":"Organization","@id":"https:\/\/rollingringdrives.com\/#organization","name":"QiPang","url":"https:\/\/rollingringdrives.com\/","logo":{"@type":"ImageObject","inLanguage":"de","@id":"https:\/\/rollingringdrives.com\/#\/schema\/logo\/image\/","url":"https:\/\/rollingringdrives.com\/wp-content\/uploads\/2023\/05\/cropped-\u672a\u547d\u540d\u7684\u8bbe\u8ba1.png","contentUrl":"https:\/\/rollingringdrives.com\/wp-content\/uploads\/2023\/05\/cropped-\u672a\u547d\u540d\u7684\u8bbe\u8ba1.png","width":300,"height":191,"caption":"QiPang"},"image":{"@id":"https:\/\/rollingringdrives.com\/#\/schema\/logo\/image\/"}}]}},"_links":{"self":[{"href":"https:\/\/rollingringdrives.com\/de\/wp-json\/wp\/v2\/product\/27338","targetHints":{"allow":["GET"]}}],"collection":[{"href":"https:\/\/rollingringdrives.com\/de\/wp-json\/wp\/v2\/product"}],"about":[{"href":"https:\/\/rollingringdrives.com\/de\/wp-json\/wp\/v2\/types\/product"}],"version-history":[{"count":0,"href":"https:\/\/rollingringdrives.com\/de\/wp-json\/wp\/v2\/product\/27338\/revisions"}],"wp:featuredmedia":[{"embeddable":true,"href":"https:\/\/rollingringdrives.com\/de\/wp-json\/wp\/v2\/media\/27343"}],"wp:attachment":[{"href":"https:\/\/rollingringdrives.com\/de\/wp-json\/wp\/v2\/media?parent=27338"}],"wp:term":[{"taxonomy":"product_brand","embeddable":true,"href":"https:\/\/rollingringdrives.com\/de\/wp-json\/wp\/v2\/product_brand?post=27338"},{"taxonomy":"product_cat","embeddable":true,"href":"https:\/\/rollingringdrives.com\/de\/wp-json\/wp\/v2\/product_cat?post=27338"},{"taxonomy":"product_tag","embeddable":true,"href":"https:\/\/rollingringdrives.com\/de\/wp-json\/wp\/v2\/product_tag?post=27338"}],"curies":[{"name":"wp","href":"https:\/\/api.w.org\/{rel}","templated":true}]}}