{"id":28573,"date":"2023-07-27T07:17:29","date_gmt":"2023-07-27T07:17:29","guid":{"rendered":"https:\/\/rollingringdrives.com\/?post_type=product&#038;p=28573"},"modified":"2023-07-27T08:20:30","modified_gmt":"2023-07-27T08:20:30","slug":"easylock-flb-12-s","status":"publish","type":"product","link":"https:\/\/rollingringdrives.com\/de\/produkt\/easylock-flb-12-s\/","title":{"rendered":"Easylock FLB-12-S, FLB-20-S, FLB-25-S, FLB-30-S f\u00fcr Aufnahmemaschine"},"content":{"rendered":"<p class=\"xsj_paragraph xsj_paragraph_level_0\" data-source-line=\"93\" data-source-line-display=\"true\">Schnellverriegelungskopf Wenn das Objekt axial verriegelt ist, wird das innere konische H\u00fclsenende des Ger\u00e4ts auf den Schaft gesetzt und der Mantel direkt nach innen gedr\u00fcckt, damit sich das gesamte Ger\u00e4t entlang des Schafts bewegt, bis das Objekt komprimiert wird. W\u00e4hrend des gesamten Umzugsvorgangs kann ein R\u00fcckw\u00e4rtsziehen des Mantels in Richtung des Pfostens nicht dazu f\u00fchren, dass das Ger\u00e4t r\u00fcckw\u00e4rts f\u00e4hrt.<\/p>\n<div class=\"xiaoshujiang_element xsj_anchor\"><a class=\"blank_anchor_name\" name=\"easy20lock20features_6\"><\/a><a id=\"easy20lock20features_6\" class=\"blank_anchor_id\"><\/a><a class=\"blank_anchor_name\" name=\"easy-lock-features\"><\/a><a id=\"easy-lock-features\" class=\"blank_anchor_id\"><\/a><\/div>\n<h3 id=\"easy20lock20features_6\" class=\"xsj_heading_hash xsj_heading xsj_heading_h3\" data-source-line=\"95\" data-source-line-display=\"true\"><span class=\"xsj_heading_content\">Einfache Sperrfunktionen<\/span><\/h3>\n<p class=\"xsj_paragraph xsj_paragraph_level_0\" data-source-line=\"97\" data-source-line-display=\"true\">Easy Lock \u2013 sicher, schnell, zuverl\u00e4ssig, schnell<br \/>\nk\u00fcrzeste Umr\u00fcstzeiten<br \/>\nauch f\u00fcr statische Anwendungen geeignet<br \/>\nDer modulare Aufbau gew\u00e4hrleistet eine einfache Anpassung an die jeweilige Aufgabenstellung<br \/>\nkein Werkzeug erforderlich<br \/>\nEinhandbedienung<br \/>\nHohe Spannkr\u00e4fte auf einer glatten Welle<br \/>\nIdeal auch f\u00fcr den Einsatz mit angetriebenen Wellen<br \/>\nEinfache \u00dcbertragung von Bremsmomenten auf die Rolle oder Spule: sichere Notstopps<br \/>\nkompaktes, symmetrisches Design<br \/>\nwartungsfrei<br \/>\nresistent gegen Vibrationen<\/p>\n<p data-source-line=\"97\" data-source-line-display=\"true\"><img fetchpriority=\"high\" decoding=\"async\" class=\"alignnone wp-image-28575 size-full\" src=\"https:\/\/rollingringdrives.com\/wp-content\/uploads\/2023\/07\/FLB-12-S.jpg\" alt=\"Easylock FLB-12-S\" width=\"800\" height=\"800\" srcset=\"https:\/\/rollingringdrives.com\/wp-content\/uploads\/2023\/07\/FLB-12-S.jpg 800w, https:\/\/rollingringdrives.com\/wp-content\/uploads\/2023\/07\/FLB-12-S-300x300.jpg 300w, https:\/\/rollingringdrives.com\/wp-content\/uploads\/2023\/07\/FLB-12-S-150x150.jpg 150w, https:\/\/rollingringdrives.com\/wp-content\/uploads\/2023\/07\/FLB-12-S-768x768.jpg 768w, https:\/\/rollingringdrives.com\/wp-content\/uploads\/2023\/07\/FLB-12-S-12x12.jpg 12w, https:\/\/rollingringdrives.com\/wp-content\/uploads\/2023\/07\/FLB-12-S-600x600.jpg 600w, https:\/\/rollingringdrives.com\/wp-content\/uploads\/2023\/07\/FLB-12-S-100x100.jpg 100w\" sizes=\"(max-width: 800px) 100vw, 800px\" \/><\/p>\n<p data-source-line=\"97\" data-source-line-display=\"true\"><img decoding=\"async\" class=\"alignnone size-medium wp-image-28576\" src=\"https:\/\/rollingringdrives.com\/wp-content\/uploads\/2023\/07\/FLB-20-S-300x300.jpg\" alt=\"Easylock FLB-20-S\" width=\"300\" height=\"300\" srcset=\"https:\/\/rollingringdrives.com\/wp-content\/uploads\/2023\/07\/FLB-20-S-300x300.jpg 300w, https:\/\/rollingringdrives.com\/wp-content\/uploads\/2023\/07\/FLB-20-S-150x150.jpg 150w, https:\/\/rollingringdrives.com\/wp-content\/uploads\/2023\/07\/FLB-20-S-768x768.jpg 768w, https:\/\/rollingringdrives.com\/wp-content\/uploads\/2023\/07\/FLB-20-S-12x12.jpg 12w, https:\/\/rollingringdrives.com\/wp-content\/uploads\/2023\/07\/FLB-20-S-600x600.jpg 600w, https:\/\/rollingringdrives.com\/wp-content\/uploads\/2023\/07\/FLB-20-S-100x100.jpg 100w, https:\/\/rollingringdrives.com\/wp-content\/uploads\/2023\/07\/FLB-20-S.jpg 800w\" sizes=\"(max-width: 300px) 100vw, 300px\" \/> <img decoding=\"async\" class=\"alignnone size-medium wp-image-28577\" src=\"https:\/\/rollingringdrives.com\/wp-content\/uploads\/2023\/07\/FLB-25-S-300x300.jpg\" alt=\"Easylock FLB-25-S\" width=\"300\" height=\"300\" srcset=\"https:\/\/rollingringdrives.com\/wp-content\/uploads\/2023\/07\/FLB-25-S-300x300.jpg 300w, https:\/\/rollingringdrives.com\/wp-content\/uploads\/2023\/07\/FLB-25-S-150x150.jpg 150w, https:\/\/rollingringdrives.com\/wp-content\/uploads\/2023\/07\/FLB-25-S-768x768.jpg 768w, https:\/\/rollingringdrives.com\/wp-content\/uploads\/2023\/07\/FLB-25-S-12x12.jpg 12w, https:\/\/rollingringdrives.com\/wp-content\/uploads\/2023\/07\/FLB-25-S-600x600.jpg 600w, https:\/\/rollingringdrives.com\/wp-content\/uploads\/2023\/07\/FLB-25-S-100x100.jpg 100w, https:\/\/rollingringdrives.com\/wp-content\/uploads\/2023\/07\/FLB-25-S.jpg 800w\" sizes=\"(max-width: 300px) 100vw, 300px\" \/> <img loading=\"lazy\" decoding=\"async\" class=\"alignnone size-medium wp-image-28578\" src=\"https:\/\/rollingringdrives.com\/wp-content\/uploads\/2023\/07\/FLB-30-S-300x300.jpg\" alt=\"Easylock FLB-25-S\" width=\"300\" height=\"300\" srcset=\"https:\/\/rollingringdrives.com\/wp-content\/uploads\/2023\/07\/FLB-30-S-300x300.jpg 300w, https:\/\/rollingringdrives.com\/wp-content\/uploads\/2023\/07\/FLB-30-S-150x150.jpg 150w, https:\/\/rollingringdrives.com\/wp-content\/uploads\/2023\/07\/FLB-30-S-768x768.jpg 768w, https:\/\/rollingringdrives.com\/wp-content\/uploads\/2023\/07\/FLB-30-S-12x12.jpg 12w, https:\/\/rollingringdrives.com\/wp-content\/uploads\/2023\/07\/FLB-30-S-600x600.jpg 600w, https:\/\/rollingringdrives.com\/wp-content\/uploads\/2023\/07\/FLB-30-S-100x100.jpg 100w, https:\/\/rollingringdrives.com\/wp-content\/uploads\/2023\/07\/FLB-30-S.jpg 800w\" sizes=\"(max-width: 300px) 100vw, 300px\" \/><\/p>\n<p data-source-line=\"97\" data-source-line-display=\"true\"><img loading=\"lazy\" decoding=\"async\" class=\"alignnone wp-image-28581 size-large\" src=\"https:\/\/rollingringdrives.com\/wp-content\/uploads\/2023\/07\/\u672a\u547d\u540d\u7684\u8bbe\u8ba1-19-1024x533.jpg\" alt=\"\" width=\"1024\" height=\"533\" srcset=\"https:\/\/rollingringdrives.com\/wp-content\/uploads\/2023\/07\/\u672a\u547d\u540d\u7684\u8bbe\u8ba1-19-1024x533.jpg 1024w, https:\/\/rollingringdrives.com\/wp-content\/uploads\/2023\/07\/\u672a\u547d\u540d\u7684\u8bbe\u8ba1-19-300x156.jpg 300w, https:\/\/rollingringdrives.com\/wp-content\/uploads\/2023\/07\/\u672a\u547d\u540d\u7684\u8bbe\u8ba1-19-768x400.jpg 768w, https:\/\/rollingringdrives.com\/wp-content\/uploads\/2023\/07\/\u672a\u547d\u540d\u7684\u8bbe\u8ba1-19-18x9.jpg 18w, https:\/\/rollingringdrives.com\/wp-content\/uploads\/2023\/07\/\u672a\u547d\u540d\u7684\u8bbe\u8ba1-19-600x312.jpg 600w, https:\/\/rollingringdrives.com\/wp-content\/uploads\/2023\/07\/\u672a\u547d\u540d\u7684\u8bbe\u8ba1-19.jpg 1345w\" sizes=\"(max-width: 1024px) 100vw, 1024px\" \/><\/p>\n<p data-source-line=\"97\" data-source-line-display=\"true\">","protected":false},"excerpt":{"rendered":"<p>Bedeutung der Buchstaben des Warenmodells:<br \/>\n1. F=schnell\/Schnell<br \/>\n2. L=Sperre<br \/>\n3. H=Loch<br \/>\n4. T=Spitze<br \/>\n5. M= Metall<br \/>\n6. S= mit Feder<br \/>\n7. B= Nadellager<br \/>\n8. R=Rotary<br \/>\nZum Beispiel FLB-20-SMT<br \/>\nDas vordere Ende hat eine nadelgelagerte Welle mit einem Durchmesser von 20,<br \/>\nDas hintere Ende ist ein Metallspitzenkegel mit einer Feder.<\/p>","protected":false},"featured_media":28575,"template":"","meta":{"site-sidebar-layout":"default","site-content-layout":"default","ast-global-header-display":"","ast-banner-title-visibility":"","ast-main-header-display":"","ast-hfb-above-header-display":"","ast-hfb-below-header-display":"","ast-hfb-mobile-header-display":"","site-post-title":"","ast-breadcrumbs-content":"","ast-featured-img":"","footer-sml-layout":"","theme-transparent-header-meta":"default","adv-header-id-meta":"","stick-header-meta":"","header-above-stick-meta":"","header-main-stick-meta":"","header-below-stick-meta":""},"product_brand":[],"product_cat":[79,80],"product_tag":[],"class_list":{"0":"post-28573","1":"product","2":"type-product","3":"status-publish","4":"has-post-thumbnail","6":"product_cat-easylock","7":"product_cat-flb-s","8":"desktop-align-left","9":"tablet-align-left","10":"mobile-align-left","12":"first","13":"instock","14":"shipping-taxable","15":"product-type-simple"},"yoast_head":"<!-- This site is optimized with the Yoast SEO Premium plugin v20.12 (Yoast SEO v26.0) - https:\/\/yoast.com\/wordpress\/plugins\/seo\/ -->\n<title>Easylock FLB-12-S, FLB-20-S, FLB-25-S, FLB-30-S for Take Up Machine - QiPang<\/title>\n<meta name=\"robots\" content=\"index, follow, max-snippet:-1, max-image-preview:large, max-video-preview:-1\" \/>\n<link rel=\"canonical\" href=\"https:\/\/rollingringdrives.com\/de\/produkt\/easylock-flb-12-s\/\" \/>\n<meta property=\"og:locale\" content=\"de_DE\" \/>\n<meta property=\"og:type\" content=\"article\" \/>\n<meta property=\"og:title\" content=\"Easylock FLB-12-S, FLB-20-S, FLB-25-S, FLB-30-S for Take Up Machine\" \/>\n<meta property=\"og:description\" content=\"Meaning of commodity model letters: 1. F=fast\/Quick 2. L=lock 3. H=hole 4. T=tip 5. M= metal 6. S= with spring 7. B= needle roller bearing 8. R= Rotary For example FLB-20-SMT The front end has a needle-bearing shaft diameter of 20, The back end is a metal tip cone with a spring.\" \/>\n<meta property=\"og:url\" content=\"https:\/\/rollingringdrives.com\/de\/produkt\/easylock-flb-12-s\/\" \/>\n<meta property=\"og:site_name\" content=\"QiPang\" \/>\n<meta property=\"article:modified_time\" content=\"2023-07-27T08:20:30+00:00\" \/>\n<meta property=\"og:image\" content=\"https:\/\/rollingringdrives.com\/wp-content\/uploads\/2023\/07\/FLB-12-S.jpg\" \/>\n\t<meta property=\"og:image:width\" content=\"800\" \/>\n\t<meta property=\"og:image:height\" content=\"800\" \/>\n\t<meta property=\"og:image:type\" content=\"image\/jpeg\" \/>\n<meta name=\"twitter:card\" content=\"summary_large_image\" \/>\n<meta name=\"twitter:label1\" content=\"Gesch\u00e4tzte Lesezeit\" \/>\n\t<meta name=\"twitter:data1\" content=\"2\u00a0Minuten\" \/>\n<script type=\"application\/ld+json\" class=\"yoast-schema-graph\">{\"@context\":\"https:\/\/schema.org\",\"@graph\":[{\"@type\":\"WebPage\",\"@id\":\"https:\/\/rollingringdrives.com\/product\/easylock-flb-12-s\/\",\"url\":\"https:\/\/rollingringdrives.com\/product\/easylock-flb-12-s\/\",\"name\":\"Easylock FLB-12-S, FLB-20-S, FLB-25-S, FLB-30-S for Take Up Machine - QiPang\",\"isPartOf\":{\"@id\":\"https:\/\/rollingringdrives.com\/#website\"},\"primaryImageOfPage\":{\"@id\":\"https:\/\/rollingringdrives.com\/product\/easylock-flb-12-s\/#primaryimage\"},\"image\":{\"@id\":\"https:\/\/rollingringdrives.com\/product\/easylock-flb-12-s\/#primaryimage\"},\"thumbnailUrl\":\"https:\/\/rollingringdrives.com\/wp-content\/uploads\/2023\/07\/FLB-12-S.jpg\",\"datePublished\":\"2023-07-27T07:17:29+00:00\",\"dateModified\":\"2023-07-27T08:20:30+00:00\",\"breadcrumb\":{\"@id\":\"https:\/\/rollingringdrives.com\/product\/easylock-flb-12-s\/#breadcrumb\"},\"inLanguage\":\"de\",\"potentialAction\":[{\"@type\":\"ReadAction\",\"target\":[\"https:\/\/rollingringdrives.com\/product\/easylock-flb-12-s\/\"]}]},{\"@type\":\"ImageObject\",\"inLanguage\":\"de\",\"@id\":\"https:\/\/rollingringdrives.com\/product\/easylock-flb-12-s\/#primaryimage\",\"url\":\"https:\/\/rollingringdrives.com\/wp-content\/uploads\/2023\/07\/FLB-12-S.jpg\",\"contentUrl\":\"https:\/\/rollingringdrives.com\/wp-content\/uploads\/2023\/07\/FLB-12-S.jpg\",\"width\":800,\"height\":800,\"caption\":\"Easylock FLB-12-S\"},{\"@type\":\"BreadcrumbList\",\"@id\":\"https:\/\/rollingringdrives.com\/product\/easylock-flb-12-s\/#breadcrumb\",\"itemListElement\":[{\"@type\":\"ListItem\",\"position\":1,\"name\":\"Home\",\"item\":\"https:\/\/rollingringdrives.com\/\"},{\"@type\":\"ListItem\",\"position\":2,\"name\":\"Machines\",\"item\":\"https:\/\/rollingringdrives.com\/machines\/\"},{\"@type\":\"ListItem\",\"position\":3,\"name\":\"Easylock FLB-12-S, FLB-20-S, FLB-25-S, FLB-30-S for Take Up Machine\"}]},{\"@type\":\"WebSite\",\"@id\":\"https:\/\/rollingringdrives.com\/#website\",\"url\":\"https:\/\/rollingringdrives.com\/\",\"name\":\"QiPang\",\"description\":\"QiPang Blog\",\"publisher\":{\"@id\":\"https:\/\/rollingringdrives.com\/#organization\"},\"potentialAction\":[{\"@type\":\"SearchAction\",\"target\":{\"@type\":\"EntryPoint\",\"urlTemplate\":\"https:\/\/rollingringdrives.com\/?s={search_term_string}\"},\"query-input\":{\"@type\":\"PropertyValueSpecification\",\"valueRequired\":true,\"valueName\":\"search_term_string\"}}],\"inLanguage\":\"de\"},{\"@type\":\"Organization\",\"@id\":\"https:\/\/rollingringdrives.com\/#organization\",\"name\":\"QiPang\",\"url\":\"https:\/\/rollingringdrives.com\/\",\"logo\":{\"@type\":\"ImageObject\",\"inLanguage\":\"de\",\"@id\":\"https:\/\/rollingringdrives.com\/#\/schema\/logo\/image\/\",\"url\":\"https:\/\/rollingringdrives.com\/wp-content\/uploads\/2023\/05\/cropped-\u672a\u547d\u540d\u7684\u8bbe\u8ba1.png\",\"contentUrl\":\"https:\/\/rollingringdrives.com\/wp-content\/uploads\/2023\/05\/cropped-\u672a\u547d\u540d\u7684\u8bbe\u8ba1.png\",\"width\":300,\"height\":191,\"caption\":\"QiPang\"},\"image\":{\"@id\":\"https:\/\/rollingringdrives.com\/#\/schema\/logo\/image\/\"}}]}<\/script>\n<!-- \/ Yoast SEO Premium plugin. -->","yoast_head_json":{"title":"Easylock FLB-12-S, FLB-20-S, FLB-25-S, FLB-30-S f\u00fcr Aufnahmemaschine \u2013 QiPang","robots":{"index":"index","follow":"follow","max-snippet":"max-snippet:-1","max-image-preview":"max-image-preview:large","max-video-preview":"max-video-preview:-1"},"canonical":"https:\/\/rollingringdrives.com\/de\/produkt\/easylock-flb-12-s\/","og_locale":"de_DE","og_type":"article","og_title":"Easylock FLB-12-S, FLB-20-S, FLB-25-S, FLB-30-S for Take Up Machine","og_description":"Meaning of commodity model letters: 1. F=fast\/Quick 2. L=lock 3. H=hole 4. T=tip 5. M= metal 6. S= with spring 7. B= needle roller bearing 8. R= Rotary For example FLB-20-SMT The front end has a needle-bearing shaft diameter of 20, The back end is a metal tip cone with a spring.","og_url":"https:\/\/rollingringdrives.com\/de\/produkt\/easylock-flb-12-s\/","og_site_name":"QiPang","article_modified_time":"2023-07-27T08:20:30+00:00","og_image":[{"width":800,"height":800,"url":"https:\/\/rollingringdrives.com\/wp-content\/uploads\/2023\/07\/FLB-12-S.jpg","type":"image\/jpeg"}],"twitter_card":"summary_large_image","twitter_misc":{"Gesch\u00e4tzte Lesezeit":"2\u00a0Minuten"},"schema":{"@context":"https:\/\/schema.org","@graph":[{"@type":"WebPage","@id":"https:\/\/rollingringdrives.com\/product\/easylock-flb-12-s\/","url":"https:\/\/rollingringdrives.com\/product\/easylock-flb-12-s\/","name":"Easylock FLB-12-S, FLB-20-S, FLB-25-S, FLB-30-S f\u00fcr Aufnahmemaschine \u2013 QiPang","isPartOf":{"@id":"https:\/\/rollingringdrives.com\/#website"},"primaryImageOfPage":{"@id":"https:\/\/rollingringdrives.com\/product\/easylock-flb-12-s\/#primaryimage"},"image":{"@id":"https:\/\/rollingringdrives.com\/product\/easylock-flb-12-s\/#primaryimage"},"thumbnailUrl":"https:\/\/rollingringdrives.com\/wp-content\/uploads\/2023\/07\/FLB-12-S.jpg","datePublished":"2023-07-27T07:17:29+00:00","dateModified":"2023-07-27T08:20:30+00:00","breadcrumb":{"@id":"https:\/\/rollingringdrives.com\/product\/easylock-flb-12-s\/#breadcrumb"},"inLanguage":"de","potentialAction":[{"@type":"ReadAction","target":["https:\/\/rollingringdrives.com\/product\/easylock-flb-12-s\/"]}]},{"@type":"ImageObject","inLanguage":"de","@id":"https:\/\/rollingringdrives.com\/product\/easylock-flb-12-s\/#primaryimage","url":"https:\/\/rollingringdrives.com\/wp-content\/uploads\/2023\/07\/FLB-12-S.jpg","contentUrl":"https:\/\/rollingringdrives.com\/wp-content\/uploads\/2023\/07\/FLB-12-S.jpg","width":800,"height":800,"caption":"Easylock FLB-12-S"},{"@type":"BreadcrumbList","@id":"https:\/\/rollingringdrives.com\/product\/easylock-flb-12-s\/#breadcrumb","itemListElement":[{"@type":"ListItem","position":1,"name":"Home","item":"https:\/\/rollingringdrives.com\/"},{"@type":"ListItem","position":2,"name":"Machines","item":"https:\/\/rollingringdrives.com\/machines\/"},{"@type":"ListItem","position":3,"name":"Easylock FLB-12-S, FLB-20-S, FLB-25-S, FLB-30-S for Take Up Machine"}]},{"@type":"WebSite","@id":"https:\/\/rollingringdrives.com\/#website","url":"https:\/\/rollingringdrives.com\/","name":"QiPang","description":"QiPang-Blog","publisher":{"@id":"https:\/\/rollingringdrives.com\/#organization"},"potentialAction":[{"@type":"SearchAction","target":{"@type":"EntryPoint","urlTemplate":"https:\/\/rollingringdrives.com\/?s={search_term_string}"},"query-input":{"@type":"PropertyValueSpecification","valueRequired":true,"valueName":"search_term_string"}}],"inLanguage":"de"},{"@type":"Organization","@id":"https:\/\/rollingringdrives.com\/#organization","name":"QiPang","url":"https:\/\/rollingringdrives.com\/","logo":{"@type":"ImageObject","inLanguage":"de","@id":"https:\/\/rollingringdrives.com\/#\/schema\/logo\/image\/","url":"https:\/\/rollingringdrives.com\/wp-content\/uploads\/2023\/05\/cropped-\u672a\u547d\u540d\u7684\u8bbe\u8ba1.png","contentUrl":"https:\/\/rollingringdrives.com\/wp-content\/uploads\/2023\/05\/cropped-\u672a\u547d\u540d\u7684\u8bbe\u8ba1.png","width":300,"height":191,"caption":"QiPang"},"image":{"@id":"https:\/\/rollingringdrives.com\/#\/schema\/logo\/image\/"}}]}},"_links":{"self":[{"href":"https:\/\/rollingringdrives.com\/de\/wp-json\/wp\/v2\/product\/28573","targetHints":{"allow":["GET"]}}],"collection":[{"href":"https:\/\/rollingringdrives.com\/de\/wp-json\/wp\/v2\/product"}],"about":[{"href":"https:\/\/rollingringdrives.com\/de\/wp-json\/wp\/v2\/types\/product"}],"version-history":[{"count":0,"href":"https:\/\/rollingringdrives.com\/de\/wp-json\/wp\/v2\/product\/28573\/revisions"}],"wp:featuredmedia":[{"embeddable":true,"href":"https:\/\/rollingringdrives.com\/de\/wp-json\/wp\/v2\/media\/28575"}],"wp:attachment":[{"href":"https:\/\/rollingringdrives.com\/de\/wp-json\/wp\/v2\/media?parent=28573"}],"wp:term":[{"taxonomy":"product_brand","embeddable":true,"href":"https:\/\/rollingringdrives.com\/de\/wp-json\/wp\/v2\/product_brand?post=28573"},{"taxonomy":"product_cat","embeddable":true,"href":"https:\/\/rollingringdrives.com\/de\/wp-json\/wp\/v2\/product_cat?post=28573"},{"taxonomy":"product_tag","embeddable":true,"href":"https:\/\/rollingringdrives.com\/de\/wp-json\/wp\/v2\/product_tag?post=28573"}],"curies":[{"name":"wp","href":"https:\/\/api.w.org\/{rel}","templated":true}]}}