{"id":29177,"date":"2023-08-26T07:01:34","date_gmt":"2023-08-26T07:01:34","guid":{"rendered":"https:\/\/rollingringdrives.com\/?post_type=product&#038;p=29177"},"modified":"2026-01-13T03:09:20","modified_gmt":"2026-01-13T03:09:20","slug":"adjustable-fast-coiling-head","status":"publish","type":"product","link":"https:\/\/rollingringdrives.com\/de\/produkt\/verstellbarer-schnellwickelkopf\/","title":{"rendered":"Einstellbarer schneller Kabelaufrollkopf"},"content":{"rendered":"<p data-source-line=\"0\" data-source-line-display=\"true\">Shanghai Qipang widmet sich der Forschung, Entwicklung und Herstellung von <strong>Kabelspulenk\u00f6pfe.<\/strong>Wir bieten drei Serien von zusammenklappbaren Haspeln an: Nylon, schnell und japanisch, die genau auf die Verarbeitungsanforderungen verschiedener Dr\u00e4hte, Geschwindigkeiten und Genauigkeit abgestimmt sind und Ihnen zu einer effizienten Produktion verhelfen.<\/p>\n<p data-source-line=\"0\" data-source-line-display=\"true\">Das Ger\u00e4t ist f\u00fcr das gleichm\u00e4\u00dfige Aufwickeln von Kabeln oder Dr\u00e4hten zu einer Spule konzipiert. Es gew\u00e4hrleistet eine feste und stabile Verlegung ohne Verdrehungen. Epoxidplatten und Eisenplatten sind als Optionen erh\u00e4ltlich. Sie sind leicht an- und abzubauen und sparen so viele Arbeitsstunden. Diese Haspeln sind in verschiedenen Standardgr\u00f6\u00dfen erh\u00e4ltlich<\/p>\n<div class=\"xiaoshujiang_element xsj_anchor\"><a class=\"blank_anchor_name\" name=\"main20features_2\"><\/a><a id=\"main20features_2\" class=\"blank_anchor_id\"><\/a><a class=\"blank_anchor_name\" name=\"main-features\"><\/a><a id=\"main-features\" class=\"blank_anchor_id\"><\/a><\/div>\n<h3 id=\"main20features_2\" class=\"xsj_heading_hash xsj_heading xsj_heading_h3\" data-source-line=\"4\" data-source-line-display=\"true\"><span class=\"xsj_heading_content\">Haupteigenschaften<\/span><\/h3>\n<p>1. Automatisches Anziehen und schnelles Schlagen Platte kann in 2-3 Sekunden abgeschlossen sein. Nach der Wicklung des Drahtes auf der Maschine gebunden und kann leicht entfernt werden. Einfach zu bedienen.<br \/>\n2. Die Position der Heckklappe des Schnellladers kann durch Verschieben frei eingestellt werden, die die Anforderungen der erf\u00fcllen kann<br \/>\nunterschiedliche Stanzh\u00f6hen.<br \/>\n3. Die H\u00f6he von 3 Schikanen kann entsprechend den unterschiedlichen Gr\u00f6\u00dfenanforderungen angepasst werden.<br \/>\n4. H\u00f6he der Kabelbinder: 40-200mm<br \/>\n5. Anzahl der Steckpl\u00e4tze: 3 Steckpl\u00e4tze<\/p>\n<div class=\"ast-oembed-container\" style=\"height: 100%;\"><iframe title=\"Wie verwende ich einen schnellen Kabelspulenkopf?\" width=\"422\" height=\"750\" src=\"https:\/\/www.youtube.com\/embed\/KXU4RQp2Ryk?feature=oembed\" frameborder=\"0\" allow=\"accelerometer; autoplay; clipboard-write; encrypted-media; gyroscope; picture-in-picture; web-share\" referrerpolicy=\"strict-origin-when-cross-origin\" allowfullscreen><\/iframe><\/div>\n<p>&nbsp;<\/p>\n<h3 id=\"product20parameters_2\" class=\"xsj_heading_hash xsj_heading xsj_heading_h3\" data-source-line=\"4\" data-source-line-display=\"true\"><span class=\"xsj_heading_content\">Parameter des Kabelspulenkopfes<\/span><\/h3>\n<p><strong>Unsere Standardgr\u00f6\u00dfen k\u00f6nnen der Tabelle entnommen werden. Dar\u00fcber hinaus k\u00f6nnen wir auch nach den von den Kunden bereitgestellten Gr\u00f6\u00dfen anpassen.<\/strong><\/p>\n<p><img fetchpriority=\"high\" decoding=\"async\" class=\"alignnone wp-image-29184 size-full\" src=\"https:\/\/rollingringdrives.com\/wp-content\/uploads\/2023\/08\/af7b788ce163cc151f4e0f0748da4df.png\" alt=\"\" width=\"891\" height=\"500\" srcset=\"https:\/\/rollingringdrives.com\/wp-content\/uploads\/2023\/08\/af7b788ce163cc151f4e0f0748da4df.png 891w, https:\/\/rollingringdrives.com\/wp-content\/uploads\/2023\/08\/af7b788ce163cc151f4e0f0748da4df-300x168.png 300w, https:\/\/rollingringdrives.com\/wp-content\/uploads\/2023\/08\/af7b788ce163cc151f4e0f0748da4df-768x431.png 768w, https:\/\/rollingringdrives.com\/wp-content\/uploads\/2023\/08\/af7b788ce163cc151f4e0f0748da4df-18x10.png 18w, https:\/\/rollingringdrives.com\/wp-content\/uploads\/2023\/08\/af7b788ce163cc151f4e0f0748da4df-600x337.png 600w\" sizes=\"(max-width: 891px) 100vw, 891px\" \/><div id=\"footable_parent_32807\"\n         class=\"footable_parent ninja_table_wrapper loading_ninja_table wp_table_data_press_parent semantic_ui\">\n                <table data-ninja_table_instance=\"ninja_table_instance_0\" data-footable_id=\"32807\" data-filter-delay=\"1000\" aria-label=\"schneller Spulenkopf.csv\"            id=\"footable_32807\"\n           data-unique_identifier=\"ninja_table_unique_id_862828332_32807\"\n           class=\"foo-table ninja_footable foo_table_32807 ninja_table_unique_id_862828332_32807 ui table  ninja_search_right nt_type_legacy_table selectable celled striped vertical_centered  footable-paging-right ninja_table_pro\">\n                <colgroup>\n                            <col class=\"ninja_column_0\">\n                            <col class=\"ninja_column_1\">\n                            <col class=\"ninja_column_2\">\n                    <\/colgroup>\n        <thead>\n<tr class=\"footable-header\">\n                                                        <th scope=\"col\"  class=\"ninja_column_0 ninja_clmn_nm_innerdiameter\">Innendurchmesser<\/th><th scope=\"col\"  class=\"ninja_column_1 ninja_clmn_nm_adjustablewidth\">Einstellbare Breite<\/th><th scope=\"col\"  class=\"ninja_column_2 ninja_clmn_nm_outerdiameter\">\u00c4u\u00dferer Durchmesser<\/th><\/tr>\n<\/thead>\n<tbody>\n\n        <tr data-row_id=\"2156\" class=\"ninja_table_row_0 nt_row_id_2156\">\n            <td>100mm (3.937\")<\/td><td>40-100mm (1,575\" - 3,937\")<\/td><td>320mm (12.598\")<\/td>        <\/tr>\n            <tr data-row_id=\"2157\" class=\"ninja_table_row_1 nt_row_id_2157\">\n            <td>120mm (4.724\")<\/td><td>35-100mm (1.378\" - 3.937\")<\/td><td>320mm (12.598\")<\/td>        <\/tr>\n            <tr data-row_id=\"2158\" class=\"ninja_table_row_2 nt_row_id_2158\">\n            <td>130mm (5.118\")<\/td><td>35-100mm (1.378\" - 3.937\")<\/td><td>320mm (12.598\")<\/td>        <\/tr>\n            <tr data-row_id=\"2159\" class=\"ninja_table_row_3 nt_row_id_2159\">\n            <td>140mm (5.512\")<\/td><td>35-100mm (1.378\" - 3.937\")<\/td><td>400mm (15.748\")<\/td>        <\/tr>\n            <tr data-row_id=\"2160\" class=\"ninja_table_row_4 nt_row_id_2160\">\n            <td>140mm (5.512\")<\/td><td>60-140mm (2.362\" - 5.512\")<\/td><td>400mm (15.748\")<\/td>        <\/tr>\n            <tr data-row_id=\"2161\" class=\"ninja_table_row_5 nt_row_id_2161\">\n            <td>150mm (5.906\")<\/td><td>35-100mm (1.378\" - 3.937\")<\/td><td>400mm (15.748\")<\/td>        <\/tr>\n            <tr data-row_id=\"2162\" class=\"ninja_table_row_6 nt_row_id_2162\">\n            <td>160mm (6.299\")<\/td><td>35-100mm (1.378\" - 3.937\")<\/td><td>400mm (15.748\")<\/td>        <\/tr>\n            <tr data-row_id=\"2163\" class=\"ninja_table_row_7 nt_row_id_2163\">\n            <td>160mm (6.299\")<\/td><td>60-140mm (2.362\" - 5.512\")<\/td><td>400mm (15.748\")<\/td>        <\/tr>\n            <tr data-row_id=\"2164\" class=\"ninja_table_row_8 nt_row_id_2164\">\n            <td>180mm (7.087\")<\/td><td>75-150mm (2.953\" - 5.906\")<\/td><td>500mm (19.685\")<\/td>        <\/tr>\n            <tr data-row_id=\"2165\" class=\"ninja_table_row_9 nt_row_id_2165\">\n            <td>200mm (7.874\")<\/td><td>75-150 mm (1,575\" - 3,937\")<\/td><td>500mm (19.685\")<\/td>        <\/tr>\n            <tr data-row_id=\"2166\" class=\"ninja_table_row_10 nt_row_id_2166\">\n            <td>200mm (7.874\")<\/td><td>100-200mm (3.937\" - 7.874\")<\/td><td>500mm (19.685\")<\/td>        <\/tr>\n            <tr data-row_id=\"2167\" class=\"ninja_table_row_11 nt_row_id_2167\">\n            <td>250mm (9.843\")<\/td><td>100-200mm (3.937\" - 7.874\")<\/td><td>500mm (19.685\")<\/td>        <\/tr>\n            <tr data-row_id=\"2168\" class=\"ninja_table_row_12 nt_row_id_2168\">\n            <td>300mm (11.811\")<\/td><td>140-250mm (5.512\" - 9.843\"\")<\/td><td>500mm (19.685\")<\/td>        <\/tr>\n            <tr data-row_id=\"2169\" class=\"ninja_table_row_13 nt_row_id_2169\">\n            <td>80\/90mm (3.150\" \/ 3.543\")<\/td><td>40-100mm (1,575\" - 3,937\")<\/td><td>320mm (12.598\")<\/td>        <\/tr>\n    <\/tbody><!--ninja_tobody_rendering_done-->\n    <\/table>\n    \n    \n    \n<\/div>\n<\/p>\n<h3 id=\"product20details20display_1\" class=\"xsj_heading_hash xsj_heading xsj_heading_h3\" data-source-line=\"0\" data-source-line-display=\"true\"><span class=\"xsj_heading_content\">Spulenkopf Details Anzeige:<\/span><\/h3>\n<p class=\"xsj_paragraph xsj_paragraph_level_0\" data-source-line=\"2\" data-source-line-display=\"true\">Die Oberfl\u00e4che des Adjusted Fast Coiling Head ist mehrschichtig galvanisiert und die Oberfl\u00e4che ist sch\u00f6n und glatt.<br \/>\nDie Schallwand kann in der Breite verstellt und gegen den Uhrzeigersinn entfernt werden.<\/p>\n<ul class=\"markdown_ul\" data-source-line=\"0\">\n<li data-source-line=\"0\">Schnelle Demontage<\/li>\n<li data-source-line=\"1\">Einfache Installation<\/li>\n<li data-source-line=\"2\">Einstellbare Breite<\/li>\n<\/ul>\n<h2>Die Zusammensetzung des Kabelspulenkopfes<\/h2>\n<figure id=\"attachment_32829\" aria-describedby=\"caption-attachment-32829\" style=\"width: 1920px\" class=\"wp-caption alignnone\"><img decoding=\"async\" class=\"size-full wp-image-32829\" src=\"https:\/\/rollingringdrives.com\/wp-content\/uploads\/2023\/08\/721918e5568bb955194b5f3dd75c98cb.jpg\" alt=\"Kabelspulenkopf\" width=\"1920\" height=\"1440\" srcset=\"https:\/\/rollingringdrives.com\/wp-content\/uploads\/2023\/08\/721918e5568bb955194b5f3dd75c98cb.jpg 1920w, https:\/\/rollingringdrives.com\/wp-content\/uploads\/2023\/08\/721918e5568bb955194b5f3dd75c98cb-300x225.jpg 300w, https:\/\/rollingringdrives.com\/wp-content\/uploads\/2023\/08\/721918e5568bb955194b5f3dd75c98cb-1024x768.jpg 1024w, https:\/\/rollingringdrives.com\/wp-content\/uploads\/2023\/08\/721918e5568bb955194b5f3dd75c98cb-768x576.jpg 768w, https:\/\/rollingringdrives.com\/wp-content\/uploads\/2023\/08\/721918e5568bb955194b5f3dd75c98cb-1536x1152.jpg 1536w, https:\/\/rollingringdrives.com\/wp-content\/uploads\/2023\/08\/721918e5568bb955194b5f3dd75c98cb-16x12.jpg 16w, https:\/\/rollingringdrives.com\/wp-content\/uploads\/2023\/08\/721918e5568bb955194b5f3dd75c98cb-600x450.jpg 600w\" sizes=\"(max-width: 1920px) 100vw, 1920px\" \/><figcaption id=\"caption-attachment-32829\" class=\"wp-caption-text\">Kabelspulenkopf<\/figcaption><\/figure>\n<p>Der Flansch ist optional. Wenn bereits ein Flansch an der Maschine vorhanden ist, k\u00f6nnen Sie ihn nicht kaufen.<\/p>\n<h2>Das Paket des Kabelspulenkopfes<\/h2>\n<figure id=\"attachment_32849\" aria-describedby=\"caption-attachment-32849\" style=\"width: 1920px\" class=\"wp-caption alignnone\"><img decoding=\"async\" class=\"size-full wp-image-32849\" src=\"https:\/\/rollingringdrives.com\/wp-content\/uploads\/2023\/08\/368aa8e7c04143b87884485f86e886dd_\u526f\u672c.avif\" alt=\"Spulenkopfpaket\" width=\"1920\" height=\"1440\" srcset=\"https:\/\/rollingringdrives.com\/wp-content\/uploads\/2023\/08\/368aa8e7c04143b87884485f86e886dd_\u526f\u672c.avif 1920w, https:\/\/rollingringdrives.com\/wp-content\/uploads\/2023\/08\/368aa8e7c04143b87884485f86e886dd_\u526f\u672c-300x225.avif 300w, https:\/\/rollingringdrives.com\/wp-content\/uploads\/2023\/08\/368aa8e7c04143b87884485f86e886dd_\u526f\u672c-1024x768.avif 1024w, https:\/\/rollingringdrives.com\/wp-content\/uploads\/2023\/08\/368aa8e7c04143b87884485f86e886dd_\u526f\u672c-768x576.avif 768w, https:\/\/rollingringdrives.com\/wp-content\/uploads\/2023\/08\/368aa8e7c04143b87884485f86e886dd_\u526f\u672c-1536x1152.avif 1536w, https:\/\/rollingringdrives.com\/wp-content\/uploads\/2023\/08\/368aa8e7c04143b87884485f86e886dd_\u526f\u672c-16x12.avif 16w, https:\/\/rollingringdrives.com\/wp-content\/uploads\/2023\/08\/368aa8e7c04143b87884485f86e886dd_\u526f\u672c-600x450.avif 600w\" sizes=\"(max-width: 1920px) 100vw, 1920px\" \/><figcaption id=\"caption-attachment-32849\" class=\"wp-caption-text\">Spulenkopfpaket<\/figcaption><\/figure>","protected":false},"excerpt":{"rendered":"<p class=\"xsj_paragraph xsj_paragraph_level_0\" data-source-line=\"0\" data-source-line-display=\"true\">Der von QIPANG hergestellte Seitenplattenwickler ist ein hervorragendes Produkt, das \u00fcber Abspannschlitze und einen schnell l\u00f6sbaren Au\u00dfenflansch verf\u00fcgt, und wir unterst\u00fctzen auch die Anpassung des konischen Innendurchmessers. W\u00e4hrend des Aufwickelns dehnt sich der innere Kern deutlich aus, w\u00e4hrend sich der innere Kern beim Abwickeln zusammenzieht. Diese Konstruktion erm\u00f6glicht ein schnelles und bequemes Herausziehen der Schnur in nur 3 Sekunden.<\/p>\n<p class=\"xsj_paragraph xsj_paragraph_level_0\" data-source-line=\"0\" data-source-line-display=\"true\">Besonderheit<br \/>\nEffiziente Anordnung der Dr\u00e4hte: Die F\u00e4higkeit, Dr\u00e4hte und Kabel schnell und gleichm\u00e4\u00dfig in Schleifen zu ordnen, eignet sich f\u00fcr Hochgeschwindigkeitsvorg\u00e4nge in Produktionslinien.<br \/>\nPr\u00e4zise Spannungskontrolle: Sorgt f\u00fcr eine stabile Drahtspannung w\u00e4hrend des Hochgeschwindigkeitsbetriebs und gew\u00e4hrleistet eine saubere Schleifenbildung und kein Entwirren.<br \/>\nHohe Anpassungsf\u00e4higkeit: Kann den Abstand und die Breite der Drahtanordnung entsprechend den verschiedenen Drahtdurchmessern (Kabel oder feine Dr\u00e4hte) einstellen, mit breiter Kompatibilit\u00e4t.<br \/>\nStabile Konstruktion: Gute dynamische Gleichgewichtskalibrierung, reibungsloser Betrieb, weniger L\u00e4rm und Vibrationen.<\/p>","protected":false},"featured_media":32850,"template":"","meta":{"site-sidebar-layout":"default","site-content-layout":"default","ast-global-header-display":"","ast-banner-title-visibility":"","ast-main-header-display":"","ast-hfb-above-header-display":"","ast-hfb-below-header-display":"","ast-hfb-mobile-header-display":"","site-post-title":"","ast-breadcrumbs-content":"","ast-featured-img":"","footer-sml-layout":"","theme-transparent-header-meta":"default","adv-header-id-meta":"","stick-header-meta":"","header-above-stick-meta":"","header-main-stick-meta":"","header-below-stick-meta":""},"product_brand":[],"product_cat":[140],"product_tag":[],"class_list":{"0":"post-29177","1":"product","2":"type-product","3":"status-publish","4":"has-post-thumbnail","6":"product_cat-coil-head","7":"desktop-align-left","8":"tablet-align-left","9":"mobile-align-left","11":"first","12":"instock","13":"shipping-taxable","14":"product-type-simple"},"yoast_head":"<!-- This site is optimized with the Yoast SEO Premium plugin v20.12 (Yoast SEO v26.0) - https:\/\/yoast.com\/wordpress\/plugins\/seo\/ -->\n<title>Adjustable Fast Cable Coiling Head - QiPang<\/title>\n<meta name=\"description\" content=\"This Adjusted Fast Coiling Head equipment is used for 0.5-6mm\u00b2 cable and small section cables&#039; circling and bundling.\" \/>\n<meta name=\"robots\" content=\"index, follow, max-snippet:-1, max-image-preview:large, max-video-preview:-1\" \/>\n<link rel=\"canonical\" href=\"https:\/\/rollingringdrives.com\/de\/produkt\/verstellbarer-schnellwickelkopf\/\" \/>\n<meta property=\"og:locale\" content=\"de_DE\" \/>\n<meta property=\"og:type\" content=\"article\" \/>\n<meta property=\"og:title\" content=\"Adjustable Fast Cable Coiling Head\" \/>\n<meta property=\"og:description\" content=\"This Adjusted Fast Coiling Head equipment is used for 0.5-6mm\u00b2 cable and small section cables&#039; circling and bundling.\" \/>\n<meta property=\"og:url\" content=\"https:\/\/rollingringdrives.com\/de\/produkt\/verstellbarer-schnellwickelkopf\/\" \/>\n<meta property=\"og:site_name\" content=\"QiPang\" \/>\n<meta property=\"article:modified_time\" content=\"2026-01-13T03:09:20+00:00\" \/>\n<meta name=\"twitter:card\" content=\"summary_large_image\" \/>\n<meta name=\"twitter:label1\" content=\"Gesch\u00e4tzte Lesezeit\" \/>\n\t<meta name=\"twitter:data1\" content=\"3\u00a0Minuten\" \/>\n<script type=\"application\/ld+json\" class=\"yoast-schema-graph\">{\"@context\":\"https:\/\/schema.org\",\"@graph\":[{\"@type\":\"WebPage\",\"@id\":\"https:\/\/rollingringdrives.com\/product\/adjustable-fast-coiling-head\/\",\"url\":\"https:\/\/rollingringdrives.com\/product\/adjustable-fast-coiling-head\/\",\"name\":\"Adjustable Fast Cable Coiling Head - QiPang\",\"isPartOf\":{\"@id\":\"https:\/\/rollingringdrives.com\/#website\"},\"primaryImageOfPage\":{\"@id\":\"https:\/\/rollingringdrives.com\/product\/adjustable-fast-coiling-head\/#primaryimage\"},\"image\":{\"@id\":\"https:\/\/rollingringdrives.com\/product\/adjustable-fast-coiling-head\/#primaryimage\"},\"thumbnailUrl\":\"https:\/\/rollingringdrives.com\/wp-content\/uploads\/2023\/08\/be7bf9c4-62c6-4d8a-8544-36859d97b8fb_\u526f\u672c-1.avif\",\"datePublished\":\"2023-08-26T07:01:34+00:00\",\"dateModified\":\"2026-01-13T03:09:20+00:00\",\"description\":\"This Adjusted Fast Coiling Head equipment is used for 0.5-6mm\u00b2 cable and small section cables' circling and bundling.\",\"breadcrumb\":{\"@id\":\"https:\/\/rollingringdrives.com\/product\/adjustable-fast-coiling-head\/#breadcrumb\"},\"inLanguage\":\"de\",\"potentialAction\":[{\"@type\":\"ReadAction\",\"target\":[\"https:\/\/rollingringdrives.com\/product\/adjustable-fast-coiling-head\/\"]}]},{\"@type\":\"ImageObject\",\"inLanguage\":\"de\",\"@id\":\"https:\/\/rollingringdrives.com\/product\/adjustable-fast-coiling-head\/#primaryimage\",\"url\":\"https:\/\/rollingringdrives.com\/wp-content\/uploads\/2023\/08\/be7bf9c4-62c6-4d8a-8544-36859d97b8fb_\u526f\u672c-1.avif\",\"contentUrl\":\"https:\/\/rollingringdrives.com\/wp-content\/uploads\/2023\/08\/be7bf9c4-62c6-4d8a-8544-36859d97b8fb_\u526f\u672c-1.avif\",\"width\":2048,\"height\":2048,\"caption\":\"fast cable coiling head\"},{\"@type\":\"BreadcrumbList\",\"@id\":\"https:\/\/rollingringdrives.com\/product\/adjustable-fast-coiling-head\/#breadcrumb\",\"itemListElement\":[{\"@type\":\"ListItem\",\"position\":1,\"name\":\"Home\",\"item\":\"https:\/\/rollingringdrives.com\/\"},{\"@type\":\"ListItem\",\"position\":2,\"name\":\"Machines\",\"item\":\"https:\/\/rollingringdrives.com\/machines\/\"},{\"@type\":\"ListItem\",\"position\":3,\"name\":\"Adjustable Fast Cable Coiling Head\"}]},{\"@type\":\"WebSite\",\"@id\":\"https:\/\/rollingringdrives.com\/#website\",\"url\":\"https:\/\/rollingringdrives.com\/\",\"name\":\"QiPang\",\"description\":\"QiPang Blog\",\"publisher\":{\"@id\":\"https:\/\/rollingringdrives.com\/#organization\"},\"potentialAction\":[{\"@type\":\"SearchAction\",\"target\":{\"@type\":\"EntryPoint\",\"urlTemplate\":\"https:\/\/rollingringdrives.com\/?s={search_term_string}\"},\"query-input\":{\"@type\":\"PropertyValueSpecification\",\"valueRequired\":true,\"valueName\":\"search_term_string\"}}],\"inLanguage\":\"de\"},{\"@type\":\"Organization\",\"@id\":\"https:\/\/rollingringdrives.com\/#organization\",\"name\":\"QiPang\",\"url\":\"https:\/\/rollingringdrives.com\/\",\"logo\":{\"@type\":\"ImageObject\",\"inLanguage\":\"de\",\"@id\":\"https:\/\/rollingringdrives.com\/#\/schema\/logo\/image\/\",\"url\":\"https:\/\/rollingringdrives.com\/wp-content\/uploads\/2023\/05\/cropped-\u672a\u547d\u540d\u7684\u8bbe\u8ba1.png\",\"contentUrl\":\"https:\/\/rollingringdrives.com\/wp-content\/uploads\/2023\/05\/cropped-\u672a\u547d\u540d\u7684\u8bbe\u8ba1.png\",\"width\":300,\"height\":191,\"caption\":\"QiPang\"},\"image\":{\"@id\":\"https:\/\/rollingringdrives.com\/#\/schema\/logo\/image\/\"}}]}<\/script>\n<!-- \/ Yoast SEO Premium plugin. -->","yoast_head_json":{"title":"Einstellbarer schneller Kabelaufrollkopf - QiPang","description":"Diese angepasste Schnellwickelkopfausr\u00fcstung wird zum Kreisen und B\u00fcndeln von Kabeln mit 0,5 bis 6 mm\u00b2 und Kabeln mit kleinem Querschnitt verwendet.","robots":{"index":"index","follow":"follow","max-snippet":"max-snippet:-1","max-image-preview":"max-image-preview:large","max-video-preview":"max-video-preview:-1"},"canonical":"https:\/\/rollingringdrives.com\/de\/produkt\/verstellbarer-schnellwickelkopf\/","og_locale":"de_DE","og_type":"article","og_title":"Adjustable Fast Cable Coiling Head","og_description":"This Adjusted Fast Coiling Head equipment is used for 0.5-6mm\u00b2 cable and small section cables' circling and bundling.","og_url":"https:\/\/rollingringdrives.com\/de\/produkt\/verstellbarer-schnellwickelkopf\/","og_site_name":"QiPang","article_modified_time":"2026-01-13T03:09:20+00:00","twitter_card":"summary_large_image","twitter_misc":{"Gesch\u00e4tzte Lesezeit":"3\u00a0Minuten"},"schema":{"@context":"https:\/\/schema.org","@graph":[{"@type":"WebPage","@id":"https:\/\/rollingringdrives.com\/product\/adjustable-fast-coiling-head\/","url":"https:\/\/rollingringdrives.com\/product\/adjustable-fast-coiling-head\/","name":"Einstellbarer schneller Kabelaufrollkopf - QiPang","isPartOf":{"@id":"https:\/\/rollingringdrives.com\/#website"},"primaryImageOfPage":{"@id":"https:\/\/rollingringdrives.com\/product\/adjustable-fast-coiling-head\/#primaryimage"},"image":{"@id":"https:\/\/rollingringdrives.com\/product\/adjustable-fast-coiling-head\/#primaryimage"},"thumbnailUrl":"https:\/\/rollingringdrives.com\/wp-content\/uploads\/2023\/08\/be7bf9c4-62c6-4d8a-8544-36859d97b8fb_\u526f\u672c-1.avif","datePublished":"2023-08-26T07:01:34+00:00","dateModified":"2026-01-13T03:09:20+00:00","description":"Diese angepasste Schnellwickelkopfausr\u00fcstung wird zum Kreisen und B\u00fcndeln von Kabeln mit 0,5 bis 6 mm\u00b2 und Kabeln mit kleinem Querschnitt verwendet.","breadcrumb":{"@id":"https:\/\/rollingringdrives.com\/product\/adjustable-fast-coiling-head\/#breadcrumb"},"inLanguage":"de","potentialAction":[{"@type":"ReadAction","target":["https:\/\/rollingringdrives.com\/product\/adjustable-fast-coiling-head\/"]}]},{"@type":"ImageObject","inLanguage":"de","@id":"https:\/\/rollingringdrives.com\/product\/adjustable-fast-coiling-head\/#primaryimage","url":"https:\/\/rollingringdrives.com\/wp-content\/uploads\/2023\/08\/be7bf9c4-62c6-4d8a-8544-36859d97b8fb_\u526f\u672c-1.avif","contentUrl":"https:\/\/rollingringdrives.com\/wp-content\/uploads\/2023\/08\/be7bf9c4-62c6-4d8a-8544-36859d97b8fb_\u526f\u672c-1.avif","width":2048,"height":2048,"caption":"fast cable coiling head"},{"@type":"BreadcrumbList","@id":"https:\/\/rollingringdrives.com\/product\/adjustable-fast-coiling-head\/#breadcrumb","itemListElement":[{"@type":"ListItem","position":1,"name":"Home","item":"https:\/\/rollingringdrives.com\/"},{"@type":"ListItem","position":2,"name":"Machines","item":"https:\/\/rollingringdrives.com\/machines\/"},{"@type":"ListItem","position":3,"name":"Adjustable Fast Cable Coiling Head"}]},{"@type":"WebSite","@id":"https:\/\/rollingringdrives.com\/#website","url":"https:\/\/rollingringdrives.com\/","name":"QiPang","description":"QiPang-Blog","publisher":{"@id":"https:\/\/rollingringdrives.com\/#organization"},"potentialAction":[{"@type":"SearchAction","target":{"@type":"EntryPoint","urlTemplate":"https:\/\/rollingringdrives.com\/?s={search_term_string}"},"query-input":{"@type":"PropertyValueSpecification","valueRequired":true,"valueName":"search_term_string"}}],"inLanguage":"de"},{"@type":"Organization","@id":"https:\/\/rollingringdrives.com\/#organization","name":"QiPang","url":"https:\/\/rollingringdrives.com\/","logo":{"@type":"ImageObject","inLanguage":"de","@id":"https:\/\/rollingringdrives.com\/#\/schema\/logo\/image\/","url":"https:\/\/rollingringdrives.com\/wp-content\/uploads\/2023\/05\/cropped-\u672a\u547d\u540d\u7684\u8bbe\u8ba1.png","contentUrl":"https:\/\/rollingringdrives.com\/wp-content\/uploads\/2023\/05\/cropped-\u672a\u547d\u540d\u7684\u8bbe\u8ba1.png","width":300,"height":191,"caption":"QiPang"},"image":{"@id":"https:\/\/rollingringdrives.com\/#\/schema\/logo\/image\/"}}]}},"_links":{"self":[{"href":"https:\/\/rollingringdrives.com\/de\/wp-json\/wp\/v2\/product\/29177","targetHints":{"allow":["GET"]}}],"collection":[{"href":"https:\/\/rollingringdrives.com\/de\/wp-json\/wp\/v2\/product"}],"about":[{"href":"https:\/\/rollingringdrives.com\/de\/wp-json\/wp\/v2\/types\/product"}],"version-history":[{"count":0,"href":"https:\/\/rollingringdrives.com\/de\/wp-json\/wp\/v2\/product\/29177\/revisions"}],"wp:featuredmedia":[{"embeddable":true,"href":"https:\/\/rollingringdrives.com\/de\/wp-json\/wp\/v2\/media\/32850"}],"wp:attachment":[{"href":"https:\/\/rollingringdrives.com\/de\/wp-json\/wp\/v2\/media?parent=29177"}],"wp:term":[{"taxonomy":"product_brand","embeddable":true,"href":"https:\/\/rollingringdrives.com\/de\/wp-json\/wp\/v2\/product_brand?post=29177"},{"taxonomy":"product_cat","embeddable":true,"href":"https:\/\/rollingringdrives.com\/de\/wp-json\/wp\/v2\/product_cat?post=29177"},{"taxonomy":"product_tag","embeddable":true,"href":"https:\/\/rollingringdrives.com\/de\/wp-json\/wp\/v2\/product_tag?post=29177"}],"curies":[{"name":"wp","href":"https:\/\/api.w.org\/{rel}","templated":true}]}}