{"id":29987,"date":"2023-10-13T06:37:47","date_gmt":"2023-10-13T06:37:47","guid":{"rendered":"https:\/\/rollingringdrives.com\/?post_type=product&#038;p=29987"},"modified":"2025-07-07T07:51:28","modified_gmt":"2025-07-07T07:51:28","slug":"%cf%86630mm-strander-pay-off-stand","status":"publish","type":"product","link":"https:\/\/rollingringdrives.com\/de\/produkt\/%cf%86630mm-stranger-ablaufstander\/","title":{"rendered":"\u03c6630mm Strander-Ablaufst\u00e4nder"},"content":{"rendered":"<div data-elementor-type=\"product-post\" data-elementor-id=\"29987\" class=\"elementor elementor-29987\" data-elementor-post-type=\"product\">\n\t\t\t\t\t\t<section data-particle_enable=\"false\" data-particle-mobile-disabled=\"false\" class=\"elementor-section elementor-top-section elementor-element elementor-element-40964e54 elementor-section-boxed elementor-section-height-default elementor-section-height-default\" data-id=\"40964e54\" data-element_type=\"section\">\n\t\t\t\t\t\t<div class=\"elementor-container elementor-column-gap-default\">\n\t\t\t\t\t<div class=\"elementor-column elementor-col-100 elementor-top-column elementor-element elementor-element-77fb5beb\" data-id=\"77fb5beb\" data-element_type=\"column\">\n\t\t\t<div class=\"elementor-widget-wrap elementor-element-populated\">\n\t\t\t\t\t\t<div class=\"elementor-element elementor-element-57771a40 elementor-widget elementor-widget-text-editor\" data-id=\"57771a40\" data-element_type=\"widget\" data-widget_type=\"text-editor.default\">\n\t\t\t\t<div class=\"elementor-widget-container\">\n\t\t\t\t\t\t\t\t\t<hr>\n<p><strong>Leistungsmerkmale: <\/strong><\/p>\n<p>1. Das Mehrkopf-Abwickelgestell ist ein Ger\u00e4t, das eine Mehrkopf-Drahtziehmaschine unterst\u00fctzt. Das Gebrauchsmuster l\u00f6st die Probleme des Abwickelfehlers und des Stillstands der Sammelschiene einer Mehrkopf-Drahtziehmaschine. Die Produktionseffizienz und die Qualifikationsrate der Fertigprodukte werden verbessert und die Arbeitsintensit\u00e4t verringert.<\/p>\n<p>2. Der Auszahlungsst\u00e4nder ist eine Doppelscheiben-Auszahlungsanlage mit konstanter Spannung und ohne Torsion. Es arbeitet mit dem Hochgeschwindigkeitsstrander zusammen. Und die beiden linken und rechten Linien st\u00f6ren sich nicht gegenseitig, unabh\u00e4ngige Auszahlung, einfach zu bedienen, effektiv platzsparend.<\/p>\n<p><div id=\"footable_parent_29990\"\n         class=\"footable_parent ninja_table_wrapper loading_ninja_table wp_table_data_press_parent semantic_ui\">\n                <table data-ninja_table_instance=\"ninja_table_instance_0\" data-footable_id=\"29990\" data-filter-delay=\"1000\" aria-label=\"\u5de5\u4f5c\u7c3f1.csv\"            id=\"footable_29990\"\n           data-unique_identifier=\"ninja_table_unique_id_487422345_29990\"\n           class=\"foo-table ninja_footable foo_table_29990 ninja_table_unique_id_487422345_29990 ui table  nt_type_legacy_table selectable striped vertical_centered  footable-paging-right ninja_table_pro\">\n                <colgroup>\n                            <col class=\"ninja_column_0\">\n                            <col class=\"ninja_column_1\">\n                    <\/colgroup>\n        <thead>\n<tr class=\"footable-header\">\n                                        <th scope=\"col\"  class=\"ninja_column_0 ninja_clmn_nm_modelname\">Modellname<\/th><th scope=\"col\"  class=\"ninja_column_1 ninja_clmn_nm_63multiheadsdrawingtwoaxisactivepayoffframeintegratedcontrolsystem\">\u03c6630mm Strander-Ablaufst\u00e4nder<\/th><\/tr>\n<\/thead>\n<tbody>\n\n        <tr data-row_id=\"969\" class=\"ninja_table_row_0 nt_row_id_969\">\n            <td>Einzeldurchmesser<\/td><td>Bereich des Leitungsdurchmessers: 0,05\u20132,00 \u00a9O Radialbereich: 0,07\u20130,50 mm<\/td>        <\/tr>\n            <tr data-row_id=\"970\" class=\"ninja_table_row_1 nt_row_id_970\">\n            <td> Auszahlungsgeschwindigkeit<\/td><td> Maximal 250 m\/min<\/td>        <\/tr>\n            <tr data-row_id=\"971\" class=\"ninja_table_row_2 nt_row_id_971\">\n            <td> Spulengr\u00f6\u00dfe<\/td><td>0D 630* 0uter Breite 475*ID 127*Innenbreite 400mm <\/td>        <\/tr>\n            <tr data-row_id=\"972\" class=\"ninja_table_row_3 nt_row_id_972\">\n            <td>Auszahlungsmethode<\/td><td> Zweiachsige einschichtige aktive Auszahlung mit konstanter Spannung (1,5 kW-6P\/AC-Bremsmotor + Frequenzumwandlungssystem + Synchronriemen)<\/td>        <\/tr>\n            <tr data-row_id=\"973\" class=\"ninja_table_row_4 nt_row_id_973\">\n            <td>Geschwindigkeit angepasst<\/td><td>Der Sensor \u00fcbertr\u00e4gt das Pendelsignal an den Frequenzumrichter, um die Abwickelgeschwindigkeit zu steuern und mit der Hauptmaschine Schritt zu halten.<\/td>        <\/tr>\n            <tr data-row_id=\"974\" class=\"ninja_table_row_5 nt_row_id_974\">\n            <td> Bremsmodus<\/td><td>Die Tellerfeder-Bremsbel\u00e4ge im Inneren des Motors bremsen den Motor<\/td>        <\/tr>\n            <tr data-row_id=\"975\" class=\"ninja_table_row_6 nt_row_id_975\">\n            <td>Spannungskontrolle<\/td><td>Pneumatische Pendelspannung vom Zylindertyp + Pr\u00e4zisionsdruckregler<\/td>        <\/tr>\n            <tr data-row_id=\"976\" class=\"ninja_table_row_7 nt_row_id_976\">\n            <td>Schnelligkeit zahlt sich aus<\/td><td>Die Motorgeschwindigkeit wird durch das R\u00fcckkopplungssignal vom Wegsensor zum Wechselrichter gesteuert<\/td>        <\/tr>\n            <tr data-row_id=\"977\" class=\"ninja_table_row_8 nt_row_id_977\">\n            <td>Anzahl der Auszahlungen<\/td><td>                                                                       7-13 Zeilen<\/td>        <\/tr>\n            <tr data-row_id=\"978\" class=\"ninja_table_row_9 nt_row_id_978\">\n            <td>Elektronisches Steuersystem<\/td><td>                                                           Integriert<\/td>        <\/tr>\n            <tr data-row_id=\"979\" class=\"ninja_table_row_10 nt_row_id_979\">\n            <td> Schutzmodus<\/td><td>                                               Automatische Abschaltung nach Trennung<\/td>        <\/tr>\n            <tr data-row_id=\"980\" class=\"ninja_table_row_11 nt_row_id_980\">\n            <td>Spulenverriegelung<\/td><td>                                                  Gewindespulensicherung, Gewindesicherung<\/td>        <\/tr>\n            <tr data-row_id=\"981\" class=\"ninja_table_row_12 nt_row_id_981\">\n            <td>Spule geladen und entladen<\/td><td> Manuell per hydraulischem Gabelstapler (vom Kunden gestellt)<\/td>        <\/tr>\n            <tr data-row_id=\"982\" class=\"ninja_table_row_13 nt_row_id_982\">\n            <td> Gewicht der Ausr\u00fcstung<\/td><td>                                                                Etwa 600 kg<\/td>        <\/tr>\n            <tr data-row_id=\"983\" class=\"ninja_table_row_14 nt_row_id_983\">\n            <td>\u00c4u\u00dfere Gr\u00f6\u00dfe<\/td><td> L1680*B1420*H1260mm<\/td>        <\/tr>\n    <\/tbody><!--ninja_tobody_rendering_done-->\n    <\/table>\n    \n    \n    \n<\/div>\n<\/p>\n<h5><strong>Produktnutzen: <\/strong><\/h5>\n<p>Mehrlitzen- und Drahtabwickelbetrieb der Verseilmaschine oder Verwendung f\u00fcr Einzeldrahtabwickelung<\/p>\n<h2 style=\"font-style: normal;\" data-source-line=\"14\" data-source-line-display=\"true\">FAQs:<\/h2>\n<p data-source-line=\"16\" data-source-line-display=\"true\"><b>1. Wie stelle ich die Geschwindigkeit ein?<\/b><br>&nbsp;Der Sensor \u00fcbertr\u00e4gt das Pendelsignal an den Frequenzumrichter, um die Abwickelgeschwindigkeit zu steuern und mit der Hauptmaschine Schritt zu halten.<\/p>\n<p style=\"\" data-source-line=\"19\" data-source-line-display=\"true\"><b>2. Wie erfolgt die Auszahlung?<\/b><br>Zweiachsiger einschichtiger aktiver Abwickler mit konstanter Spannung.<\/p>\n<p style=\"\" data-source-line=\"22\" data-source-line-display=\"true\"><b>3.Wie hoch ist die Auszahlungsgeschwindigkeit?<\/b><br>Die Motorgeschwindigkeit wird durch das R\u00fcckkopplungssignal vom Wegsensor zum Wechselrichter gesteuert.<\/p>\n<p><\/p>\t\t\t\t\t\t\t\t<\/div>\n\t\t\t\t<\/div>\n\t\t\t\t\t<\/div>\n\t\t<\/div>\n\t\t\t\t\t<\/div>\n\t\t<\/section>\n\t\t\t\t<\/div>","protected":false},"excerpt":{"rendered":"<p><strong>Merkmale<\/strong><\/p>\n<ol>\n<li>Der Mehrkopf-Abwickelrahmen ist eine St\u00fctzvorrichtung f\u00fcr die Mehrkopf-Drahtziehmaschine.<\/li>\n<li>Bei diesem Abwickelst\u00e4nder handelt es sich um eine Doppelscheiben-Abwickelvorrichtung mit konstanter Spannung und ohne Verdrehung.<\/li>\n<li>Verbesserung der Produktionseffizienz und der Qualifikationsrate des fertigen Produkts.<\/li>\n<li>Die linken und rechten Drahtspulen st\u00f6ren sich nicht gegenseitig und k\u00f6nnen Dr\u00e4hte unabh\u00e4ngig voneinander entladen.<\/li>\n<\/ol>","protected":false},"featured_media":29997,"template":"","meta":{"site-sidebar-layout":"default","site-content-layout":"default","ast-global-header-display":"","ast-banner-title-visibility":"","ast-main-header-display":"","ast-hfb-above-header-display":"","ast-hfb-below-header-display":"","ast-hfb-mobile-header-display":"","site-post-title":"","ast-breadcrumbs-content":"","ast-featured-img":"","footer-sml-layout":"","theme-transparent-header-meta":"default","adv-header-id-meta":"","stick-header-meta":"","header-above-stick-meta":"","header-main-stick-meta":"","header-below-stick-meta":""},"product_brand":[],"product_cat":[48,132],"product_tag":[98],"class_list":{"0":"post-29987","1":"product","2":"type-product","3":"status-publish","4":"has-post-thumbnail","6":"product_cat-wire-payoff-machine","7":"product_cat-shaftless-passive-pay-off-machine","8":"product_tag-strander-pay-off-stand","9":"desktop-align-left","10":"tablet-align-left","11":"mobile-align-left","13":"first","14":"instock","15":"shipping-taxable","16":"product-type-simple"},"yoast_head":"<!-- This site is optimized with the Yoast SEO Premium plugin v20.12 (Yoast SEO v26.0) - https:\/\/yoast.com\/wordpress\/plugins\/seo\/ -->\n<title>\u03c6630mm Strander Pay-off Stand - QiPang<\/title>\n<meta name=\"robots\" content=\"index, follow, max-snippet:-1, max-image-preview:large, max-video-preview:-1\" \/>\n<link rel=\"canonical\" href=\"https:\/\/rollingringdrives.com\/de\/produkt\/\u03c6630mm-stranger-ablaufstander\/\" \/>\n<meta property=\"og:locale\" content=\"de_DE\" \/>\n<meta property=\"og:type\" content=\"article\" \/>\n<meta property=\"og:title\" content=\"\u03c6630mm Strander Pay-off Stand\" \/>\n<meta property=\"og:description\" content=\"Features   The multi-head pay-off frame is a supporting device for the multi-head wire drawing machine.  This pay-off stand is a double-disk pay-off equipment with constant tension and no twisting.  Improvement of production efficiency and finished product qualification rate.  The left and right wire reels do not interfere with each other and can discharge wires independently.\" \/>\n<meta property=\"og:url\" content=\"https:\/\/rollingringdrives.com\/de\/produkt\/\u03c6630mm-stranger-ablaufstander\/\" \/>\n<meta property=\"og:site_name\" content=\"QiPang\" \/>\n<meta property=\"article:modified_time\" content=\"2025-07-07T07:51:28+00:00\" \/>\n<meta property=\"og:image\" content=\"https:\/\/rollingringdrives.com\/wp-content\/uploads\/2023\/10\/9.jpg\" \/>\n\t<meta property=\"og:image:width\" content=\"600\" \/>\n\t<meta property=\"og:image:height\" content=\"600\" \/>\n\t<meta property=\"og:image:type\" content=\"image\/jpeg\" \/>\n<meta name=\"twitter:card\" content=\"summary_large_image\" \/>\n<meta name=\"twitter:label1\" content=\"Gesch\u00e4tzte Lesezeit\" \/>\n\t<meta name=\"twitter:data1\" content=\"1\u00a0Minute\" \/>\n<script type=\"application\/ld+json\" class=\"yoast-schema-graph\">{\"@context\":\"https:\/\/schema.org\",\"@graph\":[{\"@type\":\"WebPage\",\"@id\":\"https:\/\/rollingringdrives.com\/product\/%cf%86630mm-strander-pay-off-stand\/\",\"url\":\"https:\/\/rollingringdrives.com\/product\/%cf%86630mm-strander-pay-off-stand\/\",\"name\":\"\u03c6630mm Strander Pay-off Stand - QiPang\",\"isPartOf\":{\"@id\":\"https:\/\/rollingringdrives.com\/#website\"},\"primaryImageOfPage\":{\"@id\":\"https:\/\/rollingringdrives.com\/product\/%cf%86630mm-strander-pay-off-stand\/#primaryimage\"},\"image\":{\"@id\":\"https:\/\/rollingringdrives.com\/product\/%cf%86630mm-strander-pay-off-stand\/#primaryimage\"},\"thumbnailUrl\":\"https:\/\/rollingringdrives.com\/wp-content\/uploads\/2023\/10\/9.jpg\",\"datePublished\":\"2023-10-13T06:37:47+00:00\",\"dateModified\":\"2025-07-07T07:51:28+00:00\",\"breadcrumb\":{\"@id\":\"https:\/\/rollingringdrives.com\/product\/%cf%86630mm-strander-pay-off-stand\/#breadcrumb\"},\"inLanguage\":\"de\",\"potentialAction\":[{\"@type\":\"ReadAction\",\"target\":[\"https:\/\/rollingringdrives.com\/product\/%cf%86630mm-strander-pay-off-stand\/\"]}]},{\"@type\":\"ImageObject\",\"inLanguage\":\"de\",\"@id\":\"https:\/\/rollingringdrives.com\/product\/%cf%86630mm-strander-pay-off-stand\/#primaryimage\",\"url\":\"https:\/\/rollingringdrives.com\/wp-content\/uploads\/2023\/10\/9.jpg\",\"contentUrl\":\"https:\/\/rollingringdrives.com\/wp-content\/uploads\/2023\/10\/9.jpg\",\"width\":600,\"height\":600,\"caption\":\"Strander pay-off stand\"},{\"@type\":\"BreadcrumbList\",\"@id\":\"https:\/\/rollingringdrives.com\/product\/%cf%86630mm-strander-pay-off-stand\/#breadcrumb\",\"itemListElement\":[{\"@type\":\"ListItem\",\"position\":1,\"name\":\"Home\",\"item\":\"https:\/\/rollingringdrives.com\/\"},{\"@type\":\"ListItem\",\"position\":2,\"name\":\"Machines\",\"item\":\"https:\/\/rollingringdrives.com\/machines\/\"},{\"@type\":\"ListItem\",\"position\":3,\"name\":\"\u03c6630mm Strander Pay-off Stand\"}]},{\"@type\":\"WebSite\",\"@id\":\"https:\/\/rollingringdrives.com\/#website\",\"url\":\"https:\/\/rollingringdrives.com\/\",\"name\":\"QiPang\",\"description\":\"QiPang Blog\",\"publisher\":{\"@id\":\"https:\/\/rollingringdrives.com\/#organization\"},\"potentialAction\":[{\"@type\":\"SearchAction\",\"target\":{\"@type\":\"EntryPoint\",\"urlTemplate\":\"https:\/\/rollingringdrives.com\/?s={search_term_string}\"},\"query-input\":{\"@type\":\"PropertyValueSpecification\",\"valueRequired\":true,\"valueName\":\"search_term_string\"}}],\"inLanguage\":\"de\"},{\"@type\":\"Organization\",\"@id\":\"https:\/\/rollingringdrives.com\/#organization\",\"name\":\"QiPang\",\"url\":\"https:\/\/rollingringdrives.com\/\",\"logo\":{\"@type\":\"ImageObject\",\"inLanguage\":\"de\",\"@id\":\"https:\/\/rollingringdrives.com\/#\/schema\/logo\/image\/\",\"url\":\"https:\/\/rollingringdrives.com\/wp-content\/uploads\/2023\/05\/cropped-\u672a\u547d\u540d\u7684\u8bbe\u8ba1.png\",\"contentUrl\":\"https:\/\/rollingringdrives.com\/wp-content\/uploads\/2023\/05\/cropped-\u672a\u547d\u540d\u7684\u8bbe\u8ba1.png\",\"width\":300,\"height\":191,\"caption\":\"QiPang\"},\"image\":{\"@id\":\"https:\/\/rollingringdrives.com\/#\/schema\/logo\/image\/\"}}]}<\/script>\n<!-- \/ Yoast SEO Premium plugin. -->","yoast_head_json":{"title":"\u03c6630 mm Strander-Abwickelst\u00e4nder \u2013 QiPang","robots":{"index":"index","follow":"follow","max-snippet":"max-snippet:-1","max-image-preview":"max-image-preview:large","max-video-preview":"max-video-preview:-1"},"canonical":"https:\/\/rollingringdrives.com\/de\/produkt\/\u03c6630mm-stranger-ablaufstander\/","og_locale":"de_DE","og_type":"article","og_title":"\u03c6630mm Strander Pay-off Stand","og_description":"Features   The multi-head pay-off frame is a supporting device for the multi-head wire drawing machine.  This pay-off stand is a double-disk pay-off equipment with constant tension and no twisting.  Improvement of production efficiency and finished product qualification rate.  The left and right wire reels do not interfere with each other and can discharge wires independently.","og_url":"https:\/\/rollingringdrives.com\/de\/produkt\/\u03c6630mm-stranger-ablaufstander\/","og_site_name":"QiPang","article_modified_time":"2025-07-07T07:51:28+00:00","og_image":[{"width":600,"height":600,"url":"https:\/\/rollingringdrives.com\/wp-content\/uploads\/2023\/10\/9.jpg","type":"image\/jpeg"}],"twitter_card":"summary_large_image","twitter_misc":{"Gesch\u00e4tzte Lesezeit":"1\u00a0Minute"},"schema":{"@context":"https:\/\/schema.org","@graph":[{"@type":"WebPage","@id":"https:\/\/rollingringdrives.com\/product\/%cf%86630mm-strander-pay-off-stand\/","url":"https:\/\/rollingringdrives.com\/product\/%cf%86630mm-strander-pay-off-stand\/","name":"\u03c6630 mm Strander-Abwickelst\u00e4nder \u2013 QiPang","isPartOf":{"@id":"https:\/\/rollingringdrives.com\/#website"},"primaryImageOfPage":{"@id":"https:\/\/rollingringdrives.com\/product\/%cf%86630mm-strander-pay-off-stand\/#primaryimage"},"image":{"@id":"https:\/\/rollingringdrives.com\/product\/%cf%86630mm-strander-pay-off-stand\/#primaryimage"},"thumbnailUrl":"https:\/\/rollingringdrives.com\/wp-content\/uploads\/2023\/10\/9.jpg","datePublished":"2023-10-13T06:37:47+00:00","dateModified":"2025-07-07T07:51:28+00:00","breadcrumb":{"@id":"https:\/\/rollingringdrives.com\/product\/%cf%86630mm-strander-pay-off-stand\/#breadcrumb"},"inLanguage":"de","potentialAction":[{"@type":"ReadAction","target":["https:\/\/rollingringdrives.com\/product\/%cf%86630mm-strander-pay-off-stand\/"]}]},{"@type":"ImageObject","inLanguage":"de","@id":"https:\/\/rollingringdrives.com\/product\/%cf%86630mm-strander-pay-off-stand\/#primaryimage","url":"https:\/\/rollingringdrives.com\/wp-content\/uploads\/2023\/10\/9.jpg","contentUrl":"https:\/\/rollingringdrives.com\/wp-content\/uploads\/2023\/10\/9.jpg","width":600,"height":600,"caption":"Strander pay-off stand"},{"@type":"BreadcrumbList","@id":"https:\/\/rollingringdrives.com\/product\/%cf%86630mm-strander-pay-off-stand\/#breadcrumb","itemListElement":[{"@type":"ListItem","position":1,"name":"Home","item":"https:\/\/rollingringdrives.com\/"},{"@type":"ListItem","position":2,"name":"Machines","item":"https:\/\/rollingringdrives.com\/machines\/"},{"@type":"ListItem","position":3,"name":"\u03c6630mm Strander Pay-off Stand"}]},{"@type":"WebSite","@id":"https:\/\/rollingringdrives.com\/#website","url":"https:\/\/rollingringdrives.com\/","name":"QiPang","description":"QiPang-Blog","publisher":{"@id":"https:\/\/rollingringdrives.com\/#organization"},"potentialAction":[{"@type":"SearchAction","target":{"@type":"EntryPoint","urlTemplate":"https:\/\/rollingringdrives.com\/?s={search_term_string}"},"query-input":{"@type":"PropertyValueSpecification","valueRequired":true,"valueName":"search_term_string"}}],"inLanguage":"de"},{"@type":"Organization","@id":"https:\/\/rollingringdrives.com\/#organization","name":"QiPang","url":"https:\/\/rollingringdrives.com\/","logo":{"@type":"ImageObject","inLanguage":"de","@id":"https:\/\/rollingringdrives.com\/#\/schema\/logo\/image\/","url":"https:\/\/rollingringdrives.com\/wp-content\/uploads\/2023\/05\/cropped-\u672a\u547d\u540d\u7684\u8bbe\u8ba1.png","contentUrl":"https:\/\/rollingringdrives.com\/wp-content\/uploads\/2023\/05\/cropped-\u672a\u547d\u540d\u7684\u8bbe\u8ba1.png","width":300,"height":191,"caption":"QiPang"},"image":{"@id":"https:\/\/rollingringdrives.com\/#\/schema\/logo\/image\/"}}]}},"_links":{"self":[{"href":"https:\/\/rollingringdrives.com\/de\/wp-json\/wp\/v2\/product\/29987","targetHints":{"allow":["GET"]}}],"collection":[{"href":"https:\/\/rollingringdrives.com\/de\/wp-json\/wp\/v2\/product"}],"about":[{"href":"https:\/\/rollingringdrives.com\/de\/wp-json\/wp\/v2\/types\/product"}],"version-history":[{"count":0,"href":"https:\/\/rollingringdrives.com\/de\/wp-json\/wp\/v2\/product\/29987\/revisions"}],"wp:featuredmedia":[{"embeddable":true,"href":"https:\/\/rollingringdrives.com\/de\/wp-json\/wp\/v2\/media\/29997"}],"wp:attachment":[{"href":"https:\/\/rollingringdrives.com\/de\/wp-json\/wp\/v2\/media?parent=29987"}],"wp:term":[{"taxonomy":"product_brand","embeddable":true,"href":"https:\/\/rollingringdrives.com\/de\/wp-json\/wp\/v2\/product_brand?post=29987"},{"taxonomy":"product_cat","embeddable":true,"href":"https:\/\/rollingringdrives.com\/de\/wp-json\/wp\/v2\/product_cat?post=29987"},{"taxonomy":"product_tag","embeddable":true,"href":"https:\/\/rollingringdrives.com\/de\/wp-json\/wp\/v2\/product_tag?post=29987"}],"curies":[{"name":"wp","href":"https:\/\/api.w.org\/{rel}","templated":true}]}}