{"id":30199,"date":"2023-10-24T10:07:01","date_gmt":"2023-10-24T10:07:01","guid":{"rendered":"https:\/\/rollingringdrives.com\/?post_type=product&#038;p=30199"},"modified":"2023-10-24T10:42:58","modified_gmt":"2023-10-24T10:42:58","slug":"95-alumina-ceramic-guide-pulley","status":"publish","type":"product","link":"https:\/\/rollingringdrives.com\/de\/produkt\/95-aluminiumoxid-keramik-fuhrungsrolle\/","title":{"rendered":"95% Aluminiumoxid-Keramik-F\u00fchrungsrolle"},"content":{"rendered":"<p>Die durch Spr\u00fchgranulierung, isostatisches Pressen und Hochtemperatur-Sinterverfahren hergestellten Hochleistungskeramiken werden als 95% Aluminiumoxidkeramik-F\u00fchrungsrolle bezeichnet. Es zeichnet sich durch hohe H\u00e4rte, Verschlei\u00dffestigkeit und gute Korrosionsbest\u00e4ndigkeit aus. Es kann h\u00e4ufig in Mahlmedien von Kugelm\u00fchlen, Vibrationsm\u00fchlen, Planetenm\u00fchlen und R\u00fchrm\u00fchlen verwendet werden. Die Verschlei\u00dfrate der 95-Aluminiumoxid-Keramik ist gering, kein Schmutzmaterial, lange Lebensdauer, hohe Schleifeffizienz.<\/p>\n<h3><strong>Anwendungen der F\u00fchrungsrolle 95% aus Aluminiumoxidkeramik:<\/strong><\/h3>\n<p>Die Aluminiumoxid-Keramik-F\u00fchrungsrolle 95% kann in der Biokeramik mit \u00fcberlegener Leistung eingesetzt werden, um den t\u00e4glichen und besonderen Leistungsanforderungen gerecht zu werden. Sie wird h\u00e4ufig in Beleuchtungsger\u00e4ten, elektrischen Heizger\u00e4ten, der Petrochemie, im Maschinenbau, in der Textil-, Automobil- und anderen Industriezweigen eingesetzt.<\/p>\n<p><img fetchpriority=\"high\" decoding=\"async\" class=\"alignnone wp-image-30212\" src=\"https:\/\/rollingringdrives.com\/wp-content\/uploads\/2023\/10\/6-1-300x300.jpg\" alt=\"\" width=\"450\" height=\"450\" srcset=\"https:\/\/rollingringdrives.com\/wp-content\/uploads\/2023\/10\/6-1-300x300.jpg 300w, https:\/\/rollingringdrives.com\/wp-content\/uploads\/2023\/10\/6-1-150x150.jpg 150w, https:\/\/rollingringdrives.com\/wp-content\/uploads\/2023\/10\/6-1-768x768.jpg 768w, https:\/\/rollingringdrives.com\/wp-content\/uploads\/2023\/10\/6-1-12x12.jpg 12w, https:\/\/rollingringdrives.com\/wp-content\/uploads\/2023\/10\/6-1-600x600.jpg 600w, https:\/\/rollingringdrives.com\/wp-content\/uploads\/2023\/10\/6-1-100x100.jpg 100w, https:\/\/rollingringdrives.com\/wp-content\/uploads\/2023\/10\/6-1.jpg 800w\" sizes=\"(max-width: 450px) 100vw, 450px\" \/> <img decoding=\"async\" class=\"alignnone wp-image-30210\" src=\"https:\/\/rollingringdrives.com\/wp-content\/uploads\/2023\/10\/H902b1dec171c4149bbcdb598ce27bb86C.jpg_350x350xz-300x300.jpg\" alt=\"\" width=\"450\" height=\"450\" srcset=\"https:\/\/rollingringdrives.com\/wp-content\/uploads\/2023\/10\/H902b1dec171c4149bbcdb598ce27bb86C.jpg_350x350xz-300x300.jpg 300w, https:\/\/rollingringdrives.com\/wp-content\/uploads\/2023\/10\/H902b1dec171c4149bbcdb598ce27bb86C.jpg_350x350xz-150x150.jpg 150w, https:\/\/rollingringdrives.com\/wp-content\/uploads\/2023\/10\/H902b1dec171c4149bbcdb598ce27bb86C.jpg_350x350xz-768x768.jpg 768w, https:\/\/rollingringdrives.com\/wp-content\/uploads\/2023\/10\/H902b1dec171c4149bbcdb598ce27bb86C.jpg_350x350xz-12x12.jpg 12w, https:\/\/rollingringdrives.com\/wp-content\/uploads\/2023\/10\/H902b1dec171c4149bbcdb598ce27bb86C.jpg_350x350xz-600x600.jpg 600w, https:\/\/rollingringdrives.com\/wp-content\/uploads\/2023\/10\/H902b1dec171c4149bbcdb598ce27bb86C.jpg_350x350xz-100x100.jpg 100w, https:\/\/rollingringdrives.com\/wp-content\/uploads\/2023\/10\/H902b1dec171c4149bbcdb598ce27bb86C.jpg_350x350xz.jpg 1000w\" sizes=\"(max-width: 450px) 100vw, 450px\" \/><img decoding=\"async\" class=\"alignnone wp-image-30215\" src=\"https:\/\/rollingringdrives.com\/wp-content\/uploads\/2023\/10\/\u5fae\u4fe1\u56fe\u7247_20231024183757_\u526f\u672c-300x300.png\" alt=\"\" width=\"450\" height=\"450\" srcset=\"https:\/\/rollingringdrives.com\/wp-content\/uploads\/2023\/10\/\u5fae\u4fe1\u56fe\u7247_20231024183757_\u526f\u672c-300x300.png 300w, https:\/\/rollingringdrives.com\/wp-content\/uploads\/2023\/10\/\u5fae\u4fe1\u56fe\u7247_20231024183757_\u526f\u672c-150x150.png 150w, https:\/\/rollingringdrives.com\/wp-content\/uploads\/2023\/10\/\u5fae\u4fe1\u56fe\u7247_20231024183757_\u526f\u672c-12x12.png 12w, https:\/\/rollingringdrives.com\/wp-content\/uploads\/2023\/10\/\u5fae\u4fe1\u56fe\u7247_20231024183757_\u526f\u672c-100x100.png 100w, https:\/\/rollingringdrives.com\/wp-content\/uploads\/2023\/10\/\u5fae\u4fe1\u56fe\u7247_20231024183757_\u526f\u672c.png 600w\" sizes=\"(max-width: 450px) 100vw, 450px\" \/> <img loading=\"lazy\" decoding=\"async\" class=\"alignnone wp-image-30216\" src=\"https:\/\/rollingringdrives.com\/wp-content\/uploads\/2023\/10\/\u5fae\u4fe1\u56fe\u7247_20231024183801_\u526f\u672c-300x300.png\" alt=\"\" width=\"450\" height=\"450\" srcset=\"https:\/\/rollingringdrives.com\/wp-content\/uploads\/2023\/10\/\u5fae\u4fe1\u56fe\u7247_20231024183801_\u526f\u672c-300x300.png 300w, https:\/\/rollingringdrives.com\/wp-content\/uploads\/2023\/10\/\u5fae\u4fe1\u56fe\u7247_20231024183801_\u526f\u672c-150x150.png 150w, https:\/\/rollingringdrives.com\/wp-content\/uploads\/2023\/10\/\u5fae\u4fe1\u56fe\u7247_20231024183801_\u526f\u672c-12x12.png 12w, https:\/\/rollingringdrives.com\/wp-content\/uploads\/2023\/10\/\u5fae\u4fe1\u56fe\u7247_20231024183801_\u526f\u672c-100x100.png 100w, https:\/\/rollingringdrives.com\/wp-content\/uploads\/2023\/10\/\u5fae\u4fe1\u56fe\u7247_20231024183801_\u526f\u672c.png 600w\" sizes=\"(max-width: 450px) 100vw, 450px\" \/><\/p>","protected":false},"excerpt":{"rendered":"<h3>1. Hohe mechanische Festigkeit, verschlei\u00dffest<br \/>\n2. Starke Best\u00e4ndigkeit gegen S\u00e4ure, Alkali und andere chemische Erosion.<br \/>\n3.Gute elektrische Isolationsleistung bei Raumtemperatur und hohen Temperaturen.<br \/>\n4. Geringer mechanischer Festigkeitsverlust bei hoher Temperatur<\/h3>\n<h3>5. Gute Verarbeitung und thermische Stabilit\u00e4t<\/h3>\n<h3>6.Biege- und Druckfestigkeit<\/h3>","protected":false},"featured_media":30201,"template":"","meta":{"site-sidebar-layout":"default","site-content-layout":"default","ast-global-header-display":"","ast-banner-title-visibility":"","ast-main-header-display":"","ast-hfb-above-header-display":"","ast-hfb-below-header-display":"","ast-hfb-mobile-header-display":"","site-post-title":"","ast-breadcrumbs-content":"","ast-featured-img":"","footer-sml-layout":"","theme-transparent-header-meta":"default","adv-header-id-meta":"","stick-header-meta":"","header-above-stick-meta":"","header-main-stick-meta":"","header-below-stick-meta":""},"product_brand":[],"product_cat":[100,111],"product_tag":[],"class_list":{"0":"post-30199","1":"product","2":"type-product","3":"status-publish","4":"has-post-thumbnail","6":"product_cat-spindle-winding-machine","7":"product_cat-porcelain-eye","8":"desktop-align-left","9":"tablet-align-left","10":"mobile-align-left","12":"first","13":"instock","14":"shipping-taxable","15":"product-type-simple"},"yoast_head":"<!-- This site is optimized with the Yoast SEO Premium plugin v20.12 (Yoast SEO v26.0) - https:\/\/yoast.com\/wordpress\/plugins\/seo\/ -->\n<title>95% Alumina Ceramic Guide Pulley - QiPang<\/title>\n<meta name=\"robots\" content=\"index, follow, max-snippet:-1, max-image-preview:large, max-video-preview:-1\" \/>\n<link rel=\"canonical\" href=\"https:\/\/rollingringdrives.com\/de\/produkt\/95-aluminiumoxid-keramik-fuhrungsrolle\/\" \/>\n<meta property=\"og:locale\" content=\"de_DE\" \/>\n<meta property=\"og:type\" content=\"article\" \/>\n<meta property=\"og:title\" content=\"95% Alumina Ceramic Guide Pulley\" \/>\n<meta property=\"og:description\" content=\"1.High mechanical strength, wear-resistant 2.Strong resistance to acid and alkali and other chemical erosion. 3.Good electrical insulation performance at room temperature and high temperature. 4. Low mechanical strength loss at high temperature 5.Good finish and thermal stability 6.Flexural and compressive strength\" \/>\n<meta property=\"og:url\" content=\"https:\/\/rollingringdrives.com\/de\/produkt\/95-aluminiumoxid-keramik-fuhrungsrolle\/\" \/>\n<meta property=\"og:site_name\" content=\"QiPang\" \/>\n<meta property=\"article:modified_time\" content=\"2023-10-24T10:42:58+00:00\" \/>\n<meta property=\"og:image\" content=\"https:\/\/rollingringdrives.com\/wp-content\/uploads\/2023\/10\/\u8be6\u60c5\u98758_\u526f\u672c.jpg\" \/>\n\t<meta property=\"og:image:width\" content=\"1000\" \/>\n\t<meta property=\"og:image:height\" content=\"1000\" \/>\n\t<meta property=\"og:image:type\" content=\"image\/jpeg\" \/>\n<meta name=\"twitter:card\" content=\"summary_large_image\" \/>\n<meta name=\"twitter:label1\" content=\"Gesch\u00e4tzte Lesezeit\" \/>\n\t<meta name=\"twitter:data1\" content=\"2\u00a0Minuten\" \/>\n<script type=\"application\/ld+json\" class=\"yoast-schema-graph\">{\"@context\":\"https:\/\/schema.org\",\"@graph\":[{\"@type\":\"WebPage\",\"@id\":\"https:\/\/rollingringdrives.com\/product\/95-alumina-ceramic-guide-pulley\/\",\"url\":\"https:\/\/rollingringdrives.com\/product\/95-alumina-ceramic-guide-pulley\/\",\"name\":\"95% Alumina Ceramic Guide Pulley - QiPang\",\"isPartOf\":{\"@id\":\"https:\/\/rollingringdrives.com\/#website\"},\"primaryImageOfPage\":{\"@id\":\"https:\/\/rollingringdrives.com\/product\/95-alumina-ceramic-guide-pulley\/#primaryimage\"},\"image\":{\"@id\":\"https:\/\/rollingringdrives.com\/product\/95-alumina-ceramic-guide-pulley\/#primaryimage\"},\"thumbnailUrl\":\"https:\/\/rollingringdrives.com\/wp-content\/uploads\/2023\/10\/\u8be6\u60c5\u98758_\u526f\u672c.jpg\",\"datePublished\":\"2023-10-24T10:07:01+00:00\",\"dateModified\":\"2023-10-24T10:42:58+00:00\",\"breadcrumb\":{\"@id\":\"https:\/\/rollingringdrives.com\/product\/95-alumina-ceramic-guide-pulley\/#breadcrumb\"},\"inLanguage\":\"de\",\"potentialAction\":[{\"@type\":\"ReadAction\",\"target\":[\"https:\/\/rollingringdrives.com\/product\/95-alumina-ceramic-guide-pulley\/\"]}]},{\"@type\":\"ImageObject\",\"inLanguage\":\"de\",\"@id\":\"https:\/\/rollingringdrives.com\/product\/95-alumina-ceramic-guide-pulley\/#primaryimage\",\"url\":\"https:\/\/rollingringdrives.com\/wp-content\/uploads\/2023\/10\/\u8be6\u60c5\u98758_\u526f\u672c.jpg\",\"contentUrl\":\"https:\/\/rollingringdrives.com\/wp-content\/uploads\/2023\/10\/\u8be6\u60c5\u98758_\u526f\u672c.jpg\",\"width\":1000,\"height\":1000},{\"@type\":\"BreadcrumbList\",\"@id\":\"https:\/\/rollingringdrives.com\/product\/95-alumina-ceramic-guide-pulley\/#breadcrumb\",\"itemListElement\":[{\"@type\":\"ListItem\",\"position\":1,\"name\":\"Home\",\"item\":\"https:\/\/rollingringdrives.com\/\"},{\"@type\":\"ListItem\",\"position\":2,\"name\":\"Machines\",\"item\":\"https:\/\/rollingringdrives.com\/machines\/\"},{\"@type\":\"ListItem\",\"position\":3,\"name\":\"95% Alumina Ceramic Guide Pulley\"}]},{\"@type\":\"WebSite\",\"@id\":\"https:\/\/rollingringdrives.com\/#website\",\"url\":\"https:\/\/rollingringdrives.com\/\",\"name\":\"QiPang\",\"description\":\"QiPang Blog\",\"publisher\":{\"@id\":\"https:\/\/rollingringdrives.com\/#organization\"},\"potentialAction\":[{\"@type\":\"SearchAction\",\"target\":{\"@type\":\"EntryPoint\",\"urlTemplate\":\"https:\/\/rollingringdrives.com\/?s={search_term_string}\"},\"query-input\":{\"@type\":\"PropertyValueSpecification\",\"valueRequired\":true,\"valueName\":\"search_term_string\"}}],\"inLanguage\":\"de\"},{\"@type\":\"Organization\",\"@id\":\"https:\/\/rollingringdrives.com\/#organization\",\"name\":\"QiPang\",\"url\":\"https:\/\/rollingringdrives.com\/\",\"logo\":{\"@type\":\"ImageObject\",\"inLanguage\":\"de\",\"@id\":\"https:\/\/rollingringdrives.com\/#\/schema\/logo\/image\/\",\"url\":\"https:\/\/rollingringdrives.com\/wp-content\/uploads\/2023\/05\/cropped-\u672a\u547d\u540d\u7684\u8bbe\u8ba1.png\",\"contentUrl\":\"https:\/\/rollingringdrives.com\/wp-content\/uploads\/2023\/05\/cropped-\u672a\u547d\u540d\u7684\u8bbe\u8ba1.png\",\"width\":300,\"height\":191,\"caption\":\"QiPang\"},\"image\":{\"@id\":\"https:\/\/rollingringdrives.com\/#\/schema\/logo\/image\/\"}}]}<\/script>\n<!-- \/ Yoast SEO Premium plugin. -->","yoast_head_json":{"title":"95% Aluminiumoxid-Keramik-F\u00fchrungsrolle \u2013 QiPang","robots":{"index":"index","follow":"follow","max-snippet":"max-snippet:-1","max-image-preview":"max-image-preview:large","max-video-preview":"max-video-preview:-1"},"canonical":"https:\/\/rollingringdrives.com\/de\/produkt\/95-aluminiumoxid-keramik-fuhrungsrolle\/","og_locale":"de_DE","og_type":"article","og_title":"95% Alumina Ceramic Guide Pulley","og_description":"1.High mechanical strength, wear-resistant 2.Strong resistance to acid and alkali and other chemical erosion. 3.Good electrical insulation performance at room temperature and high temperature. 4. Low mechanical strength loss at high temperature 5.Good finish and thermal stability 6.Flexural and compressive strength","og_url":"https:\/\/rollingringdrives.com\/de\/produkt\/95-aluminiumoxid-keramik-fuhrungsrolle\/","og_site_name":"QiPang","article_modified_time":"2023-10-24T10:42:58+00:00","og_image":[{"width":1000,"height":1000,"url":"https:\/\/rollingringdrives.com\/wp-content\/uploads\/2023\/10\/\u8be6\u60c5\u98758_\u526f\u672c.jpg","type":"image\/jpeg"}],"twitter_card":"summary_large_image","twitter_misc":{"Gesch\u00e4tzte Lesezeit":"2\u00a0Minuten"},"schema":{"@context":"https:\/\/schema.org","@graph":[{"@type":"WebPage","@id":"https:\/\/rollingringdrives.com\/product\/95-alumina-ceramic-guide-pulley\/","url":"https:\/\/rollingringdrives.com\/product\/95-alumina-ceramic-guide-pulley\/","name":"95% Aluminiumoxid-Keramik-F\u00fchrungsrolle \u2013 QiPang","isPartOf":{"@id":"https:\/\/rollingringdrives.com\/#website"},"primaryImageOfPage":{"@id":"https:\/\/rollingringdrives.com\/product\/95-alumina-ceramic-guide-pulley\/#primaryimage"},"image":{"@id":"https:\/\/rollingringdrives.com\/product\/95-alumina-ceramic-guide-pulley\/#primaryimage"},"thumbnailUrl":"https:\/\/rollingringdrives.com\/wp-content\/uploads\/2023\/10\/\u8be6\u60c5\u98758_\u526f\u672c.jpg","datePublished":"2023-10-24T10:07:01+00:00","dateModified":"2023-10-24T10:42:58+00:00","breadcrumb":{"@id":"https:\/\/rollingringdrives.com\/product\/95-alumina-ceramic-guide-pulley\/#breadcrumb"},"inLanguage":"de","potentialAction":[{"@type":"ReadAction","target":["https:\/\/rollingringdrives.com\/product\/95-alumina-ceramic-guide-pulley\/"]}]},{"@type":"ImageObject","inLanguage":"de","@id":"https:\/\/rollingringdrives.com\/product\/95-alumina-ceramic-guide-pulley\/#primaryimage","url":"https:\/\/rollingringdrives.com\/wp-content\/uploads\/2023\/10\/\u8be6\u60c5\u98758_\u526f\u672c.jpg","contentUrl":"https:\/\/rollingringdrives.com\/wp-content\/uploads\/2023\/10\/\u8be6\u60c5\u98758_\u526f\u672c.jpg","width":1000,"height":1000},{"@type":"BreadcrumbList","@id":"https:\/\/rollingringdrives.com\/product\/95-alumina-ceramic-guide-pulley\/#breadcrumb","itemListElement":[{"@type":"ListItem","position":1,"name":"Home","item":"https:\/\/rollingringdrives.com\/"},{"@type":"ListItem","position":2,"name":"Machines","item":"https:\/\/rollingringdrives.com\/machines\/"},{"@type":"ListItem","position":3,"name":"95% Alumina Ceramic Guide Pulley"}]},{"@type":"WebSite","@id":"https:\/\/rollingringdrives.com\/#website","url":"https:\/\/rollingringdrives.com\/","name":"QiPang","description":"QiPang-Blog","publisher":{"@id":"https:\/\/rollingringdrives.com\/#organization"},"potentialAction":[{"@type":"SearchAction","target":{"@type":"EntryPoint","urlTemplate":"https:\/\/rollingringdrives.com\/?s={search_term_string}"},"query-input":{"@type":"PropertyValueSpecification","valueRequired":true,"valueName":"search_term_string"}}],"inLanguage":"de"},{"@type":"Organization","@id":"https:\/\/rollingringdrives.com\/#organization","name":"QiPang","url":"https:\/\/rollingringdrives.com\/","logo":{"@type":"ImageObject","inLanguage":"de","@id":"https:\/\/rollingringdrives.com\/#\/schema\/logo\/image\/","url":"https:\/\/rollingringdrives.com\/wp-content\/uploads\/2023\/05\/cropped-\u672a\u547d\u540d\u7684\u8bbe\u8ba1.png","contentUrl":"https:\/\/rollingringdrives.com\/wp-content\/uploads\/2023\/05\/cropped-\u672a\u547d\u540d\u7684\u8bbe\u8ba1.png","width":300,"height":191,"caption":"QiPang"},"image":{"@id":"https:\/\/rollingringdrives.com\/#\/schema\/logo\/image\/"}}]}},"_links":{"self":[{"href":"https:\/\/rollingringdrives.com\/de\/wp-json\/wp\/v2\/product\/30199","targetHints":{"allow":["GET"]}}],"collection":[{"href":"https:\/\/rollingringdrives.com\/de\/wp-json\/wp\/v2\/product"}],"about":[{"href":"https:\/\/rollingringdrives.com\/de\/wp-json\/wp\/v2\/types\/product"}],"version-history":[{"count":0,"href":"https:\/\/rollingringdrives.com\/de\/wp-json\/wp\/v2\/product\/30199\/revisions"}],"wp:featuredmedia":[{"embeddable":true,"href":"https:\/\/rollingringdrives.com\/de\/wp-json\/wp\/v2\/media\/30201"}],"wp:attachment":[{"href":"https:\/\/rollingringdrives.com\/de\/wp-json\/wp\/v2\/media?parent=30199"}],"wp:term":[{"taxonomy":"product_brand","embeddable":true,"href":"https:\/\/rollingringdrives.com\/de\/wp-json\/wp\/v2\/product_brand?post=30199"},{"taxonomy":"product_cat","embeddable":true,"href":"https:\/\/rollingringdrives.com\/de\/wp-json\/wp\/v2\/product_cat?post=30199"},{"taxonomy":"product_tag","embeddable":true,"href":"https:\/\/rollingringdrives.com\/de\/wp-json\/wp\/v2\/product_tag?post=30199"}],"curies":[{"name":"wp","href":"https:\/\/api.w.org\/{rel}","templated":true}]}}