{"id":30226,"date":"2023-10-24T11:13:22","date_gmt":"2023-10-24T11:13:22","guid":{"rendered":"https:\/\/rollingringdrives.com\/?post_type=product&#038;p=30226"},"modified":"2023-10-25T06:24:39","modified_gmt":"2023-10-25T06:24:39","slug":"titanium-dioxide-ceramic-wire-guide","status":"publish","type":"product","link":"https:\/\/rollingringdrives.com\/de\/produkt\/titandioxid-keramik-drahtfuhrung\/","title":{"rendered":"Drahtf\u00fchrung aus Titandioxid-Keramik"},"content":{"rendered":"<p>Titandioxid-Keramik-Drahtf\u00fchrung, d. h. Zirkonoxid-Titan-Verbundkeramik, haupts\u00e4chlich bestehend aus den beiden Materialien Zirkonoxid und Titanoxid. Unter anderem weist Zirkonoxid die Eigenschaften hoher Festigkeit, hoher H\u00e4rte und hoher Stabilit\u00e4t auf, die zur Herstellung hochfester Keramikprothesen verwendet werden k\u00f6nnen. Titanoxid zeichnet sich durch eine hohe Biokompatibilit\u00e4t und eine gute biologische Anpassungsf\u00e4higkeit aus, wodurch die Biokompatibilit\u00e4t zwischen Prothese und Gewebe verbessert und der Reparatureffekt verbessert werden kann.<\/p>\n<h3>Anwendungen<\/h3>\n<p>Im Hinblick auf die funktionelle Titandioxid-Keramik-Drahtf\u00fchrung wird ihre ausgezeichnete Hochtemperaturbest\u00e4ndigkeit als Induktionsheizrohr, feuerfestes Material und Heizelement verwendet. Titandioxid-Keramik-Drahtf\u00fchrungen haben empfindliche elektrische Eigenschaften und werden haupts\u00e4chlich in Sauerstoffsensoren, Festoxid-Brennstoffzellen und Hochtemperatur-Heizk\u00f6rpern verwendet. Dar\u00fcber hinaus wird Titandioxid-Keramikdrahtf\u00fchrung h\u00e4ufig in den Bereichen W\u00e4rmed\u00e4mmung, Katalysatortr\u00e4ger, Medizin, Gesundheitswesen, Feuerfestmaterial, Textil und anderen Bereichen eingesetzt.<\/p>\n<p>&nbsp;<\/p>\n<p><img fetchpriority=\"high\" decoding=\"async\" class=\"alignnone wp-image-30228\" src=\"https:\/\/rollingringdrives.com\/wp-content\/uploads\/2023\/10\/\u6c27\u5316\u949b\u74f7\u773c\u4e3b\u56fe-2-300x300.jpg\" alt=\"\" width=\"450\" height=\"450\" srcset=\"https:\/\/rollingringdrives.com\/wp-content\/uploads\/2023\/10\/\u6c27\u5316\u949b\u74f7\u773c\u4e3b\u56fe-2-300x300.jpg 300w, https:\/\/rollingringdrives.com\/wp-content\/uploads\/2023\/10\/\u6c27\u5316\u949b\u74f7\u773c\u4e3b\u56fe-2-150x150.jpg 150w, https:\/\/rollingringdrives.com\/wp-content\/uploads\/2023\/10\/\u6c27\u5316\u949b\u74f7\u773c\u4e3b\u56fe-2-12x12.jpg 12w, https:\/\/rollingringdrives.com\/wp-content\/uploads\/2023\/10\/\u6c27\u5316\u949b\u74f7\u773c\u4e3b\u56fe-2-600x600.jpg 600w, https:\/\/rollingringdrives.com\/wp-content\/uploads\/2023\/10\/\u6c27\u5316\u949b\u74f7\u773c\u4e3b\u56fe-2-100x100.jpg 100w, https:\/\/rollingringdrives.com\/wp-content\/uploads\/2023\/10\/\u6c27\u5316\u949b\u74f7\u773c\u4e3b\u56fe-2.jpg 750w\" sizes=\"(max-width: 450px) 100vw, 450px\" \/> <img decoding=\"async\" class=\"alignnone wp-image-30229\" src=\"https:\/\/rollingringdrives.com\/wp-content\/uploads\/2023\/10\/\u6c27\u5316\u949b\u74f7\u773c\u4e3b\u56fe-4-300x300.jpg\" alt=\"\" width=\"450\" height=\"450\" srcset=\"https:\/\/rollingringdrives.com\/wp-content\/uploads\/2023\/10\/\u6c27\u5316\u949b\u74f7\u773c\u4e3b\u56fe-4-300x300.jpg 300w, https:\/\/rollingringdrives.com\/wp-content\/uploads\/2023\/10\/\u6c27\u5316\u949b\u74f7\u773c\u4e3b\u56fe-4-150x150.jpg 150w, https:\/\/rollingringdrives.com\/wp-content\/uploads\/2023\/10\/\u6c27\u5316\u949b\u74f7\u773c\u4e3b\u56fe-4-12x12.jpg 12w, https:\/\/rollingringdrives.com\/wp-content\/uploads\/2023\/10\/\u6c27\u5316\u949b\u74f7\u773c\u4e3b\u56fe-4-600x600.jpg 600w, https:\/\/rollingringdrives.com\/wp-content\/uploads\/2023\/10\/\u6c27\u5316\u949b\u74f7\u773c\u4e3b\u56fe-4-100x100.jpg 100w, https:\/\/rollingringdrives.com\/wp-content\/uploads\/2023\/10\/\u6c27\u5316\u949b\u74f7\u773c\u4e3b\u56fe-4.jpg 750w\" sizes=\"(max-width: 450px) 100vw, 450px\" \/><\/p>","protected":false},"excerpt":{"rendered":"<h4>1. Hohe Festigkeit: hervorragende Haltbarkeit und Verschlei\u00dfschutz, nicht leicht zu tragen und zu brechen.<br \/>\n2. Hohe Biokompatibilit\u00e4t: Titan und Zirkonoxid in Titanporzellanmaterialien weisen eine gute Biokompatibilit\u00e4t mit menschlichem Gewebe auf<br \/>\n3. Starke Plastizit\u00e4t:<br \/>\n4. Nat\u00fcrliche Farbe: Titanporzellan hat eine \u00e4hnliche Farbe und einen \u00e4hnlichen Glanz wie nat\u00fcrliche Z\u00e4hne<br \/>\n5. Sicher und zuverl\u00e4ssig: Die Materialsicherheit von Titanporzellan ist eine hohe, stabile und zuverl\u00e4ssige Zusammensetzung<\/h4>\n<h4>6. Hohe Festigkeit, hohe H\u00e4rte, hohe Stabilit\u00e4t<\/h4>\n<h3>7.antistatisch<\/h3>","protected":false},"featured_media":30230,"template":"","meta":{"site-sidebar-layout":"default","site-content-layout":"default","ast-global-header-display":"","ast-banner-title-visibility":"","ast-main-header-display":"","ast-hfb-above-header-display":"","ast-hfb-below-header-display":"","ast-hfb-mobile-header-display":"","site-post-title":"","ast-breadcrumbs-content":"","ast-featured-img":"","footer-sml-layout":"","theme-transparent-header-meta":"default","adv-header-id-meta":"","stick-header-meta":"","header-above-stick-meta":"","header-main-stick-meta":"","header-below-stick-meta":""},"product_brand":[],"product_cat":[100,111],"product_tag":[],"class_list":{"0":"post-30226","1":"product","2":"type-product","3":"status-publish","4":"has-post-thumbnail","6":"product_cat-spindle-winding-machine","7":"product_cat-porcelain-eye","8":"desktop-align-left","9":"tablet-align-left","10":"mobile-align-left","12":"first","13":"instock","14":"shipping-taxable","15":"product-type-simple"},"yoast_head":"<!-- This site is optimized with the Yoast SEO Premium plugin v20.12 (Yoast SEO v26.0) - https:\/\/yoast.com\/wordpress\/plugins\/seo\/ -->\n<title>Titanium Dioxide Ceramic Wire Guide - QiPang<\/title>\n<meta name=\"robots\" content=\"index, follow, max-snippet:-1, max-image-preview:large, max-video-preview:-1\" \/>\n<link rel=\"canonical\" href=\"https:\/\/rollingringdrives.com\/de\/produkt\/titandioxid-keramik-drahtfuhrung\/\" \/>\n<meta property=\"og:locale\" content=\"de_DE\" \/>\n<meta property=\"og:type\" content=\"article\" \/>\n<meta property=\"og:title\" content=\"Titanium Dioxide Ceramic Wire Guide\" \/>\n<meta property=\"og:description\" content=\"1. High strength: excellent durability and anti-wear, not easy to wear and break. 2. High biocompatibility: titanium and zirconia in titanium porcelain materials have good biocompatibility with human tissues 3. Strong plasticity: 4. Natural color: titanium porcelain has a color and luster similar to natural teeth 5. Safe and reliable: titanium porcelain material safety is high, stable and reliable composition 6. High strength, high hardness, high stability 7.antistatic\" \/>\n<meta property=\"og:url\" content=\"https:\/\/rollingringdrives.com\/de\/produkt\/titandioxid-keramik-drahtfuhrung\/\" \/>\n<meta property=\"og:site_name\" content=\"QiPang\" \/>\n<meta property=\"article:modified_time\" content=\"2023-10-25T06:24:39+00:00\" \/>\n<meta property=\"og:image\" content=\"https:\/\/rollingringdrives.com\/wp-content\/uploads\/2023\/10\/\u6c27\u5316\u949b\u74f7\u773c\u4e3b\u56fe-3_\u526f\u672c.png\" \/>\n\t<meta property=\"og:image:width\" content=\"612\" \/>\n\t<meta property=\"og:image:height\" content=\"612\" \/>\n\t<meta property=\"og:image:type\" content=\"image\/png\" \/>\n<meta name=\"twitter:card\" content=\"summary_large_image\" \/>\n<meta name=\"twitter:label1\" content=\"Gesch\u00e4tzte Lesezeit\" \/>\n\t<meta name=\"twitter:data1\" content=\"2\u00a0Minuten\" \/>\n<script type=\"application\/ld+json\" class=\"yoast-schema-graph\">{\"@context\":\"https:\/\/schema.org\",\"@graph\":[{\"@type\":\"WebPage\",\"@id\":\"https:\/\/rollingringdrives.com\/product\/titanium-dioxide-ceramic-wire-guide\/\",\"url\":\"https:\/\/rollingringdrives.com\/product\/titanium-dioxide-ceramic-wire-guide\/\",\"name\":\"Titanium Dioxide Ceramic Wire Guide - QiPang\",\"isPartOf\":{\"@id\":\"https:\/\/rollingringdrives.com\/#website\"},\"primaryImageOfPage\":{\"@id\":\"https:\/\/rollingringdrives.com\/product\/titanium-dioxide-ceramic-wire-guide\/#primaryimage\"},\"image\":{\"@id\":\"https:\/\/rollingringdrives.com\/product\/titanium-dioxide-ceramic-wire-guide\/#primaryimage\"},\"thumbnailUrl\":\"https:\/\/rollingringdrives.com\/wp-content\/uploads\/2023\/10\/\u6c27\u5316\u949b\u74f7\u773c\u4e3b\u56fe-3_\u526f\u672c.png\",\"datePublished\":\"2023-10-24T11:13:22+00:00\",\"dateModified\":\"2023-10-25T06:24:39+00:00\",\"breadcrumb\":{\"@id\":\"https:\/\/rollingringdrives.com\/product\/titanium-dioxide-ceramic-wire-guide\/#breadcrumb\"},\"inLanguage\":\"de\",\"potentialAction\":[{\"@type\":\"ReadAction\",\"target\":[\"https:\/\/rollingringdrives.com\/product\/titanium-dioxide-ceramic-wire-guide\/\"]}]},{\"@type\":\"ImageObject\",\"inLanguage\":\"de\",\"@id\":\"https:\/\/rollingringdrives.com\/product\/titanium-dioxide-ceramic-wire-guide\/#primaryimage\",\"url\":\"https:\/\/rollingringdrives.com\/wp-content\/uploads\/2023\/10\/\u6c27\u5316\u949b\u74f7\u773c\u4e3b\u56fe-3_\u526f\u672c.png\",\"contentUrl\":\"https:\/\/rollingringdrives.com\/wp-content\/uploads\/2023\/10\/\u6c27\u5316\u949b\u74f7\u773c\u4e3b\u56fe-3_\u526f\u672c.png\",\"width\":612,\"height\":612,\"caption\":\"Titanium Dioxide Ceramic Wire Guide\"},{\"@type\":\"BreadcrumbList\",\"@id\":\"https:\/\/rollingringdrives.com\/product\/titanium-dioxide-ceramic-wire-guide\/#breadcrumb\",\"itemListElement\":[{\"@type\":\"ListItem\",\"position\":1,\"name\":\"Home\",\"item\":\"https:\/\/rollingringdrives.com\/\"},{\"@type\":\"ListItem\",\"position\":2,\"name\":\"Machines\",\"item\":\"https:\/\/rollingringdrives.com\/machines\/\"},{\"@type\":\"ListItem\",\"position\":3,\"name\":\"Titanium Dioxide Ceramic Wire Guide\"}]},{\"@type\":\"WebSite\",\"@id\":\"https:\/\/rollingringdrives.com\/#website\",\"url\":\"https:\/\/rollingringdrives.com\/\",\"name\":\"QiPang\",\"description\":\"QiPang Blog\",\"publisher\":{\"@id\":\"https:\/\/rollingringdrives.com\/#organization\"},\"potentialAction\":[{\"@type\":\"SearchAction\",\"target\":{\"@type\":\"EntryPoint\",\"urlTemplate\":\"https:\/\/rollingringdrives.com\/?s={search_term_string}\"},\"query-input\":{\"@type\":\"PropertyValueSpecification\",\"valueRequired\":true,\"valueName\":\"search_term_string\"}}],\"inLanguage\":\"de\"},{\"@type\":\"Organization\",\"@id\":\"https:\/\/rollingringdrives.com\/#organization\",\"name\":\"QiPang\",\"url\":\"https:\/\/rollingringdrives.com\/\",\"logo\":{\"@type\":\"ImageObject\",\"inLanguage\":\"de\",\"@id\":\"https:\/\/rollingringdrives.com\/#\/schema\/logo\/image\/\",\"url\":\"https:\/\/rollingringdrives.com\/wp-content\/uploads\/2023\/05\/cropped-\u672a\u547d\u540d\u7684\u8bbe\u8ba1.png\",\"contentUrl\":\"https:\/\/rollingringdrives.com\/wp-content\/uploads\/2023\/05\/cropped-\u672a\u547d\u540d\u7684\u8bbe\u8ba1.png\",\"width\":300,\"height\":191,\"caption\":\"QiPang\"},\"image\":{\"@id\":\"https:\/\/rollingringdrives.com\/#\/schema\/logo\/image\/\"}}]}<\/script>\n<!-- \/ Yoast SEO Premium plugin. -->","yoast_head_json":{"title":"Titandioxid-Keramik-Drahtf\u00fchrung \u2013 QiPang","robots":{"index":"index","follow":"follow","max-snippet":"max-snippet:-1","max-image-preview":"max-image-preview:large","max-video-preview":"max-video-preview:-1"},"canonical":"https:\/\/rollingringdrives.com\/de\/produkt\/titandioxid-keramik-drahtfuhrung\/","og_locale":"de_DE","og_type":"article","og_title":"Titanium Dioxide Ceramic Wire Guide","og_description":"1. High strength: excellent durability and anti-wear, not easy to wear and break. 2. High biocompatibility: titanium and zirconia in titanium porcelain materials have good biocompatibility with human tissues 3. Strong plasticity: 4. Natural color: titanium porcelain has a color and luster similar to natural teeth 5. Safe and reliable: titanium porcelain material safety is high, stable and reliable composition 6. High strength, high hardness, high stability 7.antistatic","og_url":"https:\/\/rollingringdrives.com\/de\/produkt\/titandioxid-keramik-drahtfuhrung\/","og_site_name":"QiPang","article_modified_time":"2023-10-25T06:24:39+00:00","og_image":[{"width":612,"height":612,"url":"https:\/\/rollingringdrives.com\/wp-content\/uploads\/2023\/10\/\u6c27\u5316\u949b\u74f7\u773c\u4e3b\u56fe-3_\u526f\u672c.png","type":"image\/png"}],"twitter_card":"summary_large_image","twitter_misc":{"Gesch\u00e4tzte Lesezeit":"2\u00a0Minuten"},"schema":{"@context":"https:\/\/schema.org","@graph":[{"@type":"WebPage","@id":"https:\/\/rollingringdrives.com\/product\/titanium-dioxide-ceramic-wire-guide\/","url":"https:\/\/rollingringdrives.com\/product\/titanium-dioxide-ceramic-wire-guide\/","name":"Titandioxid-Keramik-Drahtf\u00fchrung \u2013 QiPang","isPartOf":{"@id":"https:\/\/rollingringdrives.com\/#website"},"primaryImageOfPage":{"@id":"https:\/\/rollingringdrives.com\/product\/titanium-dioxide-ceramic-wire-guide\/#primaryimage"},"image":{"@id":"https:\/\/rollingringdrives.com\/product\/titanium-dioxide-ceramic-wire-guide\/#primaryimage"},"thumbnailUrl":"https:\/\/rollingringdrives.com\/wp-content\/uploads\/2023\/10\/\u6c27\u5316\u949b\u74f7\u773c\u4e3b\u56fe-3_\u526f\u672c.png","datePublished":"2023-10-24T11:13:22+00:00","dateModified":"2023-10-25T06:24:39+00:00","breadcrumb":{"@id":"https:\/\/rollingringdrives.com\/product\/titanium-dioxide-ceramic-wire-guide\/#breadcrumb"},"inLanguage":"de","potentialAction":[{"@type":"ReadAction","target":["https:\/\/rollingringdrives.com\/product\/titanium-dioxide-ceramic-wire-guide\/"]}]},{"@type":"ImageObject","inLanguage":"de","@id":"https:\/\/rollingringdrives.com\/product\/titanium-dioxide-ceramic-wire-guide\/#primaryimage","url":"https:\/\/rollingringdrives.com\/wp-content\/uploads\/2023\/10\/\u6c27\u5316\u949b\u74f7\u773c\u4e3b\u56fe-3_\u526f\u672c.png","contentUrl":"https:\/\/rollingringdrives.com\/wp-content\/uploads\/2023\/10\/\u6c27\u5316\u949b\u74f7\u773c\u4e3b\u56fe-3_\u526f\u672c.png","width":612,"height":612,"caption":"Titanium Dioxide Ceramic Wire Guide"},{"@type":"BreadcrumbList","@id":"https:\/\/rollingringdrives.com\/product\/titanium-dioxide-ceramic-wire-guide\/#breadcrumb","itemListElement":[{"@type":"ListItem","position":1,"name":"Home","item":"https:\/\/rollingringdrives.com\/"},{"@type":"ListItem","position":2,"name":"Machines","item":"https:\/\/rollingringdrives.com\/machines\/"},{"@type":"ListItem","position":3,"name":"Titanium Dioxide Ceramic Wire Guide"}]},{"@type":"WebSite","@id":"https:\/\/rollingringdrives.com\/#website","url":"https:\/\/rollingringdrives.com\/","name":"QiPang","description":"QiPang-Blog","publisher":{"@id":"https:\/\/rollingringdrives.com\/#organization"},"potentialAction":[{"@type":"SearchAction","target":{"@type":"EntryPoint","urlTemplate":"https:\/\/rollingringdrives.com\/?s={search_term_string}"},"query-input":{"@type":"PropertyValueSpecification","valueRequired":true,"valueName":"search_term_string"}}],"inLanguage":"de"},{"@type":"Organization","@id":"https:\/\/rollingringdrives.com\/#organization","name":"QiPang","url":"https:\/\/rollingringdrives.com\/","logo":{"@type":"ImageObject","inLanguage":"de","@id":"https:\/\/rollingringdrives.com\/#\/schema\/logo\/image\/","url":"https:\/\/rollingringdrives.com\/wp-content\/uploads\/2023\/05\/cropped-\u672a\u547d\u540d\u7684\u8bbe\u8ba1.png","contentUrl":"https:\/\/rollingringdrives.com\/wp-content\/uploads\/2023\/05\/cropped-\u672a\u547d\u540d\u7684\u8bbe\u8ba1.png","width":300,"height":191,"caption":"QiPang"},"image":{"@id":"https:\/\/rollingringdrives.com\/#\/schema\/logo\/image\/"}}]}},"_links":{"self":[{"href":"https:\/\/rollingringdrives.com\/de\/wp-json\/wp\/v2\/product\/30226","targetHints":{"allow":["GET"]}}],"collection":[{"href":"https:\/\/rollingringdrives.com\/de\/wp-json\/wp\/v2\/product"}],"about":[{"href":"https:\/\/rollingringdrives.com\/de\/wp-json\/wp\/v2\/types\/product"}],"version-history":[{"count":0,"href":"https:\/\/rollingringdrives.com\/de\/wp-json\/wp\/v2\/product\/30226\/revisions"}],"wp:featuredmedia":[{"embeddable":true,"href":"https:\/\/rollingringdrives.com\/de\/wp-json\/wp\/v2\/media\/30230"}],"wp:attachment":[{"href":"https:\/\/rollingringdrives.com\/de\/wp-json\/wp\/v2\/media?parent=30226"}],"wp:term":[{"taxonomy":"product_brand","embeddable":true,"href":"https:\/\/rollingringdrives.com\/de\/wp-json\/wp\/v2\/product_brand?post=30226"},{"taxonomy":"product_cat","embeddable":true,"href":"https:\/\/rollingringdrives.com\/de\/wp-json\/wp\/v2\/product_cat?post=30226"},{"taxonomy":"product_tag","embeddable":true,"href":"https:\/\/rollingringdrives.com\/de\/wp-json\/wp\/v2\/product_tag?post=30226"}],"curies":[{"name":"wp","href":"https:\/\/api.w.org\/{rel}","templated":true}]}}