{"id":30444,"date":"2023-11-02T08:31:37","date_gmt":"2023-11-02T08:31:37","guid":{"rendered":"https:\/\/rollingringdrives.com\/?post_type=product&#038;p=30444"},"modified":"2023-11-03T10:11:18","modified_gmt":"2023-11-03T10:11:18","slug":"vertical-soft-winding-machine","status":"publish","type":"product","link":"https:\/\/rollingringdrives.com\/de\/produkt\/vertikale-weichwickelmaschine\/","title":{"rendered":"Vertikale Soft-Wickelmaschine"},"content":{"rendered":"<h3>Anwendung:<\/h3>\n<h5>Geeignet zum Aufwickeln von Garn auf Spulen mit gleichm\u00e4\u00dfiger Dichte und weicher Spule vor dem F\u00e4rben<\/h5>\n<h3><\/h3>\n<h3>Haupteigenschaften<\/h3>\n<ol>\n<li>Vertikaler Wickelweg ohne Wendepunkt, geringe Reibung und weniger Haarigkeit, ausgestattet mit LED-Licht.<\/li>\n<li>Doppelpunkt-Spannungskontrollsystem mit Mikromotoren, gleichm\u00e4\u00dfige Fadenspannung.<\/li>\n<li>Verwendung hochwertiger Legierungstrommeln mit optimierter Rillenform, die die Vorteile guter \u00dcberlappungsschutzeigenschaften, geringes Gewicht, gute Verschlei\u00dffestigkeit und Beseitigung statischer Elektrizit\u00e4t bieten.<\/li>\n<li>\u00a0Einzelwickelmotorsteuerung f\u00fcr jede Spindel mit L\u00e4ngeneinstellung, Einzelspindel-Automatikstopp bei Fadenbruch oder bei voller F\u00fcllung.<\/li>\n<li>Hochgeschwindigkeits-Gatter mit Gasfeder, das den Wickeldruck konstant halten kann. Dieses Gatter ist stabil und zuverl\u00e4ssig.<\/li>\n<li>Die Quervorrichtung f\u00fcr die weiche Kante l\u00e4sst sich sehr einfach einstellen, sodass die Spule f\u00fcr ein gleichm\u00e4\u00dfiges F\u00e4rben geeignet ist.<\/li>\n<\/ol>\n<p>&nbsp;<\/p>\n<div id=\"footable_parent_30446\"\n         class=\"footable_parent ninja_table_wrapper loading_ninja_table wp_table_data_press_parent semantic_ui\">\n                <table data-ninja_table_instance=\"ninja_table_instance_0\" data-footable_id=\"30446\" data-filter-delay=\"1000\" aria-label=\"weiche Wickelmaschine\"            id=\"footable_30446\"\n           data-unique_identifier=\"ninja_table_unique_id_1542078024_30446\"\n           class=\"foo-table ninja_footable foo_table_30446 ninja_table_unique_id_1542078024_30446 ui table  nt_type_legacy_table selectable striped vertical_centered  footable-paging-right ninja_table_pro\">\n                <colgroup>\n                            <col class=\"ninja_column_0\">\n                            <col class=\"ninja_column_1\">\n                    <\/colgroup>\n        <thead>\n<tr class=\"footable-header\">\n                                        <th scope=\"col\"  class=\"ninja_column_0 ninja_clmn_nm_item\">Artikel<\/th><th scope=\"col\"  class=\"ninja_column_1 ninja_clmn_nm_technicalparameters\">Technische Parameter<\/th><\/tr>\n<\/thead>\n<tbody>\n\n        <tr data-row_id=\"1217\" class=\"ninja_table_row_0 nt_row_id_1217\">\n            <td>Mechanische Geschwindigkeit<\/td><td>1200 m\/min (je nach Garnqualit\u00e4t und Garnfeinheit)<\/td>        <\/tr>\n            <tr data-row_id=\"1251\" class=\"ninja_table_row_1 nt_row_id_1251\">\n            <td>M\u00f6glichkeit zur Vermeidung von \u00dcberlappungen<\/td><td>Frequenzumwandlung<\/td>        <\/tr>\n            <tr data-row_id=\"1218\" class=\"ninja_table_row_2 nt_row_id_1218\">\n            <td>Paketspule<\/td><td>0\u00b0, 3\u00b030<\/td>        <\/tr>\n            <tr data-row_id=\"1219\" class=\"ninja_table_row_3 nt_row_id_1219\">\n            <td>Paketdurchmesser<\/td><td>Bis zu \u03c6 290 mm<\/td>        <\/tr>\n            <tr data-row_id=\"1222\" class=\"ninja_table_row_4 nt_row_id_1222\">\n            <td>Paketgewicht<\/td><td>Bis zu 3kg<\/td>        <\/tr>\n            <tr data-row_id=\"1223\" class=\"ninja_table_row_5 nt_row_id_1223\">\n            <td>Garne \/ Anzahl<\/td><td>Baumwolle. Flachs, Wolle, Seide, Chemiefaser \/Ne 6--180<\/td>        <\/tr>\n            <tr data-row_id=\"1224\" class=\"ninja_table_row_6 nt_row_id_1224\">\n            <td>Energieverbrauch<\/td><td>Installierte Leistung: 100 W\/Spindel, Stromverbrauch: 65 W\/Spindel<\/td>        <\/tr>\n            <tr data-row_id=\"1225\" class=\"ninja_table_row_7 nt_row_id_1225\">\n            <td>Automatischer Stopp bei Fadenbruch<\/td><td>Mit elektronischem Fadensensor stoppt die Spindel bei Fadenbruch<\/td>        <\/tr>\n            <tr data-row_id=\"1226\" class=\"ninja_table_row_8 nt_row_id_1226\">\n            <td>Automatische L\u00e4ngenfixierung<\/td><td>Automatische L\u00e4ngenfixierung, max: 999999 m<\/td>        <\/tr>\n            <tr data-row_id=\"1227\" class=\"ninja_table_row_9 nt_row_id_1227\">\n            <td>Langsamer Start<\/td><td>F\u00fcr einen sanften Start und eine bessere Wickelqualit\u00e4t, Unterst\u00fctzung eines individuellen langsamen Starts f\u00fcr jede Spindel (auf Anfrage erh\u00e4ltlich)<\/td>        <\/tr>\n            <tr data-row_id=\"1228\" class=\"ninja_table_row_10 nt_row_id_1228\">\n            <td>Elektronischer Garnreiniger\/Luftsplei\u00dfer\/F\u00f6rderband<\/td><td>Optional<\/td>        <\/tr>\n            <tr data-row_id=\"1248\" class=\"ninja_table_row_11 nt_row_id_1248\">\n            <td>Luftsplei\u00dfger\u00e4t<\/td><td>Optional<\/td>        <\/tr>\n            <tr data-row_id=\"1229\" class=\"ninja_table_row_12 nt_row_id_1229\">\n            <td>Fahrbare Gebl\u00e4se-\/Sunction-Einheit<\/td><td>Optional, Stromverbrauch 1,1 kW<\/td>        <\/tr>\n            <tr data-row_id=\"1232\" class=\"ninja_table_row_13 nt_row_id_1232\">\n            <td>Au\u00dfenma\u00dfe<\/td><td>2180mmxN+380mm<\/td>        <\/tr>\n            <tr data-row_id=\"1249\" class=\"ninja_table_row_14 nt_row_id_1249\">\n            <td>Gewicht jedes Abschnitts<\/td><td>270kg<\/td>        <\/tr>\n            <tr data-row_id=\"1250\" class=\"ninja_table_row_15 nt_row_id_1250\">\n            <td>Stromversorgung<\/td><td>Dreiphasig 380 V + 10%, 50\/60 Hz<\/td>        <\/tr>\n    <\/tbody><!--ninja_tobody_rendering_done-->\n    <\/table>\n    \n    \n    \n<\/div>","protected":false},"excerpt":{"rendered":"<h4>1.Die Schiebe-Shuttle-Schwenkwicklung wird \u00fcbernommen<\/h4>\n<h4>2.Einzelwicklungsmotorsteuerung f\u00fcr jede Spindel,<\/h4>\n<h4>3.elektronische feste L\u00e4nge<\/h4>\n<h4>4.Automatischer Stopp der Einzelspindel bei Fadenbruch oder vollst\u00e4ndiger Bef\u00fcllung.<\/h4>\n<h4>5.Dieses Gatter ist stabil und zuverl\u00e4ssig.<\/h4>","protected":false},"featured_media":30449,"template":"","meta":{"site-sidebar-layout":"default","site-content-layout":"default","ast-global-header-display":"","ast-banner-title-visibility":"","ast-main-header-display":"","ast-hfb-above-header-display":"","ast-hfb-below-header-display":"","ast-hfb-mobile-header-display":"","site-post-title":"","ast-breadcrumbs-content":"","ast-featured-img":"","footer-sml-layout":"","theme-transparent-header-meta":"default","adv-header-id-meta":"","stick-header-meta":"","header-above-stick-meta":"","header-main-stick-meta":"","header-below-stick-meta":""},"product_brand":[],"product_cat":[100,122],"product_tag":[],"class_list":{"0":"post-30444","1":"product","2":"type-product","3":"status-publish","4":"has-post-thumbnail","6":"product_cat-spindle-winding-machine","7":"product_cat-yarn-winding-machine","8":"desktop-align-left","9":"tablet-align-left","10":"mobile-align-left","12":"first","13":"instock","14":"shipping-taxable","15":"product-type-simple"},"yoast_head":"<!-- This site is optimized with the Yoast SEO Premium plugin v20.12 (Yoast SEO v26.0) - https:\/\/yoast.com\/wordpress\/plugins\/seo\/ -->\n<title>Vertical Soft Winding Machine - QiPang<\/title>\n<meta name=\"robots\" content=\"index, follow, max-snippet:-1, max-image-preview:large, max-video-preview:-1\" \/>\n<link rel=\"canonical\" href=\"https:\/\/rollingringdrives.com\/de\/produkt\/vertikale-weichwickelmaschine\/\" \/>\n<meta property=\"og:locale\" content=\"de_DE\" \/>\n<meta property=\"og:type\" content=\"article\" \/>\n<meta property=\"og:title\" content=\"Vertical Soft Winding Machine\" \/>\n<meta property=\"og:description\" content=\"1.The sliding shuttle swing winding is adopted 2.Single winding motor control for each spindle, 3.electronic fixed-length 4.single spindle automatic stop while yarn breaking or fully filled. 5.This creel is stable and reliable.\" \/>\n<meta property=\"og:url\" content=\"https:\/\/rollingringdrives.com\/de\/produkt\/vertikale-weichwickelmaschine\/\" \/>\n<meta property=\"og:site_name\" content=\"QiPang\" \/>\n<meta property=\"article:modified_time\" content=\"2023-11-03T10:11:18+00:00\" \/>\n<meta property=\"og:image\" content=\"https:\/\/rollingringdrives.com\/wp-content\/uploads\/2023\/11\/\u677e\u5f0f\u7edc\u7b52\u673a\u56fe\u7247_\u526f\u672c.png\" \/>\n\t<meta property=\"og:image:width\" content=\"600\" \/>\n\t<meta property=\"og:image:height\" content=\"600\" \/>\n\t<meta property=\"og:image:type\" content=\"image\/png\" \/>\n<meta name=\"twitter:card\" content=\"summary_large_image\" \/>\n<meta name=\"twitter:label1\" content=\"Gesch\u00e4tzte Lesezeit\" \/>\n\t<meta name=\"twitter:data1\" content=\"1\u00a0Minute\" \/>\n<script type=\"application\/ld+json\" class=\"yoast-schema-graph\">{\"@context\":\"https:\/\/schema.org\",\"@graph\":[{\"@type\":\"WebPage\",\"@id\":\"https:\/\/rollingringdrives.com\/product\/vertical-soft-winding-machine\/\",\"url\":\"https:\/\/rollingringdrives.com\/product\/vertical-soft-winding-machine\/\",\"name\":\"Vertical Soft Winding Machine - QiPang\",\"isPartOf\":{\"@id\":\"https:\/\/rollingringdrives.com\/#website\"},\"primaryImageOfPage\":{\"@id\":\"https:\/\/rollingringdrives.com\/product\/vertical-soft-winding-machine\/#primaryimage\"},\"image\":{\"@id\":\"https:\/\/rollingringdrives.com\/product\/vertical-soft-winding-machine\/#primaryimage\"},\"thumbnailUrl\":\"https:\/\/rollingringdrives.com\/wp-content\/uploads\/2023\/11\/\u677e\u5f0f\u7edc\u7b52\u673a\u56fe\u7247_\u526f\u672c.png\",\"datePublished\":\"2023-11-02T08:31:37+00:00\",\"dateModified\":\"2023-11-03T10:11:18+00:00\",\"breadcrumb\":{\"@id\":\"https:\/\/rollingringdrives.com\/product\/vertical-soft-winding-machine\/#breadcrumb\"},\"inLanguage\":\"de\",\"potentialAction\":[{\"@type\":\"ReadAction\",\"target\":[\"https:\/\/rollingringdrives.com\/product\/vertical-soft-winding-machine\/\"]}]},{\"@type\":\"ImageObject\",\"inLanguage\":\"de\",\"@id\":\"https:\/\/rollingringdrives.com\/product\/vertical-soft-winding-machine\/#primaryimage\",\"url\":\"https:\/\/rollingringdrives.com\/wp-content\/uploads\/2023\/11\/\u677e\u5f0f\u7edc\u7b52\u673a\u56fe\u7247_\u526f\u672c.png\",\"contentUrl\":\"https:\/\/rollingringdrives.com\/wp-content\/uploads\/2023\/11\/\u677e\u5f0f\u7edc\u7b52\u673a\u56fe\u7247_\u526f\u672c.png\",\"width\":600,\"height\":600},{\"@type\":\"BreadcrumbList\",\"@id\":\"https:\/\/rollingringdrives.com\/product\/vertical-soft-winding-machine\/#breadcrumb\",\"itemListElement\":[{\"@type\":\"ListItem\",\"position\":1,\"name\":\"Home\",\"item\":\"https:\/\/rollingringdrives.com\/\"},{\"@type\":\"ListItem\",\"position\":2,\"name\":\"Machines\",\"item\":\"https:\/\/rollingringdrives.com\/machines\/\"},{\"@type\":\"ListItem\",\"position\":3,\"name\":\"Vertical Soft Winding Machine\"}]},{\"@type\":\"WebSite\",\"@id\":\"https:\/\/rollingringdrives.com\/#website\",\"url\":\"https:\/\/rollingringdrives.com\/\",\"name\":\"QiPang\",\"description\":\"QiPang Blog\",\"publisher\":{\"@id\":\"https:\/\/rollingringdrives.com\/#organization\"},\"potentialAction\":[{\"@type\":\"SearchAction\",\"target\":{\"@type\":\"EntryPoint\",\"urlTemplate\":\"https:\/\/rollingringdrives.com\/?s={search_term_string}\"},\"query-input\":{\"@type\":\"PropertyValueSpecification\",\"valueRequired\":true,\"valueName\":\"search_term_string\"}}],\"inLanguage\":\"de\"},{\"@type\":\"Organization\",\"@id\":\"https:\/\/rollingringdrives.com\/#organization\",\"name\":\"QiPang\",\"url\":\"https:\/\/rollingringdrives.com\/\",\"logo\":{\"@type\":\"ImageObject\",\"inLanguage\":\"de\",\"@id\":\"https:\/\/rollingringdrives.com\/#\/schema\/logo\/image\/\",\"url\":\"https:\/\/rollingringdrives.com\/wp-content\/uploads\/2023\/05\/cropped-\u672a\u547d\u540d\u7684\u8bbe\u8ba1.png\",\"contentUrl\":\"https:\/\/rollingringdrives.com\/wp-content\/uploads\/2023\/05\/cropped-\u672a\u547d\u540d\u7684\u8bbe\u8ba1.png\",\"width\":300,\"height\":191,\"caption\":\"QiPang\"},\"image\":{\"@id\":\"https:\/\/rollingringdrives.com\/#\/schema\/logo\/image\/\"}}]}<\/script>\n<!-- \/ Yoast SEO Premium plugin. -->","yoast_head_json":{"title":"Vertikale Soft-Wickelmaschine - QiPang","robots":{"index":"index","follow":"follow","max-snippet":"max-snippet:-1","max-image-preview":"max-image-preview:large","max-video-preview":"max-video-preview:-1"},"canonical":"https:\/\/rollingringdrives.com\/de\/produkt\/vertikale-weichwickelmaschine\/","og_locale":"de_DE","og_type":"article","og_title":"Vertical Soft Winding Machine","og_description":"1.The sliding shuttle swing winding is adopted 2.Single winding motor control for each spindle, 3.electronic fixed-length 4.single spindle automatic stop while yarn breaking or fully filled. 5.This creel is stable and reliable.","og_url":"https:\/\/rollingringdrives.com\/de\/produkt\/vertikale-weichwickelmaschine\/","og_site_name":"QiPang","article_modified_time":"2023-11-03T10:11:18+00:00","og_image":[{"width":600,"height":600,"url":"https:\/\/rollingringdrives.com\/wp-content\/uploads\/2023\/11\/\u677e\u5f0f\u7edc\u7b52\u673a\u56fe\u7247_\u526f\u672c.png","type":"image\/png"}],"twitter_card":"summary_large_image","twitter_misc":{"Gesch\u00e4tzte Lesezeit":"1\u00a0Minute"},"schema":{"@context":"https:\/\/schema.org","@graph":[{"@type":"WebPage","@id":"https:\/\/rollingringdrives.com\/product\/vertical-soft-winding-machine\/","url":"https:\/\/rollingringdrives.com\/product\/vertical-soft-winding-machine\/","name":"Vertikale Soft-Wickelmaschine - QiPang","isPartOf":{"@id":"https:\/\/rollingringdrives.com\/#website"},"primaryImageOfPage":{"@id":"https:\/\/rollingringdrives.com\/product\/vertical-soft-winding-machine\/#primaryimage"},"image":{"@id":"https:\/\/rollingringdrives.com\/product\/vertical-soft-winding-machine\/#primaryimage"},"thumbnailUrl":"https:\/\/rollingringdrives.com\/wp-content\/uploads\/2023\/11\/\u677e\u5f0f\u7edc\u7b52\u673a\u56fe\u7247_\u526f\u672c.png","datePublished":"2023-11-02T08:31:37+00:00","dateModified":"2023-11-03T10:11:18+00:00","breadcrumb":{"@id":"https:\/\/rollingringdrives.com\/product\/vertical-soft-winding-machine\/#breadcrumb"},"inLanguage":"de","potentialAction":[{"@type":"ReadAction","target":["https:\/\/rollingringdrives.com\/product\/vertical-soft-winding-machine\/"]}]},{"@type":"ImageObject","inLanguage":"de","@id":"https:\/\/rollingringdrives.com\/product\/vertical-soft-winding-machine\/#primaryimage","url":"https:\/\/rollingringdrives.com\/wp-content\/uploads\/2023\/11\/\u677e\u5f0f\u7edc\u7b52\u673a\u56fe\u7247_\u526f\u672c.png","contentUrl":"https:\/\/rollingringdrives.com\/wp-content\/uploads\/2023\/11\/\u677e\u5f0f\u7edc\u7b52\u673a\u56fe\u7247_\u526f\u672c.png","width":600,"height":600},{"@type":"BreadcrumbList","@id":"https:\/\/rollingringdrives.com\/product\/vertical-soft-winding-machine\/#breadcrumb","itemListElement":[{"@type":"ListItem","position":1,"name":"Home","item":"https:\/\/rollingringdrives.com\/"},{"@type":"ListItem","position":2,"name":"Machines","item":"https:\/\/rollingringdrives.com\/machines\/"},{"@type":"ListItem","position":3,"name":"Vertical Soft Winding Machine"}]},{"@type":"WebSite","@id":"https:\/\/rollingringdrives.com\/#website","url":"https:\/\/rollingringdrives.com\/","name":"QiPang","description":"QiPang-Blog","publisher":{"@id":"https:\/\/rollingringdrives.com\/#organization"},"potentialAction":[{"@type":"SearchAction","target":{"@type":"EntryPoint","urlTemplate":"https:\/\/rollingringdrives.com\/?s={search_term_string}"},"query-input":{"@type":"PropertyValueSpecification","valueRequired":true,"valueName":"search_term_string"}}],"inLanguage":"de"},{"@type":"Organization","@id":"https:\/\/rollingringdrives.com\/#organization","name":"QiPang","url":"https:\/\/rollingringdrives.com\/","logo":{"@type":"ImageObject","inLanguage":"de","@id":"https:\/\/rollingringdrives.com\/#\/schema\/logo\/image\/","url":"https:\/\/rollingringdrives.com\/wp-content\/uploads\/2023\/05\/cropped-\u672a\u547d\u540d\u7684\u8bbe\u8ba1.png","contentUrl":"https:\/\/rollingringdrives.com\/wp-content\/uploads\/2023\/05\/cropped-\u672a\u547d\u540d\u7684\u8bbe\u8ba1.png","width":300,"height":191,"caption":"QiPang"},"image":{"@id":"https:\/\/rollingringdrives.com\/#\/schema\/logo\/image\/"}}]}},"_links":{"self":[{"href":"https:\/\/rollingringdrives.com\/de\/wp-json\/wp\/v2\/product\/30444","targetHints":{"allow":["GET"]}}],"collection":[{"href":"https:\/\/rollingringdrives.com\/de\/wp-json\/wp\/v2\/product"}],"about":[{"href":"https:\/\/rollingringdrives.com\/de\/wp-json\/wp\/v2\/types\/product"}],"version-history":[{"count":0,"href":"https:\/\/rollingringdrives.com\/de\/wp-json\/wp\/v2\/product\/30444\/revisions"}],"wp:featuredmedia":[{"embeddable":true,"href":"https:\/\/rollingringdrives.com\/de\/wp-json\/wp\/v2\/media\/30449"}],"wp:attachment":[{"href":"https:\/\/rollingringdrives.com\/de\/wp-json\/wp\/v2\/media?parent=30444"}],"wp:term":[{"taxonomy":"product_brand","embeddable":true,"href":"https:\/\/rollingringdrives.com\/de\/wp-json\/wp\/v2\/product_brand?post=30444"},{"taxonomy":"product_cat","embeddable":true,"href":"https:\/\/rollingringdrives.com\/de\/wp-json\/wp\/v2\/product_cat?post=30444"},{"taxonomy":"product_tag","embeddable":true,"href":"https:\/\/rollingringdrives.com\/de\/wp-json\/wp\/v2\/product_tag?post=30444"}],"curies":[{"name":"wp","href":"https:\/\/api.w.org\/{rel}","templated":true}]}}