{"id":30550,"date":"2023-11-03T09:06:37","date_gmt":"2023-11-03T09:06:37","guid":{"rendered":"https:\/\/rollingringdrives.com\/?post_type=product&#038;p=30550"},"modified":"2023-11-03T10:10:17","modified_gmt":"2023-11-03T10:10:17","slug":"rewinding-machine-for-chenille-yarns","status":"publish","type":"product","link":"https:\/\/rollingringdrives.com\/de\/produkt\/umspulmaschine-fur-chenillegarne\/","title":{"rendered":"Umspulmaschine f\u00fcr Chenillegarne"},"content":{"rendered":"<h3>Anwendung:<\/h3>\n<h5>Es wird zum Aufwickeln von Chenillegarnen zu gro\u00dfen Paketen von 8 oder 10 Zoll verwendet.<\/h5>\n<p>&nbsp;<\/p>\n<h3>Haupteigenschaften<\/h3>\n<h5>1. Diese Maschine ist mit einem einfachen oder doppelten elektronischen Garnreiniger ausgestattet, der sich besonders f\u00fcr verschiedene Arten von Chenillegarnen eignet.<\/h5>\n<h5>2. Einzelwicklungsmotorsteuerung f\u00fcr jede Spindel, elektronische Festl\u00e4nge, Einzelspindel-Automatikstopp bei Fadenbruch oder vollst\u00e4ndiger F\u00fcllung<\/h5>\n<p>&nbsp;<\/p>\n<div id=\"footable_parent_30558\"\n         class=\"footable_parent ninja_table_wrapper loading_ninja_table wp_table_data_press_parent semantic_ui\">\n                <table data-ninja_table_instance=\"ninja_table_instance_0\" data-footable_id=\"30558\" data-filter-delay=\"1000\" aria-label=\"Umspulmaschine f\u00fcr Chenillegarne\"            id=\"footable_30558\"\n           data-unique_identifier=\"ninja_table_unique_id_814337529_30558\"\n           class=\"foo-table ninja_footable foo_table_30558 ninja_table_unique_id_814337529_30558 ui table  nt_type_legacy_table selectable striped vertical_centered  footable-paging-right ninja_table_pro\">\n                <colgroup>\n                            <col class=\"ninja_column_0\">\n                            <col class=\"ninja_column_1\">\n                    <\/colgroup>\n        <thead>\n<tr class=\"footable-header\">\n                                        <th scope=\"col\"  class=\"ninja_column_0 ninja_clmn_nm_item\">Artikel<\/th><th scope=\"col\"  class=\"ninja_column_1 ninja_clmn_nm_technicalparameters\">Technische Parameter<\/th><\/tr>\n<\/thead>\n<tbody>\n\n        <tr data-row_id=\"1504\" class=\"ninja_table_row_0 nt_row_id_1504\">\n            <td>Mechanische Geschwindigkeit<\/td><td>Bis zu 800 m\/min (abh\u00e4ngig von Garnqualit\u00e4t und -anzahl)<\/td>        <\/tr>\n            <tr data-row_id=\"1535\" class=\"ninja_table_row_1 nt_row_id_1535\">\n            <td>Traversenl\u00e4nge<\/td><td>8 Zoll: 200 mm<\/td>        <\/tr>\n            <tr data-row_id=\"1536\" class=\"ninja_table_row_2 nt_row_id_1536\">\n            <td><\/td><td>10 Zoll: 250 mm<\/td>        <\/tr>\n            <tr data-row_id=\"1505\" class=\"ninja_table_row_3 nt_row_id_1505\">\n            <td>Paketspule<\/td><td>Zylindrisch oder konisch mit 3\u00b030&#039;<\/td>        <\/tr>\n            <tr data-row_id=\"1506\" class=\"ninja_table_row_4 nt_row_id_1506\">\n            <td>Paketdurchmesser<\/td><td>Bis zu \u03c6290 mm<\/td>        <\/tr>\n            <tr data-row_id=\"1507\" class=\"ninja_table_row_5 nt_row_id_1507\">\n            <td>Paketgewicht<\/td><td>Bis zu 10 kg<\/td>        <\/tr>\n            <tr data-row_id=\"1509\" class=\"ninja_table_row_6 nt_row_id_1509\">\n            <td>Energieverbrauch<\/td><td>Installierte Leistung: 100 W\/Spindel f\u00fcr 8-Zoll-Maschine, 180 W\/Spindel f\u00fcr 10-Zoll-Maschine.<\/td>        <\/tr>\n            <tr data-row_id=\"1510\" class=\"ninja_table_row_7 nt_row_id_1510\">\n            <td>Automatischer Stopp bei Fadenbruch<\/td><td>Mit elektronischem Fadensensor stoppt die Spindel bei Fadenbruch<\/td>        <\/tr>\n            <tr data-row_id=\"1511\" class=\"ninja_table_row_8 nt_row_id_1511\">\n            <td>Automatische L\u00e4ngenfixierung<\/td><td>Automatische L\u00e4ngenfixierung, max: 999999 m<\/td>        <\/tr>\n            <tr data-row_id=\"1512\" class=\"ninja_table_row_9 nt_row_id_1512\">\n            <td>Langsamer Start<\/td><td>F\u00fcr einen sanften Start und eine bessere Wickelqualit\u00e4t, Unterst\u00fctzung eines individuellen langsamen Starts f\u00fcr jede Spindel (auf Anfrage erh\u00e4ltlich)<\/td>        <\/tr>\n            <tr data-row_id=\"1513\" class=\"ninja_table_row_10 nt_row_id_1513\">\n            <td>Elektronischer Garnreiniger\/Luftsplei\u00dfer\/F\u00f6rderband<\/td><td>Einzel oder Doppel<\/td>        <\/tr>\n            <tr data-row_id=\"1516\" class=\"ninja_table_row_11 nt_row_id_1516\">\n            <td>Luftsplei\u00dfger\u00e4t<\/td><td>Optional<\/td>        <\/tr>\n            <tr data-row_id=\"1515\" class=\"ninja_table_row_12 nt_row_id_1515\">\n            <td>Au\u00dfenma\u00dfe<\/td><td>6 Zoll mit 6 Spindeln: 2180 mm x 800 mm x 1510 mm<\/td>        <\/tr>\n            <tr data-row_id=\"1519\" class=\"ninja_table_row_13 nt_row_id_1519\">\n            <td><\/td><td>8 Zoll mit 4 Spindeln: 1500 mm x 408 mm x 1510 mm<\/td>        <\/tr>\n            <tr data-row_id=\"1537\" class=\"ninja_table_row_14 nt_row_id_1537\">\n            <td><\/td><td>10 Zoll mit 4 Spindeln: 1700x408mmx1510mm<\/td>        <\/tr>\n            <tr data-row_id=\"1517\" class=\"ninja_table_row_15 nt_row_id_1517\">\n            <td>Gewicht der gesamten Maschine<\/td><td>6 Zoll mit 6 Spindeln: 105 kg<\/td>        <\/tr>\n            <tr data-row_id=\"1520\" class=\"ninja_table_row_16 nt_row_id_1520\">\n            <td><\/td><td>8 Zoll mit 4 Spindeln: 105 kg<\/td>        <\/tr>\n            <tr data-row_id=\"1538\" class=\"ninja_table_row_17 nt_row_id_1538\">\n            <td><\/td><td>10 Zoll mit 4 Spindeln: 115 kg<\/td>        <\/tr>\n            <tr data-row_id=\"1518\" class=\"ninja_table_row_18 nt_row_id_1518\">\n            <td>Stromversorgung<\/td><td>Einphasig 220 V, 50\/60 Hz<\/td>        <\/tr>\n    <\/tbody><!--ninja_tobody_rendering_done-->\n    <\/table>\n    \n    \n    \n<\/div>","protected":false},"excerpt":{"rendered":"<h4><strong>1. Entwurf zur Optimierung der Nutzylinderkurve<br \/>\n2. Anti-Stack<br \/>\n3. Gut formen<br \/>\n4. Hohe Festigkeit und Verschlei\u00dffestigkeit<br \/>\n5. Anti-Trenngarn<br \/>\n6. Beseitigen Sie statische Elektrizit\u00e4t<\/strong><\/h4>","protected":false},"featured_media":30552,"template":"","meta":{"site-sidebar-layout":"default","site-content-layout":"default","ast-global-header-display":"","ast-banner-title-visibility":"","ast-main-header-display":"","ast-hfb-above-header-display":"","ast-hfb-below-header-display":"","ast-hfb-mobile-header-display":"","site-post-title":"","ast-breadcrumbs-content":"","ast-featured-img":"","footer-sml-layout":"","theme-transparent-header-meta":"default","adv-header-id-meta":"","stick-header-meta":"","header-above-stick-meta":"","header-main-stick-meta":"","header-below-stick-meta":""},"product_brand":[],"product_cat":[100,122],"product_tag":[],"class_list":{"0":"post-30550","1":"product","2":"type-product","3":"status-publish","4":"has-post-thumbnail","6":"product_cat-spindle-winding-machine","7":"product_cat-yarn-winding-machine","8":"desktop-align-left","9":"tablet-align-left","10":"mobile-align-left","12":"first","13":"instock","14":"shipping-taxable","15":"product-type-simple"},"yoast_head":"<!-- This site is optimized with the Yoast SEO Premium plugin v20.12 (Yoast SEO v26.0) - https:\/\/yoast.com\/wordpress\/plugins\/seo\/ -->\n<title>Rewinding Machine for Chenille Yarns - QiPang<\/title>\n<meta name=\"robots\" content=\"index, follow, max-snippet:-1, max-image-preview:large, max-video-preview:-1\" \/>\n<link rel=\"canonical\" href=\"https:\/\/rollingringdrives.com\/de\/produkt\/umspulmaschine-fur-chenillegarne\/\" \/>\n<meta property=\"og:locale\" content=\"de_DE\" \/>\n<meta property=\"og:type\" content=\"article\" \/>\n<meta property=\"og:title\" content=\"Rewinding Machine for Chenille Yarns\" \/>\n<meta property=\"og:description\" content=\"1. Groove cylinder curve optimization design 2. Anti-stack 3. Shape well 4. High strength and wear resistance 5. Anti-parting yarn 6. Eliminate static electricity\" \/>\n<meta property=\"og:url\" content=\"https:\/\/rollingringdrives.com\/de\/produkt\/umspulmaschine-fur-chenillegarne\/\" \/>\n<meta property=\"og:site_name\" content=\"QiPang\" \/>\n<meta property=\"article:modified_time\" content=\"2023-11-03T10:10:17+00:00\" \/>\n<meta property=\"og:image\" content=\"https:\/\/rollingringdrives.com\/wp-content\/uploads\/2023\/11\/\u5fae\u4fe1\u56fe\u7247_20231103170315_\u526f\u672c.png\" \/>\n\t<meta property=\"og:image:width\" content=\"600\" \/>\n\t<meta property=\"og:image:height\" content=\"600\" \/>\n\t<meta property=\"og:image:type\" content=\"image\/png\" \/>\n<meta name=\"twitter:card\" content=\"summary_large_image\" \/>\n<meta name=\"twitter:label1\" content=\"Gesch\u00e4tzte Lesezeit\" \/>\n\t<meta name=\"twitter:data1\" content=\"1\u00a0Minute\" \/>\n<script type=\"application\/ld+json\" class=\"yoast-schema-graph\">{\"@context\":\"https:\/\/schema.org\",\"@graph\":[{\"@type\":\"WebPage\",\"@id\":\"https:\/\/rollingringdrives.com\/product\/rewinding-machine-for-chenille-yarns\/\",\"url\":\"https:\/\/rollingringdrives.com\/product\/rewinding-machine-for-chenille-yarns\/\",\"name\":\"Rewinding Machine for Chenille Yarns - QiPang\",\"isPartOf\":{\"@id\":\"https:\/\/rollingringdrives.com\/#website\"},\"primaryImageOfPage\":{\"@id\":\"https:\/\/rollingringdrives.com\/product\/rewinding-machine-for-chenille-yarns\/#primaryimage\"},\"image\":{\"@id\":\"https:\/\/rollingringdrives.com\/product\/rewinding-machine-for-chenille-yarns\/#primaryimage\"},\"thumbnailUrl\":\"https:\/\/rollingringdrives.com\/wp-content\/uploads\/2023\/11\/\u5fae\u4fe1\u56fe\u7247_20231103170315_\u526f\u672c.png\",\"datePublished\":\"2023-11-03T09:06:37+00:00\",\"dateModified\":\"2023-11-03T10:10:17+00:00\",\"breadcrumb\":{\"@id\":\"https:\/\/rollingringdrives.com\/product\/rewinding-machine-for-chenille-yarns\/#breadcrumb\"},\"inLanguage\":\"de\",\"potentialAction\":[{\"@type\":\"ReadAction\",\"target\":[\"https:\/\/rollingringdrives.com\/product\/rewinding-machine-for-chenille-yarns\/\"]}]},{\"@type\":\"ImageObject\",\"inLanguage\":\"de\",\"@id\":\"https:\/\/rollingringdrives.com\/product\/rewinding-machine-for-chenille-yarns\/#primaryimage\",\"url\":\"https:\/\/rollingringdrives.com\/wp-content\/uploads\/2023\/11\/\u5fae\u4fe1\u56fe\u7247_20231103170315_\u526f\u672c.png\",\"contentUrl\":\"https:\/\/rollingringdrives.com\/wp-content\/uploads\/2023\/11\/\u5fae\u4fe1\u56fe\u7247_20231103170315_\u526f\u672c.png\",\"width\":600,\"height\":600,\"caption\":\"Yarn Cone Winder\"},{\"@type\":\"BreadcrumbList\",\"@id\":\"https:\/\/rollingringdrives.com\/product\/rewinding-machine-for-chenille-yarns\/#breadcrumb\",\"itemListElement\":[{\"@type\":\"ListItem\",\"position\":1,\"name\":\"Home\",\"item\":\"https:\/\/rollingringdrives.com\/\"},{\"@type\":\"ListItem\",\"position\":2,\"name\":\"Machines\",\"item\":\"https:\/\/rollingringdrives.com\/machines\/\"},{\"@type\":\"ListItem\",\"position\":3,\"name\":\"Rewinding Machine for Chenille Yarns\"}]},{\"@type\":\"WebSite\",\"@id\":\"https:\/\/rollingringdrives.com\/#website\",\"url\":\"https:\/\/rollingringdrives.com\/\",\"name\":\"QiPang\",\"description\":\"QiPang Blog\",\"publisher\":{\"@id\":\"https:\/\/rollingringdrives.com\/#organization\"},\"potentialAction\":[{\"@type\":\"SearchAction\",\"target\":{\"@type\":\"EntryPoint\",\"urlTemplate\":\"https:\/\/rollingringdrives.com\/?s={search_term_string}\"},\"query-input\":{\"@type\":\"PropertyValueSpecification\",\"valueRequired\":true,\"valueName\":\"search_term_string\"}}],\"inLanguage\":\"de\"},{\"@type\":\"Organization\",\"@id\":\"https:\/\/rollingringdrives.com\/#organization\",\"name\":\"QiPang\",\"url\":\"https:\/\/rollingringdrives.com\/\",\"logo\":{\"@type\":\"ImageObject\",\"inLanguage\":\"de\",\"@id\":\"https:\/\/rollingringdrives.com\/#\/schema\/logo\/image\/\",\"url\":\"https:\/\/rollingringdrives.com\/wp-content\/uploads\/2023\/05\/cropped-\u672a\u547d\u540d\u7684\u8bbe\u8ba1.png\",\"contentUrl\":\"https:\/\/rollingringdrives.com\/wp-content\/uploads\/2023\/05\/cropped-\u672a\u547d\u540d\u7684\u8bbe\u8ba1.png\",\"width\":300,\"height\":191,\"caption\":\"QiPang\"},\"image\":{\"@id\":\"https:\/\/rollingringdrives.com\/#\/schema\/logo\/image\/\"}}]}<\/script>\n<!-- \/ Yoast SEO Premium plugin. -->","yoast_head_json":{"title":"Umspulmaschine f\u00fcr Chenillegarne - QiPang","robots":{"index":"index","follow":"follow","max-snippet":"max-snippet:-1","max-image-preview":"max-image-preview:large","max-video-preview":"max-video-preview:-1"},"canonical":"https:\/\/rollingringdrives.com\/de\/produkt\/umspulmaschine-fur-chenillegarne\/","og_locale":"de_DE","og_type":"article","og_title":"Rewinding Machine for Chenille Yarns","og_description":"1. Groove cylinder curve optimization design 2. Anti-stack 3. Shape well 4. High strength and wear resistance 5. Anti-parting yarn 6. Eliminate static electricity","og_url":"https:\/\/rollingringdrives.com\/de\/produkt\/umspulmaschine-fur-chenillegarne\/","og_site_name":"QiPang","article_modified_time":"2023-11-03T10:10:17+00:00","og_image":[{"width":600,"height":600,"url":"https:\/\/rollingringdrives.com\/wp-content\/uploads\/2023\/11\/\u5fae\u4fe1\u56fe\u7247_20231103170315_\u526f\u672c.png","type":"image\/png"}],"twitter_card":"summary_large_image","twitter_misc":{"Gesch\u00e4tzte Lesezeit":"1\u00a0Minute"},"schema":{"@context":"https:\/\/schema.org","@graph":[{"@type":"WebPage","@id":"https:\/\/rollingringdrives.com\/product\/rewinding-machine-for-chenille-yarns\/","url":"https:\/\/rollingringdrives.com\/product\/rewinding-machine-for-chenille-yarns\/","name":"Umspulmaschine f\u00fcr Chenillegarne - QiPang","isPartOf":{"@id":"https:\/\/rollingringdrives.com\/#website"},"primaryImageOfPage":{"@id":"https:\/\/rollingringdrives.com\/product\/rewinding-machine-for-chenille-yarns\/#primaryimage"},"image":{"@id":"https:\/\/rollingringdrives.com\/product\/rewinding-machine-for-chenille-yarns\/#primaryimage"},"thumbnailUrl":"https:\/\/rollingringdrives.com\/wp-content\/uploads\/2023\/11\/\u5fae\u4fe1\u56fe\u7247_20231103170315_\u526f\u672c.png","datePublished":"2023-11-03T09:06:37+00:00","dateModified":"2023-11-03T10:10:17+00:00","breadcrumb":{"@id":"https:\/\/rollingringdrives.com\/product\/rewinding-machine-for-chenille-yarns\/#breadcrumb"},"inLanguage":"de","potentialAction":[{"@type":"ReadAction","target":["https:\/\/rollingringdrives.com\/product\/rewinding-machine-for-chenille-yarns\/"]}]},{"@type":"ImageObject","inLanguage":"de","@id":"https:\/\/rollingringdrives.com\/product\/rewinding-machine-for-chenille-yarns\/#primaryimage","url":"https:\/\/rollingringdrives.com\/wp-content\/uploads\/2023\/11\/\u5fae\u4fe1\u56fe\u7247_20231103170315_\u526f\u672c.png","contentUrl":"https:\/\/rollingringdrives.com\/wp-content\/uploads\/2023\/11\/\u5fae\u4fe1\u56fe\u7247_20231103170315_\u526f\u672c.png","width":600,"height":600,"caption":"Yarn Cone Winder"},{"@type":"BreadcrumbList","@id":"https:\/\/rollingringdrives.com\/product\/rewinding-machine-for-chenille-yarns\/#breadcrumb","itemListElement":[{"@type":"ListItem","position":1,"name":"Home","item":"https:\/\/rollingringdrives.com\/"},{"@type":"ListItem","position":2,"name":"Machines","item":"https:\/\/rollingringdrives.com\/machines\/"},{"@type":"ListItem","position":3,"name":"Rewinding Machine for Chenille Yarns"}]},{"@type":"WebSite","@id":"https:\/\/rollingringdrives.com\/#website","url":"https:\/\/rollingringdrives.com\/","name":"QiPang","description":"QiPang-Blog","publisher":{"@id":"https:\/\/rollingringdrives.com\/#organization"},"potentialAction":[{"@type":"SearchAction","target":{"@type":"EntryPoint","urlTemplate":"https:\/\/rollingringdrives.com\/?s={search_term_string}"},"query-input":{"@type":"PropertyValueSpecification","valueRequired":true,"valueName":"search_term_string"}}],"inLanguage":"de"},{"@type":"Organization","@id":"https:\/\/rollingringdrives.com\/#organization","name":"QiPang","url":"https:\/\/rollingringdrives.com\/","logo":{"@type":"ImageObject","inLanguage":"de","@id":"https:\/\/rollingringdrives.com\/#\/schema\/logo\/image\/","url":"https:\/\/rollingringdrives.com\/wp-content\/uploads\/2023\/05\/cropped-\u672a\u547d\u540d\u7684\u8bbe\u8ba1.png","contentUrl":"https:\/\/rollingringdrives.com\/wp-content\/uploads\/2023\/05\/cropped-\u672a\u547d\u540d\u7684\u8bbe\u8ba1.png","width":300,"height":191,"caption":"QiPang"},"image":{"@id":"https:\/\/rollingringdrives.com\/#\/schema\/logo\/image\/"}}]}},"_links":{"self":[{"href":"https:\/\/rollingringdrives.com\/de\/wp-json\/wp\/v2\/product\/30550","targetHints":{"allow":["GET"]}}],"collection":[{"href":"https:\/\/rollingringdrives.com\/de\/wp-json\/wp\/v2\/product"}],"about":[{"href":"https:\/\/rollingringdrives.com\/de\/wp-json\/wp\/v2\/types\/product"}],"version-history":[{"count":0,"href":"https:\/\/rollingringdrives.com\/de\/wp-json\/wp\/v2\/product\/30550\/revisions"}],"wp:featuredmedia":[{"embeddable":true,"href":"https:\/\/rollingringdrives.com\/de\/wp-json\/wp\/v2\/media\/30552"}],"wp:attachment":[{"href":"https:\/\/rollingringdrives.com\/de\/wp-json\/wp\/v2\/media?parent=30550"}],"wp:term":[{"taxonomy":"product_brand","embeddable":true,"href":"https:\/\/rollingringdrives.com\/de\/wp-json\/wp\/v2\/product_brand?post=30550"},{"taxonomy":"product_cat","embeddable":true,"href":"https:\/\/rollingringdrives.com\/de\/wp-json\/wp\/v2\/product_cat?post=30550"},{"taxonomy":"product_tag","embeddable":true,"href":"https:\/\/rollingringdrives.com\/de\/wp-json\/wp\/v2\/product_tag?post=30550"}],"curies":[{"name":"wp","href":"https:\/\/api.w.org\/{rel}","templated":true}]}}