{"id":30561,"date":"2023-11-03T09:29:24","date_gmt":"2023-11-03T09:29:24","guid":{"rendered":"https:\/\/rollingringdrives.com\/?post_type=product&#038;p=30561"},"modified":"2023-11-03T10:10:08","modified_gmt":"2023-11-03T10:10:08","slug":"doubling-winding-machine","status":"publish","type":"product","link":"https:\/\/rollingringdrives.com\/de\/produkt\/doppelwickelmaschine\/","title":{"rendered":"Doppelwickelmaschine"},"content":{"rendered":"<h3>Anwendung:<\/h3>\n<h5>Sie dient zum Verdoppeln von 2 bis 12 Garnstr\u00e4ngen auf eine Spule, die f\u00fcr Baumwolle geeignet ist. Leinen, Pelz, Polyester und Mischungen<\/h5>\n<p>&nbsp;<\/p>\n<h3>Haupteigenschaften<\/h3>\n<h5>1. Diese Art von Maschine verf\u00fcgt \u00fcber 4 oder 6 Spindeln auf jeder Seite und ist einfach zu installieren.<\/h5>\n<h5>2. Doppelpunkt-Wachssystem mit Mikromotoren, gleichm\u00e4\u00dfiges und gleichm\u00e4\u00dfiges Wachsen. Die K\u00e4seformung ist besser.<\/h5>\n<h5>3. Verwendung hochwertiger Legierungstrommeln mit optimierter Rillenform, die die Vorteile guter \u00dcberlappungsschutzeigenschaften, geringes Gewicht, gute Verschlei\u00dffestigkeit und Beseitigung statischer Elektrizit\u00e4t bietet.<\/h5>\n<h5>4.Sinale-Wickelmotorsteuerung f\u00fcr jede Spindel, elektronische Festl\u00e4nge und automatischer Stopp der Einzelspindel bei Fadenbruch oder vollst\u00e4ndiger F\u00fcllung.<\/h5>\n<h5>5. Hochgeschwindigkeits-Gatter mit Gasfeder, das den Wickeldruck konstant halten kann. Dieses Gatter ist stabil<br \/>\nund verl\u00e4sslich.<\/h5>\n<p>&nbsp;<\/p>\n<div id=\"footable_parent_30563\"\n         class=\"footable_parent ninja_table_wrapper loading_ninja_table wp_table_data_press_parent semantic_ui\">\n                <table data-ninja_table_instance=\"ninja_table_instance_0\" data-footable_id=\"30563\" data-filter-delay=\"1000\" aria-label=\"Doppelwickelmaschine\"            id=\"footable_30563\"\n           data-unique_identifier=\"ninja_table_unique_id_920401170_30563\"\n           class=\"foo-table ninja_footable foo_table_30563 ninja_table_unique_id_920401170_30563 ui table  nt_type_legacy_table selectable striped vertical_centered  footable-paging-right ninja_table_pro\">\n                <colgroup>\n                            <col class=\"ninja_column_0\">\n                            <col class=\"ninja_column_1\">\n                    <\/colgroup>\n        <thead>\n<tr class=\"footable-header\">\n                                        <th scope=\"col\"  class=\"ninja_column_0 ninja_clmn_nm_item\">Artikel<\/th><th scope=\"col\"  class=\"ninja_column_1 ninja_clmn_nm_technicalparameters\">Technische Parameter<\/th><\/tr>\n<\/thead>\n<tbody>\n\n        <tr data-row_id=\"1539\" class=\"ninja_table_row_0 nt_row_id_1539\">\n            <td>Mechanische Geschwindigkeit<\/td><td>Bis zu 800 m\/min (abh\u00e4ngig von Garnqualit\u00e4t und -anzahl)<\/td>        <\/tr>\n            <tr data-row_id=\"1554\" class=\"ninja_table_row_1 nt_row_id_1554\">\n            <td>Anzahl der Garne<\/td><td>2-12 Garnst\u00e4nder<\/td>        <\/tr>\n            <tr data-row_id=\"1540\" class=\"ninja_table_row_2 nt_row_id_1540\">\n            <td>Paketspule<\/td><td>0\u00b0<\/td>        <\/tr>\n            <tr data-row_id=\"1541\" class=\"ninja_table_row_3 nt_row_id_1541\">\n            <td>Paketdurchmesser<\/td><td>Bis zu \u03c6330 mm<\/td>        <\/tr>\n            <tr data-row_id=\"1542\" class=\"ninja_table_row_4 nt_row_id_1542\">\n            <td>Paketgewicht<\/td><td>Bis zu 10 kg<\/td>        <\/tr>\n            <tr data-row_id=\"1570\" class=\"ninja_table_row_5 nt_row_id_1570\">\n            <td>Garne \/ Anzahl<\/td><td>Baumwolle. Flachs, Wolle, Seide, Chemiefaser \/Ne 6...180<\/td>        <\/tr>\n            <tr data-row_id=\"1543\" class=\"ninja_table_row_6 nt_row_id_1543\">\n            <td>Energieverbrauch<\/td><td>6 Zoll installierte Leistung: 100 W\/Spindel, 10 Zoll installierte Leistung: 150 W\/Spindel<\/td>        <\/tr>\n            <tr data-row_id=\"1571\" class=\"ninja_table_row_7 nt_row_id_1571\">\n            <td>Spannungssystem<\/td><td>Jede Spindel verf\u00fcgt \u00fcber einen Fadenspanner und einen Wachser<\/td>        <\/tr>\n            <tr data-row_id=\"1544\" class=\"ninja_table_row_8 nt_row_id_1544\">\n            <td>Automatischer Stopp bei Fadenbruch<\/td><td>Mit elektronischem Fadensensor stoppt die Spindel bei Fadenbruch<\/td>        <\/tr>\n            <tr data-row_id=\"1545\" class=\"ninja_table_row_9 nt_row_id_1545\">\n            <td>Automatische L\u00e4ngenfixierung<\/td><td>Automatische L\u00e4ngenfixierung, max: 999999 m<\/td>        <\/tr>\n            <tr data-row_id=\"1546\" class=\"ninja_table_row_10 nt_row_id_1546\">\n            <td>Langsamer Start<\/td><td>F\u00fcr einen sanften Start und eine bessere Wickelqualit\u00e4t, Unterst\u00fctzung eines individuellen langsamen Starts f\u00fcr jede Spindel (auf Anfrage erh\u00e4ltlich)<\/td>        <\/tr>\n            <tr data-row_id=\"1547\" class=\"ninja_table_row_11 nt_row_id_1547\">\n            <td>Elektronischer Garnreiniger\/Luftsplei\u00dfer<\/td><td>Optional<\/td>        <\/tr>\n            <tr data-row_id=\"1548\" class=\"ninja_table_row_12 nt_row_id_1548\">\n            <td>Fahrbare Gebl\u00e4se-\/Sonneneinheit<\/td><td>Optional, Stromverbrauch 1,1 kW<\/td>        <\/tr>\n            <tr data-row_id=\"1552\" class=\"ninja_table_row_13 nt_row_id_1552\">\n            <td>Externe Dimension<\/td><td>4 Spindeln: 1270mmx408mmx1550mm<\/td>        <\/tr>\n            <tr data-row_id=\"1556\" class=\"ninja_table_row_14 nt_row_id_1556\">\n            <td><\/td><td>6 Spindeln: 61870 x 408 mm x 1550 mm<\/td>        <\/tr>\n            <tr data-row_id=\"1550\" class=\"ninja_table_row_15 nt_row_id_1550\">\n            <td>Gewicht der Maschine<\/td><td>6 Zoll 4 Spindeln 99 kg<\/td>        <\/tr>\n            <tr data-row_id=\"1553\" class=\"ninja_table_row_16 nt_row_id_1553\">\n            <td><\/td><td>6 Zoll 6 Spindeln 105 kg<\/td>        <\/tr>\n            <tr data-row_id=\"1557\" class=\"ninja_table_row_17 nt_row_id_1557\">\n            <td><\/td><td>8 Zoll 4 Spindeln 105 kg<\/td>        <\/tr>\n            <tr data-row_id=\"1572\" class=\"ninja_table_row_18 nt_row_id_1572\">\n            <td><\/td><td>10 Zoll, 4 Spindeln, 115 kg<\/td>        <\/tr>\n            <tr data-row_id=\"1551\" class=\"ninja_table_row_19 nt_row_id_1551\">\n            <td>Stromversorgung<\/td><td>Einphasig 220 V, 50\/60 Hz<\/td>        <\/tr>\n    <\/tbody><!--ninja_tobody_rendering_done-->\n    <\/table>\n    \n    \n    \n<\/div>\n\n<p>&nbsp;<\/p>","protected":false},"excerpt":{"rendered":"<h4 id=\"1-eael-table-of-content\" class=\"eael-heading-content\">1. Hohe Festigkeit des Rillenzylinders, Verschlei\u00dffestigkeit, Fadentrennungsbest\u00e4ndigkeit<br \/>\n3. Die Leistung der Gasfeder ist stabil und zuverl\u00e4ssig.<br \/>\n4. Beseitigen Sie die Spannung des Garns, damit es nicht zum Kreisen neigt<br \/>\n5. Rundes und volles Garn, h\u00f6herer dreidimensionaler Sinn<br \/>\n6. Verwirklichen Sie nicht sch\u00e4umendes \u00d6l mit fortschrittlichem N\u00e4hgarn<\/h4>","protected":false},"featured_media":30564,"template":"","meta":{"site-sidebar-layout":"default","site-content-layout":"default","ast-global-header-display":"","ast-banner-title-visibility":"","ast-main-header-display":"","ast-hfb-above-header-display":"","ast-hfb-below-header-display":"","ast-hfb-mobile-header-display":"","site-post-title":"","ast-breadcrumbs-content":"","ast-featured-img":"","footer-sml-layout":"","theme-transparent-header-meta":"default","adv-header-id-meta":"","stick-header-meta":"","header-above-stick-meta":"","header-main-stick-meta":"","header-below-stick-meta":""},"product_brand":[],"product_cat":[100,122],"product_tag":[],"class_list":{"0":"post-30561","1":"product","2":"type-product","3":"status-publish","4":"has-post-thumbnail","6":"product_cat-spindle-winding-machine","7":"product_cat-yarn-winding-machine","8":"desktop-align-left","9":"tablet-align-left","10":"mobile-align-left","12":"first","13":"instock","14":"shipping-taxable","15":"product-type-simple"},"yoast_head":"<!-- This site is optimized with the Yoast SEO Premium plugin v20.12 (Yoast SEO v26.0) - https:\/\/yoast.com\/wordpress\/plugins\/seo\/ -->\n<title>Doubling Winding Machine - QiPang<\/title>\n<meta name=\"robots\" content=\"index, follow, max-snippet:-1, max-image-preview:large, max-video-preview:-1\" \/>\n<link rel=\"canonical\" href=\"https:\/\/rollingringdrives.com\/de\/produkt\/doppelwickelmaschine\/\" \/>\n<meta property=\"og:locale\" content=\"de_DE\" \/>\n<meta property=\"og:type\" content=\"article\" \/>\n<meta property=\"og:title\" content=\"Doubling Winding Machine\" \/>\n<meta property=\"og:description\" content=\"1. Groove cylinder high strength, wear resistance, yarn separation\u00a0 \u00a0 \u00a0 resistance 3. Gas spring performance is stable and reliable. 4. Eliminate yarn stress, so that it has no tendency to circle 5. Round and full yarn, higher three-dimensional sense 6. Realize non-foaming oil advanced sewing thread\" \/>\n<meta property=\"og:url\" content=\"https:\/\/rollingringdrives.com\/de\/produkt\/doppelwickelmaschine\/\" \/>\n<meta property=\"og:site_name\" content=\"QiPang\" \/>\n<meta property=\"article:modified_time\" content=\"2023-11-03T10:10:08+00:00\" \/>\n<meta property=\"og:image\" content=\"https:\/\/rollingringdrives.com\/wp-content\/uploads\/2023\/11\/\u5fae\u4fe1\u56fe\u7247_20231103172744_\u526f\u672c.png\" \/>\n\t<meta property=\"og:image:width\" content=\"600\" \/>\n\t<meta property=\"og:image:height\" content=\"600\" \/>\n\t<meta property=\"og:image:type\" content=\"image\/png\" \/>\n<meta name=\"twitter:card\" content=\"summary_large_image\" \/>\n<meta name=\"twitter:label1\" content=\"Gesch\u00e4tzte Lesezeit\" \/>\n\t<meta name=\"twitter:data1\" content=\"1\u00a0Minute\" \/>\n<script type=\"application\/ld+json\" class=\"yoast-schema-graph\">{\"@context\":\"https:\/\/schema.org\",\"@graph\":[{\"@type\":\"WebPage\",\"@id\":\"https:\/\/rollingringdrives.com\/product\/doubling-winding-machine\/\",\"url\":\"https:\/\/rollingringdrives.com\/product\/doubling-winding-machine\/\",\"name\":\"Doubling Winding Machine - QiPang\",\"isPartOf\":{\"@id\":\"https:\/\/rollingringdrives.com\/#website\"},\"primaryImageOfPage\":{\"@id\":\"https:\/\/rollingringdrives.com\/product\/doubling-winding-machine\/#primaryimage\"},\"image\":{\"@id\":\"https:\/\/rollingringdrives.com\/product\/doubling-winding-machine\/#primaryimage\"},\"thumbnailUrl\":\"https:\/\/rollingringdrives.com\/wp-content\/uploads\/2023\/11\/\u5fae\u4fe1\u56fe\u7247_20231103172744_\u526f\u672c.png\",\"datePublished\":\"2023-11-03T09:29:24+00:00\",\"dateModified\":\"2023-11-03T10:10:08+00:00\",\"breadcrumb\":{\"@id\":\"https:\/\/rollingringdrives.com\/product\/doubling-winding-machine\/#breadcrumb\"},\"inLanguage\":\"de\",\"potentialAction\":[{\"@type\":\"ReadAction\",\"target\":[\"https:\/\/rollingringdrives.com\/product\/doubling-winding-machine\/\"]}]},{\"@type\":\"ImageObject\",\"inLanguage\":\"de\",\"@id\":\"https:\/\/rollingringdrives.com\/product\/doubling-winding-machine\/#primaryimage\",\"url\":\"https:\/\/rollingringdrives.com\/wp-content\/uploads\/2023\/11\/\u5fae\u4fe1\u56fe\u7247_20231103172744_\u526f\u672c.png\",\"contentUrl\":\"https:\/\/rollingringdrives.com\/wp-content\/uploads\/2023\/11\/\u5fae\u4fe1\u56fe\u7247_20231103172744_\u526f\u672c.png\",\"width\":600,\"height\":600,\"caption\":\"Yarn Cone Winder\"},{\"@type\":\"BreadcrumbList\",\"@id\":\"https:\/\/rollingringdrives.com\/product\/doubling-winding-machine\/#breadcrumb\",\"itemListElement\":[{\"@type\":\"ListItem\",\"position\":1,\"name\":\"Home\",\"item\":\"https:\/\/rollingringdrives.com\/\"},{\"@type\":\"ListItem\",\"position\":2,\"name\":\"Machines\",\"item\":\"https:\/\/rollingringdrives.com\/machines\/\"},{\"@type\":\"ListItem\",\"position\":3,\"name\":\"Doubling Winding Machine\"}]},{\"@type\":\"WebSite\",\"@id\":\"https:\/\/rollingringdrives.com\/#website\",\"url\":\"https:\/\/rollingringdrives.com\/\",\"name\":\"QiPang\",\"description\":\"QiPang Blog\",\"publisher\":{\"@id\":\"https:\/\/rollingringdrives.com\/#organization\"},\"potentialAction\":[{\"@type\":\"SearchAction\",\"target\":{\"@type\":\"EntryPoint\",\"urlTemplate\":\"https:\/\/rollingringdrives.com\/?s={search_term_string}\"},\"query-input\":{\"@type\":\"PropertyValueSpecification\",\"valueRequired\":true,\"valueName\":\"search_term_string\"}}],\"inLanguage\":\"de\"},{\"@type\":\"Organization\",\"@id\":\"https:\/\/rollingringdrives.com\/#organization\",\"name\":\"QiPang\",\"url\":\"https:\/\/rollingringdrives.com\/\",\"logo\":{\"@type\":\"ImageObject\",\"inLanguage\":\"de\",\"@id\":\"https:\/\/rollingringdrives.com\/#\/schema\/logo\/image\/\",\"url\":\"https:\/\/rollingringdrives.com\/wp-content\/uploads\/2023\/05\/cropped-\u672a\u547d\u540d\u7684\u8bbe\u8ba1.png\",\"contentUrl\":\"https:\/\/rollingringdrives.com\/wp-content\/uploads\/2023\/05\/cropped-\u672a\u547d\u540d\u7684\u8bbe\u8ba1.png\",\"width\":300,\"height\":191,\"caption\":\"QiPang\"},\"image\":{\"@id\":\"https:\/\/rollingringdrives.com\/#\/schema\/logo\/image\/\"}}]}<\/script>\n<!-- \/ Yoast SEO Premium plugin. -->","yoast_head_json":{"title":"Doppelwickelmaschine - QiPang","robots":{"index":"index","follow":"follow","max-snippet":"max-snippet:-1","max-image-preview":"max-image-preview:large","max-video-preview":"max-video-preview:-1"},"canonical":"https:\/\/rollingringdrives.com\/de\/produkt\/doppelwickelmaschine\/","og_locale":"de_DE","og_type":"article","og_title":"Doubling Winding Machine","og_description":"1. Groove cylinder high strength, wear resistance, yarn separation\u00a0 \u00a0 \u00a0 resistance 3. Gas spring performance is stable and reliable. 4. Eliminate yarn stress, so that it has no tendency to circle 5. Round and full yarn, higher three-dimensional sense 6. Realize non-foaming oil advanced sewing thread","og_url":"https:\/\/rollingringdrives.com\/de\/produkt\/doppelwickelmaschine\/","og_site_name":"QiPang","article_modified_time":"2023-11-03T10:10:08+00:00","og_image":[{"width":600,"height":600,"url":"https:\/\/rollingringdrives.com\/wp-content\/uploads\/2023\/11\/\u5fae\u4fe1\u56fe\u7247_20231103172744_\u526f\u672c.png","type":"image\/png"}],"twitter_card":"summary_large_image","twitter_misc":{"Gesch\u00e4tzte Lesezeit":"1\u00a0Minute"},"schema":{"@context":"https:\/\/schema.org","@graph":[{"@type":"WebPage","@id":"https:\/\/rollingringdrives.com\/product\/doubling-winding-machine\/","url":"https:\/\/rollingringdrives.com\/product\/doubling-winding-machine\/","name":"Doppelwickelmaschine - QiPang","isPartOf":{"@id":"https:\/\/rollingringdrives.com\/#website"},"primaryImageOfPage":{"@id":"https:\/\/rollingringdrives.com\/product\/doubling-winding-machine\/#primaryimage"},"image":{"@id":"https:\/\/rollingringdrives.com\/product\/doubling-winding-machine\/#primaryimage"},"thumbnailUrl":"https:\/\/rollingringdrives.com\/wp-content\/uploads\/2023\/11\/\u5fae\u4fe1\u56fe\u7247_20231103172744_\u526f\u672c.png","datePublished":"2023-11-03T09:29:24+00:00","dateModified":"2023-11-03T10:10:08+00:00","breadcrumb":{"@id":"https:\/\/rollingringdrives.com\/product\/doubling-winding-machine\/#breadcrumb"},"inLanguage":"de","potentialAction":[{"@type":"ReadAction","target":["https:\/\/rollingringdrives.com\/product\/doubling-winding-machine\/"]}]},{"@type":"ImageObject","inLanguage":"de","@id":"https:\/\/rollingringdrives.com\/product\/doubling-winding-machine\/#primaryimage","url":"https:\/\/rollingringdrives.com\/wp-content\/uploads\/2023\/11\/\u5fae\u4fe1\u56fe\u7247_20231103172744_\u526f\u672c.png","contentUrl":"https:\/\/rollingringdrives.com\/wp-content\/uploads\/2023\/11\/\u5fae\u4fe1\u56fe\u7247_20231103172744_\u526f\u672c.png","width":600,"height":600,"caption":"Yarn Cone Winder"},{"@type":"BreadcrumbList","@id":"https:\/\/rollingringdrives.com\/product\/doubling-winding-machine\/#breadcrumb","itemListElement":[{"@type":"ListItem","position":1,"name":"Home","item":"https:\/\/rollingringdrives.com\/"},{"@type":"ListItem","position":2,"name":"Machines","item":"https:\/\/rollingringdrives.com\/machines\/"},{"@type":"ListItem","position":3,"name":"Doubling Winding Machine"}]},{"@type":"WebSite","@id":"https:\/\/rollingringdrives.com\/#website","url":"https:\/\/rollingringdrives.com\/","name":"QiPang","description":"QiPang-Blog","publisher":{"@id":"https:\/\/rollingringdrives.com\/#organization"},"potentialAction":[{"@type":"SearchAction","target":{"@type":"EntryPoint","urlTemplate":"https:\/\/rollingringdrives.com\/?s={search_term_string}"},"query-input":{"@type":"PropertyValueSpecification","valueRequired":true,"valueName":"search_term_string"}}],"inLanguage":"de"},{"@type":"Organization","@id":"https:\/\/rollingringdrives.com\/#organization","name":"QiPang","url":"https:\/\/rollingringdrives.com\/","logo":{"@type":"ImageObject","inLanguage":"de","@id":"https:\/\/rollingringdrives.com\/#\/schema\/logo\/image\/","url":"https:\/\/rollingringdrives.com\/wp-content\/uploads\/2023\/05\/cropped-\u672a\u547d\u540d\u7684\u8bbe\u8ba1.png","contentUrl":"https:\/\/rollingringdrives.com\/wp-content\/uploads\/2023\/05\/cropped-\u672a\u547d\u540d\u7684\u8bbe\u8ba1.png","width":300,"height":191,"caption":"QiPang"},"image":{"@id":"https:\/\/rollingringdrives.com\/#\/schema\/logo\/image\/"}}]}},"_links":{"self":[{"href":"https:\/\/rollingringdrives.com\/de\/wp-json\/wp\/v2\/product\/30561","targetHints":{"allow":["GET"]}}],"collection":[{"href":"https:\/\/rollingringdrives.com\/de\/wp-json\/wp\/v2\/product"}],"about":[{"href":"https:\/\/rollingringdrives.com\/de\/wp-json\/wp\/v2\/types\/product"}],"version-history":[{"count":0,"href":"https:\/\/rollingringdrives.com\/de\/wp-json\/wp\/v2\/product\/30561\/revisions"}],"wp:featuredmedia":[{"embeddable":true,"href":"https:\/\/rollingringdrives.com\/de\/wp-json\/wp\/v2\/media\/30564"}],"wp:attachment":[{"href":"https:\/\/rollingringdrives.com\/de\/wp-json\/wp\/v2\/media?parent=30561"}],"wp:term":[{"taxonomy":"product_brand","embeddable":true,"href":"https:\/\/rollingringdrives.com\/de\/wp-json\/wp\/v2\/product_brand?post=30561"},{"taxonomy":"product_cat","embeddable":true,"href":"https:\/\/rollingringdrives.com\/de\/wp-json\/wp\/v2\/product_cat?post=30561"},{"taxonomy":"product_tag","embeddable":true,"href":"https:\/\/rollingringdrives.com\/de\/wp-json\/wp\/v2\/product_tag?post=30561"}],"curies":[{"name":"wp","href":"https:\/\/api.w.org\/{rel}","templated":true}]}}