{"id":30888,"date":"2024-01-04T03:34:04","date_gmt":"2024-01-04T03:34:04","guid":{"rendered":"https:\/\/rollingringdrives.com\/?post_type=product&#038;p=30888"},"modified":"2024-01-04T03:34:05","modified_gmt":"2024-01-04T03:34:05","slug":"traverse-cable-winder-product-gp40c-rolling-ring-traverse-drive","status":"publish","type":"product","link":"https:\/\/rollingringdrives.com\/de\/produkt\/traversenkabelwickler-produkt-gp40c-rollring-traversenantrieb\/","title":{"rendered":"Traverse-Kabelwickler Produkt Gp40C Rollring-Traverse-Antrieb"},"content":{"rendered":"<p>C-Serie: Rollringantriebe Die Typ C-Serie verf\u00fcgt lediglich \u00fcber einen Rollring-Linearantrieb mit Zubeh\u00f6r wie Welle, F\u00fchrungsrolle, Lagerblock, St\u00fctzstange usw., die je nach Wellendurchmesser in acht Typen unterteilt sind.<\/p>\n<div id=\"footable_parent_30887\"\n         class=\"footable_parent ninja_table_wrapper loading_ninja_table wp_table_data_press_parent semantic_ui\">\n                <table data-ninja_table_instance=\"ninja_table_instance_0\" data-footable_id=\"30887\" data-filter-delay=\"1000\" aria-label=\"\u5de5\u4f5c\u7c3f1.csv\"            id=\"footable_30887\"\n           data-unique_identifier=\"ninja_table_unique_id_2087721830_30887\"\n           class=\"foo-table ninja_footable foo_table_30887 ninja_table_unique_id_2087721830_30887 ui table  nt_type_legacy_table selectable striped vertical_centered  footable-paging-right ninja_table_pro\">\n                <colgroup>\n                            <col class=\"ninja_column_0\">\n                            <col class=\"ninja_column_1\">\n                    <\/colgroup>\n        <thead>\n<tr class=\"footable-header\">\n                                        <th scope=\"col\"  class=\"ninja_column_0 ninja_clmn_nm_specification\">Spezifikation<\/th><th scope=\"col\"  class=\"ninja_column_1 ninja_clmn_nm_value\">Wert<\/th><\/tr>\n<\/thead>\n<tbody>\n\n        <tr data-row_id=\"1635\" class=\"ninja_table_row_0 nt_row_id_1635\">\n            <td>Anzahl der Rollringe<\/td><td>3<\/td>        <\/tr>\n            <tr data-row_id=\"1636\" class=\"ninja_table_row_1 nt_row_id_1636\">\n            <td>Maximaler Seitenschub<\/td><td>42 kg<\/td>        <\/tr>\n            <tr data-row_id=\"1637\" class=\"ninja_table_row_2 nt_row_id_1637\">\n            <td>Maximale Tonh\u00f6he<\/td><td>31 mm<\/td>        <\/tr>\n            <tr data-row_id=\"1638\" class=\"ninja_table_row_3 nt_row_id_1638\">\n            <td>Maximale Wellengeschwindigkeit<\/td><td>750 U\/min<\/td>        <\/tr>\n            <tr data-row_id=\"1639\" class=\"ninja_table_row_4 nt_row_id_1639\">\n            <td>Maximale lineare Geschwindigkeit<\/td><td>23,25 Meter\/Minute<\/td>        <\/tr>\n    <\/tbody><!--ninja_tobody_rendering_done-->\n    <\/table>\n    \n    \n    \n<\/div>\n\n<p><strong>Anwendung<\/strong><\/p>\n<p>Dieser Rollringantrieb mit Traverseneinheit ist ideal f\u00fcr verschiedene Anwendungen wie Indexieren, Schneiden, Etikettieren, Wickeln und Positionieren. Es kann auch in anderen komplexen Fertigungssystemen eingesetzt werden, die effiziente, leistungsstarke lineare oder rotierende Bewegungen erfordern. Dieses Produkt kann in medizinischen Ger\u00e4ten, der Lebensmittelverarbeitung, Verpackung und Automatisierung eingesetzt werden.<\/p>","protected":false},"excerpt":{"rendered":"<p>C-Serie: Rollringantriebe Die Typ C-Serie verf\u00fcgt lediglich \u00fcber einen Rollring-Linearantrieb mit Zubeh\u00f6r wie Welle, F\u00fchrungsrolle, Lagerblock, St\u00fctzstange usw., die je nach Wellendurchmesser in acht Typen unterteilt sind. Anwendung Dieser Rollringantrieb der Traverseneinheit ist ideal f\u00fcr verschiedene Anwendungen wie \u2026<\/p>\n<p class=\"read-more\"> <a class=\"\" href=\"https:\/\/rollingringdrives.com\/de\/produkt\/traversenkabelwickler-produkt-gp40c-rollring-traversenantrieb\/\"> <span class=\"screen-reader-text\">Traverse-Kabelwickler Produkt Gp40C Rollring-Traverse-Antrieb<\/span> Weiterlesen \u00bb<\/a><\/p>","protected":false},"featured_media":30893,"template":"","meta":{"site-sidebar-layout":"default","site-content-layout":"default","ast-global-header-display":"","ast-banner-title-visibility":"","ast-main-header-display":"","ast-hfb-above-header-display":"","ast-hfb-below-header-display":"","ast-hfb-mobile-header-display":"","site-post-title":"","ast-breadcrumbs-content":"","ast-featured-img":"","footer-sml-layout":"","theme-transparent-header-meta":"default","adv-header-id-meta":"","stick-header-meta":"","header-above-stick-meta":"","header-main-stick-meta":"","header-below-stick-meta":""},"product_brand":[],"product_cat":[37],"product_tag":[],"class_list":{"0":"post-30888","1":"product","2":"type-product","3":"status-publish","4":"has-post-thumbnail","6":"product_cat-c-type","7":"desktop-align-left","8":"tablet-align-left","9":"mobile-align-left","11":"first","12":"instock","13":"shipping-taxable","14":"product-type-simple"},"yoast_head":"<!-- This site is optimized with the Yoast SEO Premium plugin v20.12 (Yoast SEO v26.0) - https:\/\/yoast.com\/wordpress\/plugins\/seo\/ -->\n<title>Traverse Cable Winder Product Gp40C Rolling Ring Traverse Drive - QiPang<\/title>\n<meta name=\"description\" content=\"1.Three Rolling Rings for enhanced performance. 2.Maximum Side Thrust of 42 Kg for smooth operation. 3.Maximum Pitch of 31 mm for Linear movement. 4.Maximum Shaft Speed of 750 RPM for faster operation. 5.Maximum Linear Speed of 23.25 Meters \/ Minute for efficiency. 6.Lightweight yet robust design for easy integration. %\" \/>\n<meta name=\"robots\" content=\"index, follow, max-snippet:-1, max-image-preview:large, max-video-preview:-1\" \/>\n<link rel=\"canonical\" href=\"https:\/\/rollingringdrives.com\/de\/produkt\/traversenkabelwickler-produkt-gp40c-rollring-traversenantrieb\/\" \/>\n<meta property=\"og:locale\" content=\"de_DE\" \/>\n<meta property=\"og:type\" content=\"article\" \/>\n<meta property=\"og:title\" content=\"Traverse Cable Winder Product Gp40C Rolling Ring Traverse Drive\" \/>\n<meta property=\"og:description\" content=\"1.Three Rolling Rings for enhanced performance. 2.Maximum Side Thrust of 42 Kg for smooth operation. 3.Maximum Pitch of 31 mm for Linear movement. 4.Maximum Shaft Speed of 750 RPM for faster operation. 5.Maximum Linear Speed of 23.25 Meters \/ Minute for efficiency. 6.Lightweight yet robust design for easy integration. %\" \/>\n<meta property=\"og:url\" content=\"https:\/\/rollingringdrives.com\/de\/produkt\/traversenkabelwickler-produkt-gp40c-rollring-traversenantrieb\/\" \/>\n<meta property=\"og:site_name\" content=\"QiPang\" \/>\n<meta property=\"article:modified_time\" content=\"2024-01-04T03:34:05+00:00\" \/>\n<meta property=\"og:image\" content=\"https:\/\/rollingringdrives.com\/wp-content\/uploads\/2024\/01\/\u5b98\u7f51.jpg\" \/>\n\t<meta property=\"og:image:width\" content=\"600\" \/>\n\t<meta property=\"og:image:height\" content=\"600\" \/>\n\t<meta property=\"og:image:type\" content=\"image\/jpeg\" \/>\n<meta name=\"twitter:card\" content=\"summary_large_image\" \/>\n<meta name=\"twitter:label1\" content=\"Gesch\u00e4tzte Lesezeit\" \/>\n\t<meta name=\"twitter:data1\" content=\"1\u00a0Minute\" \/>\n<script type=\"application\/ld+json\" class=\"yoast-schema-graph\">{\"@context\":\"https:\/\/schema.org\",\"@graph\":[{\"@type\":\"WebPage\",\"@id\":\"https:\/\/rollingringdrives.com\/product\/traverse-cable-winder-product-gp40c-rolling-ring-traverse-drive\/\",\"url\":\"https:\/\/rollingringdrives.com\/product\/traverse-cable-winder-product-gp40c-rolling-ring-traverse-drive\/\",\"name\":\"Traverse Cable Winder Product Gp40C Rolling Ring Traverse Drive - QiPang\",\"isPartOf\":{\"@id\":\"https:\/\/rollingringdrives.com\/#website\"},\"primaryImageOfPage\":{\"@id\":\"https:\/\/rollingringdrives.com\/product\/traverse-cable-winder-product-gp40c-rolling-ring-traverse-drive\/#primaryimage\"},\"image\":{\"@id\":\"https:\/\/rollingringdrives.com\/product\/traverse-cable-winder-product-gp40c-rolling-ring-traverse-drive\/#primaryimage\"},\"thumbnailUrl\":\"https:\/\/rollingringdrives.com\/wp-content\/uploads\/2024\/01\/\u5b98\u7f51.jpg\",\"datePublished\":\"2024-01-04T03:34:04+00:00\",\"dateModified\":\"2024-01-04T03:34:05+00:00\",\"description\":\"1.Three Rolling Rings for enhanced performance. 2.Maximum Side Thrust of 42 Kg for smooth operation. 3.Maximum Pitch of 31 mm for Linear movement. 4.Maximum Shaft Speed of 750 RPM for faster operation. 5.Maximum Linear Speed of 23.25 Meters \/ Minute for efficiency. 6.Lightweight yet robust design for easy integration. %\",\"breadcrumb\":{\"@id\":\"https:\/\/rollingringdrives.com\/product\/traverse-cable-winder-product-gp40c-rolling-ring-traverse-drive\/#breadcrumb\"},\"inLanguage\":\"de\",\"potentialAction\":[{\"@type\":\"ReadAction\",\"target\":[\"https:\/\/rollingringdrives.com\/product\/traverse-cable-winder-product-gp40c-rolling-ring-traverse-drive\/\"]}]},{\"@type\":\"ImageObject\",\"inLanguage\":\"de\",\"@id\":\"https:\/\/rollingringdrives.com\/product\/traverse-cable-winder-product-gp40c-rolling-ring-traverse-drive\/#primaryimage\",\"url\":\"https:\/\/rollingringdrives.com\/wp-content\/uploads\/2024\/01\/\u5b98\u7f51.jpg\",\"contentUrl\":\"https:\/\/rollingringdrives.com\/wp-content\/uploads\/2024\/01\/\u5b98\u7f51.jpg\",\"width\":600,\"height\":600,\"caption\":\"Traverse Unit\"},{\"@type\":\"BreadcrumbList\",\"@id\":\"https:\/\/rollingringdrives.com\/product\/traverse-cable-winder-product-gp40c-rolling-ring-traverse-drive\/#breadcrumb\",\"itemListElement\":[{\"@type\":\"ListItem\",\"position\":1,\"name\":\"Home\",\"item\":\"https:\/\/rollingringdrives.com\/\"},{\"@type\":\"ListItem\",\"position\":2,\"name\":\"Machines\",\"item\":\"https:\/\/rollingringdrives.com\/machines\/\"},{\"@type\":\"ListItem\",\"position\":3,\"name\":\"Traverse Cable Winder Product Gp40C Rolling Ring Traverse Drive\"}]},{\"@type\":\"WebSite\",\"@id\":\"https:\/\/rollingringdrives.com\/#website\",\"url\":\"https:\/\/rollingringdrives.com\/\",\"name\":\"QiPang\",\"description\":\"QiPang Blog\",\"publisher\":{\"@id\":\"https:\/\/rollingringdrives.com\/#organization\"},\"potentialAction\":[{\"@type\":\"SearchAction\",\"target\":{\"@type\":\"EntryPoint\",\"urlTemplate\":\"https:\/\/rollingringdrives.com\/?s={search_term_string}\"},\"query-input\":{\"@type\":\"PropertyValueSpecification\",\"valueRequired\":true,\"valueName\":\"search_term_string\"}}],\"inLanguage\":\"de\"},{\"@type\":\"Organization\",\"@id\":\"https:\/\/rollingringdrives.com\/#organization\",\"name\":\"QiPang\",\"url\":\"https:\/\/rollingringdrives.com\/\",\"logo\":{\"@type\":\"ImageObject\",\"inLanguage\":\"de\",\"@id\":\"https:\/\/rollingringdrives.com\/#\/schema\/logo\/image\/\",\"url\":\"https:\/\/rollingringdrives.com\/wp-content\/uploads\/2023\/05\/cropped-\u672a\u547d\u540d\u7684\u8bbe\u8ba1.png\",\"contentUrl\":\"https:\/\/rollingringdrives.com\/wp-content\/uploads\/2023\/05\/cropped-\u672a\u547d\u540d\u7684\u8bbe\u8ba1.png\",\"width\":300,\"height\":191,\"caption\":\"QiPang\"},\"image\":{\"@id\":\"https:\/\/rollingringdrives.com\/#\/schema\/logo\/image\/\"}}]}<\/script>\n<!-- \/ Yoast SEO Premium plugin. -->","yoast_head_json":{"title":"Traverse Kabelwickler Produkt Gp40C Rolling Ring Traverse Drive - QiPang","description":"1.Drei Rollringe f\u00fcr verbesserte Leistung. 2. Maximaler Seitenschub von 42 kg f\u00fcr reibungslosen Betrieb. 3. Maximaler Abstand von 31 mm f\u00fcr lineare Bewegung. 4. Maximale Wellengeschwindigkeit von 750 U\/min f\u00fcr schnelleren Betrieb. 5. Maximale lineare Geschwindigkeit von 23,25 Metern\/Minute f\u00fcr Effizienz. 6.Leichtes und dennoch robustes Design f\u00fcr einfache Integration. %","robots":{"index":"index","follow":"follow","max-snippet":"max-snippet:-1","max-image-preview":"max-image-preview:large","max-video-preview":"max-video-preview:-1"},"canonical":"https:\/\/rollingringdrives.com\/de\/produkt\/traversenkabelwickler-produkt-gp40c-rollring-traversenantrieb\/","og_locale":"de_DE","og_type":"article","og_title":"Traverse Cable Winder Product Gp40C Rolling Ring Traverse Drive","og_description":"1.Three Rolling Rings for enhanced performance. 2.Maximum Side Thrust of 42 Kg for smooth operation. 3.Maximum Pitch of 31 mm for Linear movement. 4.Maximum Shaft Speed of 750 RPM for faster operation. 5.Maximum Linear Speed of 23.25 Meters \/ Minute for efficiency. 6.Lightweight yet robust design for easy integration. %","og_url":"https:\/\/rollingringdrives.com\/de\/produkt\/traversenkabelwickler-produkt-gp40c-rollring-traversenantrieb\/","og_site_name":"QiPang","article_modified_time":"2024-01-04T03:34:05+00:00","og_image":[{"width":600,"height":600,"url":"https:\/\/rollingringdrives.com\/wp-content\/uploads\/2024\/01\/\u5b98\u7f51.jpg","type":"image\/jpeg"}],"twitter_card":"summary_large_image","twitter_misc":{"Gesch\u00e4tzte Lesezeit":"1\u00a0Minute"},"schema":{"@context":"https:\/\/schema.org","@graph":[{"@type":"WebPage","@id":"https:\/\/rollingringdrives.com\/product\/traverse-cable-winder-product-gp40c-rolling-ring-traverse-drive\/","url":"https:\/\/rollingringdrives.com\/product\/traverse-cable-winder-product-gp40c-rolling-ring-traverse-drive\/","name":"Traverse Kabelwickler Produkt Gp40C Rolling Ring Traverse Drive - QiPang","isPartOf":{"@id":"https:\/\/rollingringdrives.com\/#website"},"primaryImageOfPage":{"@id":"https:\/\/rollingringdrives.com\/product\/traverse-cable-winder-product-gp40c-rolling-ring-traverse-drive\/#primaryimage"},"image":{"@id":"https:\/\/rollingringdrives.com\/product\/traverse-cable-winder-product-gp40c-rolling-ring-traverse-drive\/#primaryimage"},"thumbnailUrl":"https:\/\/rollingringdrives.com\/wp-content\/uploads\/2024\/01\/\u5b98\u7f51.jpg","datePublished":"2024-01-04T03:34:04+00:00","dateModified":"2024-01-04T03:34:05+00:00","description":"1.Drei Rollringe f\u00fcr verbesserte Leistung. 2. Maximaler Seitenschub von 42 kg f\u00fcr reibungslosen Betrieb. 3. Maximaler Abstand von 31 mm f\u00fcr lineare Bewegung. 4. Maximale Wellengeschwindigkeit von 750 U\/min f\u00fcr schnelleren Betrieb. 5. Maximale lineare Geschwindigkeit von 23,25 Metern\/Minute f\u00fcr Effizienz. 6.Leichtes und dennoch robustes Design f\u00fcr einfache Integration. %","breadcrumb":{"@id":"https:\/\/rollingringdrives.com\/product\/traverse-cable-winder-product-gp40c-rolling-ring-traverse-drive\/#breadcrumb"},"inLanguage":"de","potentialAction":[{"@type":"ReadAction","target":["https:\/\/rollingringdrives.com\/product\/traverse-cable-winder-product-gp40c-rolling-ring-traverse-drive\/"]}]},{"@type":"ImageObject","inLanguage":"de","@id":"https:\/\/rollingringdrives.com\/product\/traverse-cable-winder-product-gp40c-rolling-ring-traverse-drive\/#primaryimage","url":"https:\/\/rollingringdrives.com\/wp-content\/uploads\/2024\/01\/\u5b98\u7f51.jpg","contentUrl":"https:\/\/rollingringdrives.com\/wp-content\/uploads\/2024\/01\/\u5b98\u7f51.jpg","width":600,"height":600,"caption":"Traverse Unit"},{"@type":"BreadcrumbList","@id":"https:\/\/rollingringdrives.com\/product\/traverse-cable-winder-product-gp40c-rolling-ring-traverse-drive\/#breadcrumb","itemListElement":[{"@type":"ListItem","position":1,"name":"Home","item":"https:\/\/rollingringdrives.com\/"},{"@type":"ListItem","position":2,"name":"Machines","item":"https:\/\/rollingringdrives.com\/machines\/"},{"@type":"ListItem","position":3,"name":"Traverse Cable Winder Product Gp40C Rolling Ring Traverse Drive"}]},{"@type":"WebSite","@id":"https:\/\/rollingringdrives.com\/#website","url":"https:\/\/rollingringdrives.com\/","name":"QiPang","description":"QiPang-Blog","publisher":{"@id":"https:\/\/rollingringdrives.com\/#organization"},"potentialAction":[{"@type":"SearchAction","target":{"@type":"EntryPoint","urlTemplate":"https:\/\/rollingringdrives.com\/?s={search_term_string}"},"query-input":{"@type":"PropertyValueSpecification","valueRequired":true,"valueName":"search_term_string"}}],"inLanguage":"de"},{"@type":"Organization","@id":"https:\/\/rollingringdrives.com\/#organization","name":"QiPang","url":"https:\/\/rollingringdrives.com\/","logo":{"@type":"ImageObject","inLanguage":"de","@id":"https:\/\/rollingringdrives.com\/#\/schema\/logo\/image\/","url":"https:\/\/rollingringdrives.com\/wp-content\/uploads\/2023\/05\/cropped-\u672a\u547d\u540d\u7684\u8bbe\u8ba1.png","contentUrl":"https:\/\/rollingringdrives.com\/wp-content\/uploads\/2023\/05\/cropped-\u672a\u547d\u540d\u7684\u8bbe\u8ba1.png","width":300,"height":191,"caption":"QiPang"},"image":{"@id":"https:\/\/rollingringdrives.com\/#\/schema\/logo\/image\/"}}]}},"_links":{"self":[{"href":"https:\/\/rollingringdrives.com\/de\/wp-json\/wp\/v2\/product\/30888","targetHints":{"allow":["GET"]}}],"collection":[{"href":"https:\/\/rollingringdrives.com\/de\/wp-json\/wp\/v2\/product"}],"about":[{"href":"https:\/\/rollingringdrives.com\/de\/wp-json\/wp\/v2\/types\/product"}],"version-history":[{"count":0,"href":"https:\/\/rollingringdrives.com\/de\/wp-json\/wp\/v2\/product\/30888\/revisions"}],"wp:featuredmedia":[{"embeddable":true,"href":"https:\/\/rollingringdrives.com\/de\/wp-json\/wp\/v2\/media\/30893"}],"wp:attachment":[{"href":"https:\/\/rollingringdrives.com\/de\/wp-json\/wp\/v2\/media?parent=30888"}],"wp:term":[{"taxonomy":"product_brand","embeddable":true,"href":"https:\/\/rollingringdrives.com\/de\/wp-json\/wp\/v2\/product_brand?post=30888"},{"taxonomy":"product_cat","embeddable":true,"href":"https:\/\/rollingringdrives.com\/de\/wp-json\/wp\/v2\/product_cat?post=30888"},{"taxonomy":"product_tag","embeddable":true,"href":"https:\/\/rollingringdrives.com\/de\/wp-json\/wp\/v2\/product_tag?post=30888"}],"curies":[{"name":"wp","href":"https:\/\/api.w.org\/{rel}","templated":true}]}}