{"id":30925,"date":"2024-01-08T10:41:28","date_gmt":"2024-01-08T10:41:28","guid":{"rendered":"https:\/\/rollingringdrives.com\/?post_type=product&#038;p=30925"},"modified":"2025-07-07T06:12:31","modified_gmt":"2025-07-07T06:12:31","slug":"automatic-cable-coiling-machine","status":"publish","type":"product","link":"https:\/\/rollingringdrives.com\/de\/produkt\/automatische-kabelwickelmaschine-2\/","title":{"rendered":"Automatische Kabelwickelmaschine"},"content":{"rendered":"<p><strong>Beschreibung<\/strong><\/p>\n<p>Die Aufwickelmaschine ist zum einfachen Aufwickeln verschiedener Innenlochspulen konzipiert. Die Maschine besteht aus Vierkantstahl und ist dadurch robust und langlebig. Im Lieferumfang ist der Stromverteilerschrank enthalten, der aus Netzteil und Frequenzumrichter besteht. Die Anpassung anderer Geschwindigkeiten ist mit einer einstellbaren Geschwindigkeit von ca. 120 N Umdrehungen pro Minute m\u00f6glich. Die Maschine verf\u00fcgt unten \u00fcber vier feste Dehnschrauben\u00f6sen und oben \u00fcber eine Rutschsicherung, die bis zu 30 kg tragen kann. Die Pr\u00e4zisions-Rollringantriebe garantieren die Genauigkeit des Wickelvorgangs und sind somit die perfekte Erg\u00e4nzung f\u00fcr jede Produktionslinie.<\/p>\n<div id=\"footable_parent_30902\"\n         class=\"footable_parent ninja_table_wrapper loading_ninja_table wp_table_data_press_parent semantic_ui\">\n                <table data-ninja_table_instance=\"ninja_table_instance_0\" data-footable_id=\"30902\" data-filter-delay=\"1000\" aria-label=\"\u5de5\u4f5c\u7c3f2.csv\"            id=\"footable_30902\"\n           data-unique_identifier=\"ninja_table_unique_id_2064718507_30902\"\n           class=\"foo-table ninja_footable foo_table_30902 ninja_table_unique_id_2064718507_30902 ui table  nt_type_legacy_table selectable striped vertical_centered  footable-paging-right ninja_table_pro\">\n                <colgroup>\n                            <col class=\"ninja_column_0\">\n                            <col class=\"ninja_column_1\">\n                    <\/colgroup>\n        <thead>\n<tr class=\"footable-header\">\n                                        <th scope=\"col\"  class=\"ninja_column_0 ninja_clmn_nm_parameter\">Parameter<\/th><th scope=\"col\"  class=\"ninja_column_1 ninja_clmn_nm_value\">Wert<\/th><\/tr>\n<\/thead>\n<tbody>\n\n        <tr data-row_id=\"1664\" class=\"ninja_table_row_0 nt_row_id_1664\">\n            <td>Quadratischer Stahl<\/td><td>Lebenswichtig<\/td>        <\/tr>\n            <tr data-row_id=\"1665\" class=\"ninja_table_row_1 nt_row_id_1665\">\n            <td>Konische Spitzen<\/td><td>1 Paar (kompatibel mit verschiedenen Innenlochspulen)<\/td>        <\/tr>\n            <tr data-row_id=\"1666\" class=\"ninja_table_row_2 nt_row_id_1666\">\n            <td>Stromverteilerschrank<\/td><td>Inklusive Netzteil und Frequenzumrichter<\/td>        <\/tr>\n            <tr data-row_id=\"1667\" class=\"ninja_table_row_3 nt_row_id_1667\">\n            <td>Einstellbare Geschwindigkeit<\/td><td>Ungef\u00e4hr 120 N Umdrehungen pro Minute (andere Geschwindigkeiten k\u00f6nnen angepasst werden)<\/td>        <\/tr>\n            <tr data-row_id=\"1668\" class=\"ninja_table_row_4 nt_row_id_1668\">\n            <td>Feste Dehnschrauben\u00f6sen<\/td><td>4 unten<\/td>        <\/tr>\n            <tr data-row_id=\"1669\" class=\"ninja_table_row_5 nt_row_id_1669\">\n            <td>Anti-Rutsch-Vorrichtung<\/td><td>Ja (30 kg tragend)<\/td>        <\/tr>\n            <tr data-row_id=\"1670\" class=\"ninja_table_row_6 nt_row_id_1670\">\n            <td>Pr\u00e4zisions-Rollringantriebe<\/td><td>Ja (30 kg tragend)<\/td>        <\/tr>\n            <tr data-row_id=\"1671\" class=\"ninja_table_row_7 nt_row_id_1671\">\n            <td>Leistung <\/td><td>220 V (kundenspezifische Stromversorgung verf\u00fcgbar)<\/td>        <\/tr>\n            <tr data-row_id=\"1672\" class=\"ninja_table_row_8 nt_row_id_1672\">\n            <td>W\u00e4hlbare Konfiguration<\/td><td><\/td>        <\/tr>\n            <tr data-row_id=\"1673\" class=\"ninja_table_row_9 nt_row_id_1673\">\n            <td>Meterz\u00e4hler<\/td><td>Option: Legen Sie die Anzahl der Meter fest, die angehalten und alarmiert werden sollen<\/td>        <\/tr>\n            <tr data-row_id=\"1674\" class=\"ninja_table_row_10 nt_row_id_1674\">\n            <td>Magnetisches Pulverspannungsger\u00e4t<\/td><td>Option: Zur Anpassung an die Produktionslinie f\u00fcr konstante Geschwindigkeit und Vermeidung von Drahtspannungen<\/td>        <\/tr>\n            <tr data-row_id=\"1675\" class=\"ninja_table_row_11 nt_row_id_1675\">\n            <td><\/td><td><\/td>        <\/tr>\n    <\/tbody><!--ninja_tobody_rendering_done-->\n    <\/table>\n    \n    \n    \n<\/div>\n\n<h2 id=\"3-eael-table-of-content\" class=\"xsj_heading_hash xsj_heading xsj_heading_h2 eael-heading-content\" data-source-line=\"6\" data-source-line-display=\"true\"><span class=\"xsj_heading_content\">FAQs:<\/span><\/h2>\n<div class=\"xiaoshujiang_element xsj_anchor\"><a class=\"blank_anchor_name\" name=\"120what20is20the20weight20capacity20of20the20anti-slip20device20at20the20top20of20the20machine_3\"><\/a><a id=\"120what20is20the20weight20capacity20of20the20anti-slip20device20at20the20top20of20the20machine_3\" class=\"blank_anchor_id\"><\/a><a class=\"blank_anchor_name\" name=\"1-what-is-the-weight-capacity-of-the-anti-slip-device-at-the-top-of-the-machine\"><\/a><a id=\"1-what-is-the-weight-capacity-of-the-anti-slip-device-at-the-top-of-the-machine\" class=\"blank_anchor_id\"><\/a><\/div>\n<h4 id=\"4-eael-table-of-content\" class=\"xsj_heading_hash xsj_heading xsj_heading_h4 eael-heading-content\" data-source-line=\"8\" data-source-line-display=\"true\"><span class=\"xsj_heading_content\">1. Wie hoch ist die Tragf\u00e4higkeit der Anti-Rutsch-Vorrichtung oben an der Maschine?<\/span><\/h4>\n<p class=\"xsj_paragraph xsj_paragraph_level_0\" data-source-line=\"10\" data-source-line-display=\"true\">Die Rutschsicherung ist bis zu 30 kg belastbar.<\/p>\n<div class=\"xiaoshujiang_element xsj_anchor\"><a class=\"blank_anchor_name\" name=\"220what20is20the20adjustable20speed20of20the20machine_4\"><\/a><a id=\"220what20is20the20adjustable20speed20of20the20machine_4\" class=\"blank_anchor_id\"><\/a><a class=\"blank_anchor_name\" name=\"2-what-is-the-adjustable-speed-of-the-machine\"><\/a><a id=\"2-what-is-the-adjustable-speed-of-the-machine\" class=\"blank_anchor_id\"><\/a><\/div>\n<h4 id=\"5-eael-table-of-content\" class=\"xsj_heading_hash xsj_heading xsj_heading_h4 eael-heading-content\" data-source-line=\"12\" data-source-line-display=\"true\"><span class=\"xsj_heading_content\">2. Wie hoch ist die einstellbare Geschwindigkeit der Maschine?<\/span><\/h4>\n<p class=\"xsj_paragraph xsj_paragraph_level_0\" data-source-line=\"14\" data-source-line-display=\"true\">Die einstellbare Geschwindigkeit betr\u00e4gt ca. 120 N Umdrehungen pro Minute; Andere Tarife k\u00f6nnen individuell angepasst werden.<\/p>\n<div class=\"xiaoshujiang_element xsj_anchor\"><a class=\"blank_anchor_name\" name=\"320what20kind20of20industries20can20use20this20machine_5\"><\/a><a id=\"320what20kind20of20industries20can20use20this20machine_5\" class=\"blank_anchor_id\"><\/a><a class=\"blank_anchor_name\" name=\"3-what-kind-of-industries-can-use-this-machine\"><\/a><a id=\"3-what-kind-of-industries-can-use-this-machine\" class=\"blank_anchor_id\"><\/a><\/div>\n<h4 id=\"6-eael-table-of-content\" class=\"xsj_heading_hash xsj_heading xsj_heading_h4 eael-heading-content\" data-source-line=\"16\" data-source-line-display=\"true\"><span class=\"xsj_heading_content\">3. In welchen Branchen kann diese Maschine eingesetzt werden?<\/span><\/h4>\n<p class=\"xsj_paragraph xsj_paragraph_level_0\" data-source-line=\"18\" data-source-line-display=\"true\">Die Vertikalwickelmaschine 400 kann in verschiedenen Elektro-, Textil- und Automobilindustrien eingesetzt werden.<\/p>\n<div class=\"xiaoshujiang_element xsj_anchor\"><a class=\"blank_anchor_name\" name=\"420does20the20machine20come20with20a20power20distribution20cabinet_6\"><\/a><a id=\"420does20the20machine20come20with20a20power20distribution20cabinet_6\" class=\"blank_anchor_id\"><\/a><a class=\"blank_anchor_name\" name=\"4-does-the-machine-come-with-a-power-distribution-cabinet\"><\/a><a id=\"4-does-the-machine-come-with-a-power-distribution-cabinet\" class=\"blank_anchor_id\"><\/a><\/div>\n<h4 id=\"7-eael-table-of-content\" class=\"xsj_heading_hash xsj_heading xsj_heading_h4 eael-heading-content\" data-source-line=\"20\" data-source-line-display=\"true\"><span class=\"xsj_heading_content\">4. Ist die Maschine mit einem Stromverteilerschrank ausgestattet?<\/span><\/h4>\n<p class=\"xsj_paragraph xsj_paragraph_level_0\" data-source-line=\"22\" data-source-line-display=\"true\">Ja, die Maschine verf\u00fcgt \u00fcber einen Stromverteilerschrank mit Netzteil und Frequenzumrichter.<\/p>\n<div class=\"xiaoshujiang_element xsj_anchor\"><a class=\"blank_anchor_name\" name=\"520are20there20any20additional20features20i20can20add20to20the20machine_7\"><\/a><a id=\"520are20there20any20additional20features20i20can20add20to20the20machine_7\" class=\"blank_anchor_id\"><\/a><a class=\"blank_anchor_name\" name=\"5-are-there-any-additional-features-i-can-add-to-the-machine\"><\/a><a id=\"5-are-there-any-additional-features-i-can-add-to-the-machine\" class=\"blank_anchor_id\"><\/a><\/div>\n<h4 id=\"8-eael-table-of-content\" class=\"xsj_heading_hash xsj_heading xsj_heading_h4 eael-heading-content\" data-source-line=\"24\" data-source-line-display=\"true\"><span class=\"xsj_heading_content\">5. Gibt es zus\u00e4tzliche Funktionen, die ich der Maschine hinzuf\u00fcgen kann?<\/span><\/h4>\n<p class=\"xsj_paragraph xsj_paragraph_level_0\" data-source-line=\"26\" data-source-line-display=\"true\">Ja, Sie k\u00f6nnen einen Meterz\u00e4hler hinzuf\u00fcgen, um die Anzahl der Meter einzustellen, die angehalten und alarmiert werden sollen, sowie eine magnetische Pulverspannungsvorrichtung passend zur Produktionslinie, um eine konstante Geschwindigkeit sicherzustellen und eine \u00dcberlastung des Drahtes zu verhindern.<\/p>","protected":false},"excerpt":{"rendered":"<p>Maschine aufnehmen<\/p>\n<p>1. Spulenk\u00f6rper: &lt;= 400 mm<\/p>\n<p>2. Geschwindigkeit ist einstellbar<\/p>\n<p>3.Optionaler Teil: Z\u00e4hler oder Drehmomentmotor<\/p>","protected":false},"featured_media":31884,"template":"","meta":{"site-sidebar-layout":"default","site-content-layout":"default","ast-global-header-display":"","ast-banner-title-visibility":"","ast-main-header-display":"","ast-hfb-above-header-display":"","ast-hfb-below-header-display":"","ast-hfb-mobile-header-display":"","site-post-title":"","ast-breadcrumbs-content":"","ast-featured-img":"","footer-sml-layout":"","theme-transparent-header-meta":"default","adv-header-id-meta":"","stick-header-meta":"","header-above-stick-meta":"","header-main-stick-meta":"","header-below-stick-meta":""},"product_brand":[],"product_cat":[136,137],"product_tag":[],"class_list":{"0":"post-30925","1":"product","2":"type-product","3":"status-publish","4":"has-post-thumbnail","6":"product_cat-coiling-machine","7":"product_cat-coiling-and-reeling-machine","8":"desktop-align-left","9":"tablet-align-left","10":"mobile-align-left","12":"first","13":"instock","14":"shipping-taxable","15":"product-type-simple"},"yoast_head":"<!-- This site is optimized with the Yoast SEO Premium plugin v20.12 (Yoast SEO v26.0) - https:\/\/yoast.com\/wordpress\/plugins\/seo\/ -->\n<title>Automatic Cable Coiling Machine - QiPang<\/title>\n<meta name=\"robots\" content=\"index, follow, max-snippet:-1, max-image-preview:large, max-video-preview:-1\" \/>\n<link rel=\"canonical\" href=\"https:\/\/rollingringdrives.com\/de\/produkt\/automatische-kabelwickelmaschine-2\/\" \/>\n<meta property=\"og:locale\" content=\"de_DE\" \/>\n<meta property=\"og:type\" content=\"article\" \/>\n<meta property=\"og:title\" content=\"Automatic Cable Coiling Machine\" \/>\n<meta property=\"og:description\" content=\"Take up machine  1.spool bobbin\uff1a&lt;=400mm  2. speed is adjustable  3.Optional part: meter counter or torque motor\" \/>\n<meta property=\"og:url\" content=\"https:\/\/rollingringdrives.com\/de\/produkt\/automatische-kabelwickelmaschine-2\/\" \/>\n<meta property=\"og:site_name\" content=\"QiPang\" \/>\n<meta property=\"article:modified_time\" content=\"2025-07-07T06:12:31+00:00\" \/>\n<meta property=\"og:image\" content=\"https:\/\/rollingringdrives.com\/wp-content\/uploads\/2024\/01\/\u4e3b\u56fe10.jpg\" \/>\n\t<meta property=\"og:image:width\" content=\"600\" \/>\n\t<meta property=\"og:image:height\" content=\"600\" \/>\n\t<meta property=\"og:image:type\" content=\"image\/jpeg\" \/>\n<meta name=\"twitter:card\" content=\"summary_large_image\" \/>\n<meta name=\"twitter:label1\" content=\"Gesch\u00e4tzte Lesezeit\" \/>\n\t<meta name=\"twitter:data1\" content=\"2\u00a0Minuten\" \/>\n<script type=\"application\/ld+json\" class=\"yoast-schema-graph\">{\"@context\":\"https:\/\/schema.org\",\"@graph\":[{\"@type\":\"WebPage\",\"@id\":\"https:\/\/rollingringdrives.com\/product\/automatic-cable-coiling-machine\/\",\"url\":\"https:\/\/rollingringdrives.com\/product\/automatic-cable-coiling-machine\/\",\"name\":\"Automatic Cable Coiling Machine - QiPang\",\"isPartOf\":{\"@id\":\"https:\/\/rollingringdrives.com\/#website\"},\"primaryImageOfPage\":{\"@id\":\"https:\/\/rollingringdrives.com\/product\/automatic-cable-coiling-machine\/#primaryimage\"},\"image\":{\"@id\":\"https:\/\/rollingringdrives.com\/product\/automatic-cable-coiling-machine\/#primaryimage\"},\"thumbnailUrl\":\"https:\/\/rollingringdrives.com\/wp-content\/uploads\/2024\/01\/\u4e3b\u56fe10.jpg\",\"datePublished\":\"2024-01-08T10:41:28+00:00\",\"dateModified\":\"2025-07-07T06:12:31+00:00\",\"breadcrumb\":{\"@id\":\"https:\/\/rollingringdrives.com\/product\/automatic-cable-coiling-machine\/#breadcrumb\"},\"inLanguage\":\"de\",\"potentialAction\":[{\"@type\":\"ReadAction\",\"target\":[\"https:\/\/rollingringdrives.com\/product\/automatic-cable-coiling-machine\/\"]}]},{\"@type\":\"ImageObject\",\"inLanguage\":\"de\",\"@id\":\"https:\/\/rollingringdrives.com\/product\/automatic-cable-coiling-machine\/#primaryimage\",\"url\":\"https:\/\/rollingringdrives.com\/wp-content\/uploads\/2024\/01\/\u4e3b\u56fe10.jpg\",\"contentUrl\":\"https:\/\/rollingringdrives.com\/wp-content\/uploads\/2024\/01\/\u4e3b\u56fe10.jpg\",\"width\":600,\"height\":600,\"caption\":\"cable winder machine\"},{\"@type\":\"BreadcrumbList\",\"@id\":\"https:\/\/rollingringdrives.com\/product\/automatic-cable-coiling-machine\/#breadcrumb\",\"itemListElement\":[{\"@type\":\"ListItem\",\"position\":1,\"name\":\"Home\",\"item\":\"https:\/\/rollingringdrives.com\/\"},{\"@type\":\"ListItem\",\"position\":2,\"name\":\"Machines\",\"item\":\"https:\/\/rollingringdrives.com\/machines\/\"},{\"@type\":\"ListItem\",\"position\":3,\"name\":\"Automatic Cable Coiling Machine\"}]},{\"@type\":\"WebSite\",\"@id\":\"https:\/\/rollingringdrives.com\/#website\",\"url\":\"https:\/\/rollingringdrives.com\/\",\"name\":\"QiPang\",\"description\":\"QiPang Blog\",\"publisher\":{\"@id\":\"https:\/\/rollingringdrives.com\/#organization\"},\"potentialAction\":[{\"@type\":\"SearchAction\",\"target\":{\"@type\":\"EntryPoint\",\"urlTemplate\":\"https:\/\/rollingringdrives.com\/?s={search_term_string}\"},\"query-input\":{\"@type\":\"PropertyValueSpecification\",\"valueRequired\":true,\"valueName\":\"search_term_string\"}}],\"inLanguage\":\"de\"},{\"@type\":\"Organization\",\"@id\":\"https:\/\/rollingringdrives.com\/#organization\",\"name\":\"QiPang\",\"url\":\"https:\/\/rollingringdrives.com\/\",\"logo\":{\"@type\":\"ImageObject\",\"inLanguage\":\"de\",\"@id\":\"https:\/\/rollingringdrives.com\/#\/schema\/logo\/image\/\",\"url\":\"https:\/\/rollingringdrives.com\/wp-content\/uploads\/2023\/05\/cropped-\u672a\u547d\u540d\u7684\u8bbe\u8ba1.png\",\"contentUrl\":\"https:\/\/rollingringdrives.com\/wp-content\/uploads\/2023\/05\/cropped-\u672a\u547d\u540d\u7684\u8bbe\u8ba1.png\",\"width\":300,\"height\":191,\"caption\":\"QiPang\"},\"image\":{\"@id\":\"https:\/\/rollingringdrives.com\/#\/schema\/logo\/image\/\"}}]}<\/script>\n<!-- \/ Yoast SEO Premium plugin. -->","yoast_head_json":{"title":"Automatische Kabelwickelmaschine - QiPang","robots":{"index":"index","follow":"follow","max-snippet":"max-snippet:-1","max-image-preview":"max-image-preview:large","max-video-preview":"max-video-preview:-1"},"canonical":"https:\/\/rollingringdrives.com\/de\/produkt\/automatische-kabelwickelmaschine-2\/","og_locale":"de_DE","og_type":"article","og_title":"Automatic Cable Coiling Machine","og_description":"Take up machine  1.spool bobbin\uff1a&lt;=400mm  2. speed is adjustable  3.Optional part: meter counter or torque motor","og_url":"https:\/\/rollingringdrives.com\/de\/produkt\/automatische-kabelwickelmaschine-2\/","og_site_name":"QiPang","article_modified_time":"2025-07-07T06:12:31+00:00","og_image":[{"width":600,"height":600,"url":"https:\/\/rollingringdrives.com\/wp-content\/uploads\/2024\/01\/\u4e3b\u56fe10.jpg","type":"image\/jpeg"}],"twitter_card":"summary_large_image","twitter_misc":{"Gesch\u00e4tzte Lesezeit":"2\u00a0Minuten"},"schema":{"@context":"https:\/\/schema.org","@graph":[{"@type":"WebPage","@id":"https:\/\/rollingringdrives.com\/product\/automatic-cable-coiling-machine\/","url":"https:\/\/rollingringdrives.com\/product\/automatic-cable-coiling-machine\/","name":"Automatische Kabelwickelmaschine - QiPang","isPartOf":{"@id":"https:\/\/rollingringdrives.com\/#website"},"primaryImageOfPage":{"@id":"https:\/\/rollingringdrives.com\/product\/automatic-cable-coiling-machine\/#primaryimage"},"image":{"@id":"https:\/\/rollingringdrives.com\/product\/automatic-cable-coiling-machine\/#primaryimage"},"thumbnailUrl":"https:\/\/rollingringdrives.com\/wp-content\/uploads\/2024\/01\/\u4e3b\u56fe10.jpg","datePublished":"2024-01-08T10:41:28+00:00","dateModified":"2025-07-07T06:12:31+00:00","breadcrumb":{"@id":"https:\/\/rollingringdrives.com\/product\/automatic-cable-coiling-machine\/#breadcrumb"},"inLanguage":"de","potentialAction":[{"@type":"ReadAction","target":["https:\/\/rollingringdrives.com\/product\/automatic-cable-coiling-machine\/"]}]},{"@type":"ImageObject","inLanguage":"de","@id":"https:\/\/rollingringdrives.com\/product\/automatic-cable-coiling-machine\/#primaryimage","url":"https:\/\/rollingringdrives.com\/wp-content\/uploads\/2024\/01\/\u4e3b\u56fe10.jpg","contentUrl":"https:\/\/rollingringdrives.com\/wp-content\/uploads\/2024\/01\/\u4e3b\u56fe10.jpg","width":600,"height":600,"caption":"cable winder machine"},{"@type":"BreadcrumbList","@id":"https:\/\/rollingringdrives.com\/product\/automatic-cable-coiling-machine\/#breadcrumb","itemListElement":[{"@type":"ListItem","position":1,"name":"Home","item":"https:\/\/rollingringdrives.com\/"},{"@type":"ListItem","position":2,"name":"Machines","item":"https:\/\/rollingringdrives.com\/machines\/"},{"@type":"ListItem","position":3,"name":"Automatic Cable Coiling Machine"}]},{"@type":"WebSite","@id":"https:\/\/rollingringdrives.com\/#website","url":"https:\/\/rollingringdrives.com\/","name":"QiPang","description":"QiPang-Blog","publisher":{"@id":"https:\/\/rollingringdrives.com\/#organization"},"potentialAction":[{"@type":"SearchAction","target":{"@type":"EntryPoint","urlTemplate":"https:\/\/rollingringdrives.com\/?s={search_term_string}"},"query-input":{"@type":"PropertyValueSpecification","valueRequired":true,"valueName":"search_term_string"}}],"inLanguage":"de"},{"@type":"Organization","@id":"https:\/\/rollingringdrives.com\/#organization","name":"QiPang","url":"https:\/\/rollingringdrives.com\/","logo":{"@type":"ImageObject","inLanguage":"de","@id":"https:\/\/rollingringdrives.com\/#\/schema\/logo\/image\/","url":"https:\/\/rollingringdrives.com\/wp-content\/uploads\/2023\/05\/cropped-\u672a\u547d\u540d\u7684\u8bbe\u8ba1.png","contentUrl":"https:\/\/rollingringdrives.com\/wp-content\/uploads\/2023\/05\/cropped-\u672a\u547d\u540d\u7684\u8bbe\u8ba1.png","width":300,"height":191,"caption":"QiPang"},"image":{"@id":"https:\/\/rollingringdrives.com\/#\/schema\/logo\/image\/"}}]}},"_links":{"self":[{"href":"https:\/\/rollingringdrives.com\/de\/wp-json\/wp\/v2\/product\/30925","targetHints":{"allow":["GET"]}}],"collection":[{"href":"https:\/\/rollingringdrives.com\/de\/wp-json\/wp\/v2\/product"}],"about":[{"href":"https:\/\/rollingringdrives.com\/de\/wp-json\/wp\/v2\/types\/product"}],"version-history":[{"count":0,"href":"https:\/\/rollingringdrives.com\/de\/wp-json\/wp\/v2\/product\/30925\/revisions"}],"wp:featuredmedia":[{"embeddable":true,"href":"https:\/\/rollingringdrives.com\/de\/wp-json\/wp\/v2\/media\/31884"}],"wp:attachment":[{"href":"https:\/\/rollingringdrives.com\/de\/wp-json\/wp\/v2\/media?parent=30925"}],"wp:term":[{"taxonomy":"product_brand","embeddable":true,"href":"https:\/\/rollingringdrives.com\/de\/wp-json\/wp\/v2\/product_brand?post=30925"},{"taxonomy":"product_cat","embeddable":true,"href":"https:\/\/rollingringdrives.com\/de\/wp-json\/wp\/v2\/product_cat?post=30925"},{"taxonomy":"product_tag","embeddable":true,"href":"https:\/\/rollingringdrives.com\/de\/wp-json\/wp\/v2\/product_tag?post=30925"}],"curies":[{"name":"wp","href":"https:\/\/api.w.org\/{rel}","templated":true}]}}