{"id":30936,"date":"2024-01-09T03:31:08","date_gmt":"2024-01-09T03:31:08","guid":{"rendered":"https:\/\/rollingringdrives.com\/?post_type=product&#038;p=30936"},"modified":"2025-07-07T08:14:43","modified_gmt":"2025-07-07T08:14:43","slug":"630mm-take-up-pay-off-equipment","status":"publish","type":"product","link":"https:\/\/rollingringdrives.com\/de\/produkt\/630-mm-aufwickel-und-abwickelgerat\/","title":{"rendered":"630 mm Aufnahme- und Abwickelger\u00e4t"},"content":{"rendered":"<p>Die \u03a6630-mm-Aufwickel- und Abwickelausr\u00fcstung ist eine Spitzenausr\u00fcstung, die speziell f\u00fcr die Anforderungen der Draht- und Kabelherstellung entwickelt wurde. Sein Spannmodus ist eine handspannende Zylinderspannung f\u00fcr sicheren Halt. Dar\u00fcber hinaus verf\u00fcgt es \u00fcber ein wellenloses, freitragendes Design, das ein einfaches und schnelles Laden und Entladen des Drahtes erm\u00f6glicht.<\/p>\n<div id=\"footable_parent_30940\"\n         class=\"footable_parent ninja_table_wrapper loading_ninja_table wp_table_data_press_parent semantic_ui\">\n                <table data-ninja_table_instance=\"ninja_table_instance_0\" data-footable_id=\"30940\" data-filter-delay=\"1000\" aria-label=\"Dateityp1.csv\"            id=\"footable_30940\"\n           data-unique_identifier=\"ninja_table_unique_id_552673499_30940\"\n           class=\"foo-table ninja_footable foo_table_30940 ninja_table_unique_id_552673499_30940 ui table  nt_type_legacy_table selectable striped vertical_centered  footable-paging-right ninja_table_pro\">\n                <colgroup>\n                            <col class=\"ninja_column_0\">\n                            <col class=\"ninja_column_1\">\n                    <\/colgroup>\n        <thead>\n<tr class=\"footable-header\">\n                                        <th scope=\"col\"  class=\"ninja_column_0 ninja_clmn_nm_parameter\">Parameter<\/th><th scope=\"col\"  class=\"ninja_column_1 ninja_clmn_nm_value\">Wert<\/th><\/tr>\n<\/thead>\n<tbody>\n\n        <tr data-row_id=\"1676\" class=\"ninja_table_row_0 nt_row_id_1676\">\n            <td>Anwendungs-Abwickelrollendurchmesser<\/td><td>400\u2013630 mm<\/td>        <\/tr>\n            <tr data-row_id=\"1677\" class=\"ninja_table_row_1 nt_row_id_1677\">\n            <td>Hebeplattenmethode<\/td><td> Motoranhebung<\/td>        <\/tr>\n            <tr data-row_id=\"1678\" class=\"ninja_table_row_2 nt_row_id_1678\">\n            <td>Chuck-Modus<\/td><td>Handspannzylinderspannung<\/td>        <\/tr>\n            <tr data-row_id=\"1679\" class=\"ninja_table_row_3 nt_row_id_1679\">\n            <td>Auszahlungsart<\/td><td>Wellenloser freitragender Typ<\/td>        <\/tr>\n            <tr data-row_id=\"1680\" class=\"ninja_table_row_4 nt_row_id_1680\">\n            <td>Befestigungsmethode<\/td><td>Befestigung mit Dehnschrauben<\/td>        <\/tr>\n            <tr data-row_id=\"1681\" class=\"ninja_table_row_5 nt_row_id_1681\">\n            <td>Maximale Tragf\u00e4higkeit<\/td><td>500 kg<\/td>        <\/tr>\n    <\/tbody><!--ninja_tobody_rendering_done-->\n    <\/table>\n    \n    \n    \n<\/div>\n\n<h2 id=\"2-eael-table-of-content\" class=\"xsj_heading_hash xsj_heading xsj_heading_h2 eael-heading-content\" data-source-line=\"2\" data-source-line-display=\"true\"><span class=\"xsj_heading_content\">Anwendungen:<\/span><\/h2>\n<p class=\"xsj_paragraph xsj_paragraph_level_0\" data-source-line=\"4\" data-source-line-display=\"true\">Die Aufnahme- und Abwickelausr\u00fcstung \u03a6630 ist vielseitig f\u00fcr die Herstellung und Verarbeitung von Dr\u00e4hten und Kabeln geeignet. Es eignet sich perfekt f\u00fcr eine Vielzahl von Anwendungen, darunter:<\/p>\n<ol class=\"markdown_ol\" data-source-line=\"6\">\n<li data-source-line=\"6\">Kabelextrusion.<\/li>\n<li data-source-line=\"7\">Drahtziehen.<\/li>\n<li data-source-line=\"8\">Verdrillen und Verseilen von Dr\u00e4hten.<\/li>\n<li data-source-line=\"9\">Kabelkonfektion.<\/li>\n<li data-source-line=\"10\">Herstellung elektronischer Komponenten.<\/li>\n<li data-source-line=\"11\">Produktion von Kfz-Kabelb\u00e4umen.<\/li>\n<li data-source-line=\"12\">Elektrische Energie\u00fcbertragung und -verteilung.<\/li>\n<\/ol>","protected":false},"excerpt":{"rendered":"<h2 id=\"1-eael-table-of-content\" class=\"xsj_heading_hash xsj_heading xsj_heading_h2 eael-heading-content\" data-source-line=\"2\" data-source-line-display=\"true\"><span class=\"xsj_heading_content\">Merkmale:<\/span><\/h2>\n<ol class=\"markdown_ol\" data-source-line=\"4\">\n<li>Handspannende Zylinderklemmung f\u00fcr sicheren Halt.<\/li>\n<li>Wellenloses, freitragendes Design f\u00fcr einfaches und schnelles Laden und Entladen des Drahtes.<\/li>\n<li>Methode der Motorhebeplatte.<\/li>\n<li>Einstellbare Hubh\u00f6he und Neigung.<\/li>\n<\/ol>","protected":false},"featured_media":30949,"template":"","meta":{"site-sidebar-layout":"default","site-content-layout":"default","ast-global-header-display":"","ast-banner-title-visibility":"","ast-main-header-display":"","ast-hfb-above-header-display":"","ast-hfb-below-header-display":"","ast-hfb-mobile-header-display":"","site-post-title":"","ast-breadcrumbs-content":"","ast-featured-img":"","footer-sml-layout":"","theme-transparent-header-meta":"default","adv-header-id-meta":"","stick-header-meta":"","header-above-stick-meta":"","header-main-stick-meta":"","header-below-stick-meta":""},"product_brand":[],"product_cat":[48,132],"product_tag":[],"class_list":{"0":"post-30936","1":"product","2":"type-product","3":"status-publish","4":"has-post-thumbnail","6":"product_cat-wire-payoff-machine","7":"product_cat-shaftless-passive-pay-off-machine","8":"desktop-align-left","9":"tablet-align-left","10":"mobile-align-left","12":"first","13":"instock","14":"shipping-taxable","15":"product-type-simple"},"yoast_head":"<!-- This site is optimized with the Yoast SEO Premium plugin v20.12 (Yoast SEO v26.0) - https:\/\/yoast.com\/wordpress\/plugins\/seo\/ -->\n<title>630mm Take up-Pay off Equipment - QiPang<\/title>\n<meta name=\"robots\" content=\"index, follow, max-snippet:-1, max-image-preview:large, max-video-preview:-1\" \/>\n<link rel=\"canonical\" href=\"https:\/\/rollingringdrives.com\/de\/produkt\/630-mm-aufwickel-und-abwickelgerat\/\" \/>\n<meta property=\"og:locale\" content=\"de_DE\" \/>\n<meta property=\"og:type\" content=\"article\" \/>\n<meta property=\"og:title\" content=\"630mm Take up-Pay off Equipment\" \/>\n<meta property=\"og:description\" content=\"Features:   Hand-clamping cylinder clamping for a secure hold.  Shaftless cantilever type design for easy and quick wire loading and unloading.  Motor lifting plate method.  Adjustable lifting height and tilt.\" \/>\n<meta property=\"og:url\" content=\"https:\/\/rollingringdrives.com\/de\/produkt\/630-mm-aufwickel-und-abwickelgerat\/\" \/>\n<meta property=\"og:site_name\" content=\"QiPang\" \/>\n<meta property=\"article:modified_time\" content=\"2025-07-07T08:14:43+00:00\" \/>\n<meta property=\"og:image\" content=\"https:\/\/rollingringdrives.com\/wp-content\/uploads\/2024\/01\/\u4e3b\u56fe3_\u526f\u672c.jpg\" \/>\n\t<meta property=\"og:image:width\" content=\"600\" \/>\n\t<meta property=\"og:image:height\" content=\"600\" \/>\n\t<meta property=\"og:image:type\" content=\"image\/jpeg\" \/>\n<meta name=\"twitter:card\" content=\"summary_large_image\" \/>\n<meta name=\"twitter:label1\" content=\"Gesch\u00e4tzte Lesezeit\" \/>\n\t<meta name=\"twitter:data1\" content=\"1\u00a0Minute\" \/>\n<script type=\"application\/ld+json\" class=\"yoast-schema-graph\">{\"@context\":\"https:\/\/schema.org\",\"@graph\":[{\"@type\":\"WebPage\",\"@id\":\"https:\/\/rollingringdrives.com\/product\/630mm-take-up-pay-off-equipment\/\",\"url\":\"https:\/\/rollingringdrives.com\/product\/630mm-take-up-pay-off-equipment\/\",\"name\":\"630mm Take up-Pay off Equipment - QiPang\",\"isPartOf\":{\"@id\":\"https:\/\/rollingringdrives.com\/#website\"},\"primaryImageOfPage\":{\"@id\":\"https:\/\/rollingringdrives.com\/product\/630mm-take-up-pay-off-equipment\/#primaryimage\"},\"image\":{\"@id\":\"https:\/\/rollingringdrives.com\/product\/630mm-take-up-pay-off-equipment\/#primaryimage\"},\"thumbnailUrl\":\"https:\/\/rollingringdrives.com\/wp-content\/uploads\/2024\/01\/\u4e3b\u56fe3_\u526f\u672c.jpg\",\"datePublished\":\"2024-01-09T03:31:08+00:00\",\"dateModified\":\"2025-07-07T08:14:43+00:00\",\"breadcrumb\":{\"@id\":\"https:\/\/rollingringdrives.com\/product\/630mm-take-up-pay-off-equipment\/#breadcrumb\"},\"inLanguage\":\"de\",\"potentialAction\":[{\"@type\":\"ReadAction\",\"target\":[\"https:\/\/rollingringdrives.com\/product\/630mm-take-up-pay-off-equipment\/\"]}]},{\"@type\":\"ImageObject\",\"inLanguage\":\"de\",\"@id\":\"https:\/\/rollingringdrives.com\/product\/630mm-take-up-pay-off-equipment\/#primaryimage\",\"url\":\"https:\/\/rollingringdrives.com\/wp-content\/uploads\/2024\/01\/\u4e3b\u56fe3_\u526f\u672c.jpg\",\"contentUrl\":\"https:\/\/rollingringdrives.com\/wp-content\/uploads\/2024\/01\/\u4e3b\u56fe3_\u526f\u672c.jpg\",\"width\":600,\"height\":600,\"caption\":\"pay-off rack\"},{\"@type\":\"BreadcrumbList\",\"@id\":\"https:\/\/rollingringdrives.com\/product\/630mm-take-up-pay-off-equipment\/#breadcrumb\",\"itemListElement\":[{\"@type\":\"ListItem\",\"position\":1,\"name\":\"Home\",\"item\":\"https:\/\/rollingringdrives.com\/\"},{\"@type\":\"ListItem\",\"position\":2,\"name\":\"Machines\",\"item\":\"https:\/\/rollingringdrives.com\/machines\/\"},{\"@type\":\"ListItem\",\"position\":3,\"name\":\"630mm Take up-Pay off Equipment\"}]},{\"@type\":\"WebSite\",\"@id\":\"https:\/\/rollingringdrives.com\/#website\",\"url\":\"https:\/\/rollingringdrives.com\/\",\"name\":\"QiPang\",\"description\":\"QiPang Blog\",\"publisher\":{\"@id\":\"https:\/\/rollingringdrives.com\/#organization\"},\"potentialAction\":[{\"@type\":\"SearchAction\",\"target\":{\"@type\":\"EntryPoint\",\"urlTemplate\":\"https:\/\/rollingringdrives.com\/?s={search_term_string}\"},\"query-input\":{\"@type\":\"PropertyValueSpecification\",\"valueRequired\":true,\"valueName\":\"search_term_string\"}}],\"inLanguage\":\"de\"},{\"@type\":\"Organization\",\"@id\":\"https:\/\/rollingringdrives.com\/#organization\",\"name\":\"QiPang\",\"url\":\"https:\/\/rollingringdrives.com\/\",\"logo\":{\"@type\":\"ImageObject\",\"inLanguage\":\"de\",\"@id\":\"https:\/\/rollingringdrives.com\/#\/schema\/logo\/image\/\",\"url\":\"https:\/\/rollingringdrives.com\/wp-content\/uploads\/2023\/05\/cropped-\u672a\u547d\u540d\u7684\u8bbe\u8ba1.png\",\"contentUrl\":\"https:\/\/rollingringdrives.com\/wp-content\/uploads\/2023\/05\/cropped-\u672a\u547d\u540d\u7684\u8bbe\u8ba1.png\",\"width\":300,\"height\":191,\"caption\":\"QiPang\"},\"image\":{\"@id\":\"https:\/\/rollingringdrives.com\/#\/schema\/logo\/image\/\"}}]}<\/script>\n<!-- \/ Yoast SEO Premium plugin. -->","yoast_head_json":{"title":"630 mm Aufnahme- und Abwickelger\u00e4t \u2013 QiPang","robots":{"index":"index","follow":"follow","max-snippet":"max-snippet:-1","max-image-preview":"max-image-preview:large","max-video-preview":"max-video-preview:-1"},"canonical":"https:\/\/rollingringdrives.com\/de\/produkt\/630-mm-aufwickel-und-abwickelgerat\/","og_locale":"de_DE","og_type":"article","og_title":"630mm Take up-Pay off Equipment","og_description":"Features:   Hand-clamping cylinder clamping for a secure hold.  Shaftless cantilever type design for easy and quick wire loading and unloading.  Motor lifting plate method.  Adjustable lifting height and tilt.","og_url":"https:\/\/rollingringdrives.com\/de\/produkt\/630-mm-aufwickel-und-abwickelgerat\/","og_site_name":"QiPang","article_modified_time":"2025-07-07T08:14:43+00:00","og_image":[{"width":600,"height":600,"url":"https:\/\/rollingringdrives.com\/wp-content\/uploads\/2024\/01\/\u4e3b\u56fe3_\u526f\u672c.jpg","type":"image\/jpeg"}],"twitter_card":"summary_large_image","twitter_misc":{"Gesch\u00e4tzte Lesezeit":"1\u00a0Minute"},"schema":{"@context":"https:\/\/schema.org","@graph":[{"@type":"WebPage","@id":"https:\/\/rollingringdrives.com\/product\/630mm-take-up-pay-off-equipment\/","url":"https:\/\/rollingringdrives.com\/product\/630mm-take-up-pay-off-equipment\/","name":"630 mm Aufnahme- und Abwickelger\u00e4t \u2013 QiPang","isPartOf":{"@id":"https:\/\/rollingringdrives.com\/#website"},"primaryImageOfPage":{"@id":"https:\/\/rollingringdrives.com\/product\/630mm-take-up-pay-off-equipment\/#primaryimage"},"image":{"@id":"https:\/\/rollingringdrives.com\/product\/630mm-take-up-pay-off-equipment\/#primaryimage"},"thumbnailUrl":"https:\/\/rollingringdrives.com\/wp-content\/uploads\/2024\/01\/\u4e3b\u56fe3_\u526f\u672c.jpg","datePublished":"2024-01-09T03:31:08+00:00","dateModified":"2025-07-07T08:14:43+00:00","breadcrumb":{"@id":"https:\/\/rollingringdrives.com\/product\/630mm-take-up-pay-off-equipment\/#breadcrumb"},"inLanguage":"de","potentialAction":[{"@type":"ReadAction","target":["https:\/\/rollingringdrives.com\/product\/630mm-take-up-pay-off-equipment\/"]}]},{"@type":"ImageObject","inLanguage":"de","@id":"https:\/\/rollingringdrives.com\/product\/630mm-take-up-pay-off-equipment\/#primaryimage","url":"https:\/\/rollingringdrives.com\/wp-content\/uploads\/2024\/01\/\u4e3b\u56fe3_\u526f\u672c.jpg","contentUrl":"https:\/\/rollingringdrives.com\/wp-content\/uploads\/2024\/01\/\u4e3b\u56fe3_\u526f\u672c.jpg","width":600,"height":600,"caption":"pay-off rack"},{"@type":"BreadcrumbList","@id":"https:\/\/rollingringdrives.com\/product\/630mm-take-up-pay-off-equipment\/#breadcrumb","itemListElement":[{"@type":"ListItem","position":1,"name":"Home","item":"https:\/\/rollingringdrives.com\/"},{"@type":"ListItem","position":2,"name":"Machines","item":"https:\/\/rollingringdrives.com\/machines\/"},{"@type":"ListItem","position":3,"name":"630mm Take up-Pay off Equipment"}]},{"@type":"WebSite","@id":"https:\/\/rollingringdrives.com\/#website","url":"https:\/\/rollingringdrives.com\/","name":"QiPang","description":"QiPang-Blog","publisher":{"@id":"https:\/\/rollingringdrives.com\/#organization"},"potentialAction":[{"@type":"SearchAction","target":{"@type":"EntryPoint","urlTemplate":"https:\/\/rollingringdrives.com\/?s={search_term_string}"},"query-input":{"@type":"PropertyValueSpecification","valueRequired":true,"valueName":"search_term_string"}}],"inLanguage":"de"},{"@type":"Organization","@id":"https:\/\/rollingringdrives.com\/#organization","name":"QiPang","url":"https:\/\/rollingringdrives.com\/","logo":{"@type":"ImageObject","inLanguage":"de","@id":"https:\/\/rollingringdrives.com\/#\/schema\/logo\/image\/","url":"https:\/\/rollingringdrives.com\/wp-content\/uploads\/2023\/05\/cropped-\u672a\u547d\u540d\u7684\u8bbe\u8ba1.png","contentUrl":"https:\/\/rollingringdrives.com\/wp-content\/uploads\/2023\/05\/cropped-\u672a\u547d\u540d\u7684\u8bbe\u8ba1.png","width":300,"height":191,"caption":"QiPang"},"image":{"@id":"https:\/\/rollingringdrives.com\/#\/schema\/logo\/image\/"}}]}},"_links":{"self":[{"href":"https:\/\/rollingringdrives.com\/de\/wp-json\/wp\/v2\/product\/30936","targetHints":{"allow":["GET"]}}],"collection":[{"href":"https:\/\/rollingringdrives.com\/de\/wp-json\/wp\/v2\/product"}],"about":[{"href":"https:\/\/rollingringdrives.com\/de\/wp-json\/wp\/v2\/types\/product"}],"version-history":[{"count":0,"href":"https:\/\/rollingringdrives.com\/de\/wp-json\/wp\/v2\/product\/30936\/revisions"}],"wp:featuredmedia":[{"embeddable":true,"href":"https:\/\/rollingringdrives.com\/de\/wp-json\/wp\/v2\/media\/30949"}],"wp:attachment":[{"href":"https:\/\/rollingringdrives.com\/de\/wp-json\/wp\/v2\/media?parent=30936"}],"wp:term":[{"taxonomy":"product_brand","embeddable":true,"href":"https:\/\/rollingringdrives.com\/de\/wp-json\/wp\/v2\/product_brand?post=30936"},{"taxonomy":"product_cat","embeddable":true,"href":"https:\/\/rollingringdrives.com\/de\/wp-json\/wp\/v2\/product_cat?post=30936"},{"taxonomy":"product_tag","embeddable":true,"href":"https:\/\/rollingringdrives.com\/de\/wp-json\/wp\/v2\/product_tag?post=30936"}],"curies":[{"name":"wp","href":"https:\/\/api.w.org\/{rel}","templated":true}]}}