{"id":30943,"date":"2024-01-09T06:26:11","date_gmt":"2024-01-09T06:26:11","guid":{"rendered":"https:\/\/rollingringdrives.com\/?post_type=product&#038;p=30943"},"modified":"2025-07-07T06:11:16","modified_gmt":"2025-07-07T06:11:16","slug":"add-heavy-drum-take-up-machine","status":"publish","type":"product","link":"https:\/\/rollingringdrives.com\/de\/produkt\/fugen-sie-eine-schwere-trommelaufwickelmaschine-hinzu\/","title":{"rendered":"F\u00fcgen Sie eine schwere Trommelaufwickelmaschine hinzu"},"content":{"rendered":"<h3><strong>Beschreibung<\/strong><\/h3>\n<p><strong>Die schwere Trommelaufwickelmaschine<\/strong> ist zum einfachen Aufwickeln verschiedener Innenlochspulen konzipiert. Die Maschine besteht aus Vierkantstahl und ist dadurch robust und langlebig. Im Lieferumfang ist der Stromverteilerschrank enthalten, der aus Netzteil und Frequenzumrichter besteht. Die Maschine verf\u00fcgt unten \u00fcber vier feste Dehnschrauben\u00f6sen und oben \u00fcber eine Rutschsicherung, die bis zu 150 kg tragen kann. Die Pr\u00e4zisions-Rollringantriebe garantieren die Genauigkeit des Wickelvorgangs und sind somit die perfekte Erg\u00e4nzung f\u00fcr jede Produktionslinie.<\/p>\n<div id=\"footable_parent_30945\"\n         class=\"footable_parent ninja_table_wrapper loading_ninja_table wp_table_data_press_parent semantic_ui\">\n                <table data-ninja_table_instance=\"ninja_table_instance_0\" data-footable_id=\"30945\" data-filter-delay=\"1000\" aria-label=\"\u52a0\u91cd\u578b\u6536\u7ebf\u673a.csv\"            id=\"footable_30945\"\n           data-unique_identifier=\"ninja_table_unique_id_1808473016_30945\"\n           class=\"foo-table ninja_footable foo_table_30945 ninja_table_unique_id_1808473016_30945 ui table  nt_type_legacy_table selectable striped vertical_centered  footable-paging-right ninja_table_pro\">\n                <colgroup>\n                            <col class=\"ninja_column_0\">\n                            <col class=\"ninja_column_1\">\n                    <\/colgroup>\n        <thead>\n<tr class=\"footable-header\">\n                                        <th scope=\"col\"  class=\"ninja_column_0 ninja_clmn_nm_parameter\">Parameter<\/th><th scope=\"col\"  class=\"ninja_column_1 ninja_clmn_nm_value\">Wert<\/th><\/tr>\n<\/thead>\n<tbody>\n\n        <tr data-row_id=\"1682\" class=\"ninja_table_row_0 nt_row_id_1682\">\n            <td>Methode zur Kabelanordnung<\/td><td>Rollringantrieb<\/td>        <\/tr>\n            <tr data-row_id=\"1683\" class=\"ninja_table_row_1 nt_row_id_1683\">\n            <td>Motorleistung<\/td><td>2,2 kW normaler Motor<\/td>        <\/tr>\n            <tr data-row_id=\"1684\" class=\"ninja_table_row_2 nt_row_id_1684\">\n            <td>Motor Geschwindigkeit<\/td><td>400P\/min<\/td>        <\/tr>\n            <tr data-row_id=\"1685\" class=\"ninja_table_row_3 nt_row_id_1685\">\n            <td>Geschwindigkeitsanpassungsfunktion<\/td><td>Frequenzumwandler<\/td>        <\/tr>\n            <tr data-row_id=\"1686\" class=\"ninja_table_row_4 nt_row_id_1686\">\n            <td>Kabeltrommel tragend<\/td><td>150kg<\/td>        <\/tr>\n    <\/tbody><!--ninja_tobody_rendering_done-->\n    <\/table>\n    \n    \n    \n<\/div>\n\n<h2 id=\"2-eael-table-of-content\" class=\"xsj_heading_hash xsj_heading xsj_heading_h2 eael-heading-content\" data-source-line=\"2\" data-source-line-display=\"true\"><span class=\"xsj_heading_content\">Anwendungen:<\/span><\/h2>\n<p class=\"xsj_paragraph xsj_paragraph_level_0\" data-source-line=\"4\" data-source-line-display=\"true\"><strong>Die schwere Trommelaufwickelmaschine<\/strong> kann in verschiedenen Branchen eingesetzt werden, beispielsweise in der Elektro-, Textil- und Automobilindustrie. Es eignet sich ideal zum Aufwickeln verschiedener Innenlochspulen und ist somit die perfekte Erg\u00e4nzung f\u00fcr jede Produktionslinie.<\/p>","protected":false},"excerpt":{"rendered":"<h2 id=\"1-eael-table-of-content\" class=\"xsj_heading_hash xsj_heading xsj_heading_h2 eael-heading-content\" data-source-line=\"2\" data-source-line-display=\"true\"><span class=\"xsj_heading_content\">Merkmale:<\/span><\/h2>\n<ol class=\"markdown_ol\" data-source-line=\"4\">\n<li data-source-line=\"5\">Einstellbare Geschwindigkeit mit Anpassungsoptionen.<\/li>\n<li data-source-line=\"6\">Vier feste Dehnschrauben\u00f6sen unten.<\/li>\n<li data-source-line=\"7\">Rutschhemmung an der Oberseite, belastbar bis 150 kg.<\/li>\n<li data-source-line=\"8\">Pr\u00e4zisions-Rollringantriebe f\u00fcr pr\u00e4zises Aufwickeln.<\/li>\n<\/ol>\n<p><strong>Optional:<\/strong><\/p>\n<p>1.Z\u00e4hlerz\u00e4hler: Berechnen Sie die Anzahl der Meter<\/p>\n<p>2.Magnetpulverkupplung: Seilgeschwindigkeit bleibt konstant<\/p>\n<p>&nbsp;<\/p>","protected":false},"featured_media":30947,"template":"","meta":{"site-sidebar-layout":"default","site-content-layout":"default","ast-global-header-display":"","ast-banner-title-visibility":"","ast-main-header-display":"","ast-hfb-above-header-display":"","ast-hfb-below-header-display":"","ast-hfb-mobile-header-display":"","site-post-title":"","ast-breadcrumbs-content":"","ast-featured-img":"","footer-sml-layout":"","theme-transparent-header-meta":"default","adv-header-id-meta":"","stick-header-meta":"","header-above-stick-meta":"","header-main-stick-meta":"","header-below-stick-meta":""},"product_brand":[],"product_cat":[51,150],"product_tag":[],"class_list":{"0":"post-30943","1":"product","2":"type-product","3":"status-publish","4":"has-post-thumbnail","6":"product_cat-wire-take-up-machine","7":"product_cat-shaft-type-wire-take-up-machine","8":"desktop-align-left","9":"tablet-align-left","10":"mobile-align-left","12":"first","13":"instock","14":"shipping-taxable","15":"product-type-simple"},"yoast_head":"<!-- This site is optimized with the Yoast SEO Premium plugin v20.12 (Yoast SEO v26.0) - https:\/\/yoast.com\/wordpress\/plugins\/seo\/ -->\n<title>Add Heavy Drum Take up Machine - QiPang<\/title>\n<meta name=\"robots\" content=\"index, follow, max-snippet:-1, max-image-preview:large, max-video-preview:-1\" \/>\n<link rel=\"canonical\" href=\"https:\/\/rollingringdrives.com\/de\/produkt\/fugen-sie-eine-schwere-trommelaufwickelmaschine-hinzu\/\" \/>\n<meta property=\"og:locale\" content=\"de_DE\" \/>\n<meta property=\"og:type\" content=\"article\" \/>\n<meta property=\"og:title\" content=\"Add Heavy Drum Take up Machine\" \/>\n<meta property=\"og:description\" content=\"Features:   Adjustable speed with customization options.  Four fixed expansion screw eyes at the bottom.  Anti-slip device at the top that can bear up to 150 kg.  Precision rolling ring drives for accurate winding.  Optional:  1.counter meter: calculate the number of meters  2.magnetic powder clutch: cable speed remains constant  &nbsp;\" \/>\n<meta property=\"og:url\" content=\"https:\/\/rollingringdrives.com\/de\/produkt\/fugen-sie-eine-schwere-trommelaufwickelmaschine-hinzu\/\" \/>\n<meta property=\"og:site_name\" content=\"QiPang\" \/>\n<meta property=\"article:modified_time\" content=\"2025-07-07T06:11:16+00:00\" \/>\n<meta property=\"og:image\" content=\"https:\/\/rollingringdrives.com\/wp-content\/uploads\/2024\/01\/3\uff0c500\u52a0\u91cd_\u526f\u672c.jpg\" \/>\n\t<meta property=\"og:image:width\" content=\"600\" \/>\n\t<meta property=\"og:image:height\" content=\"600\" \/>\n\t<meta property=\"og:image:type\" content=\"image\/jpeg\" \/>\n<meta name=\"twitter:card\" content=\"summary_large_image\" \/>\n<meta name=\"twitter:label1\" content=\"Gesch\u00e4tzte Lesezeit\" \/>\n\t<meta name=\"twitter:data1\" content=\"1\u00a0Minute\" \/>\n<script type=\"application\/ld+json\" class=\"yoast-schema-graph\">{\"@context\":\"https:\/\/schema.org\",\"@graph\":[{\"@type\":\"WebPage\",\"@id\":\"https:\/\/rollingringdrives.com\/product\/add-heavy-drum-take-up-machine\/\",\"url\":\"https:\/\/rollingringdrives.com\/product\/add-heavy-drum-take-up-machine\/\",\"name\":\"Add Heavy Drum Take up Machine - QiPang\",\"isPartOf\":{\"@id\":\"https:\/\/rollingringdrives.com\/#website\"},\"primaryImageOfPage\":{\"@id\":\"https:\/\/rollingringdrives.com\/product\/add-heavy-drum-take-up-machine\/#primaryimage\"},\"image\":{\"@id\":\"https:\/\/rollingringdrives.com\/product\/add-heavy-drum-take-up-machine\/#primaryimage\"},\"thumbnailUrl\":\"https:\/\/rollingringdrives.com\/wp-content\/uploads\/2024\/01\/3\uff0c500\u52a0\u91cd_\u526f\u672c.jpg\",\"datePublished\":\"2024-01-09T06:26:11+00:00\",\"dateModified\":\"2025-07-07T06:11:16+00:00\",\"breadcrumb\":{\"@id\":\"https:\/\/rollingringdrives.com\/product\/add-heavy-drum-take-up-machine\/#breadcrumb\"},\"inLanguage\":\"de\",\"potentialAction\":[{\"@type\":\"ReadAction\",\"target\":[\"https:\/\/rollingringdrives.com\/product\/add-heavy-drum-take-up-machine\/\"]}]},{\"@type\":\"ImageObject\",\"inLanguage\":\"de\",\"@id\":\"https:\/\/rollingringdrives.com\/product\/add-heavy-drum-take-up-machine\/#primaryimage\",\"url\":\"https:\/\/rollingringdrives.com\/wp-content\/uploads\/2024\/01\/3\uff0c500\u52a0\u91cd_\u526f\u672c.jpg\",\"contentUrl\":\"https:\/\/rollingringdrives.com\/wp-content\/uploads\/2024\/01\/3\uff0c500\u52a0\u91cd_\u526f\u672c.jpg\",\"width\":600,\"height\":600,\"caption\":\"Reel take up Machine\"},{\"@type\":\"BreadcrumbList\",\"@id\":\"https:\/\/rollingringdrives.com\/product\/add-heavy-drum-take-up-machine\/#breadcrumb\",\"itemListElement\":[{\"@type\":\"ListItem\",\"position\":1,\"name\":\"Home\",\"item\":\"https:\/\/rollingringdrives.com\/\"},{\"@type\":\"ListItem\",\"position\":2,\"name\":\"Machines\",\"item\":\"https:\/\/rollingringdrives.com\/machines\/\"},{\"@type\":\"ListItem\",\"position\":3,\"name\":\"Add Heavy Drum Take up Machine\"}]},{\"@type\":\"WebSite\",\"@id\":\"https:\/\/rollingringdrives.com\/#website\",\"url\":\"https:\/\/rollingringdrives.com\/\",\"name\":\"QiPang\",\"description\":\"QiPang Blog\",\"publisher\":{\"@id\":\"https:\/\/rollingringdrives.com\/#organization\"},\"potentialAction\":[{\"@type\":\"SearchAction\",\"target\":{\"@type\":\"EntryPoint\",\"urlTemplate\":\"https:\/\/rollingringdrives.com\/?s={search_term_string}\"},\"query-input\":{\"@type\":\"PropertyValueSpecification\",\"valueRequired\":true,\"valueName\":\"search_term_string\"}}],\"inLanguage\":\"de\"},{\"@type\":\"Organization\",\"@id\":\"https:\/\/rollingringdrives.com\/#organization\",\"name\":\"QiPang\",\"url\":\"https:\/\/rollingringdrives.com\/\",\"logo\":{\"@type\":\"ImageObject\",\"inLanguage\":\"de\",\"@id\":\"https:\/\/rollingringdrives.com\/#\/schema\/logo\/image\/\",\"url\":\"https:\/\/rollingringdrives.com\/wp-content\/uploads\/2023\/05\/cropped-\u672a\u547d\u540d\u7684\u8bbe\u8ba1.png\",\"contentUrl\":\"https:\/\/rollingringdrives.com\/wp-content\/uploads\/2023\/05\/cropped-\u672a\u547d\u540d\u7684\u8bbe\u8ba1.png\",\"width\":300,\"height\":191,\"caption\":\"QiPang\"},\"image\":{\"@id\":\"https:\/\/rollingringdrives.com\/#\/schema\/logo\/image\/\"}}]}<\/script>\n<!-- \/ Yoast SEO Premium plugin. -->","yoast_head_json":{"title":"F\u00fcgen Sie eine schwere Trommelaufwickelmaschine hinzu \u2013 QiPang","robots":{"index":"index","follow":"follow","max-snippet":"max-snippet:-1","max-image-preview":"max-image-preview:large","max-video-preview":"max-video-preview:-1"},"canonical":"https:\/\/rollingringdrives.com\/de\/produkt\/fugen-sie-eine-schwere-trommelaufwickelmaschine-hinzu\/","og_locale":"de_DE","og_type":"article","og_title":"Add Heavy Drum Take up Machine","og_description":"Features:   Adjustable speed with customization options.  Four fixed expansion screw eyes at the bottom.  Anti-slip device at the top that can bear up to 150 kg.  Precision rolling ring drives for accurate winding.  Optional:  1.counter meter: calculate the number of meters  2.magnetic powder clutch: cable speed remains constant  &nbsp;","og_url":"https:\/\/rollingringdrives.com\/de\/produkt\/fugen-sie-eine-schwere-trommelaufwickelmaschine-hinzu\/","og_site_name":"QiPang","article_modified_time":"2025-07-07T06:11:16+00:00","og_image":[{"width":600,"height":600,"url":"https:\/\/rollingringdrives.com\/wp-content\/uploads\/2024\/01\/3\uff0c500\u52a0\u91cd_\u526f\u672c.jpg","type":"image\/jpeg"}],"twitter_card":"summary_large_image","twitter_misc":{"Gesch\u00e4tzte Lesezeit":"1\u00a0Minute"},"schema":{"@context":"https:\/\/schema.org","@graph":[{"@type":"WebPage","@id":"https:\/\/rollingringdrives.com\/product\/add-heavy-drum-take-up-machine\/","url":"https:\/\/rollingringdrives.com\/product\/add-heavy-drum-take-up-machine\/","name":"F\u00fcgen Sie eine schwere Trommelaufwickelmaschine hinzu \u2013 QiPang","isPartOf":{"@id":"https:\/\/rollingringdrives.com\/#website"},"primaryImageOfPage":{"@id":"https:\/\/rollingringdrives.com\/product\/add-heavy-drum-take-up-machine\/#primaryimage"},"image":{"@id":"https:\/\/rollingringdrives.com\/product\/add-heavy-drum-take-up-machine\/#primaryimage"},"thumbnailUrl":"https:\/\/rollingringdrives.com\/wp-content\/uploads\/2024\/01\/3\uff0c500\u52a0\u91cd_\u526f\u672c.jpg","datePublished":"2024-01-09T06:26:11+00:00","dateModified":"2025-07-07T06:11:16+00:00","breadcrumb":{"@id":"https:\/\/rollingringdrives.com\/product\/add-heavy-drum-take-up-machine\/#breadcrumb"},"inLanguage":"de","potentialAction":[{"@type":"ReadAction","target":["https:\/\/rollingringdrives.com\/product\/add-heavy-drum-take-up-machine\/"]}]},{"@type":"ImageObject","inLanguage":"de","@id":"https:\/\/rollingringdrives.com\/product\/add-heavy-drum-take-up-machine\/#primaryimage","url":"https:\/\/rollingringdrives.com\/wp-content\/uploads\/2024\/01\/3\uff0c500\u52a0\u91cd_\u526f\u672c.jpg","contentUrl":"https:\/\/rollingringdrives.com\/wp-content\/uploads\/2024\/01\/3\uff0c500\u52a0\u91cd_\u526f\u672c.jpg","width":600,"height":600,"caption":"Reel take up Machine"},{"@type":"BreadcrumbList","@id":"https:\/\/rollingringdrives.com\/product\/add-heavy-drum-take-up-machine\/#breadcrumb","itemListElement":[{"@type":"ListItem","position":1,"name":"Home","item":"https:\/\/rollingringdrives.com\/"},{"@type":"ListItem","position":2,"name":"Machines","item":"https:\/\/rollingringdrives.com\/machines\/"},{"@type":"ListItem","position":3,"name":"Add Heavy Drum Take up Machine"}]},{"@type":"WebSite","@id":"https:\/\/rollingringdrives.com\/#website","url":"https:\/\/rollingringdrives.com\/","name":"QiPang","description":"QiPang-Blog","publisher":{"@id":"https:\/\/rollingringdrives.com\/#organization"},"potentialAction":[{"@type":"SearchAction","target":{"@type":"EntryPoint","urlTemplate":"https:\/\/rollingringdrives.com\/?s={search_term_string}"},"query-input":{"@type":"PropertyValueSpecification","valueRequired":true,"valueName":"search_term_string"}}],"inLanguage":"de"},{"@type":"Organization","@id":"https:\/\/rollingringdrives.com\/#organization","name":"QiPang","url":"https:\/\/rollingringdrives.com\/","logo":{"@type":"ImageObject","inLanguage":"de","@id":"https:\/\/rollingringdrives.com\/#\/schema\/logo\/image\/","url":"https:\/\/rollingringdrives.com\/wp-content\/uploads\/2023\/05\/cropped-\u672a\u547d\u540d\u7684\u8bbe\u8ba1.png","contentUrl":"https:\/\/rollingringdrives.com\/wp-content\/uploads\/2023\/05\/cropped-\u672a\u547d\u540d\u7684\u8bbe\u8ba1.png","width":300,"height":191,"caption":"QiPang"},"image":{"@id":"https:\/\/rollingringdrives.com\/#\/schema\/logo\/image\/"}}]}},"_links":{"self":[{"href":"https:\/\/rollingringdrives.com\/de\/wp-json\/wp\/v2\/product\/30943","targetHints":{"allow":["GET"]}}],"collection":[{"href":"https:\/\/rollingringdrives.com\/de\/wp-json\/wp\/v2\/product"}],"about":[{"href":"https:\/\/rollingringdrives.com\/de\/wp-json\/wp\/v2\/types\/product"}],"version-history":[{"count":0,"href":"https:\/\/rollingringdrives.com\/de\/wp-json\/wp\/v2\/product\/30943\/revisions"}],"wp:featuredmedia":[{"embeddable":true,"href":"https:\/\/rollingringdrives.com\/de\/wp-json\/wp\/v2\/media\/30947"}],"wp:attachment":[{"href":"https:\/\/rollingringdrives.com\/de\/wp-json\/wp\/v2\/media?parent=30943"}],"wp:term":[{"taxonomy":"product_brand","embeddable":true,"href":"https:\/\/rollingringdrives.com\/de\/wp-json\/wp\/v2\/product_brand?post=30943"},{"taxonomy":"product_cat","embeddable":true,"href":"https:\/\/rollingringdrives.com\/de\/wp-json\/wp\/v2\/product_cat?post=30943"},{"taxonomy":"product_tag","embeddable":true,"href":"https:\/\/rollingringdrives.com\/de\/wp-json\/wp\/v2\/product_tag?post=30943"}],"curies":[{"name":"wp","href":"https:\/\/api.w.org\/{rel}","templated":true}]}}