{"id":30957,"date":"2024-01-10T08:40:34","date_gmt":"2024-01-10T08:40:34","guid":{"rendered":"https:\/\/rollingringdrives.com\/?post_type=product&#038;p=30957"},"modified":"2025-07-07T08:13:42","modified_gmt":"2025-07-07T08:13:42","slug":"qp1250-2500-drum-pay-off-machine","status":"publish","type":"product","link":"https:\/\/rollingringdrives.com\/de\/produkt\/qp1250-2500-trommelauszahlungsmaschine\/","title":{"rendered":"Trommelauszahlungsmaschine QP1250-2500"},"content":{"rendered":"<p class=\"xsj_paragraph xsj_paragraph_level_0\" data-source-line=\"0\" data-source-line-display=\"true\">Der\u00a0<strong class=\"markdown_strong_asterisk\">QP1250-2500 Abwickelmaschine mit Endwelle<\/strong> ist ein passives Spannungsabwickelgestell, das f\u00fcr die Aufnahme von Rollen mit einem Durchmesserbereich zwischen \u03a61250 und \u03a62500 mm und einem Kabeldurchmesser von \u03a63 bis \u03a6100 mm ausgelegt ist. Mit einer Tragf\u00e4higkeit von bis zu 12 Tonnen verwendet diese Abwickelmaschine eine mechanische Reibungssattelspannung oder eine Magnetpulverbremse zur Drucksteuerung und sorgt so f\u00fcr eine saubere und sch\u00f6ne Teilung des Drahtdurchmessers. Die Maschine verf\u00fcgt \u00fcber eine Endwellenstruktur und doppelte Schutzvorrichtungen f\u00fcr mechanische und elektrische Ger\u00e4te.<\/p>\n<p data-source-line=\"0\" data-source-line-display=\"true\"><div id=\"footable_parent_26371\"\n         class=\"footable_parent ninja_table_wrapper loading_ninja_table wp_table_data_press_parent semantic_ui\">\n                <table data-ninja_table_instance=\"ninja_table_instance_0\" data-footable_id=\"26371\" data-filter-delay=\"1000\" aria-label=\"6\u65b0\u5efa2 XL2dSX \u5de5\u4f5c\u8868 (2).csv\"            id=\"footable_26371\"\n           data-unique_identifier=\"ninja_table_unique_id_55145665_26371\"\n           class=\"foo-table ninja_footable foo_table_26371 ninja_table_unique_id_55145665_26371 ui table  nt_type_legacy_table selectable striped vertical_centered  footable-paging-right ninja_table_search_disabled ninja_table_pro\">\n                <colgroup>\n                            <col class=\"ninja_column_0\">\n                            <col class=\"ninja_column_1\">\n                    <\/colgroup>\n        <thead>\n<tr class=\"footable-header\">\n                                        <th scope=\"col\"  class=\"ninja_column_0 ninja_clmn_nm_parameter\">Parameter<\/th><th scope=\"col\"  class=\"ninja_column_1 ninja_clmn_nm_value\">Wert<\/th><\/tr>\n<\/thead>\n<tbody>\n\n        <tr data-row_id=\"401\" class=\"ninja_table_row_0 nt_row_id_401\">\n            <td>Formular f\u00fcr das Auszahlungsregal<\/td><td>Passive Spannung<\/td>        <\/tr>\n            <tr data-row_id=\"402\" class=\"ninja_table_row_1 nt_row_id_402\">\n            <td>Anwendbare Rollen<\/td><td>PN1250 \u2013 PN2500 (GB4004-84, DIN46391, 46395)<\/td>        <\/tr>\n            <tr data-row_id=\"403\" class=\"ninja_table_row_2 nt_row_id_403\">\n            <td>Spulendurchmesserbereich<\/td><td>\u03a61250\uff5e\u03a62500mm<\/td>        <\/tr>\n            <tr data-row_id=\"404\" class=\"ninja_table_row_3 nt_row_id_404\">\n            <td>Anwendbare Spulenbreite<\/td><td>950\u20131900 mm<\/td>        <\/tr>\n            <tr data-row_id=\"405\" class=\"ninja_table_row_4 nt_row_id_405\">\n            <td>Anwendbarer Kabeldurchmesser<\/td><td>\u03a63\u2013\u03a6100 mm (max.)<\/td>        <\/tr>\n            <tr data-row_id=\"406\" class=\"ninja_table_row_5 nt_row_id_406\">\n            <td>Hubmotor<\/td><td>1,5-kW-Wechselstrommotor + Zykloidengetriebe (2 S\u00e4tze)<\/td>        <\/tr>\n            <tr data-row_id=\"407\" class=\"ninja_table_row_6 nt_row_id_407\">\n            <td>Clip-Entlademotor<\/td><td>1,1-kW-Wechselstrommotor + Zykloiden-Windrad-Untersetzungsgetriebe (2 S\u00e4tze)<\/td>        <\/tr>\n            <tr data-row_id=\"408\" class=\"ninja_table_row_7 nt_row_id_408\">\n            <td>Pay-off-Spannung<\/td><td>Mechanische Reibungssattelspannung oder magnetische Pulverbremse zur Steuerung der Spannung; Die Spannung ist einstellbar.<\/td>        <\/tr>\n            <tr data-row_id=\"409\" class=\"ninja_table_row_8 nt_row_id_409\">\n            <td>Tragf\u00e4higkeit<\/td><td>12T (maximal)<\/td>        <\/tr>\n    <\/tbody><!--ninja_tobody_rendering_done-->\n    <\/table>\n    \n    \n    \n<\/div>\n<\/p>\n<div class=\"xiaoshujiang_element xsj_anchor\"><a class=\"blank_anchor_name\" name=\"applications_1\"><\/a><a id=\"applications_1\" class=\"blank_anchor_id\"><\/a><a class=\"blank_anchor_name\" name=\"applications\"><\/a><a id=\"applications\" class=\"blank_anchor_id\"><\/a><\/div>\n<h2 id=\"applications_1\" class=\"xsj_heading_hash xsj_heading xsj_heading_h2\" data-source-line=\"2\" data-source-line-display=\"true\"><span class=\"xsj_heading_content\">Anwendungen:<\/span><\/h2>\n<p class=\"xsj_paragraph xsj_paragraph_level_0\" data-source-line=\"3\" data-source-line-display=\"true\">Die Abwickelmaschine QP1250-2500 ist ideal f\u00fcr Draht- und Kabelproduktionslinien und bietet eine schnelle und pr\u00e4zise Steuerung der Abwickelspannung. Geeignet f\u00fcr den Einsatz in verschiedenen Branchen, darunter Telekommunikation, Automobil, Luft- und Raumfahrt, Bauwesen und mehr.<\/p>\n<div class=\"xiaoshujiang_element xsj_anchor\"><\/div>\n<h2 id=\"frequently20asked20questions_2\" class=\"xsj_heading_hash xsj_heading xsj_heading_h2\" data-source-line=\"5\" data-source-line-display=\"true\"><span class=\"xsj_heading_content\">H\u00e4ufig gestellte Fragen zur Ablaufmaschine QP1250-2500 mit Endwelle:<\/span><\/h2>\n<div class=\"xiaoshujiang_element xsj_anchor\"><a class=\"blank_anchor_name\" name=\"120what20is20the20maximum20load20capacity20of20the20qp1250-250020end20shaft20type20payoff20machine_3\"><\/a><a id=\"120what20is20the20maximum20load20capacity20of20the20qp1250-250020end20shaft20type20payoff20machine_3\" class=\"blank_anchor_id\"><\/a><a class=\"blank_anchor_name\" name=\"1-what-is-the-maximum-load-capacity-of-the-qp1250-2500-end-shaft-type-payoff-machine\"><\/a><a id=\"1-what-is-the-maximum-load-capacity-of-the-qp1250-2500-end-shaft-type-payoff-machine\" class=\"blank_anchor_id\"><\/a><\/div>\n<h4 id=\"120what20is20the20maximum20load20capacity20of20the20qp1250-250020end20shaft20type20payoff20machine_3\" class=\"xsj_heading_hash xsj_heading xsj_heading_h4\" data-source-line=\"7\" data-source-line-display=\"true\"><span class=\"xsj_heading_content\">1. Wie hoch ist die maximale Belastbarkeit der Payoff-Maschine QP1250-2500?<\/span><\/h4>\n<p class=\"xsj_paragraph xsj_paragraph_level_0\" data-source-line=\"9\" data-source-line-display=\"true\">A: Die Maschine hat eine maximale Tragf\u00e4higkeit von bis zu 12 Tonnen.<\/p>\n<div class=\"xiaoshujiang_element xsj_anchor\"><a class=\"blank_anchor_name\" name=\"220what20reel20diameter20range20can20the20machine20accommodate_4\"><\/a><a id=\"220what20reel20diameter20range20can20the20machine20accommodate_4\" class=\"blank_anchor_id\"><\/a><a class=\"blank_anchor_name\" name=\"2-what-reel-diameter-range-can-the-machine-accommodate\"><\/a><a id=\"2-what-reel-diameter-range-can-the-machine-accommodate\" class=\"blank_anchor_id\"><\/a><\/div>\n<h4 id=\"220what20reel20diameter20range20can20the20machine20accommodate_4\" class=\"xsj_heading_hash xsj_heading xsj_heading_h4\" data-source-line=\"11\" data-source-line-display=\"true\"><span class=\"xsj_heading_content\">2. Welchen Spulendurchmesserbereich kann die Maschine verarbeiten?<\/span><\/h4>\n<p class=\"xsj_paragraph xsj_paragraph_level_0\" data-source-line=\"13\" data-source-line-display=\"true\">A: Die Maschine kann Rollen mit einem Durchmesserbereich zwischen \u03a61250 und \u03a62500 mm verarbeiten.<\/p>\n<div class=\"xiaoshujiang_element xsj_anchor\"><a class=\"blank_anchor_name\" name=\"320what20cable20diameter20range20is20compatible20with20the20machine_5\"><\/a><a id=\"320what20cable20diameter20range20is20compatible20with20the20machine_5\" class=\"blank_anchor_id\"><\/a><a class=\"blank_anchor_name\" name=\"3-what-cable-diameter-range-is-compatible-with-the-machine\"><\/a><a id=\"3-what-cable-diameter-range-is-compatible-with-the-machine\" class=\"blank_anchor_id\"><\/a><\/div>\n<h4 id=\"320what20cable20diameter20range20is20compatible20with20the20machine_5\" class=\"xsj_heading_hash xsj_heading xsj_heading_h4\" data-source-line=\"15\" data-source-line-display=\"true\"><span class=\"xsj_heading_content\">3. Welcher Kabeldurchmesserbereich ist mit der Maschine kompatibel?<\/span><\/h4>\n<p class=\"xsj_paragraph xsj_paragraph_level_0\" data-source-line=\"17\" data-source-line-display=\"true\">A: Die Maschine ist mit Kabeln mit einem Durchmesserbereich von \u03a63 bis \u03a6100 mm kompatibel.<\/p>\n<div class=\"xiaoshujiang_element xsj_anchor\"><a class=\"blank_anchor_name\" name=\"420how20does20the20machine20control20tension_6\"><\/a><a id=\"420how20does20the20machine20control20tension_6\" class=\"blank_anchor_id\"><\/a><a class=\"blank_anchor_name\" name=\"4-how-does-the-machine-control-tension\"><\/a><a id=\"4-how-does-the-machine-control-tension\" class=\"blank_anchor_id\"><\/a><\/div>\n<h4 id=\"420how20does20the20machine20control20tension_6\" class=\"xsj_heading_hash xsj_heading xsj_heading_h4\" data-source-line=\"19\" data-source-line-display=\"true\"><span class=\"xsj_heading_content\">4. Wie kontrolliert die Maschine die Spannung?<\/span><\/h4>\n<p class=\"xsj_paragraph xsj_paragraph_level_0\" data-source-line=\"21\" data-source-line-display=\"true\">A: Die Maschine verwendet eine mechanische Reibungssattelspannung oder eine Magnetpulverbremse zur Druckkontrolle und sorgt so f\u00fcr eine saubere und sch\u00f6ne Drahtdurchmessersteigung.<\/p>\n<div class=\"xiaoshujiang_element xsj_anchor\"><a class=\"blank_anchor_name\" name=\"520can20the20machine20be20used20in20different20industries_7\"><\/a><a id=\"520can20the20machine20be20used20in20different20industries_7\" class=\"blank_anchor_id\"><\/a><a class=\"blank_anchor_name\" name=\"5-can-the-machine-be-used-in-different-industries\"><\/a><a id=\"5-can-the-machine-be-used-in-different-industries\" class=\"blank_anchor_id\"><\/a><\/div>\n<h4 id=\"520can20the20machine20be20used20in20different20industries_7\" class=\"xsj_heading_hash xsj_heading xsj_heading_h4\" data-source-line=\"23\" data-source-line-display=\"true\"><span class=\"xsj_heading_content\">5. Kann die Maschine in verschiedenen Branchen eingesetzt werden?<\/span><\/h4>\n<p class=\"xsj_paragraph xsj_paragraph_level_0\" data-source-line=\"25\" data-source-line-display=\"true\">A: Ja, die Abwickelmaschine QP1250-2500 mit Endwelle eignet sich f\u00fcr verschiedene Branchen, darunter Telekommunikation, Automobil, Luft- und Raumfahrt und Bauwesen.<\/p>","protected":false},"excerpt":{"rendered":"<h2 id=\"features_1\" class=\"xsj_heading_hash xsj_heading xsj_heading_h2\" data-source-line=\"2\" data-source-line-display=\"true\"><span class=\"xsj_heading_content\">Merkmale:<\/span><\/h2>\n<ol class=\"markdown_ol\" data-source-line=\"4\">\n<li data-source-line=\"4\">Die Endwellen-Abwickelmaschine QP1250-2500 wird durch Biegen und Schwei\u00dfen hergestellt.<\/li>\n<li data-source-line=\"5\">Motoren klemmen die beiden Oberseiten der Spannrolle fest, um die Schraubenmutter entsprechend der Aufwickelgeschwindigkeit anzutreiben.<\/li>\n<li data-source-line=\"6\">Siemens S7-200PLC vereint den Schaltschrank mit Kanal- und Signalanschl\u00fcssen.<\/li>\n<li data-source-line=\"7\">Die Geschwindigkeitsmaschine treibt Schraubenmuttern so an, dass sie sich unabh\u00e4ngig oder gleichzeitig heben\/senken, um Effizienz und Flexibilit\u00e4t zu gew\u00e4hrleisten.<\/li>\n<\/ol>","protected":false},"featured_media":31119,"template":"","meta":{"site-sidebar-layout":"default","site-content-layout":"default","ast-global-header-display":"","ast-banner-title-visibility":"","ast-main-header-display":"","ast-hfb-above-header-display":"","ast-hfb-below-header-display":"","ast-hfb-mobile-header-display":"","site-post-title":"","ast-breadcrumbs-content":"","ast-featured-img":"","footer-sml-layout":"","theme-transparent-header-meta":"default","adv-header-id-meta":"","stick-header-meta":"","header-above-stick-meta":"","header-main-stick-meta":"","header-below-stick-meta":""},"product_brand":[],"product_cat":[48,135],"product_tag":[],"class_list":{"0":"post-30957","1":"product","2":"type-product","3":"status-publish","4":"has-post-thumbnail","6":"product_cat-wire-payoff-machine","7":"product_cat-gantry-type-pay-off-machine","8":"desktop-align-left","9":"tablet-align-left","10":"mobile-align-left","12":"first","13":"instock","14":"shipping-taxable","15":"product-type-simple"},"yoast_head":"<!-- This site is optimized with the Yoast SEO Premium plugin v20.12 (Yoast SEO v26.0) - https:\/\/yoast.com\/wordpress\/plugins\/seo\/ -->\n<title>QP1250-2500 Drum Pay Off Machine - QiPang<\/title>\n<meta name=\"robots\" content=\"index, follow, max-snippet:-1, max-image-preview:large, max-video-preview:-1\" \/>\n<link rel=\"canonical\" href=\"https:\/\/rollingringdrives.com\/de\/produkt\/qp1250-2500-trommelauszahlungsmaschine\/\" \/>\n<meta property=\"og:locale\" content=\"de_DE\" \/>\n<meta property=\"og:type\" content=\"article\" \/>\n<meta property=\"og:title\" content=\"QP1250-2500 Drum Pay Off Machine\" \/>\n<meta property=\"og:description\" content=\"Features:   QP1250-2500 End Shaft Type Payoff Machine is created with bending and welding.  Motors clamp the two tops of tensioning reel to drive the screw nut, following take-up speed.  Siemens S7-200PLC unifies the control cabinet with channel and signal connections.  The speed machine drives screw nuts to rise\/fall independently or simultaneously for efficiency and flexibility.\" \/>\n<meta property=\"og:url\" content=\"https:\/\/rollingringdrives.com\/de\/produkt\/qp1250-2500-trommelauszahlungsmaschine\/\" \/>\n<meta property=\"og:site_name\" content=\"QiPang\" \/>\n<meta property=\"article:modified_time\" content=\"2025-07-07T08:13:42+00:00\" \/>\n<meta property=\"og:image\" content=\"https:\/\/rollingringdrives.com\/wp-content\/uploads\/2024\/01\/\u7aef\u8f74\u5f0f\u6536\u7ebf\u673a-1_\u526f\u672c.jpg\" \/>\n\t<meta property=\"og:image:width\" content=\"600\" \/>\n\t<meta property=\"og:image:height\" content=\"600\" \/>\n\t<meta property=\"og:image:type\" content=\"image\/jpeg\" \/>\n<meta name=\"twitter:card\" content=\"summary_large_image\" \/>\n<meta name=\"twitter:label1\" content=\"Gesch\u00e4tzte Lesezeit\" \/>\n\t<meta name=\"twitter:data1\" content=\"2\u00a0Minuten\" \/>\n<script type=\"application\/ld+json\" class=\"yoast-schema-graph\">{\"@context\":\"https:\/\/schema.org\",\"@graph\":[{\"@type\":\"WebPage\",\"@id\":\"https:\/\/rollingringdrives.com\/product\/qp1250-2500-drum-pay-off-machine\/\",\"url\":\"https:\/\/rollingringdrives.com\/product\/qp1250-2500-drum-pay-off-machine\/\",\"name\":\"QP1250-2500 Drum Pay Off Machine - QiPang\",\"isPartOf\":{\"@id\":\"https:\/\/rollingringdrives.com\/#website\"},\"primaryImageOfPage\":{\"@id\":\"https:\/\/rollingringdrives.com\/product\/qp1250-2500-drum-pay-off-machine\/#primaryimage\"},\"image\":{\"@id\":\"https:\/\/rollingringdrives.com\/product\/qp1250-2500-drum-pay-off-machine\/#primaryimage\"},\"thumbnailUrl\":\"https:\/\/rollingringdrives.com\/wp-content\/uploads\/2024\/01\/\u7aef\u8f74\u5f0f\u6536\u7ebf\u673a-1_\u526f\u672c.jpg\",\"datePublished\":\"2024-01-10T08:40:34+00:00\",\"dateModified\":\"2025-07-07T08:13:42+00:00\",\"breadcrumb\":{\"@id\":\"https:\/\/rollingringdrives.com\/product\/qp1250-2500-drum-pay-off-machine\/#breadcrumb\"},\"inLanguage\":\"de\",\"potentialAction\":[{\"@type\":\"ReadAction\",\"target\":[\"https:\/\/rollingringdrives.com\/product\/qp1250-2500-drum-pay-off-machine\/\"]}]},{\"@type\":\"ImageObject\",\"inLanguage\":\"de\",\"@id\":\"https:\/\/rollingringdrives.com\/product\/qp1250-2500-drum-pay-off-machine\/#primaryimage\",\"url\":\"https:\/\/rollingringdrives.com\/wp-content\/uploads\/2024\/01\/\u7aef\u8f74\u5f0f\u6536\u7ebf\u673a-1_\u526f\u672c.jpg\",\"contentUrl\":\"https:\/\/rollingringdrives.com\/wp-content\/uploads\/2024\/01\/\u7aef\u8f74\u5f0f\u6536\u7ebf\u673a-1_\u526f\u672c.jpg\",\"width\":600,\"height\":600,\"caption\":\"QP1250-2500 Drum Pay Off Machine\"},{\"@type\":\"BreadcrumbList\",\"@id\":\"https:\/\/rollingringdrives.com\/product\/qp1250-2500-drum-pay-off-machine\/#breadcrumb\",\"itemListElement\":[{\"@type\":\"ListItem\",\"position\":1,\"name\":\"Home\",\"item\":\"https:\/\/rollingringdrives.com\/\"},{\"@type\":\"ListItem\",\"position\":2,\"name\":\"Machines\",\"item\":\"https:\/\/rollingringdrives.com\/machines\/\"},{\"@type\":\"ListItem\",\"position\":3,\"name\":\"QP1250-2500 Drum Pay Off Machine\"}]},{\"@type\":\"WebSite\",\"@id\":\"https:\/\/rollingringdrives.com\/#website\",\"url\":\"https:\/\/rollingringdrives.com\/\",\"name\":\"QiPang\",\"description\":\"QiPang Blog\",\"publisher\":{\"@id\":\"https:\/\/rollingringdrives.com\/#organization\"},\"potentialAction\":[{\"@type\":\"SearchAction\",\"target\":{\"@type\":\"EntryPoint\",\"urlTemplate\":\"https:\/\/rollingringdrives.com\/?s={search_term_string}\"},\"query-input\":{\"@type\":\"PropertyValueSpecification\",\"valueRequired\":true,\"valueName\":\"search_term_string\"}}],\"inLanguage\":\"de\"},{\"@type\":\"Organization\",\"@id\":\"https:\/\/rollingringdrives.com\/#organization\",\"name\":\"QiPang\",\"url\":\"https:\/\/rollingringdrives.com\/\",\"logo\":{\"@type\":\"ImageObject\",\"inLanguage\":\"de\",\"@id\":\"https:\/\/rollingringdrives.com\/#\/schema\/logo\/image\/\",\"url\":\"https:\/\/rollingringdrives.com\/wp-content\/uploads\/2023\/05\/cropped-\u672a\u547d\u540d\u7684\u8bbe\u8ba1.png\",\"contentUrl\":\"https:\/\/rollingringdrives.com\/wp-content\/uploads\/2023\/05\/cropped-\u672a\u547d\u540d\u7684\u8bbe\u8ba1.png\",\"width\":300,\"height\":191,\"caption\":\"QiPang\"},\"image\":{\"@id\":\"https:\/\/rollingringdrives.com\/#\/schema\/logo\/image\/\"}}]}<\/script>\n<!-- \/ Yoast SEO Premium plugin. -->","yoast_head_json":{"title":"Trommelauszahlungsmaschine QP1250-2500 \u2013 QiPang","robots":{"index":"index","follow":"follow","max-snippet":"max-snippet:-1","max-image-preview":"max-image-preview:large","max-video-preview":"max-video-preview:-1"},"canonical":"https:\/\/rollingringdrives.com\/de\/produkt\/qp1250-2500-trommelauszahlungsmaschine\/","og_locale":"de_DE","og_type":"article","og_title":"QP1250-2500 Drum Pay Off Machine","og_description":"Features:   QP1250-2500 End Shaft Type Payoff Machine is created with bending and welding.  Motors clamp the two tops of tensioning reel to drive the screw nut, following take-up speed.  Siemens S7-200PLC unifies the control cabinet with channel and signal connections.  The speed machine drives screw nuts to rise\/fall independently or simultaneously for efficiency and flexibility.","og_url":"https:\/\/rollingringdrives.com\/de\/produkt\/qp1250-2500-trommelauszahlungsmaschine\/","og_site_name":"QiPang","article_modified_time":"2025-07-07T08:13:42+00:00","og_image":[{"width":600,"height":600,"url":"https:\/\/rollingringdrives.com\/wp-content\/uploads\/2024\/01\/\u7aef\u8f74\u5f0f\u6536\u7ebf\u673a-1_\u526f\u672c.jpg","type":"image\/jpeg"}],"twitter_card":"summary_large_image","twitter_misc":{"Gesch\u00e4tzte Lesezeit":"2\u00a0Minuten"},"schema":{"@context":"https:\/\/schema.org","@graph":[{"@type":"WebPage","@id":"https:\/\/rollingringdrives.com\/product\/qp1250-2500-drum-pay-off-machine\/","url":"https:\/\/rollingringdrives.com\/product\/qp1250-2500-drum-pay-off-machine\/","name":"Trommelauszahlungsmaschine QP1250-2500 \u2013 QiPang","isPartOf":{"@id":"https:\/\/rollingringdrives.com\/#website"},"primaryImageOfPage":{"@id":"https:\/\/rollingringdrives.com\/product\/qp1250-2500-drum-pay-off-machine\/#primaryimage"},"image":{"@id":"https:\/\/rollingringdrives.com\/product\/qp1250-2500-drum-pay-off-machine\/#primaryimage"},"thumbnailUrl":"https:\/\/rollingringdrives.com\/wp-content\/uploads\/2024\/01\/\u7aef\u8f74\u5f0f\u6536\u7ebf\u673a-1_\u526f\u672c.jpg","datePublished":"2024-01-10T08:40:34+00:00","dateModified":"2025-07-07T08:13:42+00:00","breadcrumb":{"@id":"https:\/\/rollingringdrives.com\/product\/qp1250-2500-drum-pay-off-machine\/#breadcrumb"},"inLanguage":"de","potentialAction":[{"@type":"ReadAction","target":["https:\/\/rollingringdrives.com\/product\/qp1250-2500-drum-pay-off-machine\/"]}]},{"@type":"ImageObject","inLanguage":"de","@id":"https:\/\/rollingringdrives.com\/product\/qp1250-2500-drum-pay-off-machine\/#primaryimage","url":"https:\/\/rollingringdrives.com\/wp-content\/uploads\/2024\/01\/\u7aef\u8f74\u5f0f\u6536\u7ebf\u673a-1_\u526f\u672c.jpg","contentUrl":"https:\/\/rollingringdrives.com\/wp-content\/uploads\/2024\/01\/\u7aef\u8f74\u5f0f\u6536\u7ebf\u673a-1_\u526f\u672c.jpg","width":600,"height":600,"caption":"QP1250-2500 Drum Pay Off Machine"},{"@type":"BreadcrumbList","@id":"https:\/\/rollingringdrives.com\/product\/qp1250-2500-drum-pay-off-machine\/#breadcrumb","itemListElement":[{"@type":"ListItem","position":1,"name":"Home","item":"https:\/\/rollingringdrives.com\/"},{"@type":"ListItem","position":2,"name":"Machines","item":"https:\/\/rollingringdrives.com\/machines\/"},{"@type":"ListItem","position":3,"name":"QP1250-2500 Drum Pay Off Machine"}]},{"@type":"WebSite","@id":"https:\/\/rollingringdrives.com\/#website","url":"https:\/\/rollingringdrives.com\/","name":"QiPang","description":"QiPang-Blog","publisher":{"@id":"https:\/\/rollingringdrives.com\/#organization"},"potentialAction":[{"@type":"SearchAction","target":{"@type":"EntryPoint","urlTemplate":"https:\/\/rollingringdrives.com\/?s={search_term_string}"},"query-input":{"@type":"PropertyValueSpecification","valueRequired":true,"valueName":"search_term_string"}}],"inLanguage":"de"},{"@type":"Organization","@id":"https:\/\/rollingringdrives.com\/#organization","name":"QiPang","url":"https:\/\/rollingringdrives.com\/","logo":{"@type":"ImageObject","inLanguage":"de","@id":"https:\/\/rollingringdrives.com\/#\/schema\/logo\/image\/","url":"https:\/\/rollingringdrives.com\/wp-content\/uploads\/2023\/05\/cropped-\u672a\u547d\u540d\u7684\u8bbe\u8ba1.png","contentUrl":"https:\/\/rollingringdrives.com\/wp-content\/uploads\/2023\/05\/cropped-\u672a\u547d\u540d\u7684\u8bbe\u8ba1.png","width":300,"height":191,"caption":"QiPang"},"image":{"@id":"https:\/\/rollingringdrives.com\/#\/schema\/logo\/image\/"}}]}},"_links":{"self":[{"href":"https:\/\/rollingringdrives.com\/de\/wp-json\/wp\/v2\/product\/30957","targetHints":{"allow":["GET"]}}],"collection":[{"href":"https:\/\/rollingringdrives.com\/de\/wp-json\/wp\/v2\/product"}],"about":[{"href":"https:\/\/rollingringdrives.com\/de\/wp-json\/wp\/v2\/types\/product"}],"version-history":[{"count":0,"href":"https:\/\/rollingringdrives.com\/de\/wp-json\/wp\/v2\/product\/30957\/revisions"}],"wp:featuredmedia":[{"embeddable":true,"href":"https:\/\/rollingringdrives.com\/de\/wp-json\/wp\/v2\/media\/31119"}],"wp:attachment":[{"href":"https:\/\/rollingringdrives.com\/de\/wp-json\/wp\/v2\/media?parent=30957"}],"wp:term":[{"taxonomy":"product_brand","embeddable":true,"href":"https:\/\/rollingringdrives.com\/de\/wp-json\/wp\/v2\/product_brand?post=30957"},{"taxonomy":"product_cat","embeddable":true,"href":"https:\/\/rollingringdrives.com\/de\/wp-json\/wp\/v2\/product_cat?post=30957"},{"taxonomy":"product_tag","embeddable":true,"href":"https:\/\/rollingringdrives.com\/de\/wp-json\/wp\/v2\/product_tag?post=30957"}],"curies":[{"name":"wp","href":"https:\/\/api.w.org\/{rel}","templated":true}]}}