{"id":30962,"date":"2024-01-10T09:15:44","date_gmt":"2024-01-10T09:15:44","guid":{"rendered":"https:\/\/rollingringdrives.com\/?post_type=product&#038;p=30962"},"modified":"2025-07-07T08:13:28","modified_gmt":"2025-07-07T08:13:28","slug":"qp800-2000mm-a-type-floor-gantry-type-pay-off-stand","status":"publish","type":"product","link":"https:\/\/rollingringdrives.com\/de\/produkt\/qp800-2000-mm-a-typ-auszahlungsstander-mit-bodenportal\/","title":{"rendered":"Qp800-2000mm A-Typ Boden-\/Portal-Auszahlst\u00e4nder"},"content":{"rendered":"<p>Der A-Typ-Portalauszahlungsstand ist in zwei Typen unterteilt. Das eine ist die Aufnahme und Abf\u00fchrung durch das Portal, das andere die Aufnahme und Abf\u00fchrung am Schachtende. Sie dienen alle der Kabelaufnahme und -abwicklung. Die Besonderheit des Aufnahme- und Abwickelportals besteht darin, dass das Lastgewicht gr\u00f6\u00dfer ist. das automatische Fahren entsprechend der Kabelgr\u00f6\u00dfe. sch\u00f6nes Aussehen, bequeme Bedienung und so weiter. Das Auf- und Abwickeln am Wellenende zeichnet sich durch niedrige Herstellungskosten, eine bequeme Handhabung der Werkzeugachse, eine geringere Belastung und andere Vor- und Nachteile aus.<\/p>\n<div id=\"footable_parent_30966\"\n         class=\"footable_parent ninja_table_wrapper loading_ninja_table wp_table_data_press_parent semantic_ui\">\n                <table data-ninja_table_instance=\"ninja_table_instance_0\" data-footable_id=\"30966\" data-filter-delay=\"1000\" aria-label=\"\u9f99\u95e8\u653e\u7ebf.csv\"            id=\"footable_30966\"\n           data-unique_identifier=\"ninja_table_unique_id_754250526_30966\"\n           class=\"foo-table ninja_footable foo_table_30966 ninja_table_unique_id_754250526_30966 ui table  nt_type_legacy_table selectable striped vertical_centered  footable-paging-right ninja_table_pro\">\n                <colgroup>\n                            <col class=\"ninja_column_0\">\n                            <col class=\"ninja_column_1\">\n                    <\/colgroup>\n        <thead>\n<tr class=\"footable-header\">\n                                        <th scope=\"col\"  class=\"ninja_column_0 ninja_clmn_nm_modelspecifications\">Modellspezifikationen<\/th><th scope=\"col\"  class=\"ninja_column_1 ninja_clmn_nm_qpa82\">QPA800\/2000<\/th><\/tr>\n<\/thead>\n<tbody>\n\n        <tr data-row_id=\"1687\" class=\"ninja_table_row_0 nt_row_id_1687\">\n            <td>Kabeldurchmesser<\/td><td>\u03a67-70<\/td>        <\/tr>\n            <tr data-row_id=\"1688\" class=\"ninja_table_row_1 nt_row_id_1688\">\n            <td>Rollendurchmesser<\/td><td>\u03a6800\/2000<\/td>        <\/tr>\n            <tr data-row_id=\"1689\" class=\"ninja_table_row_2 nt_row_id_1689\">\n            <td>Rollenbreite<\/td><td>600-1500<\/td>        <\/tr>\n            <tr data-row_id=\"1690\" class=\"ninja_table_row_3 nt_row_id_1690\">\n            <td>Aufnahmegeschwindigkeit<\/td><td>3-100 m\/min<\/td>        <\/tr>\n            <tr data-row_id=\"1691\" class=\"ninja_table_row_4 nt_row_id_1691\">\n            <td>Kabelgenauigkeit<\/td><td>45293<\/td>        <\/tr>\n            <tr data-row_id=\"1692\" class=\"ninja_table_row_5 nt_row_id_1692\">\n            <td>Tragf\u00e4higkeit <\/td><td>8<\/td>        <\/tr>\n    <\/tbody><!--ninja_tobody_rendering_done-->\n    <\/table>\n    \n    \n    \n<\/div>\n\n<p><b>Ger\u00e4testruktur<\/b><br \/>\n1. Der Maschinenrahmen besteht aus hochwertigem rechteckigem Stahlrohr und zusammengeschwei\u00dfter Stahlplatte. Balken mit zwei gro\u00dfen Balken, die durch eine Struktur verbunden sind, perfektes Aussehen, gute Steifigkeit, hohe Festigkeit.<br \/>\n2. \u00dcbernehmen Sie die Art des Hubbalkens, der gesamten Kabelrinne f\u00fcr die Verkabelung, die Durchf\u00fchrung der Abwicklung und Aufnahme.<br \/>\n3. Das Ger\u00e4t verf\u00fcgt \u00fcber ein AC-Motorgeschwindigkeitskabel mit variabler Frequenz, hohe Pr\u00e4zision und gleichm\u00e4\u00dfige Verkabelung.<br \/>\n4. Die programmierbare SPS-Steuerung kann in alle Arten von Hosts integriert werden.<br \/>\n5. Hauptmotor der Aufwickelvorrichtung<br \/>\n\u2013 Der Hauptmotor verwendet einen Gleichstrommotor, die Steuerung ist ein europ\u00e4isches Serienprodukt<br \/>\n\u2013 Hauptmotor \u00fcbernehmen Frequenzumwandlung, Steuerung f\u00fcr Siemens<\/p>","protected":false},"excerpt":{"rendered":"<h2 id=\"1-eael-table-of-content\" class=\"xsj_heading_hash xsj_heading xsj_heading_h2 eael-heading-content\" data-source-line=\"1\" data-source-line-display=\"true\"><span class=\"xsj_heading_content\">Merkmale:<\/span><\/h2>\n<ol class=\"markdown_ol\" data-source-line=\"3\">\n<li data-source-line=\"3\">Vielseitigkeit.<\/li>\n<li data-source-line=\"4\">Stabilit\u00e4t.<\/li>\n<li data-source-line=\"5\">Hohe Tragf\u00e4higkeit.<\/li>\n<li data-source-line=\"6\">Erleichterte Installation.<\/li>\n<li data-source-line=\"7\">Haltbarkeit.<\/li>\n<\/ol>","protected":false},"featured_media":30967,"template":"","meta":{"site-sidebar-layout":"default","site-content-layout":"default","ast-global-header-display":"","ast-banner-title-visibility":"","ast-main-header-display":"","ast-hfb-above-header-display":"","ast-hfb-below-header-display":"","ast-hfb-mobile-header-display":"","site-post-title":"","ast-breadcrumbs-content":"","ast-featured-img":"","footer-sml-layout":"","theme-transparent-header-meta":"default","adv-header-id-meta":"","stick-header-meta":"","header-above-stick-meta":"","header-main-stick-meta":"","header-below-stick-meta":""},"product_brand":[],"product_cat":[48,135],"product_tag":[],"class_list":{"0":"post-30962","1":"product","2":"type-product","3":"status-publish","4":"has-post-thumbnail","6":"product_cat-wire-payoff-machine","7":"product_cat-gantry-type-pay-off-machine","8":"desktop-align-left","9":"tablet-align-left","10":"mobile-align-left","12":"first","13":"instock","14":"shipping-taxable","15":"product-type-simple"},"yoast_head":"<!-- This site is optimized with the Yoast SEO Premium plugin v20.12 (Yoast SEO v26.0) - https:\/\/yoast.com\/wordpress\/plugins\/seo\/ -->\n<title>Qp800-2000mm A-Type Floor\/Gantry Type Pay-off Stand - QiPang<\/title>\n<meta name=\"robots\" content=\"index, follow, max-snippet:-1, max-image-preview:large, max-video-preview:-1\" \/>\n<link rel=\"canonical\" href=\"https:\/\/rollingringdrives.com\/de\/produkt\/qp800-2000-mm-a-typ-auszahlungsstander-mit-bodenportal\/\" \/>\n<meta property=\"og:locale\" content=\"de_DE\" \/>\n<meta property=\"og:type\" content=\"article\" \/>\n<meta property=\"og:title\" content=\"Qp800-2000mm A-Type Floor\/Gantry Type Pay-off Stand\" \/>\n<meta property=\"og:description\" content=\"Features:   Versatility.  Stability.  High Load Capacity.  Ease of Installation.  Durability.\" \/>\n<meta property=\"og:url\" content=\"https:\/\/rollingringdrives.com\/de\/produkt\/qp800-2000-mm-a-typ-auszahlungsstander-mit-bodenportal\/\" \/>\n<meta property=\"og:site_name\" content=\"QiPang\" \/>\n<meta property=\"article:modified_time\" content=\"2025-07-07T08:13:28+00:00\" \/>\n<meta property=\"og:image\" content=\"https:\/\/rollingringdrives.com\/wp-content\/uploads\/2024\/01\/A\u5b57\u9f99\u95e8\u6536\u7ebf2_\u526f\u672c.jpg\" \/>\n\t<meta property=\"og:image:width\" content=\"600\" \/>\n\t<meta property=\"og:image:height\" content=\"600\" \/>\n\t<meta property=\"og:image:type\" content=\"image\/jpeg\" \/>\n<meta name=\"twitter:card\" content=\"summary_large_image\" \/>\n<meta name=\"twitter:label1\" content=\"Gesch\u00e4tzte Lesezeit\" \/>\n\t<meta name=\"twitter:data1\" content=\"1\u00a0Minute\" \/>\n<script type=\"application\/ld+json\" class=\"yoast-schema-graph\">{\"@context\":\"https:\/\/schema.org\",\"@graph\":[{\"@type\":\"WebPage\",\"@id\":\"https:\/\/rollingringdrives.com\/product\/qp800-2000mm-a-type-floor-gantry-type-pay-off-stand\/\",\"url\":\"https:\/\/rollingringdrives.com\/product\/qp800-2000mm-a-type-floor-gantry-type-pay-off-stand\/\",\"name\":\"Qp800-2000mm A-Type Floor\/Gantry Type Pay-off Stand - QiPang\",\"isPartOf\":{\"@id\":\"https:\/\/rollingringdrives.com\/#website\"},\"primaryImageOfPage\":{\"@id\":\"https:\/\/rollingringdrives.com\/product\/qp800-2000mm-a-type-floor-gantry-type-pay-off-stand\/#primaryimage\"},\"image\":{\"@id\":\"https:\/\/rollingringdrives.com\/product\/qp800-2000mm-a-type-floor-gantry-type-pay-off-stand\/#primaryimage\"},\"thumbnailUrl\":\"https:\/\/rollingringdrives.com\/wp-content\/uploads\/2024\/01\/A\u5b57\u9f99\u95e8\u6536\u7ebf2_\u526f\u672c.jpg\",\"datePublished\":\"2024-01-10T09:15:44+00:00\",\"dateModified\":\"2025-07-07T08:13:28+00:00\",\"breadcrumb\":{\"@id\":\"https:\/\/rollingringdrives.com\/product\/qp800-2000mm-a-type-floor-gantry-type-pay-off-stand\/#breadcrumb\"},\"inLanguage\":\"de\",\"potentialAction\":[{\"@type\":\"ReadAction\",\"target\":[\"https:\/\/rollingringdrives.com\/product\/qp800-2000mm-a-type-floor-gantry-type-pay-off-stand\/\"]}]},{\"@type\":\"ImageObject\",\"inLanguage\":\"de\",\"@id\":\"https:\/\/rollingringdrives.com\/product\/qp800-2000mm-a-type-floor-gantry-type-pay-off-stand\/#primaryimage\",\"url\":\"https:\/\/rollingringdrives.com\/wp-content\/uploads\/2024\/01\/A\u5b57\u9f99\u95e8\u6536\u7ebf2_\u526f\u672c.jpg\",\"contentUrl\":\"https:\/\/rollingringdrives.com\/wp-content\/uploads\/2024\/01\/A\u5b57\u9f99\u95e8\u6536\u7ebf2_\u526f\u672c.jpg\",\"width\":600,\"height\":600,\"caption\":\"Gantry Pay-off Stand\"},{\"@type\":\"BreadcrumbList\",\"@id\":\"https:\/\/rollingringdrives.com\/product\/qp800-2000mm-a-type-floor-gantry-type-pay-off-stand\/#breadcrumb\",\"itemListElement\":[{\"@type\":\"ListItem\",\"position\":1,\"name\":\"Home\",\"item\":\"https:\/\/rollingringdrives.com\/\"},{\"@type\":\"ListItem\",\"position\":2,\"name\":\"Machines\",\"item\":\"https:\/\/rollingringdrives.com\/machines\/\"},{\"@type\":\"ListItem\",\"position\":3,\"name\":\"Qp800-2000mm A-Type Floor\/Gantry Type Pay-off Stand\"}]},{\"@type\":\"WebSite\",\"@id\":\"https:\/\/rollingringdrives.com\/#website\",\"url\":\"https:\/\/rollingringdrives.com\/\",\"name\":\"QiPang\",\"description\":\"QiPang Blog\",\"publisher\":{\"@id\":\"https:\/\/rollingringdrives.com\/#organization\"},\"potentialAction\":[{\"@type\":\"SearchAction\",\"target\":{\"@type\":\"EntryPoint\",\"urlTemplate\":\"https:\/\/rollingringdrives.com\/?s={search_term_string}\"},\"query-input\":{\"@type\":\"PropertyValueSpecification\",\"valueRequired\":true,\"valueName\":\"search_term_string\"}}],\"inLanguage\":\"de\"},{\"@type\":\"Organization\",\"@id\":\"https:\/\/rollingringdrives.com\/#organization\",\"name\":\"QiPang\",\"url\":\"https:\/\/rollingringdrives.com\/\",\"logo\":{\"@type\":\"ImageObject\",\"inLanguage\":\"de\",\"@id\":\"https:\/\/rollingringdrives.com\/#\/schema\/logo\/image\/\",\"url\":\"https:\/\/rollingringdrives.com\/wp-content\/uploads\/2023\/05\/cropped-\u672a\u547d\u540d\u7684\u8bbe\u8ba1.png\",\"contentUrl\":\"https:\/\/rollingringdrives.com\/wp-content\/uploads\/2023\/05\/cropped-\u672a\u547d\u540d\u7684\u8bbe\u8ba1.png\",\"width\":300,\"height\":191,\"caption\":\"QiPang\"},\"image\":{\"@id\":\"https:\/\/rollingringdrives.com\/#\/schema\/logo\/image\/\"}}]}<\/script>\n<!-- \/ Yoast SEO Premium plugin. -->","yoast_head_json":{"title":"Qp800-2000mm A-Typ Boden-\/Portal-Auszahlst\u00e4nder \u2013 QiPang","robots":{"index":"index","follow":"follow","max-snippet":"max-snippet:-1","max-image-preview":"max-image-preview:large","max-video-preview":"max-video-preview:-1"},"canonical":"https:\/\/rollingringdrives.com\/de\/produkt\/qp800-2000-mm-a-typ-auszahlungsstander-mit-bodenportal\/","og_locale":"de_DE","og_type":"article","og_title":"Qp800-2000mm A-Type Floor\/Gantry Type Pay-off Stand","og_description":"Features:   Versatility.  Stability.  High Load Capacity.  Ease of Installation.  Durability.","og_url":"https:\/\/rollingringdrives.com\/de\/produkt\/qp800-2000-mm-a-typ-auszahlungsstander-mit-bodenportal\/","og_site_name":"QiPang","article_modified_time":"2025-07-07T08:13:28+00:00","og_image":[{"width":600,"height":600,"url":"https:\/\/rollingringdrives.com\/wp-content\/uploads\/2024\/01\/A\u5b57\u9f99\u95e8\u6536\u7ebf2_\u526f\u672c.jpg","type":"image\/jpeg"}],"twitter_card":"summary_large_image","twitter_misc":{"Gesch\u00e4tzte Lesezeit":"1\u00a0Minute"},"schema":{"@context":"https:\/\/schema.org","@graph":[{"@type":"WebPage","@id":"https:\/\/rollingringdrives.com\/product\/qp800-2000mm-a-type-floor-gantry-type-pay-off-stand\/","url":"https:\/\/rollingringdrives.com\/product\/qp800-2000mm-a-type-floor-gantry-type-pay-off-stand\/","name":"Qp800-2000mm A-Typ Boden-\/Portal-Auszahlst\u00e4nder \u2013 QiPang","isPartOf":{"@id":"https:\/\/rollingringdrives.com\/#website"},"primaryImageOfPage":{"@id":"https:\/\/rollingringdrives.com\/product\/qp800-2000mm-a-type-floor-gantry-type-pay-off-stand\/#primaryimage"},"image":{"@id":"https:\/\/rollingringdrives.com\/product\/qp800-2000mm-a-type-floor-gantry-type-pay-off-stand\/#primaryimage"},"thumbnailUrl":"https:\/\/rollingringdrives.com\/wp-content\/uploads\/2024\/01\/A\u5b57\u9f99\u95e8\u6536\u7ebf2_\u526f\u672c.jpg","datePublished":"2024-01-10T09:15:44+00:00","dateModified":"2025-07-07T08:13:28+00:00","breadcrumb":{"@id":"https:\/\/rollingringdrives.com\/product\/qp800-2000mm-a-type-floor-gantry-type-pay-off-stand\/#breadcrumb"},"inLanguage":"de","potentialAction":[{"@type":"ReadAction","target":["https:\/\/rollingringdrives.com\/product\/qp800-2000mm-a-type-floor-gantry-type-pay-off-stand\/"]}]},{"@type":"ImageObject","inLanguage":"de","@id":"https:\/\/rollingringdrives.com\/product\/qp800-2000mm-a-type-floor-gantry-type-pay-off-stand\/#primaryimage","url":"https:\/\/rollingringdrives.com\/wp-content\/uploads\/2024\/01\/A\u5b57\u9f99\u95e8\u6536\u7ebf2_\u526f\u672c.jpg","contentUrl":"https:\/\/rollingringdrives.com\/wp-content\/uploads\/2024\/01\/A\u5b57\u9f99\u95e8\u6536\u7ebf2_\u526f\u672c.jpg","width":600,"height":600,"caption":"Gantry Pay-off Stand"},{"@type":"BreadcrumbList","@id":"https:\/\/rollingringdrives.com\/product\/qp800-2000mm-a-type-floor-gantry-type-pay-off-stand\/#breadcrumb","itemListElement":[{"@type":"ListItem","position":1,"name":"Home","item":"https:\/\/rollingringdrives.com\/"},{"@type":"ListItem","position":2,"name":"Machines","item":"https:\/\/rollingringdrives.com\/machines\/"},{"@type":"ListItem","position":3,"name":"Qp800-2000mm A-Type Floor\/Gantry Type Pay-off Stand"}]},{"@type":"WebSite","@id":"https:\/\/rollingringdrives.com\/#website","url":"https:\/\/rollingringdrives.com\/","name":"QiPang","description":"QiPang-Blog","publisher":{"@id":"https:\/\/rollingringdrives.com\/#organization"},"potentialAction":[{"@type":"SearchAction","target":{"@type":"EntryPoint","urlTemplate":"https:\/\/rollingringdrives.com\/?s={search_term_string}"},"query-input":{"@type":"PropertyValueSpecification","valueRequired":true,"valueName":"search_term_string"}}],"inLanguage":"de"},{"@type":"Organization","@id":"https:\/\/rollingringdrives.com\/#organization","name":"QiPang","url":"https:\/\/rollingringdrives.com\/","logo":{"@type":"ImageObject","inLanguage":"de","@id":"https:\/\/rollingringdrives.com\/#\/schema\/logo\/image\/","url":"https:\/\/rollingringdrives.com\/wp-content\/uploads\/2023\/05\/cropped-\u672a\u547d\u540d\u7684\u8bbe\u8ba1.png","contentUrl":"https:\/\/rollingringdrives.com\/wp-content\/uploads\/2023\/05\/cropped-\u672a\u547d\u540d\u7684\u8bbe\u8ba1.png","width":300,"height":191,"caption":"QiPang"},"image":{"@id":"https:\/\/rollingringdrives.com\/#\/schema\/logo\/image\/"}}]}},"_links":{"self":[{"href":"https:\/\/rollingringdrives.com\/de\/wp-json\/wp\/v2\/product\/30962","targetHints":{"allow":["GET"]}}],"collection":[{"href":"https:\/\/rollingringdrives.com\/de\/wp-json\/wp\/v2\/product"}],"about":[{"href":"https:\/\/rollingringdrives.com\/de\/wp-json\/wp\/v2\/types\/product"}],"version-history":[{"count":0,"href":"https:\/\/rollingringdrives.com\/de\/wp-json\/wp\/v2\/product\/30962\/revisions"}],"wp:featuredmedia":[{"embeddable":true,"href":"https:\/\/rollingringdrives.com\/de\/wp-json\/wp\/v2\/media\/30967"}],"wp:attachment":[{"href":"https:\/\/rollingringdrives.com\/de\/wp-json\/wp\/v2\/media?parent=30962"}],"wp:term":[{"taxonomy":"product_brand","embeddable":true,"href":"https:\/\/rollingringdrives.com\/de\/wp-json\/wp\/v2\/product_brand?post=30962"},{"taxonomy":"product_cat","embeddable":true,"href":"https:\/\/rollingringdrives.com\/de\/wp-json\/wp\/v2\/product_cat?post=30962"},{"taxonomy":"product_tag","embeddable":true,"href":"https:\/\/rollingringdrives.com\/de\/wp-json\/wp\/v2\/product_tag?post=30962"}],"curies":[{"name":"wp","href":"https:\/\/api.w.org\/{rel}","templated":true}]}}