{"id":30971,"date":"2024-01-10T09:39:01","date_gmt":"2024-01-10T09:39:01","guid":{"rendered":"https:\/\/rollingringdrives.com\/?post_type=product&#038;p=30971"},"modified":"2025-07-25T02:29:18","modified_gmt":"2025-07-25T02:29:18","slug":"gantry-type-cable-pay-off-and-take-up-machine","status":"publish","type":"product","link":"https:\/\/rollingringdrives.com\/de\/produkt\/gantry-kabelabwickel-und-aufwickelmaschine\/","title":{"rendered":"Gantry-Kabelabwickel- und Aufwickelmaschine"},"content":{"rendered":"<p>Die Abwickel- und Aufnahmemaschine f\u00fcr Kabel in Portalbauweise zeichnet sich durch hervorragendes Design, gute Verarbeitung und umfassende Funktionen aus. Die gesamte Maschine besteht aus zwei Bodenbalken mit Rolle, zwei S\u00e4ulen und H\u00fclsen-Teleskopbalken und einem elektrischen Steuerungssystem.<\/p>\n<p><img fetchpriority=\"high\" decoding=\"async\" class=\"alignnone size-full wp-image-32421\" src=\"https:\/\/rollingringdrives.com\/wp-content\/uploads\/2024\/01\/4.jpg\" alt=\"\" width=\"1060\" height=\"662\" srcset=\"https:\/\/rollingringdrives.com\/wp-content\/uploads\/2024\/01\/4.jpg 1060w, https:\/\/rollingringdrives.com\/wp-content\/uploads\/2024\/01\/4-300x187.jpg 300w, https:\/\/rollingringdrives.com\/wp-content\/uploads\/2024\/01\/4-1024x640.jpg 1024w, https:\/\/rollingringdrives.com\/wp-content\/uploads\/2024\/01\/4-768x480.jpg 768w, https:\/\/rollingringdrives.com\/wp-content\/uploads\/2024\/01\/4-18x12.jpg 18w, https:\/\/rollingringdrives.com\/wp-content\/uploads\/2024\/01\/4-600x375.jpg 600w\" sizes=\"(max-width: 1060px) 100vw, 1060px\" \/><\/p>\n<div id=\"footable_parent_32416\"\n         class=\"footable_parent ninja_table_wrapper loading_ninja_table wp_table_data_press_parent semantic_ui\">\n                <table data-ninja_table_instance=\"ninja_table_instance_0\" data-footable_id=\"32416\" data-filter-delay=\"1000\" aria-label=\"\u5b89\u5e86\u8c22\u603b\u9f99\u95e8\u6536\u6392\u53c2\u6570.csv\"            id=\"footable_32416\"\n           data-unique_identifier=\"ninja_table_unique_id_1087913004_32416\"\n           class=\"foo-table ninja_footable foo_table_32416 ninja_table_unique_id_1087913004_32416 ui table  nt_type_legacy_table selectable striped vertical_centered  footable-paging-right ninja_table_pro\">\n                <colgroup>\n                            <col class=\"ninja_column_0\">\n                            <col class=\"ninja_column_1\">\n                            <col class=\"ninja_column_2\">\n                            <col class=\"ninja_column_3\">\n                    <\/colgroup>\n        <thead>\n<tr class=\"footable-header\">\n                                                                        <th scope=\"col\"  class=\"ninja_column_0 ninja_clmn_nm_model\">Modell<\/th><th scope=\"col\"  class=\"ninja_column_1 ninja_clmn_nm_qp2\">QP2000<\/th><th scope=\"col\"  class=\"ninja_column_2 ninja_clmn_nm_qp25\">QP2500<\/th><th scope=\"col\"  class=\"ninja_column_3 ninja_clmn_nm_qp315\">QP3150<\/th><\/tr>\n<\/thead>\n<tbody>\n\n        <tr data-row_id=\"1793\" class=\"ninja_table_row_0 nt_row_id_1793\">\n            <td><\/td><td><\/td><td><\/td><td><\/td>        <\/tr>\n            <tr data-row_id=\"1794\" class=\"ninja_table_row_1 nt_row_id_1794\">\n            <td>Geeigneter Materialdurchmesser<\/td><td>3-80 mm<\/td><td>3-100 mm<\/td><td>3-100 mm<\/td>        <\/tr>\n            <tr data-row_id=\"1795\" class=\"ninja_table_row_2 nt_row_id_1795\">\n            <td>Spannmotor:<\/td><td>BLD10-11-1,1KW<\/td><td>BLD10-11-1,1KW<\/td><td>BWY10-23-1,1KW<\/td>        <\/tr>\n            <tr data-row_id=\"1796\" class=\"ninja_table_row_3 nt_row_id_1796\">\n            <td>Rollenhebemotor<\/td><td>BLY11-29-1,5KW<\/td><td>BLY11-29-1,5KW<\/td><td>BLY10-29-2,2KW<\/td>        <\/tr>\n            <tr data-row_id=\"1797\" class=\"ninja_table_row_4 nt_row_id_1797\">\n            <td>Kabelmotor<\/td><td>1,5 kW Servomotor<\/td><td>1,5 kW Servomotor<\/td><td>BWEY121-595-1.5KW Frequenzumwandlung<\/td>        <\/tr>\n            <tr data-row_id=\"1798\" class=\"ninja_table_row_5 nt_row_id_1798\">\n            <td><\/td><td><\/td><td><\/td><td><\/td>        <\/tr>\n            <tr data-row_id=\"1799\" class=\"ninja_table_row_6 nt_row_id_1799\">\n            <td>Hauptmotor f\u00fcr Aufwickelmaschine<\/td><td>AC-Motor mit variabler Frequenz 7,5 kW<\/td><td>AC-Frequenzumrichtermotor 11KW<\/td><td>AC-Motor mit variabler Frequenz 15 kW<\/td>        <\/tr>\n            <tr data-row_id=\"1800\" class=\"ninja_table_row_7 nt_row_id_1800\">\n            <td>Stromversorgung<\/td><td>380 V, 3-phasig, 50 Hz Oder anpassen<\/td><td>380 V, 3-phasig, 50 Hz Oder anpassen<\/td><td>380 V, 3-phasig, 50 Hz Oder anpassen<\/td>        <\/tr>\n            <tr data-row_id=\"1801\" class=\"ninja_table_row_8 nt_row_id_1801\">\n            <td>Ger\u00e4tefarbe<\/td><td>RAL5015 blau<\/td><td>RAL5015 blau<\/td><td>RAL5015 blau<\/td>        <\/tr>\n    <\/tbody><!--ninja_tobody_rendering_done-->\n    <\/table>\n    \n    \n    \n<\/div>\n\n<p><strong>Verwenden:<\/strong><\/p>\n<p>Diese Maschine eignet sich zum Extrudieren, Vernetzen, Verkabeln, Wickeln verschiedener Dr\u00e4hte, Kabel und Kommunikationskabel sowie f\u00fcr Ger\u00e4te zur Kabelherstellung usw.<\/p>\n<div class=\"WaaZC\">\n<div class=\"RJPOee EIJn2\">\n<div class=\"rPeykc pyPiTc\" data-hveid=\"CA4QAQ\" data-ved=\"2ahUKEwiRz7P999aOAxUCZPUHHYXXERsQo_EKegQIDhAB\"><span class=\"HzN33d\" data-huuid=\"1114607302587551849\">Hauptmerkmale und Eigenschaften:<\/span><\/div>\n<\/div>\n<\/div>\n<div class=\"WaaZC\">\n<div class=\"RJPOee EIJn2\">\n<ul data-hveid=\"CDQQAQ\" data-ved=\"2ahUKEwiRz7P999aOAxUCZPUHHYXXERsQm_YKegQINBAB\">\n<li class=\"K3KsMc\">\n<div class=\"zMgcWd dSKvsb\" data-il=\"\">\n<div data-crb-p=\"\">\n<div class=\"xFTqob\">\n<div class=\"Gur8Ad\"><span class=\"HzN33d\" data-huuid=\"1114607302587555658\"><strong>Starke Struktur:<\/strong><\/span><\/div>\n<div class=\"vM0jzc\"><span class=\"HzN33d\" data-huuid=\"1114607302587554197\">Der Portalrahmen bietet eine stabile und robuste Plattform f\u00fcr die Handhabung gro\u00dfer und schwerer Rollen.<span class=\"pjBG2e\" data-cid=\"64b9e3f6-34f3-4de6-ba51-8382ba0d7d38\"><span class=\"UV3uM\">\u00a0<\/span><\/span><\/span><\/p>\n<div class=\"NPrrbc\" data-cid=\"64b9e3f6-34f3-4de6-ba51-8382ba0d7d38\" data-uuids=\"1114607302587555658,1114607302587554197\">\n<div class=\"BMebGe btku5b fCrZyc LwdV0e FR7ZSc qVhvac OJeuxf\" tabindex=\"0\" role=\"button\" aria-label=\"\u67e5\u770b\u76f8\u5173\u94fe\u63a5\" data-hveid=\"CCgQAQ\" data-ved=\"2ahUKEwiRz7P999aOAxUCZPUHHYXXERsQ3fYKegQIKBAB\">\n<div class=\"niO4u\">\n<div class=\"kHtcsd\"><\/div>\n<\/div>\n<\/div>\n<\/div>\n<\/div>\n<\/div>\n<\/div>\n<\/div>\n<\/li>\n<li class=\"K3KsMc\">\n<div class=\"zMgcWd dSKvsb\" data-il=\"\">\n<div data-crb-p=\"\">\n<div class=\"xFTqob\">\n<div class=\"Gur8Ad\"><span class=\"HzN33d\" data-huuid=\"1114607302587555371\"><strong>Gro\u00dfe Rollenkapazit\u00e4t:<\/strong><\/span><\/div>\n<div class=\"vM0jzc\"><span class=\"HzN33d\" data-huuid=\"1114607302587553910\">Geeignet f\u00fcr Rollen mit Flanschdurchmessern von 1000 mm bis 31000 mm und Rollengewichten bis zu 18 t<\/span><\/p>\n<div class=\"NPrrbc\" data-cid=\"7a9eb36c-b36b-44d9-99c2-334b52b02c0c\" data-uuids=\"1114607302587555371,1114607302587553910\">\n<div class=\"BMebGe btku5b fCrZyc LwdV0e FR7ZSc qVhvac OJeuxf\" tabindex=\"0\" role=\"button\" aria-label=\"\u67e5\u770b\u76f8\u5173\u94fe\u63a5\" data-hveid=\"CCwQAQ\" data-ved=\"2ahUKEwiRz7P999aOAxUCZPUHHYXXERsQ3fYKegQILBAB\">\n<div class=\"niO4u\">\n<div class=\"kHtcsd\"><\/div>\n<\/div>\n<\/div>\n<\/div>\n<\/div>\n<\/div>\n<\/div>\n<\/div>\n<\/li>\n<li class=\"K3KsMc\">\n<div class=\"zMgcWd dSKvsb\" data-il=\"\">\n<div data-crb-p=\"\">\n<div class=\"xFTqob\">\n<div class=\"Gur8Ad\"><span class=\"HzN33d\" data-huuid=\"1114607302587555084\"><strong>Rollenhandhabung:<\/strong><\/span><\/div>\n<div class=\"vM0jzc\"><span class=\"HzN33d\" data-huuid=\"1114607302587553623\">Rollen werden auf Zapfen (Wellen) platziert und k\u00f6nnen mit Hilfe von Zapfenadaptern und Motoren zum Heben und Senken be- und entladen werden.<span class=\"pjBG2e\" data-cid=\"f6b9efb2-9d50-4c01-bd75-d45f6c15b982\"><span class=\"UV3uM\">\u00a0<\/span><\/span><\/span><\/p>\n<div class=\"NPrrbc\" data-cid=\"f6b9efb2-9d50-4c01-bd75-d45f6c15b982\" data-uuids=\"1114607302587555084,1114607302587553623\">\n<div class=\"BMebGe btku5b fCrZyc LwdV0e FR7ZSc qVhvac OJeuxf\" tabindex=\"0\" role=\"button\" aria-label=\"\u67e5\u770b\u76f8\u5173\u94fe\u63a5\" data-hveid=\"CC4QAQ\" data-ved=\"2ahUKEwiRz7P999aOAxUCZPUHHYXXERsQ3fYKegQILhAB\">\n<div class=\"niO4u\">\n<div class=\"kHtcsd\"><\/div>\n<\/div>\n<\/div>\n<\/div>\n<\/div>\n<\/div>\n<\/div>\n<\/div>\n<\/li>\n<li class=\"K3KsMc\">\n<div class=\"zMgcWd dSKvsb\" data-il=\"\">\n<div data-crb-p=\"\">\n<div class=\"xFTqob\">\n<div class=\"Gur8Ad\"><span class=\"HzN33d\" data-huuid=\"1114607302587554797\"><strong>Verfahrmechanismus:<\/strong><\/span><\/div>\n<div class=\"vM0jzc\"><span class=\"HzN33d\" data-huuid=\"1114607302587553336\">Eine Verfahreinheit bewegt die Rolle auf Schienen nach links und rechts und kann auch f\u00fcr die Vorw\u00e4rts- und R\u00fcckw\u00e4rtsbewegung angepasst werden.<span class=\"pjBG2e\" data-cid=\"635b227c-2504-4ff8-854f-25635d8efbd9\"><span class=\"UV3uM\">\u00a0<\/span><\/span><\/span><\/p>\n<div class=\"NPrrbc\" data-cid=\"635b227c-2504-4ff8-854f-25635d8efbd9\" data-uuids=\"1114607302587554797,1114607302587553336\">\n<div class=\"BMebGe btku5b fCrZyc LwdV0e FR7ZSc qVhvac OJeuxf\" tabindex=\"0\" role=\"button\" aria-label=\"\u67e5\u770b\u76f8\u5173\u94fe\u63a5\" data-hveid=\"CBkQAQ\" data-ved=\"2ahUKEwiRz7P999aOAxUCZPUHHYXXERsQ3fYKegQIGRAB\">\n<div class=\"niO4u\">\n<div class=\"kHtcsd\"><\/div>\n<\/div>\n<\/div>\n<\/div>\n<\/div>\n<\/div>\n<\/div>\n<\/div>\n<\/li>\n<li class=\"K3KsMc\">\n<div class=\"zMgcWd dSKvsb\" data-il=\"\">\n<div data-crb-p=\"\">\n<div class=\"xFTqob\">\n<div class=\"Gur8Ad\"><span class=\"HzN33d\" data-huuid=\"1114607302587554510\"><strong>Wicklungskontrolle:<\/strong><\/span><\/div>\n<div class=\"vM0jzc\"><span class=\"HzN33d\" data-huuid=\"1114607302587553049\">Das Aufwickeln erfolgt normalerweise mithilfe eines Motors, h\u00e4ufig unter Verwendung einer Drehmomentregelung, und die Geschwindigkeit kann basierend auf der R\u00fcckmeldung der T\u00e4nzer- oder Akkumulatoreinheit angepasst werden.<span class=\"pjBG2e\" data-cid=\"1e7046ab-9ead-4e27-9385-d9662a33e79d\"><span class=\"UV3uM\">\u00a0<\/span><\/span><\/span><\/p>\n<div class=\"NPrrbc\" data-cid=\"1e7046ab-9ead-4e27-9385-d9662a33e79d\" data-uuids=\"1114607302587554510,1114607302587553049\">\n<div class=\"BMebGe btku5b fCrZyc LwdV0e FR7ZSc qVhvac OJeuxf\" tabindex=\"0\" role=\"button\" aria-label=\"\u67e5\u770b\u76f8\u5173\u94fe\u63a5\" data-hveid=\"CCEQAQ\" data-ved=\"2ahUKEwiRz7P999aOAxUCZPUHHYXXERsQ3fYKegQIIRAB\">\n<div class=\"niO4u\">\n<div class=\"kHtcsd\"><\/div>\n<\/div>\n<\/div>\n<\/div>\n<\/div>\n<\/div>\n<\/div>\n<\/div>\n<\/li>\n<li class=\"K3KsMc\">\n<div class=\"zMgcWd dSKvsb\" data-il=\"\">\n<div data-crb-p=\"\">\n<div class=\"xFTqob\">\n<div class=\"Gur8Ad\"><span class=\"HzN33d\" data-huuid=\"1114607302587554223\"><strong>Vielseitigkeit:<\/strong><\/span><\/div>\n<div class=\"vM0jzc\"><span class=\"HzN33d\" data-huuid=\"1114607302587552762\">Kann in verschiedenen Prozessen wie Extrusion, Umwickeln, Umwickeln und Panzern verwendet werden.<span class=\"pjBG2e\" data-cid=\"9223d112-2d3b-479c-ad3d-1aa137d80f02\"><span class=\"UV3uM\">\u00a0<\/span><\/span><\/span><\/p>\n<div class=\"NPrrbc\" data-cid=\"9223d112-2d3b-479c-ad3d-1aa137d80f02\" data-uuids=\"1114607302587554223,1114607302587552762\">\n<div class=\"BMebGe btku5b fCrZyc LwdV0e FR7ZSc qVhvac OJeuxf\" tabindex=\"0\" role=\"button\" aria-label=\"\u67e5\u770b\u76f8\u5173\u94fe\u63a5\" data-hveid=\"CC0QAQ\" data-ved=\"2ahUKEwiRz7P999aOAxUCZPUHHYXXERsQ3fYKegQILRAB\">\n<div class=\"niO4u\">\n<div class=\"kHtcsd\"><\/div>\n<\/div>\n<\/div>\n<\/div>\n<\/div>\n<\/div>\n<\/div>\n<\/div>\n<\/li>\n<li class=\"K3KsMc\">\n<div class=\"zMgcWd dSKvsb\" data-il=\"\">\n<div data-crb-p=\"\">\n<div class=\"xFTqob\">\n<div class=\"Gur8Ad\"><span class=\"HzN33d\" data-huuid=\"1114607302587553936\"><strong>Benutzerfreundliche Steuerung:<\/strong><\/span><\/div>\n<div class=\"vM0jzc\"><span class=\"HzN33d\" data-huuid=\"1114607302587552475\">Ausgestattet mit elektrischen Steuerschr\u00e4nken, Bedienfeldern und Bedienfeldern f\u00fcr einfache Bedienung und \u00dcberwachung.<span class=\"pjBG2e\" data-cid=\"6127132d-62fb-4a97-afe5-75b822eb5cff\"><span class=\"UV3uM\">\u00a0<\/span><\/span><\/span><\/p>\n<div class=\"NPrrbc\" data-cid=\"6127132d-62fb-4a97-afe5-75b822eb5cff\" data-uuids=\"1114607302587553936,1114607302587552475\">\n<div class=\"BMebGe btku5b fCrZyc LwdV0e FR7ZSc qVhvac OJeuxf\" tabindex=\"0\" role=\"button\" aria-label=\"\u67e5\u770b\u76f8\u5173\u94fe\u63a5\" data-hveid=\"CCUQAQ\" data-ved=\"2ahUKEwiRz7P999aOAxUCZPUHHYXXERsQ3fYKegQIJRAB\">\n<div class=\"niO4u\">\n<div class=\"kHtcsd\"><\/div>\n<\/div>\n<\/div>\n<\/div>\n<\/div>\n<\/div>\n<\/div>\n<\/div>\n<\/li>\n<li class=\"K3KsMc\">\n<div class=\"zMgcWd dSKvsb\" data-il=\"\">\n<div data-crb-p=\"\">\n<div class=\"xFTqob\">\n<div class=\"Gur8Ad\"><span class=\"HzN33d\" data-huuid=\"1114607302587553649\"><strong>Sicherheitsfunktionen:<\/strong><\/span><\/div>\n<div class=\"vM0jzc\"><span class=\"HzN33d\" data-huuid=\"1114607302587552188\">Umfassen Funktionen wie automatische und manuelle Richtungs\u00e4nderung, einstellbare Klemmkraft und mechanische und elektrische Doppelschutzvorrichtungen.<span class=\"pjBG2e\" data-cid=\"6cd4c9cd-e2f4-4fbf-83db-1fdffbb1f5c6\"><span class=\"UV3uM\">\u00a0<\/span><\/span><\/span><\/div>\n<\/div>\n<\/div>\n<\/div>\n<\/li>\n<\/ul>\n<\/div>\n<\/div>\n<p>&nbsp;<\/p>","protected":false},"excerpt":{"rendered":"<h2 data-source-line=\"1\" data-source-line-display=\"true\"><strong><span class=\"HzN33d\" data-huuid=\"8975887855276830112\">Eine Aufwickelmaschine vom Typ Gantry ist\u00a0<mark class=\"QVRyCf\">ein Hochleistungssystem zum Auf- und Abwickeln gro\u00dfer Rollen, insbesondere in der Kabel- und Drahtherstellung<\/mark>.\u00a0<\/span><span class=\"HzN33d\" data-huuid=\"8975887855276829851\">Diese Maschinen verf\u00fcgen \u00fcber eine Portal- (oder Br\u00fccken-)Struktur, die die Rolle st\u00fctzt, die Bewegung entlang von Schienen erm\u00f6glicht und Stabilit\u00e4t f\u00fcr die Handhabung erheblicher Lasten bietet.\u00a0<\/span><span class=\"HzN33d\" data-huuid=\"8975887855276829590\">Sie werden h\u00e4ufig in Verbindung mit Abwickelst\u00e4ndern in kontinuierlichen Produktionslinien f\u00fcr Prozesse wie Extrusion, Verseilung und Panzerung verwendet.<span class=\"pjBG2e\" data-cid=\"e6f9942c-a510-47b7-912e-b23f71165a4a\"><span class=\"UV3uM\">\u00a0<\/span><\/span><\/span><\/strong><\/h2>\n<h2 id=\"1-eael-table-of-content\" class=\"xsj_heading_hash xsj_heading xsj_heading_h2 eael-heading-content\" data-source-line=\"1\" data-source-line-display=\"true\"><span class=\"xsj_heading_content\">Merkmale:<\/span><\/h2>\n<ol class=\"markdown_ol\" data-source-line=\"3\">\n<li data-source-line=\"3\">Vielseitigkeit.<\/li>\n<li data-source-line=\"4\">Stabilit\u00e4t.<\/li>\n<li data-source-line=\"5\">Hohe Tragf\u00e4higkeit.<\/li>\n<li data-source-line=\"6\">Erleichterte Installation.<\/li>\n<li data-source-line=\"7\">Haltbarkeit.<\/li>\n<\/ol>","protected":false},"featured_media":31867,"template":"","meta":{"site-sidebar-layout":"default","site-content-layout":"default","ast-global-header-display":"","ast-banner-title-visibility":"","ast-main-header-display":"","ast-hfb-above-header-display":"","ast-hfb-below-header-display":"","ast-hfb-mobile-header-display":"","site-post-title":"","ast-breadcrumbs-content":"","ast-featured-img":"","footer-sml-layout":"","theme-transparent-header-meta":"default","adv-header-id-meta":"","stick-header-meta":"","header-above-stick-meta":"","header-main-stick-meta":"","header-below-stick-meta":""},"product_brand":[],"product_cat":[51,129],"product_tag":[],"class_list":{"0":"post-30971","1":"product","2":"type-product","3":"status-publish","4":"has-post-thumbnail","6":"product_cat-wire-take-up-machine","7":"product_cat-gantry-type-winder-machine","8":"desktop-align-left","9":"tablet-align-left","10":"mobile-align-left","12":"first","13":"instock","14":"shipping-taxable","15":"product-type-simple"},"yoast_head":"<!-- This site is optimized with the Yoast SEO Premium plugin v20.12 (Yoast SEO v26.0) - https:\/\/yoast.com\/wordpress\/plugins\/seo\/ -->\n<title>Gantry Type Cable Pay off and Take up Machine - QiPang<\/title>\n<meta name=\"robots\" content=\"index, follow, max-snippet:-1, max-image-preview:large, max-video-preview:-1\" \/>\n<link rel=\"canonical\" href=\"https:\/\/rollingringdrives.com\/de\/produkt\/gantry-kabelabwickel-und-aufwickelmaschine\/\" \/>\n<meta property=\"og:locale\" content=\"de_DE\" \/>\n<meta property=\"og:type\" content=\"article\" \/>\n<meta property=\"og:title\" content=\"Gantry Type Cable Pay off and Take up Machine\" \/>\n<meta property=\"og:description\" content=\"A gantry type take-up machine is\u00a0a heavy-duty system designed for winding and unwinding large reels, particularly in cable and wire manufacturing.\u00a0These machines feature a gantry (or bridge) structure that supports the reel, allowing for movement along rails and offering stability for handling substantial loads.\u00a0They are commonly used in conjunction with pay-off stands in continuous production lines for processes like extrusion, stranding, and armoring.\u00a0 Features:   Versatility.  Stability.  High Load Capacity.  Ease of Installation.  Durability.\" \/>\n<meta property=\"og:url\" content=\"https:\/\/rollingringdrives.com\/de\/produkt\/gantry-kabelabwickel-und-aufwickelmaschine\/\" \/>\n<meta property=\"og:site_name\" content=\"QiPang\" \/>\n<meta property=\"article:modified_time\" content=\"2025-07-25T02:29:18+00:00\" \/>\n<meta property=\"og:image\" content=\"https:\/\/rollingringdrives.com\/wp-content\/uploads\/2024\/01\/1.jpg\" \/>\n\t<meta property=\"og:image:width\" content=\"600\" \/>\n\t<meta property=\"og:image:height\" content=\"600\" \/>\n\t<meta property=\"og:image:type\" content=\"image\/jpeg\" \/>\n<meta name=\"twitter:card\" content=\"summary_large_image\" \/>\n<meta name=\"twitter:label1\" content=\"Gesch\u00e4tzte Lesezeit\" \/>\n\t<meta name=\"twitter:data1\" content=\"2\u00a0Minuten\" \/>\n<script type=\"application\/ld+json\" class=\"yoast-schema-graph\">{\"@context\":\"https:\/\/schema.org\",\"@graph\":[{\"@type\":\"WebPage\",\"@id\":\"https:\/\/rollingringdrives.com\/product\/gantry-type-cable-pay-off-and-take-up-machine\/\",\"url\":\"https:\/\/rollingringdrives.com\/product\/gantry-type-cable-pay-off-and-take-up-machine\/\",\"name\":\"Gantry Type Cable Pay off and Take up Machine - QiPang\",\"isPartOf\":{\"@id\":\"https:\/\/rollingringdrives.com\/#website\"},\"primaryImageOfPage\":{\"@id\":\"https:\/\/rollingringdrives.com\/product\/gantry-type-cable-pay-off-and-take-up-machine\/#primaryimage\"},\"image\":{\"@id\":\"https:\/\/rollingringdrives.com\/product\/gantry-type-cable-pay-off-and-take-up-machine\/#primaryimage\"},\"thumbnailUrl\":\"https:\/\/rollingringdrives.com\/wp-content\/uploads\/2024\/01\/1.jpg\",\"datePublished\":\"2024-01-10T09:39:01+00:00\",\"dateModified\":\"2025-07-25T02:29:18+00:00\",\"breadcrumb\":{\"@id\":\"https:\/\/rollingringdrives.com\/product\/gantry-type-cable-pay-off-and-take-up-machine\/#breadcrumb\"},\"inLanguage\":\"de\",\"potentialAction\":[{\"@type\":\"ReadAction\",\"target\":[\"https:\/\/rollingringdrives.com\/product\/gantry-type-cable-pay-off-and-take-up-machine\/\"]}]},{\"@type\":\"ImageObject\",\"inLanguage\":\"de\",\"@id\":\"https:\/\/rollingringdrives.com\/product\/gantry-type-cable-pay-off-and-take-up-machine\/#primaryimage\",\"url\":\"https:\/\/rollingringdrives.com\/wp-content\/uploads\/2024\/01\/1.jpg\",\"contentUrl\":\"https:\/\/rollingringdrives.com\/wp-content\/uploads\/2024\/01\/1.jpg\",\"width\":600,\"height\":600,\"caption\":\"Gantry take-up machine\"},{\"@type\":\"BreadcrumbList\",\"@id\":\"https:\/\/rollingringdrives.com\/product\/gantry-type-cable-pay-off-and-take-up-machine\/#breadcrumb\",\"itemListElement\":[{\"@type\":\"ListItem\",\"position\":1,\"name\":\"Home\",\"item\":\"https:\/\/rollingringdrives.com\/\"},{\"@type\":\"ListItem\",\"position\":2,\"name\":\"Machines\",\"item\":\"https:\/\/rollingringdrives.com\/machines\/\"},{\"@type\":\"ListItem\",\"position\":3,\"name\":\"Gantry Type Cable Pay off and Take up Machine\"}]},{\"@type\":\"WebSite\",\"@id\":\"https:\/\/rollingringdrives.com\/#website\",\"url\":\"https:\/\/rollingringdrives.com\/\",\"name\":\"QiPang\",\"description\":\"QiPang Blog\",\"publisher\":{\"@id\":\"https:\/\/rollingringdrives.com\/#organization\"},\"potentialAction\":[{\"@type\":\"SearchAction\",\"target\":{\"@type\":\"EntryPoint\",\"urlTemplate\":\"https:\/\/rollingringdrives.com\/?s={search_term_string}\"},\"query-input\":{\"@type\":\"PropertyValueSpecification\",\"valueRequired\":true,\"valueName\":\"search_term_string\"}}],\"inLanguage\":\"de\"},{\"@type\":\"Organization\",\"@id\":\"https:\/\/rollingringdrives.com\/#organization\",\"name\":\"QiPang\",\"url\":\"https:\/\/rollingringdrives.com\/\",\"logo\":{\"@type\":\"ImageObject\",\"inLanguage\":\"de\",\"@id\":\"https:\/\/rollingringdrives.com\/#\/schema\/logo\/image\/\",\"url\":\"https:\/\/rollingringdrives.com\/wp-content\/uploads\/2023\/05\/cropped-\u672a\u547d\u540d\u7684\u8bbe\u8ba1.png\",\"contentUrl\":\"https:\/\/rollingringdrives.com\/wp-content\/uploads\/2023\/05\/cropped-\u672a\u547d\u540d\u7684\u8bbe\u8ba1.png\",\"width\":300,\"height\":191,\"caption\":\"QiPang\"},\"image\":{\"@id\":\"https:\/\/rollingringdrives.com\/#\/schema\/logo\/image\/\"}}]}<\/script>\n<!-- \/ Yoast SEO Premium plugin. -->","yoast_head_json":{"title":"Gantry-Kabelabwickel- und Aufwickelmaschine \u2013 QiPang","robots":{"index":"index","follow":"follow","max-snippet":"max-snippet:-1","max-image-preview":"max-image-preview:large","max-video-preview":"max-video-preview:-1"},"canonical":"https:\/\/rollingringdrives.com\/de\/produkt\/gantry-kabelabwickel-und-aufwickelmaschine\/","og_locale":"de_DE","og_type":"article","og_title":"Gantry Type Cable Pay off and Take up Machine","og_description":"A gantry type take-up machine is\u00a0a heavy-duty system designed for winding and unwinding large reels, particularly in cable and wire manufacturing.\u00a0These machines feature a gantry (or bridge) structure that supports the reel, allowing for movement along rails and offering stability for handling substantial loads.\u00a0They are commonly used in conjunction with pay-off stands in continuous production lines for processes like extrusion, stranding, and armoring.\u00a0 Features:   Versatility.  Stability.  High Load Capacity.  Ease of Installation.  Durability.","og_url":"https:\/\/rollingringdrives.com\/de\/produkt\/gantry-kabelabwickel-und-aufwickelmaschine\/","og_site_name":"QiPang","article_modified_time":"2025-07-25T02:29:18+00:00","og_image":[{"width":600,"height":600,"url":"https:\/\/rollingringdrives.com\/wp-content\/uploads\/2024\/01\/1.jpg","type":"image\/jpeg"}],"twitter_card":"summary_large_image","twitter_misc":{"Gesch\u00e4tzte Lesezeit":"2\u00a0Minuten"},"schema":{"@context":"https:\/\/schema.org","@graph":[{"@type":"WebPage","@id":"https:\/\/rollingringdrives.com\/product\/gantry-type-cable-pay-off-and-take-up-machine\/","url":"https:\/\/rollingringdrives.com\/product\/gantry-type-cable-pay-off-and-take-up-machine\/","name":"Gantry-Kabelabwickel- und Aufwickelmaschine \u2013 QiPang","isPartOf":{"@id":"https:\/\/rollingringdrives.com\/#website"},"primaryImageOfPage":{"@id":"https:\/\/rollingringdrives.com\/product\/gantry-type-cable-pay-off-and-take-up-machine\/#primaryimage"},"image":{"@id":"https:\/\/rollingringdrives.com\/product\/gantry-type-cable-pay-off-and-take-up-machine\/#primaryimage"},"thumbnailUrl":"https:\/\/rollingringdrives.com\/wp-content\/uploads\/2024\/01\/1.jpg","datePublished":"2024-01-10T09:39:01+00:00","dateModified":"2025-07-25T02:29:18+00:00","breadcrumb":{"@id":"https:\/\/rollingringdrives.com\/product\/gantry-type-cable-pay-off-and-take-up-machine\/#breadcrumb"},"inLanguage":"de","potentialAction":[{"@type":"ReadAction","target":["https:\/\/rollingringdrives.com\/product\/gantry-type-cable-pay-off-and-take-up-machine\/"]}]},{"@type":"ImageObject","inLanguage":"de","@id":"https:\/\/rollingringdrives.com\/product\/gantry-type-cable-pay-off-and-take-up-machine\/#primaryimage","url":"https:\/\/rollingringdrives.com\/wp-content\/uploads\/2024\/01\/1.jpg","contentUrl":"https:\/\/rollingringdrives.com\/wp-content\/uploads\/2024\/01\/1.jpg","width":600,"height":600,"caption":"Gantry take-up machine"},{"@type":"BreadcrumbList","@id":"https:\/\/rollingringdrives.com\/product\/gantry-type-cable-pay-off-and-take-up-machine\/#breadcrumb","itemListElement":[{"@type":"ListItem","position":1,"name":"Home","item":"https:\/\/rollingringdrives.com\/"},{"@type":"ListItem","position":2,"name":"Machines","item":"https:\/\/rollingringdrives.com\/machines\/"},{"@type":"ListItem","position":3,"name":"Gantry Type Cable Pay off and Take up Machine"}]},{"@type":"WebSite","@id":"https:\/\/rollingringdrives.com\/#website","url":"https:\/\/rollingringdrives.com\/","name":"QiPang","description":"QiPang-Blog","publisher":{"@id":"https:\/\/rollingringdrives.com\/#organization"},"potentialAction":[{"@type":"SearchAction","target":{"@type":"EntryPoint","urlTemplate":"https:\/\/rollingringdrives.com\/?s={search_term_string}"},"query-input":{"@type":"PropertyValueSpecification","valueRequired":true,"valueName":"search_term_string"}}],"inLanguage":"de"},{"@type":"Organization","@id":"https:\/\/rollingringdrives.com\/#organization","name":"QiPang","url":"https:\/\/rollingringdrives.com\/","logo":{"@type":"ImageObject","inLanguage":"de","@id":"https:\/\/rollingringdrives.com\/#\/schema\/logo\/image\/","url":"https:\/\/rollingringdrives.com\/wp-content\/uploads\/2023\/05\/cropped-\u672a\u547d\u540d\u7684\u8bbe\u8ba1.png","contentUrl":"https:\/\/rollingringdrives.com\/wp-content\/uploads\/2023\/05\/cropped-\u672a\u547d\u540d\u7684\u8bbe\u8ba1.png","width":300,"height":191,"caption":"QiPang"},"image":{"@id":"https:\/\/rollingringdrives.com\/#\/schema\/logo\/image\/"}}]}},"_links":{"self":[{"href":"https:\/\/rollingringdrives.com\/de\/wp-json\/wp\/v2\/product\/30971","targetHints":{"allow":["GET"]}}],"collection":[{"href":"https:\/\/rollingringdrives.com\/de\/wp-json\/wp\/v2\/product"}],"about":[{"href":"https:\/\/rollingringdrives.com\/de\/wp-json\/wp\/v2\/types\/product"}],"version-history":[{"count":0,"href":"https:\/\/rollingringdrives.com\/de\/wp-json\/wp\/v2\/product\/30971\/revisions"}],"wp:featuredmedia":[{"embeddable":true,"href":"https:\/\/rollingringdrives.com\/de\/wp-json\/wp\/v2\/media\/31867"}],"wp:attachment":[{"href":"https:\/\/rollingringdrives.com\/de\/wp-json\/wp\/v2\/media?parent=30971"}],"wp:term":[{"taxonomy":"product_brand","embeddable":true,"href":"https:\/\/rollingringdrives.com\/de\/wp-json\/wp\/v2\/product_brand?post=30971"},{"taxonomy":"product_cat","embeddable":true,"href":"https:\/\/rollingringdrives.com\/de\/wp-json\/wp\/v2\/product_cat?post=30971"},{"taxonomy":"product_tag","embeddable":true,"href":"https:\/\/rollingringdrives.com\/de\/wp-json\/wp\/v2\/product_tag?post=30971"}],"curies":[{"name":"wp","href":"https:\/\/api.w.org\/{rel}","templated":true}]}}