{"id":30997,"date":"2024-01-11T02:09:16","date_gmt":"2024-01-11T02:09:16","guid":{"rendered":"https:\/\/rollingringdrives.com\/?post_type=product&#038;p=30997"},"modified":"2025-07-07T08:18:22","modified_gmt":"2025-07-07T08:18:22","slug":"motorized-payoff-stand","status":"publish","type":"product","link":"https:\/\/rollingringdrives.com\/de\/produkt\/motorisiertes-auszahlungsgerust\/","title":{"rendered":"Motorisierter Auszahlungsstand"},"content":{"rendered":"<p class=\"xsj_paragraph xsj_paragraph_level_0\" data-source-line=\"0\" data-source-line-display=\"true\">Unser\u00a0<strong class=\"markdown_strong_asterisk\">Motorisierter Abwickelst\u00e4nder mit Spannung<\/strong>\u00a0ist ein hochwertiges, zuverl\u00e4ssiges Ger\u00e4t zum Halten und Aufspulen verschiedener Litzendr\u00e4hte, einschlie\u00dflich blanker Kupfer-, verzinnter, emaillierter, versilberter und legierter Dr\u00e4hte. Es verf\u00fcgt \u00fcber eine Auszahlungsrolle, die bis zu 220 Drehungen erm\u00f6glicht und an die spezifischen Bed\u00fcrfnisse und Anforderungen der Kunden angepasst werden kann. Der St\u00e4nder verf\u00fcgt \u00fcber einen Spannungskontrollmechanismus, der eine pr\u00e4zise Einstellung der Drahtspannung erm\u00f6glicht, w\u00e4hrend der automatische Bremsmechanismus ein sicheres und effizientes Aufspulen des Drahtes gew\u00e4hrleistet.<\/p>\n<p data-source-line=\"0\" data-source-line-display=\"true\"><div id=\"footable_parent_26297\"\n         class=\"footable_parent ninja_table_wrapper loading_ninja_table wp_table_data_press_parent semantic_ui\">\n                <table data-ninja_table_instance=\"ninja_table_instance_0\" data-footable_id=\"26297\" data-filter-delay=\"1000\" aria-label=\"8\u65b0\u5efa XL2dSX \u5de5\u4f5c\u8868 (2).csv\"            id=\"footable_26297\"\n           data-unique_identifier=\"ninja_table_unique_id_1927634320_26297\"\n           class=\"foo-table ninja_footable foo_table_26297 ninja_table_unique_id_1927634320_26297 ui table  nt_type_legacy_table selectable striped vertical_centered  footable-paging-right ninja_table_search_disabled ninja_table_pro\">\n                <colgroup>\n                            <col class=\"ninja_column_0\">\n                            <col class=\"ninja_column_1\">\n                    <\/colgroup>\n        <thead>\n<tr class=\"footable-header\">\n                                        <th scope=\"col\"  class=\"ninja_column_0 ninja_clmn_nm_technicalparameter\">Technische Parameter<\/th><th scope=\"col\"  class=\"ninja_column_1 ninja_clmn_nm_value\">Wert<\/th><\/tr>\n<\/thead>\n<tbody>\n\n        <tr data-row_id=\"323\" class=\"ninja_table_row_0 nt_row_id_323\">\n            <td>Technische Daten der Ablaufspule<\/td><td>Geeignet f\u00fcr 220 Rollen (anpassbar)<\/td>        <\/tr>\n            <tr data-row_id=\"324\" class=\"ninja_table_row_1 nt_row_id_324\">\n            <td>Litzendr\u00e4hte<\/td><td>Blanke Kupferdr\u00e4hte, verzinnte Dr\u00e4hte, lackierte Dr\u00e4hte, versilberte Dr\u00e4hte, Legierungsdr\u00e4hte usw.<\/td>        <\/tr>\n            <tr data-row_id=\"325\" class=\"ninja_table_row_2 nt_row_id_325\">\n            <td>Drahtdurchmesserbereich<\/td><td>Aufgeteilt in 1-2 Dateien<br>Drahtdurchmesser: 0,3\u20130,68 mm<\/td>        <\/tr>\n            <tr data-row_id=\"326\" class=\"ninja_table_row_3 nt_row_id_326\">\n            <td>Spannungskontrolle<\/td><td>Gesteuert durch Anpassen des Durchmessers des elastischen Drahtes<\/td>        <\/tr>\n            <tr data-row_id=\"327\" class=\"ninja_table_row_4 nt_row_id_327\">\n            <td>Bremsen<\/td><td>Automatisches Bremsen durch elektrostatische Induktion, gerissener Riemen<\/td>        <\/tr>\n            <tr data-row_id=\"328\" class=\"ninja_table_row_5 nt_row_id_328\">\n            <td>Welle<\/td><td>20*480 plattierte Stangen mit guter Konzentrizit\u00e4t, ausgestattet mit importierten Lagern<\/td>        <\/tr>\n            <tr data-row_id=\"329\" class=\"ninja_table_row_6 nt_row_id_329\">\n            <td>Bremsscheibe<\/td><td>Nach der Endbearbeitung aus 160er Gusseisen gefertigt<\/td>        <\/tr>\n            <tr data-row_id=\"330\" class=\"ninja_table_row_7 nt_row_id_330\">\n            <td>Kopf verriegeln<\/td><td>Der Einfachheit halber werden 20 N\u00fcsse verwendet<\/td>        <\/tr>\n            <tr data-row_id=\"331\" class=\"ninja_table_row_8 nt_row_id_331\">\n            <td>Rahmen<\/td><td>Geschwei\u00dft aus 60+2,5 Vierkantstahl, polierte und ionisierte Oberfl\u00e4che<\/td>        <\/tr>\n            <tr data-row_id=\"332\" class=\"ninja_table_row_9 nt_row_id_332\">\n            <td>Spannungspistole<\/td><td>Neue, um 3,5 vergr\u00f6\u00dferte Einzelfederspannpistole mit 1007-B06U-F\u00fchrungsrad und importierten Lagern<\/td>        <\/tr>\n            <tr data-row_id=\"333\" class=\"ninja_table_row_10 nt_row_id_333\">\n            <td>Lagersitz<\/td><td>Nahtloses Rohr P54*120 f\u00fcr Pr\u00e4zisionsbearbeitung, mit inl\u00e4ndischen Markenlagern (renben), galvanisierter Oberfl\u00e4che<\/td>        <\/tr>\n            <tr data-row_id=\"334\" class=\"ninja_table_row_11 nt_row_id_334\">\n            <td>Bremse<\/td><td>Verwendet Verbindungsst\u00fcck (zweiteiliges Set) und rutschfesten G\u00fcrtel<\/td>        <\/tr>\n            <tr data-row_id=\"335\" class=\"ninja_table_row_12 nt_row_id_335\">\n            <td>Halterung<\/td><td>Verriegelt durch flache, passende Nutschrauben-Rechtsverbindung<\/td>        <\/tr>\n            <tr data-row_id=\"336\" class=\"ninja_table_row_13 nt_row_id_336\">\n            <td>Farbe<\/td><td>Blau<\/td>        <\/tr>\n    <\/tbody><!--ninja_tobody_rendering_done-->\n    <\/table>\n    \n    \n    \n<\/div>\n<\/p>\n<div class=\"xiaoshujiang_element xsj_anchor\"><a class=\"blank_anchor_name\" name=\"applications_1\"><\/a><a id=\"applications_1\" class=\"blank_anchor_id\"><\/a><a class=\"blank_anchor_name\" name=\"applications\"><\/a><a id=\"applications\" class=\"blank_anchor_id\"><\/a><\/div>\n<h2 id=\"applications_1\" class=\"xsj_heading_hash xsj_heading xsj_heading_h2\" data-source-line=\"2\" data-source-line-display=\"true\"><span class=\"xsj_heading_content\">Anwendungen:<\/span><\/h2>\n<p class=\"xsj_paragraph xsj_paragraph_level_0\" data-source-line=\"4\" data-source-line-display=\"true\">Unser spannungsmotorisierter Abwickelst\u00e4nder zum Spulen wird h\u00e4ufig in verschiedenen Branchen eingesetzt, in denen Drahtspulen erforderlich sind, beispielsweise in der Elektronikindustrie, der Automobilindustrie, der Telekommunikationsindustrie und mehr. Es ist ideal zum Aufspulen von blankem Kupfer, verzinnten, emaillierten, versilberten und legierten Dr\u00e4hten.<\/p>\n<div class=\"xiaoshujiang_element xsj_anchor\"><a class=\"blank_anchor_name\" name=\"faqs_2\"><\/a><a id=\"faqs_2\" class=\"blank_anchor_id\"><\/a><a class=\"blank_anchor_name\" name=\"faqs\"><\/a><a id=\"faqs\" class=\"blank_anchor_id\"><\/a><\/div>\n<h2 id=\"faqs_2\" class=\"xsj_heading_hash xsj_heading xsj_heading_h2\" data-source-line=\"6\" data-source-line-display=\"true\"><span class=\"xsj_heading_content\">FAQs:<\/span><\/h2>\n<div class=\"xiaoshujiang_element xsj_anchor\"><a class=\"blank_anchor_name\" name=\"120what20is20the20maximum20wire20diameter20that20can20be20used20with20the20tension20pay20off20stand_3\"><\/a><a id=\"120what20is20the20maximum20wire20diameter20that20can20be20used20with20the20tension20pay20off20stand_3\" class=\"blank_anchor_id\"><\/a><a class=\"blank_anchor_name\" name=\"1-what-is-the-maximum-wire-diameter-that-can-be-used-with-the-tension-pay-off-stand\"><\/a><a id=\"1-what-is-the-maximum-wire-diameter-that-can-be-used-with-the-tension-pay-off-stand\" class=\"blank_anchor_id\"><\/a><\/div>\n<h4 id=\"120what20is20the20maximum20wire20diameter20that20can20be20used20with20the20tension20pay20off20stand_3\" class=\"xsj_heading_hash xsj_heading xsj_heading_h4\" data-source-line=\"8\" data-source-line-display=\"true\"><span class=\"xsj_heading_content\">1. Welchen maximalen Drahtdurchmesser kann der motorisierte Abwickelst\u00e4nder mit Spannung verwenden?<\/span><\/h4>\n<p class=\"xsj_paragraph xsj_paragraph_level_0\" data-source-line=\"10\" data-source-line-display=\"true\">Antwort: Der St\u00e4nder kann Drahtdurchmesser von 0,3 bis 0,68 mm verarbeiten, aufgeteilt in 1\u20132 Dateien.<\/p>\n<div class=\"xiaoshujiang_element xsj_anchor\"><a class=\"blank_anchor_name\" name=\"220how20is20the20wire20tension20controlled_4\"><\/a><a id=\"220how20is20the20wire20tension20controlled_4\" class=\"blank_anchor_id\"><\/a><a class=\"blank_anchor_name\" name=\"2-how-is-the-wire-tension-controlled\"><\/a><a id=\"2-how-is-the-wire-tension-controlled\" class=\"blank_anchor_id\"><\/a><\/div>\n<h4 id=\"220how20is20the20wire20tension20controlled_4\" class=\"xsj_heading_hash xsj_heading xsj_heading_h4\" data-source-line=\"12\" data-source-line-display=\"true\"><span class=\"xsj_heading_content\">2. Wie wird die Drahtspannung kontrolliert?<\/span><\/h4>\n<p class=\"xsj_paragraph xsj_paragraph_level_0\" data-source-line=\"14\" data-source-line-display=\"true\">Antwort: Die Drahtspannung wird durch Einstellen des Durchmessers des elastischen Drahtes gesteuert.<\/p>\n<div class=\"xiaoshujiang_element xsj_anchor\"><a class=\"blank_anchor_name\" name=\"320what20is20the20automatic20braking20mechanism_5\"><\/a><a id=\"320what20is20the20automatic20braking20mechanism_5\" class=\"blank_anchor_id\"><\/a><a class=\"blank_anchor_name\" name=\"3-what-is-the-automatic-braking-mechanism\"><\/a><a id=\"3-what-is-the-automatic-braking-mechanism\" class=\"blank_anchor_id\"><\/a><\/div>\n<h4 id=\"320what20is20the20automatic20braking20mechanism_5\" class=\"xsj_heading_hash xsj_heading xsj_heading_h4\" data-source-line=\"16\" data-source-line-display=\"true\"><span class=\"xsj_heading_content\">3. Was ist der automatische Bremsmechanismus?<\/span><\/h4>\n<p class=\"xsj_paragraph xsj_paragraph_level_0\" data-source-line=\"18\" data-source-line-display=\"true\">Antwort: Der automatische Bremsmechanismus nutzt elektrostatische Induktion und einen gerissenen Riemen f\u00fcr ein sicheres und effizientes Drahtspulen.<\/p>\n<div class=\"xiaoshujiang_element xsj_anchor\"><a class=\"blank_anchor_name\" name=\"420are20there20any20specific20color20options20available_6\"><\/a><a id=\"420are20there20any20specific20color20options20available_6\" class=\"blank_anchor_id\"><\/a><a class=\"blank_anchor_name\" name=\"4-are-there-any-specific-color-options-available\"><\/a><a id=\"4-are-there-any-specific-color-options-available\" class=\"blank_anchor_id\"><\/a><\/div>\n<h4 id=\"420are20there20any20specific20color20options20available_6\" class=\"xsj_heading_hash xsj_heading xsj_heading_h4\" data-source-line=\"20\" data-source-line-display=\"true\"><span class=\"xsj_heading_content\">4. Gibt es bestimmte Farboptionen?<\/span><\/h4>\n<p class=\"xsj_paragraph xsj_paragraph_level_0\" data-source-line=\"22\" data-source-line-display=\"true\">Antwort: Unser spannungsmotorisierter Abwickelst\u00e4nder zum Aufspulen ist standardm\u00e4\u00dfig in Blau erh\u00e4ltlich, wir k\u00f6nnen jedoch auf Anfrage auch Anpassungsoptionen anbieten.<\/p>\n<div class=\"xiaoshujiang_element xsj_anchor\"><a class=\"blank_anchor_name\" name=\"520what20bearing20seat20is20used20in20the20stand_7\"><\/a><a id=\"520what20bearing20seat20is20used20in20the20stand_7\" class=\"blank_anchor_id\"><\/a><a class=\"blank_anchor_name\" name=\"5-what-bearing-seat-is-used-in-the-stand\"><\/a><a id=\"5-what-bearing-seat-is-used-in-the-stand\" class=\"blank_anchor_id\"><\/a><\/div>\n<h4 id=\"520what20bearing20seat20is20used20in20the20stand_7\" class=\"xsj_heading_hash xsj_heading xsj_heading_h4\" data-source-line=\"24\" data-source-line-display=\"true\"><span class=\"xsj_heading_content\">5. Welcher Lagersitz wird im St\u00e4nder verwendet?<\/span><\/h4>\n<p class=\"xsj_paragraph xsj_paragraph_level_0\" data-source-line=\"26\" data-source-line-display=\"true\">Antwort: F\u00fcr den Lagersitz verwenden wir nahtloses Rohr P54* 120, pr\u00e4zise Bearbeitung und Lager heimischer Marken (Reuben), die mit einer metallischen Oberfl\u00e4che beschichtet sind.<\/p>","protected":false},"excerpt":{"rendered":"<h2 id=\"features_1\" class=\"xsj_heading_hash xsj_heading xsj_heading_h2\" data-source-line=\"2\" data-source-line-display=\"true\"><span class=\"xsj_heading_content\">Merkmale:<\/span><\/h2>\n<ol class=\"markdown_ol\" data-source-line=\"4\">\n<li data-source-line=\"4\">Kann bis zu 220 Spulen Litzendraht aufnehmen und aufspulen.<\/li>\n<li data-source-line=\"5\">Es kann individuell an die Bed\u00fcrfnisse und Anforderungen der Kunden angepasst werden.<\/li>\n<li data-source-line=\"6\">Der Spannungskontrollmechanismus erm\u00f6glicht eine pr\u00e4zise Einstellung der Drahtspannung.<\/li>\n<li data-source-line=\"7\">Der automatische Bremsmechanismus gew\u00e4hrleistet ein sicheres und effizientes Drahtspulen.<\/li>\n<li data-source-line=\"8\">Hergestellt aus hochwertigen Materialien f\u00fcr Haltbarkeit und Langlebigkeit.<\/li>\n<\/ol>","protected":false},"featured_media":31099,"template":"","meta":{"site-sidebar-layout":"default","site-content-layout":"default","ast-global-header-display":"","ast-banner-title-visibility":"","ast-main-header-display":"","ast-hfb-above-header-display":"","ast-hfb-below-header-display":"","ast-hfb-mobile-header-display":"","site-post-title":"","ast-breadcrumbs-content":"","ast-featured-img":"","footer-sml-layout":"","theme-transparent-header-meta":"default","adv-header-id-meta":"","stick-header-meta":"","header-above-stick-meta":"","header-main-stick-meta":"","header-below-stick-meta":""},"product_brand":[],"product_cat":[48,131],"product_tag":[],"class_list":{"0":"post-30997","1":"product","2":"type-product","3":"status-publish","4":"has-post-thumbnail","6":"product_cat-wire-payoff-machine","7":"product_cat-tension-pay-off-rack","8":"desktop-align-left","9":"tablet-align-left","10":"mobile-align-left","12":"first","13":"instock","14":"shipping-taxable","15":"product-type-simple"},"yoast_head":"<!-- This site is optimized with the Yoast SEO Premium plugin v20.12 (Yoast SEO v26.0) - https:\/\/yoast.com\/wordpress\/plugins\/seo\/ -->\n<title>Motorized Payoff Stand - QiPang<\/title>\n<meta name=\"robots\" content=\"index, follow, max-snippet:-1, max-image-preview:large, max-video-preview:-1\" \/>\n<link rel=\"canonical\" href=\"https:\/\/rollingringdrives.com\/de\/produkt\/motorisiertes-auszahlungsgerust\/\" \/>\n<meta property=\"og:locale\" content=\"de_DE\" \/>\n<meta property=\"og:type\" content=\"article\" \/>\n<meta property=\"og:title\" content=\"Motorized Payoff Stand\" \/>\n<meta property=\"og:description\" content=\"Features:   Can hold and spool up to 220 reels of stranded wire.  It can be customized according to the needs and requirements of the customers.  The tension control mechanism allows for precise wire tension adjustment.  The automatic braking mechanism ensures safe and efficient wire spooling.  Made of high-quality materials for durability and longevity.\" \/>\n<meta property=\"og:url\" content=\"https:\/\/rollingringdrives.com\/de\/produkt\/motorisiertes-auszahlungsgerust\/\" \/>\n<meta property=\"og:site_name\" content=\"QiPang\" \/>\n<meta property=\"article:modified_time\" content=\"2025-07-07T08:18:22+00:00\" \/>\n<meta property=\"og:image\" content=\"https:\/\/rollingringdrives.com\/wp-content\/uploads\/2024\/01\/dba8fbefb99bbefdfc03ed1115d63e4_\u526f\u672c.jpg\" \/>\n\t<meta property=\"og:image:width\" content=\"600\" \/>\n\t<meta property=\"og:image:height\" content=\"600\" \/>\n\t<meta property=\"og:image:type\" content=\"image\/jpeg\" \/>\n<meta name=\"twitter:card\" content=\"summary_large_image\" \/>\n<meta name=\"twitter:label1\" content=\"Gesch\u00e4tzte Lesezeit\" \/>\n\t<meta name=\"twitter:data1\" content=\"2\u00a0Minuten\" \/>\n<script type=\"application\/ld+json\" class=\"yoast-schema-graph\">{\"@context\":\"https:\/\/schema.org\",\"@graph\":[{\"@type\":\"WebPage\",\"@id\":\"https:\/\/rollingringdrives.com\/product\/motorized-payoff-stand\/\",\"url\":\"https:\/\/rollingringdrives.com\/product\/motorized-payoff-stand\/\",\"name\":\"Motorized Payoff Stand - QiPang\",\"isPartOf\":{\"@id\":\"https:\/\/rollingringdrives.com\/#website\"},\"primaryImageOfPage\":{\"@id\":\"https:\/\/rollingringdrives.com\/product\/motorized-payoff-stand\/#primaryimage\"},\"image\":{\"@id\":\"https:\/\/rollingringdrives.com\/product\/motorized-payoff-stand\/#primaryimage\"},\"thumbnailUrl\":\"https:\/\/rollingringdrives.com\/wp-content\/uploads\/2024\/01\/dba8fbefb99bbefdfc03ed1115d63e4_\u526f\u672c.jpg\",\"datePublished\":\"2024-01-11T02:09:16+00:00\",\"dateModified\":\"2025-07-07T08:18:22+00:00\",\"breadcrumb\":{\"@id\":\"https:\/\/rollingringdrives.com\/product\/motorized-payoff-stand\/#breadcrumb\"},\"inLanguage\":\"de\",\"potentialAction\":[{\"@type\":\"ReadAction\",\"target\":[\"https:\/\/rollingringdrives.com\/product\/motorized-payoff-stand\/\"]}]},{\"@type\":\"ImageObject\",\"inLanguage\":\"de\",\"@id\":\"https:\/\/rollingringdrives.com\/product\/motorized-payoff-stand\/#primaryimage\",\"url\":\"https:\/\/rollingringdrives.com\/wp-content\/uploads\/2024\/01\/dba8fbefb99bbefdfc03ed1115d63e4_\u526f\u672c.jpg\",\"contentUrl\":\"https:\/\/rollingringdrives.com\/wp-content\/uploads\/2024\/01\/dba8fbefb99bbefdfc03ed1115d63e4_\u526f\u672c.jpg\",\"width\":600,\"height\":600,\"caption\":\"Motorized Payoff Stand\"},{\"@type\":\"BreadcrumbList\",\"@id\":\"https:\/\/rollingringdrives.com\/product\/motorized-payoff-stand\/#breadcrumb\",\"itemListElement\":[{\"@type\":\"ListItem\",\"position\":1,\"name\":\"Home\",\"item\":\"https:\/\/rollingringdrives.com\/\"},{\"@type\":\"ListItem\",\"position\":2,\"name\":\"Machines\",\"item\":\"https:\/\/rollingringdrives.com\/machines\/\"},{\"@type\":\"ListItem\",\"position\":3,\"name\":\"Motorized Payoff Stand\"}]},{\"@type\":\"WebSite\",\"@id\":\"https:\/\/rollingringdrives.com\/#website\",\"url\":\"https:\/\/rollingringdrives.com\/\",\"name\":\"QiPang\",\"description\":\"QiPang Blog\",\"publisher\":{\"@id\":\"https:\/\/rollingringdrives.com\/#organization\"},\"potentialAction\":[{\"@type\":\"SearchAction\",\"target\":{\"@type\":\"EntryPoint\",\"urlTemplate\":\"https:\/\/rollingringdrives.com\/?s={search_term_string}\"},\"query-input\":{\"@type\":\"PropertyValueSpecification\",\"valueRequired\":true,\"valueName\":\"search_term_string\"}}],\"inLanguage\":\"de\"},{\"@type\":\"Organization\",\"@id\":\"https:\/\/rollingringdrives.com\/#organization\",\"name\":\"QiPang\",\"url\":\"https:\/\/rollingringdrives.com\/\",\"logo\":{\"@type\":\"ImageObject\",\"inLanguage\":\"de\",\"@id\":\"https:\/\/rollingringdrives.com\/#\/schema\/logo\/image\/\",\"url\":\"https:\/\/rollingringdrives.com\/wp-content\/uploads\/2023\/05\/cropped-\u672a\u547d\u540d\u7684\u8bbe\u8ba1.png\",\"contentUrl\":\"https:\/\/rollingringdrives.com\/wp-content\/uploads\/2023\/05\/cropped-\u672a\u547d\u540d\u7684\u8bbe\u8ba1.png\",\"width\":300,\"height\":191,\"caption\":\"QiPang\"},\"image\":{\"@id\":\"https:\/\/rollingringdrives.com\/#\/schema\/logo\/image\/\"}}]}<\/script>\n<!-- \/ Yoast SEO Premium plugin. -->","yoast_head_json":{"title":"Motorisierter Auszahlungsst\u00e4nder \u2013 QiPang","robots":{"index":"index","follow":"follow","max-snippet":"max-snippet:-1","max-image-preview":"max-image-preview:large","max-video-preview":"max-video-preview:-1"},"canonical":"https:\/\/rollingringdrives.com\/de\/produkt\/motorisiertes-auszahlungsgerust\/","og_locale":"de_DE","og_type":"article","og_title":"Motorized Payoff Stand","og_description":"Features:   Can hold and spool up to 220 reels of stranded wire.  It can be customized according to the needs and requirements of the customers.  The tension control mechanism allows for precise wire tension adjustment.  The automatic braking mechanism ensures safe and efficient wire spooling.  Made of high-quality materials for durability and longevity.","og_url":"https:\/\/rollingringdrives.com\/de\/produkt\/motorisiertes-auszahlungsgerust\/","og_site_name":"QiPang","article_modified_time":"2025-07-07T08:18:22+00:00","og_image":[{"width":600,"height":600,"url":"https:\/\/rollingringdrives.com\/wp-content\/uploads\/2024\/01\/dba8fbefb99bbefdfc03ed1115d63e4_\u526f\u672c.jpg","type":"image\/jpeg"}],"twitter_card":"summary_large_image","twitter_misc":{"Gesch\u00e4tzte Lesezeit":"2\u00a0Minuten"},"schema":{"@context":"https:\/\/schema.org","@graph":[{"@type":"WebPage","@id":"https:\/\/rollingringdrives.com\/product\/motorized-payoff-stand\/","url":"https:\/\/rollingringdrives.com\/product\/motorized-payoff-stand\/","name":"Motorisierter Auszahlungsst\u00e4nder \u2013 QiPang","isPartOf":{"@id":"https:\/\/rollingringdrives.com\/#website"},"primaryImageOfPage":{"@id":"https:\/\/rollingringdrives.com\/product\/motorized-payoff-stand\/#primaryimage"},"image":{"@id":"https:\/\/rollingringdrives.com\/product\/motorized-payoff-stand\/#primaryimage"},"thumbnailUrl":"https:\/\/rollingringdrives.com\/wp-content\/uploads\/2024\/01\/dba8fbefb99bbefdfc03ed1115d63e4_\u526f\u672c.jpg","datePublished":"2024-01-11T02:09:16+00:00","dateModified":"2025-07-07T08:18:22+00:00","breadcrumb":{"@id":"https:\/\/rollingringdrives.com\/product\/motorized-payoff-stand\/#breadcrumb"},"inLanguage":"de","potentialAction":[{"@type":"ReadAction","target":["https:\/\/rollingringdrives.com\/product\/motorized-payoff-stand\/"]}]},{"@type":"ImageObject","inLanguage":"de","@id":"https:\/\/rollingringdrives.com\/product\/motorized-payoff-stand\/#primaryimage","url":"https:\/\/rollingringdrives.com\/wp-content\/uploads\/2024\/01\/dba8fbefb99bbefdfc03ed1115d63e4_\u526f\u672c.jpg","contentUrl":"https:\/\/rollingringdrives.com\/wp-content\/uploads\/2024\/01\/dba8fbefb99bbefdfc03ed1115d63e4_\u526f\u672c.jpg","width":600,"height":600,"caption":"Motorized Payoff Stand"},{"@type":"BreadcrumbList","@id":"https:\/\/rollingringdrives.com\/product\/motorized-payoff-stand\/#breadcrumb","itemListElement":[{"@type":"ListItem","position":1,"name":"Home","item":"https:\/\/rollingringdrives.com\/"},{"@type":"ListItem","position":2,"name":"Machines","item":"https:\/\/rollingringdrives.com\/machines\/"},{"@type":"ListItem","position":3,"name":"Motorized Payoff Stand"}]},{"@type":"WebSite","@id":"https:\/\/rollingringdrives.com\/#website","url":"https:\/\/rollingringdrives.com\/","name":"QiPang","description":"QiPang-Blog","publisher":{"@id":"https:\/\/rollingringdrives.com\/#organization"},"potentialAction":[{"@type":"SearchAction","target":{"@type":"EntryPoint","urlTemplate":"https:\/\/rollingringdrives.com\/?s={search_term_string}"},"query-input":{"@type":"PropertyValueSpecification","valueRequired":true,"valueName":"search_term_string"}}],"inLanguage":"de"},{"@type":"Organization","@id":"https:\/\/rollingringdrives.com\/#organization","name":"QiPang","url":"https:\/\/rollingringdrives.com\/","logo":{"@type":"ImageObject","inLanguage":"de","@id":"https:\/\/rollingringdrives.com\/#\/schema\/logo\/image\/","url":"https:\/\/rollingringdrives.com\/wp-content\/uploads\/2023\/05\/cropped-\u672a\u547d\u540d\u7684\u8bbe\u8ba1.png","contentUrl":"https:\/\/rollingringdrives.com\/wp-content\/uploads\/2023\/05\/cropped-\u672a\u547d\u540d\u7684\u8bbe\u8ba1.png","width":300,"height":191,"caption":"QiPang"},"image":{"@id":"https:\/\/rollingringdrives.com\/#\/schema\/logo\/image\/"}}]}},"_links":{"self":[{"href":"https:\/\/rollingringdrives.com\/de\/wp-json\/wp\/v2\/product\/30997","targetHints":{"allow":["GET"]}}],"collection":[{"href":"https:\/\/rollingringdrives.com\/de\/wp-json\/wp\/v2\/product"}],"about":[{"href":"https:\/\/rollingringdrives.com\/de\/wp-json\/wp\/v2\/types\/product"}],"version-history":[{"count":0,"href":"https:\/\/rollingringdrives.com\/de\/wp-json\/wp\/v2\/product\/30997\/revisions"}],"wp:featuredmedia":[{"embeddable":true,"href":"https:\/\/rollingringdrives.com\/de\/wp-json\/wp\/v2\/media\/31099"}],"wp:attachment":[{"href":"https:\/\/rollingringdrives.com\/de\/wp-json\/wp\/v2\/media?parent=30997"}],"wp:term":[{"taxonomy":"product_brand","embeddable":true,"href":"https:\/\/rollingringdrives.com\/de\/wp-json\/wp\/v2\/product_brand?post=30997"},{"taxonomy":"product_cat","embeddable":true,"href":"https:\/\/rollingringdrives.com\/de\/wp-json\/wp\/v2\/product_cat?post=30997"},{"taxonomy":"product_tag","embeddable":true,"href":"https:\/\/rollingringdrives.com\/de\/wp-json\/wp\/v2\/product_tag?post=30997"}],"curies":[{"name":"wp","href":"https:\/\/api.w.org\/{rel}","templated":true}]}}