{"id":31008,"date":"2024-01-11T10:46:16","date_gmt":"2024-01-11T10:46:16","guid":{"rendered":"https:\/\/rollingringdrives.com\/?post_type=product&#038;p=31008"},"modified":"2025-07-07T05:57:01","modified_gmt":"2025-07-07T05:57:01","slug":"dual-double-spool-take-up-pay-off-machine","status":"publish","type":"product","link":"https:\/\/rollingringdrives.com\/de\/produkt\/doppel-doppelspulen-abwickelmaschine\/","title":{"rendered":"Doppel-\/Doppelspulen-Aufwickel-\/Abwickelmaschine"},"content":{"rendered":"<p>Der\u00a0<strong class=\"markdown_strong_asterisk\">630 Magnetpulver-Spanndraht-Ablaufgestelle im japanischen Stil<\/strong>\u00a0sind eine langlebige und vielseitige Drahtvorschubl\u00f6sung, die Drahtrollen von bis zu 630 mm aufnehmen kann. Sie haben eine Standard\u00f6ffnung von 56 mm, k\u00f6nnen aber an Ihre Anforderungen angepasst werden. Diese Drahtabwickelgestelle verf\u00fcgen \u00fcber ein magnetisches Pulverbremssystem, das eine gleichm\u00e4\u00dfige und zuverl\u00e4ssige Spannungskontrolle bei der Drahtzuf\u00fchrung gew\u00e4hrleistet.<\/p>\n<div id=\"footable_parent_26277\"\n         class=\"footable_parent ninja_table_wrapper loading_ninja_table wp_table_data_press_parent semantic_ui\">\n                <table data-ninja_table_instance=\"ninja_table_instance_0\" data-footable_id=\"26277\" data-filter-delay=\"1000\" aria-label=\"6. XL2dSX-Datei (2).csv\"            id=\"footable_26277\"\n           data-unique_identifier=\"ninja_table_unique_id_1005776781_26277\"\n           class=\"foo-table ninja_footable foo_table_26277 ninja_table_unique_id_1005776781_26277 ui table  nt_type_legacy_table selectable striped vertical_centered  footable-paging-right ninja_table_search_disabled ninja_table_pro\">\n                <colgroup>\n                            <col class=\"ninja_column_0\">\n                            <col class=\"ninja_column_1\">\n                    <\/colgroup>\n        <thead>\n<tr class=\"footable-header\">\n                                        <th scope=\"col\"  class=\"ninja_column_0 ninja_clmn_nm_technicalparameter\">Technische Parameter<\/th><th scope=\"col\"  class=\"ninja_column_1 ninja_clmn_nm_value\">Wert<\/th><\/tr>\n<\/thead>\n<tbody>\n\n        <tr data-row_id=\"303\" class=\"ninja_table_row_0 nt_row_id_303\">\n            <td>Passende Drahtspule<\/td><td>400\u2013630 mm<\/td>        <\/tr>\n            <tr data-row_id=\"304\" class=\"ninja_table_row_1 nt_row_id_304\">\n            <td>Standardblende<\/td><td>56 mm (anpassbar)<\/td>        <\/tr>\n            <tr data-row_id=\"305\" class=\"ninja_table_row_2 nt_row_id_305\">\n            <td>Bremse<\/td><td>Magnetpulver 5 kg + Controller-Bremse<\/td>        <\/tr>\n            <tr data-row_id=\"306\" class=\"ninja_table_row_3 nt_row_id_306\">\n            <td>Spannungspistole<\/td><td>Spannung aufrechterhalten<\/td>        <\/tr>\n            <tr data-row_id=\"307\" class=\"ninja_table_row_4 nt_row_id_307\">\n            <td>Belastbarkeit<\/td><td>200kg<\/td>        <\/tr>\n            <tr data-row_id=\"308\" class=\"ninja_table_row_5 nt_row_id_308\">\n            <td>Gr\u00f6\u00dfe<\/td><td>1.0001E+11<\/td>        <\/tr>\n            <tr data-row_id=\"309\" class=\"ninja_table_row_6 nt_row_id_309\">\n            <td>Drahtdurchmesserbereich<\/td><td>0,3\u20132,8 mm<\/td>        <\/tr>\n            <tr data-row_id=\"310\" class=\"ninja_table_row_7 nt_row_id_310\">\n            <td>Litzentyp<\/td><td>Lackdraht, BVR-Draht, blanker Kupferdraht<\/td>        <\/tr>\n            <tr data-row_id=\"311\" class=\"ninja_table_row_8 nt_row_id_311\">\n            <td>Anzahl der K\u00f6pfe<\/td><td>Einzelkopf, Doppelkopf<\/td>        <\/tr>\n            <tr data-row_id=\"312\" class=\"ninja_table_row_9 nt_row_id_312\">\n            <td>Kontrolle<\/td><td>Elektrostatische Steuerung, automatische Getriebebremse<\/td>        <\/tr>\n    <\/tbody><!--ninja_tobody_rendering_done-->\n    <\/table>\n    \n    \n    \n<\/div>\n\n<h2 id=\"features_1\" class=\"xsj_heading_hash xsj_heading xsj_heading_h2\" data-source-line=\"2\" data-source-line-display=\"true\"><span class=\"xsj_heading_content\">Merkmale<\/span><\/h2>\n<ol class=\"markdown_ol\" data-source-line=\"4\">\n<li data-source-line=\"4\">Magnetische Pulverbremse: Die 630 magnetischen Pulver-Spannungsdraht-Abwickelgestelle im japanischen Stil verf\u00fcgen \u00fcber ein magnetisches Pulverbremssystem, das eine konsistente und zuverl\u00e4ssige Kontrolle der Drahtvorschubspannung gew\u00e4hrleistet.<\/li>\n<li data-source-line=\"5\">Spannungshaltepistole: Diese Drahtabwickelgestelle verf\u00fcgen \u00fcber eine Spannungshaltepistole, mit der Sie die Spannung des Drahtes beim Durchf\u00fchren durch den Rahmen konstant halten k\u00f6nnen.<\/li>\n<li data-source-line=\"6\">Tragf\u00e4higkeit: Die 630 Magnetpulver-Spanndraht-Ablaufgestelle im japanischen Stil k\u00f6nnen eine maximale Tragf\u00e4higkeit von 200 kg tragen.<\/li>\n<li data-source-line=\"7\">Kompatibilit\u00e4t mit mehreren Drahttypen: Diese Drahtabwickelgestelle sind so konzipiert, dass sie mit verschiedenen Litzendrahttypen kompatibel sind, einschlie\u00dflich Lackdraht, BVR-Draht und blankem Kupferdraht.<\/li>\n<li data-source-line=\"8\">Einzelkopf- oder Doppelkopf-Konfiguration: Die 630 Magnetpulver-Spanndraht-Ablaufgestelle im japanischen Stil sind in Einzelkopf- und Doppelkopf-Konfigurationen erh\u00e4ltlich, sodass Sie die Option w\u00e4hlen k\u00f6nnen, die Ihren Anwendungsanforderungen am besten entspricht.<\/li>\n<\/ol>\n<p><strong>Anwendungen<\/strong><\/p>\n<p class=\"xsj_paragraph xsj_paragraph_level_0\" data-source-line=\"12\" data-source-line-display=\"true\">Die 630 Magnetpulver-Spanndrahtabwickelgestelle im japanischen Stil eignen sich f\u00fcr verschiedene Drahtzuf\u00fchrungsanwendungen. Sie werden h\u00e4ufig zur Herstellung elektrischer und elektronischer Komponenten wie Motoren, Transformatoren und Leiterplatten verwendet. Sie sind auch ideal f\u00fcr die Kabel- und Kabelbaumproduktion und f\u00fcr verschiedene Drahttypen geeignet, einschlie\u00dflich emailliertem BVR und blankem Kupferdraht.<\/p>","protected":false},"excerpt":{"rendered":"<h2 id=\"features_1\" class=\"xsj_heading_hash xsj_heading xsj_heading_h2\" data-source-line=\"2\" data-source-line-display=\"true\"><span class=\"xsj_heading_content\">Merkmale<\/span><\/h2>\n<ol class=\"markdown_ol\" data-source-line=\"4\">\n<li data-source-line=\"4\">Magnetische Pulverbremse.<\/li>\n<li data-source-line=\"5\">Halten Sie die Spannung der Pistole aufrecht.<\/li>\n<li data-source-line=\"6\">Belastbarkeit.<\/li>\n<li data-source-line=\"7\">Kompatibilit\u00e4t mit mehreren Kabeltypen.<\/li>\n<li data-source-line=\"8\">Einzelkopf- oder Doppelkopf-Konfiguration.<\/li>\n<\/ol>","protected":false},"featured_media":31886,"template":"","meta":{"site-sidebar-layout":"default","site-content-layout":"default","ast-global-header-display":"","ast-banner-title-visibility":"","ast-main-header-display":"","ast-hfb-above-header-display":"","ast-hfb-below-header-display":"","ast-hfb-mobile-header-display":"","site-post-title":"","ast-breadcrumbs-content":"","ast-featured-img":"","footer-sml-layout":"","theme-transparent-header-meta":"default","adv-header-id-meta":"","stick-header-meta":"","header-above-stick-meta":"","header-main-stick-meta":"","header-below-stick-meta":""},"product_brand":[],"product_cat":[48,131],"product_tag":[],"class_list":{"0":"post-31008","1":"product","2":"type-product","3":"status-publish","4":"has-post-thumbnail","6":"product_cat-wire-payoff-machine","7":"product_cat-tension-pay-off-rack","8":"desktop-align-left","9":"tablet-align-left","10":"mobile-align-left","12":"first","13":"instock","14":"shipping-taxable","15":"product-type-simple"},"yoast_head":"<!-- This site is optimized with the Yoast SEO Premium plugin v20.12 (Yoast SEO v26.0) - https:\/\/yoast.com\/wordpress\/plugins\/seo\/ -->\n<title>Dual\/Double Spool Take-up\/Pay-off Machine - QiPang<\/title>\n<meta name=\"robots\" content=\"index, follow, max-snippet:-1, max-image-preview:large, max-video-preview:-1\" \/>\n<link rel=\"canonical\" href=\"https:\/\/rollingringdrives.com\/de\/produkt\/doppel-doppelspulen-abwickelmaschine\/\" \/>\n<meta property=\"og:locale\" content=\"de_DE\" \/>\n<meta property=\"og:type\" content=\"article\" \/>\n<meta property=\"og:title\" content=\"Dual\/Double Spool Take-up\/Pay-off Machine\" \/>\n<meta property=\"og:description\" content=\"Features   Magnetic Powder Brake.  Maintain Tension Gun.  Load-Bearing Capacity.  Multiple Wire Types Compatibility.  Single-Head or Double-Head Configuration.\" \/>\n<meta property=\"og:url\" content=\"https:\/\/rollingringdrives.com\/de\/produkt\/doppel-doppelspulen-abwickelmaschine\/\" \/>\n<meta property=\"og:site_name\" content=\"QiPang\" \/>\n<meta property=\"article:modified_time\" content=\"2025-07-07T05:57:01+00:00\" \/>\n<meta property=\"og:image\" content=\"https:\/\/rollingringdrives.com\/wp-content\/uploads\/2024\/01\/\u4e3b\u56fe1_\u526f\u672c-2.jpg\" \/>\n\t<meta property=\"og:image:width\" content=\"600\" \/>\n\t<meta property=\"og:image:height\" content=\"600\" \/>\n\t<meta property=\"og:image:type\" content=\"image\/jpeg\" \/>\n<meta name=\"twitter:card\" content=\"summary_large_image\" \/>\n<meta name=\"twitter:label1\" content=\"Gesch\u00e4tzte Lesezeit\" \/>\n\t<meta name=\"twitter:data1\" content=\"2\u00a0Minuten\" \/>\n<script type=\"application\/ld+json\" class=\"yoast-schema-graph\">{\"@context\":\"https:\/\/schema.org\",\"@graph\":[{\"@type\":\"WebPage\",\"@id\":\"https:\/\/rollingringdrives.com\/product\/dual-double-spool-take-up-pay-off-machine\/\",\"url\":\"https:\/\/rollingringdrives.com\/product\/dual-double-spool-take-up-pay-off-machine\/\",\"name\":\"Dual\/Double Spool Take-up\/Pay-off Machine - QiPang\",\"isPartOf\":{\"@id\":\"https:\/\/rollingringdrives.com\/#website\"},\"primaryImageOfPage\":{\"@id\":\"https:\/\/rollingringdrives.com\/product\/dual-double-spool-take-up-pay-off-machine\/#primaryimage\"},\"image\":{\"@id\":\"https:\/\/rollingringdrives.com\/product\/dual-double-spool-take-up-pay-off-machine\/#primaryimage\"},\"thumbnailUrl\":\"https:\/\/rollingringdrives.com\/wp-content\/uploads\/2024\/01\/\u4e3b\u56fe1_\u526f\u672c-2.jpg\",\"datePublished\":\"2024-01-11T10:46:16+00:00\",\"dateModified\":\"2025-07-07T05:57:01+00:00\",\"breadcrumb\":{\"@id\":\"https:\/\/rollingringdrives.com\/product\/dual-double-spool-take-up-pay-off-machine\/#breadcrumb\"},\"inLanguage\":\"de\",\"potentialAction\":[{\"@type\":\"ReadAction\",\"target\":[\"https:\/\/rollingringdrives.com\/product\/dual-double-spool-take-up-pay-off-machine\/\"]}]},{\"@type\":\"ImageObject\",\"inLanguage\":\"de\",\"@id\":\"https:\/\/rollingringdrives.com\/product\/dual-double-spool-take-up-pay-off-machine\/#primaryimage\",\"url\":\"https:\/\/rollingringdrives.com\/wp-content\/uploads\/2024\/01\/\u4e3b\u56fe1_\u526f\u672c-2.jpg\",\"contentUrl\":\"https:\/\/rollingringdrives.com\/wp-content\/uploads\/2024\/01\/\u4e3b\u56fe1_\u526f\u672c-2.jpg\",\"width\":600,\"height\":600,\"caption\":\"double spoolers pay-off stand\"},{\"@type\":\"BreadcrumbList\",\"@id\":\"https:\/\/rollingringdrives.com\/product\/dual-double-spool-take-up-pay-off-machine\/#breadcrumb\",\"itemListElement\":[{\"@type\":\"ListItem\",\"position\":1,\"name\":\"Home\",\"item\":\"https:\/\/rollingringdrives.com\/\"},{\"@type\":\"ListItem\",\"position\":2,\"name\":\"Machines\",\"item\":\"https:\/\/rollingringdrives.com\/machines\/\"},{\"@type\":\"ListItem\",\"position\":3,\"name\":\"Dual\/Double Spool Take-up\/Pay-off Machine\"}]},{\"@type\":\"WebSite\",\"@id\":\"https:\/\/rollingringdrives.com\/#website\",\"url\":\"https:\/\/rollingringdrives.com\/\",\"name\":\"QiPang\",\"description\":\"QiPang Blog\",\"publisher\":{\"@id\":\"https:\/\/rollingringdrives.com\/#organization\"},\"potentialAction\":[{\"@type\":\"SearchAction\",\"target\":{\"@type\":\"EntryPoint\",\"urlTemplate\":\"https:\/\/rollingringdrives.com\/?s={search_term_string}\"},\"query-input\":{\"@type\":\"PropertyValueSpecification\",\"valueRequired\":true,\"valueName\":\"search_term_string\"}}],\"inLanguage\":\"de\"},{\"@type\":\"Organization\",\"@id\":\"https:\/\/rollingringdrives.com\/#organization\",\"name\":\"QiPang\",\"url\":\"https:\/\/rollingringdrives.com\/\",\"logo\":{\"@type\":\"ImageObject\",\"inLanguage\":\"de\",\"@id\":\"https:\/\/rollingringdrives.com\/#\/schema\/logo\/image\/\",\"url\":\"https:\/\/rollingringdrives.com\/wp-content\/uploads\/2023\/05\/cropped-\u672a\u547d\u540d\u7684\u8bbe\u8ba1.png\",\"contentUrl\":\"https:\/\/rollingringdrives.com\/wp-content\/uploads\/2023\/05\/cropped-\u672a\u547d\u540d\u7684\u8bbe\u8ba1.png\",\"width\":300,\"height\":191,\"caption\":\"QiPang\"},\"image\":{\"@id\":\"https:\/\/rollingringdrives.com\/#\/schema\/logo\/image\/\"}}]}<\/script>\n<!-- \/ Yoast SEO Premium plugin. -->","yoast_head_json":{"title":"Doppel-\/Doppelspulen-Aufwickel-\/Abwickelmaschine \u2013 QiPang","robots":{"index":"index","follow":"follow","max-snippet":"max-snippet:-1","max-image-preview":"max-image-preview:large","max-video-preview":"max-video-preview:-1"},"canonical":"https:\/\/rollingringdrives.com\/de\/produkt\/doppel-doppelspulen-abwickelmaschine\/","og_locale":"de_DE","og_type":"article","og_title":"Dual\/Double Spool Take-up\/Pay-off Machine","og_description":"Features   Magnetic Powder Brake.  Maintain Tension Gun.  Load-Bearing Capacity.  Multiple Wire Types Compatibility.  Single-Head or Double-Head Configuration.","og_url":"https:\/\/rollingringdrives.com\/de\/produkt\/doppel-doppelspulen-abwickelmaschine\/","og_site_name":"QiPang","article_modified_time":"2025-07-07T05:57:01+00:00","og_image":[{"width":600,"height":600,"url":"https:\/\/rollingringdrives.com\/wp-content\/uploads\/2024\/01\/\u4e3b\u56fe1_\u526f\u672c-2.jpg","type":"image\/jpeg"}],"twitter_card":"summary_large_image","twitter_misc":{"Gesch\u00e4tzte Lesezeit":"2\u00a0Minuten"},"schema":{"@context":"https:\/\/schema.org","@graph":[{"@type":"WebPage","@id":"https:\/\/rollingringdrives.com\/product\/dual-double-spool-take-up-pay-off-machine\/","url":"https:\/\/rollingringdrives.com\/product\/dual-double-spool-take-up-pay-off-machine\/","name":"Doppel-\/Doppelspulen-Aufwickel-\/Abwickelmaschine \u2013 QiPang","isPartOf":{"@id":"https:\/\/rollingringdrives.com\/#website"},"primaryImageOfPage":{"@id":"https:\/\/rollingringdrives.com\/product\/dual-double-spool-take-up-pay-off-machine\/#primaryimage"},"image":{"@id":"https:\/\/rollingringdrives.com\/product\/dual-double-spool-take-up-pay-off-machine\/#primaryimage"},"thumbnailUrl":"https:\/\/rollingringdrives.com\/wp-content\/uploads\/2024\/01\/\u4e3b\u56fe1_\u526f\u672c-2.jpg","datePublished":"2024-01-11T10:46:16+00:00","dateModified":"2025-07-07T05:57:01+00:00","breadcrumb":{"@id":"https:\/\/rollingringdrives.com\/product\/dual-double-spool-take-up-pay-off-machine\/#breadcrumb"},"inLanguage":"de","potentialAction":[{"@type":"ReadAction","target":["https:\/\/rollingringdrives.com\/product\/dual-double-spool-take-up-pay-off-machine\/"]}]},{"@type":"ImageObject","inLanguage":"de","@id":"https:\/\/rollingringdrives.com\/product\/dual-double-spool-take-up-pay-off-machine\/#primaryimage","url":"https:\/\/rollingringdrives.com\/wp-content\/uploads\/2024\/01\/\u4e3b\u56fe1_\u526f\u672c-2.jpg","contentUrl":"https:\/\/rollingringdrives.com\/wp-content\/uploads\/2024\/01\/\u4e3b\u56fe1_\u526f\u672c-2.jpg","width":600,"height":600,"caption":"double spoolers pay-off stand"},{"@type":"BreadcrumbList","@id":"https:\/\/rollingringdrives.com\/product\/dual-double-spool-take-up-pay-off-machine\/#breadcrumb","itemListElement":[{"@type":"ListItem","position":1,"name":"Home","item":"https:\/\/rollingringdrives.com\/"},{"@type":"ListItem","position":2,"name":"Machines","item":"https:\/\/rollingringdrives.com\/machines\/"},{"@type":"ListItem","position":3,"name":"Dual\/Double Spool Take-up\/Pay-off Machine"}]},{"@type":"WebSite","@id":"https:\/\/rollingringdrives.com\/#website","url":"https:\/\/rollingringdrives.com\/","name":"QiPang","description":"QiPang-Blog","publisher":{"@id":"https:\/\/rollingringdrives.com\/#organization"},"potentialAction":[{"@type":"SearchAction","target":{"@type":"EntryPoint","urlTemplate":"https:\/\/rollingringdrives.com\/?s={search_term_string}"},"query-input":{"@type":"PropertyValueSpecification","valueRequired":true,"valueName":"search_term_string"}}],"inLanguage":"de"},{"@type":"Organization","@id":"https:\/\/rollingringdrives.com\/#organization","name":"QiPang","url":"https:\/\/rollingringdrives.com\/","logo":{"@type":"ImageObject","inLanguage":"de","@id":"https:\/\/rollingringdrives.com\/#\/schema\/logo\/image\/","url":"https:\/\/rollingringdrives.com\/wp-content\/uploads\/2023\/05\/cropped-\u672a\u547d\u540d\u7684\u8bbe\u8ba1.png","contentUrl":"https:\/\/rollingringdrives.com\/wp-content\/uploads\/2023\/05\/cropped-\u672a\u547d\u540d\u7684\u8bbe\u8ba1.png","width":300,"height":191,"caption":"QiPang"},"image":{"@id":"https:\/\/rollingringdrives.com\/#\/schema\/logo\/image\/"}}]}},"_links":{"self":[{"href":"https:\/\/rollingringdrives.com\/de\/wp-json\/wp\/v2\/product\/31008","targetHints":{"allow":["GET"]}}],"collection":[{"href":"https:\/\/rollingringdrives.com\/de\/wp-json\/wp\/v2\/product"}],"about":[{"href":"https:\/\/rollingringdrives.com\/de\/wp-json\/wp\/v2\/types\/product"}],"version-history":[{"count":0,"href":"https:\/\/rollingringdrives.com\/de\/wp-json\/wp\/v2\/product\/31008\/revisions"}],"wp:featuredmedia":[{"embeddable":true,"href":"https:\/\/rollingringdrives.com\/de\/wp-json\/wp\/v2\/media\/31886"}],"wp:attachment":[{"href":"https:\/\/rollingringdrives.com\/de\/wp-json\/wp\/v2\/media?parent=31008"}],"wp:term":[{"taxonomy":"product_brand","embeddable":true,"href":"https:\/\/rollingringdrives.com\/de\/wp-json\/wp\/v2\/product_brand?post=31008"},{"taxonomy":"product_cat","embeddable":true,"href":"https:\/\/rollingringdrives.com\/de\/wp-json\/wp\/v2\/product_cat?post=31008"},{"taxonomy":"product_tag","embeddable":true,"href":"https:\/\/rollingringdrives.com\/de\/wp-json\/wp\/v2\/product_tag?post=31008"}],"curies":[{"name":"wp","href":"https:\/\/api.w.org\/{rel}","templated":true}]}}