{"id":31036,"date":"2024-01-12T06:24:50","date_gmt":"2024-01-12T06:24:50","guid":{"rendered":"https:\/\/rollingringdrives.com\/?post_type=product&#038;p=31036"},"modified":"2025-11-01T03:06:28","modified_gmt":"2025-11-01T03:06:28","slug":"hand-control-wire-rope-length-meter-counter","status":"publish","type":"product","link":"https:\/\/rollingringdrives.com\/de\/produkt\/handbedienter-drahtseillangenzahler\/","title":{"rendered":"1-200mm Mechanischer L\u00e4ngenz\u00e4hler f\u00fcr Drahtspulmaschine"},"content":{"rendered":"<p>Das Produkt ist horizontal und horizontal aufgebaut, wobei die linken und rechten Meterr\u00e4der durch die bewegliche F\u00fchrungsschiene laufen und die Feder sich automatisch an die Gr\u00f6\u00dfe des Kabels anpasst. Die Kombination aus Standard-Bewegungsf\u00fchrungsschienen und einstellbaren Federn lindert die Probleme des Durchrutschens und Zitterns des Z\u00e4hlerrads.<\/p>\n<h2>Mechanisches L\u00e4ngenmessger\u00e4t Parameter<\/h2>\n<div id=\"footable_parent_32629\"\n         class=\"footable_parent ninja_table_wrapper loading_ninja_table wp_table_data_press_parent semantic_ui\">\n                <table data-ninja_table_instance=\"ninja_table_instance_0\" data-footable_id=\"32629\" data-filter-delay=\"1000\" aria-label=\"mechanischer L\u00e4ngenz\u00e4hler meter.csv\"            id=\"footable_32629\"\n           data-unique_identifier=\"ninja_table_unique_id_2144078138_32629\"\n           class=\"foo-table ninja_footable foo_table_32629 ninja_table_unique_id_2144078138_32629 ui table  nt_type_legacy_table selectable striped vertical_centered  footable-paging-right ninja_table_pro\">\n                <colgroup>\n                            <col class=\"ninja_column_0\">\n                            <col class=\"ninja_column_1\">\n                            <col class=\"ninja_column_2\">\n                            <col class=\"ninja_column_3\">\n                    <\/colgroup>\n        <thead>\n<tr class=\"footable-header\">\n                                                                        <th scope=\"col\"  class=\"ninja_column_0 ninja_clmn_nm_model\">Modell<\/th><th scope=\"col\"  class=\"ninja_column_1 ninja_clmn_nm_qp8mmmechanicallengthcountermeter\">QP80MM mechanisches L\u00e4ngenmessger\u00e4t<\/th><th scope=\"col\"  class=\"ninja_column_2 ninja_clmn_nm_qp14mmmechanicallengthcountermeter\">QP140MM mechanisches L\u00e4ngenmessger\u00e4t<\/th><th scope=\"col\"  class=\"ninja_column_3 ninja_clmn_nm_qp2mmmechanicallengthcountermeter\">QP200mm mechanisches L\u00e4ngenmessger\u00e4t<\/th><\/tr>\n<\/thead>\n<tbody>\n\n        <tr data-row_id=\"1887\" class=\"ninja_table_row_0 nt_row_id_1887\">\n            <td>Drahtdurchmesser<\/td><td>1-80MM<\/td><td>1-140MM<\/td><td>150-200MM<\/td>        <\/tr>\n            <tr data-row_id=\"1888\" class=\"ninja_table_row_1 nt_row_id_1888\">\n            <td>Parameter des Z\u00e4hlrads<\/td><td>159,15MM<\/td><td>159,15MM<\/td><td>159,15MM<\/td>        <\/tr>\n            <tr data-row_id=\"1889\" class=\"ninja_table_row_2 nt_row_id_1889\">\n            <td>Genauigkeit des Messger\u00e4ts<\/td><td>1\u2030<\/td><td>1\u2030<\/td><td>1\u2030<\/td>        <\/tr>\n            <tr data-row_id=\"1890\" class=\"ninja_table_row_3 nt_row_id_1890\">\n            <td>H\u00f6he der Mitte<\/td><td>900-1100MM<\/td><td>900-1100MM<\/td><td>900-1100MM<\/td>        <\/tr>\n            <tr data-row_id=\"1891\" class=\"ninja_table_row_4 nt_row_id_1891\">\n            <td>Mechanische Struktur<\/td><td>Pneumatischer Schiebetisch<\/td><td>Pneumatischer Schiebetisch<\/td><td>Pneumatischer Schiebetisch<\/td>        <\/tr>\n            <tr data-row_id=\"1892\" class=\"ninja_table_row_5 nt_row_id_1892\">\n            <td>Richtung<\/td><td>Standard ist zweiseitig, kann aber auch einseitig eingestellt werden<\/td><td>Standard ist zweiseitig, kann aber auch einseitig eingestellt werden<\/td><td>Standard ist zweiseitig, kann aber auch einseitig eingestellt werden<\/td>        <\/tr>\n            <tr data-row_id=\"1893\" class=\"ninja_table_row_6 nt_row_id_1893\">\n            <td>Geschwindigkeit<\/td><td>200-300 Meter\/Minute<\/td><td>200-300 Meter\/Minute<\/td><td>200-300 Meter\/Minute<\/td>        <\/tr>\n    <\/tbody><!--ninja_tobody_rendering_done-->\n    <\/table>\n    \n    \n    \n<\/div>\n\n<h2>Die spezifische Rolle des pneumatischen Schiebetischs im Drahtz\u00e4hler<\/h2>\n<p>In einem mechanischen L\u00e4ngenmessger\u00e4t spielt der pneumatische Schiebetisch eine entscheidende Rolle und erf\u00fcllt in erster Linie die folgenden Funktionen:<\/p>\n<p><strong>Konstante Spannkraft bereitstellen<\/strong>: Der Zylinder sorgt f\u00fcr einen stabilen, einstellbaren Druck und dr\u00fcckt das Messrad (oder die Andruckrolle) \u00fcber den Schlitten fest an die Seiloberfl\u00e4che. Dies ist die mechanische Grundlage f\u00fcr die Vermeidung von Schlupf zwischen Messrad und Seil, eine Voraussetzung f\u00fcr hohe Genauigkeit.<\/p>\n<p><strong>Erm\u00f6glicht schnelles Heben und Senken:<\/strong><br \/>\nVorbereitung des Einf\u00e4delns: Vor der Messung muss das Kabel zwischen dem Messrad und der Andruckrolle platziert werden. An diesem Punkt treibt der Zylinder den Schlitten an und hebt ihn schnell an, so dass gen\u00fcgend Spielraum f\u00fcr die Bedienung bleibt.<br \/>\nStart\/Ende der Messung: Nach dem Einf\u00e4deln des Kabels f\u00e4hrt der Zylinder den Schlitten nach unten und beginnt mit der Messung. Nach Abschluss der Messung kann er wieder angehoben werden, um das Kabel einfach zu entfernen.<br \/>\nAnpassung von Kabeln mit unterschiedlichen Durchmessern: Die F\u00fchrungsschienenstruktur des Schlittens erm\u00f6glicht es der Andruckrolle, sich innerhalb eines bestimmten Bereichs auf und ab zu bewegen. In Kombination mit der konstanten Schubkraft des Zylinders passt sie sich automatisch an Kabel unterschiedlicher Dicke an und h\u00e4lt einen gleichm\u00e4\u00dfigen Druck aufrecht.<\/p>\n<h2 id=\"faqs_3\" class=\"xsj_heading_hash xsj_heading xsj_heading_h2\" data-source-line=\"11\" data-source-line-display=\"true\"><span class=\"xsj_heading_content\">FAQs:<\/span><\/h2>\n<div class=\"xiaoshujiang_element xsj_anchor\"><a class=\"blank_anchor_name\" name=\"120what20is20the20measuring20accuracy20error20of20the20mechanical20counter20meter20with20electronic20digital20display_4\"><\/a><a id=\"120what20is20the20measuring20accuracy20error20of20the20mechanical20counter20meter20with20electronic20digital20display_4\" class=\"blank_anchor_id\"><\/a><a class=\"blank_anchor_name\" name=\"1-what-is-the-measuring-accuracy-error-of-the-mechanical-counter-meter-with-electronic-digital-display\"><\/a><a id=\"1-what-is-the-measuring-accuracy-error-of-the-mechanical-counter-meter-with-electronic-digital-display\" class=\"blank_anchor_id\"><\/a><\/div>\n<h4 id=\"120what20is20the20measuring20accuracy20error20of20the20mechanical20counter20meter20with20electronic20digital20display_4\" class=\"xsj_heading_hash xsj_heading xsj_heading_h4\" data-source-line=\"13\" data-source-line-display=\"true\"><span class=\"xsj_heading_content\">1. Was ist die Messgenauigkeit Fehler der mechanischen L\u00e4nge Z\u00e4hler Meter mit einer elektronischen Digitalanzeige?<\/span><\/h4>\n<p class=\"xsj_paragraph xsj_paragraph_level_0\" data-source-line=\"15\" data-source-line-display=\"true\">Antwort: Die Fehlerrate der Messgenauigkeit des Produkts ist \u2264 2\u2030.<\/p>\n<div class=\"xiaoshujiang_element xsj_anchor\"><a class=\"blank_anchor_name\" name=\"220what20is20the20speed20range20of20the20product_5\"><\/a><a id=\"220what20is20the20speed20range20of20the20product_5\" class=\"blank_anchor_id\"><\/a><a class=\"blank_anchor_name\" name=\"2-what-is-the-speed-range-of-the-product\"><\/a><a id=\"2-what-is-the-speed-range-of-the-product\" class=\"blank_anchor_id\"><\/a><\/div>\n<h4 id=\"220what20is20the20speed20range20of20the20product_5\" class=\"xsj_heading_hash xsj_heading xsj_heading_h4\" data-source-line=\"17\" data-source-line-display=\"true\"><span class=\"xsj_heading_content\">2. Was ist der Geschwindigkeitsbereich des mechanischen L\u00e4ngenmessger\u00e4ts?<\/span><\/h4>\n<p class=\"xsj_paragraph xsj_paragraph_level_0\" data-source-line=\"19\" data-source-line-display=\"true\">Antwort: Das Produkt ist f\u00fcr einen Drehzahlbereich von 0-100\/min ausgelegt.<\/p>\n<div class=\"xiaoshujiang_element xsj_anchor\"><a class=\"blank_anchor_name\" name=\"320what20is20the20measuring20product20diameter20range20of20the20mechanical20counter20meter20with20electronic20digital20display_6\"><\/a><a id=\"320what20is20the20measuring20product20diameter20range20of20the20mechanical20counter20meter20with20electronic20digital20display_6\" class=\"blank_anchor_id\"><\/a><a class=\"blank_anchor_name\" name=\"3-what-is-the-measuring-product-diameter-range-of-the-mechanical-counter-meter-with-electronic-digital-display\"><\/a><a id=\"3-what-is-the-measuring-product-diameter-range-of-the-mechanical-counter-meter-with-electronic-digital-display\" class=\"blank_anchor_id\"><\/a><\/div>\n<h4 id=\"320what20is20the20measuring20product20diameter20range20of20the20mechanical20counter20meter20with20electronic20digital20display_6\" class=\"xsj_heading_hash xsj_heading xsj_heading_h4\" data-source-line=\"21\" data-source-line-display=\"true\"><span class=\"xsj_heading_content\">3. Was ist der Messprodukt-Durchmesserbereich des mechanischen Z\u00e4hlers mit elektronischer Digitalanzeige?<\/span><\/h4>\n<p class=\"xsj_paragraph xsj_paragraph_level_0\" data-source-line=\"23\" data-source-line-display=\"true\">Antwort: Das Produkt ist f\u00fcr die Messung von Produktdurchmessern von \u03c61-80mm\/1-140mm\/150-200mm geeignet.<\/p>\n<div class=\"xiaoshujiang_element xsj_anchor\"><a class=\"blank_anchor_name\" name=\"420can20the20product20accurately20count20meters_7\"><\/a><a id=\"420can20the20product20accurately20count20meters_7\" class=\"blank_anchor_id\"><\/a><a class=\"blank_anchor_name\" name=\"4-can-the-product-accurately-count-meters\"><\/a><a id=\"4-can-the-product-accurately-count-meters\" class=\"blank_anchor_id\"><\/a><\/div>\n<h4 id=\"420can20the20product20accurately20count20meters_7\" class=\"xsj_heading_hash xsj_heading xsj_heading_h4\" data-source-line=\"25\" data-source-line-display=\"true\"><span class=\"xsj_heading_content\">4. Kann das Produkt genau Kabel Draht Rohr Meter Z\u00e4hler messen?<\/span><\/h4>\n<p class=\"xsj_paragraph xsj_paragraph_level_0\" data-source-line=\"27\" data-source-line-display=\"true\">Antwort: Ja, das Produkt kann Z\u00e4hler genau z\u00e4hlen und verf\u00fcgt \u00fcber eine doppelte mechanische und elektronische Digitalanzeige f\u00fcr h\u00f6here Genauigkeit.<\/p>\n<div class=\"xiaoshujiang_element xsj_anchor\"><a class=\"blank_anchor_name\" name=\"520what20is20the20structure20of20the20mechanical20counter20meter20with20electronic20digital20display_8\"><\/a><a id=\"520what20is20the20structure20of20the20mechanical20counter20meter20with20electronic20digital20display_8\" class=\"blank_anchor_id\"><\/a><a class=\"blank_anchor_name\" name=\"5-what-is-the-structure-of-the-mechanical-counter-meter-with-electronic-digital-display\"><\/a><a id=\"5-what-is-the-structure-of-the-mechanical-counter-meter-with-electronic-digital-display\" class=\"blank_anchor_id\"><\/a><\/div>\n<h4 id=\"520what20is20the20structure20of20the20mechanical20counter20meter20with20electronic20digital20display_8\" class=\"xsj_heading_hash xsj_heading xsj_heading_h4\" data-source-line=\"29\" data-source-line-display=\"true\"><span class=\"xsj_heading_content\">5. Was ist die Struktur der L\u00e4nge Z\u00e4hler Meter mit Rad und elektronische Digitalanzeige?<\/span><\/h4>\n<p class=\"xsj_paragraph xsj_paragraph_level_0\" data-source-line=\"31\" data-source-line-display=\"true\">Antwort: Das Produkt hat eine horizontale und horizontale Struktur, bei der die linken und rechten Meterr\u00e4der durch die bewegliche F\u00fchrungsschiene laufen und die Feder sich automatisch an die Gr\u00f6\u00dfe des Kabels anpasst.<\/p>","protected":false},"excerpt":{"rendered":"<h2 id=\"features_1\" class=\"xsj_heading_hash xsj_heading xsj_heading_h2\" data-source-line=\"2\" data-source-line-display=\"true\"><span class=\"xsj_heading_content\">Merkmale:<\/span><\/h2>\n<ol class=\"markdown_ol\" data-source-line=\"4\">\n<li data-source-line=\"4\">Schnelle Reaktion: Pneumatische Komponenten arbeiten schnell und eignen sich daher f\u00fcr Anwendungen, die h\u00e4ufiges Heben und Dr\u00fccken erfordern.<\/li>\n<li data-source-line=\"4\">Einstellbare Kraft: Durch Einstellen des Luftdrucks kann die Klemmkraft leicht variiert werden, um den Messanforderungen verschiedener Materialien (wie glatte Glasfaserkabel oder raue elektrische Kabel) gerecht zu werden.<\/li>\n<li data-source-line=\"4\">Robuste und langlebige Konstruktion: Pneumatikzylinder und Industrieschlitten sind hochgradig ausgereifte und zuverl\u00e4ssige Industriekomponenten, die den rauen Produktionsbedingungen standhalten k\u00f6nnen.<\/li>\n<li data-source-line=\"4\">Kosteneffektiv: Bei den meisten industriellen Anwendungen sind die Anschaffungs- und Wartungskosten f\u00fcr pneumatische L\u00f6sungen relativ gering.<\/li>\n<\/ol>","protected":false},"featured_media":32630,"template":"","meta":{"site-sidebar-layout":"default","site-content-layout":"default","ast-global-header-display":"","ast-banner-title-visibility":"","ast-main-header-display":"","ast-hfb-above-header-display":"","ast-hfb-below-header-display":"","ast-hfb-mobile-header-display":"","site-post-title":"","ast-breadcrumbs-content":"","ast-featured-img":"","footer-sml-layout":"","theme-transparent-header-meta":"default","adv-header-id-meta":"","stick-header-meta":"","header-above-stick-meta":"","header-main-stick-meta":"","header-below-stick-meta":""},"product_brand":[],"product_cat":[59],"product_tag":[],"class_list":{"0":"post-31036","1":"product","2":"type-product","3":"status-publish","4":"has-post-thumbnail","6":"product_cat-length-measuring-instrument","7":"desktop-align-left","8":"tablet-align-left","9":"mobile-align-left","11":"first","12":"instock","13":"shipping-taxable","14":"product-type-simple"},"yoast_head":"<!-- This site is optimized with the Yoast SEO Premium plugin v20.12 (Yoast SEO v26.0) - https:\/\/yoast.com\/wordpress\/plugins\/seo\/ -->\n<title>1-200mm Mechanical Length Counter Meter For Wire Spooling Machine - QiPang<\/title>\n<meta name=\"robots\" content=\"index, follow, max-snippet:-1, max-image-preview:large, max-video-preview:-1\" \/>\n<link rel=\"canonical\" href=\"https:\/\/rollingringdrives.com\/de\/produkt\/handbedienter-drahtseillangenzahler\/\" \/>\n<meta property=\"og:locale\" content=\"de_DE\" \/>\n<meta property=\"og:type\" content=\"article\" \/>\n<meta property=\"og:title\" content=\"1-200mm Mechanical Length Counter Meter For Wire Spooling Machine\" \/>\n<meta property=\"og:description\" content=\"Features:   Fast Response: Pneumatic components operate quickly, making them suitable for applications requiring frequent lifting and pressing.  Adjustable Force: By adjusting the air pressure, the clamping force can be easily varied to suit the measurement needs of different materials (such as smooth fiber optic cables or rough electrical cables).  Rugged and Durable Construction: Pneumatic cylinders and industrial slides are highly mature and reliable industrial components that can withstand harsh production environments.  Cost-Effective: In most industrial applications, pneumatic solutions have relatively low initial and maintenance costs.\" \/>\n<meta property=\"og:url\" content=\"https:\/\/rollingringdrives.com\/de\/produkt\/handbedienter-drahtseillangenzahler\/\" \/>\n<meta property=\"og:site_name\" content=\"QiPang\" \/>\n<meta property=\"article:modified_time\" content=\"2025-11-01T03:06:28+00:00\" \/>\n<meta name=\"twitter:card\" content=\"summary_large_image\" \/>\n<meta name=\"twitter:label1\" content=\"Gesch\u00e4tzte Lesezeit\" \/>\n\t<meta name=\"twitter:data1\" content=\"3\u00a0Minuten\" \/>\n<script type=\"application\/ld+json\" class=\"yoast-schema-graph\">{\"@context\":\"https:\/\/schema.org\",\"@graph\":[{\"@type\":\"WebPage\",\"@id\":\"https:\/\/rollingringdrives.com\/product\/hand-control-wire-rope-length-meter-counter\/\",\"url\":\"https:\/\/rollingringdrives.com\/product\/hand-control-wire-rope-length-meter-counter\/\",\"name\":\"1-200mm Mechanical Length Counter Meter For Wire Spooling Machine - QiPang\",\"isPartOf\":{\"@id\":\"https:\/\/rollingringdrives.com\/#website\"},\"primaryImageOfPage\":{\"@id\":\"https:\/\/rollingringdrives.com\/product\/hand-control-wire-rope-length-meter-counter\/#primaryimage\"},\"image\":{\"@id\":\"https:\/\/rollingringdrives.com\/product\/hand-control-wire-rope-length-meter-counter\/#primaryimage\"},\"thumbnailUrl\":\"https:\/\/rollingringdrives.com\/wp-content\/uploads\/2024\/01\/mechanical-length-counter-meter.avif\",\"datePublished\":\"2024-01-12T06:24:50+00:00\",\"dateModified\":\"2025-11-01T03:06:28+00:00\",\"breadcrumb\":{\"@id\":\"https:\/\/rollingringdrives.com\/product\/hand-control-wire-rope-length-meter-counter\/#breadcrumb\"},\"inLanguage\":\"de\",\"potentialAction\":[{\"@type\":\"ReadAction\",\"target\":[\"https:\/\/rollingringdrives.com\/product\/hand-control-wire-rope-length-meter-counter\/\"]}]},{\"@type\":\"ImageObject\",\"inLanguage\":\"de\",\"@id\":\"https:\/\/rollingringdrives.com\/product\/hand-control-wire-rope-length-meter-counter\/#primaryimage\",\"url\":\"https:\/\/rollingringdrives.com\/wp-content\/uploads\/2024\/01\/mechanical-length-counter-meter.avif\",\"contentUrl\":\"https:\/\/rollingringdrives.com\/wp-content\/uploads\/2024\/01\/mechanical-length-counter-meter.avif\",\"width\":800,\"height\":800,\"caption\":\"mechanical length counter meter\"},{\"@type\":\"BreadcrumbList\",\"@id\":\"https:\/\/rollingringdrives.com\/product\/hand-control-wire-rope-length-meter-counter\/#breadcrumb\",\"itemListElement\":[{\"@type\":\"ListItem\",\"position\":1,\"name\":\"Home\",\"item\":\"https:\/\/rollingringdrives.com\/\"},{\"@type\":\"ListItem\",\"position\":2,\"name\":\"Machines\",\"item\":\"https:\/\/rollingringdrives.com\/machines\/\"},{\"@type\":\"ListItem\",\"position\":3,\"name\":\"1-200mm Mechanical Length Counter Meter For Wire Spooling Machine\"}]},{\"@type\":\"WebSite\",\"@id\":\"https:\/\/rollingringdrives.com\/#website\",\"url\":\"https:\/\/rollingringdrives.com\/\",\"name\":\"QiPang\",\"description\":\"QiPang Blog\",\"publisher\":{\"@id\":\"https:\/\/rollingringdrives.com\/#organization\"},\"potentialAction\":[{\"@type\":\"SearchAction\",\"target\":{\"@type\":\"EntryPoint\",\"urlTemplate\":\"https:\/\/rollingringdrives.com\/?s={search_term_string}\"},\"query-input\":{\"@type\":\"PropertyValueSpecification\",\"valueRequired\":true,\"valueName\":\"search_term_string\"}}],\"inLanguage\":\"de\"},{\"@type\":\"Organization\",\"@id\":\"https:\/\/rollingringdrives.com\/#organization\",\"name\":\"QiPang\",\"url\":\"https:\/\/rollingringdrives.com\/\",\"logo\":{\"@type\":\"ImageObject\",\"inLanguage\":\"de\",\"@id\":\"https:\/\/rollingringdrives.com\/#\/schema\/logo\/image\/\",\"url\":\"https:\/\/rollingringdrives.com\/wp-content\/uploads\/2023\/05\/cropped-\u672a\u547d\u540d\u7684\u8bbe\u8ba1.png\",\"contentUrl\":\"https:\/\/rollingringdrives.com\/wp-content\/uploads\/2023\/05\/cropped-\u672a\u547d\u540d\u7684\u8bbe\u8ba1.png\",\"width\":300,\"height\":191,\"caption\":\"QiPang\"},\"image\":{\"@id\":\"https:\/\/rollingringdrives.com\/#\/schema\/logo\/image\/\"}}]}<\/script>\n<!-- \/ Yoast SEO Premium plugin. -->","yoast_head_json":{"title":"1-200mm Mechanische L\u00e4nge Z\u00e4hler Meter f\u00fcr Draht Spooling Machine - QiPang","robots":{"index":"index","follow":"follow","max-snippet":"max-snippet:-1","max-image-preview":"max-image-preview:large","max-video-preview":"max-video-preview:-1"},"canonical":"https:\/\/rollingringdrives.com\/de\/produkt\/handbedienter-drahtseillangenzahler\/","og_locale":"de_DE","og_type":"article","og_title":"1-200mm Mechanical Length Counter Meter For Wire Spooling Machine","og_description":"Features:   Fast Response: Pneumatic components operate quickly, making them suitable for applications requiring frequent lifting and pressing.  Adjustable Force: By adjusting the air pressure, the clamping force can be easily varied to suit the measurement needs of different materials (such as smooth fiber optic cables or rough electrical cables).  Rugged and Durable Construction: Pneumatic cylinders and industrial slides are highly mature and reliable industrial components that can withstand harsh production environments.  Cost-Effective: In most industrial applications, pneumatic solutions have relatively low initial and maintenance costs.","og_url":"https:\/\/rollingringdrives.com\/de\/produkt\/handbedienter-drahtseillangenzahler\/","og_site_name":"QiPang","article_modified_time":"2025-11-01T03:06:28+00:00","twitter_card":"summary_large_image","twitter_misc":{"Gesch\u00e4tzte Lesezeit":"3\u00a0Minuten"},"schema":{"@context":"https:\/\/schema.org","@graph":[{"@type":"WebPage","@id":"https:\/\/rollingringdrives.com\/product\/hand-control-wire-rope-length-meter-counter\/","url":"https:\/\/rollingringdrives.com\/product\/hand-control-wire-rope-length-meter-counter\/","name":"1-200mm Mechanische L\u00e4nge Z\u00e4hler Meter f\u00fcr Draht Spooling Machine - QiPang","isPartOf":{"@id":"https:\/\/rollingringdrives.com\/#website"},"primaryImageOfPage":{"@id":"https:\/\/rollingringdrives.com\/product\/hand-control-wire-rope-length-meter-counter\/#primaryimage"},"image":{"@id":"https:\/\/rollingringdrives.com\/product\/hand-control-wire-rope-length-meter-counter\/#primaryimage"},"thumbnailUrl":"https:\/\/rollingringdrives.com\/wp-content\/uploads\/2024\/01\/mechanical-length-counter-meter.avif","datePublished":"2024-01-12T06:24:50+00:00","dateModified":"2025-11-01T03:06:28+00:00","breadcrumb":{"@id":"https:\/\/rollingringdrives.com\/product\/hand-control-wire-rope-length-meter-counter\/#breadcrumb"},"inLanguage":"de","potentialAction":[{"@type":"ReadAction","target":["https:\/\/rollingringdrives.com\/product\/hand-control-wire-rope-length-meter-counter\/"]}]},{"@type":"ImageObject","inLanguage":"de","@id":"https:\/\/rollingringdrives.com\/product\/hand-control-wire-rope-length-meter-counter\/#primaryimage","url":"https:\/\/rollingringdrives.com\/wp-content\/uploads\/2024\/01\/mechanical-length-counter-meter.avif","contentUrl":"https:\/\/rollingringdrives.com\/wp-content\/uploads\/2024\/01\/mechanical-length-counter-meter.avif","width":800,"height":800,"caption":"mechanical length counter meter"},{"@type":"BreadcrumbList","@id":"https:\/\/rollingringdrives.com\/product\/hand-control-wire-rope-length-meter-counter\/#breadcrumb","itemListElement":[{"@type":"ListItem","position":1,"name":"Home","item":"https:\/\/rollingringdrives.com\/"},{"@type":"ListItem","position":2,"name":"Machines","item":"https:\/\/rollingringdrives.com\/machines\/"},{"@type":"ListItem","position":3,"name":"1-200mm Mechanical Length Counter Meter For Wire Spooling Machine"}]},{"@type":"WebSite","@id":"https:\/\/rollingringdrives.com\/#website","url":"https:\/\/rollingringdrives.com\/","name":"QiPang","description":"QiPang-Blog","publisher":{"@id":"https:\/\/rollingringdrives.com\/#organization"},"potentialAction":[{"@type":"SearchAction","target":{"@type":"EntryPoint","urlTemplate":"https:\/\/rollingringdrives.com\/?s={search_term_string}"},"query-input":{"@type":"PropertyValueSpecification","valueRequired":true,"valueName":"search_term_string"}}],"inLanguage":"de"},{"@type":"Organization","@id":"https:\/\/rollingringdrives.com\/#organization","name":"QiPang","url":"https:\/\/rollingringdrives.com\/","logo":{"@type":"ImageObject","inLanguage":"de","@id":"https:\/\/rollingringdrives.com\/#\/schema\/logo\/image\/","url":"https:\/\/rollingringdrives.com\/wp-content\/uploads\/2023\/05\/cropped-\u672a\u547d\u540d\u7684\u8bbe\u8ba1.png","contentUrl":"https:\/\/rollingringdrives.com\/wp-content\/uploads\/2023\/05\/cropped-\u672a\u547d\u540d\u7684\u8bbe\u8ba1.png","width":300,"height":191,"caption":"QiPang"},"image":{"@id":"https:\/\/rollingringdrives.com\/#\/schema\/logo\/image\/"}}]}},"_links":{"self":[{"href":"https:\/\/rollingringdrives.com\/de\/wp-json\/wp\/v2\/product\/31036","targetHints":{"allow":["GET"]}}],"collection":[{"href":"https:\/\/rollingringdrives.com\/de\/wp-json\/wp\/v2\/product"}],"about":[{"href":"https:\/\/rollingringdrives.com\/de\/wp-json\/wp\/v2\/types\/product"}],"version-history":[{"count":0,"href":"https:\/\/rollingringdrives.com\/de\/wp-json\/wp\/v2\/product\/31036\/revisions"}],"wp:featuredmedia":[{"embeddable":true,"href":"https:\/\/rollingringdrives.com\/de\/wp-json\/wp\/v2\/media\/32630"}],"wp:attachment":[{"href":"https:\/\/rollingringdrives.com\/de\/wp-json\/wp\/v2\/media?parent=31036"}],"wp:term":[{"taxonomy":"product_brand","embeddable":true,"href":"https:\/\/rollingringdrives.com\/de\/wp-json\/wp\/v2\/product_brand?post=31036"},{"taxonomy":"product_cat","embeddable":true,"href":"https:\/\/rollingringdrives.com\/de\/wp-json\/wp\/v2\/product_cat?post=31036"},{"taxonomy":"product_tag","embeddable":true,"href":"https:\/\/rollingringdrives.com\/de\/wp-json\/wp\/v2\/product_tag?post=31036"}],"curies":[{"name":"wp","href":"https:\/\/api.w.org\/{rel}","templated":true}]}}