{"id":31227,"date":"2024-05-08T03:44:39","date_gmt":"2024-05-08T03:44:39","guid":{"rendered":"https:\/\/rollingringdrives.com\/?post_type=product&#038;p=31227"},"modified":"2026-01-12T06:53:10","modified_gmt":"2026-01-12T06:53:10","slug":"conductor-heater-induction-8kv-18kv-iron-wire-power-frequency-preheating-machine","status":"publish","type":"product","link":"https:\/\/rollingringdrives.com\/de\/produkt\/leiterheizung-induktion-8kv-18kv-eisendraht-netzfrequenz-vorwarmmaschine\/","title":{"rendered":"8 kV\/18 kV Leistungsfrequenz-Vorw\u00e4rmer f\u00fcr Eisendraht"},"content":{"rendered":"<p>Beschreibung<br \/>\nDer Netzfrequenz-Vorw\u00e4rmer verwendet das Prinzip der Induktionserw\u00e4rmung und eignet sich zum Online-Gl\u00fchen und Vorw\u00e4rmen verschiedener Metallleiter. In der Extrusionsproduktionslinie kann die Haftung zwischen Oberfl\u00e4che und Leiter deutlich verbessert werden. W\u00e4hrend des Vorw\u00e4rmvorgangs bewirkt eine Temperatur von \u00fcber 100 \u00b0C, dass der Wasserdampf auf dem Leiter austrocknet, wodurch die Molekularstruktur des Objekts aktiviert und erweicht wird und die Qualit\u00e4t der \u00e4u\u00dferen Oberfl\u00e4chengl\u00e4tte, Blasen und Befestigungsstrukturen deutlich verbessert wird.<br \/>\n<div id=\"footable_parent_31219\"\n         class=\"footable_parent ninja_table_wrapper loading_ninja_table wp_table_data_press_parent semantic_ui\">\n                <table data-ninja_table_instance=\"ninja_table_instance_0\" data-footable_id=\"31219\" data-filter-delay=\"1000\" aria-label=\"Dateiname.csv\"            id=\"footable_31219\"\n           data-unique_identifier=\"ninja_table_unique_id_1745276773_31219\"\n           class=\"foo-table ninja_footable foo_table_31219 ninja_table_unique_id_1745276773_31219 ui table  nt_type_legacy_table selectable striped vertical_centered  footable-paging-right ninja_table_pro\">\n                <colgroup>\n                            <col class=\"ninja_column_0\">\n                            <col class=\"ninja_column_1\">\n                            <col class=\"ninja_column_2\">\n                            <col class=\"ninja_column_3\">\n                            <col class=\"ninja_column_4\">\n                            <col class=\"ninja_column_5\">\n                            <col class=\"ninja_column_6\">\n                            <col class=\"ninja_column_7\">\n                    <\/colgroup>\n        <thead>\n<tr class=\"footable-header\">\n                                                                                                                                        <th scope=\"col\"  class=\"ninja_column_0 ninja_clmn_nm_parameter\">Parameter <\/th><th scope=\"col\"  class=\"ninja_column_1 ninja_clmn_nm_ninja_column_2\"><\/th><th scope=\"col\"  class=\"ninja_column_2 ninja_clmn_nm_ninja_column_3\"><\/th><th scope=\"col\"  class=\"ninja_column_3 ninja_clmn_nm_ninja_column_4\"><\/th><th scope=\"col\"  class=\"ninja_column_4 ninja_clmn_nm_ninja_column_5\"><\/th><th scope=\"col\"  class=\"ninja_column_5 ninja_clmn_nm_ninja_column_6\"><\/th><th scope=\"col\"  class=\"ninja_column_6 ninja_clmn_nm_ninja_column_7\"><\/th><th scope=\"col\"  class=\"ninja_column_7 ninja_clmn_nm_ninja_column_8\"><\/th><\/tr>\n<\/thead>\n<tbody>\n\n        <tr data-row_id=\"1698\" class=\"ninja_table_row_0 nt_row_id_1698\">\n            <td>Parameter\/Modell<\/td><td>QP20-1<\/td><td>QP20<\/td><td>QP21<\/td><td>QP22<\/td><td>QP23<\/td><td>QP25<\/td><td>QP26<\/td>        <\/tr>\n            <tr data-row_id=\"1699\" class=\"ninja_table_row_1 nt_row_id_1699\">\n            <td>Typ<\/td><td>Standard<\/td><td>Standard<\/td><td>Neuer Sicherheitstyp<\/td><td>Mittel Vergr\u00f6\u00dfert<\/td><td>Standard Vergr\u00f6\u00dfert<\/td><td>Kabinett vergr\u00f6\u00dfert<\/td><td>Eisendraht gewidmet<\/td>        <\/tr>\n            <tr data-row_id=\"1700\" class=\"ninja_table_row_2 nt_row_id_1700\">\n            <td>Vorheizleistung<\/td><td>6 KVA<\/td><td>10 KVA<\/td><td>10 KVA<\/td><td>12 KVA<\/td><td>16 KVA<\/td><td>16 KVA<\/td><td>8 KVA<\/td>        <\/tr>\n            <tr data-row_id=\"1701\" class=\"ninja_table_row_3 nt_row_id_1701\">\n            <td>Kupferraddurchmesser<\/td><td>200mm<\/td><td>200mm<\/td><td>200mm<\/td><td>250 mm<\/td><td>310 mm<\/td><td>310 mm<\/td><td>160mm<\/td>        <\/tr>\n            <tr data-row_id=\"1702\" class=\"ninja_table_row_4 nt_row_id_1702\">\n            <td>Vorw\u00e4rmtemperatur<\/td><td>dynamisch 0-200\u2103<\/td><td>dynamisch 0-200\u2103<\/td><td>dynamisch 0-200\u2103<\/td><td>dynamisch 0-200\u2103<\/td><td>dynamisch 0-200\u2103<\/td><td>dynamisch 0-200\u00a1\u00e6<\/td><td>dynamisch 0-200\u00a1\u00e6<\/td>        <\/tr>\n            <tr data-row_id=\"1703\" class=\"ninja_table_row_5 nt_row_id_1703\">\n            <td>Vorw\u00e4rmtemperatur<\/td><td>statisch 0-400\u2103<\/td><td>statisch 0-400\u2103<\/td><td>statisch 0-400\u2103<\/td><td>statisch 0-400\u2103<\/td><td>statisch 0-400\u2103<\/td><td>statisch 0-400\u2103<\/td><td>statisch 0-400\u00a0\u00b0C<\/td>        <\/tr>\n            <tr data-row_id=\"1704\" class=\"ninja_table_row_6 nt_row_id_1704\">\n            <td>Leiterdurchmesser<\/td><td>Litze 0,5-2,0<\/td><td>Litze 0,5-3,0<\/td><td>Litze 0,5-3,0<\/td><td>Litze 0,5-4,0<\/td><td>Litze 0,5-5,0<\/td><td>Litze 0,5-5,0<\/td><td>Einzeldraht 0,3-1,0<\/td>        <\/tr>\n            <tr data-row_id=\"1705\" class=\"ninja_table_row_7 nt_row_id_1705\">\n            <td><\/td><td>Einzeldraht 0,5-1,5<\/td><td>Einzeldraht 0,5-1,7<\/td><td>Einzeldraht 0,5-1,7<\/td><td>Einzeldraht0,5-2,3<\/td><td>Einzeldraht 0,5-3,0<\/td><td>Einzeldraht0,5-3,0<\/td><td>Doppeldraht0,3-0,7<\/td>        <\/tr>\n            <tr data-row_id=\"1706\" class=\"ninja_table_row_8 nt_row_id_1706\">\n            <td>Anwendbarer Draht<\/td><td>Kupferkabel<\/td><td>Kupferkabel<\/td><td>Kupferkabel<\/td><td>Kupferkabel<\/td><td>Kupferkabel<\/td><td>Kupferkabel<\/td><td>Eisendraht<\/td>        <\/tr>\n            <tr data-row_id=\"1707\" class=\"ninja_table_row_9 nt_row_id_1707\">\n            <td>Maximale Drahtgeschwindigkeit<\/td><td>0-350 m\/min<\/td><td>0-450 m\/min<\/td><td>0-450 m\/min<\/td><td>0-300 m\/min<\/td><td>0-300 m\/min<\/td><td>0-300 m\/min<\/td><td>0-250 m\/min<\/td>        <\/tr>\n            <tr data-row_id=\"1708\" class=\"ninja_table_row_10 nt_row_id_1708\">\n            <td>Funktionierende Stromversorgung<\/td><td>Wechselstrom 220 V<\/td><td>Wechselstrom 220 V<\/td><td>Wechselstrom 220 V<\/td><td>Wechselstrom 220 V<\/td><td>Wechselstrom 220\/380 V<\/td><td>Wechselstrom 220\/380 V<\/td><td>Wechselstrom 220 V<\/td>        <\/tr>\n            <tr data-row_id=\"1709\" class=\"ninja_table_row_11 nt_row_id_1709\">\n            <td>Arbeitsfrequenz<\/td><td>50 Hz<\/td><td>50 Hz<\/td><td>50 Hz<\/td><td>50 Hz<\/td><td>50 Hz<\/td><td>50 Hz<\/td><td>50 Hz<\/td>        <\/tr>\n            <tr data-row_id=\"1710\" class=\"ninja_table_row_12 nt_row_id_1710\">\n            <td>Arbeitsmodus<\/td><td> kontinuierlich<\/td><td> kontinuierlich<\/td><td> kontinuierlich<\/td><td> kontinuierlich<\/td><td> kontinuierlich<\/td><td> kontinuierlich<\/td><td> kontinuierlich<\/td>        <\/tr>\n            <tr data-row_id=\"1711\" class=\"ninja_table_row_13 nt_row_id_1711\">\n            <td>Anwendbare Umgebung<\/td><td>\u226445\u2103<\/td><td>\u226445\u2103<\/td><td>\u226445\u2103<\/td><td>\u226445\u2103<\/td><td>\u226445\u2103<\/td><td>\u00a1\u00dc45\u00a1\u00e6<\/td><td>\u00a1\u00dc45\u00a1\u00e6<\/td>        <\/tr>\n            <tr data-row_id=\"1712\" class=\"ninja_table_row_14 nt_row_id_1712\">\n            <td>Maschinenvolumen<\/td><td>56*60*130cm<\/td><td>56*60*130cm<\/td><td>56*60*130cm<\/td><td>70*65*140 cm<\/td><td>70*65*140 cm<\/td><td>70*65*140 cm<\/td><td>56*60*130cm<\/td>        <\/tr>\n            <tr data-row_id=\"1713\" class=\"ninja_table_row_15 nt_row_id_1713\">\n            <td>Maschinengewicht<\/td><td>145 kg<\/td><td>173 kg<\/td><td>180 kg<\/td><td>195 kg<\/td><td>215 kg<\/td><td>235 kg<\/td><td>135 kg<\/td>        <\/tr>\n            <tr data-row_id=\"1714\" class=\"ninja_table_row_16 nt_row_id_1714\">\n            <td>Maschinenfarben<\/td><td>blau, gr\u00fcn, wei\u00df<\/td><td>blau, gr\u00fcn, wei\u00df<\/td><td>blau, gr\u00fcn, wei\u00df<\/td><td>blau, gr\u00fcn, wei\u00df<\/td><td>blau, gr\u00fcn, wei\u00df<\/td><td>blau\u00a1\u00a2gr\u00fcn wei\u00df<\/td><td>blau\u00a1\u00a2gr\u00fcn wei\u00df<\/td>        <\/tr>\n    <\/tbody><!--ninja_tobody_rendering_done-->\n    <\/table>\n    \n    \n    \n<\/div>\n<\/p>\n<p>Vorteil<br \/>\nIm Vergleich zu Heizger\u00e4ten f\u00fcr Ofenheizrohre spart es mehr Strom als 60% und verwendet das Prinzip der Induktionserw\u00e4rmung. Es verursacht weniger Sch\u00e4den an der Oberfl\u00e4che des Drahtes durch elektrische Funken, weniger Widerstand gegen Vorheizleiter und l\u00e4sst sich nicht so leicht dehnen. Die automatische Geschwindigkeitsverfolgung der Ausgangsvorw\u00e4rmung gew\u00e4hrleistet Temperaturkonsistenz bei unterschiedlichen Drahtgeschwindigkeiten.<\/p>\n<p><img fetchpriority=\"high\" decoding=\"async\" class=\"alignnone size-full wp-image-31301\" src=\"https:\/\/rollingringdrives.com\/wp-content\/uploads\/2024\/05\/\u82f1-scaled.jpg\" alt=\"\u00dcbersichtsdiagramm der Pr\u00fcfger\u00e4te\" width=\"2560\" height=\"1219\" srcset=\"https:\/\/rollingringdrives.com\/wp-content\/uploads\/2024\/05\/\u82f1-scaled.jpg 2560w, https:\/\/rollingringdrives.com\/wp-content\/uploads\/2024\/05\/\u82f1-300x143.jpg 300w, https:\/\/rollingringdrives.com\/wp-content\/uploads\/2024\/05\/\u82f1-1024x487.jpg 1024w, https:\/\/rollingringdrives.com\/wp-content\/uploads\/2024\/05\/\u82f1-768x366.jpg 768w, https:\/\/rollingringdrives.com\/wp-content\/uploads\/2024\/05\/\u82f1-1536x731.jpg 1536w, https:\/\/rollingringdrives.com\/wp-content\/uploads\/2024\/05\/\u82f1-2048x975.jpg 2048w, https:\/\/rollingringdrives.com\/wp-content\/uploads\/2024\/05\/\u82f1-18x9.jpg 18w, https:\/\/rollingringdrives.com\/wp-content\/uploads\/2024\/05\/\u82f1-600x286.jpg 600w\" sizes=\"(max-width: 2560px) 100vw, 2560px\" \/><\/p>","protected":false},"excerpt":{"rendered":"<p id=\"1-eael-table-of-content\" class=\"xsj_heading_hash xsj_heading xsj_heading_h2 eael-heading-content\" data-source-line=\"2\" data-source-line-display=\"true\"><span class=\"xsj_heading_content\">Merkmale:<br \/>\n<\/span>1.Vorw\u00e4rmen des Eisendrahts<\/p>\n<p class=\"xsj_heading_hash xsj_heading xsj_heading_h2 eael-heading-content\" data-source-line=\"2\" data-source-line-display=\"true\">2. Induktionserw\u00e4rmung<br \/>\n3.Der elektrische Funke hat wenig Schaden an der Drahtoberfl\u00e4che<br \/>\n4.Der Widerstand gegen Vorw\u00e4rmen des Leiters ist gering und l\u00e4sst sich nicht leicht dehnen<br \/>\n5. Automatische Geschwindigkeitsverfolgung f\u00fcr die Vorw\u00e4rmung des Ausgangs, um eine gleichbleibende Temperatur bei unterschiedlichen Drahtgeschwindigkeiten sicherzustellen.<\/p>","protected":false},"featured_media":31236,"template":"","meta":{"site-sidebar-layout":"default","site-content-layout":"default","ast-global-header-display":"","ast-banner-title-visibility":"","ast-main-header-display":"","ast-hfb-above-header-display":"","ast-hfb-below-header-display":"","ast-hfb-mobile-header-display":"","site-post-title":"","ast-breadcrumbs-content":"","ast-featured-img":"","footer-sml-layout":"","theme-transparent-header-meta":"default","adv-header-id-meta":"","stick-header-meta":"","header-above-stick-meta":"","header-main-stick-meta":"","header-below-stick-meta":""},"product_brand":[],"product_cat":[65,145,126],"product_tag":[],"class_list":{"0":"post-31227","1":"product","2":"type-product","3":"status-publish","4":"has-post-thumbnail","6":"product_cat-wire-and-cable-testing-equipment","7":"product_cat-wire-preheating","8":"product_cat-wire-preheating-machine","9":"desktop-align-left","10":"tablet-align-left","11":"mobile-align-left","13":"first","14":"instock","15":"shipping-taxable","16":"product-type-simple"},"yoast_head":"<!-- This site is optimized with the Yoast SEO Premium plugin v20.12 (Yoast SEO v26.0) - https:\/\/yoast.com\/wordpress\/plugins\/seo\/ -->\n<title>8kv\/18kv Iron Wire Power Frequency Preheater - QiPang<\/title>\n<meta name=\"robots\" content=\"index, follow, max-snippet:-1, max-image-preview:large, max-video-preview:-1\" \/>\n<link rel=\"canonical\" href=\"https:\/\/rollingringdrives.com\/de\/produkt\/leiterheizung-induktion-8kv-18kv-eisendraht-netzfrequenz-vorwarmmaschine\/\" \/>\n<meta property=\"og:locale\" content=\"de_DE\" \/>\n<meta property=\"og:type\" content=\"article\" \/>\n<meta property=\"og:title\" content=\"8kv\/18kv Iron Wire Power Frequency Preheater\" \/>\n<meta property=\"og:description\" content=\"Features: 1.Iron wire preheating 2.induction heating 3.The electrical spark has little damage to the wire surface 4.The resistance to preheating conductor is small, and it is not easy to stretch 5.Output preheat automatic speed tracking to ensure temperature consistency at different wire speeds.\" \/>\n<meta property=\"og:url\" content=\"https:\/\/rollingringdrives.com\/de\/produkt\/leiterheizung-induktion-8kv-18kv-eisendraht-netzfrequenz-vorwarmmaschine\/\" \/>\n<meta property=\"og:site_name\" content=\"QiPang\" \/>\n<meta property=\"article:modified_time\" content=\"2026-01-12T06:53:10+00:00\" \/>\n<meta property=\"og:image\" content=\"https:\/\/rollingringdrives.com\/wp-content\/uploads\/2024\/05\/\u516c.jpg\" \/>\n\t<meta property=\"og:image:width\" content=\"600\" \/>\n\t<meta property=\"og:image:height\" content=\"600\" \/>\n\t<meta property=\"og:image:type\" content=\"image\/jpeg\" \/>\n<meta name=\"twitter:card\" content=\"summary_large_image\" \/>\n<meta name=\"twitter:label1\" content=\"Gesch\u00e4tzte Lesezeit\" \/>\n\t<meta name=\"twitter:data1\" content=\"2\u00a0Minuten\" \/>\n<script type=\"application\/ld+json\" class=\"yoast-schema-graph\">{\"@context\":\"https:\/\/schema.org\",\"@graph\":[{\"@type\":\"WebPage\",\"@id\":\"https:\/\/rollingringdrives.com\/product\/conductor-heater-induction-8kv-18kv-iron-wire-power-frequency-preheating-machine\/\",\"url\":\"https:\/\/rollingringdrives.com\/product\/conductor-heater-induction-8kv-18kv-iron-wire-power-frequency-preheating-machine\/\",\"name\":\"8kv\/18kv Iron Wire Power Frequency Preheater - QiPang\",\"isPartOf\":{\"@id\":\"https:\/\/rollingringdrives.com\/#website\"},\"primaryImageOfPage\":{\"@id\":\"https:\/\/rollingringdrives.com\/product\/conductor-heater-induction-8kv-18kv-iron-wire-power-frequency-preheating-machine\/#primaryimage\"},\"image\":{\"@id\":\"https:\/\/rollingringdrives.com\/product\/conductor-heater-induction-8kv-18kv-iron-wire-power-frequency-preheating-machine\/#primaryimage\"},\"thumbnailUrl\":\"https:\/\/rollingringdrives.com\/wp-content\/uploads\/2024\/05\/\u516c.jpg\",\"datePublished\":\"2024-05-08T03:44:39+00:00\",\"dateModified\":\"2026-01-12T06:53:10+00:00\",\"breadcrumb\":{\"@id\":\"https:\/\/rollingringdrives.com\/product\/conductor-heater-induction-8kv-18kv-iron-wire-power-frequency-preheating-machine\/#breadcrumb\"},\"inLanguage\":\"de\",\"potentialAction\":[{\"@type\":\"ReadAction\",\"target\":[\"https:\/\/rollingringdrives.com\/product\/conductor-heater-induction-8kv-18kv-iron-wire-power-frequency-preheating-machine\/\"]}]},{\"@type\":\"ImageObject\",\"inLanguage\":\"de\",\"@id\":\"https:\/\/rollingringdrives.com\/product\/conductor-heater-induction-8kv-18kv-iron-wire-power-frequency-preheating-machine\/#primaryimage\",\"url\":\"https:\/\/rollingringdrives.com\/wp-content\/uploads\/2024\/05\/\u516c.jpg\",\"contentUrl\":\"https:\/\/rollingringdrives.com\/wp-content\/uploads\/2024\/05\/\u516c.jpg\",\"width\":600,\"height\":600,\"caption\":\"Iron Wire Power Frequency Preheating Machine\"},{\"@type\":\"BreadcrumbList\",\"@id\":\"https:\/\/rollingringdrives.com\/product\/conductor-heater-induction-8kv-18kv-iron-wire-power-frequency-preheating-machine\/#breadcrumb\",\"itemListElement\":[{\"@type\":\"ListItem\",\"position\":1,\"name\":\"Home\",\"item\":\"https:\/\/rollingringdrives.com\/\"},{\"@type\":\"ListItem\",\"position\":2,\"name\":\"Machines\",\"item\":\"https:\/\/rollingringdrives.com\/machines\/\"},{\"@type\":\"ListItem\",\"position\":3,\"name\":\"8kv\/18kv Iron Wire Power Frequency Preheater\"}]},{\"@type\":\"WebSite\",\"@id\":\"https:\/\/rollingringdrives.com\/#website\",\"url\":\"https:\/\/rollingringdrives.com\/\",\"name\":\"QiPang\",\"description\":\"QiPang Blog\",\"publisher\":{\"@id\":\"https:\/\/rollingringdrives.com\/#organization\"},\"potentialAction\":[{\"@type\":\"SearchAction\",\"target\":{\"@type\":\"EntryPoint\",\"urlTemplate\":\"https:\/\/rollingringdrives.com\/?s={search_term_string}\"},\"query-input\":{\"@type\":\"PropertyValueSpecification\",\"valueRequired\":true,\"valueName\":\"search_term_string\"}}],\"inLanguage\":\"de\"},{\"@type\":\"Organization\",\"@id\":\"https:\/\/rollingringdrives.com\/#organization\",\"name\":\"QiPang\",\"url\":\"https:\/\/rollingringdrives.com\/\",\"logo\":{\"@type\":\"ImageObject\",\"inLanguage\":\"de\",\"@id\":\"https:\/\/rollingringdrives.com\/#\/schema\/logo\/image\/\",\"url\":\"https:\/\/rollingringdrives.com\/wp-content\/uploads\/2023\/05\/cropped-\u672a\u547d\u540d\u7684\u8bbe\u8ba1.png\",\"contentUrl\":\"https:\/\/rollingringdrives.com\/wp-content\/uploads\/2023\/05\/cropped-\u672a\u547d\u540d\u7684\u8bbe\u8ba1.png\",\"width\":300,\"height\":191,\"caption\":\"QiPang\"},\"image\":{\"@id\":\"https:\/\/rollingringdrives.com\/#\/schema\/logo\/image\/\"}}]}<\/script>\n<!-- \/ Yoast SEO Premium plugin. -->","yoast_head_json":{"title":"8 kV\/18 kV Eisendraht-Leistungsfrequenz-Vorw\u00e4rmer - QiPang","robots":{"index":"index","follow":"follow","max-snippet":"max-snippet:-1","max-image-preview":"max-image-preview:large","max-video-preview":"max-video-preview:-1"},"canonical":"https:\/\/rollingringdrives.com\/de\/produkt\/leiterheizung-induktion-8kv-18kv-eisendraht-netzfrequenz-vorwarmmaschine\/","og_locale":"de_DE","og_type":"article","og_title":"8kv\/18kv Iron Wire Power Frequency Preheater","og_description":"Features: 1.Iron wire preheating 2.induction heating 3.The electrical spark has little damage to the wire surface 4.The resistance to preheating conductor is small, and it is not easy to stretch 5.Output preheat automatic speed tracking to ensure temperature consistency at different wire speeds.","og_url":"https:\/\/rollingringdrives.com\/de\/produkt\/leiterheizung-induktion-8kv-18kv-eisendraht-netzfrequenz-vorwarmmaschine\/","og_site_name":"QiPang","article_modified_time":"2026-01-12T06:53:10+00:00","og_image":[{"width":600,"height":600,"url":"https:\/\/rollingringdrives.com\/wp-content\/uploads\/2024\/05\/\u516c.jpg","type":"image\/jpeg"}],"twitter_card":"summary_large_image","twitter_misc":{"Gesch\u00e4tzte Lesezeit":"2\u00a0Minuten"},"schema":{"@context":"https:\/\/schema.org","@graph":[{"@type":"WebPage","@id":"https:\/\/rollingringdrives.com\/product\/conductor-heater-induction-8kv-18kv-iron-wire-power-frequency-preheating-machine\/","url":"https:\/\/rollingringdrives.com\/product\/conductor-heater-induction-8kv-18kv-iron-wire-power-frequency-preheating-machine\/","name":"8 kV\/18 kV Eisendraht-Leistungsfrequenz-Vorw\u00e4rmer - QiPang","isPartOf":{"@id":"https:\/\/rollingringdrives.com\/#website"},"primaryImageOfPage":{"@id":"https:\/\/rollingringdrives.com\/product\/conductor-heater-induction-8kv-18kv-iron-wire-power-frequency-preheating-machine\/#primaryimage"},"image":{"@id":"https:\/\/rollingringdrives.com\/product\/conductor-heater-induction-8kv-18kv-iron-wire-power-frequency-preheating-machine\/#primaryimage"},"thumbnailUrl":"https:\/\/rollingringdrives.com\/wp-content\/uploads\/2024\/05\/\u516c.jpg","datePublished":"2024-05-08T03:44:39+00:00","dateModified":"2026-01-12T06:53:10+00:00","breadcrumb":{"@id":"https:\/\/rollingringdrives.com\/product\/conductor-heater-induction-8kv-18kv-iron-wire-power-frequency-preheating-machine\/#breadcrumb"},"inLanguage":"de","potentialAction":[{"@type":"ReadAction","target":["https:\/\/rollingringdrives.com\/product\/conductor-heater-induction-8kv-18kv-iron-wire-power-frequency-preheating-machine\/"]}]},{"@type":"ImageObject","inLanguage":"de","@id":"https:\/\/rollingringdrives.com\/product\/conductor-heater-induction-8kv-18kv-iron-wire-power-frequency-preheating-machine\/#primaryimage","url":"https:\/\/rollingringdrives.com\/wp-content\/uploads\/2024\/05\/\u516c.jpg","contentUrl":"https:\/\/rollingringdrives.com\/wp-content\/uploads\/2024\/05\/\u516c.jpg","width":600,"height":600,"caption":"Iron Wire Power Frequency Preheating Machine"},{"@type":"BreadcrumbList","@id":"https:\/\/rollingringdrives.com\/product\/conductor-heater-induction-8kv-18kv-iron-wire-power-frequency-preheating-machine\/#breadcrumb","itemListElement":[{"@type":"ListItem","position":1,"name":"Home","item":"https:\/\/rollingringdrives.com\/"},{"@type":"ListItem","position":2,"name":"Machines","item":"https:\/\/rollingringdrives.com\/machines\/"},{"@type":"ListItem","position":3,"name":"8kv\/18kv Iron Wire Power Frequency Preheater"}]},{"@type":"WebSite","@id":"https:\/\/rollingringdrives.com\/#website","url":"https:\/\/rollingringdrives.com\/","name":"QiPang","description":"QiPang-Blog","publisher":{"@id":"https:\/\/rollingringdrives.com\/#organization"},"potentialAction":[{"@type":"SearchAction","target":{"@type":"EntryPoint","urlTemplate":"https:\/\/rollingringdrives.com\/?s={search_term_string}"},"query-input":{"@type":"PropertyValueSpecification","valueRequired":true,"valueName":"search_term_string"}}],"inLanguage":"de"},{"@type":"Organization","@id":"https:\/\/rollingringdrives.com\/#organization","name":"QiPang","url":"https:\/\/rollingringdrives.com\/","logo":{"@type":"ImageObject","inLanguage":"de","@id":"https:\/\/rollingringdrives.com\/#\/schema\/logo\/image\/","url":"https:\/\/rollingringdrives.com\/wp-content\/uploads\/2023\/05\/cropped-\u672a\u547d\u540d\u7684\u8bbe\u8ba1.png","contentUrl":"https:\/\/rollingringdrives.com\/wp-content\/uploads\/2023\/05\/cropped-\u672a\u547d\u540d\u7684\u8bbe\u8ba1.png","width":300,"height":191,"caption":"QiPang"},"image":{"@id":"https:\/\/rollingringdrives.com\/#\/schema\/logo\/image\/"}}]}},"_links":{"self":[{"href":"https:\/\/rollingringdrives.com\/de\/wp-json\/wp\/v2\/product\/31227","targetHints":{"allow":["GET"]}}],"collection":[{"href":"https:\/\/rollingringdrives.com\/de\/wp-json\/wp\/v2\/product"}],"about":[{"href":"https:\/\/rollingringdrives.com\/de\/wp-json\/wp\/v2\/types\/product"}],"version-history":[{"count":0,"href":"https:\/\/rollingringdrives.com\/de\/wp-json\/wp\/v2\/product\/31227\/revisions"}],"wp:featuredmedia":[{"embeddable":true,"href":"https:\/\/rollingringdrives.com\/de\/wp-json\/wp\/v2\/media\/31236"}],"wp:attachment":[{"href":"https:\/\/rollingringdrives.com\/de\/wp-json\/wp\/v2\/media?parent=31227"}],"wp:term":[{"taxonomy":"product_brand","embeddable":true,"href":"https:\/\/rollingringdrives.com\/de\/wp-json\/wp\/v2\/product_brand?post=31227"},{"taxonomy":"product_cat","embeddable":true,"href":"https:\/\/rollingringdrives.com\/de\/wp-json\/wp\/v2\/product_cat?post=31227"},{"taxonomy":"product_tag","embeddable":true,"href":"https:\/\/rollingringdrives.com\/de\/wp-json\/wp\/v2\/product_tag?post=31227"}],"curies":[{"name":"wp","href":"https:\/\/api.w.org\/{rel}","templated":true}]}}