{"id":31245,"date":"2024-05-08T06:28:52","date_gmt":"2024-05-08T06:28:52","guid":{"rendered":"https:\/\/rollingringdrives.com\/?post_type=product&#038;p=31245"},"modified":"2025-11-01T02:13:04","modified_gmt":"2025-11-01T02:13:04","slug":"wire-rope-length-counter-for-winding-machine","status":"publish","type":"product","link":"https:\/\/rollingringdrives.com\/de\/produkt\/drahtseillangenzahler-fur-wickelmaschine\/","title":{"rendered":"Drahtseill\u00e4ngenz\u00e4hler f\u00fcr Drahtspulmaschine"},"content":{"rendered":"<p>Der <strong>Drahtseill\u00e4ngenz\u00e4hler f\u00fcr Wickelmaschine <\/strong>ist ein fortschrittliches elektronisches Ger\u00e4t mit pr\u00e4ziser Meterz\u00e4hlfunktion. Es verwendet ein Eisenrad, das f\u00fcr Drahtseile und Volldr\u00e4hte geeignet ist, und verf\u00fcgt \u00fcber eine R\u00fccklaufsperre, die verschlei\u00dffester ist. Es z\u00e4hlt die Meter im Wickelprozess mit hoher Meterz\u00e4hlgenauigkeit.<\/p>\n<div id=\"footable_parent_32666\"\n         class=\"footable_parent ninja_table_wrapper loading_ninja_table wp_table_data_press_parent semantic_ui\">\n                <table data-ninja_table_instance=\"ninja_table_instance_0\" data-footable_id=\"32666\" data-filter-delay=\"1000\" aria-label=\"\u7535\u5b50\u8ba1\u7c73\u5668Kabelz\u00e4hlerstand.csv\"            id=\"footable_32666\"\n           data-unique_identifier=\"ninja_table_unique_id_2047065338_32666\"\n           class=\"foo-table ninja_footable foo_table_32666 ninja_table_unique_id_2047065338_32666 ui table  ninja_search_right nt_type_legacy_table selectable striped vertical_centered  footable-paging-right ninja_table_pro\">\n                <colgroup>\n                            <col class=\"ninja_column_0\">\n                            <col class=\"ninja_column_1\">\n                    <\/colgroup>\n        <thead>\n<tr class=\"footable-header\">\n                                        <th scope=\"col\"  class=\"ninja_column_0 ninja_clmn_nm_model\">Modell<\/th><th scope=\"col\"  class=\"ninja_column_1 ninja_clmn_nm_qp3ls\">QP-30 Drahtl\u00e4ngenz\u00e4hler<\/th><\/tr>\n<\/thead>\n<tbody>\n\n        <tr data-row_id=\"1997\" class=\"ninja_table_row_0 nt_row_id_1997\">\n            <td>Anwendbarer Drahtdurchmesser<\/td><td>1-30mm<\/td>        <\/tr>\n            <tr data-row_id=\"1998\" class=\"ninja_table_row_1 nt_row_id_1998\">\n            <td>Anwendbare lineare Geschwindigkeit<\/td><td>0-200M\/Min<\/td>        <\/tr>\n            <tr data-row_id=\"1999\" class=\"ninja_table_row_2 nt_row_id_1999\">\n            <td>Spitzenh\u00f6he<\/td><td>1000mm(Mittenh\u00f6he einstellbar)<\/td>        <\/tr>\n            <tr data-row_id=\"2000\" class=\"ninja_table_row_3 nt_row_id_2000\">\n            <td>Material des Messrades<\/td><td>Stahlwerkstoff 45#<\/td>        <\/tr>\n            <tr data-row_id=\"2001\" class=\"ninja_table_row_4 nt_row_id_2001\">\n            <td>Durchmesser des Messrades<\/td><td>\u03c6159,16mm\u00b10,01<\/td>        <\/tr>\n            <tr data-row_id=\"2002\" class=\"ninja_table_row_5 nt_row_id_2002\">\n            <td>Messgenauigkeit<\/td><td>Umspulen 2\u2030 verdrillter Draht 2\u2030Extrusion 1,5\u2030<\/td>        <\/tr>\n            <tr data-row_id=\"2003\" class=\"ninja_table_row_6 nt_row_id_2003\">\n            <td>Abz\u00e4hlbare L\u00e4nge<\/td><td>0-99999.9M<\/td>        <\/tr>\n            <tr data-row_id=\"2004\" class=\"ninja_table_row_7 nt_row_id_2004\">\n            <td>Komprimierungsverfahren<\/td><td>Manuelles Verschrauben oder handgehaltenes Niederdr\u00fccken<\/td>        <\/tr>\n            <tr data-row_id=\"2005\" class=\"ninja_table_row_8 nt_row_id_2005\">\n            <td>Produktstruktur<\/td><td>Vertikale Kompression<\/td>        <\/tr>\n            <tr data-row_id=\"2006\" class=\"ninja_table_row_9 nt_row_id_2006\">\n            <td>Z\u00e4hlweise<\/td><td>Sensor (einstellbarer Z\u00e4hlerkoeffizient) oder optionaler Encoder<\/td>        <\/tr>\n            <tr data-row_id=\"2007\" class=\"ninja_table_row_10 nt_row_id_2007\">\n            <td>OUTPUT<\/td><td>RS485(Optional)<\/td>        <\/tr>\n            <tr data-row_id=\"2008\" class=\"ninja_table_row_11 nt_row_id_2008\">\n            <td>Ger\u00e4t Farbe<\/td><td>5015 Blau (andere anpassbar)<\/td>        <\/tr>\n            <tr data-row_id=\"2009\" class=\"ninja_table_row_12 nt_row_id_2009\">\n            <td>Arbeitsspannung<\/td><td>220V AC<\/td>        <\/tr>\n            <tr data-row_id=\"2010\" class=\"ninja_table_row_13 nt_row_id_2010\">\n            <td>Gewicht der Ausr\u00fcstung<\/td><td>26kg \uff08Meterz\u00e4hler Tisch\uff09+23kg\uff08Halterung\uff09<\/td>        <\/tr>\n            <tr data-row_id=\"2011\" class=\"ninja_table_row_14 nt_row_id_2011\">\n            <td>Ausr\u00fcstung Abmessungen<\/td><td>L480mm* B280mm*H250mm Meterz\u00e4hler Tisch L370mm*B370mm*H680mm Halterung<\/td>        <\/tr>\n            <tr data-row_id=\"2012\" class=\"ninja_table_row_15 nt_row_id_2012\">\n            <td>Optionales Zubeh\u00f6r<\/td><td>Elektronisches Anzeigeger\u00e4t\/Halterung<\/td>        <\/tr>\n    <\/tbody><!--ninja_tobody_rendering_done-->\n    <\/table>\n    \n    \n    \n<\/div>\n\n<h2 id=\"2-eael-table-of-content\" class=\"xsj_heading_hash xsj_heading xsj_heading_h2 eael-heading-content\" data-source-line=\"2\" data-source-line-display=\"true\"><span class=\"xsj_heading_content\"><strong>Drahtseill\u00e4ngenz\u00e4hler <\/strong>Anwendungen:<\/span><\/h2>\n<p>Der <strong>Drahtseill\u00e4ngenz\u00e4hler f\u00fcr Wickelmaschine<\/strong> ist ideal f\u00fcr verschiedene Anwendungen, die eine pr\u00e4zise Meterz\u00e4hlung erfordern. Er kann in der Drahtseilindustrie zum Aufwickeln von Geweben, in der Draht- und Kabelindustrie zum Messen von Draht- und Kabell\u00e4ngen und in der Papierindustrie zum Messen von Papierl\u00e4ngen verwendet werden, um nur einige zu nennen.<\/p>\n<h2 id=\"3-eael-table-of-content\" class=\"xsj_heading_hash xsj_heading xsj_heading_h2 eael-heading-content\" data-source-line=\"6\" data-source-line-display=\"true\"><span class=\"xsj_heading_content\"><strong>Drahtseill\u00e4ngenz\u00e4hler <\/strong>Messprinzip:<\/span><\/h2>\n<p class=\"xsj_paragraph xsj_paragraph_level_0\" data-source-line=\"8\" data-source-line-display=\"true\">Der <strong>Drahtseill\u00e4ngenz\u00e4hler f\u00fcr Wickelmaschine<\/strong> verwendet einen Eisenz\u00e4hler und einen Eisenradantriebsmechanismus, um die Anzahl der Meter w\u00e4hrend des Wickelvorgangs zu z\u00e4hlen. Das Messrad hat einen Durchmesser von 159,15 mm und die Synchronradparameter sind nicht anwendbar. Der Toleranzbereich betr\u00e4gt 1 \u2030 und die Messgeschwindigkeit betr\u00e4gt bis zu 200 m\/min. Die Mittenh\u00f6he kann angepasst werden und die Messmethode kann entweder Encoder oder Induktion sein.<\/p>\n<h2 id=\"3-eael-table-of-content\" class=\"xsj_heading_hash xsj_heading xsj_heading_h2 eael-heading-content\" data-source-line=\"6\" data-source-line-display=\"true\"><span class=\"xsj_heading_content\"><strong>Drahtseill\u00e4ngenz\u00e4hler <\/strong><\/span><span class=\"xsj_heading_content\">FAQs:<\/span><\/h2>\n<div class=\"xiaoshujiang_element xsj_anchor\"><a class=\"blank_anchor_name\" name=\"120what20is20the20measuring20range20of20the20digital20electronic20counter20meter20for20winding20machine_4\"><\/a><a id=\"120what20is20the20measuring20range20of20the20digital20electronic20counter20meter20for20winding20machine_4\" class=\"blank_anchor_id\"><\/a><a class=\"blank_anchor_name\" name=\"1-what-is-the-measuring-range-of-the-digital-electronic-counter-meter-for-winding-machine\"><\/a><a id=\"1-what-is-the-measuring-range-of-the-digital-electronic-counter-meter-for-winding-machine\" class=\"blank_anchor_id\"><\/a><\/div>\n<h4 id=\"5-eael-table-of-content\" class=\"xsj_heading_hash xsj_heading xsj_heading_h4 eael-heading-content\" data-source-line=\"12\" data-source-line-display=\"true\"><span class=\"xsj_heading_content\">1. Was ist der Messbereich des digitalen elektronischen Z\u00e4hlers f\u00fcr die Wickelmaschine?<\/span><\/h4>\n<p class=\"xsj_paragraph xsj_paragraph_level_0\" data-source-line=\"14\" data-source-line-display=\"true\">Antwort: Der Messbereich des Messger\u00e4ts kann von 1 bis 30 mm angepasst werden.<\/p>\n<div class=\"xiaoshujiang_element xsj_anchor\"><a class=\"blank_anchor_name\" name=\"220how20fast20can20the20meter20count20the20number20of20meters_5\"><\/a><a id=\"220how20fast20can20the20meter20count20the20number20of20meters_5\" class=\"blank_anchor_id\"><\/a><a class=\"blank_anchor_name\" name=\"2-how-fast-can-the-meter-count-the-number-of-meters\"><\/a><a id=\"2-how-fast-can-the-meter-count-the-number-of-meters\" class=\"blank_anchor_id\"><\/a><\/div>\n<h4 id=\"6-eael-table-of-content\" class=\"xsj_heading_hash xsj_heading xsj_heading_h4 eael-heading-content\" data-source-line=\"16\" data-source-line-display=\"true\"><span class=\"xsj_heading_content\">2. Wie schnell kann der Z\u00e4hler die Anzahl der Meter z\u00e4hlen?<\/span><\/h4>\n<p class=\"xsj_paragraph xsj_paragraph_level_0\" data-source-line=\"18\" data-source-line-display=\"true\">Antwort: Das Messger\u00e4t kann bis zu 200 m\/min z\u00e4hlen.<\/p>\n<div class=\"xiaoshujiang_element xsj_anchor\"><a class=\"blank_anchor_name\" name=\"320does20the20meter20come20with20a20display20for20meter20readings_6\"><\/a><a id=\"320does20the20meter20come20with20a20display20for20meter20readings_6\" class=\"blank_anchor_id\"><\/a><a class=\"blank_anchor_name\" name=\"3-does-the-meter-come-with-a-display-for-meter-readings\"><\/a><a id=\"3-does-the-meter-come-with-a-display-for-meter-readings\" class=\"blank_anchor_id\"><\/a><\/div>\n<h4 id=\"7-eael-table-of-content\" class=\"xsj_heading_hash xsj_heading xsj_heading_h4 eael-heading-content\" data-source-line=\"20\" data-source-line-display=\"true\"><span class=\"xsj_heading_content\">3. Verf\u00fcgt das Messger\u00e4t \u00fcber eine Anzeige f\u00fcr den Z\u00e4hlerstand?<\/span><\/h4>\n<p class=\"xsj_paragraph xsj_paragraph_level_0\" data-source-line=\"22\" data-source-line-display=\"true\">Antwort: Das Messger\u00e4t verf\u00fcgt \u00fcber eine elektronische Digitalanzeige f\u00fcr eine genaue Anzeige.<\/p>","protected":false},"excerpt":{"rendered":"<h2 id=\"1-eael-table-of-content\" class=\"xsj_heading_hash xsj_heading xsj_heading_h2 eael-heading-content\" data-source-line=\"3\" data-source-line-display=\"true\"><span class=\"xsj_heading_content\">Merkmale:<\/span><\/h2>\n<ol class=\"markdown_ol\" data-source-line=\"5\">\n<li data-source-line=\"5\">Genaue Z\u00e4hlerz\u00e4hlfunktionen.<\/li>\n<li data-source-line=\"6\">Elektronisches Digitalanzeigemessger\u00e4t f\u00fcr eine genaue Ablesung.<\/li>\n<li data-source-line=\"7\">Anpassbarer Bereich von 1\u201330 mm.<\/li>\n<li data-source-line=\"8\">Handrad-Schraubenkompressionsmethode f\u00fcr einfache Handhabung.<\/li>\n<li data-source-line=\"9\">Encoder- oder Induktionsmessverfahren f\u00fcr Vielseitigkeit.<\/li>\n<li data-source-line=\"10\">F\u00fchrungsdraht f\u00fcr die Einstellung der vorderen und hinteren Walze in und aus der Eingangsrichtung.<\/li>\n<li data-source-line=\"11\">Leichtes und langlebiges Design.<\/li>\n<li data-source-line=\"11\">Es verf\u00fcgt \u00fcber eine R\u00fccklaufsperre und ist verschlei\u00dffester.<\/li>\n<\/ol>","protected":false},"featured_media":31284,"template":"","meta":{"site-sidebar-layout":"default","site-content-layout":"default","ast-global-header-display":"","ast-banner-title-visibility":"","ast-main-header-display":"","ast-hfb-above-header-display":"","ast-hfb-below-header-display":"","ast-hfb-mobile-header-display":"","site-post-title":"","ast-breadcrumbs-content":"","ast-featured-img":"","footer-sml-layout":"","theme-transparent-header-meta":"default","adv-header-id-meta":"","stick-header-meta":"","header-above-stick-meta":"","header-main-stick-meta":"","header-below-stick-meta":""},"product_brand":[],"product_cat":[59],"product_tag":[],"class_list":{"0":"post-31245","1":"product","2":"type-product","3":"status-publish","4":"has-post-thumbnail","6":"product_cat-length-measuring-instrument","7":"desktop-align-left","8":"tablet-align-left","9":"mobile-align-left","11":"first","12":"instock","13":"shipping-taxable","14":"product-type-simple"},"yoast_head":"<!-- This site is optimized with the Yoast SEO Premium plugin v20.12 (Yoast SEO v26.0) - https:\/\/yoast.com\/wordpress\/plugins\/seo\/ -->\n<title>Wire Rope Length Meter Counter For Wire Spooling Machine - QiPang<\/title>\n<meta name=\"robots\" content=\"index, follow, max-snippet:-1, max-image-preview:large, max-video-preview:-1\" \/>\n<link rel=\"canonical\" href=\"https:\/\/rollingringdrives.com\/de\/produkt\/drahtseillangenzahler-fur-wickelmaschine\/\" \/>\n<meta property=\"og:locale\" content=\"de_DE\" \/>\n<meta property=\"og:type\" content=\"article\" \/>\n<meta property=\"og:title\" content=\"Wire Rope Length Meter Counter For Wire Spooling Machine\" \/>\n<meta property=\"og:description\" content=\"Features:   Accurate meter counting capabilities.  Electronic digital display meter for an accurate reading.  Customizable range from 1-30mm.  Handwheel screw type compression method for ease of use.  Encoder or induction measuring procedure for versatility.  Front and rear roller adjustment guide wire in and out of the incoming direction.  Lightweight and durable design.  It has anti-reverse function, more wear-resistant.\" \/>\n<meta property=\"og:url\" content=\"https:\/\/rollingringdrives.com\/de\/produkt\/drahtseillangenzahler-fur-wickelmaschine\/\" \/>\n<meta property=\"og:site_name\" content=\"QiPang\" \/>\n<meta property=\"article:modified_time\" content=\"2025-11-01T02:13:04+00:00\" \/>\n<meta property=\"og:image\" content=\"https:\/\/rollingringdrives.com\/wp-content\/uploads\/2024\/05\/2_\u526f\u672c.jpg\" \/>\n\t<meta property=\"og:image:width\" content=\"600\" \/>\n\t<meta property=\"og:image:height\" content=\"600\" \/>\n\t<meta property=\"og:image:type\" content=\"image\/jpeg\" \/>\n<meta name=\"twitter:card\" content=\"summary_large_image\" \/>\n<meta name=\"twitter:label1\" content=\"Gesch\u00e4tzte Lesezeit\" \/>\n\t<meta name=\"twitter:data1\" content=\"2\u00a0Minuten\" \/>\n<script type=\"application\/ld+json\" class=\"yoast-schema-graph\">{\"@context\":\"https:\/\/schema.org\",\"@graph\":[{\"@type\":\"WebPage\",\"@id\":\"https:\/\/rollingringdrives.com\/product\/wire-rope-length-counter-for-winding-machine\/\",\"url\":\"https:\/\/rollingringdrives.com\/product\/wire-rope-length-counter-for-winding-machine\/\",\"name\":\"Wire Rope Length Meter Counter For Wire Spooling Machine - QiPang\",\"isPartOf\":{\"@id\":\"https:\/\/rollingringdrives.com\/#website\"},\"primaryImageOfPage\":{\"@id\":\"https:\/\/rollingringdrives.com\/product\/wire-rope-length-counter-for-winding-machine\/#primaryimage\"},\"image\":{\"@id\":\"https:\/\/rollingringdrives.com\/product\/wire-rope-length-counter-for-winding-machine\/#primaryimage\"},\"thumbnailUrl\":\"https:\/\/rollingringdrives.com\/wp-content\/uploads\/2024\/05\/2_\u526f\u672c.jpg\",\"datePublished\":\"2024-05-08T06:28:52+00:00\",\"dateModified\":\"2025-11-01T02:13:04+00:00\",\"breadcrumb\":{\"@id\":\"https:\/\/rollingringdrives.com\/product\/wire-rope-length-counter-for-winding-machine\/#breadcrumb\"},\"inLanguage\":\"de\",\"potentialAction\":[{\"@type\":\"ReadAction\",\"target\":[\"https:\/\/rollingringdrives.com\/product\/wire-rope-length-counter-for-winding-machine\/\"]}]},{\"@type\":\"ImageObject\",\"inLanguage\":\"de\",\"@id\":\"https:\/\/rollingringdrives.com\/product\/wire-rope-length-counter-for-winding-machine\/#primaryimage\",\"url\":\"https:\/\/rollingringdrives.com\/wp-content\/uploads\/2024\/05\/2_\u526f\u672c.jpg\",\"contentUrl\":\"https:\/\/rollingringdrives.com\/wp-content\/uploads\/2024\/05\/2_\u526f\u672c.jpg\",\"width\":600,\"height\":600,\"caption\":\"wire rope length counter\"},{\"@type\":\"BreadcrumbList\",\"@id\":\"https:\/\/rollingringdrives.com\/product\/wire-rope-length-counter-for-winding-machine\/#breadcrumb\",\"itemListElement\":[{\"@type\":\"ListItem\",\"position\":1,\"name\":\"Home\",\"item\":\"https:\/\/rollingringdrives.com\/\"},{\"@type\":\"ListItem\",\"position\":2,\"name\":\"Machines\",\"item\":\"https:\/\/rollingringdrives.com\/machines\/\"},{\"@type\":\"ListItem\",\"position\":3,\"name\":\"Wire Rope Length Meter Counter For Wire Spooling Machine\"}]},{\"@type\":\"WebSite\",\"@id\":\"https:\/\/rollingringdrives.com\/#website\",\"url\":\"https:\/\/rollingringdrives.com\/\",\"name\":\"QiPang\",\"description\":\"QiPang Blog\",\"publisher\":{\"@id\":\"https:\/\/rollingringdrives.com\/#organization\"},\"potentialAction\":[{\"@type\":\"SearchAction\",\"target\":{\"@type\":\"EntryPoint\",\"urlTemplate\":\"https:\/\/rollingringdrives.com\/?s={search_term_string}\"},\"query-input\":{\"@type\":\"PropertyValueSpecification\",\"valueRequired\":true,\"valueName\":\"search_term_string\"}}],\"inLanguage\":\"de\"},{\"@type\":\"Organization\",\"@id\":\"https:\/\/rollingringdrives.com\/#organization\",\"name\":\"QiPang\",\"url\":\"https:\/\/rollingringdrives.com\/\",\"logo\":{\"@type\":\"ImageObject\",\"inLanguage\":\"de\",\"@id\":\"https:\/\/rollingringdrives.com\/#\/schema\/logo\/image\/\",\"url\":\"https:\/\/rollingringdrives.com\/wp-content\/uploads\/2023\/05\/cropped-\u672a\u547d\u540d\u7684\u8bbe\u8ba1.png\",\"contentUrl\":\"https:\/\/rollingringdrives.com\/wp-content\/uploads\/2023\/05\/cropped-\u672a\u547d\u540d\u7684\u8bbe\u8ba1.png\",\"width\":300,\"height\":191,\"caption\":\"QiPang\"},\"image\":{\"@id\":\"https:\/\/rollingringdrives.com\/#\/schema\/logo\/image\/\"}}]}<\/script>\n<!-- \/ Yoast SEO Premium plugin. -->","yoast_head_json":{"title":"Drahtseil L\u00e4ngenmesser Z\u00e4hler f\u00fcr Draht Spooling Maschine - QiPang","robots":{"index":"index","follow":"follow","max-snippet":"max-snippet:-1","max-image-preview":"max-image-preview:large","max-video-preview":"max-video-preview:-1"},"canonical":"https:\/\/rollingringdrives.com\/de\/produkt\/drahtseillangenzahler-fur-wickelmaschine\/","og_locale":"de_DE","og_type":"article","og_title":"Wire Rope Length Meter Counter For Wire Spooling Machine","og_description":"Features:   Accurate meter counting capabilities.  Electronic digital display meter for an accurate reading.  Customizable range from 1-30mm.  Handwheel screw type compression method for ease of use.  Encoder or induction measuring procedure for versatility.  Front and rear roller adjustment guide wire in and out of the incoming direction.  Lightweight and durable design.  It has anti-reverse function, more wear-resistant.","og_url":"https:\/\/rollingringdrives.com\/de\/produkt\/drahtseillangenzahler-fur-wickelmaschine\/","og_site_name":"QiPang","article_modified_time":"2025-11-01T02:13:04+00:00","og_image":[{"width":600,"height":600,"url":"https:\/\/rollingringdrives.com\/wp-content\/uploads\/2024\/05\/2_\u526f\u672c.jpg","type":"image\/jpeg"}],"twitter_card":"summary_large_image","twitter_misc":{"Gesch\u00e4tzte Lesezeit":"2\u00a0Minuten"},"schema":{"@context":"https:\/\/schema.org","@graph":[{"@type":"WebPage","@id":"https:\/\/rollingringdrives.com\/product\/wire-rope-length-counter-for-winding-machine\/","url":"https:\/\/rollingringdrives.com\/product\/wire-rope-length-counter-for-winding-machine\/","name":"Drahtseil L\u00e4ngenmesser Z\u00e4hler f\u00fcr Draht Spooling Maschine - QiPang","isPartOf":{"@id":"https:\/\/rollingringdrives.com\/#website"},"primaryImageOfPage":{"@id":"https:\/\/rollingringdrives.com\/product\/wire-rope-length-counter-for-winding-machine\/#primaryimage"},"image":{"@id":"https:\/\/rollingringdrives.com\/product\/wire-rope-length-counter-for-winding-machine\/#primaryimage"},"thumbnailUrl":"https:\/\/rollingringdrives.com\/wp-content\/uploads\/2024\/05\/2_\u526f\u672c.jpg","datePublished":"2024-05-08T06:28:52+00:00","dateModified":"2025-11-01T02:13:04+00:00","breadcrumb":{"@id":"https:\/\/rollingringdrives.com\/product\/wire-rope-length-counter-for-winding-machine\/#breadcrumb"},"inLanguage":"de","potentialAction":[{"@type":"ReadAction","target":["https:\/\/rollingringdrives.com\/product\/wire-rope-length-counter-for-winding-machine\/"]}]},{"@type":"ImageObject","inLanguage":"de","@id":"https:\/\/rollingringdrives.com\/product\/wire-rope-length-counter-for-winding-machine\/#primaryimage","url":"https:\/\/rollingringdrives.com\/wp-content\/uploads\/2024\/05\/2_\u526f\u672c.jpg","contentUrl":"https:\/\/rollingringdrives.com\/wp-content\/uploads\/2024\/05\/2_\u526f\u672c.jpg","width":600,"height":600,"caption":"wire rope length counter"},{"@type":"BreadcrumbList","@id":"https:\/\/rollingringdrives.com\/product\/wire-rope-length-counter-for-winding-machine\/#breadcrumb","itemListElement":[{"@type":"ListItem","position":1,"name":"Home","item":"https:\/\/rollingringdrives.com\/"},{"@type":"ListItem","position":2,"name":"Machines","item":"https:\/\/rollingringdrives.com\/machines\/"},{"@type":"ListItem","position":3,"name":"Wire Rope Length Meter Counter For Wire Spooling Machine"}]},{"@type":"WebSite","@id":"https:\/\/rollingringdrives.com\/#website","url":"https:\/\/rollingringdrives.com\/","name":"QiPang","description":"QiPang-Blog","publisher":{"@id":"https:\/\/rollingringdrives.com\/#organization"},"potentialAction":[{"@type":"SearchAction","target":{"@type":"EntryPoint","urlTemplate":"https:\/\/rollingringdrives.com\/?s={search_term_string}"},"query-input":{"@type":"PropertyValueSpecification","valueRequired":true,"valueName":"search_term_string"}}],"inLanguage":"de"},{"@type":"Organization","@id":"https:\/\/rollingringdrives.com\/#organization","name":"QiPang","url":"https:\/\/rollingringdrives.com\/","logo":{"@type":"ImageObject","inLanguage":"de","@id":"https:\/\/rollingringdrives.com\/#\/schema\/logo\/image\/","url":"https:\/\/rollingringdrives.com\/wp-content\/uploads\/2023\/05\/cropped-\u672a\u547d\u540d\u7684\u8bbe\u8ba1.png","contentUrl":"https:\/\/rollingringdrives.com\/wp-content\/uploads\/2023\/05\/cropped-\u672a\u547d\u540d\u7684\u8bbe\u8ba1.png","width":300,"height":191,"caption":"QiPang"},"image":{"@id":"https:\/\/rollingringdrives.com\/#\/schema\/logo\/image\/"}}]}},"_links":{"self":[{"href":"https:\/\/rollingringdrives.com\/de\/wp-json\/wp\/v2\/product\/31245","targetHints":{"allow":["GET"]}}],"collection":[{"href":"https:\/\/rollingringdrives.com\/de\/wp-json\/wp\/v2\/product"}],"about":[{"href":"https:\/\/rollingringdrives.com\/de\/wp-json\/wp\/v2\/types\/product"}],"version-history":[{"count":0,"href":"https:\/\/rollingringdrives.com\/de\/wp-json\/wp\/v2\/product\/31245\/revisions"}],"wp:featuredmedia":[{"embeddable":true,"href":"https:\/\/rollingringdrives.com\/de\/wp-json\/wp\/v2\/media\/31284"}],"wp:attachment":[{"href":"https:\/\/rollingringdrives.com\/de\/wp-json\/wp\/v2\/media?parent=31245"}],"wp:term":[{"taxonomy":"product_brand","embeddable":true,"href":"https:\/\/rollingringdrives.com\/de\/wp-json\/wp\/v2\/product_brand?post=31245"},{"taxonomy":"product_cat","embeddable":true,"href":"https:\/\/rollingringdrives.com\/de\/wp-json\/wp\/v2\/product_cat?post=31245"},{"taxonomy":"product_tag","embeddable":true,"href":"https:\/\/rollingringdrives.com\/de\/wp-json\/wp\/v2\/product_tag?post=31245"}],"curies":[{"name":"wp","href":"https:\/\/api.w.org\/{rel}","templated":true}]}}