{"id":31391,"date":"2024-05-11T01:52:35","date_gmt":"2024-05-11T01:52:35","guid":{"rendered":"https:\/\/rollingringdrives.com\/?post_type=product&#038;p=31391"},"modified":"2025-07-07T05:59:30","modified_gmt":"2025-07-07T05:59:30","slug":"qp1246-automatic-coiling-and-wrapping-machine","status":"publish","type":"product","link":"https:\/\/rollingringdrives.com\/de\/produkt\/qp1246-automatische-wickel-und-verpackungsmaschine\/","title":{"rendered":"QP1246 Automatische Wickel- und Verpackungsmaschine\u00a0"},"content":{"rendered":"<p data-spm-anchor-id=\"a2700.details.0.i18.23ef1798SyvNL5\"><strong>Anwendung:<\/strong><\/p>\n<p>Hochgeschwindigkeits-Wickel- und Wickelmaschinen werden haupts\u00e4chlich zum Aufwickeln und Wickeln von Kabeln nach dem Extrudieren verwendet, was die Arbeitseffizienz verbessern kann.<\/p>\n<p><strong>Technische Parameter<\/strong><\/p>\n<div id=\"footable_parent_31406\"\n         class=\"footable_parent ninja_table_wrapper loading_ninja_table wp_table_data_press_parent semantic_ui\">\n                <table data-ninja_table_instance=\"ninja_table_instance_0\" data-footable_id=\"31406\" data-filter-delay=\"1000\" aria-label=\"1246-Datei mit Suchfilter.csv\"            id=\"footable_31406\"\n           data-unique_identifier=\"ninja_table_unique_id_2113231305_31406\"\n           class=\"foo-table ninja_footable foo_table_31406 ninja_table_unique_id_2113231305_31406 ui table  nt_type_legacy_table selectable striped vertical_centered  footable-paging-right ninja_table_pro\">\n                <colgroup>\n                            <col class=\"ninja_column_0\">\n                            <col class=\"ninja_column_1\">\n                    <\/colgroup>\n        <thead>\n<tr class=\"footable-header\">\n                                        <th scope=\"col\"  class=\"ninja_column_0 ninja_clmn_nm_overalldimension\">Gesamtabmessungen <\/th><th scope=\"col\"  class=\"ninja_column_1 ninja_clmn_nm_l335w1673h236mm\"> L3350*B1673*H2306mm<\/th><\/tr>\n<\/thead>\n<tbody>\n\n        <tr data-row_id=\"1719\" class=\"ninja_table_row_0 nt_row_id_1719\">\n            <td>Nettogewicht<\/td><td> 2000 kg<\/td>        <\/tr>\n            <tr data-row_id=\"1720\" class=\"ninja_table_row_1 nt_row_id_1720\">\n            <td>Maximaler Au\u00dfendurchmesser des Kreises<\/td><td>\u03c6460mm<\/td>        <\/tr>\n            <tr data-row_id=\"1721\" class=\"ninja_table_row_2 nt_row_id_1721\">\n            <td>Innendurchmesser des Kreises<\/td><td>\u03c6130\u2013\u03c6200\u00a0mm (feste Gr\u00f6\u00dfe)<\/td>        <\/tr>\n            <tr data-row_id=\"1722\" class=\"ninja_table_row_3 nt_row_id_1722\">\n            <td>Kreish\u00f6he<\/td><td>50-120 mm<\/td>        <\/tr>\n            <tr data-row_id=\"1723\" class=\"ninja_table_row_4 nt_row_id_1723\">\n            <td>Drehgeschwindigkeit <\/td><td>1000 U\/min max.<\/td>        <\/tr>\n            <tr data-row_id=\"1724\" class=\"ninja_table_row_5 nt_row_id_1724\">\n            <td>Wickelh\u00f6he<\/td><td>50-120 mm<\/td>        <\/tr>\n            <tr data-row_id=\"1725\" class=\"ninja_table_row_6 nt_row_id_1725\">\n            <td>Gewicht der gewickelten Spule<\/td><td>\uff1c25 kg<\/td>        <\/tr>\n            <tr data-row_id=\"1726\" class=\"ninja_table_row_7 nt_row_id_1726\">\n            <td>Filmmaterial <\/td><td> PVC\/PE<\/td>        <\/tr>\n            <tr data-row_id=\"1727\" class=\"ninja_table_row_8 nt_row_id_1727\">\n            <td>Schichtdicke<\/td><td> 0,04 mm bis 0,07 mm<\/td>        <\/tr>\n            <tr data-row_id=\"1728\" class=\"ninja_table_row_9 nt_row_id_1728\">\n            <td>Filmgr\u00f6\u00dfe Breite <\/td><td>40 mm bis 60 mm<\/td>        <\/tr>\n            <tr data-row_id=\"1729\" class=\"ninja_table_row_10 nt_row_id_1729\">\n            <td>Etikettengr\u00f6\u00dfe Breite <\/td><td>50-70mm L\u00e4nge 90mm-180mm<\/td>        <\/tr>\n            <tr data-row_id=\"1730\" class=\"ninja_table_row_11 nt_row_id_1730\">\n            <td>Etikettenmaterial<\/td><td>Plastikpapier (damit das Etikett nicht atmet)<\/td>        <\/tr>\n            <tr data-row_id=\"1731\" class=\"ninja_table_row_12 nt_row_id_1731\">\n            <td>Verwendbarer Kabeltyp<\/td><td>\u03c63-\u03c612mm Schleppkettenkabel, Stromversorgungskabel (BV1,5-6mm2, BVR2,5-10mm2)<\/td>        <\/tr>\n            <tr data-row_id=\"1732\" class=\"ninja_table_row_13 nt_row_id_1732\">\n            <td>Stromversorgung<\/td><td>AC380 V, dreiphasig, 50 Hz (China) oder nach Kundenwunsch.<\/td>        <\/tr>\n            <tr data-row_id=\"1733\" class=\"ninja_table_row_14 nt_row_id_1733\">\n            <td>Luftversorgung<\/td><td>Druckluft 5-7kg\/cm<\/td>        <\/tr>\n    <\/tbody><!--ninja_tobody_rendering_done-->\n    <\/table>\n    \n    \n    \n<\/div>\n\n<div class=\"ast-oembed-container\" style=\"height: 100%;\"><iframe title=\"QP1246 Automatische Wickel- und Verpackungsmaschine\" width=\"500\" height=\"281\" src=\"https:\/\/www.youtube.com\/embed\/LQLzSw7-HpQ?feature=oembed\" frameborder=\"0\" allow=\"accelerometer; autoplay; clipboard-write; encrypted-media; gyroscope; picture-in-picture; web-share\" referrerpolicy=\"strict-origin-when-cross-origin\" allowfullscreen><\/iframe><\/div>\n<p><strong>Maschinenzeichnung<\/strong><\/p>\n<p><img fetchpriority=\"high\" decoding=\"async\" class=\"alignnone size-full wp-image-31407\" src=\"https:\/\/rollingringdrives.com\/wp-content\/uploads\/2024\/05\/1715391100328.png\" alt=\"\" width=\"642\" height=\"381\" srcset=\"https:\/\/rollingringdrives.com\/wp-content\/uploads\/2024\/05\/1715391100328.png 642w, https:\/\/rollingringdrives.com\/wp-content\/uploads\/2024\/05\/1715391100328-300x178.png 300w, https:\/\/rollingringdrives.com\/wp-content\/uploads\/2024\/05\/1715391100328-18x12.png 18w, https:\/\/rollingringdrives.com\/wp-content\/uploads\/2024\/05\/1715391100328-600x356.png 600w\" sizes=\"(max-width: 642px) 100vw, 642px\" \/><\/p>\n<p>Zweck: Es wird zum automatischen Hochgeschwindigkeitswickeln und Umwickeln von Dr\u00e4hten und Kabeln verwendet.<br \/>\nVerpackungsmaterial: PVC-Folie \/PE-Folie \/PP-Folie\/Papierband, gewebtes Band.<\/p>\n<p><strong>Beschreibung der Prozessmerkmale<\/strong><br \/>\n1. Die Zufuhr kann \u00fcber die Abwickelmaschine erfolgen oder direkt an den Extruder angeschlossen werden.<br \/>\n2. Die Ausbeute an Drahtspulen ist etwa f\u00fcnfmal so hoch wie beim manuellen Aufspulen (200 m lange Drahtspulen als S\u00e4ule).<br \/>\n3. Nach dem Aufwickeln kann es automatisch versendet werden.<br \/>\n4. Diese Maschine verwendet ein Servomotor-Anordnungssystem, das die Spule ordentlich und sch\u00f6n macht. Das Bedienfeld mit Mensch-Maschine-Schnittstelle vom Typ Touchscreen kann 99 verschiedene Drahtspulenspezifikationen speichern. Zum \u00c4ndern der Spezifikationen m\u00fcssen Sie nur die gespeicherten Daten lesen.<br \/>\n5. Diese Maschine verf\u00fcgt \u00fcber eine automatische Fehlererkennungsfunktion, die den Kontaktpunkt der Frequenzfunkenmaschine f\u00fcr die BV-Drahtfunkenerkennung, den automatischen Funkendurchbruchpunkt oder die manuelle Kennzeichnung verl\u00e4sst, um die Schleifenfunktion fortzusetzen. (WENN die Funkenmaschine vom Kunden bereitgestellt wird)<br \/>\nEs verf\u00fcgt au\u00dferdem \u00fcber einen Durchmessermessger\u00e4tkontakt: Wenn der Durchmesser nicht dem Standard entspricht, kann die Abfallleitung automatisch ausgeschlossen werden oder der Kreis wird nach der manuellen Etikettierfunktion fortgesetzt. (Durchmessermessger\u00e4t wird vom Kunden bereitgestellt)<br \/>\n6. Der gesamte Maschinensatz erm\u00f6glicht einen automatischen Rollenwechsel.<\/p>\n<p>FAQ<\/p>\n<p align=\"left\"><strong>F: Was k\u00f6nnen Sie mir anbieten?<\/strong><\/p>\n<p>A: Unser professionelles Produktions- und technisches Personal kann die Mitarbeiter unserer Kunden schulen und eine reibungslose Produktion der Kunden sicherstellen. Und wird unseren Kunden einen Kundendienst bieten.<\/p>\n<p><strong>F: K\u00f6nnen wir die Teilemarke benennen?\u00a0<\/strong><\/p>\n<p align=\"left\">A: Ja, ABB, SIEMENS, Danfoss oder die Marken Ihrer Wahl.<\/p>\n<p><strong>F: Wie lange ist die Garantie auf die Maschine?<\/strong><br \/>\nA: Garantiezeitraum von einem Jahr (ab Abschluss der mechanischen erfolgreichen Inbetriebnahme im Werk des K\u00e4ufers)<br \/>\n<strong>F: Dies ist mein erster Import. Wie kann ich Ihrem Unternehmen vertrauen und sicher sein, dass ich die Waren erhalte, wenn ich bei Ihnen bestelle?<\/strong><br \/>\nA: Wir sind ein legitimes Zertifizierungsunternehmen (VIP) von Alibaba und unterst\u00fctzen Zahlungen per L\/C, T\/T usw., um Ihre Sicherheit zu gew\u00e4hrleisten.<\/p>\n<p><strong>F: Warum w\u00e4hle ich Ihr Unternehmen?<\/strong><br \/>\nA: Wir verf\u00fcgen \u00fcber mehr als 10 Jahre Berufserfahrung im Bereich Kabelmaschinen und bieten qualitativ hochwertige und hochsichere Produkte.<\/p>\n<p>Wir verf\u00fcgen \u00fcber ein erfahrenes Team aus Facharbeitern und Ingenieuren.<br \/>\nWir k\u00f6nnen das Design anpassen, um das Musterdesign des Kunden zu akzeptieren.<br \/>\nWir k\u00f6nnen Kunden einen Kundendienst bieten.<\/p>\n<p>&nbsp;<\/p>","protected":false},"excerpt":{"rendered":"<h2 id=\"1-eael-table-of-content\" class=\"xsj_heading_hash xsj_heading xsj_heading_h2 eael-heading-content\" data-source-line=\"0\" data-source-line-display=\"true\"><span class=\"xsj_heading_content\">Funktionsmerkmale<\/span><\/h2>\n<ol class=\"markdown_ol\" data-source-line=\"2\">\n<li data-source-line=\"2\">Mit der automatischen Steuerung der Siemens-SPS und dem Mensch-Maschine-Schnittstellen-Servicemotorkabelsystem mit Touch-Funktion ist die Bedienung einfach; der Kabeleffekt ist ideal.<\/li>\n<li data-source-line=\"4\">Das Kabel wird aufgewickelt, die Verpackung wird nacheinander abgeschlossen und die Produktionsgeschwindigkeit ist hoch.<\/li>\n<li data-source-line=\"5\">Passen Sie den Rahmenarm automatisch an, ohne dass eine manuelle Einstellung erforderlich ist.<\/li>\n<li data-source-line=\"6\">Automatische Kabelwickelmaschine, ohne manuelle Etikettierung, sicherer und bequemer.<\/li>\n<li data-source-line=\"7\">Wenn ein Problem auftritt, wird automatisch ein Fehler erkannt und eine Warnung gesendet, um den Bediener zu alarmieren.<\/li>\n<li data-source-line=\"8\">Es spart Personalkosten, erweitert die Produktionskapazit\u00e4t und f\u00f6rdert die industrielle Automatisierung.<\/li>\n<\/ol>","protected":false},"featured_media":31408,"template":"","meta":{"site-sidebar-layout":"default","site-content-layout":"default","ast-global-header-display":"","ast-banner-title-visibility":"","ast-main-header-display":"","ast-hfb-above-header-display":"","ast-hfb-below-header-display":"","ast-hfb-mobile-header-display":"","site-post-title":"","ast-breadcrumbs-content":"","ast-featured-img":"","footer-sml-layout":"","theme-transparent-header-meta":"default","adv-header-id-meta":"","stick-header-meta":"","header-above-stick-meta":"","header-main-stick-meta":"","header-below-stick-meta":""},"product_brand":[],"product_cat":[136,139],"product_tag":[],"class_list":{"0":"post-31391","1":"product","2":"type-product","3":"status-publish","4":"has-post-thumbnail","6":"product_cat-coiling-machine","7":"product_cat-cable-coiling-and-wrapping-machines","8":"desktop-align-left","9":"tablet-align-left","10":"mobile-align-left","12":"first","13":"instock","14":"shipping-taxable","15":"product-type-simple"},"yoast_head":"<!-- This site is optimized with the Yoast SEO Premium plugin v20.12 (Yoast SEO v26.0) - https:\/\/yoast.com\/wordpress\/plugins\/seo\/ -->\n<title>QP1246 Automatic Coiling and Wrapping Machine\u00a0 - QiPang<\/title>\n<meta name=\"robots\" content=\"index, follow, max-snippet:-1, max-image-preview:large, max-video-preview:-1\" \/>\n<link rel=\"canonical\" href=\"https:\/\/rollingringdrives.com\/de\/produkt\/qp1246-automatische-wickel-und-verpackungsmaschine\/\" \/>\n<meta property=\"og:locale\" content=\"de_DE\" \/>\n<meta property=\"og:type\" content=\"article\" \/>\n<meta property=\"og:title\" content=\"QP1246 Automatic Coiling and Wrapping Machine\u00a0\" \/>\n<meta property=\"og:description\" content=\"Function Features   The operation is simple with Siemens PLC\u2019s automatic control and touch-types human-machine interface service motor cable system; the cable effect is ideal.  The cable is wound, the packing is completed sequentially, and the production speed is fast.  Automatically adjust the hoop arm, free of manual adjustment.  Automatic cable coiling machine, free of manual labeling, safer, and more convenient.  When there is a problem, an error is automatically detected, and a warning is sent to alert the operator.  It saves workforce expenditure, expands production capacity, and boosts industrial automation.\" \/>\n<meta property=\"og:url\" content=\"https:\/\/rollingringdrives.com\/de\/produkt\/qp1246-automatische-wickel-und-verpackungsmaschine\/\" \/>\n<meta property=\"og:site_name\" content=\"QiPang\" \/>\n<meta property=\"article:modified_time\" content=\"2025-07-07T05:59:30+00:00\" \/>\n<meta property=\"og:image\" content=\"https:\/\/rollingringdrives.com\/wp-content\/uploads\/2024\/05\/\u5b98\u7f51.jpg\" \/>\n\t<meta property=\"og:image:width\" content=\"600\" \/>\n\t<meta property=\"og:image:height\" content=\"600\" \/>\n\t<meta property=\"og:image:type\" content=\"image\/jpeg\" \/>\n<meta name=\"twitter:card\" content=\"summary_large_image\" \/>\n<meta name=\"twitter:label1\" content=\"Gesch\u00e4tzte Lesezeit\" \/>\n\t<meta name=\"twitter:data1\" content=\"3\u00a0Minuten\" \/>\n<script type=\"application\/ld+json\" class=\"yoast-schema-graph\">{\"@context\":\"https:\/\/schema.org\",\"@graph\":[{\"@type\":\"WebPage\",\"@id\":\"https:\/\/rollingringdrives.com\/product\/qp1246-automatic-coiling-and-wrapping-machine\/\",\"url\":\"https:\/\/rollingringdrives.com\/product\/qp1246-automatic-coiling-and-wrapping-machine\/\",\"name\":\"QP1246 Automatic Coiling and Wrapping Machine\u00a0 - QiPang\",\"isPartOf\":{\"@id\":\"https:\/\/rollingringdrives.com\/#website\"},\"primaryImageOfPage\":{\"@id\":\"https:\/\/rollingringdrives.com\/product\/qp1246-automatic-coiling-and-wrapping-machine\/#primaryimage\"},\"image\":{\"@id\":\"https:\/\/rollingringdrives.com\/product\/qp1246-automatic-coiling-and-wrapping-machine\/#primaryimage\"},\"thumbnailUrl\":\"https:\/\/rollingringdrives.com\/wp-content\/uploads\/2024\/05\/\u5b98\u7f51.jpg\",\"datePublished\":\"2024-05-11T01:52:35+00:00\",\"dateModified\":\"2025-07-07T05:59:30+00:00\",\"breadcrumb\":{\"@id\":\"https:\/\/rollingringdrives.com\/product\/qp1246-automatic-coiling-and-wrapping-machine\/#breadcrumb\"},\"inLanguage\":\"de\",\"potentialAction\":[{\"@type\":\"ReadAction\",\"target\":[\"https:\/\/rollingringdrives.com\/product\/qp1246-automatic-coiling-and-wrapping-machine\/\"]}]},{\"@type\":\"ImageObject\",\"inLanguage\":\"de\",\"@id\":\"https:\/\/rollingringdrives.com\/product\/qp1246-automatic-coiling-and-wrapping-machine\/#primaryimage\",\"url\":\"https:\/\/rollingringdrives.com\/wp-content\/uploads\/2024\/05\/\u5b98\u7f51.jpg\",\"contentUrl\":\"https:\/\/rollingringdrives.com\/wp-content\/uploads\/2024\/05\/\u5b98\u7f51.jpg\",\"width\":600,\"height\":600,\"caption\":\"QP1246 Automatic Coiling and Wrapping Machine\"},{\"@type\":\"BreadcrumbList\",\"@id\":\"https:\/\/rollingringdrives.com\/product\/qp1246-automatic-coiling-and-wrapping-machine\/#breadcrumb\",\"itemListElement\":[{\"@type\":\"ListItem\",\"position\":1,\"name\":\"Home\",\"item\":\"https:\/\/rollingringdrives.com\/\"},{\"@type\":\"ListItem\",\"position\":2,\"name\":\"Machines\",\"item\":\"https:\/\/rollingringdrives.com\/machines\/\"},{\"@type\":\"ListItem\",\"position\":3,\"name\":\"QP1246 Automatic Coiling and Wrapping Machine\u00a0\"}]},{\"@type\":\"WebSite\",\"@id\":\"https:\/\/rollingringdrives.com\/#website\",\"url\":\"https:\/\/rollingringdrives.com\/\",\"name\":\"QiPang\",\"description\":\"QiPang Blog\",\"publisher\":{\"@id\":\"https:\/\/rollingringdrives.com\/#organization\"},\"potentialAction\":[{\"@type\":\"SearchAction\",\"target\":{\"@type\":\"EntryPoint\",\"urlTemplate\":\"https:\/\/rollingringdrives.com\/?s={search_term_string}\"},\"query-input\":{\"@type\":\"PropertyValueSpecification\",\"valueRequired\":true,\"valueName\":\"search_term_string\"}}],\"inLanguage\":\"de\"},{\"@type\":\"Organization\",\"@id\":\"https:\/\/rollingringdrives.com\/#organization\",\"name\":\"QiPang\",\"url\":\"https:\/\/rollingringdrives.com\/\",\"logo\":{\"@type\":\"ImageObject\",\"inLanguage\":\"de\",\"@id\":\"https:\/\/rollingringdrives.com\/#\/schema\/logo\/image\/\",\"url\":\"https:\/\/rollingringdrives.com\/wp-content\/uploads\/2023\/05\/cropped-\u672a\u547d\u540d\u7684\u8bbe\u8ba1.png\",\"contentUrl\":\"https:\/\/rollingringdrives.com\/wp-content\/uploads\/2023\/05\/cropped-\u672a\u547d\u540d\u7684\u8bbe\u8ba1.png\",\"width\":300,\"height\":191,\"caption\":\"QiPang\"},\"image\":{\"@id\":\"https:\/\/rollingringdrives.com\/#\/schema\/logo\/image\/\"}}]}<\/script>\n<!-- \/ Yoast SEO Premium plugin. -->","yoast_head_json":{"title":"QP1246 Automatische Wickel- und Verpackungsmaschine - QiPang","robots":{"index":"index","follow":"follow","max-snippet":"max-snippet:-1","max-image-preview":"max-image-preview:large","max-video-preview":"max-video-preview:-1"},"canonical":"https:\/\/rollingringdrives.com\/de\/produkt\/qp1246-automatische-wickel-und-verpackungsmaschine\/","og_locale":"de_DE","og_type":"article","og_title":"QP1246 Automatic Coiling and Wrapping Machine\u00a0","og_description":"Function Features   The operation is simple with Siemens PLC\u2019s automatic control and touch-types human-machine interface service motor cable system; the cable effect is ideal.  The cable is wound, the packing is completed sequentially, and the production speed is fast.  Automatically adjust the hoop arm, free of manual adjustment.  Automatic cable coiling machine, free of manual labeling, safer, and more convenient.  When there is a problem, an error is automatically detected, and a warning is sent to alert the operator.  It saves workforce expenditure, expands production capacity, and boosts industrial automation.","og_url":"https:\/\/rollingringdrives.com\/de\/produkt\/qp1246-automatische-wickel-und-verpackungsmaschine\/","og_site_name":"QiPang","article_modified_time":"2025-07-07T05:59:30+00:00","og_image":[{"width":600,"height":600,"url":"https:\/\/rollingringdrives.com\/wp-content\/uploads\/2024\/05\/\u5b98\u7f51.jpg","type":"image\/jpeg"}],"twitter_card":"summary_large_image","twitter_misc":{"Gesch\u00e4tzte Lesezeit":"3\u00a0Minuten"},"schema":{"@context":"https:\/\/schema.org","@graph":[{"@type":"WebPage","@id":"https:\/\/rollingringdrives.com\/product\/qp1246-automatic-coiling-and-wrapping-machine\/","url":"https:\/\/rollingringdrives.com\/product\/qp1246-automatic-coiling-and-wrapping-machine\/","name":"QP1246 Automatische Wickel- und Verpackungsmaschine - QiPang","isPartOf":{"@id":"https:\/\/rollingringdrives.com\/#website"},"primaryImageOfPage":{"@id":"https:\/\/rollingringdrives.com\/product\/qp1246-automatic-coiling-and-wrapping-machine\/#primaryimage"},"image":{"@id":"https:\/\/rollingringdrives.com\/product\/qp1246-automatic-coiling-and-wrapping-machine\/#primaryimage"},"thumbnailUrl":"https:\/\/rollingringdrives.com\/wp-content\/uploads\/2024\/05\/\u5b98\u7f51.jpg","datePublished":"2024-05-11T01:52:35+00:00","dateModified":"2025-07-07T05:59:30+00:00","breadcrumb":{"@id":"https:\/\/rollingringdrives.com\/product\/qp1246-automatic-coiling-and-wrapping-machine\/#breadcrumb"},"inLanguage":"de","potentialAction":[{"@type":"ReadAction","target":["https:\/\/rollingringdrives.com\/product\/qp1246-automatic-coiling-and-wrapping-machine\/"]}]},{"@type":"ImageObject","inLanguage":"de","@id":"https:\/\/rollingringdrives.com\/product\/qp1246-automatic-coiling-and-wrapping-machine\/#primaryimage","url":"https:\/\/rollingringdrives.com\/wp-content\/uploads\/2024\/05\/\u5b98\u7f51.jpg","contentUrl":"https:\/\/rollingringdrives.com\/wp-content\/uploads\/2024\/05\/\u5b98\u7f51.jpg","width":600,"height":600,"caption":"QP1246 Automatic Coiling and Wrapping Machine"},{"@type":"BreadcrumbList","@id":"https:\/\/rollingringdrives.com\/product\/qp1246-automatic-coiling-and-wrapping-machine\/#breadcrumb","itemListElement":[{"@type":"ListItem","position":1,"name":"Home","item":"https:\/\/rollingringdrives.com\/"},{"@type":"ListItem","position":2,"name":"Machines","item":"https:\/\/rollingringdrives.com\/machines\/"},{"@type":"ListItem","position":3,"name":"QP1246 Automatic Coiling and Wrapping Machine\u00a0"}]},{"@type":"WebSite","@id":"https:\/\/rollingringdrives.com\/#website","url":"https:\/\/rollingringdrives.com\/","name":"QiPang","description":"QiPang-Blog","publisher":{"@id":"https:\/\/rollingringdrives.com\/#organization"},"potentialAction":[{"@type":"SearchAction","target":{"@type":"EntryPoint","urlTemplate":"https:\/\/rollingringdrives.com\/?s={search_term_string}"},"query-input":{"@type":"PropertyValueSpecification","valueRequired":true,"valueName":"search_term_string"}}],"inLanguage":"de"},{"@type":"Organization","@id":"https:\/\/rollingringdrives.com\/#organization","name":"QiPang","url":"https:\/\/rollingringdrives.com\/","logo":{"@type":"ImageObject","inLanguage":"de","@id":"https:\/\/rollingringdrives.com\/#\/schema\/logo\/image\/","url":"https:\/\/rollingringdrives.com\/wp-content\/uploads\/2023\/05\/cropped-\u672a\u547d\u540d\u7684\u8bbe\u8ba1.png","contentUrl":"https:\/\/rollingringdrives.com\/wp-content\/uploads\/2023\/05\/cropped-\u672a\u547d\u540d\u7684\u8bbe\u8ba1.png","width":300,"height":191,"caption":"QiPang"},"image":{"@id":"https:\/\/rollingringdrives.com\/#\/schema\/logo\/image\/"}}]}},"_links":{"self":[{"href":"https:\/\/rollingringdrives.com\/de\/wp-json\/wp\/v2\/product\/31391","targetHints":{"allow":["GET"]}}],"collection":[{"href":"https:\/\/rollingringdrives.com\/de\/wp-json\/wp\/v2\/product"}],"about":[{"href":"https:\/\/rollingringdrives.com\/de\/wp-json\/wp\/v2\/types\/product"}],"version-history":[{"count":0,"href":"https:\/\/rollingringdrives.com\/de\/wp-json\/wp\/v2\/product\/31391\/revisions"}],"wp:featuredmedia":[{"embeddable":true,"href":"https:\/\/rollingringdrives.com\/de\/wp-json\/wp\/v2\/media\/31408"}],"wp:attachment":[{"href":"https:\/\/rollingringdrives.com\/de\/wp-json\/wp\/v2\/media?parent=31391"}],"wp:term":[{"taxonomy":"product_brand","embeddable":true,"href":"https:\/\/rollingringdrives.com\/de\/wp-json\/wp\/v2\/product_brand?post=31391"},{"taxonomy":"product_cat","embeddable":true,"href":"https:\/\/rollingringdrives.com\/de\/wp-json\/wp\/v2\/product_cat?post=31391"},{"taxonomy":"product_tag","embeddable":true,"href":"https:\/\/rollingringdrives.com\/de\/wp-json\/wp\/v2\/product_tag?post=31391"}],"curies":[{"name":"wp","href":"https:\/\/api.w.org\/{rel}","templated":true}]}}