{"id":31459,"date":"2024-05-11T08:07:43","date_gmt":"2024-05-11T08:07:43","guid":{"rendered":"https:\/\/rollingringdrives.com\/?post_type=product&#038;p=31459"},"modified":"2025-07-07T05:58:09","modified_gmt":"2025-07-07T05:58:09","slug":"qp1240-automatic-cable-coiling-machine-and-automatic-taping-machine","status":"publish","type":"product","link":"https:\/\/rollingringdrives.com\/de\/produkt\/qp1240-automatische-kabelwickelmaschine-und-automatische-bandwickelmaschine\/","title":{"rendered":"QP1240 Automatische Kabelwickelmaschine und automatische Bandiermaschine"},"content":{"rendered":"<p><strong>Beschreibung<\/strong><\/p>\n<p>Hochgeschwindigkeitswickelmaschinen werden haupts\u00e4chlich zum Aufwickeln von Kabeln nach der Extrusion verwendet. Diese Maschine verf\u00fcgt \u00fcber eine automatische Bindefunktion, die die Arbeitseffizienz verbessern kann.<\/p>\n<p><strong>Der Einsatz der Maschine<\/strong><br \/>\n1. Es spart Arbeit, da der gesamte Abschnitt zur Rolle automatisiert ist, einschlie\u00dflich Zylinderzufuhr, automatisches Einbinden der Produkte in die Rolle, Etikettieren, Versiegeln und Schneiden der Schrumpffolie.<br \/>\n2. Die Produkte werden gleichm\u00e4\u00dfig gerollt.<\/p>\n<div id=\"footable_parent_31487\"\n         class=\"footable_parent ninja_table_wrapper loading_ninja_table wp_table_data_press_parent semantic_ui\">\n                <table data-ninja_table_instance=\"ninja_table_instance_0\" data-footable_id=\"31487\" data-filter-delay=\"1000\" aria-label=\"1240-Punkte-Liste.csv\"            id=\"footable_31487\"\n           data-unique_identifier=\"ninja_table_unique_id_505786361_31487\"\n           class=\"foo-table ninja_footable foo_table_31487 ninja_table_unique_id_505786361_31487 ui table  nt_type_legacy_table selectable striped vertical_centered  footable-paging-right ninja_table_pro\">\n                <colgroup>\n                            <col class=\"ninja_column_0\">\n                            <col class=\"ninja_column_1\">\n                    <\/colgroup>\n        <thead>\n<tr class=\"footable-header\">\n                                        <th scope=\"col\"  class=\"ninja_column_0 ninja_clmn_nm_overalldimension\">Gesamtabmessungen <\/th><th scope=\"col\"  class=\"ninja_column_1 ninja_clmn_nm_l26w1279h2353mm\"> L2600*B1279*H2353mm<\/th><\/tr>\n<\/thead>\n<tbody>\n\n        <tr data-row_id=\"1734\" class=\"ninja_table_row_0 nt_row_id_1734\">\n            <td>Nettogewicht<\/td><td> 1350 kg<\/td>        <\/tr>\n            <tr data-row_id=\"1735\" class=\"ninja_table_row_1 nt_row_id_1735\">\n            <td> Au\u00dfendurchmesser des Kreises<\/td><td>\u03c6350 mm<\/td>        <\/tr>\n            <tr data-row_id=\"1736\" class=\"ninja_table_row_2 nt_row_id_1736\">\n            <td>Innendurchmesser des Kreises<\/td><td>\u03c6130\u2013\u03c6160\u00a0mm (feste Gr\u00f6\u00dfe)<\/td>        <\/tr>\n            <tr data-row_id=\"1737\" class=\"ninja_table_row_3 nt_row_id_1737\">\n            <td>Kreish\u00f6he<\/td><td>50-120 mm<\/td>        <\/tr>\n            <tr data-row_id=\"1738\" class=\"ninja_table_row_4 nt_row_id_1738\">\n            <td>Der Au\u00dfendurchmesserbereich der Kabelspule<\/td><td>\u03c6200-300mm<\/td>        <\/tr>\n            <tr data-row_id=\"1739\" class=\"ninja_table_row_5 nt_row_id_1739\">\n            <td>Wickelh\u00f6he<\/td><td>50-100 mm<\/td>        <\/tr>\n            <tr data-row_id=\"1740\" class=\"ninja_table_row_6 nt_row_id_1740\">\n            <td>Anzahl der Krawatten<\/td><td>Den Kabelbinder einmal umwickeln<\/td>        <\/tr>\n            <tr data-row_id=\"1741\" class=\"ninja_table_row_7 nt_row_id_1741\">\n            <td>Filmmaterial <\/td><td>Transparenter OPP-Kabelbinder, Dicke 0,10\u00a0mm\u20130,12\u00a0mm \u00d7 Breite 20\u00a0mm.<\/td>        <\/tr>\n            <tr data-row_id=\"1742\" class=\"ninja_table_row_8 nt_row_id_1742\">\n            <td>Verwendbarer Kabeltyp<\/td><td>\u03c63-\u03c6mm Netzkabel (BV1,5-6mm2, BVR2,5-10mm2)<\/td>        <\/tr>\n            <tr data-row_id=\"1743\" class=\"ninja_table_row_9 nt_row_id_1743\">\n            <td>Stromversorgung<\/td><td>AC380 V, dreiphasig, 50 Hz (China) oder nach Kundenwunsch.<\/td>        <\/tr>\n            <tr data-row_id=\"1744\" class=\"ninja_table_row_10 nt_row_id_1744\">\n            <td>Luftversorgung<\/td><td>Druckluft 5-7kg\/cm\u00b3<\/td>        <\/tr>\n    <\/tbody><!--ninja_tobody_rendering_done-->\n    <\/table>\n    \n    \n    \n<\/div>\n\n<div class=\"ast-oembed-container\" style=\"height: 100%;\"><iframe title=\"QP1240 Automatische Kabelwickelmaschine und automatische Bandiermaschine\" width=\"500\" height=\"281\" src=\"https:\/\/www.youtube.com\/embed\/Gdu5D5OdS0o?feature=oembed\" frameborder=\"0\" allow=\"accelerometer; autoplay; clipboard-write; encrypted-media; gyroscope; picture-in-picture; web-share\" referrerpolicy=\"strict-origin-when-cross-origin\" allowfullscreen><\/iframe><\/div>\n<p><strong>Beschreibung der Prozessmerkmale<\/strong><br \/>\n1. Die Zufuhr kann \u00fcber die Abwickelmaschine erfolgen oder direkt an den Extruder angeschlossen werden.<br \/>\n2. Die Ausbeute an Drahtspulen ist etwa f\u00fcnfmal so hoch wie beim manuellen Aufspulen (200 m lange Drahtspulen als S\u00e4ule).<br \/>\n3. Nach dem Aufwickeln kann es automatisch versendet werden.<br \/>\n4. Diese Maschine verwendet ein Servomotor-Anordnungssystem, das die Spule ordentlich und sch\u00f6n macht. Das Bedienfeld mit Mensch-Maschine-Schnittstelle vom Typ Touchscreen kann 99 verschiedene Drahtspulenspezifikationen speichern. Zum \u00c4ndern der Spezifikationen m\u00fcssen Sie nur die gespeicherten Daten lesen.<br \/>\n5. Diese Maschine verf\u00fcgt \u00fcber eine automatische Fehlererkennungsfunktion, die den Kontaktpunkt der Frequenzfunkenmaschine f\u00fcr die BV-Drahtfunkenerkennung, den automatischen Funkendurchbruchpunkt oder die manuelle Kennzeichnung verl\u00e4sst, um die Schleifenfunktion fortzusetzen. (WENN die Funkenmaschine vom Kunden bereitgestellt wird)<br \/>\nEs verf\u00fcgt au\u00dferdem \u00fcber einen Durchmessermessger\u00e4tkontakt: Wenn der Durchmesser nicht dem Standard entspricht, kann die Abfallleitung automatisch ausgeschlossen werden oder der Kreis wird nach der manuellen Etikettierfunktion fortgesetzt. (Durchmessermessger\u00e4t wird vom Kunden bereitgestellt)<br \/>\n6. Der gesamte Maschinensatz erm\u00f6glicht einen automatischen Rollenwechsel.<\/p>\n<p><strong>Maschinenzeichnung<\/strong><\/p>\n<p><img fetchpriority=\"high\" decoding=\"async\" class=\"alignnone size-full wp-image-31488\" src=\"https:\/\/rollingringdrives.com\/wp-content\/uploads\/2024\/05\/1715413950553.png\" alt=\"\" width=\"558\" height=\"352\" srcset=\"https:\/\/rollingringdrives.com\/wp-content\/uploads\/2024\/05\/1715413950553.png 558w, https:\/\/rollingringdrives.com\/wp-content\/uploads\/2024\/05\/1715413950553-300x189.png 300w, https:\/\/rollingringdrives.com\/wp-content\/uploads\/2024\/05\/1715413950553-18x12.png 18w\" sizes=\"(max-width: 558px) 100vw, 558px\" \/><\/p>\n<figure id=\"attachment_31489\" aria-describedby=\"caption-attachment-31489\" style=\"width: 582px\" class=\"wp-caption alignnone\"><img decoding=\"async\" class=\"size-full wp-image-31489\" src=\"https:\/\/rollingringdrives.com\/wp-content\/uploads\/2024\/05\/1715412988980.png\" alt=\"\" width=\"582\" height=\"395\" srcset=\"https:\/\/rollingringdrives.com\/wp-content\/uploads\/2024\/05\/1715412988980.png 582w, https:\/\/rollingringdrives.com\/wp-content\/uploads\/2024\/05\/1715412988980-300x204.png 300w, https:\/\/rollingringdrives.com\/wp-content\/uploads\/2024\/05\/1715412988980-18x12.png 18w\" sizes=\"(max-width: 582px) 100vw, 582px\" \/><figcaption id=\"caption-attachment-31489\" class=\"wp-caption-text\">1240Kabelwickel- und Verpackungsmaschine<\/figcaption><\/figure>\n<p>FAQ<\/p>\n<p align=\"left\"><strong>F: Was k\u00f6nnen Sie mir anbieten?<\/strong><\/p>\n<p>A: Unser professionelles Produktions- und technisches Personal kann die Mitarbeiter unserer Kunden schulen und eine reibungslose Produktion der Kunden sicherstellen. Und wird unseren Kunden einen Kundendienst bieten.<\/p>\n<p><strong>F: K\u00f6nnen wir die Teilemarke benennen?\u00a0<\/strong><\/p>\n<p align=\"left\">A: Ja, ABB, SIEMENS, Danfoss oder die Marken Ihrer Wahl.<\/p>\n<p><strong>F: Wie lange ist die Garantie auf die Maschine?<\/strong><br \/>\nA: Garantiezeitraum von einem Jahr (ab Abschluss der mechanischen erfolgreichen Inbetriebnahme im Werk des K\u00e4ufers)<br \/>\n<strong>F: Dies ist mein erster Import. Wie kann ich Ihrem Unternehmen vertrauen und sicher sein, dass ich die Waren erhalte, wenn ich bei Ihnen bestelle?<\/strong><br \/>\nA: Wir sind ein legitimes Zertifizierungsunternehmen (VIP) von Alibaba und unterst\u00fctzen Zahlungen per L\/C, T\/T usw., um Ihre Sicherheit zu gew\u00e4hrleisten.<\/p>\n<p><strong>F: Warum w\u00e4hle ich Ihr Unternehmen?<\/strong><br \/>\nA: Wir verf\u00fcgen \u00fcber mehr als 10 Jahre Berufserfahrung im Bereich Kabelmaschinen und bieten qualitativ hochwertige und hochsichere Produkte.<\/p>\n<p>Wir verf\u00fcgen \u00fcber ein erfahrenes Team aus Facharbeitern und Ingenieuren.<br \/>\nWir k\u00f6nnen das Design anpassen, um das Musterdesign des Kunden zu akzeptieren.<br \/>\nWir k\u00f6nnen Kunden einen Kundendienst bieten.<\/p>","protected":false},"excerpt":{"rendered":"<h2 id=\"1-eael-table-of-content\" class=\"xsj_heading_hash xsj_heading xsj_heading_h2 eael-heading-content\" data-source-line=\"0\" data-source-line-display=\"true\"><span class=\"xsj_heading_content\">Funktionsmerkmale<\/span><\/h2>\n<ol class=\"markdown_ol\" data-source-line=\"2\">\n<li data-source-line=\"2\">Mit der automatischen Steuerung der Siemens-SPS und dem Mensch-Maschine-Schnittstellen-Servicemotorkabelsystem mit Touch-Funktion ist die Bedienung einfach; der Kabeleffekt ist ideal.<\/li>\n<li data-source-line=\"4\">Das Kabel wird aufgewickelt, die Verpackung wird nacheinander abgeschlossen und die Produktionsgeschwindigkeit ist hoch.<\/li>\n<li data-source-line=\"5\">Passen Sie den Rahmenarm automatisch an, ohne dass eine manuelle Einstellung erforderlich ist.<\/li>\n<li data-source-line=\"6\">Automatische Wickelmaschine, automatisches Bindeband, sicherer und bequemer.<\/li>\n<li data-source-line=\"7\">Wenn ein Problem auftritt, wird automatisch ein Fehler erkannt und eine Warnung gesendet, um den Bediener zu alarmieren.<\/li>\n<li data-source-line=\"8\">Es spart Personalkosten, erweitert die Produktionskapazit\u00e4t und steigert die industrielle<\/li>\n<\/ol>\n<p>&nbsp;<\/p>","protected":false},"featured_media":31490,"template":"","meta":{"site-sidebar-layout":"default","site-content-layout":"default","ast-global-header-display":"","ast-banner-title-visibility":"","ast-main-header-display":"","ast-hfb-above-header-display":"","ast-hfb-below-header-display":"","ast-hfb-mobile-header-display":"","site-post-title":"","ast-breadcrumbs-content":"","ast-featured-img":"","footer-sml-layout":"","theme-transparent-header-meta":"default","adv-header-id-meta":"","stick-header-meta":"","header-above-stick-meta":"","header-main-stick-meta":"","header-below-stick-meta":""},"product_brand":[],"product_cat":[136,139],"product_tag":[],"class_list":{"0":"post-31459","1":"product","2":"type-product","3":"status-publish","4":"has-post-thumbnail","6":"product_cat-coiling-machine","7":"product_cat-cable-coiling-and-wrapping-machines","8":"desktop-align-left","9":"tablet-align-left","10":"mobile-align-left","12":"first","13":"instock","14":"shipping-taxable","15":"product-type-simple"},"yoast_head":"<!-- This site is optimized with the Yoast SEO Premium plugin v20.12 (Yoast SEO v26.0) - https:\/\/yoast.com\/wordpress\/plugins\/seo\/ -->\n<title>QP1240 Automatic Cable Coiling Machine and Automatic Taping Machine - QiPang<\/title>\n<meta name=\"robots\" content=\"index, follow, max-snippet:-1, max-image-preview:large, max-video-preview:-1\" \/>\n<link rel=\"canonical\" href=\"https:\/\/rollingringdrives.com\/de\/produkt\/qp1240-automatische-kabelwickelmaschine-und-automatische-bandwickelmaschine\/\" \/>\n<meta property=\"og:locale\" content=\"de_DE\" \/>\n<meta property=\"og:type\" content=\"article\" \/>\n<meta property=\"og:title\" content=\"QP1240 Automatic Cable Coiling Machine and Automatic Taping Machine\" \/>\n<meta property=\"og:description\" content=\"Function Features   The operation is simple with Siemens PLC\u2019s automatic control and touch-types human-machine interface service motor cable system; the cable effect is ideal.  The cable is wound, the packing is completed sequentially, and the production speed is fast.  Automatically adjust the hoop arm, free of manual adjustment.  Automatic winding machine, automatic tying tape, safer and more convenient.  When there is a problem, an error is automatically detected, and a warning is sent to alert the operator.  It saves workforce expenditure, expands production capacity, and boosts industrial  &nbsp;\" \/>\n<meta property=\"og:url\" content=\"https:\/\/rollingringdrives.com\/de\/produkt\/qp1240-automatische-kabelwickelmaschine-und-automatische-bandwickelmaschine\/\" \/>\n<meta property=\"og:site_name\" content=\"QiPang\" \/>\n<meta property=\"article:modified_time\" content=\"2025-07-07T05:58:09+00:00\" \/>\n<meta property=\"og:image\" content=\"https:\/\/rollingringdrives.com\/wp-content\/uploads\/2024\/05\/56.jpg\" \/>\n\t<meta property=\"og:image:width\" content=\"600\" \/>\n\t<meta property=\"og:image:height\" content=\"600\" \/>\n\t<meta property=\"og:image:type\" content=\"image\/jpeg\" \/>\n<meta name=\"twitter:card\" content=\"summary_large_image\" \/>\n<meta name=\"twitter:label1\" content=\"Gesch\u00e4tzte Lesezeit\" \/>\n\t<meta name=\"twitter:data1\" content=\"3\u00a0Minuten\" \/>\n<script type=\"application\/ld+json\" class=\"yoast-schema-graph\">{\"@context\":\"https:\/\/schema.org\",\"@graph\":[{\"@type\":\"WebPage\",\"@id\":\"https:\/\/rollingringdrives.com\/product\/qp1240-automatic-cable-coiling-machine-and-automatic-taping-machine\/\",\"url\":\"https:\/\/rollingringdrives.com\/product\/qp1240-automatic-cable-coiling-machine-and-automatic-taping-machine\/\",\"name\":\"QP1240 Automatic Cable Coiling Machine and Automatic Taping Machine - QiPang\",\"isPartOf\":{\"@id\":\"https:\/\/rollingringdrives.com\/#website\"},\"primaryImageOfPage\":{\"@id\":\"https:\/\/rollingringdrives.com\/product\/qp1240-automatic-cable-coiling-machine-and-automatic-taping-machine\/#primaryimage\"},\"image\":{\"@id\":\"https:\/\/rollingringdrives.com\/product\/qp1240-automatic-cable-coiling-machine-and-automatic-taping-machine\/#primaryimage\"},\"thumbnailUrl\":\"https:\/\/rollingringdrives.com\/wp-content\/uploads\/2024\/05\/56.jpg\",\"datePublished\":\"2024-05-11T08:07:43+00:00\",\"dateModified\":\"2025-07-07T05:58:09+00:00\",\"breadcrumb\":{\"@id\":\"https:\/\/rollingringdrives.com\/product\/qp1240-automatic-cable-coiling-machine-and-automatic-taping-machine\/#breadcrumb\"},\"inLanguage\":\"de\",\"potentialAction\":[{\"@type\":\"ReadAction\",\"target\":[\"https:\/\/rollingringdrives.com\/product\/qp1240-automatic-cable-coiling-machine-and-automatic-taping-machine\/\"]}]},{\"@type\":\"ImageObject\",\"inLanguage\":\"de\",\"@id\":\"https:\/\/rollingringdrives.com\/product\/qp1240-automatic-cable-coiling-machine-and-automatic-taping-machine\/#primaryimage\",\"url\":\"https:\/\/rollingringdrives.com\/wp-content\/uploads\/2024\/05\/56.jpg\",\"contentUrl\":\"https:\/\/rollingringdrives.com\/wp-content\/uploads\/2024\/05\/56.jpg\",\"width\":600,\"height\":600,\"caption\":\"QP1240 Automatic Cable Coiling Machine and Automatic Taping Machine\"},{\"@type\":\"BreadcrumbList\",\"@id\":\"https:\/\/rollingringdrives.com\/product\/qp1240-automatic-cable-coiling-machine-and-automatic-taping-machine\/#breadcrumb\",\"itemListElement\":[{\"@type\":\"ListItem\",\"position\":1,\"name\":\"Home\",\"item\":\"https:\/\/rollingringdrives.com\/\"},{\"@type\":\"ListItem\",\"position\":2,\"name\":\"Machines\",\"item\":\"https:\/\/rollingringdrives.com\/machines\/\"},{\"@type\":\"ListItem\",\"position\":3,\"name\":\"QP1240 Automatic Cable Coiling Machine and Automatic Taping Machine\"}]},{\"@type\":\"WebSite\",\"@id\":\"https:\/\/rollingringdrives.com\/#website\",\"url\":\"https:\/\/rollingringdrives.com\/\",\"name\":\"QiPang\",\"description\":\"QiPang Blog\",\"publisher\":{\"@id\":\"https:\/\/rollingringdrives.com\/#organization\"},\"potentialAction\":[{\"@type\":\"SearchAction\",\"target\":{\"@type\":\"EntryPoint\",\"urlTemplate\":\"https:\/\/rollingringdrives.com\/?s={search_term_string}\"},\"query-input\":{\"@type\":\"PropertyValueSpecification\",\"valueRequired\":true,\"valueName\":\"search_term_string\"}}],\"inLanguage\":\"de\"},{\"@type\":\"Organization\",\"@id\":\"https:\/\/rollingringdrives.com\/#organization\",\"name\":\"QiPang\",\"url\":\"https:\/\/rollingringdrives.com\/\",\"logo\":{\"@type\":\"ImageObject\",\"inLanguage\":\"de\",\"@id\":\"https:\/\/rollingringdrives.com\/#\/schema\/logo\/image\/\",\"url\":\"https:\/\/rollingringdrives.com\/wp-content\/uploads\/2023\/05\/cropped-\u672a\u547d\u540d\u7684\u8bbe\u8ba1.png\",\"contentUrl\":\"https:\/\/rollingringdrives.com\/wp-content\/uploads\/2023\/05\/cropped-\u672a\u547d\u540d\u7684\u8bbe\u8ba1.png\",\"width\":300,\"height\":191,\"caption\":\"QiPang\"},\"image\":{\"@id\":\"https:\/\/rollingringdrives.com\/#\/schema\/logo\/image\/\"}}]}<\/script>\n<!-- \/ Yoast SEO Premium plugin. -->","yoast_head_json":{"title":"QP1240 Automatische Kabelwickelmaschine und automatische Bandwickelmaschine - QiPang","robots":{"index":"index","follow":"follow","max-snippet":"max-snippet:-1","max-image-preview":"max-image-preview:large","max-video-preview":"max-video-preview:-1"},"canonical":"https:\/\/rollingringdrives.com\/de\/produkt\/qp1240-automatische-kabelwickelmaschine-und-automatische-bandwickelmaschine\/","og_locale":"de_DE","og_type":"article","og_title":"QP1240 Automatic Cable Coiling Machine and Automatic Taping Machine","og_description":"Function Features   The operation is simple with Siemens PLC\u2019s automatic control and touch-types human-machine interface service motor cable system; the cable effect is ideal.  The cable is wound, the packing is completed sequentially, and the production speed is fast.  Automatically adjust the hoop arm, free of manual adjustment.  Automatic winding machine, automatic tying tape, safer and more convenient.  When there is a problem, an error is automatically detected, and a warning is sent to alert the operator.  It saves workforce expenditure, expands production capacity, and boosts industrial  &nbsp;","og_url":"https:\/\/rollingringdrives.com\/de\/produkt\/qp1240-automatische-kabelwickelmaschine-und-automatische-bandwickelmaschine\/","og_site_name":"QiPang","article_modified_time":"2025-07-07T05:58:09+00:00","og_image":[{"width":600,"height":600,"url":"https:\/\/rollingringdrives.com\/wp-content\/uploads\/2024\/05\/56.jpg","type":"image\/jpeg"}],"twitter_card":"summary_large_image","twitter_misc":{"Gesch\u00e4tzte Lesezeit":"3\u00a0Minuten"},"schema":{"@context":"https:\/\/schema.org","@graph":[{"@type":"WebPage","@id":"https:\/\/rollingringdrives.com\/product\/qp1240-automatic-cable-coiling-machine-and-automatic-taping-machine\/","url":"https:\/\/rollingringdrives.com\/product\/qp1240-automatic-cable-coiling-machine-and-automatic-taping-machine\/","name":"QP1240 Automatische Kabelwickelmaschine und automatische Bandwickelmaschine - QiPang","isPartOf":{"@id":"https:\/\/rollingringdrives.com\/#website"},"primaryImageOfPage":{"@id":"https:\/\/rollingringdrives.com\/product\/qp1240-automatic-cable-coiling-machine-and-automatic-taping-machine\/#primaryimage"},"image":{"@id":"https:\/\/rollingringdrives.com\/product\/qp1240-automatic-cable-coiling-machine-and-automatic-taping-machine\/#primaryimage"},"thumbnailUrl":"https:\/\/rollingringdrives.com\/wp-content\/uploads\/2024\/05\/56.jpg","datePublished":"2024-05-11T08:07:43+00:00","dateModified":"2025-07-07T05:58:09+00:00","breadcrumb":{"@id":"https:\/\/rollingringdrives.com\/product\/qp1240-automatic-cable-coiling-machine-and-automatic-taping-machine\/#breadcrumb"},"inLanguage":"de","potentialAction":[{"@type":"ReadAction","target":["https:\/\/rollingringdrives.com\/product\/qp1240-automatic-cable-coiling-machine-and-automatic-taping-machine\/"]}]},{"@type":"ImageObject","inLanguage":"de","@id":"https:\/\/rollingringdrives.com\/product\/qp1240-automatic-cable-coiling-machine-and-automatic-taping-machine\/#primaryimage","url":"https:\/\/rollingringdrives.com\/wp-content\/uploads\/2024\/05\/56.jpg","contentUrl":"https:\/\/rollingringdrives.com\/wp-content\/uploads\/2024\/05\/56.jpg","width":600,"height":600,"caption":"QP1240 Automatic Cable Coiling Machine and Automatic Taping Machine"},{"@type":"BreadcrumbList","@id":"https:\/\/rollingringdrives.com\/product\/qp1240-automatic-cable-coiling-machine-and-automatic-taping-machine\/#breadcrumb","itemListElement":[{"@type":"ListItem","position":1,"name":"Home","item":"https:\/\/rollingringdrives.com\/"},{"@type":"ListItem","position":2,"name":"Machines","item":"https:\/\/rollingringdrives.com\/machines\/"},{"@type":"ListItem","position":3,"name":"QP1240 Automatic Cable Coiling Machine and Automatic Taping Machine"}]},{"@type":"WebSite","@id":"https:\/\/rollingringdrives.com\/#website","url":"https:\/\/rollingringdrives.com\/","name":"QiPang","description":"QiPang-Blog","publisher":{"@id":"https:\/\/rollingringdrives.com\/#organization"},"potentialAction":[{"@type":"SearchAction","target":{"@type":"EntryPoint","urlTemplate":"https:\/\/rollingringdrives.com\/?s={search_term_string}"},"query-input":{"@type":"PropertyValueSpecification","valueRequired":true,"valueName":"search_term_string"}}],"inLanguage":"de"},{"@type":"Organization","@id":"https:\/\/rollingringdrives.com\/#organization","name":"QiPang","url":"https:\/\/rollingringdrives.com\/","logo":{"@type":"ImageObject","inLanguage":"de","@id":"https:\/\/rollingringdrives.com\/#\/schema\/logo\/image\/","url":"https:\/\/rollingringdrives.com\/wp-content\/uploads\/2023\/05\/cropped-\u672a\u547d\u540d\u7684\u8bbe\u8ba1.png","contentUrl":"https:\/\/rollingringdrives.com\/wp-content\/uploads\/2023\/05\/cropped-\u672a\u547d\u540d\u7684\u8bbe\u8ba1.png","width":300,"height":191,"caption":"QiPang"},"image":{"@id":"https:\/\/rollingringdrives.com\/#\/schema\/logo\/image\/"}}]}},"_links":{"self":[{"href":"https:\/\/rollingringdrives.com\/de\/wp-json\/wp\/v2\/product\/31459","targetHints":{"allow":["GET"]}}],"collection":[{"href":"https:\/\/rollingringdrives.com\/de\/wp-json\/wp\/v2\/product"}],"about":[{"href":"https:\/\/rollingringdrives.com\/de\/wp-json\/wp\/v2\/types\/product"}],"version-history":[{"count":0,"href":"https:\/\/rollingringdrives.com\/de\/wp-json\/wp\/v2\/product\/31459\/revisions"}],"wp:featuredmedia":[{"embeddable":true,"href":"https:\/\/rollingringdrives.com\/de\/wp-json\/wp\/v2\/media\/31490"}],"wp:attachment":[{"href":"https:\/\/rollingringdrives.com\/de\/wp-json\/wp\/v2\/media?parent=31459"}],"wp:term":[{"taxonomy":"product_brand","embeddable":true,"href":"https:\/\/rollingringdrives.com\/de\/wp-json\/wp\/v2\/product_brand?post=31459"},{"taxonomy":"product_cat","embeddable":true,"href":"https:\/\/rollingringdrives.com\/de\/wp-json\/wp\/v2\/product_cat?post=31459"},{"taxonomy":"product_tag","embeddable":true,"href":"https:\/\/rollingringdrives.com\/de\/wp-json\/wp\/v2\/product_tag?post=31459"}],"curies":[{"name":"wp","href":"https:\/\/api.w.org\/{rel}","templated":true}]}}