{"id":32357,"date":"2025-07-13T04:28:27","date_gmt":"2025-07-13T04:28:27","guid":{"rendered":"https:\/\/rollingringdrives.com\/?post_type=product&#038;p=32357"},"modified":"2025-07-18T10:31:50","modified_gmt":"2025-07-18T10:31:50","slug":"qp1000-cable-and-wire-re-reeling-machine","status":"publish","type":"product","link":"https:\/\/rollingringdrives.com\/de\/produkt\/qp1000-cable-and-wire-re-reeling-machine\/","title":{"rendered":"QP1000 Kabel- und Drahtumspulmaschine"},"content":{"rendered":"<p>Die Kabelaufrollmaschine QP1000 besteht aus robusten Hochleistungseinheiten, die die Handhabung von Elektrokabeln, Drahtseilen, flexiblen Schl\u00e4uchen usw. erleichtern.<\/p>\n<p>Diese Maschinen sind unsch\u00e4tzbar wertvoll f\u00fcr das schnelle, effiziente und pr\u00e4zise Umspulen und Messen von Mutterrollen sowie f\u00fcr die Dosierung und Konvertierung in Teilrollen, Kurzl\u00e4ngen und Spulen. Sie eignen sich ideal f\u00fcr alle Betriebe, die mit der Verteilung, Herstellung, Installation, Lagerung oder Konvertierung von Kabeln und \u00e4hnlichen Rollenmaterialien befasst sind. Die Baureihe bietet erhebliche Vorteile f\u00fcr das schnelle, effiziente und pr\u00e4zise Umspulen und Messen von Mutterrollen sowie f\u00fcr die Konvertierung in Teilrollen, Kurzl\u00e4ngen und Spulen. Die Vorrichtung ist ausziehbar und kann mit Rollen unterschiedlicher Breite verwendet werden.<\/p>\n<div id=\"footable_parent_32365\"\n         class=\"footable_parent ninja_table_wrapper loading_ninja_table wp_table_data_press_parent semantic_ui\">\n                <table data-ninja_table_instance=\"ninja_table_instance_0\" data-footable_id=\"32365\" data-filter-delay=\"1000\" aria-label=\"\u60ac\u81c2\u6536\u7ebf\u673a\u53c2\u6570.csv\"            id=\"footable_32365\"\n           data-unique_identifier=\"ninja_table_unique_id_1502421461_32365\"\n           class=\"foo-table ninja_footable foo_table_32365 ninja_table_unique_id_1502421461_32365 ui table  nt_type_legacy_table selectable striped vertical_centered  footable-paging-right ninja_table_pro\">\n                <colgroup>\n                            <col class=\"ninja_column_0\">\n                            <col class=\"ninja_column_1\">\n                            <col class=\"ninja_column_2\">\n                            <col class=\"ninja_column_3\">\n                            <col class=\"ninja_column_4\">\n                            <col class=\"ninja_column_5\">\n                    <\/colgroup>\n        <thead>\n<tr class=\"footable-header\">\n                                                                                                        <th scope=\"col\"  class=\"ninja_column_0 ninja_clmn_nm_model\">Modell<\/th><th scope=\"col\"  class=\"ninja_column_1 ninja_clmn_nm_qp63cabletakeupmachine\">QP630 Kabelaufwickelmaschine<\/th><th scope=\"col\"  class=\"ninja_column_2 ninja_clmn_nm_qp8cabletakeupmachine\">QP800 Kabelaufwickelmaschine<\/th><th scope=\"col\"  class=\"ninja_column_3 ninja_clmn_nm_qp1cabletakeupmachine\">QP1000 Kabelaufwickelmaschine<\/th><th scope=\"col\"  class=\"ninja_column_4 ninja_clmn_nm_qp125cabletakeupmachine\">QP1250 Kabelaufwickelmaschine<\/th><th scope=\"col\"  class=\"ninja_column_5 ninja_clmn_nm_qp14cabletakeupmachine\">QP1400 Kabelaufwickelmaschine<\/th><\/tr>\n<\/thead>\n<tbody>\n\n        <tr data-row_id=\"1754\" class=\"ninja_table_row_0 nt_row_id_1754\">\n            <td>Rollengr\u00f6\u00dfe<\/td><td>Au\u00dfendurchmesser 400\u2013630 mm (15\u201324 Zoll), Breite 475 mm (18 Zoll), Innendurchmesser \u03a6 56\/80 mm (2\u20133 Zoll)<\/td><td>Au\u00dfendurchmesser 630\u2013800 mm (24\u201331 Zoll), Breite 600 mm (23 Zoll), Innendurchmesser \u03a6 80 mm (3 Zoll)<\/td><td>Au\u00dfendurchmesser 800\u20131000 mm (31\u201339 Zoll), Breite 750 mm (29 Zoll), Innendurchmesser \u03a6 80 mm (3 Zoll)<\/td><td>Au\u00dfendurchmesser 1000\u20131250 mm (39\u201349 Zoll), Breite 750 mm (29 Zoll), Innendurchmesser \u03a6 80 mm (3 Zoll)<\/td><td>Au\u00dfendurchmesser 1250\u20131400 mm (49\u201355 Zoll), Breite 950 mm (37 Zoll), Innendurchmesser \u03a6 80 mm (3 Zoll)<\/td>        <\/tr>\n            <tr data-row_id=\"1755\" class=\"ninja_table_row_1 nt_row_id_1755\">\n            <td>Geeigneter Materialdurchmesser<\/td><td> 0,5-15 mm<\/td><td>0,5-20 mm<\/td><td>0,5-30 mm<\/td><td>0,5-40 mm<\/td><td> 0,5-40 mm<\/td>        <\/tr>\n            <tr data-row_id=\"1756\" class=\"ninja_table_row_2 nt_row_id_1756\">\n            <td>Anwendbare Geschwindigkeit<\/td><td>0\u2013300 m\/min (durch Wechselrichter einstellbare Geschwindigkeit)<\/td><td>0\u2013300 m\/min (durch Wechselrichter einstellbare Geschwindigkeit)<\/td><td>0\u2013300 m\/min (durch Wechselrichter einstellbare Geschwindigkeit)<\/td><td>0\u2013300 m\/min (durch Wechselrichter einstellbare Geschwindigkeit)<\/td><td>0\u2013200 m\/min (durch Wechselrichter einstellbare Geschwindigkeit)<\/td>        <\/tr>\n            <tr data-row_id=\"1757\" class=\"ninja_table_row_3 nt_row_id_1757\">\n            <td>Klemmmethode:<\/td><td>Handkurbelklemmung (oder Zylinderklemmung)<\/td><td>Handkurbelklemmung (oder Zylinderklemmung)<\/td><td>Handkurbelklemmung (oder Zylinderklemmung)<\/td><td>Handkurbelklemmung (oder Zylinderklemmung)<\/td><td> Handkurbelklemmung (oder Zylinderklemmung)<\/td>        <\/tr>\n            <tr data-row_id=\"1758\" class=\"ninja_table_row_4 nt_row_id_1758\">\n            <td>Rollenhebemotor<\/td><td>0,75 kW elektrische Schraubenhebevorrichtung, obere und untere Begrenzungsvorrichtungen, Sicherheit<\/td><td>0,75 kW elektrische Schraubenhebevorrichtung, obere und untere Begrenzungsvorrichtungen, Sicherheit<\/td><td>0,75 kW elektrische Schraubenhebevorrichtung, obere und untere Begrenzungsvorrichtungen, Sicherheit<\/td><td>1,5 kW elektrische Schraubenhebevorrichtung, obere und untere Begrenzungsvorrichtungen, Sicherheit<\/td><td> 1,5 kW elektrische Schraubenhebevorrichtung, obere und untere Begrenzungsvorrichtungen, Sicherheit<\/td>        <\/tr>\n            <tr data-row_id=\"1759\" class=\"ninja_table_row_5 nt_row_id_1759\">\n            <td>Draht-\/Kabelanordnung<\/td><td>\u03a630 Rollringtraverse, einstellbare Verfahrstrecke und Steigung<\/td><td>\u03a630 Rollringtraverse, einstellbare Verfahrstrecke und Steigung<\/td><td>\u03a630 Rollringtraverse, einstellbare Verfahrstrecke und Steigung<\/td><td>\u03a640 Rollringtraverse, einstellbare Verfahrstrecke und Steigung<\/td><td>\u03a640 Rollringtraverse, einstellbare Verfahrstrecke und Steigung<\/td>        <\/tr>\n            <tr data-row_id=\"1760\" class=\"ninja_table_row_6 nt_row_id_1760\">\n            <td>Leistung des Aufwickelmotors<\/td><td>2,2-kW-Motor + RV-Untersetzungsgetriebe<\/td><td> 4-kW-Motor + RV-Untersetzungsgetriebe<\/td><td> 4-kW-Motor + RV-Untersetzungsgetriebe<\/td><td>5,5-kW-Motor + RV-Reduzierst\u00fcck8. Stromversorgung: 380 V, dreiphasig, 50 Hz<\/td><td>7,5-kW-Motor + RV-Untersetzungsgetriebe 8. Stromversorgung: 380 V, dreiphasig, 50 Hz<\/td>        <\/tr>\n            <tr data-row_id=\"1761\" class=\"ninja_table_row_7 nt_row_id_1761\">\n            <td>Stromversorgung<\/td><td>380 V, 3-phasig, 50 Hz Oder anpassen<\/td><td>380 V, 3-phasig, 50 Hz Oder anpassen<\/td><td>380 V, 3-phasig, 50 Hz Oder anpassen<\/td><td>380 V, 3-phasig, 50 Hz Oder anpassen<\/td><td>380 V, 3-phasig, 50 Hz Oder anpassen<\/td>        <\/tr>\n            <tr data-row_id=\"1762\" class=\"ninja_table_row_8 nt_row_id_1762\">\n            <td>Ger\u00e4tefarbe<\/td><td>RAL5015 blau<\/td><td>RAL5015 blau<\/td><td>RAL5015 blau<\/td><td>RAL5015 blau<\/td><td>RAL5015 blau<\/td>        <\/tr>\n            <tr data-row_id=\"1763\" class=\"ninja_table_row_9 nt_row_id_1763\">\n            <td>Abmessungen und Gewicht<\/td><td>1500 x 1000 x 700 mm, 350 kg (ohne Holzkiste)<\/td><td>1600*1100*900MM , 430KG (Ohne Holzkiste)<\/td><td>2300*1300*1100MM , 490KG (Ohne Holzkiste)<\/td><td>2300*1400*1350MM , 650KG (Ohne Holzkiste)<\/td><td>2300*1500*1600MM , 730KG (Ohne Holzkiste)<\/td>        <\/tr>\n    <\/tbody><!--ninja_tobody_rendering_done-->\n    <\/table>\n    \n    \n    \n<\/div>\n\n<dl>\n<dt>Merkmale<\/dt>\n<dd>\n<div class=\"headlines\">\n<ul>\n<li>In einem stabilen Stahlrahmen eingebaut.<\/li>\n<li>Das Heben und Senken der Rolle erfolgt elektrisch<\/li>\n<li>Die Aufwickelgeschwindigkeit der Maschine kann eingestellt werden<\/li>\n<li>Die Aufwickelvorrichtung kann direkt am Motorantriebsarm befestigt werden.<\/li>\n<li>Manuelle Klemmung oder Zylinderklemmung ist optional<\/li>\n<li>Die Maschine verf\u00fcgt \u00fcber eine CE-Zertifizierung<\/li>\n<\/ul>\n<\/div>\n<\/dd>\n<\/dl>\n<p>&nbsp;<\/p>\n<p>&nbsp;<\/p>","protected":false},"excerpt":{"rendered":"<p>Mit dieser Kabelwickelmaschine QP1000 kann ein einzelner Bediener Kabel messen und vom Rollenlager oder von einem Rollentr\u00e4ger auf eine leere Rolle aufwickeln. Mit einer zus\u00e4tzlichen Wickelvorrichtung k\u00f6nnen auch Spulen hergestellt werden.<\/p>","protected":false},"featured_media":32358,"template":"","meta":{"site-sidebar-layout":"default","site-content-layout":"default","ast-global-header-display":"","ast-banner-title-visibility":"","ast-main-header-display":"","ast-hfb-above-header-display":"","ast-hfb-below-header-display":"","ast-hfb-mobile-header-display":"","site-post-title":"","ast-breadcrumbs-content":"","ast-featured-img":"","footer-sml-layout":"","theme-transparent-header-meta":"default","adv-header-id-meta":"","stick-header-meta":"","header-above-stick-meta":"","header-main-stick-meta":"","header-below-stick-meta":""},"product_brand":[],"product_cat":[51,151],"product_tag":[],"class_list":{"0":"post-32357","1":"product","2":"type-product","3":"status-publish","4":"has-post-thumbnail","6":"product_cat-wire-take-up-machine","7":"product_cat-shaftless-cable-take-up-machine","8":"desktop-align-left","9":"tablet-align-left","10":"mobile-align-left","12":"first","13":"instock","14":"shipping-taxable","15":"product-type-simple"},"yoast_head":"<!-- This site is optimized with the Yoast SEO Premium plugin v20.12 (Yoast SEO v26.0) - https:\/\/yoast.com\/wordpress\/plugins\/seo\/ -->\n<title>QP1000 Cable and Wire Re-reeling Machine - QiPang<\/title>\n<meta name=\"robots\" content=\"index, follow, max-snippet:-1, max-image-preview:large, max-video-preview:-1\" \/>\n<link rel=\"canonical\" href=\"https:\/\/rollingringdrives.com\/de\/produkt\/qp1000-cable-and-wire-re-reeling-machine\/\" \/>\n<meta property=\"og:locale\" content=\"de_DE\" \/>\n<meta property=\"og:type\" content=\"article\" \/>\n<meta property=\"og:title\" content=\"QP1000 Cable and Wire Re-reeling Machine\" \/>\n<meta property=\"og:description\" content=\"This QP1000 Cable reeling machine allows one single operator to measure and rewind cable from the reel racks warehouse or from a reel-carrying jacks to an empty reel, and also to make coils with an additional coiling device.\" \/>\n<meta property=\"og:url\" content=\"https:\/\/rollingringdrives.com\/de\/produkt\/qp1000-cable-and-wire-re-reeling-machine\/\" \/>\n<meta property=\"og:site_name\" content=\"QiPang\" \/>\n<meta property=\"article:modified_time\" content=\"2025-07-18T10:31:50+00:00\" \/>\n<meta property=\"og:image\" content=\"https:\/\/rollingringdrives.com\/wp-content\/uploads\/2025\/07\/rewinding-machine-21.png\" \/>\n\t<meta property=\"og:image:width\" content=\"800\" \/>\n\t<meta property=\"og:image:height\" content=\"800\" \/>\n\t<meta property=\"og:image:type\" content=\"image\/png\" \/>\n<meta name=\"twitter:card\" content=\"summary_large_image\" \/>\n<meta name=\"twitter:label1\" content=\"Gesch\u00e4tzte Lesezeit\" \/>\n\t<meta name=\"twitter:data1\" content=\"1\u00a0Minute\" \/>\n<script type=\"application\/ld+json\" class=\"yoast-schema-graph\">{\"@context\":\"https:\/\/schema.org\",\"@graph\":[{\"@type\":\"WebPage\",\"@id\":\"https:\/\/rollingringdrives.com\/product\/qp1000-cable-and-wire-re-reeling-machine\/\",\"url\":\"https:\/\/rollingringdrives.com\/product\/qp1000-cable-and-wire-re-reeling-machine\/\",\"name\":\"QP1000 Cable and Wire Re-reeling Machine - QiPang\",\"isPartOf\":{\"@id\":\"https:\/\/rollingringdrives.com\/#website\"},\"primaryImageOfPage\":{\"@id\":\"https:\/\/rollingringdrives.com\/product\/qp1000-cable-and-wire-re-reeling-machine\/#primaryimage\"},\"image\":{\"@id\":\"https:\/\/rollingringdrives.com\/product\/qp1000-cable-and-wire-re-reeling-machine\/#primaryimage\"},\"thumbnailUrl\":\"https:\/\/rollingringdrives.com\/wp-content\/uploads\/2025\/07\/rewinding-machine-21.png\",\"datePublished\":\"2025-07-13T04:28:27+00:00\",\"dateModified\":\"2025-07-18T10:31:50+00:00\",\"breadcrumb\":{\"@id\":\"https:\/\/rollingringdrives.com\/product\/qp1000-cable-and-wire-re-reeling-machine\/#breadcrumb\"},\"inLanguage\":\"de\",\"potentialAction\":[{\"@type\":\"ReadAction\",\"target\":[\"https:\/\/rollingringdrives.com\/product\/qp1000-cable-and-wire-re-reeling-machine\/\"]}]},{\"@type\":\"ImageObject\",\"inLanguage\":\"de\",\"@id\":\"https:\/\/rollingringdrives.com\/product\/qp1000-cable-and-wire-re-reeling-machine\/#primaryimage\",\"url\":\"https:\/\/rollingringdrives.com\/wp-content\/uploads\/2025\/07\/rewinding-machine-21.png\",\"contentUrl\":\"https:\/\/rollingringdrives.com\/wp-content\/uploads\/2025\/07\/rewinding-machine-21.png\",\"width\":800,\"height\":800,\"caption\":\"take up pay off machine\"},{\"@type\":\"BreadcrumbList\",\"@id\":\"https:\/\/rollingringdrives.com\/product\/qp1000-cable-and-wire-re-reeling-machine\/#breadcrumb\",\"itemListElement\":[{\"@type\":\"ListItem\",\"position\":1,\"name\":\"Home\",\"item\":\"https:\/\/rollingringdrives.com\/\"},{\"@type\":\"ListItem\",\"position\":2,\"name\":\"Machines\",\"item\":\"https:\/\/rollingringdrives.com\/machines\/\"},{\"@type\":\"ListItem\",\"position\":3,\"name\":\"QP1000 Cable and Wire Re-reeling Machine\"}]},{\"@type\":\"WebSite\",\"@id\":\"https:\/\/rollingringdrives.com\/#website\",\"url\":\"https:\/\/rollingringdrives.com\/\",\"name\":\"QiPang\",\"description\":\"QiPang Blog\",\"publisher\":{\"@id\":\"https:\/\/rollingringdrives.com\/#organization\"},\"potentialAction\":[{\"@type\":\"SearchAction\",\"target\":{\"@type\":\"EntryPoint\",\"urlTemplate\":\"https:\/\/rollingringdrives.com\/?s={search_term_string}\"},\"query-input\":{\"@type\":\"PropertyValueSpecification\",\"valueRequired\":true,\"valueName\":\"search_term_string\"}}],\"inLanguage\":\"de\"},{\"@type\":\"Organization\",\"@id\":\"https:\/\/rollingringdrives.com\/#organization\",\"name\":\"QiPang\",\"url\":\"https:\/\/rollingringdrives.com\/\",\"logo\":{\"@type\":\"ImageObject\",\"inLanguage\":\"de\",\"@id\":\"https:\/\/rollingringdrives.com\/#\/schema\/logo\/image\/\",\"url\":\"https:\/\/rollingringdrives.com\/wp-content\/uploads\/2023\/05\/cropped-\u672a\u547d\u540d\u7684\u8bbe\u8ba1.png\",\"contentUrl\":\"https:\/\/rollingringdrives.com\/wp-content\/uploads\/2023\/05\/cropped-\u672a\u547d\u540d\u7684\u8bbe\u8ba1.png\",\"width\":300,\"height\":191,\"caption\":\"QiPang\"},\"image\":{\"@id\":\"https:\/\/rollingringdrives.com\/#\/schema\/logo\/image\/\"}}]}<\/script>\n<!-- \/ Yoast SEO Premium plugin. -->","yoast_head_json":{"title":"QP1000 Kabel- und Drahtumspulmaschine - QiPang","robots":{"index":"index","follow":"follow","max-snippet":"max-snippet:-1","max-image-preview":"max-image-preview:large","max-video-preview":"max-video-preview:-1"},"canonical":"https:\/\/rollingringdrives.com\/de\/produkt\/qp1000-cable-and-wire-re-reeling-machine\/","og_locale":"de_DE","og_type":"article","og_title":"QP1000 Cable and Wire Re-reeling Machine","og_description":"This QP1000 Cable reeling machine allows one single operator to measure and rewind cable from the reel racks warehouse or from a reel-carrying jacks to an empty reel, and also to make coils with an additional coiling device.","og_url":"https:\/\/rollingringdrives.com\/de\/produkt\/qp1000-cable-and-wire-re-reeling-machine\/","og_site_name":"QiPang","article_modified_time":"2025-07-18T10:31:50+00:00","og_image":[{"width":800,"height":800,"url":"https:\/\/rollingringdrives.com\/wp-content\/uploads\/2025\/07\/rewinding-machine-21.png","type":"image\/png"}],"twitter_card":"summary_large_image","twitter_misc":{"Gesch\u00e4tzte Lesezeit":"1\u00a0Minute"},"schema":{"@context":"https:\/\/schema.org","@graph":[{"@type":"WebPage","@id":"https:\/\/rollingringdrives.com\/product\/qp1000-cable-and-wire-re-reeling-machine\/","url":"https:\/\/rollingringdrives.com\/product\/qp1000-cable-and-wire-re-reeling-machine\/","name":"QP1000 Kabel- und Drahtumspulmaschine - QiPang","isPartOf":{"@id":"https:\/\/rollingringdrives.com\/#website"},"primaryImageOfPage":{"@id":"https:\/\/rollingringdrives.com\/product\/qp1000-cable-and-wire-re-reeling-machine\/#primaryimage"},"image":{"@id":"https:\/\/rollingringdrives.com\/product\/qp1000-cable-and-wire-re-reeling-machine\/#primaryimage"},"thumbnailUrl":"https:\/\/rollingringdrives.com\/wp-content\/uploads\/2025\/07\/rewinding-machine-21.png","datePublished":"2025-07-13T04:28:27+00:00","dateModified":"2025-07-18T10:31:50+00:00","breadcrumb":{"@id":"https:\/\/rollingringdrives.com\/product\/qp1000-cable-and-wire-re-reeling-machine\/#breadcrumb"},"inLanguage":"de","potentialAction":[{"@type":"ReadAction","target":["https:\/\/rollingringdrives.com\/product\/qp1000-cable-and-wire-re-reeling-machine\/"]}]},{"@type":"ImageObject","inLanguage":"de","@id":"https:\/\/rollingringdrives.com\/product\/qp1000-cable-and-wire-re-reeling-machine\/#primaryimage","url":"https:\/\/rollingringdrives.com\/wp-content\/uploads\/2025\/07\/rewinding-machine-21.png","contentUrl":"https:\/\/rollingringdrives.com\/wp-content\/uploads\/2025\/07\/rewinding-machine-21.png","width":800,"height":800,"caption":"take up pay off machine"},{"@type":"BreadcrumbList","@id":"https:\/\/rollingringdrives.com\/product\/qp1000-cable-and-wire-re-reeling-machine\/#breadcrumb","itemListElement":[{"@type":"ListItem","position":1,"name":"Home","item":"https:\/\/rollingringdrives.com\/"},{"@type":"ListItem","position":2,"name":"Machines","item":"https:\/\/rollingringdrives.com\/machines\/"},{"@type":"ListItem","position":3,"name":"QP1000 Cable and Wire Re-reeling Machine"}]},{"@type":"WebSite","@id":"https:\/\/rollingringdrives.com\/#website","url":"https:\/\/rollingringdrives.com\/","name":"QiPang","description":"QiPang-Blog","publisher":{"@id":"https:\/\/rollingringdrives.com\/#organization"},"potentialAction":[{"@type":"SearchAction","target":{"@type":"EntryPoint","urlTemplate":"https:\/\/rollingringdrives.com\/?s={search_term_string}"},"query-input":{"@type":"PropertyValueSpecification","valueRequired":true,"valueName":"search_term_string"}}],"inLanguage":"de"},{"@type":"Organization","@id":"https:\/\/rollingringdrives.com\/#organization","name":"QiPang","url":"https:\/\/rollingringdrives.com\/","logo":{"@type":"ImageObject","inLanguage":"de","@id":"https:\/\/rollingringdrives.com\/#\/schema\/logo\/image\/","url":"https:\/\/rollingringdrives.com\/wp-content\/uploads\/2023\/05\/cropped-\u672a\u547d\u540d\u7684\u8bbe\u8ba1.png","contentUrl":"https:\/\/rollingringdrives.com\/wp-content\/uploads\/2023\/05\/cropped-\u672a\u547d\u540d\u7684\u8bbe\u8ba1.png","width":300,"height":191,"caption":"QiPang"},"image":{"@id":"https:\/\/rollingringdrives.com\/#\/schema\/logo\/image\/"}}]}},"_links":{"self":[{"href":"https:\/\/rollingringdrives.com\/de\/wp-json\/wp\/v2\/product\/32357","targetHints":{"allow":["GET"]}}],"collection":[{"href":"https:\/\/rollingringdrives.com\/de\/wp-json\/wp\/v2\/product"}],"about":[{"href":"https:\/\/rollingringdrives.com\/de\/wp-json\/wp\/v2\/types\/product"}],"version-history":[{"count":0,"href":"https:\/\/rollingringdrives.com\/de\/wp-json\/wp\/v2\/product\/32357\/revisions"}],"wp:featuredmedia":[{"embeddable":true,"href":"https:\/\/rollingringdrives.com\/de\/wp-json\/wp\/v2\/media\/32358"}],"wp:attachment":[{"href":"https:\/\/rollingringdrives.com\/de\/wp-json\/wp\/v2\/media?parent=32357"}],"wp:term":[{"taxonomy":"product_brand","embeddable":true,"href":"https:\/\/rollingringdrives.com\/de\/wp-json\/wp\/v2\/product_brand?post=32357"},{"taxonomy":"product_cat","embeddable":true,"href":"https:\/\/rollingringdrives.com\/de\/wp-json\/wp\/v2\/product_cat?post=32357"},{"taxonomy":"product_tag","embeddable":true,"href":"https:\/\/rollingringdrives.com\/de\/wp-json\/wp\/v2\/product_tag?post=32357"}],"curies":[{"name":"wp","href":"https:\/\/api.w.org\/{rel}","templated":true}]}}