{"id":32394,"date":"2025-07-19T09:06:43","date_gmt":"2025-07-19T09:06:43","guid":{"rendered":"https:\/\/rollingringdrives.com\/?post_type=product&#038;p=32394"},"modified":"2025-07-19T09:16:27","modified_gmt":"2025-07-19T09:16:27","slug":"portal-type-cantilever-electric-rewinding-machine","status":"publish","type":"product","link":"https:\/\/rollingringdrives.com\/de\/produkt\/portal-type-cantilever-electric-rewinding-machine\/","title":{"rendered":"Portal-Cantilever-Elektro-Umspulmaschine"},"content":{"rendered":"<p>Portal-Freischwinger-Umspulmaschinen sind spezielle Fertigungsanlagen oder Verfahren, mit denen Dr\u00e4hte oder Kabel von der Originalspule oder -rolle auf eine neue Spule oder Rolle entsprechend den Anforderungen umgewickelt werden. Der Hauptzweck besteht darin, fertige Draht- und Kabelprodukte neu zu verpacken oder zu konfigurieren. Dabei wird h\u00e4ufig die L\u00e4nge der Kabelrolle ge\u00e4ndert, der Spulendurchmesser angepasst oder die Kabelform an spezifische Anwendungen oder Kundenbed\u00fcrfnisse angepasst.<\/p>\n<div id=\"footable_parent_32395\"\n         class=\"footable_parent ninja_table_wrapper loading_ninja_table wp_table_data_press_parent semantic_ui\">\n                <table data-ninja_table_instance=\"ninja_table_instance_0\" data-footable_id=\"32395\" data-filter-delay=\"1000\" aria-label=\"Laden Sie die Datei XLS.csv herunter\"            id=\"footable_32395\"\n           data-unique_identifier=\"ninja_table_unique_id_308286678_32395\"\n           class=\"foo-table ninja_footable foo_table_32395 ninja_table_unique_id_308286678_32395 ui table  nt_type_legacy_table selectable striped vertical_centered  footable-paging-right ninja_table_pro\">\n                <colgroup>\n                            <col class=\"ninja_column_0\">\n                            <col class=\"ninja_column_1\">\n                    <\/colgroup>\n        <thead>\n<tr class=\"footable-header\">\n                                        <th scope=\"col\"  class=\"ninja_column_0 ninja_clmn_nm_model\">Modell<\/th><th scope=\"col\"  class=\"ninja_column_1 ninja_clmn_nm_qpm4\">QPM400<\/th><\/tr>\n<\/thead>\n<tbody>\n\n        <tr data-row_id=\"1774\" class=\"ninja_table_row_0 nt_row_id_1774\">\n            <td>Spulengr\u00f6\u00dfe<\/td><td>Au\u00dfendurchmesser: \u00f8400-\u00f8800mm Innendurchmesser \u00f850-\u00f880mm<\/td>        <\/tr>\n            <tr data-row_id=\"1775\" class=\"ninja_table_row_1 nt_row_id_1775\">\n            <td>Draht-\/Kabelanordnung<\/td><td>GP30 Rollringtraverse<\/td>        <\/tr>\n            <tr data-row_id=\"1776\" class=\"ninja_table_row_2 nt_row_id_1776\">\n            <td>Klemmmethode:<\/td><td> Zylinderklemmung<\/td>        <\/tr>\n            <tr data-row_id=\"1777\" class=\"ninja_table_row_3 nt_row_id_1777\">\n            <td>Meterz\u00e4hler<\/td><td>Mit Alarmfunktion stoppt es automatisch, wenn die erforderliche Anzahl an Metern erreicht ist<\/td>        <\/tr>\n            <tr data-row_id=\"1778\" class=\"ninja_table_row_4 nt_row_id_1778\">\n            <td>Aufrollgeschwindigkeit: <\/td><td>\u2264 300 Umdrehungen pro Minute<\/td>        <\/tr>\n            <tr data-row_id=\"1779\" class=\"ninja_table_row_5 nt_row_id_1779\">\n            <td>Hebemethode:<\/td><td> Elektrisches Heben mit elektronischem Endschalter.<\/td>        <\/tr>\n            <tr data-row_id=\"1780\" class=\"ninja_table_row_6 nt_row_id_1780\">\n            <td>maximale Belastung<\/td><td>200kg<\/td>        <\/tr>\n            <tr data-row_id=\"1781\" class=\"ninja_table_row_7 nt_row_id_1781\">\n            <td>Tray-Installationsmethode:<\/td><td>Bodenschale<\/td>        <\/tr>\n            <tr data-row_id=\"1782\" class=\"ninja_table_row_8 nt_row_id_1782\">\n            <td>Leistung<\/td><td>380 V, 3-phasig, 50 Hz Oder anpassen<\/td>        <\/tr>\n            <tr data-row_id=\"1783\" class=\"ninja_table_row_9 nt_row_id_1783\">\n            <td>Frequenzumsetzer:<\/td><td>Verwenden Sie die Inovance MD310-Serie mit Bremswiderstand und reservierter Schnittstelle zur Geschwindigkeitsregelung des Spannrahmens<\/td>        <\/tr>\n    <\/tbody><!--ninja_tobody_rendering_done-->\n    <\/table>\n    \n    \n    \n<\/div>\n\n<div class=\"ast-oembed-container\" style=\"height: 100%;\"><iframe title=\"Portal-Cantilever-Elektro-Umspulmaschine\" width=\"500\" height=\"281\" src=\"https:\/\/www.youtube.com\/embed\/HSYHiPZKsXI?feature=oembed\" frameborder=\"0\" allow=\"accelerometer; autoplay; clipboard-write; encrypted-media; gyroscope; picture-in-picture; web-share\" referrerpolicy=\"strict-origin-when-cross-origin\" allowfullscreen><\/iframe><\/div>\n<ol>\n<li><strong>Zweck und Nutzen:<\/strong>\n<ul>\n<li><strong>Anpassung:<\/strong>\u00a0Erstellen spezifischer L\u00e4ngen oder Paketgr\u00f6\u00dfen, die im ersten Produktionslauf nicht verf\u00fcgbar waren.<\/li>\n<li><strong>Effizienz:<\/strong>\u00a0Automatisierung des oft arbeitsintensiven Prozesses des manuellen Aufwickelns gro\u00dfer Kabelmengen.<\/li>\n<li><strong>Schadensverh\u00fctung:<\/strong>\u00a0Durch kontrollierte Spannung und ordnungsgem\u00e4\u00dfe Handhabung wird die Integrit\u00e4t des Kabels gesch\u00fctzt.<\/li>\n<li><strong>Logistik:<\/strong> Vorbereitung von Kabeln f\u00fcr einfachere Lagerung, Transport und Einsatz in verschiedenen Branchen<\/li>\n<\/ul>\n<\/li>\n<li><strong>Anwendungen:<\/strong>\u00a0Diese Produktionslinien sind in Branchen wie der Automobilindustrie (f\u00fcr Kabelb\u00e4ume), dem Baugewerbe (f\u00fcr Stromkabel), der Telekommunikation, der Elektronik und der erneuerbaren Energien (f\u00fcr Solar- oder Windkraftkabel) von entscheidender Bedeutung.<\/li>\n<\/ol>\n<p>Im Wesentlichen handelt es sich dabei um eine spezielle Einrichtung zum effizienten und sicheren \u00dcbertragen von Dr\u00e4hten oder Kabeln von einer Spule auf eine andere, wobei bestimmte Anforderungen hinsichtlich L\u00e4nge, Spulengr\u00f6\u00dfe oder Verpackung erf\u00fcllt werden m\u00fcssen.<\/p>","protected":false},"excerpt":{"rendered":"<p>Besonderheit<\/p>\n<p>1. Pr\u00e4zise Kontrolle der Aufwickelspannung<br \/>\n2. Genaue und zuverl\u00e4ssige Kabelanordnung<br \/>\n3.Einstellbare und passende Aufnahmegeschwindigkeit<br \/>\n4. Robuste Struktur, gro\u00dfe Kapazit\u00e4t<br \/>\n5. Einfache Bedienung, hoher Automatisierungsgrad<br \/>\n6. Starke Anpassungsf\u00e4higkeit<\/p>","protected":false},"featured_media":32396,"template":"","meta":{"site-sidebar-layout":"default","site-content-layout":"default","ast-global-header-display":"","ast-banner-title-visibility":"","ast-main-header-display":"","ast-hfb-above-header-display":"","ast-hfb-below-header-display":"","ast-hfb-mobile-header-display":"","site-post-title":"","ast-breadcrumbs-content":"","ast-featured-img":"","footer-sml-layout":"","theme-transparent-header-meta":"default","adv-header-id-meta":"","stick-header-meta":"","header-above-stick-meta":"","header-main-stick-meta":"","header-below-stick-meta":""},"product_brand":[],"product_cat":[51,151],"product_tag":[],"class_list":{"0":"post-32394","1":"product","2":"type-product","3":"status-publish","4":"has-post-thumbnail","6":"product_cat-wire-take-up-machine","7":"product_cat-shaftless-cable-take-up-machine","8":"desktop-align-left","9":"tablet-align-left","10":"mobile-align-left","12":"first","13":"instock","14":"shipping-taxable","15":"product-type-simple"},"yoast_head":"<!-- This site is optimized with the Yoast SEO Premium plugin v20.12 (Yoast SEO v26.0) - https:\/\/yoast.com\/wordpress\/plugins\/seo\/ -->\n<title>Portal-type cantilever Electric rewinding machine - QiPang<\/title>\n<meta name=\"robots\" content=\"index, follow, max-snippet:-1, max-image-preview:large, max-video-preview:-1\" \/>\n<link rel=\"canonical\" href=\"https:\/\/rollingringdrives.com\/de\/produkt\/portal-type-cantilever-electric-rewinding-machine\/\" \/>\n<meta property=\"og:locale\" content=\"de_DE\" \/>\n<meta property=\"og:type\" content=\"article\" \/>\n<meta property=\"og:title\" content=\"Portal-type cantilever Electric rewinding machine\" \/>\n<meta property=\"og:description\" content=\"Feature  1.Precise control of take-up tension 2.Accurate and reliable wire arrangement 3.Adjustable and matching take-up speed 4.Sturdy structure, large capacity 5.Easy operation, high degree of automation 6.Strong adaptability\" \/>\n<meta property=\"og:url\" content=\"https:\/\/rollingringdrives.com\/de\/produkt\/portal-type-cantilever-electric-rewinding-machine\/\" \/>\n<meta property=\"og:site_name\" content=\"QiPang\" \/>\n<meta property=\"article:modified_time\" content=\"2025-07-19T09:16:27+00:00\" \/>\n<meta property=\"og:image\" content=\"https:\/\/rollingringdrives.com\/wp-content\/uploads\/2025\/07\/bfd00e16a45711cfd33c46bac25a2b00_\u526f\u672c.jpg\" \/>\n\t<meta property=\"og:image:width\" content=\"800\" \/>\n\t<meta property=\"og:image:height\" content=\"800\" \/>\n\t<meta property=\"og:image:type\" content=\"image\/jpeg\" \/>\n<meta name=\"twitter:card\" content=\"summary_large_image\" \/>\n<meta name=\"twitter:label1\" content=\"Gesch\u00e4tzte Lesezeit\" \/>\n\t<meta name=\"twitter:data1\" content=\"2\u00a0Minuten\" \/>\n<script type=\"application\/ld+json\" class=\"yoast-schema-graph\">{\"@context\":\"https:\/\/schema.org\",\"@graph\":[{\"@type\":\"WebPage\",\"@id\":\"https:\/\/rollingringdrives.com\/product\/portal-type-cantilever-electric-rewinding-machine\/\",\"url\":\"https:\/\/rollingringdrives.com\/product\/portal-type-cantilever-electric-rewinding-machine\/\",\"name\":\"Portal-type cantilever Electric rewinding machine - QiPang\",\"isPartOf\":{\"@id\":\"https:\/\/rollingringdrives.com\/#website\"},\"primaryImageOfPage\":{\"@id\":\"https:\/\/rollingringdrives.com\/product\/portal-type-cantilever-electric-rewinding-machine\/#primaryimage\"},\"image\":{\"@id\":\"https:\/\/rollingringdrives.com\/product\/portal-type-cantilever-electric-rewinding-machine\/#primaryimage\"},\"thumbnailUrl\":\"https:\/\/rollingringdrives.com\/wp-content\/uploads\/2025\/07\/bfd00e16a45711cfd33c46bac25a2b00_\u526f\u672c.jpg\",\"datePublished\":\"2025-07-19T09:06:43+00:00\",\"dateModified\":\"2025-07-19T09:16:27+00:00\",\"breadcrumb\":{\"@id\":\"https:\/\/rollingringdrives.com\/product\/portal-type-cantilever-electric-rewinding-machine\/#breadcrumb\"},\"inLanguage\":\"de\",\"potentialAction\":[{\"@type\":\"ReadAction\",\"target\":[\"https:\/\/rollingringdrives.com\/product\/portal-type-cantilever-electric-rewinding-machine\/\"]}]},{\"@type\":\"ImageObject\",\"inLanguage\":\"de\",\"@id\":\"https:\/\/rollingringdrives.com\/product\/portal-type-cantilever-electric-rewinding-machine\/#primaryimage\",\"url\":\"https:\/\/rollingringdrives.com\/wp-content\/uploads\/2025\/07\/bfd00e16a45711cfd33c46bac25a2b00_\u526f\u672c.jpg\",\"contentUrl\":\"https:\/\/rollingringdrives.com\/wp-content\/uploads\/2025\/07\/bfd00e16a45711cfd33c46bac25a2b00_\u526f\u672c.jpg\",\"width\":800,\"height\":800,\"caption\":\"Door-shaped take up machine\"},{\"@type\":\"BreadcrumbList\",\"@id\":\"https:\/\/rollingringdrives.com\/product\/portal-type-cantilever-electric-rewinding-machine\/#breadcrumb\",\"itemListElement\":[{\"@type\":\"ListItem\",\"position\":1,\"name\":\"Home\",\"item\":\"https:\/\/rollingringdrives.com\/\"},{\"@type\":\"ListItem\",\"position\":2,\"name\":\"Machines\",\"item\":\"https:\/\/rollingringdrives.com\/machines\/\"},{\"@type\":\"ListItem\",\"position\":3,\"name\":\"Portal-type cantilever Electric rewinding machine\"}]},{\"@type\":\"WebSite\",\"@id\":\"https:\/\/rollingringdrives.com\/#website\",\"url\":\"https:\/\/rollingringdrives.com\/\",\"name\":\"QiPang\",\"description\":\"QiPang Blog\",\"publisher\":{\"@id\":\"https:\/\/rollingringdrives.com\/#organization\"},\"potentialAction\":[{\"@type\":\"SearchAction\",\"target\":{\"@type\":\"EntryPoint\",\"urlTemplate\":\"https:\/\/rollingringdrives.com\/?s={search_term_string}\"},\"query-input\":{\"@type\":\"PropertyValueSpecification\",\"valueRequired\":true,\"valueName\":\"search_term_string\"}}],\"inLanguage\":\"de\"},{\"@type\":\"Organization\",\"@id\":\"https:\/\/rollingringdrives.com\/#organization\",\"name\":\"QiPang\",\"url\":\"https:\/\/rollingringdrives.com\/\",\"logo\":{\"@type\":\"ImageObject\",\"inLanguage\":\"de\",\"@id\":\"https:\/\/rollingringdrives.com\/#\/schema\/logo\/image\/\",\"url\":\"https:\/\/rollingringdrives.com\/wp-content\/uploads\/2023\/05\/cropped-\u672a\u547d\u540d\u7684\u8bbe\u8ba1.png\",\"contentUrl\":\"https:\/\/rollingringdrives.com\/wp-content\/uploads\/2023\/05\/cropped-\u672a\u547d\u540d\u7684\u8bbe\u8ba1.png\",\"width\":300,\"height\":191,\"caption\":\"QiPang\"},\"image\":{\"@id\":\"https:\/\/rollingringdrives.com\/#\/schema\/logo\/image\/\"}}]}<\/script>\n<!-- \/ Yoast SEO Premium plugin. -->","yoast_head_json":{"title":"Portal-Cantilever-Elektro-Umspulmaschine - QiPang","robots":{"index":"index","follow":"follow","max-snippet":"max-snippet:-1","max-image-preview":"max-image-preview:large","max-video-preview":"max-video-preview:-1"},"canonical":"https:\/\/rollingringdrives.com\/de\/produkt\/portal-type-cantilever-electric-rewinding-machine\/","og_locale":"de_DE","og_type":"article","og_title":"Portal-type cantilever Electric rewinding machine","og_description":"Feature  1.Precise control of take-up tension 2.Accurate and reliable wire arrangement 3.Adjustable and matching take-up speed 4.Sturdy structure, large capacity 5.Easy operation, high degree of automation 6.Strong adaptability","og_url":"https:\/\/rollingringdrives.com\/de\/produkt\/portal-type-cantilever-electric-rewinding-machine\/","og_site_name":"QiPang","article_modified_time":"2025-07-19T09:16:27+00:00","og_image":[{"width":800,"height":800,"url":"https:\/\/rollingringdrives.com\/wp-content\/uploads\/2025\/07\/bfd00e16a45711cfd33c46bac25a2b00_\u526f\u672c.jpg","type":"image\/jpeg"}],"twitter_card":"summary_large_image","twitter_misc":{"Gesch\u00e4tzte Lesezeit":"2\u00a0Minuten"},"schema":{"@context":"https:\/\/schema.org","@graph":[{"@type":"WebPage","@id":"https:\/\/rollingringdrives.com\/product\/portal-type-cantilever-electric-rewinding-machine\/","url":"https:\/\/rollingringdrives.com\/product\/portal-type-cantilever-electric-rewinding-machine\/","name":"Portal-Cantilever-Elektro-Umspulmaschine - QiPang","isPartOf":{"@id":"https:\/\/rollingringdrives.com\/#website"},"primaryImageOfPage":{"@id":"https:\/\/rollingringdrives.com\/product\/portal-type-cantilever-electric-rewinding-machine\/#primaryimage"},"image":{"@id":"https:\/\/rollingringdrives.com\/product\/portal-type-cantilever-electric-rewinding-machine\/#primaryimage"},"thumbnailUrl":"https:\/\/rollingringdrives.com\/wp-content\/uploads\/2025\/07\/bfd00e16a45711cfd33c46bac25a2b00_\u526f\u672c.jpg","datePublished":"2025-07-19T09:06:43+00:00","dateModified":"2025-07-19T09:16:27+00:00","breadcrumb":{"@id":"https:\/\/rollingringdrives.com\/product\/portal-type-cantilever-electric-rewinding-machine\/#breadcrumb"},"inLanguage":"de","potentialAction":[{"@type":"ReadAction","target":["https:\/\/rollingringdrives.com\/product\/portal-type-cantilever-electric-rewinding-machine\/"]}]},{"@type":"ImageObject","inLanguage":"de","@id":"https:\/\/rollingringdrives.com\/product\/portal-type-cantilever-electric-rewinding-machine\/#primaryimage","url":"https:\/\/rollingringdrives.com\/wp-content\/uploads\/2025\/07\/bfd00e16a45711cfd33c46bac25a2b00_\u526f\u672c.jpg","contentUrl":"https:\/\/rollingringdrives.com\/wp-content\/uploads\/2025\/07\/bfd00e16a45711cfd33c46bac25a2b00_\u526f\u672c.jpg","width":800,"height":800,"caption":"Door-shaped take up machine"},{"@type":"BreadcrumbList","@id":"https:\/\/rollingringdrives.com\/product\/portal-type-cantilever-electric-rewinding-machine\/#breadcrumb","itemListElement":[{"@type":"ListItem","position":1,"name":"Home","item":"https:\/\/rollingringdrives.com\/"},{"@type":"ListItem","position":2,"name":"Machines","item":"https:\/\/rollingringdrives.com\/machines\/"},{"@type":"ListItem","position":3,"name":"Portal-type cantilever Electric rewinding machine"}]},{"@type":"WebSite","@id":"https:\/\/rollingringdrives.com\/#website","url":"https:\/\/rollingringdrives.com\/","name":"QiPang","description":"QiPang-Blog","publisher":{"@id":"https:\/\/rollingringdrives.com\/#organization"},"potentialAction":[{"@type":"SearchAction","target":{"@type":"EntryPoint","urlTemplate":"https:\/\/rollingringdrives.com\/?s={search_term_string}"},"query-input":{"@type":"PropertyValueSpecification","valueRequired":true,"valueName":"search_term_string"}}],"inLanguage":"de"},{"@type":"Organization","@id":"https:\/\/rollingringdrives.com\/#organization","name":"QiPang","url":"https:\/\/rollingringdrives.com\/","logo":{"@type":"ImageObject","inLanguage":"de","@id":"https:\/\/rollingringdrives.com\/#\/schema\/logo\/image\/","url":"https:\/\/rollingringdrives.com\/wp-content\/uploads\/2023\/05\/cropped-\u672a\u547d\u540d\u7684\u8bbe\u8ba1.png","contentUrl":"https:\/\/rollingringdrives.com\/wp-content\/uploads\/2023\/05\/cropped-\u672a\u547d\u540d\u7684\u8bbe\u8ba1.png","width":300,"height":191,"caption":"QiPang"},"image":{"@id":"https:\/\/rollingringdrives.com\/#\/schema\/logo\/image\/"}}]}},"_links":{"self":[{"href":"https:\/\/rollingringdrives.com\/de\/wp-json\/wp\/v2\/product\/32394","targetHints":{"allow":["GET"]}}],"collection":[{"href":"https:\/\/rollingringdrives.com\/de\/wp-json\/wp\/v2\/product"}],"about":[{"href":"https:\/\/rollingringdrives.com\/de\/wp-json\/wp\/v2\/types\/product"}],"version-history":[{"count":0,"href":"https:\/\/rollingringdrives.com\/de\/wp-json\/wp\/v2\/product\/32394\/revisions"}],"wp:featuredmedia":[{"embeddable":true,"href":"https:\/\/rollingringdrives.com\/de\/wp-json\/wp\/v2\/media\/32396"}],"wp:attachment":[{"href":"https:\/\/rollingringdrives.com\/de\/wp-json\/wp\/v2\/media?parent=32394"}],"wp:term":[{"taxonomy":"product_brand","embeddable":true,"href":"https:\/\/rollingringdrives.com\/de\/wp-json\/wp\/v2\/product_brand?post=32394"},{"taxonomy":"product_cat","embeddable":true,"href":"https:\/\/rollingringdrives.com\/de\/wp-json\/wp\/v2\/product_cat?post=32394"},{"taxonomy":"product_tag","embeddable":true,"href":"https:\/\/rollingringdrives.com\/de\/wp-json\/wp\/v2\/product_tag?post=32394"}],"curies":[{"name":"wp","href":"https:\/\/api.w.org\/{rel}","templated":true}]}}