{"id":32515,"date":"2025-09-15T11:14:24","date_gmt":"2025-09-15T11:14:24","guid":{"rendered":"https:\/\/rollingringdrives.com\/?post_type=product&#038;p=32515"},"modified":"2025-09-20T07:13:06","modified_gmt":"2025-09-20T07:13:06","slug":"single-axis-high-speed-laser-diameter-gauge","status":"publish","type":"product","link":"https:\/\/rollingringdrives.com\/de\/produkt\/single-axis-high-speed-laser-diameter-gauge\/","title":{"rendered":"Einachsiges Hochgeschwindigkeits-Laser-Durchmessermessger\u00e4t"},"content":{"rendered":"<p>Die Hauptproduktlinie von Shanghai Qipang umfasst: Hochgeschwindigkeits-Laser-Durchmessermessger\u00e4t, Hochpr\u00e4zisions-Laser-Durchmessermessger\u00e4t, ber\u00fchrungsloses Gro\u00dfanzeige-Durchmessermessger\u00e4t, SparkMachine, Meterz\u00e4hler, Pulverdurchlaufmaschine, Vorw\u00e4rmmaschine und ein umfassendes Angebot an zugeh\u00f6rigen Kabelherstellungsanlagen, die f\u00fcr die unterschiedlichsten Produktionsanforderungen entwickelt wurden. Geeignet f\u00fcr runde Dr\u00e4hte, flache runde Dr\u00e4hte, elektronische Dr\u00e4hte, Stromkabel, geflochtene Dr\u00e4hte, Seile, Luft- und Raumfahrtdr\u00e4hte, Stahldrahtseile, transparente Schl\u00e4uche, medizinische Schl\u00e4uche, Gummischl\u00e4uche, Extruder, Ziehmaschinen und eine Reihe von verwandten Kabelerkennungsger\u00e4ten.<\/p>\n<p>Besonderheit<\/p>\n<p><span style=\"font-size: 16px;\">1. ber\u00fchrungslos optisch<\/span><\/p>\n<p><span style=\"font-size: 16px;\">2. mehrwinklige Anzeige auf dem Bedienfeld der Messung<\/span><\/p>\n<div>\n<p>3. langlebige Laser- oder LED-Lichtquelle<\/p>\n<p>4. fortschrittliche DSP-Verarbeitungstechnologie<\/p>\n<p>5. ausgezeichnete Staub- und Schmutzbarriere mit lP65,<\/p>\n<p>6.NEM A4S232\/485 Kommunikationsschnittstelle,<\/p>\n<p>7. vollautomatische Closed-Loop-Control-Technologie automatische Feedback-Kontrolle Drahtdurchmesser Messung Unabh\u00e4ngig von Geschwindigkeit und Vibration, Drahtdurchmesser \u00fcber die Differenz der automatischen Alarm<\/p>\n<p><strong>8. 1400 Mal\/Sekunde Abtastgeschwindigkeit<\/strong><\/p>\n<div id=\"footable_parent_32516\"\n         class=\"footable_parent ninja_table_wrapper loading_ninja_table wp_table_data_press_parent semantic_ui\">\n                <table data-ninja_table_instance=\"ninja_table_instance_0\" data-footable_id=\"32516\" data-filter-delay=\"1000\" aria-label=\"Laserdurchmesser-Messger\u00e4t\u5b98\u7f51.csv\"            id=\"footable_32516\"\n           data-unique_identifier=\"ninja_table_unique_id_1943181417_32516\"\n           class=\"foo-table ninja_footable foo_table_32516 ninja_table_unique_id_1943181417_32516 ui table  ninja_search_right nt_type_legacy_table selectable celled striped vertical_centered  footable-paging-right ninja_table_pro\">\n                <colgroup>\n                            <col class=\"ninja_column_0\">\n                            <col class=\"ninja_column_1\">\n                            <col class=\"ninja_column_2\">\n                            <col class=\"ninja_column_3\">\n                            <col class=\"ninja_column_4\">\n                            <col class=\"ninja_column_5\">\n                            <col class=\"ninja_column_6\">\n                            <col class=\"ninja_column_7\">\n                    <\/colgroup>\n        <thead>\n<tr class=\"footable-header\">\n                                                                                                                                        <th scope=\"col\"  class=\"ninja_column_0 ninja_clmn_nm_model\">Modell<\/th><th scope=\"col\"  class=\"ninja_column_1 ninja_clmn_nm_3x\">3X<\/th><th scope=\"col\"  class=\"ninja_column_2 ninja_clmn_nm_25x\">25X<\/th><th scope=\"col\"  class=\"ninja_column_3 ninja_clmn_nm_5x\">50X<\/th><th scope=\"col\"  class=\"ninja_column_4 ninja_clmn_nm_7x\">70X<\/th><th scope=\"col\"  class=\"ninja_column_5 ninja_clmn_nm_12x\">120X<\/th><th scope=\"col\"  class=\"ninja_column_6 ninja_clmn_nm_17x\">170X<\/th><th scope=\"col\"  class=\"ninja_column_7 ninja_clmn_nm_ninja_column_8\"><\/th><\/tr>\n<\/thead>\n<tbody>\n\n        <tr data-row_id=\"1818\" class=\"ninja_table_row_0 nt_row_id_1818\">\n            <td>Nummer der Messachse<\/td><td>Einzelachse<\/td><td>einzelne Aixen<\/td><td>einzelne Aixen<\/td><td>einzelne Aixen<\/td><td>einzelne Aixen <\/td><td>einzelne Aixen<\/td><td><\/td>        <\/tr>\n            <tr data-row_id=\"1819\" class=\"ninja_table_row_1 nt_row_id_1819\">\n            <td>Messbereich<\/td><td>0,05-3mm 0,002\"-1\/8\"<\/td><td>0.1mm-25mm\u30011\/256\"-63\/64\"<\/td><td>1-50mm, 1\/25\"-1 31\/32\"<\/td><td>1-70mm, 1\/25\"-23\/4\"<\/td><td>1-120mm 1\/25\"-23\/32\"<\/td><td>1-170mm<\/td><td><\/td>        <\/tr>\n            <tr data-row_id=\"1820\" class=\"ninja_table_row_2 nt_row_id_1820\">\n            <td>Messgenauigkeit<\/td><td>\u00b11\u03bcm\u00b10,008%xXZ(Xz:Nenndurchmesser)<\/td><td>\u00b11\u03bcm\u00b10,008%xXZ(Xz:Nenndurchmesser)<\/td><td>+1,5\u03bcm\u00b10,008%xXZ(Xz:Nenndurchmesser)<\/td><td>+10\u03bcm\u00b10,008%xXZ(Xz:Nenndurchmesser)<\/td><td>+10\u03bcm\u00b10,008%xXZ(Xz:Nenndurchmesser)<\/td><td>+10\u03bcm\u00b10,008%xXZ(Xz:Nenndurchmesser)<\/td><td><\/td>        <\/tr>\n            <tr data-row_id=\"1821\" class=\"ninja_table_row_3 nt_row_id_1821\">\n            <td>Abtastgeschwindigkeit des Durchmessermessger\u00e4ts<\/td><td>1400 Mal\/Sekunde<\/td><td>1400 Mal\/Sekunde<\/td><td>1400 Mal\/Sekunde<\/td><td>1400 Mal\/Sekunde<\/td><td>1400 Mal\/Sekunde<\/td><td>1400 Mal\/Sekunde<\/td><td><\/td>        <\/tr>\n            <tr data-row_id=\"1822\" class=\"ninja_table_row_4 nt_row_id_1822\">\n            <td>Aufl\u00f6sung<\/td><td>0,001 mm<\/td><td>0,001 mm<\/td><td>0,001 mm<\/td><td>0,001 mm<\/td><td>0,001 mm<\/td><td>0,001 mm<\/td><td><\/td>        <\/tr>\n            <tr data-row_id=\"1823\" class=\"ninja_table_row_5 nt_row_id_1823\">\n            <td>Versorgungsspannung<\/td><td>AC220V+10% 50HZ<\/td><td>AC220V+10% 50HZ<\/td><td>AC220V+10% 50HZ<\/td><td>AC220V+10% 50HZ<\/td><td>AC220V+10% 50HZ<\/td><td>AC220V+10% 50HZ<\/td><td><\/td>        <\/tr>\n            <tr data-row_id=\"1824\" class=\"ninja_table_row_6 nt_row_id_1824\">\n            <td>Umgebungstemperatur<\/td><td>-5~40\u2103\u2103<\/td><td>-5~40\u2103\u2103<\/td><td>-5~40\u2103\u2103<\/td><td>-5~40\u2103\u2103<\/td><td>-5~40\u2103\u2103<\/td><td>-5~40\u2103\u2103<\/td><td><\/td>        <\/tr>\n            <tr data-row_id=\"1825\" class=\"ninja_table_row_7 nt_row_id_1825\">\n            <td>Kommunikationsschnittstelle<\/td><td>RS485(Modbus RTU)\u3001Optionaler Netzwerkanschluss: Modbus TCP\/Profinet)<\/td><td>RS485(Modbus RTU)\u3001Optionaler Netzwerkanschluss: Modbus TCP\/Profinet)<\/td><td>RS485(Modbus RTU)\u3001Optionaler Netzwerkanschluss: Modbus TCP\/Profinet)<\/td><td>RS485(Modbus RTU)\u3001Optionaler Netzwerkanschluss: Modbus TCP\/Profinet)<\/td><td>RS485(Modbus RTU)\u3001Optionaler Netzwerkanschluss: Modbus TCP\/Profinet)<\/td><td>RS485(Modbus RTU)\u3001Optionaler Netzwerkanschluss: Modbus TCP\/Profinet)<\/td><td><\/td>        <\/tr>\n            <tr data-row_id=\"1826\" class=\"ninja_table_row_8 nt_row_id_1826\">\n            <td>Optionales Zubeh\u00f6r<\/td><td>Halterung, serielle Leitung, Fernsteuerung, Fernanzeige<\/td><td>Halterung, serielle Leitung, Fernsteuerung, Fernanzeige<\/td><td>Halterung, serielle Leitung, Fernsteuerung, Fernanzeige<\/td><td>Halterung, serielle Leitung, Fernsteuerung, Fernanzeige<\/td><td>Halterung, serielle Leitung, Fernsteuerung, Fernanzeige<\/td><td>Halterung, serielle Leitung, Fernsteuerung, Fernanzeige<\/td><td><\/td>        <\/tr>\n            <tr data-row_id=\"1827\" class=\"ninja_table_row_9 nt_row_id_1827\">\n            <td>Energieverbrauch<\/td><td>Halterung, serielle Leitung, Fernsteuerung, Fernanzeige<\/td><td>\u226412W<\/td><td>\u226412W<\/td><td>\u226412W<\/td><td>\u226412W<\/td><td>\u226412W<\/td><td><\/td>        <\/tr>\n            <tr data-row_id=\"1828\" class=\"ninja_table_row_10 nt_row_id_1828\">\n            <td>Gewicht<\/td><td>1kg<\/td><td>4kg<\/td><td>5,6 kg<\/td><td>9KG<\/td><td>14kg<\/td><td>17kg<\/td><td><\/td>        <\/tr>\n    <\/tbody><!--ninja_tobody_rendering_done-->\n    <\/table>\n    \n    \n    \n<\/div>\n\n<p><strong>Laserdurchmesser Anwendbare Objekte und Anwendungen<\/strong><br \/>\n1. Zylindrische Objekte<br \/>\nWie z. B. Wellen, Rohre, Kabel und optische Fasern. Geeignet f\u00fcr eine Vielzahl von Materialien, einschlie\u00dflich Metallen und Kunststoffen, f\u00fcr hochpr\u00e4zise Durchmesser- und Formmessungen.<br \/>\n2. Drahtf\u00f6rmige Objekte<br \/>\nMetalldr\u00e4hte, optische Fasern und d\u00fcnne Dr\u00e4hte werden in der Draht- und Kabelindustrie sowie in der Glasfaserkommunikation eingesetzt.<br \/>\n3. Transparente und transluzente Objekte<br \/>\nKann transparente Materialien wie Glasrohre und transparente Kunststoffrohre messen, was f\u00fcr die Qualit\u00e4tskontrolle von Verpackungen und Rohrleitungen in der chemischen und pharmazeutischen Industrie entscheidend ist.<br \/>\n4. Rollende oder rotierende Objekte<br \/>\nUnterst\u00fctzt dynamische Messungen, z. B. an Walzwellen und rotierenden Stahlrohren in Produktionslinien, und erm\u00f6glicht so Echtzeit\u00fcberwachung und Qualit\u00e4tskontrolle.<br \/>\n5. Hochtemperatur-Objekte<br \/>\nUnterst\u00fctzt Messungen in Hochtemperaturumgebungen, wie z. B. bei warmgewalztem Stahl und Hochtemperaturmaterialien, die bei der Glasherstellung verwendet werden. Geeignet f\u00fcr industrielle Hochtemperaturanwendungen wie Metallurgie und Glasherstellung.<br \/>\n6. Flexible und leicht verformbare Objekte<br \/>\nWie z. B. Gummirohre und Kunststoffschl\u00e4uche. Durch die ber\u00fchrungslose Messung wird mechanischer Druck oder Verformung vermieden und die Messgenauigkeit gew\u00e4hrleistet.<\/p>\n<\/div>","protected":false},"excerpt":{"rendered":"<p>Das Laser-Durchmessermessger\u00e4t ist ein professionelles, ber\u00fchrungsloses, dynamisches Durchmessermessger\u00e4t, das f\u00fcr die Messung des Durchmessers von Glasfaserkabeln, Dr\u00e4hten und Kabeln, Glasrohren, Kunststoffrohren, Lagern und anderen runden Werkst\u00fccken geeignet ist. Das Ger\u00e4t misst und zeigt nicht nur den Durchmesserwert und den Abweichungswert an, sondern kann auch automatisch den Durchmesser entsprechend den Anforderungen des Benutzers steuern, um die Konsistenz des Drahtdurchmessers zu erhalten.<\/p>","protected":false},"featured_media":32517,"template":"","meta":{"site-sidebar-layout":"default","site-content-layout":"default","ast-global-header-display":"","ast-banner-title-visibility":"","ast-main-header-display":"","ast-hfb-above-header-display":"","ast-hfb-below-header-display":"","ast-hfb-mobile-header-display":"","site-post-title":"","ast-breadcrumbs-content":"","ast-featured-img":"","footer-sml-layout":"","theme-transparent-header-meta":"default","adv-header-id-meta":"","stick-header-meta":"","header-above-stick-meta":"","header-main-stick-meta":"","header-below-stick-meta":""},"product_brand":[],"product_cat":[148,141],"product_tag":[],"class_list":{"0":"post-32515","1":"product","2":"type-product","3":"status-publish","4":"has-post-thumbnail","6":"product_cat-laser-measurement","7":"product_cat-single-axis-laser-diameter-gauge","8":"desktop-align-left","9":"tablet-align-left","10":"mobile-align-left","12":"first","13":"instock","14":"shipping-taxable","15":"product-type-simple"},"yoast_head":"<!-- This site is optimized with the Yoast SEO Premium plugin v20.12 (Yoast SEO v26.0) - https:\/\/yoast.com\/wordpress\/plugins\/seo\/ -->\n<title>single axis high speed Laser Diameter Gauge - QiPang<\/title>\n<meta name=\"robots\" content=\"index, follow, max-snippet:-1, max-image-preview:large, max-video-preview:-1\" \/>\n<link rel=\"canonical\" href=\"https:\/\/rollingringdrives.com\/de\/produkt\/single-axis-high-speed-laser-diameter-gauge\/\" \/>\n<meta property=\"og:locale\" content=\"de_DE\" \/>\n<meta property=\"og:type\" content=\"article\" \/>\n<meta property=\"og:title\" content=\"single axis high speed Laser Diameter Gauge\" \/>\n<meta property=\"og:description\" content=\"Laser Diameter Gauges is a professional non-contact dynamic diameter measurement instrument suitable for measuring the diameter of fiber optic cables, wire and cable, glass tubes, plastic tubes, bearings, and other round workpieces online. The device not only measures and displays the diameter value and deviation value but also can automatically control the diameter according to the user\u2019s requirements to maintain the consistency of the wire diameter.\" \/>\n<meta property=\"og:url\" content=\"https:\/\/rollingringdrives.com\/de\/produkt\/single-axis-high-speed-laser-diameter-gauge\/\" \/>\n<meta property=\"og:site_name\" content=\"QiPang\" \/>\n<meta property=\"article:modified_time\" content=\"2025-09-20T07:13:06+00:00\" \/>\n<meta property=\"og:image\" content=\"https:\/\/rollingringdrives.com\/wp-content\/uploads\/2025\/09\/3D-filament-diameter-gauge-2.jpg\" \/>\n\t<meta property=\"og:image:width\" content=\"800\" \/>\n\t<meta property=\"og:image:height\" content=\"800\" \/>\n\t<meta property=\"og:image:type\" content=\"image\/jpeg\" \/>\n<meta name=\"twitter:card\" content=\"summary_large_image\" \/>\n<meta name=\"twitter:label1\" content=\"Gesch\u00e4tzte Lesezeit\" \/>\n\t<meta name=\"twitter:data1\" content=\"2\u00a0Minuten\" \/>\n<script type=\"application\/ld+json\" class=\"yoast-schema-graph\">{\"@context\":\"https:\/\/schema.org\",\"@graph\":[{\"@type\":\"WebPage\",\"@id\":\"https:\/\/rollingringdrives.com\/product\/single-axis-high-speed-laser-diameter-gauge\/\",\"url\":\"https:\/\/rollingringdrives.com\/product\/single-axis-high-speed-laser-diameter-gauge\/\",\"name\":\"single axis high speed Laser Diameter Gauge - QiPang\",\"isPartOf\":{\"@id\":\"https:\/\/rollingringdrives.com\/#website\"},\"primaryImageOfPage\":{\"@id\":\"https:\/\/rollingringdrives.com\/product\/single-axis-high-speed-laser-diameter-gauge\/#primaryimage\"},\"image\":{\"@id\":\"https:\/\/rollingringdrives.com\/product\/single-axis-high-speed-laser-diameter-gauge\/#primaryimage\"},\"thumbnailUrl\":\"https:\/\/rollingringdrives.com\/wp-content\/uploads\/2025\/09\/3D-filament-diameter-gauge-2.jpg\",\"datePublished\":\"2025-09-15T11:14:24+00:00\",\"dateModified\":\"2025-09-20T07:13:06+00:00\",\"breadcrumb\":{\"@id\":\"https:\/\/rollingringdrives.com\/product\/single-axis-high-speed-laser-diameter-gauge\/#breadcrumb\"},\"inLanguage\":\"de\",\"potentialAction\":[{\"@type\":\"ReadAction\",\"target\":[\"https:\/\/rollingringdrives.com\/product\/single-axis-high-speed-laser-diameter-gauge\/\"]}]},{\"@type\":\"ImageObject\",\"inLanguage\":\"de\",\"@id\":\"https:\/\/rollingringdrives.com\/product\/single-axis-high-speed-laser-diameter-gauge\/#primaryimage\",\"url\":\"https:\/\/rollingringdrives.com\/wp-content\/uploads\/2025\/09\/3D-filament-diameter-gauge-2.jpg\",\"contentUrl\":\"https:\/\/rollingringdrives.com\/wp-content\/uploads\/2025\/09\/3D-filament-diameter-gauge-2.jpg\",\"width\":800,\"height\":800,\"caption\":\"3D filament diameter gauge (2)\"},{\"@type\":\"BreadcrumbList\",\"@id\":\"https:\/\/rollingringdrives.com\/product\/single-axis-high-speed-laser-diameter-gauge\/#breadcrumb\",\"itemListElement\":[{\"@type\":\"ListItem\",\"position\":1,\"name\":\"Home\",\"item\":\"https:\/\/rollingringdrives.com\/\"},{\"@type\":\"ListItem\",\"position\":2,\"name\":\"Machines\",\"item\":\"https:\/\/rollingringdrives.com\/machines\/\"},{\"@type\":\"ListItem\",\"position\":3,\"name\":\"single axis high speed Laser Diameter Gauge\"}]},{\"@type\":\"WebSite\",\"@id\":\"https:\/\/rollingringdrives.com\/#website\",\"url\":\"https:\/\/rollingringdrives.com\/\",\"name\":\"QiPang\",\"description\":\"QiPang Blog\",\"publisher\":{\"@id\":\"https:\/\/rollingringdrives.com\/#organization\"},\"potentialAction\":[{\"@type\":\"SearchAction\",\"target\":{\"@type\":\"EntryPoint\",\"urlTemplate\":\"https:\/\/rollingringdrives.com\/?s={search_term_string}\"},\"query-input\":{\"@type\":\"PropertyValueSpecification\",\"valueRequired\":true,\"valueName\":\"search_term_string\"}}],\"inLanguage\":\"de\"},{\"@type\":\"Organization\",\"@id\":\"https:\/\/rollingringdrives.com\/#organization\",\"name\":\"QiPang\",\"url\":\"https:\/\/rollingringdrives.com\/\",\"logo\":{\"@type\":\"ImageObject\",\"inLanguage\":\"de\",\"@id\":\"https:\/\/rollingringdrives.com\/#\/schema\/logo\/image\/\",\"url\":\"https:\/\/rollingringdrives.com\/wp-content\/uploads\/2023\/05\/cropped-\u672a\u547d\u540d\u7684\u8bbe\u8ba1.png\",\"contentUrl\":\"https:\/\/rollingringdrives.com\/wp-content\/uploads\/2023\/05\/cropped-\u672a\u547d\u540d\u7684\u8bbe\u8ba1.png\",\"width\":300,\"height\":191,\"caption\":\"QiPang\"},\"image\":{\"@id\":\"https:\/\/rollingringdrives.com\/#\/schema\/logo\/image\/\"}}]}<\/script>\n<!-- \/ Yoast SEO Premium plugin. -->","yoast_head_json":{"title":"Einachsiges Hochgeschwindigkeits-Laser-Durchmessermessger\u00e4t - QiPang","robots":{"index":"index","follow":"follow","max-snippet":"max-snippet:-1","max-image-preview":"max-image-preview:large","max-video-preview":"max-video-preview:-1"},"canonical":"https:\/\/rollingringdrives.com\/de\/produkt\/single-axis-high-speed-laser-diameter-gauge\/","og_locale":"de_DE","og_type":"article","og_title":"single axis high speed Laser Diameter Gauge","og_description":"Laser Diameter Gauges is a professional non-contact dynamic diameter measurement instrument suitable for measuring the diameter of fiber optic cables, wire and cable, glass tubes, plastic tubes, bearings, and other round workpieces online. The device not only measures and displays the diameter value and deviation value but also can automatically control the diameter according to the user\u2019s requirements to maintain the consistency of the wire diameter.","og_url":"https:\/\/rollingringdrives.com\/de\/produkt\/single-axis-high-speed-laser-diameter-gauge\/","og_site_name":"QiPang","article_modified_time":"2025-09-20T07:13:06+00:00","og_image":[{"width":800,"height":800,"url":"https:\/\/rollingringdrives.com\/wp-content\/uploads\/2025\/09\/3D-filament-diameter-gauge-2.jpg","type":"image\/jpeg"}],"twitter_card":"summary_large_image","twitter_misc":{"Gesch\u00e4tzte Lesezeit":"2\u00a0Minuten"},"schema":{"@context":"https:\/\/schema.org","@graph":[{"@type":"WebPage","@id":"https:\/\/rollingringdrives.com\/product\/single-axis-high-speed-laser-diameter-gauge\/","url":"https:\/\/rollingringdrives.com\/product\/single-axis-high-speed-laser-diameter-gauge\/","name":"Einachsiges Hochgeschwindigkeits-Laser-Durchmessermessger\u00e4t - QiPang","isPartOf":{"@id":"https:\/\/rollingringdrives.com\/#website"},"primaryImageOfPage":{"@id":"https:\/\/rollingringdrives.com\/product\/single-axis-high-speed-laser-diameter-gauge\/#primaryimage"},"image":{"@id":"https:\/\/rollingringdrives.com\/product\/single-axis-high-speed-laser-diameter-gauge\/#primaryimage"},"thumbnailUrl":"https:\/\/rollingringdrives.com\/wp-content\/uploads\/2025\/09\/3D-filament-diameter-gauge-2.jpg","datePublished":"2025-09-15T11:14:24+00:00","dateModified":"2025-09-20T07:13:06+00:00","breadcrumb":{"@id":"https:\/\/rollingringdrives.com\/product\/single-axis-high-speed-laser-diameter-gauge\/#breadcrumb"},"inLanguage":"de","potentialAction":[{"@type":"ReadAction","target":["https:\/\/rollingringdrives.com\/product\/single-axis-high-speed-laser-diameter-gauge\/"]}]},{"@type":"ImageObject","inLanguage":"de","@id":"https:\/\/rollingringdrives.com\/product\/single-axis-high-speed-laser-diameter-gauge\/#primaryimage","url":"https:\/\/rollingringdrives.com\/wp-content\/uploads\/2025\/09\/3D-filament-diameter-gauge-2.jpg","contentUrl":"https:\/\/rollingringdrives.com\/wp-content\/uploads\/2025\/09\/3D-filament-diameter-gauge-2.jpg","width":800,"height":800,"caption":"3D filament diameter gauge (2)"},{"@type":"BreadcrumbList","@id":"https:\/\/rollingringdrives.com\/product\/single-axis-high-speed-laser-diameter-gauge\/#breadcrumb","itemListElement":[{"@type":"ListItem","position":1,"name":"Home","item":"https:\/\/rollingringdrives.com\/"},{"@type":"ListItem","position":2,"name":"Machines","item":"https:\/\/rollingringdrives.com\/machines\/"},{"@type":"ListItem","position":3,"name":"single axis high speed Laser Diameter Gauge"}]},{"@type":"WebSite","@id":"https:\/\/rollingringdrives.com\/#website","url":"https:\/\/rollingringdrives.com\/","name":"QiPang","description":"QiPang-Blog","publisher":{"@id":"https:\/\/rollingringdrives.com\/#organization"},"potentialAction":[{"@type":"SearchAction","target":{"@type":"EntryPoint","urlTemplate":"https:\/\/rollingringdrives.com\/?s={search_term_string}"},"query-input":{"@type":"PropertyValueSpecification","valueRequired":true,"valueName":"search_term_string"}}],"inLanguage":"de"},{"@type":"Organization","@id":"https:\/\/rollingringdrives.com\/#organization","name":"QiPang","url":"https:\/\/rollingringdrives.com\/","logo":{"@type":"ImageObject","inLanguage":"de","@id":"https:\/\/rollingringdrives.com\/#\/schema\/logo\/image\/","url":"https:\/\/rollingringdrives.com\/wp-content\/uploads\/2023\/05\/cropped-\u672a\u547d\u540d\u7684\u8bbe\u8ba1.png","contentUrl":"https:\/\/rollingringdrives.com\/wp-content\/uploads\/2023\/05\/cropped-\u672a\u547d\u540d\u7684\u8bbe\u8ba1.png","width":300,"height":191,"caption":"QiPang"},"image":{"@id":"https:\/\/rollingringdrives.com\/#\/schema\/logo\/image\/"}}]}},"_links":{"self":[{"href":"https:\/\/rollingringdrives.com\/de\/wp-json\/wp\/v2\/product\/32515","targetHints":{"allow":["GET"]}}],"collection":[{"href":"https:\/\/rollingringdrives.com\/de\/wp-json\/wp\/v2\/product"}],"about":[{"href":"https:\/\/rollingringdrives.com\/de\/wp-json\/wp\/v2\/types\/product"}],"version-history":[{"count":0,"href":"https:\/\/rollingringdrives.com\/de\/wp-json\/wp\/v2\/product\/32515\/revisions"}],"wp:featuredmedia":[{"embeddable":true,"href":"https:\/\/rollingringdrives.com\/de\/wp-json\/wp\/v2\/media\/32517"}],"wp:attachment":[{"href":"https:\/\/rollingringdrives.com\/de\/wp-json\/wp\/v2\/media?parent=32515"}],"wp:term":[{"taxonomy":"product_brand","embeddable":true,"href":"https:\/\/rollingringdrives.com\/de\/wp-json\/wp\/v2\/product_brand?post=32515"},{"taxonomy":"product_cat","embeddable":true,"href":"https:\/\/rollingringdrives.com\/de\/wp-json\/wp\/v2\/product_cat?post=32515"},{"taxonomy":"product_tag","embeddable":true,"href":"https:\/\/rollingringdrives.com\/de\/wp-json\/wp\/v2\/product_tag?post=32515"}],"curies":[{"name":"wp","href":"https:\/\/api.w.org\/{rel}","templated":true}]}}